{"id":625,"date":"2025-04-04T16:10:49","date_gmt":"2025-04-04T14:10:49","guid":{"rendered":"https:\/\/nfcjuices.com\/produkt\/sok-100-tloczony-wisnia-dna-moczanowa-sport-3l\/"},"modified":"2026-04-17T15:04:38","modified_gmt":"2026-04-17T13:04:38","slug":"100-pressad-korsbarsjuice-for-gikt-sport-3l","status":"publish","type":"product","link":"https:\/\/nfcjuices.com\/sv\/produkt\/sok-100-tloczony-wisnia-dna-moczanowa-sport-3l\/","title":{"rendered":"Juice 100% pressad k\u00f6rsb\u00e4rs-gikt sport 3L"},"content":{"rendered":"<h4><img fetchpriority=\"high\" decoding=\"async\" class=\"size-large wp-image-2490 aligncenter\" src=\"https:\/\/naszatlocznia.pl\/wp-content\/uploads\/2022\/04\/baner-Allegro-nowy-03.2022-1-1024x436.png\" alt=\"\" width=\"980\" height=\"417\" \/><\/h4>\n<p>\u00a0<\/p>\n<h4 style=\"text-align: center\">H\u00e4lsa fr\u00e5n hj\u00e4rtat av polsk fruktodling \u2013 det \u00e4r juicerna fr\u00e5n Nasza T\u0142ocznia.<\/h4>\n<h4 style=\"text-align: center\"><strong>Naturlig kallpressad k\u00f6rsb\u00e4rsjuice fr\u00e5n 100%. Sur \u2013 inget tillsatt socker eller konserveringsmedel. <\/strong><\/h4>\n<h4 style=\"text-align: center\">H\u00f6gt polyfenolinneh\u00e5ll <strong>har antiinflammatoriska egenskaper<\/strong>, minskar muskelskador och reglerar sm\u00e4rtniv\u00e5er. Den huvudsakliga effekten av syrlig k\u00f6rsb\u00e4rsjuice p\u00e5 idrottare \u00e4r <strong>acceleration av regenerering efter tr\u00e4ning<\/strong>, b\u00e5de inom uth\u00e5llighets- och styrkesporter. Detta g\u00f6r tr\u00e4ningen mer effektiv.<\/h4>\n<h4 style=\"text-align: center\"><strong> Det st\u00f6der ocks\u00e5 behandling av sjukdomar som gikt.\u00a0<\/strong><\/h4>\n<p>\u00a0<\/p>\n<p><img decoding=\"async\" class=\"wp-image-6680 aligncenter\" src=\"https:\/\/naszatlocznia.pl\/wp-content\/uploads\/2022\/01\/Strona-Nowy-Karton-Wisnia.png\" alt=\"\" width=\"530\" height=\"530\" \/><\/p>\n<h4><\/h4>\n<h4><strong>F\u00f6rpackning:<\/strong> bag in box-f\u00f6rpackning \u2013 en p\u00e5se med kran i en praktisk kartong f\u00f6r enkel h\u00e4llning.<\/h4>\n<h4><b>Sammans\u00e4ttning<\/b>100% NFC k\u00f6rsb\u00e4rsjuice (inte fr\u00e5n koncentrat!).<\/h4>\n<h4><strong>Lagring:<\/strong>\u00a0Precis som hemgjorda marmelader b\u00f6r juicer f\u00f6rvaras p\u00e5 en skuggig och sval plats.<br \/>\n<strong>H\u00e4llning:<\/strong> Juicen ska h\u00e4llas med kranen ned\u00e5t, och se till att den alltid \u00e4r t\u00e4ckt med juice. Skaka beh\u00e5llaren f\u00f6re varje upph\u00e4llning f\u00f6r att blanda inneh\u00e5llet.<br \/>\n<strong>F\u00e4rskhetsgaranti:<\/strong>\u00a0Korrekt h\u00e4llning s\u00e4kerst\u00e4ller att ingen luft kommer in i f\u00f6rpackningen, vilket h\u00e5ller juicen f\u00e4rsk.<br \/>\n<strong>Efter \u00f6ppning:<\/strong> Juicen b\u00f6r f\u00f6rvaras i kylsk\u00e5p och konsumeras inom 30 dagar, f\u00f6rutsatt att den h\u00e4lls i vertikalt l\u00e4ge utan att luft kommer in i f\u00f6rpackningen.<\/h4>\n<h4><strong>Dosering:<\/strong> 200 ml per dag.<\/h4>\n<h4><strong>Utg\u00e5ngsdatum:<\/strong> minst 3 m\u00e5nader fr\u00e5n ink\u00f6psdatum.<\/h4>\n<h4><\/h4>\n<h4 style=\"text-align: center\"><strong>Kolla in det sj\u00e4lv, best\u00e4ll nu!<\/strong><\/h4>","protected":false},"excerpt":{"rendered":"<p><img decoding=\"async\" class=\"alignnone size-large wp-image-446\" src=\"https:\/\/naszatlocznia.pl\/wp-content\/uploads\/2021\/06\/wartosci-odzywcze-WISNIA-914x1024.jpg\" alt=\"\" width=\"914\" height=\"1024\" \/><\/p>","protected":false},"featured_media":624,"comment_status":"open","ping_status":"closed","template":"","meta":[],"product_brand":[],"product_cat":[26],"product_tag":[],"class_list":{"0":"post-625","1":"product","2":"type-product","3":"status-publish","4":"has-post-thumbnail","6":"product_cat-soki-tloczone-nfc","7":"pa_pojemnosc-3l","9":"first","10":"instock","11":"taxable","12":"shipping-taxable","13":"purchasable","14":"product-type-simple"},"yoast_head":"<!-- This site is optimized with the Yoast SEO plugin v24.9 - https:\/\/yoast.com\/wordpress\/plugins\/seo\/ -->\n<title>Sok 100% t\u0142oczony Wi\u015bnia dna moczanowa sport 3L - nfc-juices<\/title>\n<meta name=\"robots\" content=\"index, follow, max-snippet:-1, max-image-preview:large, max-video-preview:-1\" \/>\n<link rel=\"canonical\" href=\"https:\/\/nfcjuices.com\/sv\/produkt\/100-pressad-korsbarsjuice-for-gikt-sport-3l\/\" \/>\n<meta property=\"og:locale\" content=\"sv_SE\" \/>\n<meta property=\"og:type\" content=\"article\" \/>\n<meta property=\"og:title\" content=\"Sok 100% t\u0142oczony Wi\u015bnia dna moczanowa sport 3L - nfc-juices\" \/>\n<meta property=\"og:url\" content=\"https:\/\/nfcjuices.com\/sv\/produkt\/100-pressad-korsbarsjuice-for-gikt-sport-3l\/\" \/>\n<meta property=\"og:site_name\" content=\"nfc-juices\" \/>\n<meta property=\"article:modified_time\" content=\"2026-04-17T13:04:38+00:00\" \/>\n<meta property=\"og:image\" content=\"https:\/\/nfcjuices.com\/wp-content\/uploads\/2025\/04\/Strona-Nowy-Karton-Wisnia.png\" \/>\n\t<meta property=\"og:image:width\" content=\"750\" \/>\n\t<meta property=\"og:image:height\" content=\"750\" \/>\n\t<meta property=\"og:image:type\" content=\"image\/png\" \/>\n<meta name=\"twitter:card\" content=\"summary_large_image\" \/>\n<meta name=\"twitter:label1\" content=\"Ber\u00e4knad l\u00e4stid\" \/>\n\t<meta name=\"twitter:data1\" content=\"1 minut\" \/>\n<script type=\"application\/ld+json\" class=\"yoast-schema-graph\">{\"@context\":\"https:\/\/schema.org\",\"@graph\":[{\"@type\":\"WebPage\",\"@id\":\"https:\/\/nfcjuices.com\/produkt\/sok-100-tloczony-wisnia-dna-moczanowa-sport-3l\/\",\"url\":\"https:\/\/nfcjuices.com\/produkt\/sok-100-tloczony-wisnia-dna-moczanowa-sport-3l\/\",\"name\":\"Sok 100% t\u0142oczony Wi\u015bnia dna moczanowa sport 3L - nfc-juices\",\"isPartOf\":{\"@id\":\"https:\/\/nfcjuices.com\/#website\"},\"primaryImageOfPage\":{\"@id\":\"https:\/\/nfcjuices.com\/produkt\/sok-100-tloczony-wisnia-dna-moczanowa-sport-3l\/#primaryimage\"},\"image\":{\"@id\":\"https:\/\/nfcjuices.com\/produkt\/sok-100-tloczony-wisnia-dna-moczanowa-sport-3l\/#primaryimage\"},\"thumbnailUrl\":\"https:\/\/nfcjuices.com\/wp-content\/uploads\/2025\/04\/Strona-Nowy-Karton-Wisnia.png\",\"datePublished\":\"2025-04-04T14:10:49+00:00\",\"dateModified\":\"2026-04-17T13:04:38+00:00\",\"breadcrumb\":{\"@id\":\"https:\/\/nfcjuices.com\/produkt\/sok-100-tloczony-wisnia-dna-moczanowa-sport-3l\/#breadcrumb\"},\"inLanguage\":\"sv-SE\",\"potentialAction\":[{\"@type\":\"ReadAction\",\"target\":[\"https:\/\/nfcjuices.com\/produkt\/sok-100-tloczony-wisnia-dna-moczanowa-sport-3l\/\"]}]},{\"@type\":\"ImageObject\",\"inLanguage\":\"sv-SE\",\"@id\":\"https:\/\/nfcjuices.com\/produkt\/sok-100-tloczony-wisnia-dna-moczanowa-sport-3l\/#primaryimage\",\"url\":\"https:\/\/nfcjuices.com\/wp-content\/uploads\/2025\/04\/Strona-Nowy-Karton-Wisnia.png\",\"contentUrl\":\"https:\/\/nfcjuices.com\/wp-content\/uploads\/2025\/04\/Strona-Nowy-Karton-Wisnia.png\",\"width\":750,\"height\":750},{\"@type\":\"BreadcrumbList\",\"@id\":\"https:\/\/nfcjuices.com\/produkt\/sok-100-tloczony-wisnia-dna-moczanowa-sport-3l\/#breadcrumb\",\"itemListElement\":[{\"@type\":\"ListItem\",\"position\":1,\"name\":\"Strona g\u0142\u00f3wna\",\"item\":\"https:\/\/nfcjuices.com\/\"},{\"@type\":\"ListItem\",\"position\":2,\"name\":\"Nasze produkty\",\"item\":\"https:\/\/nfcjuices.com\/sv\/vara-produkter\/\"},{\"@type\":\"ListItem\",\"position\":3,\"name\":\"Sok 100% t\u0142oczony Wi\u015bnia dna moczanowa sport 3L\"}]},{\"@type\":\"WebSite\",\"@id\":\"https:\/\/nfcjuices.com\/#website\",\"url\":\"https:\/\/nfcjuices.com\/\",\"name\":\"nfc-juices\",\"description\":\"Soki, przeciery, musy NFC w beczkach\",\"publisher\":{\"@id\":\"https:\/\/nfcjuices.com\/#organization\"},\"potentialAction\":[{\"@type\":\"SearchAction\",\"target\":{\"@type\":\"EntryPoint\",\"urlTemplate\":\"https:\/\/nfcjuices.com\/?s={search_term_string}\"},\"query-input\":{\"@type\":\"PropertyValueSpecification\",\"valueRequired\":true,\"valueName\":\"search_term_string\"}}],\"inLanguage\":\"sv-SE\"},{\"@type\":\"Organization\",\"@id\":\"https:\/\/nfcjuices.com\/#organization\",\"name\":\"Nasza T\u0142ocznia\",\"url\":\"https:\/\/nfcjuices.com\/\",\"logo\":{\"@type\":\"ImageObject\",\"inLanguage\":\"sv-SE\",\"@id\":\"https:\/\/nfcjuices.com\/#\/schema\/logo\/image\/\",\"url\":\"https:\/\/nfcjuices.com\/wp-content\/uploads\/2025\/05\/cropped-B2b-1.png\",\"contentUrl\":\"https:\/\/nfcjuices.com\/wp-content\/uploads\/2025\/05\/cropped-B2b-1.png\",\"width\":1199,\"height\":999,\"caption\":\"Nasza T\u0142ocznia\"},\"image\":{\"@id\":\"https:\/\/nfcjuices.com\/#\/schema\/logo\/image\/\"}}]}<\/script>\n<!-- \/ Yoast SEO plugin. -->","yoast_head_json":{"title":"Juice 100% pressad Cherry Gout Sport 3L - nfc-juicer","robots":{"index":"index","follow":"follow","max-snippet":"max-snippet:-1","max-image-preview":"max-image-preview:large","max-video-preview":"max-video-preview:-1"},"canonical":"https:\/\/nfcjuices.com\/sv\/produkt\/100-pressad-korsbarsjuice-for-gikt-sport-3l\/","og_locale":"sv_SE","og_type":"article","og_title":"Sok 100% t\u0142oczony Wi\u015bnia dna moczanowa sport 3L - nfc-juices","og_url":"https:\/\/nfcjuices.com\/sv\/produkt\/100-pressad-korsbarsjuice-for-gikt-sport-3l\/","og_site_name":"nfc-juices","article_modified_time":"2026-04-17T13:04:38+00:00","og_image":[{"width":750,"height":750,"url":"https:\/\/nfcjuices.com\/wp-content\/uploads\/2025\/04\/Strona-Nowy-Karton-Wisnia.png","type":"image\/png"}],"twitter_card":"summary_large_image","twitter_misc":{"Ber\u00e4knad l\u00e4stid":"1 minut"},"schema":{"@context":"https:\/\/schema.org","@graph":[{"@type":"WebPage","@id":"https:\/\/nfcjuices.com\/produkt\/sok-100-tloczony-wisnia-dna-moczanowa-sport-3l\/","url":"https:\/\/nfcjuices.com\/produkt\/sok-100-tloczony-wisnia-dna-moczanowa-sport-3l\/","name":"Juice 100% pressad Cherry Gout Sport 3L - nfc-juicer","isPartOf":{"@id":"https:\/\/nfcjuices.com\/#website"},"primaryImageOfPage":{"@id":"https:\/\/nfcjuices.com\/produkt\/sok-100-tloczony-wisnia-dna-moczanowa-sport-3l\/#primaryimage"},"image":{"@id":"https:\/\/nfcjuices.com\/produkt\/sok-100-tloczony-wisnia-dna-moczanowa-sport-3l\/#primaryimage"},"thumbnailUrl":"https:\/\/nfcjuices.com\/wp-content\/uploads\/2025\/04\/Strona-Nowy-Karton-Wisnia.png","datePublished":"2025-04-04T14:10:49+00:00","dateModified":"2026-04-17T13:04:38+00:00","breadcrumb":{"@id":"https:\/\/nfcjuices.com\/produkt\/sok-100-tloczony-wisnia-dna-moczanowa-sport-3l\/#breadcrumb"},"inLanguage":"sv-SE","potentialAction":[{"@type":"ReadAction","target":["https:\/\/nfcjuices.com\/produkt\/sok-100-tloczony-wisnia-dna-moczanowa-sport-3l\/"]}]},{"@type":"ImageObject","inLanguage":"sv-SE","@id":"https:\/\/nfcjuices.com\/produkt\/sok-100-tloczony-wisnia-dna-moczanowa-sport-3l\/#primaryimage","url":"https:\/\/nfcjuices.com\/wp-content\/uploads\/2025\/04\/Strona-Nowy-Karton-Wisnia.png","contentUrl":"https:\/\/nfcjuices.com\/wp-content\/uploads\/2025\/04\/Strona-Nowy-Karton-Wisnia.png","width":750,"height":750},{"@type":"BreadcrumbList","@id":"https:\/\/nfcjuices.com\/produkt\/sok-100-tloczony-wisnia-dna-moczanowa-sport-3l\/#breadcrumb","itemListElement":[{"@type":"ListItem","position":1,"name":"Strona g\u0142\u00f3wna","item":"https:\/\/nfcjuices.com\/"},{"@type":"ListItem","position":2,"name":"Nasze produkty","item":"https:\/\/nfcjuices.com\/sv\/vara-produkter\/"},{"@type":"ListItem","position":3,"name":"Sok 100% t\u0142oczony Wi\u015bnia dna moczanowa sport 3L"}]},{"@type":"WebSite","@id":"https:\/\/nfcjuices.com\/#website","url":"https:\/\/nfcjuices.com\/","name":"nfc juicer","description":"Juicer, pur\u00e9er, NFC-mousser p\u00e5 fat","publisher":{"@id":"https:\/\/nfcjuices.com\/#organization"},"potentialAction":[{"@type":"SearchAction","target":{"@type":"EntryPoint","urlTemplate":"https:\/\/nfcjuices.com\/?s={search_term_string}"},"query-input":{"@type":"PropertyValueSpecification","valueRequired":true,"valueName":"search_term_string"}}],"inLanguage":"sv-SE"},{"@type":"Organization","@id":"https:\/\/nfcjuices.com\/#organization","name":"V\u00e5r pressanl\u00e4ggning","url":"https:\/\/nfcjuices.com\/","logo":{"@type":"ImageObject","inLanguage":"sv-SE","@id":"https:\/\/nfcjuices.com\/#\/schema\/logo\/image\/","url":"https:\/\/nfcjuices.com\/wp-content\/uploads\/2025\/05\/cropped-B2b-1.png","contentUrl":"https:\/\/nfcjuices.com\/wp-content\/uploads\/2025\/05\/cropped-B2b-1.png","width":1199,"height":999,"caption":"Nasza T\u0142ocznia"},"image":{"@id":"https:\/\/nfcjuices.com\/#\/schema\/logo\/image\/"}}]}},"_links":{"self":[{"href":"https:\/\/nfcjuices.com\/sv\/wp-json\/wp\/v2\/product\/625","targetHints":{"allow":["GET"]}}],"collection":[{"href":"https:\/\/nfcjuices.com\/sv\/wp-json\/wp\/v2\/product"}],"about":[{"href":"https:\/\/nfcjuices.com\/sv\/wp-json\/wp\/v2\/types\/product"}],"replies":[{"embeddable":true,"href":"https:\/\/nfcjuices.com\/sv\/wp-json\/wp\/v2\/comments?post=625"}],"wp:featuredmedia":[{"embeddable":true,"href":"https:\/\/nfcjuices.com\/sv\/wp-json\/wp\/v2\/media\/624"}],"wp:attachment":[{"href":"https:\/\/nfcjuices.com\/sv\/wp-json\/wp\/v2\/media?parent=625"}],"wp:term":[{"taxonomy":"product_brand","embeddable":true,"href":"https:\/\/nfcjuices.com\/sv\/wp-json\/wp\/v2\/product_brand?post=625"},{"taxonomy":"product_cat","embeddable":true,"href":"https:\/\/nfcjuices.com\/sv\/wp-json\/wp\/v2\/product_cat?post=625"},{"taxonomy":"product_tag","embeddable":true,"href":"https:\/\/nfcjuices.com\/sv\/wp-json\/wp\/v2\/product_tag?post=625"}],"curies":[{"name":"wp","href":"https:\/\/api.w.org\/{rel}","templated":true}]}}