{"id":545,"date":"2025-04-04T15:41:22","date_gmt":"2025-04-04T13:41:22","guid":{"rendered":"https:\/\/nfcjuices.com\/produkt\/sok-tloczony-jablkowy-korzenny-bezalkoholowy-grzaniec-5l\/"},"modified":"2026-04-16T16:55:41","modified_gmt":"2026-04-16T14:55:41","slug":"pressad-appeljuice-kryddig-alkoholfri-glogg-5-l","status":"publish","type":"product","link":"https:\/\/nfcjuices.com\/sv\/produkt\/sok-tloczony-jablkowy-korzenny-bezalkoholowy-grzaniec-5l\/","title":{"rendered":"\u00c4ppelkryddpressad juice, alkoholfri, gl\u00f6gg, 5L"},"content":{"rendered":"<p><img fetchpriority=\"high\" decoding=\"async\" class=\"size-large wp-image-2959 aligncenter\" src=\"https:\/\/naszatlocznia.pl\/wp-content\/uploads\/2022\/05\/baner-Allegro-nowy-03.2022-1024x436.png\" alt=\"\" width=\"980\" height=\"417\" \/><\/p>\n<p>\u00a0<\/p>\n<h4 style=\"text-align: center\"><strong>L\u00e4ckert alkoholfritt gl\u00f6gg<\/strong><\/h4>\n<h4 style=\"text-align: center\">Vi erbjuder dig\u00a0<b>100% naturlig \u00e4ppeljuice med kryddor <\/b>NFC \u2013 INTE FR\u00c5N KONCENTRAT, inga tillsatser. Frukt direkt fr\u00e5n v\u00e5r g\u00e5rd!<br \/>\nPerfekt f\u00f6r h\u00f6st- och vinterkv\u00e4llar, smakar b\u00e4st uppv\u00e4rmd. Det \u00e4r ett utm\u00e4rkt alternativ till gl\u00f6gg!<\/h4>\n<h4 style=\"text-align: center\">V\u00e5ra juicer \u00e4r kallpressade.\u00a0<b>Skonsam past\u00f6risering<\/b>\u00a0vid en kontrollerad temperatur p\u00e5 upp till 78 grader g\u00f6r att vi kan s\u00e4kerst\u00e4lla\u00a0<b>f\u00e4rskhet av juice<\/b>\u00a0l\u00e4ngre, samtidigt som v\u00e4rdefulla\u00a0<b>n\u00e4ringsv\u00e4rden och vitaminer<\/b>\u00a0finns i frukt och gr\u00f6nsaker.<\/h4>\n<h4 style=\"text-align: center\"><strong>Vi s\u00e4ger<\/strong>\u00a0<b>INGA!<\/b>\u00a0konserveringsmedel, sockerarter, artificiella vitaminer och f\u00e4rg\u00e4mnen. Vi bevisar att du ENDAST kan utvinna h\u00e4lsosam och uts\u00f6kt juice fr\u00e5n det som naturen har gett oss.<\/h4>\n<p>\u00a0<\/p>\n<p><img decoding=\"async\" class=\"size-full wp-image-18671 aligncenter\" src=\"https:\/\/naszatlocznia.pl\/wp-content\/uploads\/2021\/06\/Strona-Nowy-Karton-Jablko-Korzenne-1.png\" alt=\"\" width=\"750\" height=\"750\" \/><\/p>\n<p>\u00a0<\/p>\n<h4><strong>F\u00f6rpackning:<\/strong> bag in box-f\u00f6rpackning \u2013 en p\u00e5se med kran i en praktisk kartong f\u00f6r enkel h\u00e4llning.<br \/>\n<b>Sammans\u00e4ttning:<\/b> 100% NFC \u00e4ppeljuice med kryddor (kanel, kryddnejlikor, ingef\u00e4ra, muskotn\u00f6t).<\/h4>\n<h4><b>Lagring:<\/b>\u00a0Precis som hemgjorda marmelader b\u00f6r juicer f\u00f6rvaras p\u00e5 en skuggig och sval plats.<\/h4>\n<h4><b>H\u00e4llning:<\/b> Juicen ska h\u00e4llas med kranen ned\u00e5t, och se till att den alltid \u00e4r t\u00e4ckt med juice. Skaka beh\u00e5llaren f\u00f6re varje upph\u00e4llning f\u00f6r att blanda inneh\u00e5llet.<\/h4>\n<h4><b>F\u00e4rskhetsgaranti:<\/b>\u00a0Korrekt h\u00e4llning s\u00e4kerst\u00e4ller att ingen luft kommer in i f\u00f6rpackningen, vilket h\u00e5ller juicen f\u00e4rsk.<\/h4>\n<h4><b>Efter \u00f6ppning:<\/b> Juicen b\u00f6r f\u00f6rvaras i kylsk\u00e5p och konsumeras inom 30 dagar, f\u00f6rutsatt att den h\u00e4lls i vertikalt l\u00e4ge utan att luft kommer in i f\u00f6rpackningen.<\/h4>\n<h4><strong>Utg\u00e5ngsdatum:<\/strong> minst 3 m\u00e5nader fr\u00e5n ink\u00f6psdatum.<\/h4>\n<h4><\/h4>\n<h4 style=\"text-align: center\"><b>Kolla in det sj\u00e4lv, best\u00e4ll nu!<\/b><\/h4>\n<p>\u00a0<\/p>","protected":false},"excerpt":{"rendered":"<p><img decoding=\"async\" class=\"alignnone size-large wp-image-492\" src=\"https:\/\/naszatlocznia.pl\/wp-content\/uploads\/2021\/06\/wartosci-odzywcze-JABLKO-KORZENNE-912x1024.jpg\" alt=\"\" width=\"912\" height=\"1024\" \/><\/p>","protected":false},"featured_media":542,"comment_status":"open","ping_status":"closed","template":"","meta":[],"product_brand":[],"product_cat":[26],"product_tag":[],"class_list":{"0":"post-545","1":"product","2":"type-product","3":"status-publish","4":"has-post-thumbnail","6":"product_cat-soki-tloczone-nfc","7":"pa_pojemnosc-5l","9":"first","10":"instock","11":"taxable","12":"shipping-taxable","13":"purchasable","14":"product-type-simple"},"yoast_head":"<!-- This site is optimized with the Yoast SEO plugin v24.9 - https:\/\/yoast.com\/wordpress\/plugins\/seo\/ -->\n<title>Sok t\u0142oczony Jab\u0142kowy Korzenny Bezalkoholowy Grzaniec 5L - nfc-juices<\/title>\n<meta name=\"robots\" content=\"index, follow, max-snippet:-1, max-image-preview:large, max-video-preview:-1\" \/>\n<link rel=\"canonical\" href=\"https:\/\/nfcjuices.com\/sv\/produkt\/pressad-appeljuice-kryddig-alkoholfri-glogg-5-l\/\" \/>\n<meta property=\"og:locale\" content=\"sv_SE\" \/>\n<meta property=\"og:type\" content=\"article\" \/>\n<meta property=\"og:title\" content=\"Sok t\u0142oczony Jab\u0142kowy Korzenny Bezalkoholowy Grzaniec 5L - nfc-juices\" \/>\n<meta property=\"og:url\" content=\"https:\/\/nfcjuices.com\/sv\/produkt\/pressad-appeljuice-kryddig-alkoholfri-glogg-5-l\/\" \/>\n<meta property=\"og:site_name\" content=\"nfc-juices\" \/>\n<meta property=\"article:modified_time\" content=\"2026-04-16T14:55:41+00:00\" \/>\n<meta property=\"og:image\" content=\"https:\/\/nfcjuices.com\/wp-content\/uploads\/2025\/04\/Strona-Nowy-Karton-Jablko-Korzenne-1.png\" \/>\n\t<meta property=\"og:image:width\" content=\"750\" \/>\n\t<meta property=\"og:image:height\" content=\"750\" \/>\n\t<meta property=\"og:image:type\" content=\"image\/png\" \/>\n<meta name=\"twitter:card\" content=\"summary_large_image\" \/>\n<meta name=\"twitter:label1\" content=\"Ber\u00e4knad l\u00e4stid\" \/>\n\t<meta name=\"twitter:data1\" content=\"1 minut\" \/>\n<script type=\"application\/ld+json\" class=\"yoast-schema-graph\">{\"@context\":\"https:\/\/schema.org\",\"@graph\":[{\"@type\":\"WebPage\",\"@id\":\"https:\/\/nfcjuices.com\/produkt\/sok-tloczony-jablkowy-korzenny-bezalkoholowy-grzaniec-5l\/\",\"url\":\"https:\/\/nfcjuices.com\/produkt\/sok-tloczony-jablkowy-korzenny-bezalkoholowy-grzaniec-5l\/\",\"name\":\"Sok t\u0142oczony Jab\u0142kowy Korzenny Bezalkoholowy Grzaniec 5L - nfc-juices\",\"isPartOf\":{\"@id\":\"https:\/\/nfcjuices.com\/#website\"},\"primaryImageOfPage\":{\"@id\":\"https:\/\/nfcjuices.com\/produkt\/sok-tloczony-jablkowy-korzenny-bezalkoholowy-grzaniec-5l\/#primaryimage\"},\"image\":{\"@id\":\"https:\/\/nfcjuices.com\/produkt\/sok-tloczony-jablkowy-korzenny-bezalkoholowy-grzaniec-5l\/#primaryimage\"},\"thumbnailUrl\":\"https:\/\/nfcjuices.com\/wp-content\/uploads\/2025\/04\/Strona-Nowy-Karton-Jablko-Korzenne-1.png\",\"datePublished\":\"2025-04-04T13:41:22+00:00\",\"dateModified\":\"2026-04-16T14:55:41+00:00\",\"breadcrumb\":{\"@id\":\"https:\/\/nfcjuices.com\/produkt\/sok-tloczony-jablkowy-korzenny-bezalkoholowy-grzaniec-5l\/#breadcrumb\"},\"inLanguage\":\"sv-SE\",\"potentialAction\":[{\"@type\":\"ReadAction\",\"target\":[\"https:\/\/nfcjuices.com\/produkt\/sok-tloczony-jablkowy-korzenny-bezalkoholowy-grzaniec-5l\/\"]}]},{\"@type\":\"ImageObject\",\"inLanguage\":\"sv-SE\",\"@id\":\"https:\/\/nfcjuices.com\/produkt\/sok-tloczony-jablkowy-korzenny-bezalkoholowy-grzaniec-5l\/#primaryimage\",\"url\":\"https:\/\/nfcjuices.com\/wp-content\/uploads\/2025\/04\/Strona-Nowy-Karton-Jablko-Korzenne-1.png\",\"contentUrl\":\"https:\/\/nfcjuices.com\/wp-content\/uploads\/2025\/04\/Strona-Nowy-Karton-Jablko-Korzenne-1.png\",\"width\":750,\"height\":750},{\"@type\":\"BreadcrumbList\",\"@id\":\"https:\/\/nfcjuices.com\/produkt\/sok-tloczony-jablkowy-korzenny-bezalkoholowy-grzaniec-5l\/#breadcrumb\",\"itemListElement\":[{\"@type\":\"ListItem\",\"position\":1,\"name\":\"Strona g\u0142\u00f3wna\",\"item\":\"https:\/\/nfcjuices.com\/\"},{\"@type\":\"ListItem\",\"position\":2,\"name\":\"Nasze produkty\",\"item\":\"https:\/\/nfcjuices.com\/sv\/vara-produkter\/\"},{\"@type\":\"ListItem\",\"position\":3,\"name\":\"Sok t\u0142oczony Jab\u0142kowy Korzenny Bezalkoholowy Grzaniec 5L\"}]},{\"@type\":\"WebSite\",\"@id\":\"https:\/\/nfcjuices.com\/#website\",\"url\":\"https:\/\/nfcjuices.com\/\",\"name\":\"nfc-juices\",\"description\":\"Soki, przeciery, musy NFC w beczkach\",\"publisher\":{\"@id\":\"https:\/\/nfcjuices.com\/#organization\"},\"potentialAction\":[{\"@type\":\"SearchAction\",\"target\":{\"@type\":\"EntryPoint\",\"urlTemplate\":\"https:\/\/nfcjuices.com\/?s={search_term_string}\"},\"query-input\":{\"@type\":\"PropertyValueSpecification\",\"valueRequired\":true,\"valueName\":\"search_term_string\"}}],\"inLanguage\":\"sv-SE\"},{\"@type\":\"Organization\",\"@id\":\"https:\/\/nfcjuices.com\/#organization\",\"name\":\"Nasza T\u0142ocznia\",\"url\":\"https:\/\/nfcjuices.com\/\",\"logo\":{\"@type\":\"ImageObject\",\"inLanguage\":\"sv-SE\",\"@id\":\"https:\/\/nfcjuices.com\/#\/schema\/logo\/image\/\",\"url\":\"https:\/\/nfcjuices.com\/wp-content\/uploads\/2025\/05\/cropped-B2b-1.png\",\"contentUrl\":\"https:\/\/nfcjuices.com\/wp-content\/uploads\/2025\/05\/cropped-B2b-1.png\",\"width\":1199,\"height\":999,\"caption\":\"Nasza T\u0142ocznia\"},\"image\":{\"@id\":\"https:\/\/nfcjuices.com\/#\/schema\/logo\/image\/\"}}]}<\/script>\n<!-- \/ Yoast SEO plugin. -->","yoast_head_json":{"title":"\u00c4pple Spicy Alkoholfri Gl\u00f6ggpressad Juice 5L - nfc-juices","robots":{"index":"index","follow":"follow","max-snippet":"max-snippet:-1","max-image-preview":"max-image-preview:large","max-video-preview":"max-video-preview:-1"},"canonical":"https:\/\/nfcjuices.com\/sv\/produkt\/pressad-appeljuice-kryddig-alkoholfri-glogg-5-l\/","og_locale":"sv_SE","og_type":"article","og_title":"Sok t\u0142oczony Jab\u0142kowy Korzenny Bezalkoholowy Grzaniec 5L - nfc-juices","og_url":"https:\/\/nfcjuices.com\/sv\/produkt\/pressad-appeljuice-kryddig-alkoholfri-glogg-5-l\/","og_site_name":"nfc-juices","article_modified_time":"2026-04-16T14:55:41+00:00","og_image":[{"width":750,"height":750,"url":"https:\/\/nfcjuices.com\/wp-content\/uploads\/2025\/04\/Strona-Nowy-Karton-Jablko-Korzenne-1.png","type":"image\/png"}],"twitter_card":"summary_large_image","twitter_misc":{"Ber\u00e4knad l\u00e4stid":"1 minut"},"schema":{"@context":"https:\/\/schema.org","@graph":[{"@type":"WebPage","@id":"https:\/\/nfcjuices.com\/produkt\/sok-tloczony-jablkowy-korzenny-bezalkoholowy-grzaniec-5l\/","url":"https:\/\/nfcjuices.com\/produkt\/sok-tloczony-jablkowy-korzenny-bezalkoholowy-grzaniec-5l\/","name":"\u00c4pple Spicy Alkoholfri Gl\u00f6ggpressad Juice 5L - nfc-juices","isPartOf":{"@id":"https:\/\/nfcjuices.com\/#website"},"primaryImageOfPage":{"@id":"https:\/\/nfcjuices.com\/produkt\/sok-tloczony-jablkowy-korzenny-bezalkoholowy-grzaniec-5l\/#primaryimage"},"image":{"@id":"https:\/\/nfcjuices.com\/produkt\/sok-tloczony-jablkowy-korzenny-bezalkoholowy-grzaniec-5l\/#primaryimage"},"thumbnailUrl":"https:\/\/nfcjuices.com\/wp-content\/uploads\/2025\/04\/Strona-Nowy-Karton-Jablko-Korzenne-1.png","datePublished":"2025-04-04T13:41:22+00:00","dateModified":"2026-04-16T14:55:41+00:00","breadcrumb":{"@id":"https:\/\/nfcjuices.com\/produkt\/sok-tloczony-jablkowy-korzenny-bezalkoholowy-grzaniec-5l\/#breadcrumb"},"inLanguage":"sv-SE","potentialAction":[{"@type":"ReadAction","target":["https:\/\/nfcjuices.com\/produkt\/sok-tloczony-jablkowy-korzenny-bezalkoholowy-grzaniec-5l\/"]}]},{"@type":"ImageObject","inLanguage":"sv-SE","@id":"https:\/\/nfcjuices.com\/produkt\/sok-tloczony-jablkowy-korzenny-bezalkoholowy-grzaniec-5l\/#primaryimage","url":"https:\/\/nfcjuices.com\/wp-content\/uploads\/2025\/04\/Strona-Nowy-Karton-Jablko-Korzenne-1.png","contentUrl":"https:\/\/nfcjuices.com\/wp-content\/uploads\/2025\/04\/Strona-Nowy-Karton-Jablko-Korzenne-1.png","width":750,"height":750},{"@type":"BreadcrumbList","@id":"https:\/\/nfcjuices.com\/produkt\/sok-tloczony-jablkowy-korzenny-bezalkoholowy-grzaniec-5l\/#breadcrumb","itemListElement":[{"@type":"ListItem","position":1,"name":"Strona g\u0142\u00f3wna","item":"https:\/\/nfcjuices.com\/"},{"@type":"ListItem","position":2,"name":"Nasze produkty","item":"https:\/\/nfcjuices.com\/sv\/vara-produkter\/"},{"@type":"ListItem","position":3,"name":"Sok t\u0142oczony Jab\u0142kowy Korzenny Bezalkoholowy Grzaniec 5L"}]},{"@type":"WebSite","@id":"https:\/\/nfcjuices.com\/#website","url":"https:\/\/nfcjuices.com\/","name":"nfc juicer","description":"Juicer, pur\u00e9er, NFC-mousser p\u00e5 fat","publisher":{"@id":"https:\/\/nfcjuices.com\/#organization"},"potentialAction":[{"@type":"SearchAction","target":{"@type":"EntryPoint","urlTemplate":"https:\/\/nfcjuices.com\/?s={search_term_string}"},"query-input":{"@type":"PropertyValueSpecification","valueRequired":true,"valueName":"search_term_string"}}],"inLanguage":"sv-SE"},{"@type":"Organization","@id":"https:\/\/nfcjuices.com\/#organization","name":"V\u00e5r pressanl\u00e4ggning","url":"https:\/\/nfcjuices.com\/","logo":{"@type":"ImageObject","inLanguage":"sv-SE","@id":"https:\/\/nfcjuices.com\/#\/schema\/logo\/image\/","url":"https:\/\/nfcjuices.com\/wp-content\/uploads\/2025\/05\/cropped-B2b-1.png","contentUrl":"https:\/\/nfcjuices.com\/wp-content\/uploads\/2025\/05\/cropped-B2b-1.png","width":1199,"height":999,"caption":"Nasza T\u0142ocznia"},"image":{"@id":"https:\/\/nfcjuices.com\/#\/schema\/logo\/image\/"}}]}},"_links":{"self":[{"href":"https:\/\/nfcjuices.com\/sv\/wp-json\/wp\/v2\/product\/545","targetHints":{"allow":["GET"]}}],"collection":[{"href":"https:\/\/nfcjuices.com\/sv\/wp-json\/wp\/v2\/product"}],"about":[{"href":"https:\/\/nfcjuices.com\/sv\/wp-json\/wp\/v2\/types\/product"}],"replies":[{"embeddable":true,"href":"https:\/\/nfcjuices.com\/sv\/wp-json\/wp\/v2\/comments?post=545"}],"wp:featuredmedia":[{"embeddable":true,"href":"https:\/\/nfcjuices.com\/sv\/wp-json\/wp\/v2\/media\/542"}],"wp:attachment":[{"href":"https:\/\/nfcjuices.com\/sv\/wp-json\/wp\/v2\/media?parent=545"}],"wp:term":[{"taxonomy":"product_brand","embeddable":true,"href":"https:\/\/nfcjuices.com\/sv\/wp-json\/wp\/v2\/product_brand?post=545"},{"taxonomy":"product_cat","embeddable":true,"href":"https:\/\/nfcjuices.com\/sv\/wp-json\/wp\/v2\/product_cat?post=545"},{"taxonomy":"product_tag","embeddable":true,"href":"https:\/\/nfcjuices.com\/sv\/wp-json\/wp\/v2\/product_tag?post=545"}],"curies":[{"name":"wp","href":"https:\/\/api.w.org\/{rel}","templated":true}]}}