{"id":348,"date":"2025-03-13T15:02:26","date_gmt":"2025-03-13T14:02:26","guid":{"rendered":"https:\/\/nfcjuices.com\/produkt\/przecier-premium-100-dynia-tylko-1983-zl-kg-3kg\/"},"modified":"2026-04-15T11:55:36","modified_gmt":"2026-04-15T09:55:36","slug":"premium-100-pumpapure-3-kg","status":"publish","type":"product","link":"https:\/\/nfcjuices.com\/sv\/produkt\/przecier-premium-100-dynia-3kg\/","title":{"rendered":"Premiumpur\u00e9 100% Pumpa 3kg"},"content":{"rendered":"<h2><b>100% Pumpapur\u00e9<\/b><\/h2>\n<p><span style=\"font-weight: 400;\">Pumpapur\u00e9 100%, past\u00f6riserad. J\u00e4mn, sl\u00e4t konsistens och naturlig f\u00e4rg. Tillg\u00e4nglighet \u00e5ret runt, j\u00e4mn smakprofil, f\u00f6rstklassiga r\u00e5varor, handplockade.<\/span><\/p>\n<h3><span style=\"font-weight: 400;\">Parametrar<\/span><\/h3>\n<ul>\n<li style=\"font-weight: 400;\" aria-level=\"1\"><span style=\"font-weight: 400;\">\u00b0Brix: min. 7<\/span><\/li>\n<li style=\"font-weight: 400;\" aria-level=\"1\"><span style=\"font-weight: 400;\">N\u00e4ringsv\u00e4rden per 100 g:<\/span>\n<ul>\n<li style=\"font-weight: 400;\" aria-level=\"2\"><span style=\"font-weight: 400;\">energiv\u00e4rde: 26 kcal<\/span><\/li>\n<li style=\"font-weight: 400;\" aria-level=\"2\"><span style=\"font-weight: 400;\">fett: 0,1 g<\/span><\/li>\n<li style=\"font-weight: 400;\" aria-level=\"2\"><span style=\"font-weight: 400;\">inklusive m\u00e4ttade fettsyror: 0 g<\/span><\/li>\n<li style=\"font-weight: 400;\" aria-level=\"2\"><span style=\"font-weight: 400;\">kolhydrater: 7 g<\/span><\/li>\n<li style=\"font-weight: 400;\" aria-level=\"2\"><span style=\"font-weight: 400;\">inklusive sockerarter: 2,8 g<\/span><\/li>\n<li style=\"font-weight: 400;\" aria-level=\"2\"><span style=\"font-weight: 400;\">protein: 1 g<\/span><\/li>\n<li style=\"font-weight: 400;\" aria-level=\"2\"><span style=\"font-weight: 400;\">salt: 0,5 g<\/span><\/li>\n<\/ul>\n<\/li>\n<li style=\"font-weight: 400;\" aria-level=\"1\"><span style=\"font-weight: 400;\">MPT: 12 m\u00e5nader fr\u00e5n produktionsdatum under rekommenderade f\u00f6rh\u00e5llanden.<\/span><\/li>\n<li style=\"font-weight: 400;\" aria-level=\"1\"><span style=\"font-weight: 400;\">B\u00e4st f\u00f6re-datum 6 m\u00e5nader.<\/span><\/li>\n<li style=\"font-weight: 400;\" aria-level=\"1\"><span style=\"font-weight: 400;\">F\u00f6rvaringsf\u00f6rh\u00e5llanden: F\u00f6rvara produkten i ett slutet, torrt, rent och luftigt lager, fritt fr\u00e5n fr\u00e4mmande lukter. F\u00f6rvaringstemperatur: 0\u20136 \u00b0C. Anv\u00e4nd hela inneh\u00e5llet efter \u00f6ppning.<\/span><\/li>\n<\/ul>\n<h2><span style=\"font-weight: 400;\">Anv\u00e4ndningen av pumpapur\u00e9 i bearbetning<\/span><\/h2>\n<ul>\n<li style=\"font-weight: 400;\" aria-level=\"1\"><span style=\"font-weight: 400;\">gr\u00e4ddsoppor och gr\u00f6nsakss\u00e5ser<\/span><\/li>\n<li style=\"font-weight: 400;\" aria-level=\"1\"><span style=\"font-weight: 400;\">glass, desserter, mousser, konfektfyllningar<\/span><\/li>\n<li style=\"font-weight: 400;\" aria-level=\"1\"><span style=\"font-weight: 400;\">s\u00e4songsdrycker, pumpalatte, smoothie<\/span><\/li>\n<li style=\"font-weight: 400;\" aria-level=\"1\"><span style=\"font-weight: 400;\">salta r\u00e4tter, glasyrer, k\u00f6tttillbeh\u00f6r<\/span><\/li>\n<li style=\"font-weight: 400;\" aria-level=\"1\"><span style=\"font-weight: 400;\">FoU-serier som kr\u00e4ver stabil f\u00e4rg och konsistens<\/span><\/li>\n<\/ul>\n<p><span style=\"font-weight: 400;\">L\u00e4gg till i varukorgen och best\u00e4ll online med en momsfaktura eller beg\u00e4r en offert f\u00f6r regelbundna leveranser.<\/span><span style=\"font-weight: 400;\"><br \/>\n<\/span><span style=\"font-weight: 400;\">B2B-kontakt: sales@naszatlocznia.pl, 600 100 478.<\/span><\/p>","protected":false},"excerpt":{"rendered":"<p>N\u00e4ringsv\u00e4rden:<\/p>\n<p>Energiv\u00e4rde: 26 kcal<\/p>\n<p>Fett: 0,1 g<\/p>\n<p>Kolhydrater: 7 g<\/p>\n<p>-varav sockerarter: 2,8 g<\/p>\n<p>Protein: 1 g<\/p>\n<p>Salt: 0,5 g<\/p>","protected":false},"featured_media":417,"comment_status":"open","ping_status":"closed","template":"","meta":[],"product_brand":[],"product_cat":[56],"product_tag":[],"class_list":{"0":"post-348","1":"product","2":"type-product","3":"status-publish","4":"has-post-thumbnail","6":"product_cat-przeciery","7":"pa_pojemnosc-3kg","9":"first","10":"instock","11":"taxable","12":"shipping-taxable","13":"purchasable","14":"product-type-simple"},"yoast_head":"<!-- This site is optimized with the Yoast SEO plugin v24.9 - https:\/\/yoast.com\/wordpress\/plugins\/seo\/ -->\n<title>Pulpa z Dyni 100% 3L | NFC Juices<\/title>\n<meta name=\"description\" content=\"Naturalny przecier z dyni, pasteryzowany, bez dodatk\u00f3w. Do zup, krem\u00f3w, sos\u00f3w, deser\u00f3w i wsad\u00f3w\" \/>\n<meta name=\"robots\" content=\"index, follow, max-snippet:-1, max-image-preview:large, max-video-preview:-1\" \/>\n<link rel=\"canonical\" href=\"https:\/\/nfcjuices.com\/sv\/produkt\/premium-100-pumpapure-3-kg\/\" \/>\n<meta property=\"og:locale\" content=\"sv_SE\" \/>\n<meta property=\"og:type\" content=\"article\" \/>\n<meta property=\"og:title\" content=\"Pulpa z Dyni 100% 3L | NFC Juices\" \/>\n<meta property=\"og:description\" content=\"Naturalny przecier z dyni, pasteryzowany, bez dodatk\u00f3w. Do zup, krem\u00f3w, sos\u00f3w, deser\u00f3w i wsad\u00f3w\" \/>\n<meta property=\"og:url\" content=\"https:\/\/nfcjuices.com\/sv\/produkt\/premium-100-pumpapure-3-kg\/\" \/>\n<meta property=\"og:site_name\" content=\"nfc-juices\" \/>\n<meta property=\"article:modified_time\" content=\"2026-04-15T09:55:36+00:00\" \/>\n<meta property=\"og:image\" content=\"https:\/\/nfcjuices.com\/wp-content\/uploads\/2025\/03\/Strona-Nowy-Karton-Dynia-przecier-5.webp\" \/>\n\t<meta property=\"og:image:width\" content=\"750\" \/>\n\t<meta property=\"og:image:height\" content=\"750\" \/>\n\t<meta property=\"og:image:type\" content=\"image\/webp\" \/>\n<meta name=\"twitter:card\" content=\"summary_large_image\" \/>\n<meta name=\"twitter:label1\" content=\"Ber\u00e4knad l\u00e4stid\" \/>\n\t<meta name=\"twitter:data1\" content=\"2 minuter\" \/>\n<script type=\"application\/ld+json\" class=\"yoast-schema-graph\">{\"@context\":\"https:\/\/schema.org\",\"@graph\":[{\"@type\":\"WebPage\",\"@id\":\"https:\/\/nfcjuices.com\/produkt\/przecier-premium-100-dynia-3kg\/\",\"url\":\"https:\/\/nfcjuices.com\/produkt\/przecier-premium-100-dynia-3kg\/\",\"name\":\"Pulpa z Dyni 100% 3L | NFC Juices\",\"isPartOf\":{\"@id\":\"https:\/\/nfcjuices.com\/#website\"},\"primaryImageOfPage\":{\"@id\":\"https:\/\/nfcjuices.com\/produkt\/przecier-premium-100-dynia-3kg\/#primaryimage\"},\"image\":{\"@id\":\"https:\/\/nfcjuices.com\/produkt\/przecier-premium-100-dynia-3kg\/#primaryimage\"},\"thumbnailUrl\":\"https:\/\/nfcjuices.com\/wp-content\/uploads\/2025\/03\/Strona-Nowy-Karton-Dynia-przecier-5.webp\",\"datePublished\":\"2025-03-13T14:02:26+00:00\",\"dateModified\":\"2026-04-15T09:55:36+00:00\",\"description\":\"Naturalny przecier z dyni, pasteryzowany, bez dodatk\u00f3w. Do zup, krem\u00f3w, sos\u00f3w, deser\u00f3w i wsad\u00f3w\",\"breadcrumb\":{\"@id\":\"https:\/\/nfcjuices.com\/produkt\/przecier-premium-100-dynia-3kg\/#breadcrumb\"},\"inLanguage\":\"sv-SE\",\"potentialAction\":[{\"@type\":\"ReadAction\",\"target\":[\"https:\/\/nfcjuices.com\/produkt\/przecier-premium-100-dynia-3kg\/\"]}]},{\"@type\":\"ImageObject\",\"inLanguage\":\"sv-SE\",\"@id\":\"https:\/\/nfcjuices.com\/produkt\/przecier-premium-100-dynia-3kg\/#primaryimage\",\"url\":\"https:\/\/nfcjuices.com\/wp-content\/uploads\/2025\/03\/Strona-Nowy-Karton-Dynia-przecier-5.webp\",\"contentUrl\":\"https:\/\/nfcjuices.com\/wp-content\/uploads\/2025\/03\/Strona-Nowy-Karton-Dynia-przecier-5.webp\",\"width\":750,\"height\":750},{\"@type\":\"BreadcrumbList\",\"@id\":\"https:\/\/nfcjuices.com\/produkt\/przecier-premium-100-dynia-3kg\/#breadcrumb\",\"itemListElement\":[{\"@type\":\"ListItem\",\"position\":1,\"name\":\"Strona g\u0142\u00f3wna\",\"item\":\"https:\/\/nfcjuices.com\/\"},{\"@type\":\"ListItem\",\"position\":2,\"name\":\"Nasze produkty\",\"item\":\"https:\/\/nfcjuices.com\/sv\/vara-produkter\/\"},{\"@type\":\"ListItem\",\"position\":3,\"name\":\"Przecier premium 100% Dynia 3kg\"}]},{\"@type\":\"WebSite\",\"@id\":\"https:\/\/nfcjuices.com\/#website\",\"url\":\"https:\/\/nfcjuices.com\/\",\"name\":\"nfc-juices\",\"description\":\"Soki, przeciery, musy NFC w beczkach\",\"publisher\":{\"@id\":\"https:\/\/nfcjuices.com\/#organization\"},\"potentialAction\":[{\"@type\":\"SearchAction\",\"target\":{\"@type\":\"EntryPoint\",\"urlTemplate\":\"https:\/\/nfcjuices.com\/?s={search_term_string}\"},\"query-input\":{\"@type\":\"PropertyValueSpecification\",\"valueRequired\":true,\"valueName\":\"search_term_string\"}}],\"inLanguage\":\"sv-SE\"},{\"@type\":\"Organization\",\"@id\":\"https:\/\/nfcjuices.com\/#organization\",\"name\":\"Nasza T\u0142ocznia\",\"url\":\"https:\/\/nfcjuices.com\/\",\"logo\":{\"@type\":\"ImageObject\",\"inLanguage\":\"sv-SE\",\"@id\":\"https:\/\/nfcjuices.com\/#\/schema\/logo\/image\/\",\"url\":\"https:\/\/nfcjuices.com\/wp-content\/uploads\/2025\/05\/cropped-B2b-1.png\",\"contentUrl\":\"https:\/\/nfcjuices.com\/wp-content\/uploads\/2025\/05\/cropped-B2b-1.png\",\"width\":1199,\"height\":999,\"caption\":\"Nasza T\u0142ocznia\"},\"image\":{\"@id\":\"https:\/\/nfcjuices.com\/#\/schema\/logo\/image\/\"}}]}<\/script>\n<!-- \/ Yoast SEO plugin. -->","yoast_head_json":{"title":"Pumpamassa 100% 3L | NFC Juices","description":"Naturlig pumpapur\u00e9, past\u00f6riserad, utan tillsatser. F\u00f6r soppor, kr\u00e4mer, s\u00e5ser, desserter och wokr\u00e4tter.","robots":{"index":"index","follow":"follow","max-snippet":"max-snippet:-1","max-image-preview":"max-image-preview:large","max-video-preview":"max-video-preview:-1"},"canonical":"https:\/\/nfcjuices.com\/sv\/produkt\/premium-100-pumpapure-3-kg\/","og_locale":"sv_SE","og_type":"article","og_title":"Pulpa z Dyni 100% 3L | NFC Juices","og_description":"Naturalny przecier z dyni, pasteryzowany, bez dodatk\u00f3w. Do zup, krem\u00f3w, sos\u00f3w, deser\u00f3w i wsad\u00f3w","og_url":"https:\/\/nfcjuices.com\/sv\/produkt\/premium-100-pumpapure-3-kg\/","og_site_name":"nfc-juices","article_modified_time":"2026-04-15T09:55:36+00:00","og_image":[{"width":750,"height":750,"url":"https:\/\/nfcjuices.com\/wp-content\/uploads\/2025\/03\/Strona-Nowy-Karton-Dynia-przecier-5.webp","type":"image\/webp"}],"twitter_card":"summary_large_image","twitter_misc":{"Ber\u00e4knad l\u00e4stid":"2 minuter"},"schema":{"@context":"https:\/\/schema.org","@graph":[{"@type":"WebPage","@id":"https:\/\/nfcjuices.com\/produkt\/przecier-premium-100-dynia-3kg\/","url":"https:\/\/nfcjuices.com\/produkt\/przecier-premium-100-dynia-3kg\/","name":"Pumpamassa 100% 3L | NFC Juices","isPartOf":{"@id":"https:\/\/nfcjuices.com\/#website"},"primaryImageOfPage":{"@id":"https:\/\/nfcjuices.com\/produkt\/przecier-premium-100-dynia-3kg\/#primaryimage"},"image":{"@id":"https:\/\/nfcjuices.com\/produkt\/przecier-premium-100-dynia-3kg\/#primaryimage"},"thumbnailUrl":"https:\/\/nfcjuices.com\/wp-content\/uploads\/2025\/03\/Strona-Nowy-Karton-Dynia-przecier-5.webp","datePublished":"2025-03-13T14:02:26+00:00","dateModified":"2026-04-15T09:55:36+00:00","description":"Naturlig pumpapur\u00e9, past\u00f6riserad, utan tillsatser. F\u00f6r soppor, kr\u00e4mer, s\u00e5ser, desserter och wokr\u00e4tter.","breadcrumb":{"@id":"https:\/\/nfcjuices.com\/produkt\/przecier-premium-100-dynia-3kg\/#breadcrumb"},"inLanguage":"sv-SE","potentialAction":[{"@type":"ReadAction","target":["https:\/\/nfcjuices.com\/produkt\/przecier-premium-100-dynia-3kg\/"]}]},{"@type":"ImageObject","inLanguage":"sv-SE","@id":"https:\/\/nfcjuices.com\/produkt\/przecier-premium-100-dynia-3kg\/#primaryimage","url":"https:\/\/nfcjuices.com\/wp-content\/uploads\/2025\/03\/Strona-Nowy-Karton-Dynia-przecier-5.webp","contentUrl":"https:\/\/nfcjuices.com\/wp-content\/uploads\/2025\/03\/Strona-Nowy-Karton-Dynia-przecier-5.webp","width":750,"height":750},{"@type":"BreadcrumbList","@id":"https:\/\/nfcjuices.com\/produkt\/przecier-premium-100-dynia-3kg\/#breadcrumb","itemListElement":[{"@type":"ListItem","position":1,"name":"Strona g\u0142\u00f3wna","item":"https:\/\/nfcjuices.com\/"},{"@type":"ListItem","position":2,"name":"Nasze produkty","item":"https:\/\/nfcjuices.com\/sv\/vara-produkter\/"},{"@type":"ListItem","position":3,"name":"Przecier premium 100% Dynia 3kg"}]},{"@type":"WebSite","@id":"https:\/\/nfcjuices.com\/#website","url":"https:\/\/nfcjuices.com\/","name":"nfc juicer","description":"Juicer, pur\u00e9er, NFC-mousser p\u00e5 fat","publisher":{"@id":"https:\/\/nfcjuices.com\/#organization"},"potentialAction":[{"@type":"SearchAction","target":{"@type":"EntryPoint","urlTemplate":"https:\/\/nfcjuices.com\/?s={search_term_string}"},"query-input":{"@type":"PropertyValueSpecification","valueRequired":true,"valueName":"search_term_string"}}],"inLanguage":"sv-SE"},{"@type":"Organization","@id":"https:\/\/nfcjuices.com\/#organization","name":"V\u00e5r pressanl\u00e4ggning","url":"https:\/\/nfcjuices.com\/","logo":{"@type":"ImageObject","inLanguage":"sv-SE","@id":"https:\/\/nfcjuices.com\/#\/schema\/logo\/image\/","url":"https:\/\/nfcjuices.com\/wp-content\/uploads\/2025\/05\/cropped-B2b-1.png","contentUrl":"https:\/\/nfcjuices.com\/wp-content\/uploads\/2025\/05\/cropped-B2b-1.png","width":1199,"height":999,"caption":"Nasza T\u0142ocznia"},"image":{"@id":"https:\/\/nfcjuices.com\/#\/schema\/logo\/image\/"}}]}},"_links":{"self":[{"href":"https:\/\/nfcjuices.com\/sv\/wp-json\/wp\/v2\/product\/348","targetHints":{"allow":["GET"]}}],"collection":[{"href":"https:\/\/nfcjuices.com\/sv\/wp-json\/wp\/v2\/product"}],"about":[{"href":"https:\/\/nfcjuices.com\/sv\/wp-json\/wp\/v2\/types\/product"}],"replies":[{"embeddable":true,"href":"https:\/\/nfcjuices.com\/sv\/wp-json\/wp\/v2\/comments?post=348"}],"wp:featuredmedia":[{"embeddable":true,"href":"https:\/\/nfcjuices.com\/sv\/wp-json\/wp\/v2\/media\/417"}],"wp:attachment":[{"href":"https:\/\/nfcjuices.com\/sv\/wp-json\/wp\/v2\/media?parent=348"}],"wp:term":[{"taxonomy":"product_brand","embeddable":true,"href":"https:\/\/nfcjuices.com\/sv\/wp-json\/wp\/v2\/product_brand?post=348"},{"taxonomy":"product_cat","embeddable":true,"href":"https:\/\/nfcjuices.com\/sv\/wp-json\/wp\/v2\/product_cat?post=348"},{"taxonomy":"product_tag","embeddable":true,"href":"https:\/\/nfcjuices.com\/sv\/wp-json\/wp\/v2\/product_tag?post=348"}],"curies":[{"name":"wp","href":"https:\/\/api.w.org\/{rel}","templated":true}]}}