{"id":266,"date":"2025-03-12T16:05:21","date_gmt":"2025-03-12T15:05:21","guid":{"rendered":"https:\/\/nfcjuices.com\/produkt\/pomarancza-czerwona\/"},"modified":"2026-04-08T14:20:30","modified_gmt":"2026-04-08T12:20:30","slug":"rodorange","status":"publish","type":"product","link":"https:\/\/nfcjuices.com\/sv\/produkt\/pomarancza-czerwona\/","title":{"rendered":"Juice 100% R\u00f6d apelsin 200kg"},"content":{"rendered":"<p><strong>Produkttyp:<\/strong> juice <\/p>\n<p> <strong>Brix: <\/strong>Minst 14<br \/><strong>Tekniska specifikationer tillg\u00e4ngliga p\u00e5 beg\u00e4ran.<\/strong><\/p>\n<p><strong>N\u00e4ringsv\u00e4rden:<\/strong><br \/>Energiv\u00e4rde: 40 kcal <\/p>\n<p>  Fett: 0 g <\/p>\n<p>  Kolhydrater: 10 g\t <\/p>\n<p>  -inklusive sockerarter: 8 g <\/p>\n<p>  Protein: 0,5 g\t <\/p>\n<p>  Salt: 0 g <\/p>","protected":false},"excerpt":{"rendered":"<p>Produkttyp: Juice Brix: Min. 14 Tekniska specifikationer finns tillg\u00e4ngliga p\u00e5 beg\u00e4ran. N\u00e4ringsv\u00e4rden: Energiv\u00e4rde: 40 kcal Fett: 0 g Kolhydrater: 10 g - varav sockerarter: 8 g Protein: 0,5 g Salt: 0 g<\/p>","protected":false},"featured_media":175,"comment_status":"open","ping_status":"closed","template":"","meta":[],"product_brand":[],"product_cat":[47,30],"product_tag":[34],"class_list":{"0":"post-266","1":"product","2":"type-product","3":"status-publish","4":"has-post-thumbnail","6":"product_cat-soki-nfc","7":"product_cat-soki-wyciskane-nfc","8":"product_tag-beczka","9":"pa_pojemnosc-200kg","11":"first","12":"onbackorder","13":"taxable","14":"shipping-taxable","15":"purchasable","16":"product-type-simple"},"yoast_head":"<!-- This site is optimized with the Yoast SEO plugin v24.9 - https:\/\/yoast.com\/wordpress\/plugins\/seo\/ -->\n<title>Sok 100% Pomara\u0144cza czerwona 200kg - nfc-juices<\/title>\n<meta name=\"robots\" content=\"index, follow, max-snippet:-1, max-image-preview:large, max-video-preview:-1\" \/>\n<link rel=\"canonical\" href=\"https:\/\/nfcjuices.com\/sv\/produkt\/rodorange\/\" \/>\n<meta property=\"og:locale\" content=\"sv_SE\" \/>\n<meta property=\"og:type\" content=\"article\" \/>\n<meta property=\"og:title\" content=\"Sok 100% Pomara\u0144cza czerwona 200kg - nfc-juices\" \/>\n<meta property=\"og:description\" content=\"Rodzaj produktu: sok Brix: Min. 14Specyfikacja techniczna dost\u0119pna na \u017cyczenie klienta. Warto\u015bci od\u017cywcze:Warto\u015b\u0107 en.: 40 kcal T\u0142uszcz: 0g W\u0119glowodany: 10g -w tym cukry: 8g Bia\u0142ko: 0,5g S\u00f3l: 0g\" \/>\n<meta property=\"og:url\" content=\"https:\/\/nfcjuices.com\/sv\/produkt\/rodorange\/\" \/>\n<meta property=\"og:site_name\" content=\"nfc-juices\" \/>\n<meta property=\"article:modified_time\" content=\"2026-04-08T12:20:30+00:00\" \/>\n<meta property=\"og:image\" content=\"https:\/\/nfcjuices.com\/wp-content\/uploads\/2025\/03\/Czerwona-beczka-1-1024x1024.png\" \/>\n\t<meta property=\"og:image:width\" content=\"1024\" \/>\n\t<meta property=\"og:image:height\" content=\"1024\" \/>\n\t<meta property=\"og:image:type\" content=\"image\/png\" \/>\n<meta name=\"twitter:card\" content=\"summary_large_image\" \/>\n<script type=\"application\/ld+json\" class=\"yoast-schema-graph\">{\"@context\":\"https:\/\/schema.org\",\"@graph\":[{\"@type\":\"WebPage\",\"@id\":\"https:\/\/nfcjuices.com\/produkt\/pomarancza-czerwona\/\",\"url\":\"https:\/\/nfcjuices.com\/produkt\/pomarancza-czerwona\/\",\"name\":\"Sok 100% Pomara\u0144cza czerwona 200kg - nfc-juices\",\"isPartOf\":{\"@id\":\"https:\/\/nfcjuices.com\/#website\"},\"primaryImageOfPage\":{\"@id\":\"https:\/\/nfcjuices.com\/produkt\/pomarancza-czerwona\/#primaryimage\"},\"image\":{\"@id\":\"https:\/\/nfcjuices.com\/produkt\/pomarancza-czerwona\/#primaryimage\"},\"thumbnailUrl\":\"https:\/\/nfcjuices.com\/wp-content\/uploads\/2025\/03\/Czerwona-beczka-1.png\",\"datePublished\":\"2025-03-12T15:05:21+00:00\",\"dateModified\":\"2026-04-08T12:20:30+00:00\",\"breadcrumb\":{\"@id\":\"https:\/\/nfcjuices.com\/produkt\/pomarancza-czerwona\/#breadcrumb\"},\"inLanguage\":\"sv-SE\",\"potentialAction\":[{\"@type\":\"ReadAction\",\"target\":[\"https:\/\/nfcjuices.com\/produkt\/pomarancza-czerwona\/\"]}]},{\"@type\":\"ImageObject\",\"inLanguage\":\"sv-SE\",\"@id\":\"https:\/\/nfcjuices.com\/produkt\/pomarancza-czerwona\/#primaryimage\",\"url\":\"https:\/\/nfcjuices.com\/wp-content\/uploads\/2025\/03\/Czerwona-beczka-1.png\",\"contentUrl\":\"https:\/\/nfcjuices.com\/wp-content\/uploads\/2025\/03\/Czerwona-beczka-1.png\",\"width\":1980,\"height\":1980},{\"@type\":\"BreadcrumbList\",\"@id\":\"https:\/\/nfcjuices.com\/produkt\/pomarancza-czerwona\/#breadcrumb\",\"itemListElement\":[{\"@type\":\"ListItem\",\"position\":1,\"name\":\"Strona g\u0142\u00f3wna\",\"item\":\"https:\/\/nfcjuices.com\/\"},{\"@type\":\"ListItem\",\"position\":2,\"name\":\"Nasze produkty\",\"item\":\"https:\/\/nfcjuices.com\/sv\/vara-produkter\/\"},{\"@type\":\"ListItem\",\"position\":3,\"name\":\"Sok 100% Pomara\u0144cza czerwona 200kg\"}]},{\"@type\":\"WebSite\",\"@id\":\"https:\/\/nfcjuices.com\/#website\",\"url\":\"https:\/\/nfcjuices.com\/\",\"name\":\"nfc-juices\",\"description\":\"Soki, przeciery, musy NFC w beczkach\",\"publisher\":{\"@id\":\"https:\/\/nfcjuices.com\/#organization\"},\"potentialAction\":[{\"@type\":\"SearchAction\",\"target\":{\"@type\":\"EntryPoint\",\"urlTemplate\":\"https:\/\/nfcjuices.com\/?s={search_term_string}\"},\"query-input\":{\"@type\":\"PropertyValueSpecification\",\"valueRequired\":true,\"valueName\":\"search_term_string\"}}],\"inLanguage\":\"sv-SE\"},{\"@type\":\"Organization\",\"@id\":\"https:\/\/nfcjuices.com\/#organization\",\"name\":\"Nasza T\u0142ocznia\",\"url\":\"https:\/\/nfcjuices.com\/\",\"logo\":{\"@type\":\"ImageObject\",\"inLanguage\":\"sv-SE\",\"@id\":\"https:\/\/nfcjuices.com\/#\/schema\/logo\/image\/\",\"url\":\"https:\/\/nfcjuices.com\/wp-content\/uploads\/2025\/05\/cropped-B2b-1.png\",\"contentUrl\":\"https:\/\/nfcjuices.com\/wp-content\/uploads\/2025\/05\/cropped-B2b-1.png\",\"width\":1199,\"height\":999,\"caption\":\"Nasza T\u0142ocznia\"},\"image\":{\"@id\":\"https:\/\/nfcjuices.com\/#\/schema\/logo\/image\/\"}}]}<\/script>\n<!-- \/ Yoast SEO plugin. -->","yoast_head_json":{"title":"Juice 100% R\u00f6d apelsin 200kg - nfc-juicer","robots":{"index":"index","follow":"follow","max-snippet":"max-snippet:-1","max-image-preview":"max-image-preview:large","max-video-preview":"max-video-preview:-1"},"canonical":"https:\/\/nfcjuices.com\/sv\/produkt\/rodorange\/","og_locale":"sv_SE","og_type":"article","og_title":"Sok 100% Pomara\u0144cza czerwona 200kg - nfc-juices","og_description":"Rodzaj produktu: sok Brix: Min. 14Specyfikacja techniczna dost\u0119pna na \u017cyczenie klienta. Warto\u015bci od\u017cywcze:Warto\u015b\u0107 en.: 40 kcal T\u0142uszcz: 0g W\u0119glowodany: 10g -w tym cukry: 8g Bia\u0142ko: 0,5g S\u00f3l: 0g","og_url":"https:\/\/nfcjuices.com\/sv\/produkt\/rodorange\/","og_site_name":"nfc-juices","article_modified_time":"2026-04-08T12:20:30+00:00","og_image":[{"width":1024,"height":1024,"url":"https:\/\/nfcjuices.com\/wp-content\/uploads\/2025\/03\/Czerwona-beczka-1-1024x1024.png","type":"image\/png"}],"twitter_card":"summary_large_image","schema":{"@context":"https:\/\/schema.org","@graph":[{"@type":"WebPage","@id":"https:\/\/nfcjuices.com\/produkt\/pomarancza-czerwona\/","url":"https:\/\/nfcjuices.com\/produkt\/pomarancza-czerwona\/","name":"Juice 100% R\u00f6d apelsin 200kg - nfc-juicer","isPartOf":{"@id":"https:\/\/nfcjuices.com\/#website"},"primaryImageOfPage":{"@id":"https:\/\/nfcjuices.com\/produkt\/pomarancza-czerwona\/#primaryimage"},"image":{"@id":"https:\/\/nfcjuices.com\/produkt\/pomarancza-czerwona\/#primaryimage"},"thumbnailUrl":"https:\/\/nfcjuices.com\/wp-content\/uploads\/2025\/03\/Czerwona-beczka-1.png","datePublished":"2025-03-12T15:05:21+00:00","dateModified":"2026-04-08T12:20:30+00:00","breadcrumb":{"@id":"https:\/\/nfcjuices.com\/produkt\/pomarancza-czerwona\/#breadcrumb"},"inLanguage":"sv-SE","potentialAction":[{"@type":"ReadAction","target":["https:\/\/nfcjuices.com\/produkt\/pomarancza-czerwona\/"]}]},{"@type":"ImageObject","inLanguage":"sv-SE","@id":"https:\/\/nfcjuices.com\/produkt\/pomarancza-czerwona\/#primaryimage","url":"https:\/\/nfcjuices.com\/wp-content\/uploads\/2025\/03\/Czerwona-beczka-1.png","contentUrl":"https:\/\/nfcjuices.com\/wp-content\/uploads\/2025\/03\/Czerwona-beczka-1.png","width":1980,"height":1980},{"@type":"BreadcrumbList","@id":"https:\/\/nfcjuices.com\/produkt\/pomarancza-czerwona\/#breadcrumb","itemListElement":[{"@type":"ListItem","position":1,"name":"Strona g\u0142\u00f3wna","item":"https:\/\/nfcjuices.com\/"},{"@type":"ListItem","position":2,"name":"Nasze produkty","item":"https:\/\/nfcjuices.com\/sv\/vara-produkter\/"},{"@type":"ListItem","position":3,"name":"Sok 100% Pomara\u0144cza czerwona 200kg"}]},{"@type":"WebSite","@id":"https:\/\/nfcjuices.com\/#website","url":"https:\/\/nfcjuices.com\/","name":"nfc juicer","description":"Juicer, pur\u00e9er, NFC-mousser p\u00e5 fat","publisher":{"@id":"https:\/\/nfcjuices.com\/#organization"},"potentialAction":[{"@type":"SearchAction","target":{"@type":"EntryPoint","urlTemplate":"https:\/\/nfcjuices.com\/?s={search_term_string}"},"query-input":{"@type":"PropertyValueSpecification","valueRequired":true,"valueName":"search_term_string"}}],"inLanguage":"sv-SE"},{"@type":"Organization","@id":"https:\/\/nfcjuices.com\/#organization","name":"V\u00e5r pressanl\u00e4ggning","url":"https:\/\/nfcjuices.com\/","logo":{"@type":"ImageObject","inLanguage":"sv-SE","@id":"https:\/\/nfcjuices.com\/#\/schema\/logo\/image\/","url":"https:\/\/nfcjuices.com\/wp-content\/uploads\/2025\/05\/cropped-B2b-1.png","contentUrl":"https:\/\/nfcjuices.com\/wp-content\/uploads\/2025\/05\/cropped-B2b-1.png","width":1199,"height":999,"caption":"Nasza T\u0142ocznia"},"image":{"@id":"https:\/\/nfcjuices.com\/#\/schema\/logo\/image\/"}}]}},"_links":{"self":[{"href":"https:\/\/nfcjuices.com\/sv\/wp-json\/wp\/v2\/product\/266","targetHints":{"allow":["GET"]}}],"collection":[{"href":"https:\/\/nfcjuices.com\/sv\/wp-json\/wp\/v2\/product"}],"about":[{"href":"https:\/\/nfcjuices.com\/sv\/wp-json\/wp\/v2\/types\/product"}],"replies":[{"embeddable":true,"href":"https:\/\/nfcjuices.com\/sv\/wp-json\/wp\/v2\/comments?post=266"}],"wp:featuredmedia":[{"embeddable":true,"href":"https:\/\/nfcjuices.com\/sv\/wp-json\/wp\/v2\/media\/175"}],"wp:attachment":[{"href":"https:\/\/nfcjuices.com\/sv\/wp-json\/wp\/v2\/media?parent=266"}],"wp:term":[{"taxonomy":"product_brand","embeddable":true,"href":"https:\/\/nfcjuices.com\/sv\/wp-json\/wp\/v2\/product_brand?post=266"},{"taxonomy":"product_cat","embeddable":true,"href":"https:\/\/nfcjuices.com\/sv\/wp-json\/wp\/v2\/product_cat?post=266"},{"taxonomy":"product_tag","embeddable":true,"href":"https:\/\/nfcjuices.com\/sv\/wp-json\/wp\/v2\/product_tag?post=266"}],"curies":[{"name":"wp","href":"https:\/\/api.w.org\/{rel}","templated":true}]}}