{"id":261,"date":"2025-03-12T16:05:20","date_gmt":"2025-03-12T15:05:20","guid":{"rendered":"https:\/\/nfcjuices.com\/produkt\/grejpfrut-czerwony\/"},"modified":"2026-03-26T11:41:32","modified_gmt":"2026-03-26T10:41:32","slug":"rod-grapefrukt","status":"publish","type":"product","link":"https:\/\/nfcjuices.com\/sv\/produkt\/grejpfrut-czerwony\/","title":{"rendered":"Juice 100% R\u00f6d grapefrukt 200 kg"},"content":{"rendered":"<p><strong>Produkttyp:<\/strong> juice <\/p>\n<p> <strong>Brix: <\/strong>Minst 8,3<br \/><strong>Tekniska specifikationer tillg\u00e4ngliga p\u00e5 beg\u00e4ran.<\/strong><\/p>\n<p><strong>N\u00e4ringsv\u00e4rden:<\/strong><br \/>Energiv\u00e4rde: 33 kcal <\/p>\n<p>  Fett: 0,3 g <\/p>\n<p>  Kolhydrater: 8,6 g\t <\/p>\n<p>  -inklusive sockerarter: 8,6 g <\/p>\n<p>Protein: 0,5 g <\/p>\n<p>  Salt: 0,018 g<\/p>","protected":false},"excerpt":{"rendered":"<p>Rodzaj produktu: sok Brix: Min. 8,3Specyfikacja techniczna dost\u0119pna na \u017cyczenie klienta. Warto\u015bci od\u017cywcze:Warto\u015b\u0107 energetyczna: 33 kcal T\u0142uszcz: 0,3g W\u0119glowodany: 8,6g -w tym cukry: 8,6g Bia\u0142ko: 0,5g S\u00f3l: 0,018g<\/p>","protected":false},"featured_media":175,"comment_status":"open","ping_status":"closed","template":"","meta":[],"product_brand":[],"product_cat":[47,30],"product_tag":[34],"class_list":{"0":"post-261","1":"product","2":"type-product","3":"status-publish","4":"has-post-thumbnail","6":"product_cat-soki-nfc","7":"product_cat-soki-wyciskane-nfc","8":"product_tag-beczka","9":"pa_pojemnosc-200kg","11":"first","12":"onbackorder","13":"taxable","14":"shipping-taxable","15":"purchasable","16":"product-type-simple"},"yoast_head":"<!-- This site is optimized with the Yoast SEO plugin v24.9 - https:\/\/yoast.com\/wordpress\/plugins\/seo\/ -->\n<title>Sok z Grejpfruta Czerwonego NFC | Beczka 200 kg | Do napoj\u00f3w<\/title>\n<meta name=\"description\" content=\"Naturalny sok 100% z czerwonego grejpfruta NFC w beczce 200 kg. Pasteryzowany, bez cukru. Do lemoniad, deser\u00f3w i piw rzemie\u015blniczych. Dostawa paletowa\" \/>\n<meta name=\"robots\" content=\"index, follow, max-snippet:-1, max-image-preview:large, max-video-preview:-1\" \/>\n<link rel=\"canonical\" href=\"https:\/\/nfcjuices.com\/sv\/produkt\/rod-grapefrukt\/\" \/>\n<meta property=\"og:locale\" content=\"sv_SE\" \/>\n<meta property=\"og:type\" content=\"article\" \/>\n<meta property=\"og:title\" content=\"Sok z Grejpfruta Czerwonego NFC | Beczka 200 kg | Do napoj\u00f3w\" \/>\n<meta property=\"og:description\" content=\"Naturalny sok 100% z czerwonego grejpfruta NFC w beczce 200 kg. Pasteryzowany, bez cukru. Do lemoniad, deser\u00f3w i piw rzemie\u015blniczych. Dostawa paletowa\" \/>\n<meta property=\"og:url\" content=\"https:\/\/nfcjuices.com\/sv\/produkt\/rod-grapefrukt\/\" \/>\n<meta property=\"og:site_name\" content=\"nfc-juices\" \/>\n<meta property=\"article:modified_time\" content=\"2026-03-26T10:41:32+00:00\" \/>\n<meta property=\"og:image\" content=\"https:\/\/nfcjuices.com\/wp-content\/uploads\/2025\/03\/Czerwona-beczka-1-1024x1024.png\" \/>\n\t<meta property=\"og:image:width\" content=\"1024\" \/>\n\t<meta property=\"og:image:height\" content=\"1024\" \/>\n\t<meta property=\"og:image:type\" content=\"image\/png\" \/>\n<meta name=\"twitter:card\" content=\"summary_large_image\" \/>\n<meta name=\"twitter:label1\" content=\"Ber\u00e4knad l\u00e4stid\" \/>\n\t<meta name=\"twitter:data1\" content=\"2 minuter\" \/>\n<script type=\"application\/ld+json\" class=\"yoast-schema-graph\">{\"@context\":\"https:\/\/schema.org\",\"@graph\":[{\"@type\":\"WebPage\",\"@id\":\"https:\/\/nfcjuices.com\/produkt\/grejpfrut-czerwony\/\",\"url\":\"https:\/\/nfcjuices.com\/produkt\/grejpfrut-czerwony\/\",\"name\":\"Sok z Grejpfruta Czerwonego NFC | Beczka 200 kg | Do napoj\u00f3w\",\"isPartOf\":{\"@id\":\"https:\/\/nfcjuices.com\/#website\"},\"primaryImageOfPage\":{\"@id\":\"https:\/\/nfcjuices.com\/produkt\/grejpfrut-czerwony\/#primaryimage\"},\"image\":{\"@id\":\"https:\/\/nfcjuices.com\/produkt\/grejpfrut-czerwony\/#primaryimage\"},\"thumbnailUrl\":\"https:\/\/nfcjuices.com\/wp-content\/uploads\/2025\/03\/Czerwona-beczka-1.png\",\"datePublished\":\"2025-03-12T15:05:20+00:00\",\"dateModified\":\"2026-03-26T10:41:32+00:00\",\"description\":\"Naturalny sok 100% z czerwonego grejpfruta NFC w beczce 200 kg. Pasteryzowany, bez cukru. Do lemoniad, deser\u00f3w i piw rzemie\u015blniczych. Dostawa paletowa\",\"breadcrumb\":{\"@id\":\"https:\/\/nfcjuices.com\/produkt\/grejpfrut-czerwony\/#breadcrumb\"},\"inLanguage\":\"sv-SE\",\"potentialAction\":[{\"@type\":\"ReadAction\",\"target\":[\"https:\/\/nfcjuices.com\/produkt\/grejpfrut-czerwony\/\"]}]},{\"@type\":\"ImageObject\",\"inLanguage\":\"sv-SE\",\"@id\":\"https:\/\/nfcjuices.com\/produkt\/grejpfrut-czerwony\/#primaryimage\",\"url\":\"https:\/\/nfcjuices.com\/wp-content\/uploads\/2025\/03\/Czerwona-beczka-1.png\",\"contentUrl\":\"https:\/\/nfcjuices.com\/wp-content\/uploads\/2025\/03\/Czerwona-beczka-1.png\",\"width\":1980,\"height\":1980},{\"@type\":\"BreadcrumbList\",\"@id\":\"https:\/\/nfcjuices.com\/produkt\/grejpfrut-czerwony\/#breadcrumb\",\"itemListElement\":[{\"@type\":\"ListItem\",\"position\":1,\"name\":\"Strona g\u0142\u00f3wna\",\"item\":\"https:\/\/nfcjuices.com\/\"},{\"@type\":\"ListItem\",\"position\":2,\"name\":\"Nasze produkty\",\"item\":\"https:\/\/nfcjuices.com\/sv\/vara-produkter\/\"},{\"@type\":\"ListItem\",\"position\":3,\"name\":\"Sok 100% Grejpfrut czerwony 200kg\"}]},{\"@type\":\"WebSite\",\"@id\":\"https:\/\/nfcjuices.com\/#website\",\"url\":\"https:\/\/nfcjuices.com\/\",\"name\":\"nfc-juices\",\"description\":\"Soki, przeciery, musy NFC w beczkach\",\"publisher\":{\"@id\":\"https:\/\/nfcjuices.com\/#organization\"},\"potentialAction\":[{\"@type\":\"SearchAction\",\"target\":{\"@type\":\"EntryPoint\",\"urlTemplate\":\"https:\/\/nfcjuices.com\/?s={search_term_string}\"},\"query-input\":{\"@type\":\"PropertyValueSpecification\",\"valueRequired\":true,\"valueName\":\"search_term_string\"}}],\"inLanguage\":\"sv-SE\"},{\"@type\":\"Organization\",\"@id\":\"https:\/\/nfcjuices.com\/#organization\",\"name\":\"Nasza T\u0142ocznia\",\"url\":\"https:\/\/nfcjuices.com\/\",\"logo\":{\"@type\":\"ImageObject\",\"inLanguage\":\"sv-SE\",\"@id\":\"https:\/\/nfcjuices.com\/#\/schema\/logo\/image\/\",\"url\":\"https:\/\/nfcjuices.com\/wp-content\/uploads\/2025\/05\/cropped-B2b-1.png\",\"contentUrl\":\"https:\/\/nfcjuices.com\/wp-content\/uploads\/2025\/05\/cropped-B2b-1.png\",\"width\":1199,\"height\":999,\"caption\":\"Nasza T\u0142ocznia\"},\"image\":{\"@id\":\"https:\/\/nfcjuices.com\/#\/schema\/logo\/image\/\"}}]}<\/script>\n<!-- \/ Yoast SEO plugin. -->","yoast_head_json":{"title":"NFC R\u00f6d grapefruktjuice | 200 kg fat | F\u00f6r drycker","description":"Naturlig 100% NFC r\u00f6d grapefruktjuice i ett 200 kg fat. Past\u00f6riserad, sockerfri. F\u00f6r lemonader, desserter och hantverks\u00f6l. Leverans fr\u00e5n pall.","robots":{"index":"index","follow":"follow","max-snippet":"max-snippet:-1","max-image-preview":"max-image-preview:large","max-video-preview":"max-video-preview:-1"},"canonical":"https:\/\/nfcjuices.com\/sv\/produkt\/rod-grapefrukt\/","og_locale":"sv_SE","og_type":"article","og_title":"Sok z Grejpfruta Czerwonego NFC | Beczka 200 kg | Do napoj\u00f3w","og_description":"Naturalny sok 100% z czerwonego grejpfruta NFC w beczce 200 kg. Pasteryzowany, bez cukru. Do lemoniad, deser\u00f3w i piw rzemie\u015blniczych. Dostawa paletowa","og_url":"https:\/\/nfcjuices.com\/sv\/produkt\/rod-grapefrukt\/","og_site_name":"nfc-juices","article_modified_time":"2026-03-26T10:41:32+00:00","og_image":[{"width":1024,"height":1024,"url":"https:\/\/nfcjuices.com\/wp-content\/uploads\/2025\/03\/Czerwona-beczka-1-1024x1024.png","type":"image\/png"}],"twitter_card":"summary_large_image","twitter_misc":{"Ber\u00e4knad l\u00e4stid":"2 minuter"},"schema":{"@context":"https:\/\/schema.org","@graph":[{"@type":"WebPage","@id":"https:\/\/nfcjuices.com\/produkt\/grejpfrut-czerwony\/","url":"https:\/\/nfcjuices.com\/produkt\/grejpfrut-czerwony\/","name":"NFC R\u00f6d grapefruktjuice | 200 kg fat | F\u00f6r drycker","isPartOf":{"@id":"https:\/\/nfcjuices.com\/#website"},"primaryImageOfPage":{"@id":"https:\/\/nfcjuices.com\/produkt\/grejpfrut-czerwony\/#primaryimage"},"image":{"@id":"https:\/\/nfcjuices.com\/produkt\/grejpfrut-czerwony\/#primaryimage"},"thumbnailUrl":"https:\/\/nfcjuices.com\/wp-content\/uploads\/2025\/03\/Czerwona-beczka-1.png","datePublished":"2025-03-12T15:05:20+00:00","dateModified":"2026-03-26T10:41:32+00:00","description":"Naturlig 100% NFC r\u00f6d grapefruktjuice i ett 200 kg fat. Past\u00f6riserad, sockerfri. F\u00f6r lemonader, desserter och hantverks\u00f6l. Leverans fr\u00e5n pall.","breadcrumb":{"@id":"https:\/\/nfcjuices.com\/produkt\/grejpfrut-czerwony\/#breadcrumb"},"inLanguage":"sv-SE","potentialAction":[{"@type":"ReadAction","target":["https:\/\/nfcjuices.com\/produkt\/grejpfrut-czerwony\/"]}]},{"@type":"ImageObject","inLanguage":"sv-SE","@id":"https:\/\/nfcjuices.com\/produkt\/grejpfrut-czerwony\/#primaryimage","url":"https:\/\/nfcjuices.com\/wp-content\/uploads\/2025\/03\/Czerwona-beczka-1.png","contentUrl":"https:\/\/nfcjuices.com\/wp-content\/uploads\/2025\/03\/Czerwona-beczka-1.png","width":1980,"height":1980},{"@type":"BreadcrumbList","@id":"https:\/\/nfcjuices.com\/produkt\/grejpfrut-czerwony\/#breadcrumb","itemListElement":[{"@type":"ListItem","position":1,"name":"Strona g\u0142\u00f3wna","item":"https:\/\/nfcjuices.com\/"},{"@type":"ListItem","position":2,"name":"Nasze produkty","item":"https:\/\/nfcjuices.com\/sv\/vara-produkter\/"},{"@type":"ListItem","position":3,"name":"Sok 100% Grejpfrut czerwony 200kg"}]},{"@type":"WebSite","@id":"https:\/\/nfcjuices.com\/#website","url":"https:\/\/nfcjuices.com\/","name":"nfc juicer","description":"Juicer, pur\u00e9er, NFC-mousser p\u00e5 fat","publisher":{"@id":"https:\/\/nfcjuices.com\/#organization"},"potentialAction":[{"@type":"SearchAction","target":{"@type":"EntryPoint","urlTemplate":"https:\/\/nfcjuices.com\/?s={search_term_string}"},"query-input":{"@type":"PropertyValueSpecification","valueRequired":true,"valueName":"search_term_string"}}],"inLanguage":"sv-SE"},{"@type":"Organization","@id":"https:\/\/nfcjuices.com\/#organization","name":"V\u00e5r pressanl\u00e4ggning","url":"https:\/\/nfcjuices.com\/","logo":{"@type":"ImageObject","inLanguage":"sv-SE","@id":"https:\/\/nfcjuices.com\/#\/schema\/logo\/image\/","url":"https:\/\/nfcjuices.com\/wp-content\/uploads\/2025\/05\/cropped-B2b-1.png","contentUrl":"https:\/\/nfcjuices.com\/wp-content\/uploads\/2025\/05\/cropped-B2b-1.png","width":1199,"height":999,"caption":"Nasza T\u0142ocznia"},"image":{"@id":"https:\/\/nfcjuices.com\/#\/schema\/logo\/image\/"}}]}},"_links":{"self":[{"href":"https:\/\/nfcjuices.com\/sv\/wp-json\/wp\/v2\/product\/261","targetHints":{"allow":["GET"]}}],"collection":[{"href":"https:\/\/nfcjuices.com\/sv\/wp-json\/wp\/v2\/product"}],"about":[{"href":"https:\/\/nfcjuices.com\/sv\/wp-json\/wp\/v2\/types\/product"}],"replies":[{"embeddable":true,"href":"https:\/\/nfcjuices.com\/sv\/wp-json\/wp\/v2\/comments?post=261"}],"wp:featuredmedia":[{"embeddable":true,"href":"https:\/\/nfcjuices.com\/sv\/wp-json\/wp\/v2\/media\/175"}],"wp:attachment":[{"href":"https:\/\/nfcjuices.com\/sv\/wp-json\/wp\/v2\/media?parent=261"}],"wp:term":[{"taxonomy":"product_brand","embeddable":true,"href":"https:\/\/nfcjuices.com\/sv\/wp-json\/wp\/v2\/product_brand?post=261"},{"taxonomy":"product_cat","embeddable":true,"href":"https:\/\/nfcjuices.com\/sv\/wp-json\/wp\/v2\/product_cat?post=261"},{"taxonomy":"product_tag","embeddable":true,"href":"https:\/\/nfcjuices.com\/sv\/wp-json\/wp\/v2\/product_tag?post=261"}],"curies":[{"name":"wp","href":"https:\/\/api.w.org\/{rel}","templated":true}]}}