{"id":33,"date":"2025-04-15T11:38:29","date_gmt":"2025-04-15T09:38:29","guid":{"rendered":"https:\/\/nfcjuices.com\/?page_id=33"},"modified":"2025-04-15T11:38:30","modified_gmt":"2025-04-15T09:38:30","slug":"returer","status":"publish","type":"page","link":"https:\/\/nfcjuices.com\/sv\/zwroty\/","title":{"rendered":"Returer, reklamationer"},"content":{"rendered":"<p>Mina damer och herrar,<\/p>\n\n\n\n<p>Om en produkt som k\u00f6pts i Nasza T\u0142ocznias webbutik inte uppfyller dina f\u00f6rv\u00e4ntningar eller om det finns grund f\u00f6r reklamation, \u00e4r det m\u00f6jligt att returnera eller reklamera produkten inom en viss tidsfrist. Reglerna f\u00f6r returer, vilka samtidigt utg\u00f6r ett fr\u00e5ntr\u00e4de av det ing\u00e5ngna avtalet och reklamationer, regleras och specificeras i Onlinebutikens regler - punkterna 10 och 11.<\/p>\n\n\n\n<p><strong>\u00a710&nbsp;<\/strong>R\u00e4tt att fr\u00e5ntr\u00e4da avtalet<\/p>\n\n\n\n<ol class=\"wp-block-list\">\n<li>Kunden (konsument och n\u00e4ringsidkare med konsumentr\u00e4ttigheter) kan fr\u00e5ntr\u00e4da avtalet inom 14 dagar utan att ange n\u00e5gon anledning.<\/li>\n\n\n\n<li>Den period som anges i punkt 1 b\u00f6rjar l\u00f6pa fr\u00e5n det datum d\u00e5 Produkten levererades till Kunden.<\/li>\n\n\n\n<li>I h\u00e4ndelse av ett avtal som omfattar flera produkter som levereras separat, i partier eller i delar, ska den period som anges i punkt 1 l\u00f6pa fr\u00e5n leveransen av den sista artikeln, partiet eller delen.<\/li>\n\n\n\n<li>Kunden kan fr\u00e5ntr\u00e4da avtalet genom att till s\u00e4ljaren l\u00e4mna in en ifylld och undertecknad fr\u00e5ntr\u00e4dandef\u00f6rklaring (ladda ner returblanketten nedan). F\u00f6r att iaktta tidsfristen f\u00f6r att fr\u00e5ntr\u00e4da avtalet r\u00e4cker det att konsumenten skickar in en f\u00f6rklaring innan tidsfristen l\u00f6per ut.<\/li>\n\n\n\n<li>Deklarationen kan skickas med vanlig post eller elektroniskt. Den ska inneh\u00e5lla kundens uppgifter, ordernummer, f\u00f6rs\u00e4ljningsdokumentnummer, angivelse av produkten som returneras och eventuellt orsaken till returen.<\/li>\n\n\n\n<li>Den returnerade produkten m\u00e5ste vara s\u00e4ljaren tillhanda&nbsp;<strong>i perfekt skick<\/strong>, visar inga tecken p\u00e5 anv\u00e4ndning&nbsp;<strong>tillsammans med k\u00f6pbekr\u00e4ftelsen<\/strong>&nbsp;\u2013 ett kvitto eller en momsfaktura, ifylld och undertecknad&nbsp;<strong>returformul\u00e4r<\/strong>. Returer utan f\u00f6rs\u00e4ljningsdokument eller returblankett kommer inte att behandlas.<\/li>\n\n\n\n<li>Kostnaderna f\u00f6r att leverera den returnerade produkten till s\u00e4ljaren b\u00e4rs av kunden.<\/li>\n\n\n\n<li>Postf\u00f6rskottsbetalningar accepteras inte.<\/li>\n\n\n\n<li>S\u00e4ljaren kommer att \u00e5terbetala betalningen med samma betalningsmetoder som anv\u00e4ndes av Kunden i den ursprungliga transaktionen, s\u00e5vida inte Kunden uttryckligen har samtyckt till en annan l\u00f6sning som inte medf\u00f6r n\u00e5gra kostnader f\u00f6r honom.<\/li>\n\n\n\n<li>S\u00e4ljaren \u00e5terbetalar betalningen inom 14 dagar fr\u00e5n det att returen bekr\u00e4ftats, d.v.s. produkten inte uppvisar n\u00e5gra sp\u00e5r av anv\u00e4ndning och returen inneh\u00e5ller alla n\u00f6dv\u00e4ndiga dokument som anges i punkt 6 i denna paragraf.<\/li>\n<\/ol>\n\n\n\n<p><strong>\u00a711&nbsp;<\/strong>Klagom\u00e5l<\/p>\n\n\n\n<ol class=\"wp-block-list\">\n<li>S\u00e4ljaren ansvarar f\u00f6r att de s\u00e5lda produkterna har r\u00e4tt kvalitet.<\/li>\n\n\n\n<li>Eventuella klagom\u00e5l kan l\u00e4mnas in inom h\u00f6gst 14 dagar fr\u00e5n det att Kunden uppt\u00e4cker eventuella oegentligheter relaterade till Best\u00e4llningen eller Produkten.<\/li>\n\n\n\n<li>Kunden (konsument och f\u00f6retagare med konsumentr\u00e4ttigheter) kan l\u00e4mna in ett klagom\u00e5l genom att skicka in ett klagom\u00e5lsformul\u00e4r (produktreklamationsblankett finns att ladda ner nedan).<\/li>\n\n\n\n<li>Klagom\u00e5lsyttrandet kan skickas in via vanlig post eller elektroniskt.<\/li>\n\n\n\n<li>Den produkt som \u00e4r f\u00f6rem\u00e5l f\u00f6r reklamation ska levereras tillsammans med k\u00f6pbekr\u00e4ftelse och ett ifyllt och undertecknat reklamationsformul\u00e4r. <\/li>\n\n\n\n<li>Kostnaderna f\u00f6r att returnera den klagade produkten b\u00e4rs av s\u00e4ljaren genom att skicka en fraktetikett till kunden.<\/li>\n\n\n\n<li>Postf\u00f6rskottsbetalningar accepteras inte.<\/li>\n\n\n\n<li>Reklamationer kommer att behandlas av s\u00e4ljaren inom 14 dagar efter mottagandet av produkten.<\/li>\n<\/ol>\n\n\n\n<div data-wp-interactive=\"core\/file\" class=\"wp-block-file\"><object data-wp-bind--hidden=\"!state.hasPdfPreview\" hidden class=\"wp-block-file__embed\" data=\"https:\/\/naszatlocznia.pl\/wp-content\/uploads\/2023\/01\/Nasza-Tlocznia-Formularz-zwrotu-towaru-1.pdf\" type=\"application\/pdf\" style=\"width:100%;height:600px\" aria-label=\"Inb\u00e4ddning av Nasza-Tlocznia-Formularz-zwrotu-towaru-1.\"><\/object><a id=\"wp-block-file--media-3de63507-db4c-4865-9d84-4e3c7b0a9994\" href=\"https:\/\/naszatlocznia.pl\/wp-content\/uploads\/2023\/01\/Nasza-Tlocznia-Formularz-zwrotu-towaru-1.pdf\">V\u00e5r-P\u0142ocznia-Retur-av-Varor-Formul\u00e4r-1<\/a><a href=\"https:\/\/naszatlocznia.pl\/wp-content\/uploads\/2023\/01\/Nasza-Tlocznia-Formularz-zwrotu-towaru-1.pdf\" class=\"wp-block-file__button wp-element-button\" download aria-describedby=\"wp-block-file--media-3de63507-db4c-4865-9d84-4e3c7b0a9994\">Ladda ner<\/a><\/div>\n\n\n\n<div data-wp-interactive=\"core\/file\" class=\"wp-block-file\"><object data-wp-bind--hidden=\"!state.hasPdfPreview\" hidden class=\"wp-block-file__embed\" data=\"https:\/\/naszatlocznia.pl\/wp-content\/uploads\/2023\/01\/Nasza-Tlocznia-Formularz-reklamacji-towaru-1.pdf\" type=\"application\/pdf\" style=\"width:100%;height:600px\" aria-label=\"Inb\u00e4ddning av Nasza-Tlocznia-Formularz-reklamacji-towaru-1.\"><\/object><a id=\"wp-block-file--media-609b336b-8a62-4671-a006-68f4eca3a8cf\" href=\"https:\/\/naszatlocznia.pl\/wp-content\/uploads\/2023\/01\/Nasza-Tlocznia-Formularz-reklamacji-towaru-1.pdf\">Nasza-P\u0142ocznia-Product-complaint-form-1<\/a><a href=\"https:\/\/naszatlocznia.pl\/wp-content\/uploads\/2023\/01\/Nasza-Tlocznia-Formularz-reklamacji-towaru-1.pdf\" class=\"wp-block-file__button wp-element-button\" download aria-describedby=\"wp-block-file--media-609b336b-8a62-4671-a006-68f4eca3a8cf\">Ladda ner<\/a><\/div>","protected":false},"excerpt":{"rendered":"<p>Szanowni Pa\u0144stwo, Je\u015bli Produkt zakupiony w&nbsp;Sklepie internetowym Nasza T\u0142ocznia nie spe\u0142nia Pa\u0144stwa oczekiwa\u0144 lub wyst\u0119puj\u0105 podstawy do jego reklamacji, mo\u017cliwy jest zwrot lub reklamacja Produktu w&nbsp;okre\u015blonym terminie. Zasady dokonywania zwrot\u00f3w, b\u0119d\u0105cych jednocze\u015bnie odst\u0105pieniem od zawartej Umowy oraz reklamacji, reguluje i&nbsp;okre\u015bla Regulamin Sklepu internetowego \u2013 paragrafy 10 i&nbsp;11. \u00a710&nbsp;Prawo odst\u0105pienia od Umowy \u00a711&nbsp;Reklamacja<\/p>","protected":false},"author":1,"featured_media":0,"parent":0,"menu_order":0,"comment_status":"closed","ping_status":"closed","template":"","meta":{"footnotes":""},"class_list":["post-33","page","type-page","status-publish","hentry"],"yoast_head":"<!-- This site is optimized with the Yoast SEO plugin v24.9 - https:\/\/yoast.com\/wordpress\/plugins\/seo\/ -->\n<title>Zwroty, reklamacje - nfc-juices<\/title>\n<meta name=\"robots\" content=\"index, follow, max-snippet:-1, max-image-preview:large, max-video-preview:-1\" \/>\n<link rel=\"canonical\" href=\"https:\/\/nfcjuices.com\/sv\/returer\/\" \/>\n<meta property=\"og:locale\" content=\"sv_SE\" \/>\n<meta property=\"og:type\" content=\"article\" \/>\n<meta property=\"og:title\" content=\"Zwroty, reklamacje - nfc-juices\" \/>\n<meta property=\"og:description\" content=\"Szanowni Pa\u0144stwo, Je\u015bli Produkt zakupiony w&nbsp;Sklepie internetowym Nasza T\u0142ocznia nie spe\u0142nia Pa\u0144stwa oczekiwa\u0144 lub wyst\u0119puj\u0105 podstawy do jego reklamacji, mo\u017cliwy jest zwrot lub reklamacja Produktu w&nbsp;okre\u015blonym terminie. Zasady dokonywania zwrot\u00f3w, b\u0119d\u0105cych jednocze\u015bnie odst\u0105pieniem od zawartej Umowy oraz reklamacji, reguluje i&nbsp;okre\u015bla Regulamin Sklepu internetowego \u2013 paragrafy 10 i&nbsp;11. \u00a710&nbsp;Prawo odst\u0105pienia od Umowy \u00a711&nbsp;Reklamacja\" \/>\n<meta property=\"og:url\" content=\"https:\/\/nfcjuices.com\/sv\/returer\/\" \/>\n<meta property=\"og:site_name\" content=\"nfc-juices\" \/>\n<meta property=\"article:modified_time\" content=\"2025-04-15T09:38:30+00:00\" \/>\n<meta name=\"twitter:card\" content=\"summary_large_image\" \/>\n<meta name=\"twitter:label1\" content=\"Ber\u00e4knad l\u00e4stid\" \/>\n\t<meta name=\"twitter:data1\" content=\"3 minuter\" \/>\n<script type=\"application\/ld+json\" class=\"yoast-schema-graph\">{\"@context\":\"https:\/\/schema.org\",\"@graph\":[{\"@type\":\"WebPage\",\"@id\":\"https:\/\/nfcjuices.com\/zwroty\/\",\"url\":\"https:\/\/nfcjuices.com\/zwroty\/\",\"name\":\"Zwroty, reklamacje - nfc-juices\",\"isPartOf\":{\"@id\":\"https:\/\/nfcjuices.com\/#website\"},\"datePublished\":\"2025-04-15T09:38:29+00:00\",\"dateModified\":\"2025-04-15T09:38:30+00:00\",\"breadcrumb\":{\"@id\":\"https:\/\/nfcjuices.com\/zwroty\/#breadcrumb\"},\"inLanguage\":\"sv-SE\",\"potentialAction\":[{\"@type\":\"ReadAction\",\"target\":[\"https:\/\/nfcjuices.com\/zwroty\/\"]}]},{\"@type\":\"BreadcrumbList\",\"@id\":\"https:\/\/nfcjuices.com\/zwroty\/#breadcrumb\",\"itemListElement\":[{\"@type\":\"ListItem\",\"position\":1,\"name\":\"Strona g\u0142\u00f3wna\",\"item\":\"https:\/\/nfcjuices.com\/\"},{\"@type\":\"ListItem\",\"position\":2,\"name\":\"Zwroty, reklamacje\"}]},{\"@type\":\"WebSite\",\"@id\":\"https:\/\/nfcjuices.com\/#website\",\"url\":\"https:\/\/nfcjuices.com\/\",\"name\":\"nfc-juices\",\"description\":\"Soki, przeciery, musy NFC w beczkach\",\"publisher\":{\"@id\":\"https:\/\/nfcjuices.com\/#organization\"},\"potentialAction\":[{\"@type\":\"SearchAction\",\"target\":{\"@type\":\"EntryPoint\",\"urlTemplate\":\"https:\/\/nfcjuices.com\/?s={search_term_string}\"},\"query-input\":{\"@type\":\"PropertyValueSpecification\",\"valueRequired\":true,\"valueName\":\"search_term_string\"}}],\"inLanguage\":\"sv-SE\"},{\"@type\":\"Organization\",\"@id\":\"https:\/\/nfcjuices.com\/#organization\",\"name\":\"Nasza T\u0142ocznia\",\"url\":\"https:\/\/nfcjuices.com\/\",\"logo\":{\"@type\":\"ImageObject\",\"inLanguage\":\"sv-SE\",\"@id\":\"https:\/\/nfcjuices.com\/#\/schema\/logo\/image\/\",\"url\":\"https:\/\/nfcjuices.com\/wp-content\/uploads\/2025\/05\/cropped-B2b-1.png\",\"contentUrl\":\"https:\/\/nfcjuices.com\/wp-content\/uploads\/2025\/05\/cropped-B2b-1.png\",\"width\":1199,\"height\":999,\"caption\":\"Nasza T\u0142ocznia\"},\"image\":{\"@id\":\"https:\/\/nfcjuices.com\/#\/schema\/logo\/image\/\"}}]}<\/script>\n<!-- \/ Yoast SEO plugin. -->","yoast_head_json":{"title":"Returer, reklamationer - nfc-juices","robots":{"index":"index","follow":"follow","max-snippet":"max-snippet:-1","max-image-preview":"max-image-preview:large","max-video-preview":"max-video-preview:-1"},"canonical":"https:\/\/nfcjuices.com\/sv\/returer\/","og_locale":"sv_SE","og_type":"article","og_title":"Zwroty, reklamacje - nfc-juices","og_description":"Szanowni Pa\u0144stwo, Je\u015bli Produkt zakupiony w&nbsp;Sklepie internetowym Nasza T\u0142ocznia nie spe\u0142nia Pa\u0144stwa oczekiwa\u0144 lub wyst\u0119puj\u0105 podstawy do jego reklamacji, mo\u017cliwy jest zwrot lub reklamacja Produktu w&nbsp;okre\u015blonym terminie. Zasady dokonywania zwrot\u00f3w, b\u0119d\u0105cych jednocze\u015bnie odst\u0105pieniem od zawartej Umowy oraz reklamacji, reguluje i&nbsp;okre\u015bla Regulamin Sklepu internetowego \u2013 paragrafy 10 i&nbsp;11. \u00a710&nbsp;Prawo odst\u0105pienia od Umowy \u00a711&nbsp;Reklamacja","og_url":"https:\/\/nfcjuices.com\/sv\/returer\/","og_site_name":"nfc-juices","article_modified_time":"2025-04-15T09:38:30+00:00","twitter_card":"summary_large_image","twitter_misc":{"Ber\u00e4knad l\u00e4stid":"3 minuter"},"schema":{"@context":"https:\/\/schema.org","@graph":[{"@type":"WebPage","@id":"https:\/\/nfcjuices.com\/zwroty\/","url":"https:\/\/nfcjuices.com\/zwroty\/","name":"Returer, reklamationer - nfc-juices","isPartOf":{"@id":"https:\/\/nfcjuices.com\/#website"},"datePublished":"2025-04-15T09:38:29+00:00","dateModified":"2025-04-15T09:38:30+00:00","breadcrumb":{"@id":"https:\/\/nfcjuices.com\/zwroty\/#breadcrumb"},"inLanguage":"sv-SE","potentialAction":[{"@type":"ReadAction","target":["https:\/\/nfcjuices.com\/zwroty\/"]}]},{"@type":"BreadcrumbList","@id":"https:\/\/nfcjuices.com\/zwroty\/#breadcrumb","itemListElement":[{"@type":"ListItem","position":1,"name":"Strona g\u0142\u00f3wna","item":"https:\/\/nfcjuices.com\/"},{"@type":"ListItem","position":2,"name":"Zwroty, reklamacje"}]},{"@type":"WebSite","@id":"https:\/\/nfcjuices.com\/#website","url":"https:\/\/nfcjuices.com\/","name":"nfc juicer","description":"Juicer, pur\u00e9er, NFC-mousser p\u00e5 fat","publisher":{"@id":"https:\/\/nfcjuices.com\/#organization"},"potentialAction":[{"@type":"SearchAction","target":{"@type":"EntryPoint","urlTemplate":"https:\/\/nfcjuices.com\/?s={search_term_string}"},"query-input":{"@type":"PropertyValueSpecification","valueRequired":true,"valueName":"search_term_string"}}],"inLanguage":"sv-SE"},{"@type":"Organization","@id":"https:\/\/nfcjuices.com\/#organization","name":"V\u00e5r pressanl\u00e4ggning","url":"https:\/\/nfcjuices.com\/","logo":{"@type":"ImageObject","inLanguage":"sv-SE","@id":"https:\/\/nfcjuices.com\/#\/schema\/logo\/image\/","url":"https:\/\/nfcjuices.com\/wp-content\/uploads\/2025\/05\/cropped-B2b-1.png","contentUrl":"https:\/\/nfcjuices.com\/wp-content\/uploads\/2025\/05\/cropped-B2b-1.png","width":1199,"height":999,"caption":"Nasza T\u0142ocznia"},"image":{"@id":"https:\/\/nfcjuices.com\/#\/schema\/logo\/image\/"}}]}},"_links":{"self":[{"href":"https:\/\/nfcjuices.com\/sv\/wp-json\/wp\/v2\/pages\/33","targetHints":{"allow":["GET"]}}],"collection":[{"href":"https:\/\/nfcjuices.com\/sv\/wp-json\/wp\/v2\/pages"}],"about":[{"href":"https:\/\/nfcjuices.com\/sv\/wp-json\/wp\/v2\/types\/page"}],"author":[{"embeddable":true,"href":"https:\/\/nfcjuices.com\/sv\/wp-json\/wp\/v2\/users\/1"}],"replies":[{"embeddable":true,"href":"https:\/\/nfcjuices.com\/sv\/wp-json\/wp\/v2\/comments?post=33"}],"version-history":[{"count":1,"href":"https:\/\/nfcjuices.com\/sv\/wp-json\/wp\/v2\/pages\/33\/revisions"}],"predecessor-version":[{"id":957,"href":"https:\/\/nfcjuices.com\/sv\/wp-json\/wp\/v2\/pages\/33\/revisions\/957"}],"wp:attachment":[{"href":"https:\/\/nfcjuices.com\/sv\/wp-json\/wp\/v2\/media?parent=33"}],"curies":[{"name":"wp","href":"https:\/\/api.w.org\/{rel}","templated":true}]}}