{"id":3,"date":"2025-03-05T12:57:31","date_gmt":"2025-03-05T11:57:31","guid":{"rendered":"https:\/\/nfcjuices.com\/?page_id=3"},"modified":"2025-04-15T11:36:21","modified_gmt":"2025-04-15T09:36:21","slug":"integritetspolicy","status":"publish","type":"page","link":"https:\/\/nfcjuices.com\/sv\/polityka-prywatnosci\/","title":{"rendered":"Sekretesspolicy"},"content":{"rendered":"<p><strong>\u00a71 Allm\u00e4nna best\u00e4mmelser<\/strong><\/p>\n\n\n\n<p>1. Personuppgiftsansvarig \u00e4r Gospodarstwo Sadownicze Zbigniew Pietrzycki, med registrerat kontor p\u00e5 05-660 Warka, Konary 92, registrerat i det centrala registret och information om n\u00e4ringsverksamhet, NIP: 797-127-18-11, REGON 672798121. Dataskyddet sker i enlighet med kraven i allm\u00e4nt till\u00e4mplig lagstiftning och lagras p\u00e5 s\u00e4kra servrar.<\/p>\n\n\n\n<p>2. F\u00f6r tolkning av termer anv\u00e4nds ordlistan i f\u00f6rordningarna eller den som beskrivs i integritetspolicyn (om den framg\u00e5r direkt av beskrivningen).<\/p>\n\n\n\n<p>3. F\u00f6r att s\u00e4kerst\u00e4lla dataskydd och datas\u00e4kerhet anv\u00e4nder vi bland annat: s\u00e4kert kommunikationskrypteringsprotokoll (SSL).<\/p>\n\n\n\n<p>4. Alla kunders personuppgifter behandlas konfidentiellt och \u00e4r inte synliga f\u00f6r obeh\u00f6riga personer.<\/p>\n\n\n\n<p>5. Integritetspolicyn \u00f6verensst\u00e4mmer med den allm\u00e4nna dataskyddsf\u00f6rordningen (GDPR) och g\u00e4ller fr\u00e5n och med 2018-07-05.<\/p>\n\n\n\n<p><strong>\u00a72 Syfte och omfattning av datainsamling<\/strong><\/p>\n\n\n\n<p>1. S\u00e4ljaren \u00e4r administrat\u00f6r f\u00f6r kundernas personuppgifter.<\/p>\n\n\n\n<p>2. Kunders personuppgifter samlas in och behandlas i syfte att fullf\u00f6lja best\u00e4llningar som g\u00f6rs i webbutiken eller, om kunden samtycker, \u00e4ven f\u00f6r marknadsf\u00f6rings\u00e4ndam\u00e5l.<\/p>\n\n\n\n<p>3. Kunders personuppgifter behandlas:<\/p>\n\n\n\n<p>en. i enlighet med best\u00e4mmelserna om skydd av personuppgifter,<\/p>\n\n\n\n<p>b. i enlighet med den implementerade integritetspolicyn,<\/p>\n\n\n\n<p>\u00e5r. i den utstr\u00e4ckning och f\u00f6r det \u00e4ndam\u00e5l som \u00e4r n\u00f6dv\u00e4ndigt f\u00f6r att fastst\u00e4lla och utforma avtalets inneh\u00e5ll, \u00e4ndra eller s\u00e4ga upp det och korrekt implementera de tj\u00e4nster som tillhandah\u00e5lls elektroniskt,<\/p>\n\n\n\n<p>d. i den utstr\u00e4ckning och f\u00f6r det \u00e4ndam\u00e5l som \u00e4r n\u00f6dv\u00e4ndigt f\u00f6r att tillgodose ber\u00e4ttigade intressen, och behandlingen inte kr\u00e4nker den registrerades r\u00e4ttigheter och friheter,<\/p>\n\n\n\n<p>e. i den utstr\u00e4ckning och f\u00f6r det \u00e4ndam\u00e5l som \u00f6verensst\u00e4mmer med den vilja som klienten uttryckt.<\/p>\n\n\n\n<p>4. Administrat\u00f6ren samlar in och behandlar, via webbplatsen och andra kommunikationsformer, f\u00f6ljande personuppgifter fr\u00e5n anv\u00e4ndare som l\u00e4mnats under registreringsprocessen p\u00e5 webbplatsen:<br><br>en. namn och efternamn<br>b. adress<br>\u00e5r. telefonnummer<br>e-postadress<br>e. f\u00f6retagsnamn<br>f. NIP<\/p>\n\n\n\n<p>5. Klienten har r\u00e4tt att f\u00e5 tillg\u00e5ng till uppgifterna, r\u00e4tta, radera eller begr\u00e4nsa behandlingen, r\u00e4tt att inv\u00e4nda och r\u00e4tt att l\u00e4mna in ett klagom\u00e5l till tillsynsmyndigheten, som \u00e4r ordf\u00f6randen f\u00f6r personuppgiftsskyddsmyndigheten.<\/p>\n\n\n\n<p>6. Kontakt med den person som \u00f6vervakar behandlingen av personuppgifter \u00e4r m\u00f6jlig via e-post p\u00e5 f\u00f6ljande adress: biuro@naszatlocznia.pl<\/p>\n\n\n\n<p>7. Administrat\u00f6ren har r\u00e4tt att behandla Kunders personuppgifter efter att Avtalet har upph\u00f6rt eller samtycket har \u00e5terkallats endast i syfte att driva eventuella anspr\u00e5k i domstol eller om nationell, EU- eller internationell r\u00e4tt kr\u00e4ver lagring av uppgifter.<\/p>\n\n\n\n<p>8. Administrat\u00f6ren har r\u00e4tt att l\u00e4mna ut klientens personuppgifter och andra uppgifter till enheter som \u00e4r beh\u00f6riga enligt g\u00e4llande lag, t.ex. r\u00e4ttsv\u00e5rdande myndigheter.<\/p>\n\n\n\n<p>9. Administrat\u00f6ren l\u00e4mnar inte ut kunders personuppgifter till andra enheter, med undantag f\u00f6r de som \u00e4r auktoriserade enligt g\u00e4llande lag.<\/p>\n\n\n\n<p>10. Personuppgifter kommer att lagras under avtalets l\u00f6ptid och under en period som \u00f6verensst\u00e4mmer med g\u00e4llande best\u00e4mmelser, med beaktande av preskriptionstiden f\u00f6r krav och skatteskulder. Personuppgifter som du har samtyckt till kommer att lagras tills du \u00e5terkallar ditt samtycke.<\/p>\n\n\n\n<p>11. Personuppgifter kan raderas till f\u00f6ljd av att samtycke \u00e5terkallas eller att ett lagstadgat inv\u00e4ndningsbeslut mot behandlingen av personuppgifter g\u00f6rs. Du kan skicka in beg\u00e4randen g\u00e4llande behandling av personuppgifter via e-post till personuppgiftsadministrat\u00f6rens adress: biuro@naszatlocznia.pl<\/p>\n\n\n\n<p><strong>\u00a73 Information om profilering och effekten av profilering av personuppgifter<\/strong><\/p>\n\n\n\n<p>Administrat\u00f6ren analyserar personuppgifter automatiserat med hj\u00e4lp av verktyg som tillhandah\u00e5lls av programvaruleverant\u00f6rer (t.ex. statistik, historik). Syftet med automatiserad databehandling \u00e4r att l\u00e4ra sig anv\u00e4ndarnas preferenser.<\/p>\n\n\n\n<p><strong>\u00a74 Kakor<\/strong><\/p>\n\n\n\n<p>1. Webbplatsen www.naszatlocznia.pl anv\u00e4nder cookies. Det h\u00e4r \u00e4r sm\u00e5 textfiler som skickas av en webbserver och lagras av din dators webbl\u00e4sarprogram. N\u00e4r webbl\u00e4saren \u00e5teransluter till webbplatsen k\u00e4nner webbplatsen igen vilken typ av enhet anv\u00e4ndaren ansluter fr\u00e5n. Parametrar g\u00f6r att informationen i dem endast kan l\u00e4sas av servern som skapade dem. Kakor g\u00f6r det d\u00e4rf\u00f6r enklare att anv\u00e4nda tidigare bes\u00f6kta webbplatser. Den information som samlas in inkluderar IP-adress, webbl\u00e4sartyp, spr\u00e5k, operativsystemtyp, internetleverant\u00f6r, information om tid och datum, plats och information som skickas till webbplatsen via kontaktformul\u00e4ret.<\/p>\n\n\n\n<p>2. S\u00e4ljarens webbplats anv\u00e4nder f\u00f6ljande cookies:<\/p>\n\n\n\n<p>en. &quot;n\u00f6dv\u00e4ndiga&quot; cookies, som m\u00f6jligg\u00f6r anv\u00e4ndning av tj\u00e4nster som finns tillg\u00e4ngliga p\u00e5 webbplatsen, t.ex. autentiseringscookies som anv\u00e4nds f\u00f6r tj\u00e4nster som kr\u00e4ver autentisering p\u00e5 webbplatsen,<\/p>\n\n\n\n<p>b. cookies som anv\u00e4nds f\u00f6r att garantera s\u00e4kerhet, t.ex. anv\u00e4nds f\u00f6r att uppt\u00e4cka missbruk inom autentiseringens omfattning inom tj\u00e4nsten,<\/p>\n\n\n\n<p>\u00e5r. &quot;prestanda&quot;-cookies, som m\u00f6jligg\u00f6r insamling av information om hur webbplatsens sidor anv\u00e4nds,<\/p>\n\n\n\n<p>d. &quot;funktionella&quot; cookies, som g\u00f6r det m\u00f6jligt att &quot;komma ih\u00e5g&quot; de inst\u00e4llningar som anv\u00e4ndaren valt och anpassa anv\u00e4ndargr\u00e4nssnittet, t.ex. vad g\u00e4ller valt spr\u00e5k eller region som anv\u00e4ndaren kommer ifr\u00e5n, teckenstorlek, webbplatsens utseende,<\/p>\n\n\n\n<p>e. &quot;Reklam&quot;-cookies, som m\u00f6jligg\u00f6r tillhandah\u00e5llande av annonsinneh\u00e5ll till anv\u00e4ndare som \u00e4r mer anpassat till deras intressen.<\/p>\n\n\n\n<p>3. Kunden kan n\u00e4r som helst inaktivera eller \u00e5terst\u00e4lla m\u00f6jligheten att samla in cookies genom att \u00e4ndra inst\u00e4llningarna i sin webbl\u00e4sare.<\/p>\n\n\n\n<p>4. Ytterligare personuppgifter, s\u00e5som e-postadress, samlas endast in av administrat\u00f6ren p\u00e5 platser d\u00e4r anv\u00e4ndaren uttryckligen har samtyckt till detta genom att fylla i formul\u00e4ret.<\/p>","protected":false},"excerpt":{"rendered":"<p>\u00a71 Postanowienia og\u00f3lne 1. Administratorem danych jest Gospodarstwo Sadownicze Zbigniew Pietrzycki, z&nbsp;siedzib\u0105 w&nbsp;05-660 Warka, Konary 92, wpisane do Centralnej Ewidencji i&nbsp;Informacji o&nbsp;Dzia\u0142alno\u015bci Gospodarczej, NIP: 797-127-18-11, REGON 672798121. Ochrona danych odbywa si\u0119 zgodnie z&nbsp;wymogami powszechnie obowi\u0105zuj\u0105cych przepis\u00f3w prawa, a&nbsp;ich przechowywanie ma miejsce na zabezpieczonych serwerach. 2. Dla interpretacji termin\u00f3w stosuje si\u0119 s\u0142owniczek Regulaminu lub tak jak [&hellip;]<\/p>\n","protected":false},"author":1,"featured_media":0,"parent":0,"menu_order":0,"comment_status":"closed","ping_status":"open","template":"","meta":{"footnotes":""},"class_list":["post-3","page","type-page","status-publish","hentry"],"yoast_head":"<!-- This site is optimized with the Yoast SEO plugin v24.9 - https:\/\/yoast.com\/wordpress\/plugins\/seo\/ -->\n<title>Polityka prywatno\u015bci - nfc-juices<\/title>\n<meta name=\"robots\" content=\"index, follow, max-snippet:-1, max-image-preview:large, max-video-preview:-1\" \/>\n<link rel=\"canonical\" href=\"https:\/\/nfcjuices.com\/sv\/integritetspolicy\/\" \/>\n<meta property=\"og:locale\" content=\"sv_SE\" \/>\n<meta property=\"og:type\" content=\"article\" \/>\n<meta property=\"og:title\" content=\"Polityka prywatno\u015bci - nfc-juices\" \/>\n<meta property=\"og:description\" content=\"\u00a71 Postanowienia og\u00f3lne 1. Administratorem danych jest Gospodarstwo Sadownicze Zbigniew Pietrzycki, z&nbsp;siedzib\u0105 w&nbsp;05-660 Warka, Konary 92, wpisane do Centralnej Ewidencji i&nbsp;Informacji o&nbsp;Dzia\u0142alno\u015bci Gospodarczej, NIP: 797-127-18-11, REGON 672798121. Ochrona danych odbywa si\u0119 zgodnie z&nbsp;wymogami powszechnie obowi\u0105zuj\u0105cych przepis\u00f3w prawa, a&nbsp;ich przechowywanie ma miejsce na zabezpieczonych serwerach. 2. Dla interpretacji termin\u00f3w stosuje si\u0119 s\u0142owniczek Regulaminu lub tak jak [&hellip;]\" \/>\n<meta property=\"og:url\" content=\"https:\/\/nfcjuices.com\/sv\/integritetspolicy\/\" \/>\n<meta property=\"og:site_name\" content=\"nfc-juices\" \/>\n<meta property=\"article:modified_time\" content=\"2025-04-15T09:36:21+00:00\" \/>\n<meta name=\"twitter:card\" content=\"summary_large_image\" \/>\n<meta name=\"twitter:label1\" content=\"Ber\u00e4knad l\u00e4stid\" \/>\n\t<meta name=\"twitter:data1\" content=\"5 minuter\" \/>\n<script type=\"application\/ld+json\" class=\"yoast-schema-graph\">{\"@context\":\"https:\/\/schema.org\",\"@graph\":[{\"@type\":\"WebPage\",\"@id\":\"https:\/\/nfcjuices.com\/polityka-prywatnosci\/\",\"url\":\"https:\/\/nfcjuices.com\/polityka-prywatnosci\/\",\"name\":\"Polityka prywatno\u015bci - nfc-juices\",\"isPartOf\":{\"@id\":\"https:\/\/nfcjuices.com\/#website\"},\"datePublished\":\"2025-03-05T11:57:31+00:00\",\"dateModified\":\"2025-04-15T09:36:21+00:00\",\"breadcrumb\":{\"@id\":\"https:\/\/nfcjuices.com\/polityka-prywatnosci\/#breadcrumb\"},\"inLanguage\":\"sv-SE\",\"potentialAction\":[{\"@type\":\"ReadAction\",\"target\":[\"https:\/\/nfcjuices.com\/polityka-prywatnosci\/\"]}]},{\"@type\":\"BreadcrumbList\",\"@id\":\"https:\/\/nfcjuices.com\/polityka-prywatnosci\/#breadcrumb\",\"itemListElement\":[{\"@type\":\"ListItem\",\"position\":1,\"name\":\"Strona g\u0142\u00f3wna\",\"item\":\"https:\/\/nfcjuices.com\/\"},{\"@type\":\"ListItem\",\"position\":2,\"name\":\"Polityka prywatno\u015bci\"}]},{\"@type\":\"WebSite\",\"@id\":\"https:\/\/nfcjuices.com\/#website\",\"url\":\"https:\/\/nfcjuices.com\/\",\"name\":\"nfc-juices\",\"description\":\"Soki, przeciery, musy NFC w beczkach\",\"publisher\":{\"@id\":\"https:\/\/nfcjuices.com\/#organization\"},\"potentialAction\":[{\"@type\":\"SearchAction\",\"target\":{\"@type\":\"EntryPoint\",\"urlTemplate\":\"https:\/\/nfcjuices.com\/?s={search_term_string}\"},\"query-input\":{\"@type\":\"PropertyValueSpecification\",\"valueRequired\":true,\"valueName\":\"search_term_string\"}}],\"inLanguage\":\"sv-SE\"},{\"@type\":\"Organization\",\"@id\":\"https:\/\/nfcjuices.com\/#organization\",\"name\":\"Nasza T\u0142ocznia\",\"url\":\"https:\/\/nfcjuices.com\/\",\"logo\":{\"@type\":\"ImageObject\",\"inLanguage\":\"sv-SE\",\"@id\":\"https:\/\/nfcjuices.com\/#\/schema\/logo\/image\/\",\"url\":\"https:\/\/nfcjuices.com\/wp-content\/uploads\/2025\/05\/cropped-B2b-1.png\",\"contentUrl\":\"https:\/\/nfcjuices.com\/wp-content\/uploads\/2025\/05\/cropped-B2b-1.png\",\"width\":1199,\"height\":999,\"caption\":\"Nasza T\u0142ocznia\"},\"image\":{\"@id\":\"https:\/\/nfcjuices.com\/#\/schema\/logo\/image\/\"}}]}<\/script>\n<!-- \/ Yoast SEO plugin. -->","yoast_head_json":{"title":"Integritetspolicy - nfc-juicer","robots":{"index":"index","follow":"follow","max-snippet":"max-snippet:-1","max-image-preview":"max-image-preview:large","max-video-preview":"max-video-preview:-1"},"canonical":"https:\/\/nfcjuices.com\/sv\/integritetspolicy\/","og_locale":"sv_SE","og_type":"article","og_title":"Polityka prywatno\u015bci - nfc-juices","og_description":"\u00a71 Postanowienia og\u00f3lne 1. Administratorem danych jest Gospodarstwo Sadownicze Zbigniew Pietrzycki, z&nbsp;siedzib\u0105 w&nbsp;05-660 Warka, Konary 92, wpisane do Centralnej Ewidencji i&nbsp;Informacji o&nbsp;Dzia\u0142alno\u015bci Gospodarczej, NIP: 797-127-18-11, REGON 672798121. Ochrona danych odbywa si\u0119 zgodnie z&nbsp;wymogami powszechnie obowi\u0105zuj\u0105cych przepis\u00f3w prawa, a&nbsp;ich przechowywanie ma miejsce na zabezpieczonych serwerach. 2. Dla interpretacji termin\u00f3w stosuje si\u0119 s\u0142owniczek Regulaminu lub tak jak [&hellip;]","og_url":"https:\/\/nfcjuices.com\/sv\/integritetspolicy\/","og_site_name":"nfc-juices","article_modified_time":"2025-04-15T09:36:21+00:00","twitter_card":"summary_large_image","twitter_misc":{"Ber\u00e4knad l\u00e4stid":"5 minuter"},"schema":{"@context":"https:\/\/schema.org","@graph":[{"@type":"WebPage","@id":"https:\/\/nfcjuices.com\/polityka-prywatnosci\/","url":"https:\/\/nfcjuices.com\/polityka-prywatnosci\/","name":"Integritetspolicy - nfc-juicer","isPartOf":{"@id":"https:\/\/nfcjuices.com\/#website"},"datePublished":"2025-03-05T11:57:31+00:00","dateModified":"2025-04-15T09:36:21+00:00","breadcrumb":{"@id":"https:\/\/nfcjuices.com\/polityka-prywatnosci\/#breadcrumb"},"inLanguage":"sv-SE","potentialAction":[{"@type":"ReadAction","target":["https:\/\/nfcjuices.com\/polityka-prywatnosci\/"]}]},{"@type":"BreadcrumbList","@id":"https:\/\/nfcjuices.com\/polityka-prywatnosci\/#breadcrumb","itemListElement":[{"@type":"ListItem","position":1,"name":"Strona g\u0142\u00f3wna","item":"https:\/\/nfcjuices.com\/"},{"@type":"ListItem","position":2,"name":"Polityka prywatno\u015bci"}]},{"@type":"WebSite","@id":"https:\/\/nfcjuices.com\/#website","url":"https:\/\/nfcjuices.com\/","name":"nfc juicer","description":"Juicer, pur\u00e9er, NFC-mousser p\u00e5 fat","publisher":{"@id":"https:\/\/nfcjuices.com\/#organization"},"potentialAction":[{"@type":"SearchAction","target":{"@type":"EntryPoint","urlTemplate":"https:\/\/nfcjuices.com\/?s={search_term_string}"},"query-input":{"@type":"PropertyValueSpecification","valueRequired":true,"valueName":"search_term_string"}}],"inLanguage":"sv-SE"},{"@type":"Organization","@id":"https:\/\/nfcjuices.com\/#organization","name":"V\u00e5r pressanl\u00e4ggning","url":"https:\/\/nfcjuices.com\/","logo":{"@type":"ImageObject","inLanguage":"sv-SE","@id":"https:\/\/nfcjuices.com\/#\/schema\/logo\/image\/","url":"https:\/\/nfcjuices.com\/wp-content\/uploads\/2025\/05\/cropped-B2b-1.png","contentUrl":"https:\/\/nfcjuices.com\/wp-content\/uploads\/2025\/05\/cropped-B2b-1.png","width":1199,"height":999,"caption":"Nasza T\u0142ocznia"},"image":{"@id":"https:\/\/nfcjuices.com\/#\/schema\/logo\/image\/"}}]}},"_links":{"self":[{"href":"https:\/\/nfcjuices.com\/sv\/wp-json\/wp\/v2\/pages\/3","targetHints":{"allow":["GET"]}}],"collection":[{"href":"https:\/\/nfcjuices.com\/sv\/wp-json\/wp\/v2\/pages"}],"about":[{"href":"https:\/\/nfcjuices.com\/sv\/wp-json\/wp\/v2\/types\/page"}],"author":[{"embeddable":true,"href":"https:\/\/nfcjuices.com\/sv\/wp-json\/wp\/v2\/users\/1"}],"replies":[{"embeddable":true,"href":"https:\/\/nfcjuices.com\/sv\/wp-json\/wp\/v2\/comments?post=3"}],"version-history":[{"count":1,"href":"https:\/\/nfcjuices.com\/sv\/wp-json\/wp\/v2\/pages\/3\/revisions"}],"predecessor-version":[{"id":954,"href":"https:\/\/nfcjuices.com\/sv\/wp-json\/wp\/v2\/pages\/3\/revisions\/954"}],"wp:attachment":[{"href":"https:\/\/nfcjuices.com\/sv\/wp-json\/wp\/v2\/media?parent=3"}],"curies":[{"name":"wp","href":"https:\/\/api.w.org\/{rel}","templated":true}]}}