{"id":192,"date":"2025-03-12T15:12:13","date_gmt":"2025-03-12T14:12:13","guid":{"rendered":"https:\/\/nfcjuices.com\/?page_id=192"},"modified":"2025-04-17T11:41:07","modified_gmt":"2025-04-17T09:41:07","slug":"hur-vara-produkter-tillverkas","status":"publish","type":"page","link":"https:\/\/nfcjuices.com\/sv\/jak-powstaja-nasze-produkty\/","title":{"rendered":"Hur tillverkas v\u00e5ra produkter?"},"content":{"rendered":"<p><\/p>\n\n\n\n<p class=\"has-text-align-center has-medium-font-size\">P\u00e5 Nasza T\u0142ocznia behandlar vi varje frukt eller gr\u00f6nsak individuellt \u2013 precis som de f\u00f6rtj\u00e4nar! I geng\u00e4ld bel\u00f6nar de oss med juice av h\u00f6gsta kvalitet. Citron-, grapefrukt- eller apelsinjuice <strong>vi kl\u00e4mmer <\/strong>fr\u00e5n halvor med hj\u00e4lp av en speciell citrusjuicer. Resterande frukter och gr\u00f6nsaker f\u00f6rvandlas till juice med hj\u00e4lp av en bandpress som de pressas p\u00e5. <strong>pr\u00e4glad <\/strong>fr\u00e5n massan. <\/p>\n\n\n\n<p class=\"has-text-align-center has-medium-font-size\"><br>Se sj\u00e4lva hur vi g\u00f6r det p\u00e5 v\u00e5r b\u00e4sta s\u00e4tt! <\/p>\n\n\n\n<p class=\"has-text-align-center has-medium-font-size\">Prova v\u00e5ra produkter och se sj\u00e4lv hur r\u00e4tt vald metod p\u00e5verkar smak och kvalitet! <\/p>\n\n\n\n<div class=\"wp-block-group\"><div class=\"wp-block-group__inner-container is-layout-constrained wp-block-group-is-layout-constrained\">\n<div class=\"wp-block-columns is-layout-flex wp-container-core-columns-is-layout-28f84493 wp-block-columns-is-layout-flex\">\n<div class=\"wp-block-column is-layout-flow wp-block-column-is-layout-flow\" style=\"flex-basis:100%\">\n<div class=\"wp-block-group\"><div class=\"wp-block-group__inner-container is-layout-constrained wp-block-group-is-layout-constrained\">\n<div class=\"wp-block-columns is-layout-flex wp-container-core-columns-is-layout-28f84493 wp-block-columns-is-layout-flex\">\n<div class=\"wp-block-column is-layout-flow wp-block-column-is-layout-flow\"><\/div>\n<\/div>\n<\/div><\/div>\n<\/div>\n<\/div>\n<\/div><\/div>\n\n\n\n<div class=\"wp-block-columns is-layout-flex wp-container-core-columns-is-layout-28f84493 wp-block-columns-is-layout-flex\">\n<div class=\"wp-block-column is-layout-flow wp-block-column-is-layout-flow\">\n<figure class=\"wp-block-embed is-type-video is-provider-youtube wp-block-embed-youtube wp-embed-aspect-16-9 wp-has-aspect-ratio\"><div class=\"wp-block-embed__wrapper\">\n<iframe title=\"Hur f\u00e5r man ut den b\u00e4sta juicen fr\u00e5n apelsiner? Polens st\u00f6rsta citrusjuicepress!\" width=\"980\" height=\"551\" src=\"https:\/\/www.youtube.com\/embed\/LSkcpBcZLzg?feature=oembed\" frameborder=\"0\" allow=\"accelerometer; autoplay; clipboard-write; encrypted-media; gyroscope; picture-in-picture; web-share\" referrerpolicy=\"strict-origin-when-cross-origin\" allowfullscreen><\/iframe>\n<\/div><\/figure>\n<\/div>\n\n\n\n<div class=\"wp-block-column is-layout-flow wp-block-column-is-layout-flow\">\n<figure class=\"wp-block-embed is-type-video is-provider-youtube wp-block-embed-youtube wp-embed-aspect-16-9 wp-has-aspect-ratio\"><div class=\"wp-block-embed__wrapper\">\n<iframe title=\"Hur g\u00f6r vi citronsaft \u00e5t varje tjej i form? Eller hur man pressar megasur juice ur citroner!\" width=\"980\" height=\"551\" src=\"https:\/\/www.youtube.com\/embed\/bip1UtTx4Ck?feature=oembed\" frameborder=\"0\" allow=\"accelerometer; autoplay; clipboard-write; encrypted-media; gyroscope; picture-in-picture; web-share\" referrerpolicy=\"strict-origin-when-cross-origin\" allowfullscreen><\/iframe>\n<\/div><\/figure>\n<\/div>\n\n\n\n<div class=\"wp-block-column is-layout-flow wp-block-column-is-layout-flow\">\n<figure class=\"wp-block-embed is-type-video is-provider-youtube wp-block-embed-youtube wp-embed-aspect-16-9 wp-has-aspect-ratio\"><div class=\"wp-block-embed__wrapper\">\n<iframe title=\"Hur f\u00f6rvandlar vi frukt och gr\u00f6nsaker till juice? Det vill s\u00e4ga, att pressa naturlig NFC-juice p\u00e5 en bandpress.\" width=\"980\" height=\"551\" src=\"https:\/\/www.youtube.com\/embed\/k4IkACVboec?feature=oembed\" frameborder=\"0\" allow=\"accelerometer; autoplay; clipboard-write; encrypted-media; gyroscope; picture-in-picture; web-share\" referrerpolicy=\"strict-origin-when-cross-origin\" allowfullscreen><\/iframe>\n<\/div><\/figure>\n<\/div>\n<\/div>\n\n\n\n<h2 class=\"wp-block-heading has-text-align-center\" id=\"nasza-oferta-jest-bardzo-szeroka-w-asortymencie-naszej-tloczni-oprocz-sokow-tloczonych-i-wyciskanych-znajdziecie-rowniez-inne-produkty-zakwasy-przeciery-syropy-czy-lemoniady-sprawdz-jak-powstaja\">V\u00e5rt erbjudande \u00e4r mycket brett. I Nasza T\u0142ocznias sortiment hittar du, f\u00f6rutom pressade juicer, \u00e4ven andra produkter - surdegsbr\u00f6d, pur\u00e9er, sirap och lemonader. Kolla in hur de \u00e4r gjorda!<\/h2>\n\n\n\n<p class=\"has-text-align-center\">R\u00f6dbets- eller hallontomatj\u00e4st fr\u00e5n Nasza T\u0142ocznia har en unik smak och konsistens. Efter att gr\u00f6nsakerna har inlagts pressas de i en press och h\u00e4lls sedan i 3-liters bag-in-box-beh\u00e5llare. Tack vare denna process f\u00e5r vi aromatisk juice fr\u00e5n inlagda gr\u00f6nsaker, inte vatten som dr\u00e4neras fr\u00e5n inl\u00e4ggningsprocessen. Surdegsstartare \u00e4r inte past\u00f6riserade.<\/p>\n\n\n\n<p class=\"has-text-align-center\">Frukt- och gr\u00f6nsakspur\u00e9er anv\u00e4nds flitigt av Nasza T\u0142ocznias kunder (s\u00e4rskilt inom HoReCa-branschen). De tillverkas med hj\u00e4lp av en speciell maskin som maler r\u00e5materialen i en hastighet anpassad till deras typ och form. Efter rivningen past\u00f6riseras frukten eller gr\u00f6nsakerna f\u00f6rsiktigt vid en maximal temperatur p\u00e5 78 grader Celsius och h\u00e4lls sedan i 3 kg-f\u00f6rpackningar. P\u00e5 grund av dess konsistens s\u00e4ljer vi pur\u00e9er i kilogram.<\/p>\n\n\n\n<p class=\"has-text-align-center\">L\u00e5gsockersirap och lemonader fr\u00e5n Nasza T\u0142ocznia \u00e4r produkter baserade p\u00e5 naturliga pressade och pressade juicer direkt fr\u00e5n v\u00e5r produktionshall. R\u00e4tt kombination av smaker och en liten m\u00e4ngd socker g\u00f6r 100% till en naturlig, h\u00e4lsosam produkt, full av n\u00e4ringsv\u00e4rde. L\u00e4ttpast\u00f6riserad och h\u00e4lld i 285 ml, 3 kg, 5 liters f\u00f6rpackningar.<\/p>","protected":false},"excerpt":{"rendered":"<p>W Naszej T\u0142oczni ka\u017cdy owoc, czy warzywo traktujemy indywidualnie &#8211; tak, jak na to zas\u0142uguj\u0105! Za to odwdzi\u0119czaj\u0105 nam si\u0119 najwy\u017csz\u0105 jako\u015bci\u0105 otrzymanego soku. Soki z cytryn, grejpfrut\u00f3w, czy pomara\u0144czy wyciskamy z po\u0142\u00f3wek przy pomocy specjalnej maszyny do wyciskania cytrus\u00f3w. Pozosta\u0142e owoce i warzywa zamieniamy w sok za pomoc\u0105 prasy ta\u015bmowej, na kt\u00f3rej s\u0105 one [&hellip;]<\/p>\n","protected":false},"author":1,"featured_media":0,"parent":0,"menu_order":0,"comment_status":"closed","ping_status":"closed","template":"","meta":{"footnotes":""},"class_list":["post-192","page","type-page","status-publish","hentry"],"yoast_head":"<!-- This site is optimized with the Yoast SEO plugin v24.9 - https:\/\/yoast.com\/wordpress\/plugins\/seo\/ -->\n<title>Jak powstaj\u0105 nasze produkty? - nfc-juices<\/title>\n<meta name=\"robots\" content=\"index, follow, max-snippet:-1, max-image-preview:large, max-video-preview:-1\" \/>\n<link rel=\"canonical\" href=\"https:\/\/nfcjuices.com\/sv\/hur-vara-produkter-tillverkas\/\" \/>\n<meta property=\"og:locale\" content=\"sv_SE\" \/>\n<meta property=\"og:type\" content=\"article\" \/>\n<meta property=\"og:title\" content=\"Jak powstaj\u0105 nasze produkty? - nfc-juices\" \/>\n<meta property=\"og:description\" content=\"W Naszej T\u0142oczni ka\u017cdy owoc, czy warzywo traktujemy indywidualnie &#8211; tak, jak na to zas\u0142uguj\u0105! Za to odwdzi\u0119czaj\u0105 nam si\u0119 najwy\u017csz\u0105 jako\u015bci\u0105 otrzymanego soku. Soki z cytryn, grejpfrut\u00f3w, czy pomara\u0144czy wyciskamy z po\u0142\u00f3wek przy pomocy specjalnej maszyny do wyciskania cytrus\u00f3w. Pozosta\u0142e owoce i warzywa zamieniamy w sok za pomoc\u0105 prasy ta\u015bmowej, na kt\u00f3rej s\u0105 one [&hellip;]\" \/>\n<meta property=\"og:url\" content=\"https:\/\/nfcjuices.com\/sv\/hur-vara-produkter-tillverkas\/\" \/>\n<meta property=\"og:site_name\" content=\"nfc-juices\" \/>\n<meta property=\"article:modified_time\" content=\"2025-04-17T09:41:07+00:00\" \/>\n<meta name=\"twitter:card\" content=\"summary_large_image\" \/>\n<meta name=\"twitter:label1\" content=\"Ber\u00e4knad l\u00e4stid\" \/>\n\t<meta name=\"twitter:data1\" content=\"2 minuter\" \/>\n<script type=\"application\/ld+json\" class=\"yoast-schema-graph\">{\"@context\":\"https:\/\/schema.org\",\"@graph\":[{\"@type\":\"WebPage\",\"@id\":\"https:\/\/nfcjuices.com\/jak-powstaja-nasze-produkty\/\",\"url\":\"https:\/\/nfcjuices.com\/jak-powstaja-nasze-produkty\/\",\"name\":\"Jak powstaj\u0105 nasze produkty? - nfc-juices\",\"isPartOf\":{\"@id\":\"https:\/\/nfcjuices.com\/#website\"},\"datePublished\":\"2025-03-12T14:12:13+00:00\",\"dateModified\":\"2025-04-17T09:41:07+00:00\",\"breadcrumb\":{\"@id\":\"https:\/\/nfcjuices.com\/jak-powstaja-nasze-produkty\/#breadcrumb\"},\"inLanguage\":\"sv-SE\",\"potentialAction\":[{\"@type\":\"ReadAction\",\"target\":[\"https:\/\/nfcjuices.com\/jak-powstaja-nasze-produkty\/\"]}]},{\"@type\":\"BreadcrumbList\",\"@id\":\"https:\/\/nfcjuices.com\/jak-powstaja-nasze-produkty\/#breadcrumb\",\"itemListElement\":[{\"@type\":\"ListItem\",\"position\":1,\"name\":\"Strona g\u0142\u00f3wna\",\"item\":\"https:\/\/nfcjuices.com\/\"},{\"@type\":\"ListItem\",\"position\":2,\"name\":\"Jak powstaj\u0105 nasze produkty?\"}]},{\"@type\":\"WebSite\",\"@id\":\"https:\/\/nfcjuices.com\/#website\",\"url\":\"https:\/\/nfcjuices.com\/\",\"name\":\"nfc-juices\",\"description\":\"Soki, przeciery, musy NFC w beczkach\",\"publisher\":{\"@id\":\"https:\/\/nfcjuices.com\/#organization\"},\"potentialAction\":[{\"@type\":\"SearchAction\",\"target\":{\"@type\":\"EntryPoint\",\"urlTemplate\":\"https:\/\/nfcjuices.com\/?s={search_term_string}\"},\"query-input\":{\"@type\":\"PropertyValueSpecification\",\"valueRequired\":true,\"valueName\":\"search_term_string\"}}],\"inLanguage\":\"sv-SE\"},{\"@type\":\"Organization\",\"@id\":\"https:\/\/nfcjuices.com\/#organization\",\"name\":\"Nasza T\u0142ocznia\",\"url\":\"https:\/\/nfcjuices.com\/\",\"logo\":{\"@type\":\"ImageObject\",\"inLanguage\":\"sv-SE\",\"@id\":\"https:\/\/nfcjuices.com\/#\/schema\/logo\/image\/\",\"url\":\"https:\/\/nfcjuices.com\/wp-content\/uploads\/2025\/05\/cropped-B2b-1.png\",\"contentUrl\":\"https:\/\/nfcjuices.com\/wp-content\/uploads\/2025\/05\/cropped-B2b-1.png\",\"width\":1199,\"height\":999,\"caption\":\"Nasza T\u0142ocznia\"},\"image\":{\"@id\":\"https:\/\/nfcjuices.com\/#\/schema\/logo\/image\/\"}}]}<\/script>\n<!-- \/ Yoast SEO plugin. -->","yoast_head_json":{"title":"Hur tillverkas v\u00e5ra produkter? - nfc-juicer","robots":{"index":"index","follow":"follow","max-snippet":"max-snippet:-1","max-image-preview":"max-image-preview:large","max-video-preview":"max-video-preview:-1"},"canonical":"https:\/\/nfcjuices.com\/sv\/hur-vara-produkter-tillverkas\/","og_locale":"sv_SE","og_type":"article","og_title":"Jak powstaj\u0105 nasze produkty? - nfc-juices","og_description":"W Naszej T\u0142oczni ka\u017cdy owoc, czy warzywo traktujemy indywidualnie &#8211; tak, jak na to zas\u0142uguj\u0105! Za to odwdzi\u0119czaj\u0105 nam si\u0119 najwy\u017csz\u0105 jako\u015bci\u0105 otrzymanego soku. Soki z cytryn, grejpfrut\u00f3w, czy pomara\u0144czy wyciskamy z po\u0142\u00f3wek przy pomocy specjalnej maszyny do wyciskania cytrus\u00f3w. Pozosta\u0142e owoce i warzywa zamieniamy w sok za pomoc\u0105 prasy ta\u015bmowej, na kt\u00f3rej s\u0105 one [&hellip;]","og_url":"https:\/\/nfcjuices.com\/sv\/hur-vara-produkter-tillverkas\/","og_site_name":"nfc-juices","article_modified_time":"2025-04-17T09:41:07+00:00","twitter_card":"summary_large_image","twitter_misc":{"Ber\u00e4knad l\u00e4stid":"2 minuter"},"schema":{"@context":"https:\/\/schema.org","@graph":[{"@type":"WebPage","@id":"https:\/\/nfcjuices.com\/jak-powstaja-nasze-produkty\/","url":"https:\/\/nfcjuices.com\/jak-powstaja-nasze-produkty\/","name":"Hur tillverkas v\u00e5ra produkter? - nfc-juicer","isPartOf":{"@id":"https:\/\/nfcjuices.com\/#website"},"datePublished":"2025-03-12T14:12:13+00:00","dateModified":"2025-04-17T09:41:07+00:00","breadcrumb":{"@id":"https:\/\/nfcjuices.com\/jak-powstaja-nasze-produkty\/#breadcrumb"},"inLanguage":"sv-SE","potentialAction":[{"@type":"ReadAction","target":["https:\/\/nfcjuices.com\/jak-powstaja-nasze-produkty\/"]}]},{"@type":"BreadcrumbList","@id":"https:\/\/nfcjuices.com\/jak-powstaja-nasze-produkty\/#breadcrumb","itemListElement":[{"@type":"ListItem","position":1,"name":"Strona g\u0142\u00f3wna","item":"https:\/\/nfcjuices.com\/"},{"@type":"ListItem","position":2,"name":"Jak powstaj\u0105 nasze produkty?"}]},{"@type":"WebSite","@id":"https:\/\/nfcjuices.com\/#website","url":"https:\/\/nfcjuices.com\/","name":"nfc juicer","description":"Juicer, pur\u00e9er, NFC-mousser p\u00e5 fat","publisher":{"@id":"https:\/\/nfcjuices.com\/#organization"},"potentialAction":[{"@type":"SearchAction","target":{"@type":"EntryPoint","urlTemplate":"https:\/\/nfcjuices.com\/?s={search_term_string}"},"query-input":{"@type":"PropertyValueSpecification","valueRequired":true,"valueName":"search_term_string"}}],"inLanguage":"sv-SE"},{"@type":"Organization","@id":"https:\/\/nfcjuices.com\/#organization","name":"V\u00e5r pressanl\u00e4ggning","url":"https:\/\/nfcjuices.com\/","logo":{"@type":"ImageObject","inLanguage":"sv-SE","@id":"https:\/\/nfcjuices.com\/#\/schema\/logo\/image\/","url":"https:\/\/nfcjuices.com\/wp-content\/uploads\/2025\/05\/cropped-B2b-1.png","contentUrl":"https:\/\/nfcjuices.com\/wp-content\/uploads\/2025\/05\/cropped-B2b-1.png","width":1199,"height":999,"caption":"Nasza T\u0142ocznia"},"image":{"@id":"https:\/\/nfcjuices.com\/#\/schema\/logo\/image\/"}}]}},"_links":{"self":[{"href":"https:\/\/nfcjuices.com\/sv\/wp-json\/wp\/v2\/pages\/192","targetHints":{"allow":["GET"]}}],"collection":[{"href":"https:\/\/nfcjuices.com\/sv\/wp-json\/wp\/v2\/pages"}],"about":[{"href":"https:\/\/nfcjuices.com\/sv\/wp-json\/wp\/v2\/types\/page"}],"author":[{"embeddable":true,"href":"https:\/\/nfcjuices.com\/sv\/wp-json\/wp\/v2\/users\/1"}],"replies":[{"embeddable":true,"href":"https:\/\/nfcjuices.com\/sv\/wp-json\/wp\/v2\/comments?post=192"}],"version-history":[{"count":3,"href":"https:\/\/nfcjuices.com\/sv\/wp-json\/wp\/v2\/pages\/192\/revisions"}],"predecessor-version":[{"id":996,"href":"https:\/\/nfcjuices.com\/sv\/wp-json\/wp\/v2\/pages\/192\/revisions\/996"}],"wp:attachment":[{"href":"https:\/\/nfcjuices.com\/sv\/wp-json\/wp\/v2\/media?parent=192"}],"curies":[{"name":"wp","href":"https:\/\/api.w.org\/{rel}","templated":true}]}}