{"id":692,"date":"2025-04-04T16:11:22","date_gmt":"2025-04-04T14:11:22","guid":{"rendered":"https:\/\/nfcjuices.com\/produkt\/sok-100-tloczony-brzoskwinia-3l\/"},"modified":"2026-04-15T13:05:08","modified_gmt":"2026-04-15T11:05:08","slug":"100-lisovana-broskynova-stava-3l","status":"publish","type":"product","link":"https:\/\/nfcjuices.com\/sk\/produkt\/sok-100-tloczony-brzoskwinia-3l\/","title":{"rendered":"\u0160\u0165ava 100% Lisovan\u00e1 brosky\u0148ov\u00e1 3l"},"content":{"rendered":"<p><strong>Typ produktu:<\/strong>\u00a0\u0161\u0165ava<\/p>\n<p><strong>Brixov stupe\u0148:\u00a0<\/strong>7,7<br \/>\n<strong>Technick\u00e9 \u0161pecifik\u00e1cie s\u00fa k dispoz\u00edcii na po\u017eiadanie.<\/strong><\/p>\n<p><strong>Nutri\u010dn\u00e9 hodnoty:<\/strong><br \/>\nEnergetick\u00e1 hodnota: 39 kcal<\/p>\n<p>Tuk: 0,4 g<\/p>\n<p>Sacharidy: 10 g<\/p>\n<p>- z toho cukry: 8 g<\/p>\n<p>Bielkoviny: &lt;1 g<\/p>\n<p>So\u013e: 0 g<\/p>\n<h3><span style=\"font-weight: 400;\">Logistika<\/span><\/h3>\n<ul>\n<li style=\"font-weight: 400;\" aria-level=\"1\"><span style=\"font-weight: 400;\">Balenie: 200 kg kovov\u00fd sud + metalizovan\u00e9 aseptick\u00e9 vrecko, jednorazov\u00fd ventil<\/span><\/li>\n<li style=\"font-weight: 400;\" aria-level=\"1\"><span style=\"font-weight: 400;\">Z\u00e1sielka:<\/span>\n<ul>\n<li style=\"font-weight: 400;\" aria-level=\"2\"><span style=\"font-weight: 400;\">1\u20132 sudy na europalete<\/span><\/li>\n<li style=\"font-weight: 400;\" aria-level=\"2\"><span style=\"font-weight: 400;\">2\u20134 sudy na palete 120 \u00d7 120 cm<\/span><\/li>\n<li style=\"font-weight: 400;\" aria-level=\"2\"><span style=\"font-weight: 400;\">od 4 barelov, doprava zdarma v r\u00e1mci Po\u013eska; mimo Po\u013eska individu\u00e1lne ceny<\/span><\/li>\n<\/ul>\n<\/li>\n<li style=\"font-weight: 400;\" aria-level=\"1\"><span style=\"font-weight: 400;\">Dokumenty: \u0161pecifik\u00e1cie a certifik\u00e1ty zaslan\u00e9 po zak\u00fapen\u00ed alebo na po\u017eiadanie technologick\u00e9ho oddelenia<\/span><\/li>\n<\/ul>\n<p><span style=\"font-weight: 400;\">Pridajte do ko\u0161\u00edka a objednajte si online s fakt\u00farou s DPH alebo si vy\u017eiadajte cenov\u00fa ponuku pre pravideln\u00e9 dod\u00e1vky.<\/span><span style=\"font-weight: 400;\"><br \/>\n<\/span><span style=\"font-weight: 400;\">Kontakt B2B: sales@naszatlocznia.pl, 600 100 478.<\/span><\/p>","protected":false},"excerpt":{"rendered":"<p><img fetchpriority=\"high\" decoding=\"async\" class=\"alignnone size-large wp-image-1026\" src=\"https:\/\/naszatlocznia.pl\/wp-content\/uploads\/2022\/01\/wartosci-odzywcze-BRZOSKWINIA-993x1024.png\" alt=\"\" width=\"980\" height=\"1011\" \/><\/p>","protected":false},"featured_media":689,"comment_status":"open","ping_status":"closed","template":"","meta":[],"product_brand":[],"product_cat":[26],"product_tag":[],"class_list":{"0":"post-692","1":"product","2":"type-product","3":"status-publish","4":"has-post-thumbnail","6":"product_cat-soki-tloczone-nfc","7":"pa_pojemnosc-3l","9":"first","10":"instock","11":"taxable","12":"shipping-taxable","13":"purchasable","14":"product-type-simple"},"yoast_head":"<!-- This site is optimized with the Yoast SEO plugin v24.9 - https:\/\/yoast.com\/wordpress\/plugins\/seo\/ -->\n<title>Sok z Brzoskwini NFC - 100% | Bag-in-box 3L | Sok t\u0142oczony<\/title>\n<meta name=\"description\" content=\"Sok 100% z brzoskwini NFC w worku z kranikiem w kartonie. Pasteryzowany, bez cukru. Naturalny sok nie z koncentratu, t\u0142oczony z brzoskwini\" \/>\n<meta name=\"robots\" content=\"index, follow, max-snippet:-1, max-image-preview:large, max-video-preview:-1\" \/>\n<link rel=\"canonical\" href=\"https:\/\/nfcjuices.com\/sk\/produkt\/100-lisovana-broskynova-stava-3l\/\" \/>\n<meta property=\"og:locale\" content=\"sk_SK\" \/>\n<meta property=\"og:type\" content=\"article\" \/>\n<meta property=\"og:title\" content=\"Sok z Brzoskwini NFC - 100% | Bag-in-box 3L | Sok t\u0142oczony\" \/>\n<meta property=\"og:description\" content=\"Sok 100% z brzoskwini NFC w worku z kranikiem w kartonie. Pasteryzowany, bez cukru. Naturalny sok nie z koncentratu, t\u0142oczony z brzoskwini\" \/>\n<meta property=\"og:url\" content=\"https:\/\/nfcjuices.com\/sk\/produkt\/100-lisovana-broskynova-stava-3l\/\" \/>\n<meta property=\"og:site_name\" content=\"nfc-juices\" \/>\n<meta property=\"article:modified_time\" content=\"2026-04-15T11:05:08+00:00\" \/>\n<meta property=\"og:image\" content=\"https:\/\/nfcjuices.com\/wp-content\/uploads\/2025\/04\/Strona-Nowy-Karton-Brzoskwinia.png\" \/>\n\t<meta property=\"og:image:width\" content=\"750\" \/>\n\t<meta property=\"og:image:height\" content=\"750\" \/>\n\t<meta property=\"og:image:type\" content=\"image\/png\" \/>\n<meta name=\"twitter:card\" content=\"summary_large_image\" \/>\n<meta name=\"twitter:label1\" content=\"Predpokladan\u00fd \u010das \u010d\u00edtania\" \/>\n\t<meta name=\"twitter:data1\" content=\"1 min\u00fata\" \/>\n<script type=\"application\/ld+json\" class=\"yoast-schema-graph\">{\"@context\":\"https:\/\/schema.org\",\"@graph\":[{\"@type\":\"WebPage\",\"@id\":\"https:\/\/nfcjuices.com\/produkt\/sok-100-tloczony-brzoskwinia-3l\/\",\"url\":\"https:\/\/nfcjuices.com\/produkt\/sok-100-tloczony-brzoskwinia-3l\/\",\"name\":\"Sok z Brzoskwini NFC - 100% | Bag-in-box 3L | Sok t\u0142oczony\",\"isPartOf\":{\"@id\":\"https:\/\/nfcjuices.com\/#website\"},\"primaryImageOfPage\":{\"@id\":\"https:\/\/nfcjuices.com\/produkt\/sok-100-tloczony-brzoskwinia-3l\/#primaryimage\"},\"image\":{\"@id\":\"https:\/\/nfcjuices.com\/produkt\/sok-100-tloczony-brzoskwinia-3l\/#primaryimage\"},\"thumbnailUrl\":\"https:\/\/nfcjuices.com\/wp-content\/uploads\/2025\/04\/Strona-Nowy-Karton-Brzoskwinia.png\",\"datePublished\":\"2025-04-04T14:11:22+00:00\",\"dateModified\":\"2026-04-15T11:05:08+00:00\",\"description\":\"Sok 100% z brzoskwini NFC w worku z kranikiem w kartonie. Pasteryzowany, bez cukru. Naturalny sok nie z koncentratu, t\u0142oczony z brzoskwini\",\"breadcrumb\":{\"@id\":\"https:\/\/nfcjuices.com\/produkt\/sok-100-tloczony-brzoskwinia-3l\/#breadcrumb\"},\"inLanguage\":\"sk-SK\",\"potentialAction\":[{\"@type\":\"ReadAction\",\"target\":[\"https:\/\/nfcjuices.com\/produkt\/sok-100-tloczony-brzoskwinia-3l\/\"]}]},{\"@type\":\"ImageObject\",\"inLanguage\":\"sk-SK\",\"@id\":\"https:\/\/nfcjuices.com\/produkt\/sok-100-tloczony-brzoskwinia-3l\/#primaryimage\",\"url\":\"https:\/\/nfcjuices.com\/wp-content\/uploads\/2025\/04\/Strona-Nowy-Karton-Brzoskwinia.png\",\"contentUrl\":\"https:\/\/nfcjuices.com\/wp-content\/uploads\/2025\/04\/Strona-Nowy-Karton-Brzoskwinia.png\",\"width\":750,\"height\":750},{\"@type\":\"BreadcrumbList\",\"@id\":\"https:\/\/nfcjuices.com\/produkt\/sok-100-tloczony-brzoskwinia-3l\/#breadcrumb\",\"itemListElement\":[{\"@type\":\"ListItem\",\"position\":1,\"name\":\"Strona g\u0142\u00f3wna\",\"item\":\"https:\/\/nfcjuices.com\/\"},{\"@type\":\"ListItem\",\"position\":2,\"name\":\"Nasze produkty\",\"item\":\"https:\/\/nfcjuices.com\/sv\/vara-produkter\/\"},{\"@type\":\"ListItem\",\"position\":3,\"name\":\"Sok 100% T\u0142oczony Brzoskwinia 3L\"}]},{\"@type\":\"WebSite\",\"@id\":\"https:\/\/nfcjuices.com\/#website\",\"url\":\"https:\/\/nfcjuices.com\/\",\"name\":\"nfc-juices\",\"description\":\"Soki, przeciery, musy NFC w beczkach\",\"publisher\":{\"@id\":\"https:\/\/nfcjuices.com\/#organization\"},\"potentialAction\":[{\"@type\":\"SearchAction\",\"target\":{\"@type\":\"EntryPoint\",\"urlTemplate\":\"https:\/\/nfcjuices.com\/?s={search_term_string}\"},\"query-input\":{\"@type\":\"PropertyValueSpecification\",\"valueRequired\":true,\"valueName\":\"search_term_string\"}}],\"inLanguage\":\"sk-SK\"},{\"@type\":\"Organization\",\"@id\":\"https:\/\/nfcjuices.com\/#organization\",\"name\":\"Nasza T\u0142ocznia\",\"url\":\"https:\/\/nfcjuices.com\/\",\"logo\":{\"@type\":\"ImageObject\",\"inLanguage\":\"sk-SK\",\"@id\":\"https:\/\/nfcjuices.com\/#\/schema\/logo\/image\/\",\"url\":\"https:\/\/nfcjuices.com\/wp-content\/uploads\/2025\/05\/cropped-B2b-1.png\",\"contentUrl\":\"https:\/\/nfcjuices.com\/wp-content\/uploads\/2025\/05\/cropped-B2b-1.png\",\"width\":1199,\"height\":999,\"caption\":\"Nasza T\u0142ocznia\"},\"image\":{\"@id\":\"https:\/\/nfcjuices.com\/#\/schema\/logo\/image\/\"}}]}<\/script>\n<!-- \/ Yoast SEO plugin. -->","yoast_head_json":{"title":"Brosky\u0148ov\u00e1 \u0161\u0165ava NFC - 100% | Bag-in-box 3l | Lisovan\u00e1 \u0161\u0165ava","description":"100% NFC brosky\u0148ov\u00e1 \u0161\u0165ava vo vrecku s koh\u00fatikom v kart\u00f3ne. Pasterizovan\u00e1, bez cukru. Pr\u00edrodn\u00e1, nie z koncentr\u00e1tu, lisovan\u00e1 brosky\u0148ov\u00e1 \u0161\u0165ava.","robots":{"index":"index","follow":"follow","max-snippet":"max-snippet:-1","max-image-preview":"max-image-preview:large","max-video-preview":"max-video-preview:-1"},"canonical":"https:\/\/nfcjuices.com\/sk\/produkt\/100-lisovana-broskynova-stava-3l\/","og_locale":"sk_SK","og_type":"article","og_title":"Sok z Brzoskwini NFC - 100% | Bag-in-box 3L | Sok t\u0142oczony","og_description":"Sok 100% z brzoskwini NFC w worku z kranikiem w kartonie. Pasteryzowany, bez cukru. Naturalny sok nie z koncentratu, t\u0142oczony z brzoskwini","og_url":"https:\/\/nfcjuices.com\/sk\/produkt\/100-lisovana-broskynova-stava-3l\/","og_site_name":"nfc-juices","article_modified_time":"2026-04-15T11:05:08+00:00","og_image":[{"width":750,"height":750,"url":"https:\/\/nfcjuices.com\/wp-content\/uploads\/2025\/04\/Strona-Nowy-Karton-Brzoskwinia.png","type":"image\/png"}],"twitter_card":"summary_large_image","twitter_misc":{"Predpokladan\u00fd \u010das \u010d\u00edtania":"1 min\u00fata"},"schema":{"@context":"https:\/\/schema.org","@graph":[{"@type":"WebPage","@id":"https:\/\/nfcjuices.com\/produkt\/sok-100-tloczony-brzoskwinia-3l\/","url":"https:\/\/nfcjuices.com\/produkt\/sok-100-tloczony-brzoskwinia-3l\/","name":"Brosky\u0148ov\u00e1 \u0161\u0165ava NFC - 100% | Bag-in-box 3l | Lisovan\u00e1 \u0161\u0165ava","isPartOf":{"@id":"https:\/\/nfcjuices.com\/#website"},"primaryImageOfPage":{"@id":"https:\/\/nfcjuices.com\/produkt\/sok-100-tloczony-brzoskwinia-3l\/#primaryimage"},"image":{"@id":"https:\/\/nfcjuices.com\/produkt\/sok-100-tloczony-brzoskwinia-3l\/#primaryimage"},"thumbnailUrl":"https:\/\/nfcjuices.com\/wp-content\/uploads\/2025\/04\/Strona-Nowy-Karton-Brzoskwinia.png","datePublished":"2025-04-04T14:11:22+00:00","dateModified":"2026-04-15T11:05:08+00:00","description":"100% NFC brosky\u0148ov\u00e1 \u0161\u0165ava vo vrecku s koh\u00fatikom v kart\u00f3ne. Pasterizovan\u00e1, bez cukru. Pr\u00edrodn\u00e1, nie z koncentr\u00e1tu, lisovan\u00e1 brosky\u0148ov\u00e1 \u0161\u0165ava.","breadcrumb":{"@id":"https:\/\/nfcjuices.com\/produkt\/sok-100-tloczony-brzoskwinia-3l\/#breadcrumb"},"inLanguage":"sk-SK","potentialAction":[{"@type":"ReadAction","target":["https:\/\/nfcjuices.com\/produkt\/sok-100-tloczony-brzoskwinia-3l\/"]}]},{"@type":"ImageObject","inLanguage":"sk-SK","@id":"https:\/\/nfcjuices.com\/produkt\/sok-100-tloczony-brzoskwinia-3l\/#primaryimage","url":"https:\/\/nfcjuices.com\/wp-content\/uploads\/2025\/04\/Strona-Nowy-Karton-Brzoskwinia.png","contentUrl":"https:\/\/nfcjuices.com\/wp-content\/uploads\/2025\/04\/Strona-Nowy-Karton-Brzoskwinia.png","width":750,"height":750},{"@type":"BreadcrumbList","@id":"https:\/\/nfcjuices.com\/produkt\/sok-100-tloczony-brzoskwinia-3l\/#breadcrumb","itemListElement":[{"@type":"ListItem","position":1,"name":"Strona g\u0142\u00f3wna","item":"https:\/\/nfcjuices.com\/"},{"@type":"ListItem","position":2,"name":"Nasze produkty","item":"https:\/\/nfcjuices.com\/sv\/vara-produkter\/"},{"@type":"ListItem","position":3,"name":"Sok 100% T\u0142oczony Brzoskwinia 3L"}]},{"@type":"WebSite","@id":"https:\/\/nfcjuices.com\/#website","url":"https:\/\/nfcjuices.com\/","name":"nfc \u0161\u0165avy","description":"\u0160\u0165avy, pyr\u00e9, NFC peny v sudoch","publisher":{"@id":"https:\/\/nfcjuices.com\/#organization"},"potentialAction":[{"@type":"SearchAction","target":{"@type":"EntryPoint","urlTemplate":"https:\/\/nfcjuices.com\/?s={search_term_string}"},"query-input":{"@type":"PropertyValueSpecification","valueRequired":true,"valueName":"search_term_string"}}],"inLanguage":"sk-SK"},{"@type":"Organization","@id":"https:\/\/nfcjuices.com\/#organization","name":"Na\u0161a lisov\u0148a","url":"https:\/\/nfcjuices.com\/","logo":{"@type":"ImageObject","inLanguage":"sk-SK","@id":"https:\/\/nfcjuices.com\/#\/schema\/logo\/image\/","url":"https:\/\/nfcjuices.com\/wp-content\/uploads\/2025\/05\/cropped-B2b-1.png","contentUrl":"https:\/\/nfcjuices.com\/wp-content\/uploads\/2025\/05\/cropped-B2b-1.png","width":1199,"height":999,"caption":"Nasza T\u0142ocznia"},"image":{"@id":"https:\/\/nfcjuices.com\/#\/schema\/logo\/image\/"}}]}},"_links":{"self":[{"href":"https:\/\/nfcjuices.com\/sk\/wp-json\/wp\/v2\/product\/692","targetHints":{"allow":["GET"]}}],"collection":[{"href":"https:\/\/nfcjuices.com\/sk\/wp-json\/wp\/v2\/product"}],"about":[{"href":"https:\/\/nfcjuices.com\/sk\/wp-json\/wp\/v2\/types\/product"}],"replies":[{"embeddable":true,"href":"https:\/\/nfcjuices.com\/sk\/wp-json\/wp\/v2\/comments?post=692"}],"wp:featuredmedia":[{"embeddable":true,"href":"https:\/\/nfcjuices.com\/sk\/wp-json\/wp\/v2\/media\/689"}],"wp:attachment":[{"href":"https:\/\/nfcjuices.com\/sk\/wp-json\/wp\/v2\/media?parent=692"}],"wp:term":[{"taxonomy":"product_brand","embeddable":true,"href":"https:\/\/nfcjuices.com\/sk\/wp-json\/wp\/v2\/product_brand?post=692"},{"taxonomy":"product_cat","embeddable":true,"href":"https:\/\/nfcjuices.com\/sk\/wp-json\/wp\/v2\/product_cat?post=692"},{"taxonomy":"product_tag","embeddable":true,"href":"https:\/\/nfcjuices.com\/sk\/wp-json\/wp\/v2\/product_tag?post=692"}],"curies":[{"name":"pracovn\u00fd list","href":"https:\/\/api.w.org\/{rel}","templated":true}]}}