{"id":625,"date":"2025-04-04T16:10:49","date_gmt":"2025-04-04T14:10:49","guid":{"rendered":"https:\/\/nfcjuices.com\/produkt\/sok-100-tloczony-wisnia-dna-moczanowa-sport-3l\/"},"modified":"2026-04-17T15:04:38","modified_gmt":"2026-04-17T13:04:38","slug":"100-lisovana-ceresnova-stava-na-dnu-sport-3l","status":"publish","type":"product","link":"https:\/\/nfcjuices.com\/sk\/produkt\/sok-100-tloczony-wisnia-dna-moczanowa-sport-3l\/","title":{"rendered":"\u0160\u0165ava 100% lisovan\u00e1 \u010cere\u0161\u0148ov\u00e1 gout \u0161port 3l"},"content":{"rendered":"<h4><img fetchpriority=\"high\" decoding=\"async\" class=\"size-large wp-image-2490 aligncenter\" src=\"https:\/\/naszatlocznia.pl\/wp-content\/uploads\/2022\/04\/baner-Allegro-nowy-03.2022-1-1024x436.png\" alt=\"\" width=\"980\" height=\"417\" \/><\/h4>\n<p>\u00a0<\/p>\n<h4 style=\"text-align: center\">Zdravie zo sam\u00e9ho srdca po\u013esk\u00e9ho ovocin\u00e1rstva \u2013 to s\u00fa \u0161\u0165avy z Nasza T\u0142ocznia.<\/h4>\n<h4 style=\"text-align: center\"><strong>Pr\u00edrodn\u00e1 za studena lisovan\u00e1 \u010dere\u0161\u0148ov\u00e1 \u0161\u0165ava 100%. Kysl\u00e1 \u2013 bez pridan\u00e9ho cukru a konzerva\u010dn\u00fdch l\u00e1tok. <\/strong><\/h4>\n<h4 style=\"text-align: center\">Vysok\u00fd obsah polyfenolov <strong>m\u00e1 protiz\u00e1palov\u00e9 vlastnosti<\/strong>, zni\u017euje po\u0161kodenie svalov a reguluje \u00farove\u0148 bolesti. Hlavn\u00fdm \u00fa\u010dinkom vi\u0161\u0148ovej \u0161\u0165avy na \u0161portovcov je <strong>zr\u00fdchlenie regener\u00e1cie po cvi\u010den\u00ed<\/strong>, a to ako vo vytrvalostn\u00fdch, tak aj silov\u00fdch \u0161portoch. V\u010faka tomu je tr\u00e9ning efekt\u00edvnej\u0161\u00ed.<\/h4>\n<h4 style=\"text-align: center\"><strong> Taktie\u017e podporuje lie\u010dbu chor\u00f4b, ako je dna.\u00a0<\/strong><\/h4>\n<p>\u00a0<\/p>\n<p><img decoding=\"async\" class=\"wp-image-6680 aligncenter\" src=\"https:\/\/naszatlocznia.pl\/wp-content\/uploads\/2022\/01\/Strona-Nowy-Karton-Wisnia.png\" alt=\"\" width=\"530\" height=\"530\" \/><\/p>\n<h4><\/h4>\n<h4><strong>Balenie:<\/strong> balenie bag in box \u2013 vrecko s koh\u00fatikom v praktickej kart\u00f3novej krabici pre jednoduch\u00e9 nalievanie.<\/h4>\n<h4><b>Zlo\u017eenie<\/b>100% NFC \u010dere\u0161\u0148ov\u00e1 \u0161\u0165ava (nie z koncentr\u00e1tu!).<\/h4>\n<h4><strong>Skladovanie:<\/strong>\u00a0Rovnako ako dom\u00e1ce zav\u00e1raniny, aj \u0161\u0165avy by sa mali skladova\u0165 na tienistom a chladnom mieste.<br \/>\n<strong>Nalievanie:<\/strong> \u0160\u0165avu nalievajte koh\u00fatikom smerom nadol a dbajte na to, aby bola v\u017edy pokryt\u00e1 \u0161\u0165avou. Pred ka\u017ed\u00fdm naliat\u00edm pretrepte balenie, aby sa obsah premie\u0161al.<br \/>\n<strong>Z\u00e1ruka \u010derstvosti:<\/strong>\u00a0Spr\u00e1vne nalievanie zabezpe\u010d\u00ed, \u017ee sa do balenia nedostane vzduch, a \u0161\u0165ava tak zostane \u010derstv\u00e1.<br \/>\n<strong>Po otvoren\u00ed:<\/strong> \u0160\u0165ava by sa mala skladova\u0165 v chladni\u010dke a spotrebova\u0165 do 30 dn\u00ed, za predpokladu, \u017ee sa naleje vo zvislej polohe bez toho, aby sa do obalu dostal vzduch.<\/h4>\n<h4><strong>D\u00e1vkovanie:<\/strong> 200 ml denne.<\/h4>\n<h4><strong>D\u00e1tum expir\u00e1cie:<\/strong> minim\u00e1lne 3 mesiace od d\u00e1tumu n\u00e1kupu.<\/h4>\n<h4><\/h4>\n<h4 style=\"text-align: center\"><strong>Presved\u010dte sa sami, objednajte si teraz!<\/strong><\/h4>","protected":false},"excerpt":{"rendered":"<p><img decoding=\"async\" class=\"alignnone size-large wp-image-446\" src=\"https:\/\/naszatlocznia.pl\/wp-content\/uploads\/2021\/06\/wartosci-odzywcze-WISNIA-914x1024.jpg\" alt=\"\" width=\"914\" height=\"1024\" \/><\/p>","protected":false},"featured_media":624,"comment_status":"open","ping_status":"closed","template":"","meta":[],"product_brand":[],"product_cat":[26],"product_tag":[],"class_list":{"0":"post-625","1":"product","2":"type-product","3":"status-publish","4":"has-post-thumbnail","6":"product_cat-soki-tloczone-nfc","7":"pa_pojemnosc-3l","9":"first","10":"instock","11":"taxable","12":"shipping-taxable","13":"purchasable","14":"product-type-simple"},"yoast_head":"<!-- This site is optimized with the Yoast SEO plugin v24.9 - https:\/\/yoast.com\/wordpress\/plugins\/seo\/ -->\n<title>Sok 100% t\u0142oczony Wi\u015bnia dna moczanowa sport 3L - nfc-juices<\/title>\n<meta name=\"robots\" content=\"index, follow, max-snippet:-1, max-image-preview:large, max-video-preview:-1\" \/>\n<link rel=\"canonical\" href=\"https:\/\/nfcjuices.com\/sk\/produkt\/100-lisovana-ceresnova-stava-na-dnu-sport-3l\/\" \/>\n<meta property=\"og:locale\" content=\"sk_SK\" \/>\n<meta property=\"og:type\" content=\"article\" \/>\n<meta property=\"og:title\" content=\"Sok 100% t\u0142oczony Wi\u015bnia dna moczanowa sport 3L - nfc-juices\" \/>\n<meta property=\"og:url\" content=\"https:\/\/nfcjuices.com\/sk\/produkt\/100-lisovana-ceresnova-stava-na-dnu-sport-3l\/\" \/>\n<meta property=\"og:site_name\" content=\"nfc-juices\" \/>\n<meta property=\"article:modified_time\" content=\"2026-04-17T13:04:38+00:00\" \/>\n<meta property=\"og:image\" content=\"https:\/\/nfcjuices.com\/wp-content\/uploads\/2025\/04\/Strona-Nowy-Karton-Wisnia.png\" \/>\n\t<meta property=\"og:image:width\" content=\"750\" \/>\n\t<meta property=\"og:image:height\" content=\"750\" \/>\n\t<meta property=\"og:image:type\" content=\"image\/png\" \/>\n<meta name=\"twitter:card\" content=\"summary_large_image\" \/>\n<meta name=\"twitter:label1\" content=\"Predpokladan\u00fd \u010das \u010d\u00edtania\" \/>\n\t<meta name=\"twitter:data1\" content=\"1 min\u00fata\" \/>\n<script type=\"application\/ld+json\" class=\"yoast-schema-graph\">{\"@context\":\"https:\/\/schema.org\",\"@graph\":[{\"@type\":\"WebPage\",\"@id\":\"https:\/\/nfcjuices.com\/produkt\/sok-100-tloczony-wisnia-dna-moczanowa-sport-3l\/\",\"url\":\"https:\/\/nfcjuices.com\/produkt\/sok-100-tloczony-wisnia-dna-moczanowa-sport-3l\/\",\"name\":\"Sok 100% t\u0142oczony Wi\u015bnia dna moczanowa sport 3L - nfc-juices\",\"isPartOf\":{\"@id\":\"https:\/\/nfcjuices.com\/#website\"},\"primaryImageOfPage\":{\"@id\":\"https:\/\/nfcjuices.com\/produkt\/sok-100-tloczony-wisnia-dna-moczanowa-sport-3l\/#primaryimage\"},\"image\":{\"@id\":\"https:\/\/nfcjuices.com\/produkt\/sok-100-tloczony-wisnia-dna-moczanowa-sport-3l\/#primaryimage\"},\"thumbnailUrl\":\"https:\/\/nfcjuices.com\/wp-content\/uploads\/2025\/04\/Strona-Nowy-Karton-Wisnia.png\",\"datePublished\":\"2025-04-04T14:10:49+00:00\",\"dateModified\":\"2026-04-17T13:04:38+00:00\",\"breadcrumb\":{\"@id\":\"https:\/\/nfcjuices.com\/produkt\/sok-100-tloczony-wisnia-dna-moczanowa-sport-3l\/#breadcrumb\"},\"inLanguage\":\"sk-SK\",\"potentialAction\":[{\"@type\":\"ReadAction\",\"target\":[\"https:\/\/nfcjuices.com\/produkt\/sok-100-tloczony-wisnia-dna-moczanowa-sport-3l\/\"]}]},{\"@type\":\"ImageObject\",\"inLanguage\":\"sk-SK\",\"@id\":\"https:\/\/nfcjuices.com\/produkt\/sok-100-tloczony-wisnia-dna-moczanowa-sport-3l\/#primaryimage\",\"url\":\"https:\/\/nfcjuices.com\/wp-content\/uploads\/2025\/04\/Strona-Nowy-Karton-Wisnia.png\",\"contentUrl\":\"https:\/\/nfcjuices.com\/wp-content\/uploads\/2025\/04\/Strona-Nowy-Karton-Wisnia.png\",\"width\":750,\"height\":750},{\"@type\":\"BreadcrumbList\",\"@id\":\"https:\/\/nfcjuices.com\/produkt\/sok-100-tloczony-wisnia-dna-moczanowa-sport-3l\/#breadcrumb\",\"itemListElement\":[{\"@type\":\"ListItem\",\"position\":1,\"name\":\"Strona g\u0142\u00f3wna\",\"item\":\"https:\/\/nfcjuices.com\/\"},{\"@type\":\"ListItem\",\"position\":2,\"name\":\"Nasze produkty\",\"item\":\"https:\/\/nfcjuices.com\/sv\/vara-produkter\/\"},{\"@type\":\"ListItem\",\"position\":3,\"name\":\"Sok 100% t\u0142oczony Wi\u015bnia dna moczanowa sport 3L\"}]},{\"@type\":\"WebSite\",\"@id\":\"https:\/\/nfcjuices.com\/#website\",\"url\":\"https:\/\/nfcjuices.com\/\",\"name\":\"nfc-juices\",\"description\":\"Soki, przeciery, musy NFC w beczkach\",\"publisher\":{\"@id\":\"https:\/\/nfcjuices.com\/#organization\"},\"potentialAction\":[{\"@type\":\"SearchAction\",\"target\":{\"@type\":\"EntryPoint\",\"urlTemplate\":\"https:\/\/nfcjuices.com\/?s={search_term_string}\"},\"query-input\":{\"@type\":\"PropertyValueSpecification\",\"valueRequired\":true,\"valueName\":\"search_term_string\"}}],\"inLanguage\":\"sk-SK\"},{\"@type\":\"Organization\",\"@id\":\"https:\/\/nfcjuices.com\/#organization\",\"name\":\"Nasza T\u0142ocznia\",\"url\":\"https:\/\/nfcjuices.com\/\",\"logo\":{\"@type\":\"ImageObject\",\"inLanguage\":\"sk-SK\",\"@id\":\"https:\/\/nfcjuices.com\/#\/schema\/logo\/image\/\",\"url\":\"https:\/\/nfcjuices.com\/wp-content\/uploads\/2025\/05\/cropped-B2b-1.png\",\"contentUrl\":\"https:\/\/nfcjuices.com\/wp-content\/uploads\/2025\/05\/cropped-B2b-1.png\",\"width\":1199,\"height\":999,\"caption\":\"Nasza T\u0142ocznia\"},\"image\":{\"@id\":\"https:\/\/nfcjuices.com\/#\/schema\/logo\/image\/\"}}]}<\/script>\n<!-- \/ Yoast SEO plugin. -->","yoast_head_json":{"title":"\u0160\u0165ava 100% lisovan\u00e1 \u010dere\u0161\u0148ov\u00e1 gout \u0161port 3l - nfc-juices","robots":{"index":"index","follow":"follow","max-snippet":"max-snippet:-1","max-image-preview":"max-image-preview:large","max-video-preview":"max-video-preview:-1"},"canonical":"https:\/\/nfcjuices.com\/sk\/produkt\/100-lisovana-ceresnova-stava-na-dnu-sport-3l\/","og_locale":"sk_SK","og_type":"article","og_title":"Sok 100% t\u0142oczony Wi\u015bnia dna moczanowa sport 3L - nfc-juices","og_url":"https:\/\/nfcjuices.com\/sk\/produkt\/100-lisovana-ceresnova-stava-na-dnu-sport-3l\/","og_site_name":"nfc-juices","article_modified_time":"2026-04-17T13:04:38+00:00","og_image":[{"width":750,"height":750,"url":"https:\/\/nfcjuices.com\/wp-content\/uploads\/2025\/04\/Strona-Nowy-Karton-Wisnia.png","type":"image\/png"}],"twitter_card":"summary_large_image","twitter_misc":{"Predpokladan\u00fd \u010das \u010d\u00edtania":"1 min\u00fata"},"schema":{"@context":"https:\/\/schema.org","@graph":[{"@type":"WebPage","@id":"https:\/\/nfcjuices.com\/produkt\/sok-100-tloczony-wisnia-dna-moczanowa-sport-3l\/","url":"https:\/\/nfcjuices.com\/produkt\/sok-100-tloczony-wisnia-dna-moczanowa-sport-3l\/","name":"\u0160\u0165ava 100% lisovan\u00e1 \u010dere\u0161\u0148ov\u00e1 gout \u0161port 3l - nfc-juices","isPartOf":{"@id":"https:\/\/nfcjuices.com\/#website"},"primaryImageOfPage":{"@id":"https:\/\/nfcjuices.com\/produkt\/sok-100-tloczony-wisnia-dna-moczanowa-sport-3l\/#primaryimage"},"image":{"@id":"https:\/\/nfcjuices.com\/produkt\/sok-100-tloczony-wisnia-dna-moczanowa-sport-3l\/#primaryimage"},"thumbnailUrl":"https:\/\/nfcjuices.com\/wp-content\/uploads\/2025\/04\/Strona-Nowy-Karton-Wisnia.png","datePublished":"2025-04-04T14:10:49+00:00","dateModified":"2026-04-17T13:04:38+00:00","breadcrumb":{"@id":"https:\/\/nfcjuices.com\/produkt\/sok-100-tloczony-wisnia-dna-moczanowa-sport-3l\/#breadcrumb"},"inLanguage":"sk-SK","potentialAction":[{"@type":"ReadAction","target":["https:\/\/nfcjuices.com\/produkt\/sok-100-tloczony-wisnia-dna-moczanowa-sport-3l\/"]}]},{"@type":"ImageObject","inLanguage":"sk-SK","@id":"https:\/\/nfcjuices.com\/produkt\/sok-100-tloczony-wisnia-dna-moczanowa-sport-3l\/#primaryimage","url":"https:\/\/nfcjuices.com\/wp-content\/uploads\/2025\/04\/Strona-Nowy-Karton-Wisnia.png","contentUrl":"https:\/\/nfcjuices.com\/wp-content\/uploads\/2025\/04\/Strona-Nowy-Karton-Wisnia.png","width":750,"height":750},{"@type":"BreadcrumbList","@id":"https:\/\/nfcjuices.com\/produkt\/sok-100-tloczony-wisnia-dna-moczanowa-sport-3l\/#breadcrumb","itemListElement":[{"@type":"ListItem","position":1,"name":"Strona g\u0142\u00f3wna","item":"https:\/\/nfcjuices.com\/"},{"@type":"ListItem","position":2,"name":"Nasze produkty","item":"https:\/\/nfcjuices.com\/sv\/vara-produkter\/"},{"@type":"ListItem","position":3,"name":"Sok 100% t\u0142oczony Wi\u015bnia dna moczanowa sport 3L"}]},{"@type":"WebSite","@id":"https:\/\/nfcjuices.com\/#website","url":"https:\/\/nfcjuices.com\/","name":"nfc \u0161\u0165avy","description":"\u0160\u0165avy, pyr\u00e9, NFC peny v sudoch","publisher":{"@id":"https:\/\/nfcjuices.com\/#organization"},"potentialAction":[{"@type":"SearchAction","target":{"@type":"EntryPoint","urlTemplate":"https:\/\/nfcjuices.com\/?s={search_term_string}"},"query-input":{"@type":"PropertyValueSpecification","valueRequired":true,"valueName":"search_term_string"}}],"inLanguage":"sk-SK"},{"@type":"Organization","@id":"https:\/\/nfcjuices.com\/#organization","name":"Na\u0161a lisov\u0148a","url":"https:\/\/nfcjuices.com\/","logo":{"@type":"ImageObject","inLanguage":"sk-SK","@id":"https:\/\/nfcjuices.com\/#\/schema\/logo\/image\/","url":"https:\/\/nfcjuices.com\/wp-content\/uploads\/2025\/05\/cropped-B2b-1.png","contentUrl":"https:\/\/nfcjuices.com\/wp-content\/uploads\/2025\/05\/cropped-B2b-1.png","width":1199,"height":999,"caption":"Nasza T\u0142ocznia"},"image":{"@id":"https:\/\/nfcjuices.com\/#\/schema\/logo\/image\/"}}]}},"_links":{"self":[{"href":"https:\/\/nfcjuices.com\/sk\/wp-json\/wp\/v2\/product\/625","targetHints":{"allow":["GET"]}}],"collection":[{"href":"https:\/\/nfcjuices.com\/sk\/wp-json\/wp\/v2\/product"}],"about":[{"href":"https:\/\/nfcjuices.com\/sk\/wp-json\/wp\/v2\/types\/product"}],"replies":[{"embeddable":true,"href":"https:\/\/nfcjuices.com\/sk\/wp-json\/wp\/v2\/comments?post=625"}],"wp:featuredmedia":[{"embeddable":true,"href":"https:\/\/nfcjuices.com\/sk\/wp-json\/wp\/v2\/media\/624"}],"wp:attachment":[{"href":"https:\/\/nfcjuices.com\/sk\/wp-json\/wp\/v2\/media?parent=625"}],"wp:term":[{"taxonomy":"product_brand","embeddable":true,"href":"https:\/\/nfcjuices.com\/sk\/wp-json\/wp\/v2\/product_brand?post=625"},{"taxonomy":"product_cat","embeddable":true,"href":"https:\/\/nfcjuices.com\/sk\/wp-json\/wp\/v2\/product_cat?post=625"},{"taxonomy":"product_tag","embeddable":true,"href":"https:\/\/nfcjuices.com\/sk\/wp-json\/wp\/v2\/product_tag?post=625"}],"curies":[{"name":"pracovn\u00fd list","href":"https:\/\/api.w.org\/{rel}","templated":true}]}}