{"id":545,"date":"2025-04-04T15:41:22","date_gmt":"2025-04-04T13:41:22","guid":{"rendered":"https:\/\/nfcjuices.com\/produkt\/sok-tloczony-jablkowy-korzenny-bezalkoholowy-grzaniec-5l\/"},"modified":"2026-04-16T16:55:41","modified_gmt":"2026-04-16T14:55:41","slug":"lisovana-jablkova-stava-pikantna-nealkoholicka-varene-vino-5l","status":"publish","type":"product","link":"https:\/\/nfcjuices.com\/sk\/produkt\/sok-tloczony-jablkowy-korzenny-bezalkoholowy-grzaniec-5l\/","title":{"rendered":"Jablkovo-pikantn\u00e1 lisovan\u00e1 \u0161\u0165ava, nealkoholick\u00e1, varen\u00e9 v\u00edno, 5 l"},"content":{"rendered":"<p><img fetchpriority=\"high\" decoding=\"async\" class=\"size-large wp-image-2959 aligncenter\" src=\"https:\/\/naszatlocznia.pl\/wp-content\/uploads\/2022\/05\/baner-Allegro-nowy-03.2022-1024x436.png\" alt=\"\" width=\"980\" height=\"417\" \/><\/p>\n<p>\u00a0<\/p>\n<h4 style=\"text-align: center\"><strong>Lahodn\u00e9 nealkoholick\u00e9 varen\u00e9 v\u00edno<\/strong><\/h4>\n<h4 style=\"text-align: center\">Pon\u00fakame v\u00e1m\u00a0<b>100% pr\u00edrodn\u00e1 jablkov\u00e1 \u0161\u0165ava s koren\u00edm <\/b>NFC \u2013 NIE Z KONCENTR\u00c1TU, bez pr\u00edsad. Ovocie priamo z na\u0161ej farmy!<br \/>\nIde\u00e1lne na jesenn\u00e9 a zimn\u00e9 ve\u010dery, najlep\u0161ie chut\u00ed tepl\u00e9. Je skvelou n\u00e1hradou varen\u00e9ho v\u00edna!<\/h4>\n<h4 style=\"text-align: center\">\u0160\u0165avy lisujeme za studena.\u00a0<b>Jemn\u00e1 pasteriz\u00e1cia<\/b>\u00a0pri kontrolovanej teplote a\u017e do 78 stup\u0148ov n\u00e1m umo\u017e\u0148uje zabezpe\u010di\u0165\u00a0<b>\u010derstvos\u0165 \u0161\u0165avy<\/b>\u00a0dlh\u0161ie, pri\u010dom si zachov\u00e1vaj\u00fa cenn\u00e9\u00a0<b>nutri\u010dn\u00e1 hodnota a vitam\u00edny<\/b>\u00a0obsiahnut\u00e9 v ovoc\u00ed a zelenine.<\/h4>\n<h4 style=\"text-align: center\"><strong>Hovor\u00edme<\/strong>\u00a0<b>NIE!<\/b>\u00a0konzerva\u010dn\u00e9 l\u00e1tky, cukry, umel\u00e9 vitam\u00edny a farbiv\u00e1. Dokazujeme, \u017ee zdrav\u00fa a chutn\u00fa \u0161\u0165avu m\u00f4\u017eete vytla\u010di\u0165 IBA z toho, \u010do n\u00e1m pr\u00edroda dala.<\/h4>\n<p>\u00a0<\/p>\n<p><img decoding=\"async\" class=\"size-full wp-image-18671 aligncenter\" src=\"https:\/\/naszatlocznia.pl\/wp-content\/uploads\/2021\/06\/Strona-Nowy-Karton-Jablko-Korzenne-1.png\" alt=\"\" width=\"750\" height=\"750\" \/><\/p>\n<p>\u00a0<\/p>\n<h4><strong>Balenie:<\/strong> balenie bag in box \u2013 vrecko s koh\u00fatikom v praktickej kart\u00f3novej krabici pre jednoduch\u00e9 nalievanie.<br \/>\n<b>Zlo\u017eenie:<\/b> 100% NFC jablkov\u00e1 \u0161\u0165ava s koren\u00edm (\u0161korica, klin\u010deky, z\u00e1zvor, mu\u0161k\u00e1tov\u00fd orie\u0161ok).<\/h4>\n<h4><b>Skladovanie:<\/b>\u00a0Rovnako ako dom\u00e1ce zav\u00e1raniny, aj \u0161\u0165avy by sa mali skladova\u0165 na tienistom a chladnom mieste.<\/h4>\n<h4><b>Nalievanie:<\/b> \u0160\u0165avu nalievajte koh\u00fatikom smerom nadol a dbajte na to, aby bola v\u017edy pokryt\u00e1 \u0161\u0165avou. Pred ka\u017ed\u00fdm naliat\u00edm pretrepte balenie, aby sa obsah premie\u0161al.<\/h4>\n<h4><b>Z\u00e1ruka \u010derstvosti:<\/b>\u00a0Spr\u00e1vne nalievanie zabezpe\u010d\u00ed, \u017ee sa do balenia nedostane vzduch, a \u0161\u0165ava tak zostane \u010derstv\u00e1.<\/h4>\n<h4><b>Po otvoren\u00ed:<\/b> \u0160\u0165ava by sa mala skladova\u0165 v chladni\u010dke a spotrebova\u0165 do 30 dn\u00ed, za predpokladu, \u017ee sa naleje vo zvislej polohe bez toho, aby sa do obalu dostal vzduch.<\/h4>\n<h4><strong>D\u00e1tum expir\u00e1cie:<\/strong> minim\u00e1lne 3 mesiace od d\u00e1tumu n\u00e1kupu.<\/h4>\n<h4><\/h4>\n<h4 style=\"text-align: center\"><b>Presved\u010dte sa sami, objednajte si teraz!<\/b><\/h4>\n<p>\u00a0<\/p>","protected":false},"excerpt":{"rendered":"<p><img decoding=\"async\" class=\"alignnone size-large wp-image-492\" src=\"https:\/\/naszatlocznia.pl\/wp-content\/uploads\/2021\/06\/wartosci-odzywcze-JABLKO-KORZENNE-912x1024.jpg\" alt=\"\" width=\"912\" height=\"1024\" \/><\/p>","protected":false},"featured_media":542,"comment_status":"open","ping_status":"closed","template":"","meta":[],"product_brand":[],"product_cat":[26],"product_tag":[],"class_list":{"0":"post-545","1":"product","2":"type-product","3":"status-publish","4":"has-post-thumbnail","6":"product_cat-soki-tloczone-nfc","7":"pa_pojemnosc-5l","9":"first","10":"instock","11":"taxable","12":"shipping-taxable","13":"purchasable","14":"product-type-simple"},"yoast_head":"<!-- This site is optimized with the Yoast SEO plugin v24.9 - https:\/\/yoast.com\/wordpress\/plugins\/seo\/ -->\n<title>Sok t\u0142oczony Jab\u0142kowy Korzenny Bezalkoholowy Grzaniec 5L - nfc-juices<\/title>\n<meta name=\"robots\" content=\"index, follow, max-snippet:-1, max-image-preview:large, max-video-preview:-1\" \/>\n<link rel=\"canonical\" href=\"https:\/\/nfcjuices.com\/sk\/produkt\/lisovana-jablkova-stava-pikantna-nealkoholicka-varene-vino-5l\/\" \/>\n<meta property=\"og:locale\" content=\"sk_SK\" \/>\n<meta property=\"og:type\" content=\"article\" \/>\n<meta property=\"og:title\" content=\"Sok t\u0142oczony Jab\u0142kowy Korzenny Bezalkoholowy Grzaniec 5L - nfc-juices\" \/>\n<meta property=\"og:url\" content=\"https:\/\/nfcjuices.com\/sk\/produkt\/lisovana-jablkova-stava-pikantna-nealkoholicka-varene-vino-5l\/\" \/>\n<meta property=\"og:site_name\" content=\"nfc-juices\" \/>\n<meta property=\"article:modified_time\" content=\"2026-04-16T14:55:41+00:00\" \/>\n<meta property=\"og:image\" content=\"https:\/\/nfcjuices.com\/wp-content\/uploads\/2025\/04\/Strona-Nowy-Karton-Jablko-Korzenne-1.png\" \/>\n\t<meta property=\"og:image:width\" content=\"750\" \/>\n\t<meta property=\"og:image:height\" content=\"750\" \/>\n\t<meta property=\"og:image:type\" content=\"image\/png\" \/>\n<meta name=\"twitter:card\" content=\"summary_large_image\" \/>\n<meta name=\"twitter:label1\" content=\"Predpokladan\u00fd \u010das \u010d\u00edtania\" \/>\n\t<meta name=\"twitter:data1\" content=\"1 min\u00fata\" \/>\n<script type=\"application\/ld+json\" class=\"yoast-schema-graph\">{\"@context\":\"https:\/\/schema.org\",\"@graph\":[{\"@type\":\"WebPage\",\"@id\":\"https:\/\/nfcjuices.com\/produkt\/sok-tloczony-jablkowy-korzenny-bezalkoholowy-grzaniec-5l\/\",\"url\":\"https:\/\/nfcjuices.com\/produkt\/sok-tloczony-jablkowy-korzenny-bezalkoholowy-grzaniec-5l\/\",\"name\":\"Sok t\u0142oczony Jab\u0142kowy Korzenny Bezalkoholowy Grzaniec 5L - nfc-juices\",\"isPartOf\":{\"@id\":\"https:\/\/nfcjuices.com\/#website\"},\"primaryImageOfPage\":{\"@id\":\"https:\/\/nfcjuices.com\/produkt\/sok-tloczony-jablkowy-korzenny-bezalkoholowy-grzaniec-5l\/#primaryimage\"},\"image\":{\"@id\":\"https:\/\/nfcjuices.com\/produkt\/sok-tloczony-jablkowy-korzenny-bezalkoholowy-grzaniec-5l\/#primaryimage\"},\"thumbnailUrl\":\"https:\/\/nfcjuices.com\/wp-content\/uploads\/2025\/04\/Strona-Nowy-Karton-Jablko-Korzenne-1.png\",\"datePublished\":\"2025-04-04T13:41:22+00:00\",\"dateModified\":\"2026-04-16T14:55:41+00:00\",\"breadcrumb\":{\"@id\":\"https:\/\/nfcjuices.com\/produkt\/sok-tloczony-jablkowy-korzenny-bezalkoholowy-grzaniec-5l\/#breadcrumb\"},\"inLanguage\":\"sk-SK\",\"potentialAction\":[{\"@type\":\"ReadAction\",\"target\":[\"https:\/\/nfcjuices.com\/produkt\/sok-tloczony-jablkowy-korzenny-bezalkoholowy-grzaniec-5l\/\"]}]},{\"@type\":\"ImageObject\",\"inLanguage\":\"sk-SK\",\"@id\":\"https:\/\/nfcjuices.com\/produkt\/sok-tloczony-jablkowy-korzenny-bezalkoholowy-grzaniec-5l\/#primaryimage\",\"url\":\"https:\/\/nfcjuices.com\/wp-content\/uploads\/2025\/04\/Strona-Nowy-Karton-Jablko-Korzenne-1.png\",\"contentUrl\":\"https:\/\/nfcjuices.com\/wp-content\/uploads\/2025\/04\/Strona-Nowy-Karton-Jablko-Korzenne-1.png\",\"width\":750,\"height\":750},{\"@type\":\"BreadcrumbList\",\"@id\":\"https:\/\/nfcjuices.com\/produkt\/sok-tloczony-jablkowy-korzenny-bezalkoholowy-grzaniec-5l\/#breadcrumb\",\"itemListElement\":[{\"@type\":\"ListItem\",\"position\":1,\"name\":\"Strona g\u0142\u00f3wna\",\"item\":\"https:\/\/nfcjuices.com\/\"},{\"@type\":\"ListItem\",\"position\":2,\"name\":\"Nasze produkty\",\"item\":\"https:\/\/nfcjuices.com\/sv\/vara-produkter\/\"},{\"@type\":\"ListItem\",\"position\":3,\"name\":\"Sok t\u0142oczony Jab\u0142kowy Korzenny Bezalkoholowy Grzaniec 5L\"}]},{\"@type\":\"WebSite\",\"@id\":\"https:\/\/nfcjuices.com\/#website\",\"url\":\"https:\/\/nfcjuices.com\/\",\"name\":\"nfc-juices\",\"description\":\"Soki, przeciery, musy NFC w beczkach\",\"publisher\":{\"@id\":\"https:\/\/nfcjuices.com\/#organization\"},\"potentialAction\":[{\"@type\":\"SearchAction\",\"target\":{\"@type\":\"EntryPoint\",\"urlTemplate\":\"https:\/\/nfcjuices.com\/?s={search_term_string}\"},\"query-input\":{\"@type\":\"PropertyValueSpecification\",\"valueRequired\":true,\"valueName\":\"search_term_string\"}}],\"inLanguage\":\"sk-SK\"},{\"@type\":\"Organization\",\"@id\":\"https:\/\/nfcjuices.com\/#organization\",\"name\":\"Nasza T\u0142ocznia\",\"url\":\"https:\/\/nfcjuices.com\/\",\"logo\":{\"@type\":\"ImageObject\",\"inLanguage\":\"sk-SK\",\"@id\":\"https:\/\/nfcjuices.com\/#\/schema\/logo\/image\/\",\"url\":\"https:\/\/nfcjuices.com\/wp-content\/uploads\/2025\/05\/cropped-B2b-1.png\",\"contentUrl\":\"https:\/\/nfcjuices.com\/wp-content\/uploads\/2025\/05\/cropped-B2b-1.png\",\"width\":1199,\"height\":999,\"caption\":\"Nasza T\u0142ocznia\"},\"image\":{\"@id\":\"https:\/\/nfcjuices.com\/#\/schema\/logo\/image\/\"}}]}<\/script>\n<!-- \/ Yoast SEO plugin. -->","yoast_head_json":{"title":"Jablkovo-pikantn\u00e1 nealkoholick\u00e1 varen\u00e1 \u0161\u0165ava 5 l - nfc-juices","robots":{"index":"index","follow":"follow","max-snippet":"max-snippet:-1","max-image-preview":"max-image-preview:large","max-video-preview":"max-video-preview:-1"},"canonical":"https:\/\/nfcjuices.com\/sk\/produkt\/lisovana-jablkova-stava-pikantna-nealkoholicka-varene-vino-5l\/","og_locale":"sk_SK","og_type":"article","og_title":"Sok t\u0142oczony Jab\u0142kowy Korzenny Bezalkoholowy Grzaniec 5L - nfc-juices","og_url":"https:\/\/nfcjuices.com\/sk\/produkt\/lisovana-jablkova-stava-pikantna-nealkoholicka-varene-vino-5l\/","og_site_name":"nfc-juices","article_modified_time":"2026-04-16T14:55:41+00:00","og_image":[{"width":750,"height":750,"url":"https:\/\/nfcjuices.com\/wp-content\/uploads\/2025\/04\/Strona-Nowy-Karton-Jablko-Korzenne-1.png","type":"image\/png"}],"twitter_card":"summary_large_image","twitter_misc":{"Predpokladan\u00fd \u010das \u010d\u00edtania":"1 min\u00fata"},"schema":{"@context":"https:\/\/schema.org","@graph":[{"@type":"WebPage","@id":"https:\/\/nfcjuices.com\/produkt\/sok-tloczony-jablkowy-korzenny-bezalkoholowy-grzaniec-5l\/","url":"https:\/\/nfcjuices.com\/produkt\/sok-tloczony-jablkowy-korzenny-bezalkoholowy-grzaniec-5l\/","name":"Jablkovo-pikantn\u00e1 nealkoholick\u00e1 varen\u00e1 \u0161\u0165ava 5 l - nfc-juices","isPartOf":{"@id":"https:\/\/nfcjuices.com\/#website"},"primaryImageOfPage":{"@id":"https:\/\/nfcjuices.com\/produkt\/sok-tloczony-jablkowy-korzenny-bezalkoholowy-grzaniec-5l\/#primaryimage"},"image":{"@id":"https:\/\/nfcjuices.com\/produkt\/sok-tloczony-jablkowy-korzenny-bezalkoholowy-grzaniec-5l\/#primaryimage"},"thumbnailUrl":"https:\/\/nfcjuices.com\/wp-content\/uploads\/2025\/04\/Strona-Nowy-Karton-Jablko-Korzenne-1.png","datePublished":"2025-04-04T13:41:22+00:00","dateModified":"2026-04-16T14:55:41+00:00","breadcrumb":{"@id":"https:\/\/nfcjuices.com\/produkt\/sok-tloczony-jablkowy-korzenny-bezalkoholowy-grzaniec-5l\/#breadcrumb"},"inLanguage":"sk-SK","potentialAction":[{"@type":"ReadAction","target":["https:\/\/nfcjuices.com\/produkt\/sok-tloczony-jablkowy-korzenny-bezalkoholowy-grzaniec-5l\/"]}]},{"@type":"ImageObject","inLanguage":"sk-SK","@id":"https:\/\/nfcjuices.com\/produkt\/sok-tloczony-jablkowy-korzenny-bezalkoholowy-grzaniec-5l\/#primaryimage","url":"https:\/\/nfcjuices.com\/wp-content\/uploads\/2025\/04\/Strona-Nowy-Karton-Jablko-Korzenne-1.png","contentUrl":"https:\/\/nfcjuices.com\/wp-content\/uploads\/2025\/04\/Strona-Nowy-Karton-Jablko-Korzenne-1.png","width":750,"height":750},{"@type":"BreadcrumbList","@id":"https:\/\/nfcjuices.com\/produkt\/sok-tloczony-jablkowy-korzenny-bezalkoholowy-grzaniec-5l\/#breadcrumb","itemListElement":[{"@type":"ListItem","position":1,"name":"Strona g\u0142\u00f3wna","item":"https:\/\/nfcjuices.com\/"},{"@type":"ListItem","position":2,"name":"Nasze produkty","item":"https:\/\/nfcjuices.com\/sv\/vara-produkter\/"},{"@type":"ListItem","position":3,"name":"Sok t\u0142oczony Jab\u0142kowy Korzenny Bezalkoholowy Grzaniec 5L"}]},{"@type":"WebSite","@id":"https:\/\/nfcjuices.com\/#website","url":"https:\/\/nfcjuices.com\/","name":"nfc \u0161\u0165avy","description":"\u0160\u0165avy, pyr\u00e9, NFC peny v sudoch","publisher":{"@id":"https:\/\/nfcjuices.com\/#organization"},"potentialAction":[{"@type":"SearchAction","target":{"@type":"EntryPoint","urlTemplate":"https:\/\/nfcjuices.com\/?s={search_term_string}"},"query-input":{"@type":"PropertyValueSpecification","valueRequired":true,"valueName":"search_term_string"}}],"inLanguage":"sk-SK"},{"@type":"Organization","@id":"https:\/\/nfcjuices.com\/#organization","name":"Na\u0161a lisov\u0148a","url":"https:\/\/nfcjuices.com\/","logo":{"@type":"ImageObject","inLanguage":"sk-SK","@id":"https:\/\/nfcjuices.com\/#\/schema\/logo\/image\/","url":"https:\/\/nfcjuices.com\/wp-content\/uploads\/2025\/05\/cropped-B2b-1.png","contentUrl":"https:\/\/nfcjuices.com\/wp-content\/uploads\/2025\/05\/cropped-B2b-1.png","width":1199,"height":999,"caption":"Nasza T\u0142ocznia"},"image":{"@id":"https:\/\/nfcjuices.com\/#\/schema\/logo\/image\/"}}]}},"_links":{"self":[{"href":"https:\/\/nfcjuices.com\/sk\/wp-json\/wp\/v2\/product\/545","targetHints":{"allow":["GET"]}}],"collection":[{"href":"https:\/\/nfcjuices.com\/sk\/wp-json\/wp\/v2\/product"}],"about":[{"href":"https:\/\/nfcjuices.com\/sk\/wp-json\/wp\/v2\/types\/product"}],"replies":[{"embeddable":true,"href":"https:\/\/nfcjuices.com\/sk\/wp-json\/wp\/v2\/comments?post=545"}],"wp:featuredmedia":[{"embeddable":true,"href":"https:\/\/nfcjuices.com\/sk\/wp-json\/wp\/v2\/media\/542"}],"wp:attachment":[{"href":"https:\/\/nfcjuices.com\/sk\/wp-json\/wp\/v2\/media?parent=545"}],"wp:term":[{"taxonomy":"product_brand","embeddable":true,"href":"https:\/\/nfcjuices.com\/sk\/wp-json\/wp\/v2\/product_brand?post=545"},{"taxonomy":"product_cat","embeddable":true,"href":"https:\/\/nfcjuices.com\/sk\/wp-json\/wp\/v2\/product_cat?post=545"},{"taxonomy":"product_tag","embeddable":true,"href":"https:\/\/nfcjuices.com\/sk\/wp-json\/wp\/v2\/product_tag?post=545"}],"curies":[{"name":"pracovn\u00fd list","href":"https:\/\/api.w.org\/{rel}","templated":true}]}}