{"id":348,"date":"2025-03-13T15:02:26","date_gmt":"2025-03-13T14:02:26","guid":{"rendered":"https:\/\/nfcjuices.com\/produkt\/przecier-premium-100-dynia-tylko-1983-zl-kg-3kg\/"},"modified":"2026-04-15T11:55:36","modified_gmt":"2026-04-15T09:55:36","slug":"premiove-tekvicove-pyre-100-g-3-kg","status":"publish","type":"product","link":"https:\/\/nfcjuices.com\/sk\/produkt\/przecier-premium-100-dynia-3kg\/","title":{"rendered":"Pr\u00e9miov\u00e9 pyr\u00e9 100% Tekvicov\u00e9 3kg"},"content":{"rendered":"<h2><b>100% Tekvicov\u00e9 pyr\u00e9<\/b><\/h2>\n<p><span style=\"font-weight: 400;\">Tekvicov\u00e9 pyr\u00e9 100%, pasterizovan\u00e9. Jednotn\u00e1, hladk\u00e1 konzistencia a prirodzen\u00e1 farba. Celoro\u010dn\u00e1 dostupnos\u0165, konzistentn\u00fd chu\u0165ov\u00fd profil, prvotriedne suroviny, ru\u010dne vyberan\u00e9.<\/span><\/p>\n<h3><span style=\"font-weight: 400;\">Parametre<\/span><\/h3>\n<ul>\n<li style=\"font-weight: 400;\" aria-level=\"1\"><span style=\"font-weight: 400;\">\u00b0Brix: min. 7<\/span><\/li>\n<li style=\"font-weight: 400;\" aria-level=\"1\"><span style=\"font-weight: 400;\">Nutri\u010dn\u00e9 hodnoty na 100 g:<\/span>\n<ul>\n<li style=\"font-weight: 400;\" aria-level=\"2\"><span style=\"font-weight: 400;\">energetick\u00e1 hodnota: 26 kcal<\/span><\/li>\n<li style=\"font-weight: 400;\" aria-level=\"2\"><span style=\"font-weight: 400;\">tuk: 0,1 g<\/span><\/li>\n<li style=\"font-weight: 400;\" aria-level=\"2\"><span style=\"font-weight: 400;\">z toho nas\u00fdten\u00e9 mastn\u00e9 kyseliny: 0 g<\/span><\/li>\n<li style=\"font-weight: 400;\" aria-level=\"2\"><span style=\"font-weight: 400;\">sacharidy: 7 g<\/span><\/li>\n<li style=\"font-weight: 400;\" aria-level=\"2\"><span style=\"font-weight: 400;\">z toho cukry: 2,8 g<\/span><\/li>\n<li style=\"font-weight: 400;\" aria-level=\"2\"><span style=\"font-weight: 400;\">bielkoviny: 1 g<\/span><\/li>\n<li style=\"font-weight: 400;\" aria-level=\"2\"><span style=\"font-weight: 400;\">so\u013e: 0,5 g<\/span><\/li>\n<\/ul>\n<\/li>\n<li style=\"font-weight: 400;\" aria-level=\"1\"><span style=\"font-weight: 400;\">MPT: 12 mesiacov od d\u00e1tumu v\u00fdroby za odpor\u00fa\u010dan\u00fdch podmienok.<\/span><\/li>\n<li style=\"font-weight: 400;\" aria-level=\"1\"><span style=\"font-weight: 400;\">Minim\u00e1lna trvanlivos\u0165 do 6 mesiacov.<\/span><\/li>\n<li style=\"font-weight: 400;\" aria-level=\"1\"><span style=\"font-weight: 400;\">Podmienky skladovania: V\u00fdrobok skladujte v uzavretom, suchom, \u010distom a vzdu\u0161nom sklade bez cudz\u00edch pachov. Teplota skladovania: 0\u20136 \u00b0C. Po otvoren\u00ed spotrebujte cel\u00fd obsah.<\/span><\/li>\n<\/ul>\n<h2><span style=\"font-weight: 400;\">Pou\u017eitie tekvicov\u00e9ho pyr\u00e9 pri spracovan\u00ed<\/span><\/h2>\n<ul>\n<li style=\"font-weight: 400;\" aria-level=\"1\"><span style=\"font-weight: 400;\">kr\u00e9mov\u00e9 polievky a zeleninov\u00e9 om\u00e1\u010dky<\/span><\/li>\n<li style=\"font-weight: 400;\" aria-level=\"1\"><span style=\"font-weight: 400;\">zmrzlina, dezerty, peny, cukr\u00e1rske n\u00e1plne<\/span><\/li>\n<li style=\"font-weight: 400;\" aria-level=\"1\"><span style=\"font-weight: 400;\">sez\u00f3nne n\u00e1poje, tekvicov\u00e9 latte, smoothie<\/span><\/li>\n<li style=\"font-weight: 400;\" aria-level=\"1\"><span style=\"font-weight: 400;\">slan\u00e9 jedl\u00e1, glaz\u00fary, m\u00e4sov\u00e9 pr\u00edlohy<\/span><\/li>\n<li style=\"font-weight: 400;\" aria-level=\"1\"><span style=\"font-weight: 400;\">S\u00e9rie v\u00fdskumu a v\u00fdvoja vy\u017eaduj\u00face stabiln\u00fa farbu a konzistenciu<\/span><\/li>\n<\/ul>\n<p><span style=\"font-weight: 400;\">Pridajte do ko\u0161\u00edka a objednajte si online s fakt\u00farou s DPH alebo si vy\u017eiadajte cenov\u00fa ponuku pre pravideln\u00e9 dod\u00e1vky.<\/span><span style=\"font-weight: 400;\"><br \/>\n<\/span><span style=\"font-weight: 400;\">Kontakt B2B: sales@naszatlocznia.pl, 600 100 478.<\/span><\/p>","protected":false},"excerpt":{"rendered":"<p>Nutri\u010dn\u00e9 hodnoty:<\/p>\n<p>Energetick\u00e1 hodnota: 26 kcal<\/p>\n<p>Tuk: 0,1 g<\/p>\n<p>Sacharidy: 7 g<\/p>\n<p>- z toho cukry: 2,8 g<\/p>\n<p>Bielkoviny: 1 g<\/p>\n<p>So\u013e: 0,5 g<\/p>","protected":false},"featured_media":417,"comment_status":"open","ping_status":"closed","template":"","meta":[],"product_brand":[],"product_cat":[56],"product_tag":[],"class_list":{"0":"post-348","1":"product","2":"type-product","3":"status-publish","4":"has-post-thumbnail","6":"product_cat-przeciery","7":"pa_pojemnosc-3kg","9":"first","10":"instock","11":"taxable","12":"shipping-taxable","13":"purchasable","14":"product-type-simple"},"yoast_head":"<!-- This site is optimized with the Yoast SEO plugin v24.9 - https:\/\/yoast.com\/wordpress\/plugins\/seo\/ -->\n<title>Pulpa z Dyni 100% 3L | NFC Juices<\/title>\n<meta name=\"description\" content=\"Naturalny przecier z dyni, pasteryzowany, bez dodatk\u00f3w. Do zup, krem\u00f3w, sos\u00f3w, deser\u00f3w i wsad\u00f3w\" \/>\n<meta name=\"robots\" content=\"index, follow, max-snippet:-1, max-image-preview:large, max-video-preview:-1\" \/>\n<link rel=\"canonical\" href=\"https:\/\/nfcjuices.com\/sk\/produkt\/premiove-tekvicove-pyre-100-g-3-kg\/\" \/>\n<meta property=\"og:locale\" content=\"sk_SK\" \/>\n<meta property=\"og:type\" content=\"article\" \/>\n<meta property=\"og:title\" content=\"Pulpa z Dyni 100% 3L | NFC Juices\" \/>\n<meta property=\"og:description\" content=\"Naturalny przecier z dyni, pasteryzowany, bez dodatk\u00f3w. Do zup, krem\u00f3w, sos\u00f3w, deser\u00f3w i wsad\u00f3w\" \/>\n<meta property=\"og:url\" content=\"https:\/\/nfcjuices.com\/sk\/produkt\/premiove-tekvicove-pyre-100-g-3-kg\/\" \/>\n<meta property=\"og:site_name\" content=\"nfc-juices\" \/>\n<meta property=\"article:modified_time\" content=\"2026-04-15T09:55:36+00:00\" \/>\n<meta property=\"og:image\" content=\"https:\/\/nfcjuices.com\/wp-content\/uploads\/2025\/03\/Strona-Nowy-Karton-Dynia-przecier-5.webp\" \/>\n\t<meta property=\"og:image:width\" content=\"750\" \/>\n\t<meta property=\"og:image:height\" content=\"750\" \/>\n\t<meta property=\"og:image:type\" content=\"image\/webp\" \/>\n<meta name=\"twitter:card\" content=\"summary_large_image\" \/>\n<meta name=\"twitter:label1\" content=\"Predpokladan\u00fd \u010das \u010d\u00edtania\" \/>\n\t<meta name=\"twitter:data1\" content=\"2 min\u00faty\" \/>\n<script type=\"application\/ld+json\" class=\"yoast-schema-graph\">{\"@context\":\"https:\/\/schema.org\",\"@graph\":[{\"@type\":\"WebPage\",\"@id\":\"https:\/\/nfcjuices.com\/produkt\/przecier-premium-100-dynia-3kg\/\",\"url\":\"https:\/\/nfcjuices.com\/produkt\/przecier-premium-100-dynia-3kg\/\",\"name\":\"Pulpa z Dyni 100% 3L | NFC Juices\",\"isPartOf\":{\"@id\":\"https:\/\/nfcjuices.com\/#website\"},\"primaryImageOfPage\":{\"@id\":\"https:\/\/nfcjuices.com\/produkt\/przecier-premium-100-dynia-3kg\/#primaryimage\"},\"image\":{\"@id\":\"https:\/\/nfcjuices.com\/produkt\/przecier-premium-100-dynia-3kg\/#primaryimage\"},\"thumbnailUrl\":\"https:\/\/nfcjuices.com\/wp-content\/uploads\/2025\/03\/Strona-Nowy-Karton-Dynia-przecier-5.webp\",\"datePublished\":\"2025-03-13T14:02:26+00:00\",\"dateModified\":\"2026-04-15T09:55:36+00:00\",\"description\":\"Naturalny przecier z dyni, pasteryzowany, bez dodatk\u00f3w. Do zup, krem\u00f3w, sos\u00f3w, deser\u00f3w i wsad\u00f3w\",\"breadcrumb\":{\"@id\":\"https:\/\/nfcjuices.com\/produkt\/przecier-premium-100-dynia-3kg\/#breadcrumb\"},\"inLanguage\":\"sk-SK\",\"potentialAction\":[{\"@type\":\"ReadAction\",\"target\":[\"https:\/\/nfcjuices.com\/produkt\/przecier-premium-100-dynia-3kg\/\"]}]},{\"@type\":\"ImageObject\",\"inLanguage\":\"sk-SK\",\"@id\":\"https:\/\/nfcjuices.com\/produkt\/przecier-premium-100-dynia-3kg\/#primaryimage\",\"url\":\"https:\/\/nfcjuices.com\/wp-content\/uploads\/2025\/03\/Strona-Nowy-Karton-Dynia-przecier-5.webp\",\"contentUrl\":\"https:\/\/nfcjuices.com\/wp-content\/uploads\/2025\/03\/Strona-Nowy-Karton-Dynia-przecier-5.webp\",\"width\":750,\"height\":750},{\"@type\":\"BreadcrumbList\",\"@id\":\"https:\/\/nfcjuices.com\/produkt\/przecier-premium-100-dynia-3kg\/#breadcrumb\",\"itemListElement\":[{\"@type\":\"ListItem\",\"position\":1,\"name\":\"Strona g\u0142\u00f3wna\",\"item\":\"https:\/\/nfcjuices.com\/\"},{\"@type\":\"ListItem\",\"position\":2,\"name\":\"Nasze produkty\",\"item\":\"https:\/\/nfcjuices.com\/sv\/vara-produkter\/\"},{\"@type\":\"ListItem\",\"position\":3,\"name\":\"Przecier premium 100% Dynia 3kg\"}]},{\"@type\":\"WebSite\",\"@id\":\"https:\/\/nfcjuices.com\/#website\",\"url\":\"https:\/\/nfcjuices.com\/\",\"name\":\"nfc-juices\",\"description\":\"Soki, przeciery, musy NFC w beczkach\",\"publisher\":{\"@id\":\"https:\/\/nfcjuices.com\/#organization\"},\"potentialAction\":[{\"@type\":\"SearchAction\",\"target\":{\"@type\":\"EntryPoint\",\"urlTemplate\":\"https:\/\/nfcjuices.com\/?s={search_term_string}\"},\"query-input\":{\"@type\":\"PropertyValueSpecification\",\"valueRequired\":true,\"valueName\":\"search_term_string\"}}],\"inLanguage\":\"sk-SK\"},{\"@type\":\"Organization\",\"@id\":\"https:\/\/nfcjuices.com\/#organization\",\"name\":\"Nasza T\u0142ocznia\",\"url\":\"https:\/\/nfcjuices.com\/\",\"logo\":{\"@type\":\"ImageObject\",\"inLanguage\":\"sk-SK\",\"@id\":\"https:\/\/nfcjuices.com\/#\/schema\/logo\/image\/\",\"url\":\"https:\/\/nfcjuices.com\/wp-content\/uploads\/2025\/05\/cropped-B2b-1.png\",\"contentUrl\":\"https:\/\/nfcjuices.com\/wp-content\/uploads\/2025\/05\/cropped-B2b-1.png\",\"width\":1199,\"height\":999,\"caption\":\"Nasza T\u0142ocznia\"},\"image\":{\"@id\":\"https:\/\/nfcjuices.com\/#\/schema\/logo\/image\/\"}}]}<\/script>\n<!-- \/ Yoast SEO plugin. -->","yoast_head_json":{"title":"Tekvicov\u00e1 du\u017eina 100% 3L | NFC \u0161\u0165avy","description":"Pr\u00edrodn\u00e9 tekvicov\u00e9 pyr\u00e9, pasterizovan\u00e9, bez pr\u00edsad. Na polievky, kr\u00e9my, om\u00e1\u010dky, dezerty a restovan\u00e9 jedl\u00e1.","robots":{"index":"index","follow":"follow","max-snippet":"max-snippet:-1","max-image-preview":"max-image-preview:large","max-video-preview":"max-video-preview:-1"},"canonical":"https:\/\/nfcjuices.com\/sk\/produkt\/premiove-tekvicove-pyre-100-g-3-kg\/","og_locale":"sk_SK","og_type":"article","og_title":"Pulpa z Dyni 100% 3L | NFC Juices","og_description":"Naturalny przecier z dyni, pasteryzowany, bez dodatk\u00f3w. Do zup, krem\u00f3w, sos\u00f3w, deser\u00f3w i wsad\u00f3w","og_url":"https:\/\/nfcjuices.com\/sk\/produkt\/premiove-tekvicove-pyre-100-g-3-kg\/","og_site_name":"nfc-juices","article_modified_time":"2026-04-15T09:55:36+00:00","og_image":[{"width":750,"height":750,"url":"https:\/\/nfcjuices.com\/wp-content\/uploads\/2025\/03\/Strona-Nowy-Karton-Dynia-przecier-5.webp","type":"image\/webp"}],"twitter_card":"summary_large_image","twitter_misc":{"Predpokladan\u00fd \u010das \u010d\u00edtania":"2 min\u00faty"},"schema":{"@context":"https:\/\/schema.org","@graph":[{"@type":"WebPage","@id":"https:\/\/nfcjuices.com\/produkt\/przecier-premium-100-dynia-3kg\/","url":"https:\/\/nfcjuices.com\/produkt\/przecier-premium-100-dynia-3kg\/","name":"Tekvicov\u00e1 du\u017eina 100% 3L | NFC \u0161\u0165avy","isPartOf":{"@id":"https:\/\/nfcjuices.com\/#website"},"primaryImageOfPage":{"@id":"https:\/\/nfcjuices.com\/produkt\/przecier-premium-100-dynia-3kg\/#primaryimage"},"image":{"@id":"https:\/\/nfcjuices.com\/produkt\/przecier-premium-100-dynia-3kg\/#primaryimage"},"thumbnailUrl":"https:\/\/nfcjuices.com\/wp-content\/uploads\/2025\/03\/Strona-Nowy-Karton-Dynia-przecier-5.webp","datePublished":"2025-03-13T14:02:26+00:00","dateModified":"2026-04-15T09:55:36+00:00","description":"Pr\u00edrodn\u00e9 tekvicov\u00e9 pyr\u00e9, pasterizovan\u00e9, bez pr\u00edsad. Na polievky, kr\u00e9my, om\u00e1\u010dky, dezerty a restovan\u00e9 jedl\u00e1.","breadcrumb":{"@id":"https:\/\/nfcjuices.com\/produkt\/przecier-premium-100-dynia-3kg\/#breadcrumb"},"inLanguage":"sk-SK","potentialAction":[{"@type":"ReadAction","target":["https:\/\/nfcjuices.com\/produkt\/przecier-premium-100-dynia-3kg\/"]}]},{"@type":"ImageObject","inLanguage":"sk-SK","@id":"https:\/\/nfcjuices.com\/produkt\/przecier-premium-100-dynia-3kg\/#primaryimage","url":"https:\/\/nfcjuices.com\/wp-content\/uploads\/2025\/03\/Strona-Nowy-Karton-Dynia-przecier-5.webp","contentUrl":"https:\/\/nfcjuices.com\/wp-content\/uploads\/2025\/03\/Strona-Nowy-Karton-Dynia-przecier-5.webp","width":750,"height":750},{"@type":"BreadcrumbList","@id":"https:\/\/nfcjuices.com\/produkt\/przecier-premium-100-dynia-3kg\/#breadcrumb","itemListElement":[{"@type":"ListItem","position":1,"name":"Strona g\u0142\u00f3wna","item":"https:\/\/nfcjuices.com\/"},{"@type":"ListItem","position":2,"name":"Nasze produkty","item":"https:\/\/nfcjuices.com\/sv\/vara-produkter\/"},{"@type":"ListItem","position":3,"name":"Przecier premium 100% Dynia 3kg"}]},{"@type":"WebSite","@id":"https:\/\/nfcjuices.com\/#website","url":"https:\/\/nfcjuices.com\/","name":"nfc \u0161\u0165avy","description":"\u0160\u0165avy, pyr\u00e9, NFC peny v sudoch","publisher":{"@id":"https:\/\/nfcjuices.com\/#organization"},"potentialAction":[{"@type":"SearchAction","target":{"@type":"EntryPoint","urlTemplate":"https:\/\/nfcjuices.com\/?s={search_term_string}"},"query-input":{"@type":"PropertyValueSpecification","valueRequired":true,"valueName":"search_term_string"}}],"inLanguage":"sk-SK"},{"@type":"Organization","@id":"https:\/\/nfcjuices.com\/#organization","name":"Na\u0161a lisov\u0148a","url":"https:\/\/nfcjuices.com\/","logo":{"@type":"ImageObject","inLanguage":"sk-SK","@id":"https:\/\/nfcjuices.com\/#\/schema\/logo\/image\/","url":"https:\/\/nfcjuices.com\/wp-content\/uploads\/2025\/05\/cropped-B2b-1.png","contentUrl":"https:\/\/nfcjuices.com\/wp-content\/uploads\/2025\/05\/cropped-B2b-1.png","width":1199,"height":999,"caption":"Nasza T\u0142ocznia"},"image":{"@id":"https:\/\/nfcjuices.com\/#\/schema\/logo\/image\/"}}]}},"_links":{"self":[{"href":"https:\/\/nfcjuices.com\/sk\/wp-json\/wp\/v2\/product\/348","targetHints":{"allow":["GET"]}}],"collection":[{"href":"https:\/\/nfcjuices.com\/sk\/wp-json\/wp\/v2\/product"}],"about":[{"href":"https:\/\/nfcjuices.com\/sk\/wp-json\/wp\/v2\/types\/product"}],"replies":[{"embeddable":true,"href":"https:\/\/nfcjuices.com\/sk\/wp-json\/wp\/v2\/comments?post=348"}],"wp:featuredmedia":[{"embeddable":true,"href":"https:\/\/nfcjuices.com\/sk\/wp-json\/wp\/v2\/media\/417"}],"wp:attachment":[{"href":"https:\/\/nfcjuices.com\/sk\/wp-json\/wp\/v2\/media?parent=348"}],"wp:term":[{"taxonomy":"product_brand","embeddable":true,"href":"https:\/\/nfcjuices.com\/sk\/wp-json\/wp\/v2\/product_brand?post=348"},{"taxonomy":"product_cat","embeddable":true,"href":"https:\/\/nfcjuices.com\/sk\/wp-json\/wp\/v2\/product_cat?post=348"},{"taxonomy":"product_tag","embeddable":true,"href":"https:\/\/nfcjuices.com\/sk\/wp-json\/wp\/v2\/product_tag?post=348"}],"curies":[{"name":"pracovn\u00fd list","href":"https:\/\/api.w.org\/{rel}","templated":true}]}}