{"id":248,"date":"2025-03-12T15:58:31","date_gmt":"2025-03-12T14:58:31","guid":{"rendered":"https:\/\/nfcjuices.com\/produkt\/seler-naciowy\/"},"modified":"2026-03-26T11:44:34","modified_gmt":"2026-03-26T10:44:34","slug":"stonka-zeleru","status":"publish","type":"product","link":"https:\/\/nfcjuices.com\/sk\/produkt\/seler-naciowy\/","title":{"rendered":"\u0160\u0165ava 100% Zeler 200 kg"},"content":{"rendered":"<p><strong>Typ produktu:<\/strong> \u0161\u0165ava <\/p>\n<p> <strong>Brixov stupe\u0148: <\/strong>3,5<br \/><strong>Technick\u00e9 \u0161pecifik\u00e1cie s\u00fa k dispoz\u00edcii na po\u017eiadanie.<\/strong><\/p>\n<p><strong>Nutri\u010dn\u00e9 hodnoty:<\/strong><br \/>Energetick\u00e1 hodnota: 12 kcal <\/p>\n<p>  Tuk: 0,6 g <\/p>\n<p>  Sacharidy: 2,5 g\t <\/p>\n<p>  -vr\u00e1tane cukrov: 1,48 g <\/p>\n<p>  Bielkoviny: 0,38 g <\/p>\n<p>So\u013e: 0,44 g <\/p>","protected":false},"excerpt":{"rendered":"<p>Rodzaj produktu: sok Brix: 3,5Specyfikacja techniczna dost\u0119pna na \u017cyczenie klienta. Warto\u015bci od\u017cywcze:Warto\u015b\u0107 en.: 12 kcal T\u0142uszcz: 0,6g W\u0119glowodany: 2,5g -w tym cukry: 1,48g Bia\u0142ko: 0,38g S\u00f3l: 0,44g<\/p>","protected":false},"featured_media":175,"comment_status":"open","ping_status":"closed","template":"","meta":[],"product_brand":[],"product_cat":[47,26],"product_tag":[34],"class_list":{"0":"post-248","1":"product","2":"type-product","3":"status-publish","4":"has-post-thumbnail","6":"product_cat-soki-nfc","7":"product_cat-soki-tloczone-nfc","8":"product_tag-beczka","9":"pa_pojemnosc-200kg","11":"first","12":"onbackorder","13":"taxable","14":"shipping-taxable","15":"purchasable","16":"product-type-simple"},"yoast_head":"<!-- This site is optimized with the Yoast SEO plugin v24.9 - https:\/\/yoast.com\/wordpress\/plugins\/seo\/ -->\n<title>Sok Seler naciowy 100% NFC 200 kg - Beczka | NFC Juices<\/title>\n<meta name=\"description\" content=\"Sok z selera naciowego NFC w beczce 200 kg. Pasteryzowany, bez dodatk\u00f3w. Do shot\u00f3w, izotonik\u00f3w, HPP, zup i sos\u00f3w. Dostawa paletowa, specyfikacja dost\u0119pna\" \/>\n<meta name=\"robots\" content=\"index, follow, max-snippet:-1, max-image-preview:large, max-video-preview:-1\" \/>\n<link rel=\"canonical\" href=\"https:\/\/nfcjuices.com\/sk\/produkt\/stonka-zeleru\/\" \/>\n<meta property=\"og:locale\" content=\"sk_SK\" \/>\n<meta property=\"og:type\" content=\"article\" \/>\n<meta property=\"og:title\" content=\"Sok Seler naciowy 100% NFC 200 kg - Beczka | NFC Juices\" \/>\n<meta property=\"og:description\" content=\"Sok z selera naciowego NFC w beczce 200 kg. Pasteryzowany, bez dodatk\u00f3w. Do shot\u00f3w, izotonik\u00f3w, HPP, zup i sos\u00f3w. Dostawa paletowa, specyfikacja dost\u0119pna\" \/>\n<meta property=\"og:url\" content=\"https:\/\/nfcjuices.com\/sk\/produkt\/stonka-zeleru\/\" \/>\n<meta property=\"og:site_name\" content=\"nfc-juices\" \/>\n<meta property=\"article:modified_time\" content=\"2026-03-26T10:44:34+00:00\" \/>\n<meta property=\"og:image\" content=\"https:\/\/nfcjuices.com\/wp-content\/uploads\/2025\/03\/Czerwona-beczka-1-1024x1024.png\" \/>\n\t<meta property=\"og:image:width\" content=\"1024\" \/>\n\t<meta property=\"og:image:height\" content=\"1024\" \/>\n\t<meta property=\"og:image:type\" content=\"image\/png\" \/>\n<meta name=\"twitter:card\" content=\"summary_large_image\" \/>\n<meta name=\"twitter:label1\" content=\"Predpokladan\u00fd \u010das \u010d\u00edtania\" \/>\n\t<meta name=\"twitter:data1\" content=\"2 min\u00faty\" \/>\n<script type=\"application\/ld+json\" class=\"yoast-schema-graph\">{\"@context\":\"https:\/\/schema.org\",\"@graph\":[{\"@type\":\"WebPage\",\"@id\":\"https:\/\/nfcjuices.com\/produkt\/seler-naciowy\/\",\"url\":\"https:\/\/nfcjuices.com\/produkt\/seler-naciowy\/\",\"name\":\"Sok Seler naciowy 100% NFC 200 kg - Beczka | NFC Juices\",\"isPartOf\":{\"@id\":\"https:\/\/nfcjuices.com\/#website\"},\"primaryImageOfPage\":{\"@id\":\"https:\/\/nfcjuices.com\/produkt\/seler-naciowy\/#primaryimage\"},\"image\":{\"@id\":\"https:\/\/nfcjuices.com\/produkt\/seler-naciowy\/#primaryimage\"},\"thumbnailUrl\":\"https:\/\/nfcjuices.com\/wp-content\/uploads\/2025\/03\/Czerwona-beczka-1.png\",\"datePublished\":\"2025-03-12T14:58:31+00:00\",\"dateModified\":\"2026-03-26T10:44:34+00:00\",\"description\":\"Sok z selera naciowego NFC w beczce 200 kg. Pasteryzowany, bez dodatk\u00f3w. Do shot\u00f3w, izotonik\u00f3w, HPP, zup i sos\u00f3w. Dostawa paletowa, specyfikacja dost\u0119pna\",\"breadcrumb\":{\"@id\":\"https:\/\/nfcjuices.com\/produkt\/seler-naciowy\/#breadcrumb\"},\"inLanguage\":\"sk-SK\",\"potentialAction\":[{\"@type\":\"ReadAction\",\"target\":[\"https:\/\/nfcjuices.com\/produkt\/seler-naciowy\/\"]}]},{\"@type\":\"ImageObject\",\"inLanguage\":\"sk-SK\",\"@id\":\"https:\/\/nfcjuices.com\/produkt\/seler-naciowy\/#primaryimage\",\"url\":\"https:\/\/nfcjuices.com\/wp-content\/uploads\/2025\/03\/Czerwona-beczka-1.png\",\"contentUrl\":\"https:\/\/nfcjuices.com\/wp-content\/uploads\/2025\/03\/Czerwona-beczka-1.png\",\"width\":1980,\"height\":1980},{\"@type\":\"BreadcrumbList\",\"@id\":\"https:\/\/nfcjuices.com\/produkt\/seler-naciowy\/#breadcrumb\",\"itemListElement\":[{\"@type\":\"ListItem\",\"position\":1,\"name\":\"Strona g\u0142\u00f3wna\",\"item\":\"https:\/\/nfcjuices.com\/\"},{\"@type\":\"ListItem\",\"position\":2,\"name\":\"Nasze produkty\",\"item\":\"https:\/\/nfcjuices.com\/sv\/vara-produkter\/\"},{\"@type\":\"ListItem\",\"position\":3,\"name\":\"Sok 100% Seler naciowy 200kg\"}]},{\"@type\":\"WebSite\",\"@id\":\"https:\/\/nfcjuices.com\/#website\",\"url\":\"https:\/\/nfcjuices.com\/\",\"name\":\"nfc-juices\",\"description\":\"Soki, przeciery, musy NFC w beczkach\",\"publisher\":{\"@id\":\"https:\/\/nfcjuices.com\/#organization\"},\"potentialAction\":[{\"@type\":\"SearchAction\",\"target\":{\"@type\":\"EntryPoint\",\"urlTemplate\":\"https:\/\/nfcjuices.com\/?s={search_term_string}\"},\"query-input\":{\"@type\":\"PropertyValueSpecification\",\"valueRequired\":true,\"valueName\":\"search_term_string\"}}],\"inLanguage\":\"sk-SK\"},{\"@type\":\"Organization\",\"@id\":\"https:\/\/nfcjuices.com\/#organization\",\"name\":\"Nasza T\u0142ocznia\",\"url\":\"https:\/\/nfcjuices.com\/\",\"logo\":{\"@type\":\"ImageObject\",\"inLanguage\":\"sk-SK\",\"@id\":\"https:\/\/nfcjuices.com\/#\/schema\/logo\/image\/\",\"url\":\"https:\/\/nfcjuices.com\/wp-content\/uploads\/2025\/05\/cropped-B2b-1.png\",\"contentUrl\":\"https:\/\/nfcjuices.com\/wp-content\/uploads\/2025\/05\/cropped-B2b-1.png\",\"width\":1199,\"height\":999,\"caption\":\"Nasza T\u0142ocznia\"},\"image\":{\"@id\":\"https:\/\/nfcjuices.com\/#\/schema\/logo\/image\/\"}}]}<\/script>\n<!-- \/ Yoast SEO plugin. -->","yoast_head_json":{"title":"Zelerov\u00e1 \u0161\u0165ava 100% NFC 200 kg - Sud | NFC \u0161\u0165avy","description":"Zelerov\u00e1 \u0161\u0165ava NFC v 200 kg sude. Pasterizovan\u00e1, bez pr\u00edsad. Na pan\u00e1ky, izotonick\u00e9 n\u00e1poje, HPP, polievky a om\u00e1\u010dky. Dod\u00e1vka na palet\u00e1ch, \u0161pecifik\u00e1cie k dispoz\u00edcii.","robots":{"index":"index","follow":"follow","max-snippet":"max-snippet:-1","max-image-preview":"max-image-preview:large","max-video-preview":"max-video-preview:-1"},"canonical":"https:\/\/nfcjuices.com\/sk\/produkt\/stonka-zeleru\/","og_locale":"sk_SK","og_type":"article","og_title":"Sok Seler naciowy 100% NFC 200 kg - Beczka | NFC Juices","og_description":"Sok z selera naciowego NFC w beczce 200 kg. Pasteryzowany, bez dodatk\u00f3w. Do shot\u00f3w, izotonik\u00f3w, HPP, zup i sos\u00f3w. Dostawa paletowa, specyfikacja dost\u0119pna","og_url":"https:\/\/nfcjuices.com\/sk\/produkt\/stonka-zeleru\/","og_site_name":"nfc-juices","article_modified_time":"2026-03-26T10:44:34+00:00","og_image":[{"width":1024,"height":1024,"url":"https:\/\/nfcjuices.com\/wp-content\/uploads\/2025\/03\/Czerwona-beczka-1-1024x1024.png","type":"image\/png"}],"twitter_card":"summary_large_image","twitter_misc":{"Predpokladan\u00fd \u010das \u010d\u00edtania":"2 min\u00faty"},"schema":{"@context":"https:\/\/schema.org","@graph":[{"@type":"WebPage","@id":"https:\/\/nfcjuices.com\/produkt\/seler-naciowy\/","url":"https:\/\/nfcjuices.com\/produkt\/seler-naciowy\/","name":"Zelerov\u00e1 \u0161\u0165ava 100% NFC 200 kg - Sud | NFC \u0161\u0165avy","isPartOf":{"@id":"https:\/\/nfcjuices.com\/#website"},"primaryImageOfPage":{"@id":"https:\/\/nfcjuices.com\/produkt\/seler-naciowy\/#primaryimage"},"image":{"@id":"https:\/\/nfcjuices.com\/produkt\/seler-naciowy\/#primaryimage"},"thumbnailUrl":"https:\/\/nfcjuices.com\/wp-content\/uploads\/2025\/03\/Czerwona-beczka-1.png","datePublished":"2025-03-12T14:58:31+00:00","dateModified":"2026-03-26T10:44:34+00:00","description":"Zelerov\u00e1 \u0161\u0165ava NFC v 200 kg sude. Pasterizovan\u00e1, bez pr\u00edsad. Na pan\u00e1ky, izotonick\u00e9 n\u00e1poje, HPP, polievky a om\u00e1\u010dky. Dod\u00e1vka na palet\u00e1ch, \u0161pecifik\u00e1cie k dispoz\u00edcii.","breadcrumb":{"@id":"https:\/\/nfcjuices.com\/produkt\/seler-naciowy\/#breadcrumb"},"inLanguage":"sk-SK","potentialAction":[{"@type":"ReadAction","target":["https:\/\/nfcjuices.com\/produkt\/seler-naciowy\/"]}]},{"@type":"ImageObject","inLanguage":"sk-SK","@id":"https:\/\/nfcjuices.com\/produkt\/seler-naciowy\/#primaryimage","url":"https:\/\/nfcjuices.com\/wp-content\/uploads\/2025\/03\/Czerwona-beczka-1.png","contentUrl":"https:\/\/nfcjuices.com\/wp-content\/uploads\/2025\/03\/Czerwona-beczka-1.png","width":1980,"height":1980},{"@type":"BreadcrumbList","@id":"https:\/\/nfcjuices.com\/produkt\/seler-naciowy\/#breadcrumb","itemListElement":[{"@type":"ListItem","position":1,"name":"Strona g\u0142\u00f3wna","item":"https:\/\/nfcjuices.com\/"},{"@type":"ListItem","position":2,"name":"Nasze produkty","item":"https:\/\/nfcjuices.com\/sv\/vara-produkter\/"},{"@type":"ListItem","position":3,"name":"Sok 100% Seler naciowy 200kg"}]},{"@type":"WebSite","@id":"https:\/\/nfcjuices.com\/#website","url":"https:\/\/nfcjuices.com\/","name":"nfc \u0161\u0165avy","description":"\u0160\u0165avy, pyr\u00e9, NFC peny v sudoch","publisher":{"@id":"https:\/\/nfcjuices.com\/#organization"},"potentialAction":[{"@type":"SearchAction","target":{"@type":"EntryPoint","urlTemplate":"https:\/\/nfcjuices.com\/?s={search_term_string}"},"query-input":{"@type":"PropertyValueSpecification","valueRequired":true,"valueName":"search_term_string"}}],"inLanguage":"sk-SK"},{"@type":"Organization","@id":"https:\/\/nfcjuices.com\/#organization","name":"Na\u0161a lisov\u0148a","url":"https:\/\/nfcjuices.com\/","logo":{"@type":"ImageObject","inLanguage":"sk-SK","@id":"https:\/\/nfcjuices.com\/#\/schema\/logo\/image\/","url":"https:\/\/nfcjuices.com\/wp-content\/uploads\/2025\/05\/cropped-B2b-1.png","contentUrl":"https:\/\/nfcjuices.com\/wp-content\/uploads\/2025\/05\/cropped-B2b-1.png","width":1199,"height":999,"caption":"Nasza T\u0142ocznia"},"image":{"@id":"https:\/\/nfcjuices.com\/#\/schema\/logo\/image\/"}}]}},"_links":{"self":[{"href":"https:\/\/nfcjuices.com\/sk\/wp-json\/wp\/v2\/product\/248","targetHints":{"allow":["GET"]}}],"collection":[{"href":"https:\/\/nfcjuices.com\/sk\/wp-json\/wp\/v2\/product"}],"about":[{"href":"https:\/\/nfcjuices.com\/sk\/wp-json\/wp\/v2\/types\/product"}],"replies":[{"embeddable":true,"href":"https:\/\/nfcjuices.com\/sk\/wp-json\/wp\/v2\/comments?post=248"}],"wp:featuredmedia":[{"embeddable":true,"href":"https:\/\/nfcjuices.com\/sk\/wp-json\/wp\/v2\/media\/175"}],"wp:attachment":[{"href":"https:\/\/nfcjuices.com\/sk\/wp-json\/wp\/v2\/media?parent=248"}],"wp:term":[{"taxonomy":"product_brand","embeddable":true,"href":"https:\/\/nfcjuices.com\/sk\/wp-json\/wp\/v2\/product_brand?post=248"},{"taxonomy":"product_cat","embeddable":true,"href":"https:\/\/nfcjuices.com\/sk\/wp-json\/wp\/v2\/product_cat?post=248"},{"taxonomy":"product_tag","embeddable":true,"href":"https:\/\/nfcjuices.com\/sk\/wp-json\/wp\/v2\/product_tag?post=248"}],"curies":[{"name":"pracovn\u00fd list","href":"https:\/\/api.w.org\/{rel}","templated":true}]}}