{"id":1523,"date":"2026-04-15T12:04:21","date_gmt":"2026-04-15T10:04:21","guid":{"rendered":"https:\/\/nfcjuices.com\/produkt\/przecier-premium-100-banan-puree-3kg\/"},"modified":"2026-04-16T11:13:31","modified_gmt":"2026-04-16T09:13:31","slug":"premiove-pyre-100-bananove-pyre-3kg","status":"publish","type":"product","link":"https:\/\/nfcjuices.com\/sk\/produkt\/przecier-premium-100-banan-puree-3kg\/","title":{"rendered":"Pr\u00e9miov\u00e9 pyr\u00e9 100% Ban\u00e1nov\u00e9 pyr\u00e9 3 kg"},"content":{"rendered":"<p><strong>Typ produktu:<\/strong> pyr\u00e9<\/p>\n<p><strong>Brix: 22<\/strong><br \/>\n<strong>Technick\u00e9 \u0161pecifik\u00e1cie s\u00fa k dispoz\u00edcii na po\u017eiadanie.<\/strong><\/p>\n<p><strong>Nutri\u010dn\u00e9 hodnoty:<\/strong><br \/>\nEnergetick\u00e1 hodnota: 88 kcal<br \/>\nTuk: 0,3 g<br \/>\nSacharidy: 23 g<br \/>\n-vr\u00e1tane cukrov: 12 g<br \/>\nBielkoviny: 1,3 g<br \/>\nSo\u013e: 0 g<\/p>","protected":false},"excerpt":{"rendered":"<h2> Nutri\u010dn\u00e9 hodnoty na 100 ml: <\/h2>\n<p><\/p>\n<p> Energetick\u00e1 hodnota: 88 kcal <\/p>\n<p><\/p>\n<p>tuk: 0,3 g <\/p>\n<p><\/p>\n<p>sacharidy: 23 g <\/p>\n<p><\/p>\n<p>\u2013 z toho cukry: 12 g <\/p>\n<p><\/p>\n<p>bielkoviny: 1,3 g <\/p>\n<p><\/p>\n<p>so\u013e: 0 g <\/p>\n<p><\/p>","protected":false},"featured_media":1517,"comment_status":"open","ping_status":"closed","template":"","meta":[],"product_brand":[49],"product_cat":[56],"product_tag":[51,50,52,53],"class_list":{"0":"post-1523","1":"product","2":"type-product","3":"status-publish","4":"has-post-thumbnail","6":"product_brand-nasza-tlocznia","7":"product_cat-przeciery","8":"product_tag-dla-dzieci","9":"product_tag-energia","10":"product_tag-lunchbox","11":"product_tag-zdrowa-przekaska","12":"pa_pojemnosc-3kg","14":"first","15":"instock","16":"taxable","17":"shipping-taxable","18":"purchasable","19":"product-type-simple"},"yoast_head":"<!-- This site is optimized with the Yoast SEO plugin v24.9 - https:\/\/yoast.com\/wordpress\/plugins\/seo\/ -->\n<title>Przecier premium 100% Banan puree 3kg - nfc-juices<\/title>\n<meta name=\"robots\" content=\"index, follow, max-snippet:-1, max-image-preview:large, max-video-preview:-1\" \/>\n<link rel=\"canonical\" href=\"https:\/\/nfcjuices.com\/sk\/produkt\/premiove-pyre-100-bananove-pyre-3kg\/\" \/>\n<meta property=\"og:locale\" content=\"sk_SK\" \/>\n<meta property=\"og:type\" content=\"article\" \/>\n<meta property=\"og:title\" content=\"Przecier premium 100% Banan puree 3kg - nfc-juices\" \/>\n<meta property=\"og:description\" content=\"Warto\u015bci od\u017cywcze w 100ml: Warto\u015b\u0107 energetyczna: 88 kcal t\u0142uszcz: 0,3g w\u0119glowodany: 23g - w tym cukry: 12g bia\u0142ko: 1,3g s\u00f3l: 0g\" \/>\n<meta property=\"og:url\" content=\"https:\/\/nfcjuices.com\/sk\/produkt\/premiove-pyre-100-bananove-pyre-3kg\/\" \/>\n<meta property=\"og:site_name\" content=\"nfc-juices\" \/>\n<meta property=\"article:modified_time\" content=\"2026-04-16T09:13:31+00:00\" \/>\n<meta property=\"og:image\" content=\"https:\/\/nfcjuices.com\/wp-content\/uploads\/2026\/04\/Strona-Nowy-Karton-Banan-przecier.png\" \/>\n\t<meta property=\"og:image:width\" content=\"750\" \/>\n\t<meta property=\"og:image:height\" content=\"750\" \/>\n\t<meta property=\"og:image:type\" content=\"image\/png\" \/>\n<meta name=\"twitter:card\" content=\"summary_large_image\" \/>\n<meta name=\"twitter:label1\" content=\"Predpokladan\u00fd \u010das \u010d\u00edtania\" \/>\n\t<meta name=\"twitter:data1\" content=\"1 min\u00fata\" \/>\n<script type=\"application\/ld+json\" class=\"yoast-schema-graph\">{\"@context\":\"https:\/\/schema.org\",\"@graph\":[{\"@type\":\"WebPage\",\"@id\":\"https:\/\/nfcjuices.com\/produkt\/przecier-premium-100-banan-puree-3kg\/\",\"url\":\"https:\/\/nfcjuices.com\/produkt\/przecier-premium-100-banan-puree-3kg\/\",\"name\":\"Przecier premium 100% Banan puree 3kg - nfc-juices\",\"isPartOf\":{\"@id\":\"https:\/\/nfcjuices.com\/#website\"},\"primaryImageOfPage\":{\"@id\":\"https:\/\/nfcjuices.com\/produkt\/przecier-premium-100-banan-puree-3kg\/#primaryimage\"},\"image\":{\"@id\":\"https:\/\/nfcjuices.com\/produkt\/przecier-premium-100-banan-puree-3kg\/#primaryimage\"},\"thumbnailUrl\":\"https:\/\/nfcjuices.com\/wp-content\/uploads\/2026\/04\/Strona-Nowy-Karton-Banan-przecier.png\",\"datePublished\":\"2026-04-15T10:04:21+00:00\",\"dateModified\":\"2026-04-16T09:13:31+00:00\",\"breadcrumb\":{\"@id\":\"https:\/\/nfcjuices.com\/produkt\/przecier-premium-100-banan-puree-3kg\/#breadcrumb\"},\"inLanguage\":\"sk-SK\",\"potentialAction\":[{\"@type\":\"ReadAction\",\"target\":[\"https:\/\/nfcjuices.com\/produkt\/przecier-premium-100-banan-puree-3kg\/\"]}]},{\"@type\":\"ImageObject\",\"inLanguage\":\"sk-SK\",\"@id\":\"https:\/\/nfcjuices.com\/produkt\/przecier-premium-100-banan-puree-3kg\/#primaryimage\",\"url\":\"https:\/\/nfcjuices.com\/wp-content\/uploads\/2026\/04\/Strona-Nowy-Karton-Banan-przecier.png\",\"contentUrl\":\"https:\/\/nfcjuices.com\/wp-content\/uploads\/2026\/04\/Strona-Nowy-Karton-Banan-przecier.png\",\"width\":750,\"height\":750,\"caption\":\"a9e8eab421f7b70f515ec83092a50f5c\"},{\"@type\":\"BreadcrumbList\",\"@id\":\"https:\/\/nfcjuices.com\/produkt\/przecier-premium-100-banan-puree-3kg\/#breadcrumb\",\"itemListElement\":[{\"@type\":\"ListItem\",\"position\":1,\"name\":\"Strona g\u0142\u00f3wna\",\"item\":\"https:\/\/nfcjuices.com\/\"},{\"@type\":\"ListItem\",\"position\":2,\"name\":\"Nasze produkty\",\"item\":\"https:\/\/nfcjuices.com\/sv\/vara-produkter\/\"},{\"@type\":\"ListItem\",\"position\":3,\"name\":\"Przecier premium 100% Banan puree 3kg\"}]},{\"@type\":\"WebSite\",\"@id\":\"https:\/\/nfcjuices.com\/#website\",\"url\":\"https:\/\/nfcjuices.com\/\",\"name\":\"nfc-juices\",\"description\":\"Soki, przeciery, musy NFC w beczkach\",\"publisher\":{\"@id\":\"https:\/\/nfcjuices.com\/#organization\"},\"potentialAction\":[{\"@type\":\"SearchAction\",\"target\":{\"@type\":\"EntryPoint\",\"urlTemplate\":\"https:\/\/nfcjuices.com\/?s={search_term_string}\"},\"query-input\":{\"@type\":\"PropertyValueSpecification\",\"valueRequired\":true,\"valueName\":\"search_term_string\"}}],\"inLanguage\":\"sk-SK\"},{\"@type\":\"Organization\",\"@id\":\"https:\/\/nfcjuices.com\/#organization\",\"name\":\"Nasza T\u0142ocznia\",\"url\":\"https:\/\/nfcjuices.com\/\",\"logo\":{\"@type\":\"ImageObject\",\"inLanguage\":\"sk-SK\",\"@id\":\"https:\/\/nfcjuices.com\/#\/schema\/logo\/image\/\",\"url\":\"https:\/\/nfcjuices.com\/wp-content\/uploads\/2025\/05\/cropped-B2b-1.png\",\"contentUrl\":\"https:\/\/nfcjuices.com\/wp-content\/uploads\/2025\/05\/cropped-B2b-1.png\",\"width\":1199,\"height\":999,\"caption\":\"Nasza T\u0142ocznia\"},\"image\":{\"@id\":\"https:\/\/nfcjuices.com\/#\/schema\/logo\/image\/\"}}]}<\/script>\n<!-- \/ Yoast SEO plugin. -->","yoast_head_json":{"title":"Pr\u00e9miov\u00e9 pyr\u00e9 100% Ban\u00e1nov\u00e9 pyr\u00e9 3 kg - nfc-juices","robots":{"index":"index","follow":"follow","max-snippet":"max-snippet:-1","max-image-preview":"max-image-preview:large","max-video-preview":"max-video-preview:-1"},"canonical":"https:\/\/nfcjuices.com\/sk\/produkt\/premiove-pyre-100-bananove-pyre-3kg\/","og_locale":"sk_SK","og_type":"article","og_title":"Przecier premium 100% Banan puree 3kg - nfc-juices","og_description":"Warto\u015bci od\u017cywcze w 100ml: Warto\u015b\u0107 energetyczna: 88 kcal t\u0142uszcz: 0,3g w\u0119glowodany: 23g - w tym cukry: 12g bia\u0142ko: 1,3g s\u00f3l: 0g","og_url":"https:\/\/nfcjuices.com\/sk\/produkt\/premiove-pyre-100-bananove-pyre-3kg\/","og_site_name":"nfc-juices","article_modified_time":"2026-04-16T09:13:31+00:00","og_image":[{"width":750,"height":750,"url":"https:\/\/nfcjuices.com\/wp-content\/uploads\/2026\/04\/Strona-Nowy-Karton-Banan-przecier.png","type":"image\/png"}],"twitter_card":"summary_large_image","twitter_misc":{"Predpokladan\u00fd \u010das \u010d\u00edtania":"1 min\u00fata"},"schema":{"@context":"https:\/\/schema.org","@graph":[{"@type":"WebPage","@id":"https:\/\/nfcjuices.com\/produkt\/przecier-premium-100-banan-puree-3kg\/","url":"https:\/\/nfcjuices.com\/produkt\/przecier-premium-100-banan-puree-3kg\/","name":"Pr\u00e9miov\u00e9 pyr\u00e9 100% Ban\u00e1nov\u00e9 pyr\u00e9 3 kg - nfc-juices","isPartOf":{"@id":"https:\/\/nfcjuices.com\/#website"},"primaryImageOfPage":{"@id":"https:\/\/nfcjuices.com\/produkt\/przecier-premium-100-banan-puree-3kg\/#primaryimage"},"image":{"@id":"https:\/\/nfcjuices.com\/produkt\/przecier-premium-100-banan-puree-3kg\/#primaryimage"},"thumbnailUrl":"https:\/\/nfcjuices.com\/wp-content\/uploads\/2026\/04\/Strona-Nowy-Karton-Banan-przecier.png","datePublished":"2026-04-15T10:04:21+00:00","dateModified":"2026-04-16T09:13:31+00:00","breadcrumb":{"@id":"https:\/\/nfcjuices.com\/produkt\/przecier-premium-100-banan-puree-3kg\/#breadcrumb"},"inLanguage":"sk-SK","potentialAction":[{"@type":"ReadAction","target":["https:\/\/nfcjuices.com\/produkt\/przecier-premium-100-banan-puree-3kg\/"]}]},{"@type":"ImageObject","inLanguage":"sk-SK","@id":"https:\/\/nfcjuices.com\/produkt\/przecier-premium-100-banan-puree-3kg\/#primaryimage","url":"https:\/\/nfcjuices.com\/wp-content\/uploads\/2026\/04\/Strona-Nowy-Karton-Banan-przecier.png","contentUrl":"https:\/\/nfcjuices.com\/wp-content\/uploads\/2026\/04\/Strona-Nowy-Karton-Banan-przecier.png","width":750,"height":750,"caption":"a9e8eab421f7b70f515ec83092a50f5c"},{"@type":"BreadcrumbList","@id":"https:\/\/nfcjuices.com\/produkt\/przecier-premium-100-banan-puree-3kg\/#breadcrumb","itemListElement":[{"@type":"ListItem","position":1,"name":"Strona g\u0142\u00f3wna","item":"https:\/\/nfcjuices.com\/"},{"@type":"ListItem","position":2,"name":"Nasze produkty","item":"https:\/\/nfcjuices.com\/sv\/vara-produkter\/"},{"@type":"ListItem","position":3,"name":"Przecier premium 100% Banan puree 3kg"}]},{"@type":"WebSite","@id":"https:\/\/nfcjuices.com\/#website","url":"https:\/\/nfcjuices.com\/","name":"nfc \u0161\u0165avy","description":"\u0160\u0165avy, pyr\u00e9, NFC peny v sudoch","publisher":{"@id":"https:\/\/nfcjuices.com\/#organization"},"potentialAction":[{"@type":"SearchAction","target":{"@type":"EntryPoint","urlTemplate":"https:\/\/nfcjuices.com\/?s={search_term_string}"},"query-input":{"@type":"PropertyValueSpecification","valueRequired":true,"valueName":"search_term_string"}}],"inLanguage":"sk-SK"},{"@type":"Organization","@id":"https:\/\/nfcjuices.com\/#organization","name":"Na\u0161a lisov\u0148a","url":"https:\/\/nfcjuices.com\/","logo":{"@type":"ImageObject","inLanguage":"sk-SK","@id":"https:\/\/nfcjuices.com\/#\/schema\/logo\/image\/","url":"https:\/\/nfcjuices.com\/wp-content\/uploads\/2025\/05\/cropped-B2b-1.png","contentUrl":"https:\/\/nfcjuices.com\/wp-content\/uploads\/2025\/05\/cropped-B2b-1.png","width":1199,"height":999,"caption":"Nasza T\u0142ocznia"},"image":{"@id":"https:\/\/nfcjuices.com\/#\/schema\/logo\/image\/"}}]}},"_links":{"self":[{"href":"https:\/\/nfcjuices.com\/sk\/wp-json\/wp\/v2\/product\/1523","targetHints":{"allow":["GET"]}}],"collection":[{"href":"https:\/\/nfcjuices.com\/sk\/wp-json\/wp\/v2\/product"}],"about":[{"href":"https:\/\/nfcjuices.com\/sk\/wp-json\/wp\/v2\/types\/product"}],"replies":[{"embeddable":true,"href":"https:\/\/nfcjuices.com\/sk\/wp-json\/wp\/v2\/comments?post=1523"}],"wp:featuredmedia":[{"embeddable":true,"href":"https:\/\/nfcjuices.com\/sk\/wp-json\/wp\/v2\/media\/1517"}],"wp:attachment":[{"href":"https:\/\/nfcjuices.com\/sk\/wp-json\/wp\/v2\/media?parent=1523"}],"wp:term":[{"taxonomy":"product_brand","embeddable":true,"href":"https:\/\/nfcjuices.com\/sk\/wp-json\/wp\/v2\/product_brand?post=1523"},{"taxonomy":"product_cat","embeddable":true,"href":"https:\/\/nfcjuices.com\/sk\/wp-json\/wp\/v2\/product_cat?post=1523"},{"taxonomy":"product_tag","embeddable":true,"href":"https:\/\/nfcjuices.com\/sk\/wp-json\/wp\/v2\/product_tag?post=1523"}],"curies":[{"name":"pracovn\u00fd list","href":"https:\/\/api.w.org\/{rel}","templated":true}]}}