{"id":1482,"date":"2026-04-13T15:59:21","date_gmt":"2026-04-13T13:59:21","guid":{"rendered":"https:\/\/nfcjuices.com\/?post_type=product&#038;p=1482"},"modified":"2026-04-13T16:19:10","modified_gmt":"2026-04-13T14:19:10","slug":"pyre-z-cerveneho-pomaranca-200-kg-2","status":"publish","type":"product","link":"https:\/\/nfcjuices.com\/sk\/produkt\/przecier-czerwona-pomarancza-200kg\/","title":{"rendered":"Pyr\u00e9 z \u010derven\u00e9ho pomaran\u010da 200 kg"},"content":{"rendered":"<p><strong>Typ produktu:<\/strong> pyr\u00e9<\/p>\n<p> <strong>Brixov stupe\u0148: <\/strong>Najmenej 14<br \/><strong>Technick\u00e9 \u0161pecifik\u00e1cie s\u00fa k dispoz\u00edcii na po\u017eiadanie.<\/strong><\/p>\n<p><strong>Nutri\u010dn\u00e9 hodnoty:<\/strong><br \/>Energetick\u00e1 hodnota: 40 kcal <\/p>\n<p>  Tuk: 0 g <\/p>\n<p>  Sacharidy: 10 g\t <\/p>\n<p>  -vr\u00e1tane cukrov: 8 g <\/p>\n<p>  Bielkoviny: 0,5 g\t <\/p>\n<p>  So\u013e: 0 g <\/p>","protected":false},"excerpt":{"rendered":"<p>Typ produktu: Pyr\u00e9 Brix: Min. 14 Technick\u00e9 \u0161pecifik\u00e1cie s\u00fa k dispoz\u00edcii na po\u017eiadanie. Nutri\u010dn\u00e9 hodnoty: Energetick\u00e1 hodnota: 40 kcal Tuk: 0 g Sacharidy: 10 g - z toho cukry: 8 g Bielkoviny: 0,5 g So\u013e: 0 g<\/p>","protected":false},"featured_media":989,"comment_status":"open","ping_status":"closed","template":"","meta":[],"product_brand":[49],"product_cat":[56],"product_tag":[],"class_list":{"0":"post-1482","1":"product","2":"type-product","3":"status-publish","4":"has-post-thumbnail","6":"product_brand-nasza-tlocznia","7":"product_cat-przeciery","8":"pa_pojemnosc-200kg","10":"first","11":"instock","12":"taxable","13":"shipping-taxable","14":"purchasable","15":"product-type-simple"},"yoast_head":"<!-- This site is optimized with the Yoast SEO plugin v24.9 - https:\/\/yoast.com\/wordpress\/plugins\/seo\/ -->\n<title>Przecier czerwona Pomara\u0144cza 200kg - nfc-juices<\/title>\n<meta name=\"robots\" content=\"index, follow, max-snippet:-1, max-image-preview:large, max-video-preview:-1\" \/>\n<link rel=\"canonical\" href=\"https:\/\/nfcjuices.com\/sk\/produkt\/pyre-z-cerveneho-pomaranca-200-kg-2\/\" \/>\n<meta property=\"og:locale\" content=\"sk_SK\" \/>\n<meta property=\"og:type\" content=\"article\" \/>\n<meta property=\"og:title\" content=\"Przecier czerwona Pomara\u0144cza 200kg - nfc-juices\" \/>\n<meta property=\"og:description\" content=\"Rodzaj produktu: przecier Brix: Min. 14Specyfikacja techniczna dost\u0119pna na \u017cyczenie klienta. Warto\u015bci od\u017cywcze:Warto\u015b\u0107 en.: 40 kcal T\u0142uszcz: 0g W\u0119glowodany: 10g -w tym cukry: 8g Bia\u0142ko: 0,5g S\u00f3l: 0g\" \/>\n<meta property=\"og:url\" content=\"https:\/\/nfcjuices.com\/sk\/produkt\/pyre-z-cerveneho-pomaranca-200-kg-2\/\" \/>\n<meta property=\"og:site_name\" content=\"nfc-juices\" \/>\n<meta property=\"article:modified_time\" content=\"2026-04-13T14:19:10+00:00\" \/>\n<meta property=\"og:image\" content=\"https:\/\/nfcjuices.com\/wp-content\/uploads\/2025\/04\/Czerwona-beczka-1-3-1024x1024.png\" \/>\n\t<meta property=\"og:image:width\" content=\"1024\" \/>\n\t<meta property=\"og:image:height\" content=\"1024\" \/>\n\t<meta property=\"og:image:type\" content=\"image\/png\" \/>\n<meta name=\"twitter:card\" content=\"summary_large_image\" \/>\n<meta name=\"twitter:label1\" content=\"Predpokladan\u00fd \u010das \u010d\u00edtania\" \/>\n\t<meta name=\"twitter:data1\" content=\"1 min\u00fata\" \/>\n<script type=\"application\/ld+json\" class=\"yoast-schema-graph\">{\"@context\":\"https:\/\/schema.org\",\"@graph\":[{\"@type\":\"WebPage\",\"@id\":\"https:\/\/nfcjuices.com\/produkt\/przecier-czerwona-pomarancza-200kg\/\",\"url\":\"https:\/\/nfcjuices.com\/produkt\/przecier-czerwona-pomarancza-200kg\/\",\"name\":\"Przecier czerwona Pomara\u0144cza 200kg - nfc-juices\",\"isPartOf\":{\"@id\":\"https:\/\/nfcjuices.com\/#website\"},\"primaryImageOfPage\":{\"@id\":\"https:\/\/nfcjuices.com\/produkt\/przecier-czerwona-pomarancza-200kg\/#primaryimage\"},\"image\":{\"@id\":\"https:\/\/nfcjuices.com\/produkt\/przecier-czerwona-pomarancza-200kg\/#primaryimage\"},\"thumbnailUrl\":\"https:\/\/nfcjuices.com\/wp-content\/uploads\/2025\/04\/Czerwona-beczka-1-3.png\",\"datePublished\":\"2026-04-13T13:59:21+00:00\",\"dateModified\":\"2026-04-13T14:19:10+00:00\",\"breadcrumb\":{\"@id\":\"https:\/\/nfcjuices.com\/produkt\/przecier-czerwona-pomarancza-200kg\/#breadcrumb\"},\"inLanguage\":\"sk-SK\",\"potentialAction\":[{\"@type\":\"ReadAction\",\"target\":[\"https:\/\/nfcjuices.com\/produkt\/przecier-czerwona-pomarancza-200kg\/\"]}]},{\"@type\":\"ImageObject\",\"inLanguage\":\"sk-SK\",\"@id\":\"https:\/\/nfcjuices.com\/produkt\/przecier-czerwona-pomarancza-200kg\/#primaryimage\",\"url\":\"https:\/\/nfcjuices.com\/wp-content\/uploads\/2025\/04\/Czerwona-beczka-1-3.png\",\"contentUrl\":\"https:\/\/nfcjuices.com\/wp-content\/uploads\/2025\/04\/Czerwona-beczka-1-3.png\",\"width\":1980,\"height\":1980},{\"@type\":\"BreadcrumbList\",\"@id\":\"https:\/\/nfcjuices.com\/produkt\/przecier-czerwona-pomarancza-200kg\/#breadcrumb\",\"itemListElement\":[{\"@type\":\"ListItem\",\"position\":1,\"name\":\"Strona g\u0142\u00f3wna\",\"item\":\"https:\/\/nfcjuices.com\/\"},{\"@type\":\"ListItem\",\"position\":2,\"name\":\"Nasze produkty\",\"item\":\"https:\/\/nfcjuices.com\/sv\/vara-produkter\/\"},{\"@type\":\"ListItem\",\"position\":3,\"name\":\"Przecier czerwona Pomara\u0144cza 200kg\"}]},{\"@type\":\"WebSite\",\"@id\":\"https:\/\/nfcjuices.com\/#website\",\"url\":\"https:\/\/nfcjuices.com\/\",\"name\":\"nfc-juices\",\"description\":\"Soki, przeciery, musy NFC w beczkach\",\"publisher\":{\"@id\":\"https:\/\/nfcjuices.com\/#organization\"},\"potentialAction\":[{\"@type\":\"SearchAction\",\"target\":{\"@type\":\"EntryPoint\",\"urlTemplate\":\"https:\/\/nfcjuices.com\/?s={search_term_string}\"},\"query-input\":{\"@type\":\"PropertyValueSpecification\",\"valueRequired\":true,\"valueName\":\"search_term_string\"}}],\"inLanguage\":\"sk-SK\"},{\"@type\":\"Organization\",\"@id\":\"https:\/\/nfcjuices.com\/#organization\",\"name\":\"Nasza T\u0142ocznia\",\"url\":\"https:\/\/nfcjuices.com\/\",\"logo\":{\"@type\":\"ImageObject\",\"inLanguage\":\"sk-SK\",\"@id\":\"https:\/\/nfcjuices.com\/#\/schema\/logo\/image\/\",\"url\":\"https:\/\/nfcjuices.com\/wp-content\/uploads\/2025\/05\/cropped-B2b-1.png\",\"contentUrl\":\"https:\/\/nfcjuices.com\/wp-content\/uploads\/2025\/05\/cropped-B2b-1.png\",\"width\":1199,\"height\":999,\"caption\":\"Nasza T\u0142ocznia\"},\"image\":{\"@id\":\"https:\/\/nfcjuices.com\/#\/schema\/logo\/image\/\"}}]}<\/script>\n<!-- \/ Yoast SEO plugin. -->","yoast_head_json":{"title":"Pyr\u00e9 z \u010derven\u00e9ho pomaran\u010da 200 kg - nfc-juices","robots":{"index":"index","follow":"follow","max-snippet":"max-snippet:-1","max-image-preview":"max-image-preview:large","max-video-preview":"max-video-preview:-1"},"canonical":"https:\/\/nfcjuices.com\/sk\/produkt\/pyre-z-cerveneho-pomaranca-200-kg-2\/","og_locale":"sk_SK","og_type":"article","og_title":"Przecier czerwona Pomara\u0144cza 200kg - nfc-juices","og_description":"Rodzaj produktu: przecier Brix: Min. 14Specyfikacja techniczna dost\u0119pna na \u017cyczenie klienta. Warto\u015bci od\u017cywcze:Warto\u015b\u0107 en.: 40 kcal T\u0142uszcz: 0g W\u0119glowodany: 10g -w tym cukry: 8g Bia\u0142ko: 0,5g S\u00f3l: 0g","og_url":"https:\/\/nfcjuices.com\/sk\/produkt\/pyre-z-cerveneho-pomaranca-200-kg-2\/","og_site_name":"nfc-juices","article_modified_time":"2026-04-13T14:19:10+00:00","og_image":[{"width":1024,"height":1024,"url":"https:\/\/nfcjuices.com\/wp-content\/uploads\/2025\/04\/Czerwona-beczka-1-3-1024x1024.png","type":"image\/png"}],"twitter_card":"summary_large_image","twitter_misc":{"Predpokladan\u00fd \u010das \u010d\u00edtania":"1 min\u00fata"},"schema":{"@context":"https:\/\/schema.org","@graph":[{"@type":"WebPage","@id":"https:\/\/nfcjuices.com\/produkt\/przecier-czerwona-pomarancza-200kg\/","url":"https:\/\/nfcjuices.com\/produkt\/przecier-czerwona-pomarancza-200kg\/","name":"Pyr\u00e9 z \u010derven\u00e9ho pomaran\u010da 200 kg - nfc-juices","isPartOf":{"@id":"https:\/\/nfcjuices.com\/#website"},"primaryImageOfPage":{"@id":"https:\/\/nfcjuices.com\/produkt\/przecier-czerwona-pomarancza-200kg\/#primaryimage"},"image":{"@id":"https:\/\/nfcjuices.com\/produkt\/przecier-czerwona-pomarancza-200kg\/#primaryimage"},"thumbnailUrl":"https:\/\/nfcjuices.com\/wp-content\/uploads\/2025\/04\/Czerwona-beczka-1-3.png","datePublished":"2026-04-13T13:59:21+00:00","dateModified":"2026-04-13T14:19:10+00:00","breadcrumb":{"@id":"https:\/\/nfcjuices.com\/produkt\/przecier-czerwona-pomarancza-200kg\/#breadcrumb"},"inLanguage":"sk-SK","potentialAction":[{"@type":"ReadAction","target":["https:\/\/nfcjuices.com\/produkt\/przecier-czerwona-pomarancza-200kg\/"]}]},{"@type":"ImageObject","inLanguage":"sk-SK","@id":"https:\/\/nfcjuices.com\/produkt\/przecier-czerwona-pomarancza-200kg\/#primaryimage","url":"https:\/\/nfcjuices.com\/wp-content\/uploads\/2025\/04\/Czerwona-beczka-1-3.png","contentUrl":"https:\/\/nfcjuices.com\/wp-content\/uploads\/2025\/04\/Czerwona-beczka-1-3.png","width":1980,"height":1980},{"@type":"BreadcrumbList","@id":"https:\/\/nfcjuices.com\/produkt\/przecier-czerwona-pomarancza-200kg\/#breadcrumb","itemListElement":[{"@type":"ListItem","position":1,"name":"Strona g\u0142\u00f3wna","item":"https:\/\/nfcjuices.com\/"},{"@type":"ListItem","position":2,"name":"Nasze produkty","item":"https:\/\/nfcjuices.com\/sv\/vara-produkter\/"},{"@type":"ListItem","position":3,"name":"Przecier czerwona Pomara\u0144cza 200kg"}]},{"@type":"WebSite","@id":"https:\/\/nfcjuices.com\/#website","url":"https:\/\/nfcjuices.com\/","name":"nfc \u0161\u0165avy","description":"\u0160\u0165avy, pyr\u00e9, NFC peny v sudoch","publisher":{"@id":"https:\/\/nfcjuices.com\/#organization"},"potentialAction":[{"@type":"SearchAction","target":{"@type":"EntryPoint","urlTemplate":"https:\/\/nfcjuices.com\/?s={search_term_string}"},"query-input":{"@type":"PropertyValueSpecification","valueRequired":true,"valueName":"search_term_string"}}],"inLanguage":"sk-SK"},{"@type":"Organization","@id":"https:\/\/nfcjuices.com\/#organization","name":"Na\u0161a lisov\u0148a","url":"https:\/\/nfcjuices.com\/","logo":{"@type":"ImageObject","inLanguage":"sk-SK","@id":"https:\/\/nfcjuices.com\/#\/schema\/logo\/image\/","url":"https:\/\/nfcjuices.com\/wp-content\/uploads\/2025\/05\/cropped-B2b-1.png","contentUrl":"https:\/\/nfcjuices.com\/wp-content\/uploads\/2025\/05\/cropped-B2b-1.png","width":1199,"height":999,"caption":"Nasza T\u0142ocznia"},"image":{"@id":"https:\/\/nfcjuices.com\/#\/schema\/logo\/image\/"}}]}},"_links":{"self":[{"href":"https:\/\/nfcjuices.com\/sk\/wp-json\/wp\/v2\/product\/1482","targetHints":{"allow":["GET"]}}],"collection":[{"href":"https:\/\/nfcjuices.com\/sk\/wp-json\/wp\/v2\/product"}],"about":[{"href":"https:\/\/nfcjuices.com\/sk\/wp-json\/wp\/v2\/types\/product"}],"replies":[{"embeddable":true,"href":"https:\/\/nfcjuices.com\/sk\/wp-json\/wp\/v2\/comments?post=1482"}],"wp:featuredmedia":[{"embeddable":true,"href":"https:\/\/nfcjuices.com\/sk\/wp-json\/wp\/v2\/media\/989"}],"wp:attachment":[{"href":"https:\/\/nfcjuices.com\/sk\/wp-json\/wp\/v2\/media?parent=1482"}],"wp:term":[{"taxonomy":"product_brand","embeddable":true,"href":"https:\/\/nfcjuices.com\/sk\/wp-json\/wp\/v2\/product_brand?post=1482"},{"taxonomy":"product_cat","embeddable":true,"href":"https:\/\/nfcjuices.com\/sk\/wp-json\/wp\/v2\/product_cat?post=1482"},{"taxonomy":"product_tag","embeddable":true,"href":"https:\/\/nfcjuices.com\/sk\/wp-json\/wp\/v2\/product_tag?post=1482"}],"curies":[{"name":"pracovn\u00fd list","href":"https:\/\/api.w.org\/{rel}","templated":true}]}}