{"id":1479,"date":"2026-04-13T15:35:58","date_gmt":"2026-04-13T13:35:58","guid":{"rendered":"https:\/\/nfcjuices.com\/?post_type=product&#038;p=1479"},"modified":"2026-04-14T14:10:52","modified_gmt":"2026-04-14T12:10:52","slug":"jahodove-pyre-so-semienkami-200-kg-2","status":"publish","type":"product","link":"https:\/\/nfcjuices.com\/sk\/produkt\/przecier-truskawka-z-pestka-200kg\/","title":{"rendered":"Jahodov\u00e9 pyr\u00e9 so semienkami 200 kg"},"content":{"rendered":"<p><strong>Technick\u00e9 \u0161pecifik\u00e1cie s\u00fa k dispoz\u00edcii na po\u017eiadanie.<\/strong><\/p>\n<p><strong>Nutri\u010dn\u00e9 hodnoty:<\/strong><br \/>ENERGETICK\u00c1 HODNOTA: 32 kcal<\/p>\n<p>TUKY: 0,3 g<\/p>\n<p>VR\u00c1TANE NAS\u00ddTEN\u00ddCH MASTN\u00ddCH KYSEL\u00cdN: 0 g <\/p>\n<p>SACHARIDY: 8 g<\/p>\n<p>Z TOHO CUKRY: 4,9 g <\/p>\n<p>PROTE\u00cdN: 0,7 g <\/p>\n<p>SO\u013d: 0,0 g<\/p>","protected":false},"excerpt":{"rendered":"<p>Specyfikacja techniczna dost\u0119pna na \u017cyczenie klienta. Warto\u015bci od\u017cywcze:WARTO\u015a\u0106 ENERGETYCZNA: 32 kcal T\u0141USZCZ: 0,3g W TYM KWASY T\u0141USZCZOWE NASYCONE: 0g W\u0118GLOWODANY: 8g W TYM CUKRY: 4,9g BIA\u0141KO: 0,7 g S\u00d3L: 0,0g<\/p>","protected":false},"featured_media":1233,"comment_status":"open","ping_status":"closed","template":"","meta":[],"product_brand":[49],"product_cat":[56],"product_tag":[],"class_list":{"0":"post-1479","1":"product","2":"type-product","3":"status-publish","4":"has-post-thumbnail","6":"product_brand-nasza-tlocznia","7":"product_cat-przeciery","8":"pa_pojemnosc-200kg","10":"first","11":"instock","12":"taxable","13":"shipping-taxable","14":"purchasable","15":"product-type-simple"},"yoast_head":"<!-- This site is optimized with the Yoast SEO plugin v24.9 - https:\/\/yoast.com\/wordpress\/plugins\/seo\/ -->\n<title>Przecier Truskawka z pestk\u0105 100% NFC 200 kg \u2013 Beczka<\/title>\n<meta name=\"description\" content=\"Przecier truskawkowy z pestk\u0105, NFC, pasteryzowany. Beczka 200 kg do nadzienia, lod\u00f3w, sorbet\u00f3w, nabia\u0142u i deser\u00f3w. Naturalna tekstura. Wysy\u0142ka na palecie\" \/>\n<meta name=\"robots\" content=\"index, follow, max-snippet:-1, max-image-preview:large, max-video-preview:-1\" \/>\n<link rel=\"canonical\" href=\"https:\/\/nfcjuices.com\/sk\/produkt\/jahodove-pyre-so-semienkami-200-kg-2\/\" \/>\n<meta property=\"og:locale\" content=\"sk_SK\" \/>\n<meta property=\"og:type\" content=\"article\" \/>\n<meta property=\"og:title\" content=\"Przecier Truskawka z pestk\u0105 100% NFC 200 kg \u2013 Beczka\" \/>\n<meta property=\"og:description\" content=\"Przecier truskawkowy z pestk\u0105, NFC, pasteryzowany. Beczka 200 kg do nadzienia, lod\u00f3w, sorbet\u00f3w, nabia\u0142u i deser\u00f3w. Naturalna tekstura. Wysy\u0142ka na palecie\" \/>\n<meta property=\"og:url\" content=\"https:\/\/nfcjuices.com\/sk\/produkt\/jahodove-pyre-so-semienkami-200-kg-2\/\" \/>\n<meta property=\"og:site_name\" content=\"nfc-juices\" \/>\n<meta property=\"article:modified_time\" content=\"2026-04-14T12:10:52+00:00\" \/>\n<meta property=\"og:image\" content=\"https:\/\/nfcjuices.com\/wp-content\/uploads\/2025\/07\/Czerwona-beczka-1-1-1.webp\" \/>\n\t<meta property=\"og:image:width\" content=\"1920\" \/>\n\t<meta property=\"og:image:height\" content=\"1920\" \/>\n\t<meta property=\"og:image:type\" content=\"image\/webp\" \/>\n<meta name=\"twitter:card\" content=\"summary_large_image\" \/>\n<meta name=\"twitter:label1\" content=\"Predpokladan\u00fd \u010das \u010d\u00edtania\" \/>\n\t<meta name=\"twitter:data1\" content=\"1 min\u00fata\" \/>\n<script type=\"application\/ld+json\" class=\"yoast-schema-graph\">{\"@context\":\"https:\/\/schema.org\",\"@graph\":[{\"@type\":\"WebPage\",\"@id\":\"https:\/\/nfcjuices.com\/produkt\/przecier-truskawka-z-pestka-200kg\/\",\"url\":\"https:\/\/nfcjuices.com\/produkt\/przecier-truskawka-z-pestka-200kg\/\",\"name\":\"Przecier Truskawka z pestk\u0105 100% NFC 200 kg \u2013 Beczka\",\"isPartOf\":{\"@id\":\"https:\/\/nfcjuices.com\/#website\"},\"primaryImageOfPage\":{\"@id\":\"https:\/\/nfcjuices.com\/produkt\/przecier-truskawka-z-pestka-200kg\/#primaryimage\"},\"image\":{\"@id\":\"https:\/\/nfcjuices.com\/produkt\/przecier-truskawka-z-pestka-200kg\/#primaryimage\"},\"thumbnailUrl\":\"https:\/\/nfcjuices.com\/wp-content\/uploads\/2025\/07\/Czerwona-beczka-1-1-1.webp\",\"datePublished\":\"2026-04-13T13:35:58+00:00\",\"dateModified\":\"2026-04-14T12:10:52+00:00\",\"description\":\"Przecier truskawkowy z pestk\u0105, NFC, pasteryzowany. Beczka 200 kg do nadzienia, lod\u00f3w, sorbet\u00f3w, nabia\u0142u i deser\u00f3w. Naturalna tekstura. Wysy\u0142ka na palecie\",\"breadcrumb\":{\"@id\":\"https:\/\/nfcjuices.com\/produkt\/przecier-truskawka-z-pestka-200kg\/#breadcrumb\"},\"inLanguage\":\"sk-SK\",\"potentialAction\":[{\"@type\":\"ReadAction\",\"target\":[\"https:\/\/nfcjuices.com\/produkt\/przecier-truskawka-z-pestka-200kg\/\"]}]},{\"@type\":\"ImageObject\",\"inLanguage\":\"sk-SK\",\"@id\":\"https:\/\/nfcjuices.com\/produkt\/przecier-truskawka-z-pestka-200kg\/#primaryimage\",\"url\":\"https:\/\/nfcjuices.com\/wp-content\/uploads\/2025\/07\/Czerwona-beczka-1-1-1.webp\",\"contentUrl\":\"https:\/\/nfcjuices.com\/wp-content\/uploads\/2025\/07\/Czerwona-beczka-1-1-1.webp\",\"width\":1920,\"height\":1920},{\"@type\":\"BreadcrumbList\",\"@id\":\"https:\/\/nfcjuices.com\/produkt\/przecier-truskawka-z-pestka-200kg\/#breadcrumb\",\"itemListElement\":[{\"@type\":\"ListItem\",\"position\":1,\"name\":\"Strona g\u0142\u00f3wna\",\"item\":\"https:\/\/nfcjuices.com\/\"},{\"@type\":\"ListItem\",\"position\":2,\"name\":\"Nasze produkty\",\"item\":\"https:\/\/nfcjuices.com\/sv\/vara-produkter\/\"},{\"@type\":\"ListItem\",\"position\":3,\"name\":\"Przecier Truskawka z pestk\u0105 200kg\"}]},{\"@type\":\"WebSite\",\"@id\":\"https:\/\/nfcjuices.com\/#website\",\"url\":\"https:\/\/nfcjuices.com\/\",\"name\":\"nfc-juices\",\"description\":\"Soki, przeciery, musy NFC w beczkach\",\"publisher\":{\"@id\":\"https:\/\/nfcjuices.com\/#organization\"},\"potentialAction\":[{\"@type\":\"SearchAction\",\"target\":{\"@type\":\"EntryPoint\",\"urlTemplate\":\"https:\/\/nfcjuices.com\/?s={search_term_string}\"},\"query-input\":{\"@type\":\"PropertyValueSpecification\",\"valueRequired\":true,\"valueName\":\"search_term_string\"}}],\"inLanguage\":\"sk-SK\"},{\"@type\":\"Organization\",\"@id\":\"https:\/\/nfcjuices.com\/#organization\",\"name\":\"Nasza T\u0142ocznia\",\"url\":\"https:\/\/nfcjuices.com\/\",\"logo\":{\"@type\":\"ImageObject\",\"inLanguage\":\"sk-SK\",\"@id\":\"https:\/\/nfcjuices.com\/#\/schema\/logo\/image\/\",\"url\":\"https:\/\/nfcjuices.com\/wp-content\/uploads\/2025\/05\/cropped-B2b-1.png\",\"contentUrl\":\"https:\/\/nfcjuices.com\/wp-content\/uploads\/2025\/05\/cropped-B2b-1.png\",\"width\":1199,\"height\":999,\"caption\":\"Nasza T\u0142ocznia\"},\"image\":{\"@id\":\"https:\/\/nfcjuices.com\/#\/schema\/logo\/image\/\"}}]}<\/script>\n<!-- \/ Yoast SEO plugin. -->","yoast_head_json":{"title":"Jahodov\u00e9 pyr\u00e9 s k\u00f4stkami 100% NFC 200 kg \u2013 Sud","description":"Jahodov\u00e9 pyr\u00e9 so semienkami, NFC, pasterizovan\u00e9. 200 kg sud na n\u00e1plne, zmrzlinu, sorbety, mlie\u010dne v\u00fdrobky a dezerty. Prirodzen\u00e1 text\u00fara. Dod\u00e1va sa na palete.","robots":{"index":"index","follow":"follow","max-snippet":"max-snippet:-1","max-image-preview":"max-image-preview:large","max-video-preview":"max-video-preview:-1"},"canonical":"https:\/\/nfcjuices.com\/sk\/produkt\/jahodove-pyre-so-semienkami-200-kg-2\/","og_locale":"sk_SK","og_type":"article","og_title":"Przecier Truskawka z pestk\u0105 100% NFC 200 kg \u2013 Beczka","og_description":"Przecier truskawkowy z pestk\u0105, NFC, pasteryzowany. Beczka 200 kg do nadzienia, lod\u00f3w, sorbet\u00f3w, nabia\u0142u i deser\u00f3w. Naturalna tekstura. Wysy\u0142ka na palecie","og_url":"https:\/\/nfcjuices.com\/sk\/produkt\/jahodove-pyre-so-semienkami-200-kg-2\/","og_site_name":"nfc-juices","article_modified_time":"2026-04-14T12:10:52+00:00","og_image":[{"width":1920,"height":1920,"url":"https:\/\/nfcjuices.com\/wp-content\/uploads\/2025\/07\/Czerwona-beczka-1-1-1.webp","type":"image\/webp"}],"twitter_card":"summary_large_image","twitter_misc":{"Predpokladan\u00fd \u010das \u010d\u00edtania":"1 min\u00fata"},"schema":{"@context":"https:\/\/schema.org","@graph":[{"@type":"WebPage","@id":"https:\/\/nfcjuices.com\/produkt\/przecier-truskawka-z-pestka-200kg\/","url":"https:\/\/nfcjuices.com\/produkt\/przecier-truskawka-z-pestka-200kg\/","name":"Jahodov\u00e9 pyr\u00e9 s k\u00f4stkami 100% NFC 200 kg \u2013 Sud","isPartOf":{"@id":"https:\/\/nfcjuices.com\/#website"},"primaryImageOfPage":{"@id":"https:\/\/nfcjuices.com\/produkt\/przecier-truskawka-z-pestka-200kg\/#primaryimage"},"image":{"@id":"https:\/\/nfcjuices.com\/produkt\/przecier-truskawka-z-pestka-200kg\/#primaryimage"},"thumbnailUrl":"https:\/\/nfcjuices.com\/wp-content\/uploads\/2025\/07\/Czerwona-beczka-1-1-1.webp","datePublished":"2026-04-13T13:35:58+00:00","dateModified":"2026-04-14T12:10:52+00:00","description":"Jahodov\u00e9 pyr\u00e9 so semienkami, NFC, pasterizovan\u00e9. 200 kg sud na n\u00e1plne, zmrzlinu, sorbety, mlie\u010dne v\u00fdrobky a dezerty. Prirodzen\u00e1 text\u00fara. Dod\u00e1va sa na palete.","breadcrumb":{"@id":"https:\/\/nfcjuices.com\/produkt\/przecier-truskawka-z-pestka-200kg\/#breadcrumb"},"inLanguage":"sk-SK","potentialAction":[{"@type":"ReadAction","target":["https:\/\/nfcjuices.com\/produkt\/przecier-truskawka-z-pestka-200kg\/"]}]},{"@type":"ImageObject","inLanguage":"sk-SK","@id":"https:\/\/nfcjuices.com\/produkt\/przecier-truskawka-z-pestka-200kg\/#primaryimage","url":"https:\/\/nfcjuices.com\/wp-content\/uploads\/2025\/07\/Czerwona-beczka-1-1-1.webp","contentUrl":"https:\/\/nfcjuices.com\/wp-content\/uploads\/2025\/07\/Czerwona-beczka-1-1-1.webp","width":1920,"height":1920},{"@type":"BreadcrumbList","@id":"https:\/\/nfcjuices.com\/produkt\/przecier-truskawka-z-pestka-200kg\/#breadcrumb","itemListElement":[{"@type":"ListItem","position":1,"name":"Strona g\u0142\u00f3wna","item":"https:\/\/nfcjuices.com\/"},{"@type":"ListItem","position":2,"name":"Nasze produkty","item":"https:\/\/nfcjuices.com\/sv\/vara-produkter\/"},{"@type":"ListItem","position":3,"name":"Przecier Truskawka z pestk\u0105 200kg"}]},{"@type":"WebSite","@id":"https:\/\/nfcjuices.com\/#website","url":"https:\/\/nfcjuices.com\/","name":"nfc \u0161\u0165avy","description":"\u0160\u0165avy, pyr\u00e9, NFC peny v sudoch","publisher":{"@id":"https:\/\/nfcjuices.com\/#organization"},"potentialAction":[{"@type":"SearchAction","target":{"@type":"EntryPoint","urlTemplate":"https:\/\/nfcjuices.com\/?s={search_term_string}"},"query-input":{"@type":"PropertyValueSpecification","valueRequired":true,"valueName":"search_term_string"}}],"inLanguage":"sk-SK"},{"@type":"Organization","@id":"https:\/\/nfcjuices.com\/#organization","name":"Na\u0161a lisov\u0148a","url":"https:\/\/nfcjuices.com\/","logo":{"@type":"ImageObject","inLanguage":"sk-SK","@id":"https:\/\/nfcjuices.com\/#\/schema\/logo\/image\/","url":"https:\/\/nfcjuices.com\/wp-content\/uploads\/2025\/05\/cropped-B2b-1.png","contentUrl":"https:\/\/nfcjuices.com\/wp-content\/uploads\/2025\/05\/cropped-B2b-1.png","width":1199,"height":999,"caption":"Nasza T\u0142ocznia"},"image":{"@id":"https:\/\/nfcjuices.com\/#\/schema\/logo\/image\/"}}]}},"_links":{"self":[{"href":"https:\/\/nfcjuices.com\/sk\/wp-json\/wp\/v2\/product\/1479","targetHints":{"allow":["GET"]}}],"collection":[{"href":"https:\/\/nfcjuices.com\/sk\/wp-json\/wp\/v2\/product"}],"about":[{"href":"https:\/\/nfcjuices.com\/sk\/wp-json\/wp\/v2\/types\/product"}],"replies":[{"embeddable":true,"href":"https:\/\/nfcjuices.com\/sk\/wp-json\/wp\/v2\/comments?post=1479"}],"wp:featuredmedia":[{"embeddable":true,"href":"https:\/\/nfcjuices.com\/sk\/wp-json\/wp\/v2\/media\/1233"}],"wp:attachment":[{"href":"https:\/\/nfcjuices.com\/sk\/wp-json\/wp\/v2\/media?parent=1479"}],"wp:term":[{"taxonomy":"product_brand","embeddable":true,"href":"https:\/\/nfcjuices.com\/sk\/wp-json\/wp\/v2\/product_brand?post=1479"},{"taxonomy":"product_cat","embeddable":true,"href":"https:\/\/nfcjuices.com\/sk\/wp-json\/wp\/v2\/product_cat?post=1479"},{"taxonomy":"product_tag","embeddable":true,"href":"https:\/\/nfcjuices.com\/sk\/wp-json\/wp\/v2\/product_tag?post=1479"}],"curies":[{"name":"pracovn\u00fd list","href":"https:\/\/api.w.org\/{rel}","templated":true}]}}