{"id":1269,"date":"2025-09-29T09:35:45","date_gmt":"2025-09-29T07:35:45","guid":{"rendered":"https:\/\/nfcjuices.com\/produkt\/przecier-biala-porzeczka-200kg\/"},"modified":"2026-04-15T11:21:42","modified_gmt":"2026-04-15T09:21:42","slug":"biele-ribezle-200-kg","status":"publish","type":"product","link":"https:\/\/nfcjuices.com\/sk\/produkt\/biala-porzeczka-200kg\/","title":{"rendered":"Pyr\u00e9 z bielych r\u00edbezl\u00ed 200 kg"},"content":{"rendered":"<h2><b>Przecier 100% Bia\u0142a Porzeczka \u2013 beczka 200 kg (NFC)<\/b><\/h2>\n<p><span style=\"font-weight: 400\">Przecier z bia\u0142ej porzeczki 100%, produkt pasteryzowany. Pakowany w beczk\u0119 metalow\u0105 200 kg z workiem aseptycznym metalizowanym i zaworem do jednorazowego u\u017cycia. G\u0142adka, jednorodna struktura <\/span><span style=\"font-weight: 400\">[z drobnym mi\u0105\u017cszem].<\/span><span style=\"font-weight: 400\"> Dost\u0119pno\u015b\u0107 ca\u0142oroczna, powtarzalny profil smakowy; surowiec pierwszej klasy, r\u0119czna selekcja.<\/span><\/p>\n<h3><span style=\"font-weight: 400\">Parametry<\/span><\/h3>\n<ul>\n<li style=\"font-weight: 400\"><span style=\"font-weight: 400\">Brix: min. 11,2\u00b0<\/span><\/li>\n<li style=\"font-weight: 400\"><span style=\"font-weight: 400\">Warto\u015bci od\u017cywcze w 100 g:<\/span>\n<ul>\n<li style=\"font-weight: 400\"><span style=\"font-weight: 400\">energia:\u00a0 45 kcal<\/span><\/li>\n<li style=\"font-weight: 400\"><span style=\"font-weight: 400\">t\u0142uszcz: &lt;0,1g<\/span><\/li>\n<li style=\"font-weight: 400\"><span style=\"font-weight: 400\">w\u0119glowodany: 10,8g<\/span> <span style=\"font-weight: 400\"> (w tym cukry 7g)<\/span><\/li>\n<li style=\"font-weight: 400\"><span style=\"font-weight: 400\">bia\u0142ko: &lt;0,2g<\/span><\/li>\n<li style=\"font-weight: 400\"><span style=\"font-weight: 400\">s\u00f3l: 0g<\/span><\/li>\n<\/ul>\n<\/li>\n<li style=\"font-weight: 400\"><span style=\"font-weight: 400\">MPT: 12 miesi\u0119cy od daty produkcji (przy zalecanych warunkach). Data minimalnej trwa\u0142o\u015bci 6 miesi\u0119cy.<\/span><\/li>\n<li style=\"font-weight: 400\"><span style=\"font-weight: 400\">Warunki sk\u0142adowania: produkt przechowywa\u0107 w magazynie zamkni\u0119tym, suchym, czystym, przewiewnym, bez obcych zapach\u00f3w. Temperatura przechowywania 0\u20136 \u00b0C. Po otwarciu zu\u017cy\u0107 ca\u0142\u0105 zawarto\u015b\u0107.<\/span><\/li>\n<\/ul>\n<h2><span style=\"font-weight: 400\">Zastosowanie przecieru z bia\u0142ej porzeczki w przetw\u00f3rstwie<\/span><\/h2>\n<ul>\n<li style=\"font-weight: 400\"><span style=\"font-weight: 400\">napoje i lemoniady premium, smoothie, koktajle funkcjonalne<\/span><\/li>\n<li style=\"font-weight: 400\"><span style=\"font-weight: 400\">lody, sorbety, musy i kremy cukiernicze<\/span><\/li>\n<li style=\"font-weight: 400\"><span style=\"font-weight: 400\">wsady i polewy cukiernicze, konfitury premium<\/span><\/li>\n<li style=\"font-weight: 400\"><span style=\"font-weight: 400\">sosy owocowe i glazury do da\u0144 wytrawnych<\/span><\/li>\n<li style=\"font-weight: 400\"><span style=\"font-weight: 400\">piwa rzemie\u015blnicze fruit ale oraz sour; delikatny, kwaskowy profil<\/span><\/li>\n<\/ul>\n","protected":false},"excerpt":{"rendered":"<p>Przecier 100% Bia\u0142a Porzeczka \u2013 beczka 200 kg (NFC) Przecier z bia\u0142ej porzeczki 100%, produkt pasteryzowany. Pakowany w beczk\u0119 metalow\u0105 200 kg z workiem aseptycznym metalizowanym i zaworem do jednorazowego u\u017cycia. G\u0142adka, jednorodna struktura [z drobnym mi\u0105\u017cszem]. Dost\u0119pno\u015b\u0107 ca\u0142oroczna, powtarzalny profil smakowy; surowiec pierwszej klasy, r\u0119czna selekcja. Parametry Brix: min. 11,2\u00b0 Warto\u015bci od\u017cywcze w 100 [&hellip;]<\/p>\n","protected":false},"featured_media":1282,"comment_status":"open","ping_status":"closed","template":"","meta":[],"product_brand":[],"product_cat":[56],"product_tag":[],"class_list":{"0":"post-1269","1":"product","2":"type-product","3":"status-publish","4":"has-post-thumbnail","6":"product_cat-przeciery","7":"pa_pojemnosc-200kg","9":"first","10":"instock","11":"taxable","12":"shipping-taxable","13":"purchasable","14":"product-type-simple"},"yoast_head":"<!-- This site is optimized with the Yoast SEO plugin v24.9 - https:\/\/yoast.com\/wordpress\/plugins\/seo\/ -->\n<title>Przecier z bia\u0142ej porzeczki 100% - beczka 200 kg | NFC Juices<\/title>\n<meta name=\"description\" content=\"Naturalny przecier z bia\u0142ej porzeczki 100% w beczce 200 kg. Pasteryzowany, bez dodatk\u00f3w. Idealny do napoj\u00f3w, deser\u00f3w i wsad\u00f3w. Dostawa paletowa\" \/>\n<meta name=\"robots\" content=\"index, follow, max-snippet:-1, max-image-preview:large, max-video-preview:-1\" \/>\n<link rel=\"canonical\" href=\"https:\/\/nfcjuices.com\/sk\/produkt\/biele-ribezle-200-kg\/\" \/>\n<meta property=\"og:locale\" content=\"sk_SK\" \/>\n<meta property=\"og:type\" content=\"article\" \/>\n<meta property=\"og:title\" content=\"Przecier z bia\u0142ej porzeczki 100% - beczka 200 kg | NFC Juices\" \/>\n<meta property=\"og:description\" content=\"Naturalny przecier z bia\u0142ej porzeczki 100% w beczce 200 kg. Pasteryzowany, bez dodatk\u00f3w. Idealny do napoj\u00f3w, deser\u00f3w i wsad\u00f3w. Dostawa paletowa\" \/>\n<meta property=\"og:url\" content=\"https:\/\/nfcjuices.com\/sk\/produkt\/biele-ribezle-200-kg\/\" \/>\n<meta property=\"og:site_name\" content=\"nfc-juices\" \/>\n<meta property=\"article:modified_time\" content=\"2026-04-15T09:21:42+00:00\" \/>\n<meta property=\"og:image\" content=\"https:\/\/nfcjuices.com\/wp-content\/uploads\/2025\/10\/Czerwona-beczka-1-1-1024x1024.png\" \/>\n\t<meta property=\"og:image:width\" content=\"1024\" \/>\n\t<meta property=\"og:image:height\" content=\"1024\" \/>\n\t<meta property=\"og:image:type\" content=\"image\/png\" \/>\n<meta name=\"twitter:card\" content=\"summary_large_image\" \/>\n<meta name=\"twitter:label1\" content=\"Predpokladan\u00fd \u010das \u010d\u00edtania\" \/>\n\t<meta name=\"twitter:data1\" content=\"2 min\u00faty\" \/>\n<script type=\"application\/ld+json\" class=\"yoast-schema-graph\">{\"@context\":\"https:\/\/schema.org\",\"@graph\":[{\"@type\":\"WebPage\",\"@id\":\"https:\/\/nfcjuices.com\/produkt\/biala-porzeczka-200kg\/\",\"url\":\"https:\/\/nfcjuices.com\/produkt\/biala-porzeczka-200kg\/\",\"name\":\"Przecier z bia\u0142ej porzeczki 100% - beczka 200 kg | NFC Juices\",\"isPartOf\":{\"@id\":\"https:\/\/nfcjuices.com\/#website\"},\"primaryImageOfPage\":{\"@id\":\"https:\/\/nfcjuices.com\/produkt\/biala-porzeczka-200kg\/#primaryimage\"},\"image\":{\"@id\":\"https:\/\/nfcjuices.com\/produkt\/biala-porzeczka-200kg\/#primaryimage\"},\"thumbnailUrl\":\"https:\/\/nfcjuices.com\/wp-content\/uploads\/2025\/10\/Czerwona-beczka-1-1.png\",\"datePublished\":\"2025-09-29T07:35:45+00:00\",\"dateModified\":\"2026-04-15T09:21:42+00:00\",\"description\":\"Naturalny przecier z bia\u0142ej porzeczki 100% w beczce 200 kg. Pasteryzowany, bez dodatk\u00f3w. Idealny do napoj\u00f3w, deser\u00f3w i wsad\u00f3w. Dostawa paletowa\",\"breadcrumb\":{\"@id\":\"https:\/\/nfcjuices.com\/produkt\/biala-porzeczka-200kg\/#breadcrumb\"},\"inLanguage\":\"sk-SK\",\"potentialAction\":[{\"@type\":\"ReadAction\",\"target\":[\"https:\/\/nfcjuices.com\/produkt\/biala-porzeczka-200kg\/\"]}]},{\"@type\":\"ImageObject\",\"inLanguage\":\"sk-SK\",\"@id\":\"https:\/\/nfcjuices.com\/produkt\/biala-porzeczka-200kg\/#primaryimage\",\"url\":\"https:\/\/nfcjuices.com\/wp-content\/uploads\/2025\/10\/Czerwona-beczka-1-1.png\",\"contentUrl\":\"https:\/\/nfcjuices.com\/wp-content\/uploads\/2025\/10\/Czerwona-beczka-1-1.png\",\"width\":1980,\"height\":1980},{\"@type\":\"BreadcrumbList\",\"@id\":\"https:\/\/nfcjuices.com\/produkt\/biala-porzeczka-200kg\/#breadcrumb\",\"itemListElement\":[{\"@type\":\"ListItem\",\"position\":1,\"name\":\"Strona g\u0142\u00f3wna\",\"item\":\"https:\/\/nfcjuices.com\/\"},{\"@type\":\"ListItem\",\"position\":2,\"name\":\"Nasze produkty\",\"item\":\"https:\/\/nfcjuices.com\/sv\/vara-produkter\/\"},{\"@type\":\"ListItem\",\"position\":3,\"name\":\"Przecier Bia\u0142a Porzeczka 200kg\"}]},{\"@type\":\"WebSite\",\"@id\":\"https:\/\/nfcjuices.com\/#website\",\"url\":\"https:\/\/nfcjuices.com\/\",\"name\":\"nfc-juices\",\"description\":\"Soki, przeciery, musy NFC w beczkach\",\"publisher\":{\"@id\":\"https:\/\/nfcjuices.com\/#organization\"},\"potentialAction\":[{\"@type\":\"SearchAction\",\"target\":{\"@type\":\"EntryPoint\",\"urlTemplate\":\"https:\/\/nfcjuices.com\/?s={search_term_string}\"},\"query-input\":{\"@type\":\"PropertyValueSpecification\",\"valueRequired\":true,\"valueName\":\"search_term_string\"}}],\"inLanguage\":\"sk-SK\"},{\"@type\":\"Organization\",\"@id\":\"https:\/\/nfcjuices.com\/#organization\",\"name\":\"Nasza T\u0142ocznia\",\"url\":\"https:\/\/nfcjuices.com\/\",\"logo\":{\"@type\":\"ImageObject\",\"inLanguage\":\"sk-SK\",\"@id\":\"https:\/\/nfcjuices.com\/#\/schema\/logo\/image\/\",\"url\":\"https:\/\/nfcjuices.com\/wp-content\/uploads\/2025\/05\/cropped-B2b-1.png\",\"contentUrl\":\"https:\/\/nfcjuices.com\/wp-content\/uploads\/2025\/05\/cropped-B2b-1.png\",\"width\":1199,\"height\":999,\"caption\":\"Nasza T\u0142ocznia\"},\"image\":{\"@id\":\"https:\/\/nfcjuices.com\/#\/schema\/logo\/image\/\"}}]}<\/script>\n<!-- \/ Yoast SEO plugin. -->","yoast_head_json":{"title":"Pyr\u00e9 z bielych r\u00edbezl\u00ed 100% - 200 kg sud | NFC Juices","description":"Pr\u00edrodn\u00e9 pyr\u00e9 z bielych r\u00edbezl\u00ed 100% v 200 kg sude. Pasterizovan\u00e9, bez pr\u00edsad. Ide\u00e1lne do n\u00e1pojov, dezertov a woku. Doprava na palet\u00e1ch.","robots":{"index":"index","follow":"follow","max-snippet":"max-snippet:-1","max-image-preview":"max-image-preview:large","max-video-preview":"max-video-preview:-1"},"canonical":"https:\/\/nfcjuices.com\/sk\/produkt\/biele-ribezle-200-kg\/","og_locale":"sk_SK","og_type":"article","og_title":"Przecier z bia\u0142ej porzeczki 100% - beczka 200 kg | NFC Juices","og_description":"Naturalny przecier z bia\u0142ej porzeczki 100% w beczce 200 kg. Pasteryzowany, bez dodatk\u00f3w. Idealny do napoj\u00f3w, deser\u00f3w i wsad\u00f3w. Dostawa paletowa","og_url":"https:\/\/nfcjuices.com\/sk\/produkt\/biele-ribezle-200-kg\/","og_site_name":"nfc-juices","article_modified_time":"2026-04-15T09:21:42+00:00","og_image":[{"width":1024,"height":1024,"url":"https:\/\/nfcjuices.com\/wp-content\/uploads\/2025\/10\/Czerwona-beczka-1-1-1024x1024.png","type":"image\/png"}],"twitter_card":"summary_large_image","twitter_misc":{"Predpokladan\u00fd \u010das \u010d\u00edtania":"2 min\u00faty"},"schema":{"@context":"https:\/\/schema.org","@graph":[{"@type":"WebPage","@id":"https:\/\/nfcjuices.com\/produkt\/biala-porzeczka-200kg\/","url":"https:\/\/nfcjuices.com\/produkt\/biala-porzeczka-200kg\/","name":"Pyr\u00e9 z bielych r\u00edbezl\u00ed 100% - 200 kg sud | NFC Juices","isPartOf":{"@id":"https:\/\/nfcjuices.com\/#website"},"primaryImageOfPage":{"@id":"https:\/\/nfcjuices.com\/produkt\/biala-porzeczka-200kg\/#primaryimage"},"image":{"@id":"https:\/\/nfcjuices.com\/produkt\/biala-porzeczka-200kg\/#primaryimage"},"thumbnailUrl":"https:\/\/nfcjuices.com\/wp-content\/uploads\/2025\/10\/Czerwona-beczka-1-1.png","datePublished":"2025-09-29T07:35:45+00:00","dateModified":"2026-04-15T09:21:42+00:00","description":"Pr\u00edrodn\u00e9 pyr\u00e9 z bielych r\u00edbezl\u00ed 100% v 200 kg sude. Pasterizovan\u00e9, bez pr\u00edsad. Ide\u00e1lne do n\u00e1pojov, dezertov a woku. Doprava na palet\u00e1ch.","breadcrumb":{"@id":"https:\/\/nfcjuices.com\/produkt\/biala-porzeczka-200kg\/#breadcrumb"},"inLanguage":"sk-SK","potentialAction":[{"@type":"ReadAction","target":["https:\/\/nfcjuices.com\/produkt\/biala-porzeczka-200kg\/"]}]},{"@type":"ImageObject","inLanguage":"sk-SK","@id":"https:\/\/nfcjuices.com\/produkt\/biala-porzeczka-200kg\/#primaryimage","url":"https:\/\/nfcjuices.com\/wp-content\/uploads\/2025\/10\/Czerwona-beczka-1-1.png","contentUrl":"https:\/\/nfcjuices.com\/wp-content\/uploads\/2025\/10\/Czerwona-beczka-1-1.png","width":1980,"height":1980},{"@type":"BreadcrumbList","@id":"https:\/\/nfcjuices.com\/produkt\/biala-porzeczka-200kg\/#breadcrumb","itemListElement":[{"@type":"ListItem","position":1,"name":"Strona g\u0142\u00f3wna","item":"https:\/\/nfcjuices.com\/"},{"@type":"ListItem","position":2,"name":"Nasze produkty","item":"https:\/\/nfcjuices.com\/sv\/vara-produkter\/"},{"@type":"ListItem","position":3,"name":"Przecier Bia\u0142a Porzeczka 200kg"}]},{"@type":"WebSite","@id":"https:\/\/nfcjuices.com\/#website","url":"https:\/\/nfcjuices.com\/","name":"nfc \u0161\u0165avy","description":"\u0160\u0165avy, pyr\u00e9, NFC peny v sudoch","publisher":{"@id":"https:\/\/nfcjuices.com\/#organization"},"potentialAction":[{"@type":"SearchAction","target":{"@type":"EntryPoint","urlTemplate":"https:\/\/nfcjuices.com\/?s={search_term_string}"},"query-input":{"@type":"PropertyValueSpecification","valueRequired":true,"valueName":"search_term_string"}}],"inLanguage":"sk-SK"},{"@type":"Organization","@id":"https:\/\/nfcjuices.com\/#organization","name":"Na\u0161a lisov\u0148a","url":"https:\/\/nfcjuices.com\/","logo":{"@type":"ImageObject","inLanguage":"sk-SK","@id":"https:\/\/nfcjuices.com\/#\/schema\/logo\/image\/","url":"https:\/\/nfcjuices.com\/wp-content\/uploads\/2025\/05\/cropped-B2b-1.png","contentUrl":"https:\/\/nfcjuices.com\/wp-content\/uploads\/2025\/05\/cropped-B2b-1.png","width":1199,"height":999,"caption":"Nasza T\u0142ocznia"},"image":{"@id":"https:\/\/nfcjuices.com\/#\/schema\/logo\/image\/"}}]}},"_links":{"self":[{"href":"https:\/\/nfcjuices.com\/sk\/wp-json\/wp\/v2\/product\/1269","targetHints":{"allow":["GET"]}}],"collection":[{"href":"https:\/\/nfcjuices.com\/sk\/wp-json\/wp\/v2\/product"}],"about":[{"href":"https:\/\/nfcjuices.com\/sk\/wp-json\/wp\/v2\/types\/product"}],"replies":[{"embeddable":true,"href":"https:\/\/nfcjuices.com\/sk\/wp-json\/wp\/v2\/comments?post=1269"}],"wp:featuredmedia":[{"embeddable":true,"href":"https:\/\/nfcjuices.com\/sk\/wp-json\/wp\/v2\/media\/1282"}],"wp:attachment":[{"href":"https:\/\/nfcjuices.com\/sk\/wp-json\/wp\/v2\/media?parent=1269"}],"wp:term":[{"taxonomy":"product_brand","embeddable":true,"href":"https:\/\/nfcjuices.com\/sk\/wp-json\/wp\/v2\/product_brand?post=1269"},{"taxonomy":"product_cat","embeddable":true,"href":"https:\/\/nfcjuices.com\/sk\/wp-json\/wp\/v2\/product_cat?post=1269"},{"taxonomy":"product_tag","embeddable":true,"href":"https:\/\/nfcjuices.com\/sk\/wp-json\/wp\/v2\/product_tag?post=1269"}],"curies":[{"name":"pracovn\u00fd list","href":"https:\/\/api.w.org\/{rel}","templated":true}]}}