{"id":33,"date":"2025-04-15T11:38:29","date_gmt":"2025-04-15T09:38:29","guid":{"rendered":"https:\/\/nfcjuices.com\/?page_id=33"},"modified":"2025-04-15T11:38:30","modified_gmt":"2025-04-15T09:38:30","slug":"navraty","status":"publish","type":"page","link":"https:\/\/nfcjuices.com\/sk\/zwroty\/","title":{"rendered":"Vr\u00e1tenie tovaru, reklam\u00e1cie"},"content":{"rendered":"<p>D\u00e1my a p\u00e1ni,<\/p>\n\n\n\n<p>Ak Produkt zak\u00fapen\u00fd v internetovom obchode Nasza T\u0142ocznia nesp\u013a\u0148a va\u0161e o\u010dak\u00e1vania alebo existuj\u00fa d\u00f4vody na reklam\u00e1ciu, je mo\u017en\u00e9 Produkt v stanovenej lehote vr\u00e1ti\u0165 alebo reklamova\u0165. Pravidl\u00e1 pre vr\u00e1tenie tovaru, ktor\u00e9 je z\u00e1rove\u0148 odst\u00fapen\u00edm od uzavretej Zmluvy a reklam\u00e1ci\u00ed, s\u00fa upraven\u00e9 a \u0161pecifikovan\u00e9 v Obchodn\u00fdch podmienkach Internetov\u00e9ho obchodu - body 10 a 11.<\/p>\n\n\n\n<p><strong>\u00a710&nbsp;<\/strong>Pr\u00e1vo na odst\u00fapenie od Zmluvy<\/p>\n\n\n\n<ol class=\"wp-block-list\">\n<li>Z\u00e1kazn\u00edk (spotrebite\u013e a podnikate\u013e so spotrebite\u013esk\u00fdmi pr\u00e1vami) m\u00f4\u017ee od zmluvy odst\u00fapi\u0165 do 14 dn\u00ed bez udania d\u00f4vodu.<\/li>\n\n\n\n<li>Lehota uveden\u00e1 v bode 1 za\u010d\u00edna plyn\u00fa\u0165 odo d\u0148a dodania Produktu Z\u00e1kazn\u00edkovi.<\/li>\n\n\n\n<li>V pr\u00edpade Zmluvy, ktor\u00e1 sa vz\u0165ahuje na viacero Produktov, ktor\u00e9 s\u00fa dod\u00e1van\u00e9 samostatne, v d\u00e1vkach alebo po \u010dastiach, lehota uveden\u00e1 v bode 1 za\u010d\u00edna plyn\u00fa\u0165 od dodania poslednej polo\u017eky, d\u00e1vky alebo \u010dasti.<\/li>\n\n\n\n<li>Z\u00e1kazn\u00edk m\u00f4\u017ee odst\u00fapi\u0165 od Zmluvy predlo\u017een\u00edm vyplnen\u00e9ho a podp\u00edsan\u00e9ho vyhl\u00e1senia o odst\u00fapen\u00ed od Zmluvy Pred\u00e1vaj\u00facemu (Formul\u00e1r na vr\u00e1tenie tovaru si m\u00f4\u017eete stiahnu\u0165 ni\u017e\u0161ie). Na dodr\u017eanie lehoty na odst\u00fapenie od Zmluvy sta\u010d\u00ed, ak Spotrebite\u013e za\u0161le vyhl\u00e1senie pred uplynut\u00edm tejto lehoty.<\/li>\n\n\n\n<li>Vyhl\u00e1senie je mo\u017en\u00e9 zasla\u0165 tradi\u010dnou po\u0161tou alebo elektronicky. Malo by obsahova\u0165 \u00fadaje o z\u00e1kazn\u00edkovi, \u010d\u00edslo objedn\u00e1vky, \u010d\u00edslo predajn\u00e9ho dokladu, ozna\u010denie vr\u00e1ten\u00e9ho produktu a volite\u013ene d\u00f4vod vr\u00e1tenia.<\/li>\n\n\n\n<li>Vr\u00e1ten\u00fd produkt mus\u00ed by\u0165 doru\u010den\u00fd Pred\u00e1vaj\u00facemu&nbsp;<strong>v bezchybnom stave<\/strong>, nejav\u00ed \u017eiadne zn\u00e1mky pou\u017e\u00edvania&nbsp;<strong>spolu s potvrden\u00edm o k\u00fape<\/strong>&nbsp;\u2013 vyplnen\u00fd a podp\u00edsan\u00fd doklad alebo fakt\u00fara s DPH&nbsp;<strong>formul\u00e1r na vr\u00e1tenie tovaru<\/strong>. Vr\u00e1tenie tovaru bez dokladu o predaji alebo formul\u00e1ra na vr\u00e1tenie tovaru nebude spracovan\u00e9.<\/li>\n\n\n\n<li>N\u00e1klady na doru\u010denie vr\u00e1ten\u00e9ho Produktu Pred\u00e1vaj\u00facemu hrad\u00ed Z\u00e1kazn\u00edk.<\/li>\n\n\n\n<li>Bal\u00edky platen\u00e9 na dobierku nebud\u00fa akceptovan\u00e9.<\/li>\n\n\n\n<li>Pred\u00e1vaj\u00faci vr\u00e1ti platbu rovnak\u00fdmi sp\u00f4sobmi platby, ak\u00e9 pou\u017eil Z\u00e1kazn\u00edk pri p\u00f4vodnej transakcii, pokia\u013e Z\u00e1kazn\u00edk v\u00fdslovne nes\u00fahlasil s in\u00fdm rie\u0161en\u00edm, ktor\u00e9 pre neho nebude predstavova\u0165 \u017eiadne n\u00e1klady.<\/li>\n\n\n\n<li>Pred\u00e1vaj\u00faci vr\u00e1ti platbu do 14 dn\u00ed od potvrdenia vr\u00e1tenia tovaru, t. j. produkt nenesie \u017eiadne zn\u00e1mky pou\u017e\u00edvania a vr\u00e1ten\u00fd tovar obsahuje v\u0161etky po\u017eadovan\u00e9 dokumenty uveden\u00e9 v bode 6 tohto odseku.<\/li>\n<\/ol>\n\n\n\n<p><strong>\u00a711&nbsp;<\/strong>S\u0165a\u017enos\u0165<\/p>\n\n\n\n<ol class=\"wp-block-list\">\n<li>Pred\u00e1vaj\u00faci je zodpovedn\u00fd za spr\u00e1vnu kvalitu pred\u00e1van\u00fdch Produktov.<\/li>\n\n\n\n<li>Ak\u00e9ko\u013evek reklam\u00e1cie je mo\u017en\u00e9 poda\u0165 najnesk\u00f4r do 14 dn\u00ed od okamihu, ke\u010f si Z\u00e1kazn\u00edk v\u0161imne ak\u00e9ko\u013evek nezrovnalosti t\u00fdkaj\u00face sa Objedn\u00e1vky alebo Produktu.<\/li>\n\n\n\n<li>Z\u00e1kazn\u00edk (spotrebite\u013e a podnikate\u013e so spotrebite\u013esk\u00fdmi pr\u00e1vami) m\u00f4\u017ee poda\u0165 reklam\u00e1ciu podan\u00edm reklama\u010dn\u00e9ho formul\u00e1ra (Formul\u00e1r na reklam\u00e1ciu produktu je k dispoz\u00edcii na stiahnutie ni\u017e\u0161ie).<\/li>\n\n\n\n<li>Vyhl\u00e1senie o s\u0165a\u017enosti je mo\u017en\u00e9 poda\u0165 tradi\u010dnou po\u0161tou alebo elektronicky.<\/li>\n\n\n\n<li>Reklamovan\u00fd produkt by mal by\u0165 doru\u010den\u00fd spolu s potvrden\u00edm o k\u00fape a vyplnen\u00fdm a podp\u00edsan\u00fdm reklama\u010dn\u00fdm formul\u00e1rom. <\/li>\n\n\n\n<li>N\u00e1klady na vr\u00e1tenie reklamovan\u00e9ho Produktu hrad\u00ed Pred\u00e1vaj\u00faci zaslan\u00edm prepravn\u00e9ho \u0161t\u00edtku Z\u00e1kazn\u00edkovi.<\/li>\n\n\n\n<li>Bal\u00edky platen\u00e9 na dobierku nebud\u00fa akceptovan\u00e9.<\/li>\n\n\n\n<li>Reklam\u00e1cie bude pred\u00e1vaj\u00facim pos\u00faden\u00e9 do 14 dn\u00ed od doru\u010denia tovaru.<\/li>\n<\/ol>\n\n\n\n<div data-wp-interactive=\"core\/file\" class=\"wp-block-file\"><object data-wp-bind--hidden=\"!state.hasPdfPreview\" hidden class=\"wp-block-file__embed\" data=\"https:\/\/naszatlocznia.pl\/wp-content\/uploads\/2023\/01\/Nasza-Tlocznia-Formularz-zwrotu-towaru-1.pdf\" type=\"application\/pdf\" style=\"width:100%;height:600px\" aria-label=\"Vlo\u017ei\u0165 Nasza-Tlocznia-Formularz-zwrotu-towaru-1.\"><\/object><a id=\"wp-block-file--media-3de63507-db4c-4865-9d84-4e3c7b0a9994\" href=\"https:\/\/naszatlocznia.pl\/wp-content\/uploads\/2023\/01\/Nasza-Tlocznia-Formularz-zwrotu-towaru-1.pdf\">N\u00e1\u0161 formul\u00e1r na vr\u00e1tenie tovaru P\u0142ocznia 1<\/a><a href=\"https:\/\/naszatlocznia.pl\/wp-content\/uploads\/2023\/01\/Nasza-Tlocznia-Formularz-zwrotu-towaru-1.pdf\" class=\"wp-block-file__button wp-element-button\" download aria-describedby=\"wp-block-file--media-3de63507-db4c-4865-9d84-4e3c7b0a9994\">Stiahnu\u0165<\/a><\/div>\n\n\n\n<div data-wp-interactive=\"core\/file\" class=\"wp-block-file\"><object data-wp-bind--hidden=\"!state.hasPdfPreview\" hidden class=\"wp-block-file__embed\" data=\"https:\/\/naszatlocznia.pl\/wp-content\/uploads\/2023\/01\/Nasza-Tlocznia-Formularz-reklamacji-towaru-1.pdf\" type=\"application\/pdf\" style=\"width:100%;height:600px\" aria-label=\"Vlo\u017ei\u0165 Nasza-Tlocznia-Formularz-reklamacji-towaru-1.\"><\/object><a id=\"wp-block-file--media-609b336b-8a62-4671-a006-68f4eca3a8cf\" href=\"https:\/\/naszatlocznia.pl\/wp-content\/uploads\/2023\/01\/Nasza-Tlocznia-Formularz-reklamacji-towaru-1.pdf\">Nasza-P\u0142ocznia-Formul\u00e1r-s\u0165a\u017enosti-1 produktu<\/a><a href=\"https:\/\/naszatlocznia.pl\/wp-content\/uploads\/2023\/01\/Nasza-Tlocznia-Formularz-reklamacji-towaru-1.pdf\" class=\"wp-block-file__button wp-element-button\" download aria-describedby=\"wp-block-file--media-609b336b-8a62-4671-a006-68f4eca3a8cf\">Stiahnu\u0165<\/a><\/div>","protected":false},"excerpt":{"rendered":"<p>Szanowni Pa\u0144stwo, Je\u015bli Produkt zakupiony w&nbsp;Sklepie internetowym Nasza T\u0142ocznia nie spe\u0142nia Pa\u0144stwa oczekiwa\u0144 lub wyst\u0119puj\u0105 podstawy do jego reklamacji, mo\u017cliwy jest zwrot lub reklamacja Produktu w&nbsp;okre\u015blonym terminie. Zasady dokonywania zwrot\u00f3w, b\u0119d\u0105cych jednocze\u015bnie odst\u0105pieniem od zawartej Umowy oraz reklamacji, reguluje i&nbsp;okre\u015bla Regulamin Sklepu internetowego \u2013 paragrafy 10 i&nbsp;11. \u00a710&nbsp;Prawo odst\u0105pienia od Umowy \u00a711&nbsp;Reklamacja<\/p>","protected":false},"author":1,"featured_media":0,"parent":0,"menu_order":0,"comment_status":"closed","ping_status":"closed","template":"","meta":{"footnotes":""},"class_list":["post-33","page","type-page","status-publish","hentry"],"yoast_head":"<!-- This site is optimized with the Yoast SEO plugin v24.9 - https:\/\/yoast.com\/wordpress\/plugins\/seo\/ -->\n<title>Zwroty, reklamacje - nfc-juices<\/title>\n<meta name=\"robots\" content=\"index, follow, max-snippet:-1, max-image-preview:large, max-video-preview:-1\" \/>\n<link rel=\"canonical\" href=\"https:\/\/nfcjuices.com\/sk\/navraty\/\" \/>\n<meta property=\"og:locale\" content=\"sk_SK\" \/>\n<meta property=\"og:type\" content=\"article\" \/>\n<meta property=\"og:title\" content=\"Zwroty, reklamacje - nfc-juices\" \/>\n<meta property=\"og:description\" content=\"Szanowni Pa\u0144stwo, Je\u015bli Produkt zakupiony w&nbsp;Sklepie internetowym Nasza T\u0142ocznia nie spe\u0142nia Pa\u0144stwa oczekiwa\u0144 lub wyst\u0119puj\u0105 podstawy do jego reklamacji, mo\u017cliwy jest zwrot lub reklamacja Produktu w&nbsp;okre\u015blonym terminie. Zasady dokonywania zwrot\u00f3w, b\u0119d\u0105cych jednocze\u015bnie odst\u0105pieniem od zawartej Umowy oraz reklamacji, reguluje i&nbsp;okre\u015bla Regulamin Sklepu internetowego \u2013 paragrafy 10 i&nbsp;11. \u00a710&nbsp;Prawo odst\u0105pienia od Umowy \u00a711&nbsp;Reklamacja\" \/>\n<meta property=\"og:url\" content=\"https:\/\/nfcjuices.com\/sk\/navraty\/\" \/>\n<meta property=\"og:site_name\" content=\"nfc-juices\" \/>\n<meta property=\"article:modified_time\" content=\"2025-04-15T09:38:30+00:00\" \/>\n<meta name=\"twitter:card\" content=\"summary_large_image\" \/>\n<meta name=\"twitter:label1\" content=\"Predpokladan\u00fd \u010das \u010d\u00edtania\" \/>\n\t<meta name=\"twitter:data1\" content=\"3 min\u00faty\" \/>\n<script type=\"application\/ld+json\" class=\"yoast-schema-graph\">{\"@context\":\"https:\/\/schema.org\",\"@graph\":[{\"@type\":\"WebPage\",\"@id\":\"https:\/\/nfcjuices.com\/zwroty\/\",\"url\":\"https:\/\/nfcjuices.com\/zwroty\/\",\"name\":\"Zwroty, reklamacje - nfc-juices\",\"isPartOf\":{\"@id\":\"https:\/\/nfcjuices.com\/#website\"},\"datePublished\":\"2025-04-15T09:38:29+00:00\",\"dateModified\":\"2025-04-15T09:38:30+00:00\",\"breadcrumb\":{\"@id\":\"https:\/\/nfcjuices.com\/zwroty\/#breadcrumb\"},\"inLanguage\":\"sk-SK\",\"potentialAction\":[{\"@type\":\"ReadAction\",\"target\":[\"https:\/\/nfcjuices.com\/zwroty\/\"]}]},{\"@type\":\"BreadcrumbList\",\"@id\":\"https:\/\/nfcjuices.com\/zwroty\/#breadcrumb\",\"itemListElement\":[{\"@type\":\"ListItem\",\"position\":1,\"name\":\"Strona g\u0142\u00f3wna\",\"item\":\"https:\/\/nfcjuices.com\/\"},{\"@type\":\"ListItem\",\"position\":2,\"name\":\"Zwroty, reklamacje\"}]},{\"@type\":\"WebSite\",\"@id\":\"https:\/\/nfcjuices.com\/#website\",\"url\":\"https:\/\/nfcjuices.com\/\",\"name\":\"nfc-juices\",\"description\":\"Soki, przeciery, musy NFC w beczkach\",\"publisher\":{\"@id\":\"https:\/\/nfcjuices.com\/#organization\"},\"potentialAction\":[{\"@type\":\"SearchAction\",\"target\":{\"@type\":\"EntryPoint\",\"urlTemplate\":\"https:\/\/nfcjuices.com\/?s={search_term_string}\"},\"query-input\":{\"@type\":\"PropertyValueSpecification\",\"valueRequired\":true,\"valueName\":\"search_term_string\"}}],\"inLanguage\":\"sk-SK\"},{\"@type\":\"Organization\",\"@id\":\"https:\/\/nfcjuices.com\/#organization\",\"name\":\"Nasza T\u0142ocznia\",\"url\":\"https:\/\/nfcjuices.com\/\",\"logo\":{\"@type\":\"ImageObject\",\"inLanguage\":\"sk-SK\",\"@id\":\"https:\/\/nfcjuices.com\/#\/schema\/logo\/image\/\",\"url\":\"https:\/\/nfcjuices.com\/wp-content\/uploads\/2025\/05\/cropped-B2b-1.png\",\"contentUrl\":\"https:\/\/nfcjuices.com\/wp-content\/uploads\/2025\/05\/cropped-B2b-1.png\",\"width\":1199,\"height\":999,\"caption\":\"Nasza T\u0142ocznia\"},\"image\":{\"@id\":\"https:\/\/nfcjuices.com\/#\/schema\/logo\/image\/\"}}]}<\/script>\n<!-- \/ Yoast SEO plugin. -->","yoast_head_json":{"title":"Vr\u00e1tky, reklam\u00e1cie - nfc-d\u017e\u00fasy","robots":{"index":"index","follow":"follow","max-snippet":"max-snippet:-1","max-image-preview":"max-image-preview:large","max-video-preview":"max-video-preview:-1"},"canonical":"https:\/\/nfcjuices.com\/sk\/navraty\/","og_locale":"sk_SK","og_type":"article","og_title":"Zwroty, reklamacje - nfc-juices","og_description":"Szanowni Pa\u0144stwo, Je\u015bli Produkt zakupiony w&nbsp;Sklepie internetowym Nasza T\u0142ocznia nie spe\u0142nia Pa\u0144stwa oczekiwa\u0144 lub wyst\u0119puj\u0105 podstawy do jego reklamacji, mo\u017cliwy jest zwrot lub reklamacja Produktu w&nbsp;okre\u015blonym terminie. Zasady dokonywania zwrot\u00f3w, b\u0119d\u0105cych jednocze\u015bnie odst\u0105pieniem od zawartej Umowy oraz reklamacji, reguluje i&nbsp;okre\u015bla Regulamin Sklepu internetowego \u2013 paragrafy 10 i&nbsp;11. \u00a710&nbsp;Prawo odst\u0105pienia od Umowy \u00a711&nbsp;Reklamacja","og_url":"https:\/\/nfcjuices.com\/sk\/navraty\/","og_site_name":"nfc-juices","article_modified_time":"2025-04-15T09:38:30+00:00","twitter_card":"summary_large_image","twitter_misc":{"Predpokladan\u00fd \u010das \u010d\u00edtania":"3 min\u00faty"},"schema":{"@context":"https:\/\/schema.org","@graph":[{"@type":"WebPage","@id":"https:\/\/nfcjuices.com\/zwroty\/","url":"https:\/\/nfcjuices.com\/zwroty\/","name":"Vr\u00e1tky, reklam\u00e1cie - nfc-d\u017e\u00fasy","isPartOf":{"@id":"https:\/\/nfcjuices.com\/#website"},"datePublished":"2025-04-15T09:38:29+00:00","dateModified":"2025-04-15T09:38:30+00:00","breadcrumb":{"@id":"https:\/\/nfcjuices.com\/zwroty\/#breadcrumb"},"inLanguage":"sk-SK","potentialAction":[{"@type":"ReadAction","target":["https:\/\/nfcjuices.com\/zwroty\/"]}]},{"@type":"BreadcrumbList","@id":"https:\/\/nfcjuices.com\/zwroty\/#breadcrumb","itemListElement":[{"@type":"ListItem","position":1,"name":"Strona g\u0142\u00f3wna","item":"https:\/\/nfcjuices.com\/"},{"@type":"ListItem","position":2,"name":"Zwroty, reklamacje"}]},{"@type":"WebSite","@id":"https:\/\/nfcjuices.com\/#website","url":"https:\/\/nfcjuices.com\/","name":"nfc \u0161\u0165avy","description":"\u0160\u0165avy, pyr\u00e9, NFC peny v sudoch","publisher":{"@id":"https:\/\/nfcjuices.com\/#organization"},"potentialAction":[{"@type":"SearchAction","target":{"@type":"EntryPoint","urlTemplate":"https:\/\/nfcjuices.com\/?s={search_term_string}"},"query-input":{"@type":"PropertyValueSpecification","valueRequired":true,"valueName":"search_term_string"}}],"inLanguage":"sk-SK"},{"@type":"Organization","@id":"https:\/\/nfcjuices.com\/#organization","name":"Na\u0161a lisov\u0148a","url":"https:\/\/nfcjuices.com\/","logo":{"@type":"ImageObject","inLanguage":"sk-SK","@id":"https:\/\/nfcjuices.com\/#\/schema\/logo\/image\/","url":"https:\/\/nfcjuices.com\/wp-content\/uploads\/2025\/05\/cropped-B2b-1.png","contentUrl":"https:\/\/nfcjuices.com\/wp-content\/uploads\/2025\/05\/cropped-B2b-1.png","width":1199,"height":999,"caption":"Nasza T\u0142ocznia"},"image":{"@id":"https:\/\/nfcjuices.com\/#\/schema\/logo\/image\/"}}]}},"_links":{"self":[{"href":"https:\/\/nfcjuices.com\/sk\/wp-json\/wp\/v2\/pages\/33","targetHints":{"allow":["GET"]}}],"collection":[{"href":"https:\/\/nfcjuices.com\/sk\/wp-json\/wp\/v2\/pages"}],"about":[{"href":"https:\/\/nfcjuices.com\/sk\/wp-json\/wp\/v2\/types\/page"}],"author":[{"embeddable":true,"href":"https:\/\/nfcjuices.com\/sk\/wp-json\/wp\/v2\/users\/1"}],"replies":[{"embeddable":true,"href":"https:\/\/nfcjuices.com\/sk\/wp-json\/wp\/v2\/comments?post=33"}],"version-history":[{"count":1,"href":"https:\/\/nfcjuices.com\/sk\/wp-json\/wp\/v2\/pages\/33\/revisions"}],"predecessor-version":[{"id":957,"href":"https:\/\/nfcjuices.com\/sk\/wp-json\/wp\/v2\/pages\/33\/revisions\/957"}],"wp:attachment":[{"href":"https:\/\/nfcjuices.com\/sk\/wp-json\/wp\/v2\/media?parent=33"}],"curies":[{"name":"pracovn\u00fd list","href":"https:\/\/api.w.org\/{rel}","templated":true}]}}