{"id":3,"date":"2025-03-05T12:57:31","date_gmt":"2025-03-05T11:57:31","guid":{"rendered":"https:\/\/nfcjuices.com\/?page_id=3"},"modified":"2025-04-15T11:36:21","modified_gmt":"2025-04-15T09:36:21","slug":"zasady-ochrany-osobnych-udajov","status":"publish","type":"page","link":"https:\/\/nfcjuices.com\/sk\/polityka-prywatnosci\/","title":{"rendered":"Z\u00e1sady ochrany osobn\u00fdch \u00fadajov"},"content":{"rendered":"<p><strong>\u00a71 V\u0161eobecn\u00e9 ustanovenia<\/strong><\/p>\n\n\n\n<p>1. Prev\u00e1dzkovate\u013eom \u00fadajov je Gospodarstwo Sadownicze Zbigniew Pietrzycki, so s\u00eddlom na adrese 05-660 Warka, Konary 92, zap\u00edsan\u00e1 v Centr\u00e1lnom registri a inform\u00e1ci\u00e1ch o podnikate\u013eskej \u010dinnosti, I\u010cO: 797-127-18-11, REGON 672798121. Ochrana \u00fadajov sa vykon\u00e1va v s\u00falade s po\u017eiadavkami v\u0161eobecne platn\u00fdch pr\u00e1vnych predpisov a s\u00fa uchov\u00e1van\u00e9 na zabezpe\u010den\u00fdch serveroch.<\/p>\n\n\n\n<p>2. Na v\u00fdklad pojmov sa pou\u017e\u00edva glos\u00e1r v Nariadeniach alebo sp\u00f4sob pop\u00edsan\u00fd v Z\u00e1sad\u00e1ch ochrany osobn\u00fdch \u00fadajov (ak to vypl\u00fdva priamo z popisu).<\/p>\n\n\n\n<p>3. Na zaistenie ochrany s\u00fakromia a bezpe\u010dnosti \u00fadajov pou\u017e\u00edvame okrem in\u00e9ho: protokol zabezpe\u010den\u00e9ho \u0161ifrovania komunik\u00e1cie (SSL).<\/p>\n\n\n\n<p>4. V\u0161etky osobn\u00e9 \u00fadaje Z\u00e1kazn\u00edkov s\u00fa pova\u017eovan\u00e9 za d\u00f4vern\u00e9 a nie s\u00fa vidite\u013en\u00e9 pre neopr\u00e1vnen\u00e9 osoby.<\/p>\n\n\n\n<p>5. Z\u00e1sady ochrany osobn\u00fdch \u00fadajov s\u00fa v s\u00falade so v\u0161eobecn\u00fdm nariaden\u00edm o ochrane \u00fadajov (GDPR) a s\u00fa \u00fa\u010dinn\u00e9 od 05.07.2018.<\/p>\n\n\n\n<p><strong>\u00a72 \u00da\u010del a rozsah zhroma\u017e\u010fovania \u00fadajov<\/strong><\/p>\n\n\n\n<p>1. Pred\u00e1vaj\u00faci je spr\u00e1vcom osobn\u00fdch \u00fadajov Z\u00e1kazn\u00edkov.<\/p>\n\n\n\n<p>2. Osobn\u00e9 \u00fadaje Z\u00e1kazn\u00edkov sa zhroma\u017e\u010fuj\u00fa a spracov\u00e1vaj\u00fa na \u00fa\u010dely vybavenia objedn\u00e1vok zadan\u00fdch v Internetovom obchode alebo, ak Z\u00e1kazn\u00edk s\u00fahlas\u00ed, aj na marketingov\u00e9 \u00fa\u010dely.<\/p>\n\n\n\n<p>3. Osobn\u00e9 \u00fadaje z\u00e1kazn\u00edkov sa sprac\u00favaj\u00fa:<\/p>\n\n\n\n<p>a. v s\u00falade s ustanoveniami o ochrane osobn\u00fdch \u00fadajov,<\/p>\n\n\n\n<p>b. v s\u00falade s implementovan\u00fdmi Z\u00e1sadami ochrany osobn\u00fdch \u00fadajov,<\/p>\n\n\n\n<p>cca. v rozsahu a na \u00fa\u010del nevyhnutn\u00fd na stanovenie a formovanie obsahu Zmluvy, jej zmenu alebo ukon\u010denie a riadne vykon\u00e1vanie Slu\u017eieb poskytovan\u00fdch elektronicky,<\/p>\n\n\n\n<p>d. v rozsahu a na \u00fa\u010del nevyhnutn\u00fd na naplnenie opr\u00e1vnen\u00fdch z\u00e1ujmov a sprac\u00favanie neporu\u0161uje pr\u00e1va a slobody dotknutej osoby,<\/p>\n\n\n\n<p>napr. v rozsahu a na \u00fa\u010del, ktor\u00fd je v s\u00falade s v\u00f4\u013eou vyjadrenou Klientom.<\/p>\n\n\n\n<p>4. Spr\u00e1vca prostredn\u00edctvom Webovej str\u00e1nky a in\u00fdch foriem komunik\u00e1cie zhroma\u017e\u010fuje a spracov\u00e1va nasleduj\u00face osobn\u00e9 \u00fadaje Pou\u017e\u00edvate\u013eov poskytnut\u00e9 po\u010das procesu registr\u00e1cie na Webovej str\u00e1nke:<br><br>a. meno a priezvisko<br>b. adresa<br>cca. telef\u00f3nne \u010d\u00edslo<br>e-mailov\u00e1 adresa<br>napr. n\u00e1zov spolo\u010dnosti<br>f. N\u00e1rodn\u00fd investi\u010dn\u00fd program (NIP)<\/p>\n\n\n\n<p>5. Klient m\u00e1 pr\u00e1vo na pr\u00edstup k \u00fadajom, na ich opravu, vymazanie alebo obmedzenie spracovania, pr\u00e1vo namieta\u0165, pr\u00e1vo poda\u0165 s\u0165a\u017enos\u0165 dozorn\u00e9mu org\u00e1nu, ktor\u00fdm je predseda \u00daradu na ochranu osobn\u00fdch \u00fadajov.<\/p>\n\n\n\n<p>6. Kontakt s osobou dohliadaj\u00facou na spracovanie osobn\u00fdch \u00fadajov je mo\u017en\u00fd prostredn\u00edctvom e-mailu na nasleduj\u00facej adrese: biuro@naszatlocznia.pl<\/p>\n\n\n\n<p>7. Spr\u00e1vca m\u00e1 pr\u00e1vo sprac\u00fava\u0165 osobn\u00e9 \u00fadaje Z\u00e1kazn\u00edkov po ukon\u010den\u00ed Zmluvy alebo odvolan\u00ed s\u00fahlasu iba na \u00fa\u010dely uplatnenia pr\u00edpadn\u00fdch n\u00e1rokov na s\u00fade alebo ak vn\u00fatro\u0161t\u00e1tne, \u00fanijn\u00e9 alebo medzin\u00e1rodn\u00e9 pr\u00e1vo uklad\u00e1 uchov\u00e1vanie \u00fadajov.<\/p>\n\n\n\n<p>8. Spr\u00e1vca m\u00e1 pr\u00e1vo poskytn\u00fa\u0165 osobn\u00e9 \u00fadaje Klienta a \u010fal\u0161ie \u00fadaje subjektom opr\u00e1vnen\u00fdm pod\u013ea platn\u00fdch pr\u00e1vnych predpisov, napr. org\u00e1ny \u010dinn\u00e9 v trestnom konan\u00ed.<\/p>\n\n\n\n<p>9. Spr\u00e1vca nezverej\u0148uje osobn\u00e9 \u00fadaje Z\u00e1kazn\u00edkov in\u00fdm subjektom, s v\u00fdnimkou t\u00fdch, ktor\u00e9 s\u00fa na to opr\u00e1vnen\u00e9 pod\u013ea platn\u00fdch pr\u00e1vnych predpisov.<\/p>\n\n\n\n<p>10. Osobn\u00e9 \u00fadaje bud\u00fa uchov\u00e1van\u00e9 po\u010das trvania zmluvy a po\u010das obdobia, ktor\u00e9 je v s\u00falade s platn\u00fdmi predpismi, ber\u00fac do \u00favahy preml\u010daciu lehotu pre n\u00e1roky a da\u0148ov\u00e9 povinnosti. Osobn\u00e9 \u00fadaje, s ktor\u00fdmi ste s\u00fahlasili, bud\u00fa uchov\u00e1van\u00e9, k\u00fdm svoj s\u00fahlas neodvol\u00e1te.<\/p>\n\n\n\n<p>11. Osobn\u00e9 \u00fadaje m\u00f4\u017eu by\u0165 vymazan\u00e9 v d\u00f4sledku odvolania s\u00fahlasu alebo podania z\u00e1konom pr\u00edpustnej n\u00e1mietky proti spracovaniu osobn\u00fdch \u00fadajov. \u017diadosti t\u00fdkaj\u00face sa spracovania osobn\u00fdch \u00fadajov m\u00f4\u017eete poda\u0165 e-mailom na adresu spr\u00e1vcu osobn\u00fdch \u00fadajov: biuro@naszatlocznia.pl<\/p>\n\n\n\n<p><strong>\u00a73 Inform\u00e1cie o profilovan\u00ed a d\u00f4sledkoch profilovania osobn\u00fdch \u00fadajov<\/strong><\/p>\n\n\n\n<p>Spr\u00e1vca analyzuje osobn\u00e9 \u00fadaje automatizovan\u00fdm sp\u00f4sobom pomocou n\u00e1strojov poskytovan\u00fdch poskytovate\u013emi softv\u00e9ru (napr. \u0161tatistiky, hist\u00f3ria). \u00da\u010delom automatizovan\u00e9ho spracovania \u00fadajov je zisti\u0165 preferencie pou\u017e\u00edvate\u013ea.<\/p>\n\n\n\n<p><strong>\u00a74 S\u00fabory cookie<\/strong><\/p>\n\n\n\n<p>1. Webov\u00e1 str\u00e1nka www.naszatlocznia.pl pou\u017e\u00edva s\u00fabory cookie. Ide o mal\u00e9 textov\u00e9 s\u00fabory odoslan\u00e9 webov\u00fdm serverom a ulo\u017een\u00e9 softv\u00e9rom prehliada\u010da vo va\u0161om po\u010d\u00edta\u010di. Ke\u010f sa prehliada\u010d znova pripoj\u00ed k str\u00e1nke, str\u00e1nka rozpozn\u00e1 typ zariadenia, z ktor\u00e9ho sa pou\u017e\u00edvate\u013e prip\u00e1ja. Parametre umo\u017e\u0148uj\u00fa, aby inform\u00e1cie v nich obsiahnut\u00e9 \u010d\u00edtal iba server, ktor\u00fd ich vytvoril. S\u00fabory cookie preto u\u013eah\u010duj\u00fa pou\u017e\u00edvanie predt\u00fdm nav\u0161t\u00edven\u00fdch webov\u00fdch str\u00e1nok. Zhroma\u017eden\u00e9 inform\u00e1cie zah\u0155\u0148aj\u00fa IP adresu, typ prehliada\u010da, jazyk, typ opera\u010dn\u00e9ho syst\u00e9mu, poskytovate\u013ea internetov\u00fdch slu\u017eieb, inform\u00e1cie o \u010dase a d\u00e1tume, polohu a inform\u00e1cie odoslan\u00e9 na webov\u00fa str\u00e1nku prostredn\u00edctvom kontaktn\u00e9ho formul\u00e1ra.<\/p>\n\n\n\n<p>2. Webov\u00e1 str\u00e1nka Pred\u00e1vaj\u00faceho pou\u017e\u00edva nasleduj\u00face s\u00fabory cookie:<\/p>\n\n\n\n<p>a. \u201enevyhnutn\u00e9\u201c s\u00fabory cookie, ktor\u00e9 umo\u017e\u0148uj\u00fa pou\u017e\u00edvanie slu\u017eieb dostupn\u00fdch na webovej str\u00e1nke, napr. overovacie s\u00fabory cookie pou\u017e\u00edvan\u00e9 pre slu\u017eby, ktor\u00e9 vy\u017eaduj\u00fa overenie na webovej str\u00e1nke,<\/p>\n\n\n\n<p>b. s\u00fabory cookie pou\u017e\u00edvan\u00e9 na zaistenie bezpe\u010dnosti, napr. pou\u017e\u00edva sa na odha\u013eovanie zneu\u017e\u00edvania v oblasti autentifik\u00e1cie v r\u00e1mci slu\u017eby,<\/p>\n\n\n\n<p>cca. \u201ev\u00fdkonnostn\u00e9\u201c s\u00fabory cookie, ktor\u00e9 umo\u017e\u0148uj\u00fa zhroma\u017e\u010fovanie inform\u00e1ci\u00ed o tom, ako sa webov\u00e9 str\u00e1nky pou\u017e\u00edvaj\u00fa,<\/p>\n\n\n\n<p>d. \u201efunk\u010dn\u00e9\u201c s\u00fabory cookie, ktor\u00e9 umo\u017e\u0148uj\u00fa \u201ezapam\u00e4tanie si\u201c nastaven\u00ed zvolen\u00fdch pou\u017e\u00edvate\u013eom a prisp\u00f4sobenie pou\u017e\u00edvate\u013esk\u00e9ho rozhrania, napr. z h\u013eadiska zvolen\u00e9ho jazyka alebo regi\u00f3nu, z ktor\u00e9ho pou\u017e\u00edvate\u013e poch\u00e1dza, ve\u013ekosti p\u00edsma, vzh\u013eadu webovej str\u00e1nky,<\/p>\n\n\n\n<p>napr. \u201ereklamn\u00e9\u201c s\u00fabory cookie, ktor\u00e9 umo\u017e\u0148uj\u00fa poskytovanie reklamn\u00e9ho obsahu pou\u017e\u00edvate\u013eom, ktor\u00fd je viac prisp\u00f4soben\u00fd ich z\u00e1ujmom.<\/p>\n\n\n\n<p>3. Z\u00e1kazn\u00edk m\u00f4\u017ee kedyko\u013evek zak\u00e1za\u0165 alebo obnovi\u0165 mo\u017enos\u0165 zhroma\u017e\u010fovania s\u00faborov cookie zmenou nastaven\u00ed vo svojom webovom prehliada\u010di.<\/p>\n\n\n\n<p>4. \u010eal\u0161ie osobn\u00e9 \u00fadaje, ako napr\u00edklad e-mailov\u00e1 adresa, zhroma\u017e\u010fuje spr\u00e1vca iba na miestach, kde s t\u00fdm pou\u017e\u00edvate\u013e v\u00fdslovne s\u00fahlasil vyplnen\u00edm formul\u00e1ra.<\/p>","protected":false},"excerpt":{"rendered":"<p>\u00a71 Postanowienia og\u00f3lne 1. Administratorem danych jest Gospodarstwo Sadownicze Zbigniew Pietrzycki, z&nbsp;siedzib\u0105 w&nbsp;05-660 Warka, Konary 92, wpisane do Centralnej Ewidencji i&nbsp;Informacji o&nbsp;Dzia\u0142alno\u015bci Gospodarczej, NIP: 797-127-18-11, REGON 672798121. Ochrona danych odbywa si\u0119 zgodnie z&nbsp;wymogami powszechnie obowi\u0105zuj\u0105cych przepis\u00f3w prawa, a&nbsp;ich przechowywanie ma miejsce na zabezpieczonych serwerach. 2. Dla interpretacji termin\u00f3w stosuje si\u0119 s\u0142owniczek Regulaminu lub tak jak [&hellip;]<\/p>\n","protected":false},"author":1,"featured_media":0,"parent":0,"menu_order":0,"comment_status":"closed","ping_status":"open","template":"","meta":{"footnotes":""},"class_list":["post-3","page","type-page","status-publish","hentry"],"yoast_head":"<!-- This site is optimized with the Yoast SEO plugin v24.9 - https:\/\/yoast.com\/wordpress\/plugins\/seo\/ -->\n<title>Polityka prywatno\u015bci - nfc-juices<\/title>\n<meta name=\"robots\" content=\"index, follow, max-snippet:-1, max-image-preview:large, max-video-preview:-1\" \/>\n<link rel=\"canonical\" href=\"https:\/\/nfcjuices.com\/sk\/zasady-ochrany-osobnych-udajov\/\" \/>\n<meta property=\"og:locale\" content=\"sk_SK\" \/>\n<meta property=\"og:type\" content=\"article\" \/>\n<meta property=\"og:title\" content=\"Polityka prywatno\u015bci - nfc-juices\" \/>\n<meta property=\"og:description\" content=\"\u00a71 Postanowienia og\u00f3lne 1. Administratorem danych jest Gospodarstwo Sadownicze Zbigniew Pietrzycki, z&nbsp;siedzib\u0105 w&nbsp;05-660 Warka, Konary 92, wpisane do Centralnej Ewidencji i&nbsp;Informacji o&nbsp;Dzia\u0142alno\u015bci Gospodarczej, NIP: 797-127-18-11, REGON 672798121. Ochrona danych odbywa si\u0119 zgodnie z&nbsp;wymogami powszechnie obowi\u0105zuj\u0105cych przepis\u00f3w prawa, a&nbsp;ich przechowywanie ma miejsce na zabezpieczonych serwerach. 2. Dla interpretacji termin\u00f3w stosuje si\u0119 s\u0142owniczek Regulaminu lub tak jak [&hellip;]\" \/>\n<meta property=\"og:url\" content=\"https:\/\/nfcjuices.com\/sk\/zasady-ochrany-osobnych-udajov\/\" \/>\n<meta property=\"og:site_name\" content=\"nfc-juices\" \/>\n<meta property=\"article:modified_time\" content=\"2025-04-15T09:36:21+00:00\" \/>\n<meta name=\"twitter:card\" content=\"summary_large_image\" \/>\n<meta name=\"twitter:label1\" content=\"Predpokladan\u00fd \u010das \u010d\u00edtania\" \/>\n\t<meta name=\"twitter:data1\" content=\"5 min\u00fat\" \/>\n<script type=\"application\/ld+json\" class=\"yoast-schema-graph\">{\"@context\":\"https:\/\/schema.org\",\"@graph\":[{\"@type\":\"WebPage\",\"@id\":\"https:\/\/nfcjuices.com\/polityka-prywatnosci\/\",\"url\":\"https:\/\/nfcjuices.com\/polityka-prywatnosci\/\",\"name\":\"Polityka prywatno\u015bci - nfc-juices\",\"isPartOf\":{\"@id\":\"https:\/\/nfcjuices.com\/#website\"},\"datePublished\":\"2025-03-05T11:57:31+00:00\",\"dateModified\":\"2025-04-15T09:36:21+00:00\",\"breadcrumb\":{\"@id\":\"https:\/\/nfcjuices.com\/polityka-prywatnosci\/#breadcrumb\"},\"inLanguage\":\"sk-SK\",\"potentialAction\":[{\"@type\":\"ReadAction\",\"target\":[\"https:\/\/nfcjuices.com\/polityka-prywatnosci\/\"]}]},{\"@type\":\"BreadcrumbList\",\"@id\":\"https:\/\/nfcjuices.com\/polityka-prywatnosci\/#breadcrumb\",\"itemListElement\":[{\"@type\":\"ListItem\",\"position\":1,\"name\":\"Strona g\u0142\u00f3wna\",\"item\":\"https:\/\/nfcjuices.com\/\"},{\"@type\":\"ListItem\",\"position\":2,\"name\":\"Polityka prywatno\u015bci\"}]},{\"@type\":\"WebSite\",\"@id\":\"https:\/\/nfcjuices.com\/#website\",\"url\":\"https:\/\/nfcjuices.com\/\",\"name\":\"nfc-juices\",\"description\":\"Soki, przeciery, musy NFC w beczkach\",\"publisher\":{\"@id\":\"https:\/\/nfcjuices.com\/#organization\"},\"potentialAction\":[{\"@type\":\"SearchAction\",\"target\":{\"@type\":\"EntryPoint\",\"urlTemplate\":\"https:\/\/nfcjuices.com\/?s={search_term_string}\"},\"query-input\":{\"@type\":\"PropertyValueSpecification\",\"valueRequired\":true,\"valueName\":\"search_term_string\"}}],\"inLanguage\":\"sk-SK\"},{\"@type\":\"Organization\",\"@id\":\"https:\/\/nfcjuices.com\/#organization\",\"name\":\"Nasza T\u0142ocznia\",\"url\":\"https:\/\/nfcjuices.com\/\",\"logo\":{\"@type\":\"ImageObject\",\"inLanguage\":\"sk-SK\",\"@id\":\"https:\/\/nfcjuices.com\/#\/schema\/logo\/image\/\",\"url\":\"https:\/\/nfcjuices.com\/wp-content\/uploads\/2025\/05\/cropped-B2b-1.png\",\"contentUrl\":\"https:\/\/nfcjuices.com\/wp-content\/uploads\/2025\/05\/cropped-B2b-1.png\",\"width\":1199,\"height\":999,\"caption\":\"Nasza T\u0142ocznia\"},\"image\":{\"@id\":\"https:\/\/nfcjuices.com\/#\/schema\/logo\/image\/\"}}]}<\/script>\n<!-- \/ Yoast SEO plugin. -->","yoast_head_json":{"title":"Z\u00e1sady ochrany osobn\u00fdch \u00fadajov \u2013 nfc-juices","robots":{"index":"index","follow":"follow","max-snippet":"max-snippet:-1","max-image-preview":"max-image-preview:large","max-video-preview":"max-video-preview:-1"},"canonical":"https:\/\/nfcjuices.com\/sk\/zasady-ochrany-osobnych-udajov\/","og_locale":"sk_SK","og_type":"article","og_title":"Polityka prywatno\u015bci - nfc-juices","og_description":"\u00a71 Postanowienia og\u00f3lne 1. Administratorem danych jest Gospodarstwo Sadownicze Zbigniew Pietrzycki, z&nbsp;siedzib\u0105 w&nbsp;05-660 Warka, Konary 92, wpisane do Centralnej Ewidencji i&nbsp;Informacji o&nbsp;Dzia\u0142alno\u015bci Gospodarczej, NIP: 797-127-18-11, REGON 672798121. Ochrona danych odbywa si\u0119 zgodnie z&nbsp;wymogami powszechnie obowi\u0105zuj\u0105cych przepis\u00f3w prawa, a&nbsp;ich przechowywanie ma miejsce na zabezpieczonych serwerach. 2. Dla interpretacji termin\u00f3w stosuje si\u0119 s\u0142owniczek Regulaminu lub tak jak [&hellip;]","og_url":"https:\/\/nfcjuices.com\/sk\/zasady-ochrany-osobnych-udajov\/","og_site_name":"nfc-juices","article_modified_time":"2025-04-15T09:36:21+00:00","twitter_card":"summary_large_image","twitter_misc":{"Predpokladan\u00fd \u010das \u010d\u00edtania":"5 min\u00fat"},"schema":{"@context":"https:\/\/schema.org","@graph":[{"@type":"WebPage","@id":"https:\/\/nfcjuices.com\/polityka-prywatnosci\/","url":"https:\/\/nfcjuices.com\/polityka-prywatnosci\/","name":"Z\u00e1sady ochrany osobn\u00fdch \u00fadajov \u2013 nfc-juices","isPartOf":{"@id":"https:\/\/nfcjuices.com\/#website"},"datePublished":"2025-03-05T11:57:31+00:00","dateModified":"2025-04-15T09:36:21+00:00","breadcrumb":{"@id":"https:\/\/nfcjuices.com\/polityka-prywatnosci\/#breadcrumb"},"inLanguage":"sk-SK","potentialAction":[{"@type":"ReadAction","target":["https:\/\/nfcjuices.com\/polityka-prywatnosci\/"]}]},{"@type":"BreadcrumbList","@id":"https:\/\/nfcjuices.com\/polityka-prywatnosci\/#breadcrumb","itemListElement":[{"@type":"ListItem","position":1,"name":"Strona g\u0142\u00f3wna","item":"https:\/\/nfcjuices.com\/"},{"@type":"ListItem","position":2,"name":"Polityka prywatno\u015bci"}]},{"@type":"WebSite","@id":"https:\/\/nfcjuices.com\/#website","url":"https:\/\/nfcjuices.com\/","name":"nfc \u0161\u0165avy","description":"\u0160\u0165avy, pyr\u00e9, NFC peny v sudoch","publisher":{"@id":"https:\/\/nfcjuices.com\/#organization"},"potentialAction":[{"@type":"SearchAction","target":{"@type":"EntryPoint","urlTemplate":"https:\/\/nfcjuices.com\/?s={search_term_string}"},"query-input":{"@type":"PropertyValueSpecification","valueRequired":true,"valueName":"search_term_string"}}],"inLanguage":"sk-SK"},{"@type":"Organization","@id":"https:\/\/nfcjuices.com\/#organization","name":"Na\u0161a lisov\u0148a","url":"https:\/\/nfcjuices.com\/","logo":{"@type":"ImageObject","inLanguage":"sk-SK","@id":"https:\/\/nfcjuices.com\/#\/schema\/logo\/image\/","url":"https:\/\/nfcjuices.com\/wp-content\/uploads\/2025\/05\/cropped-B2b-1.png","contentUrl":"https:\/\/nfcjuices.com\/wp-content\/uploads\/2025\/05\/cropped-B2b-1.png","width":1199,"height":999,"caption":"Nasza T\u0142ocznia"},"image":{"@id":"https:\/\/nfcjuices.com\/#\/schema\/logo\/image\/"}}]}},"_links":{"self":[{"href":"https:\/\/nfcjuices.com\/sk\/wp-json\/wp\/v2\/pages\/3","targetHints":{"allow":["GET"]}}],"collection":[{"href":"https:\/\/nfcjuices.com\/sk\/wp-json\/wp\/v2\/pages"}],"about":[{"href":"https:\/\/nfcjuices.com\/sk\/wp-json\/wp\/v2\/types\/page"}],"author":[{"embeddable":true,"href":"https:\/\/nfcjuices.com\/sk\/wp-json\/wp\/v2\/users\/1"}],"replies":[{"embeddable":true,"href":"https:\/\/nfcjuices.com\/sk\/wp-json\/wp\/v2\/comments?post=3"}],"version-history":[{"count":1,"href":"https:\/\/nfcjuices.com\/sk\/wp-json\/wp\/v2\/pages\/3\/revisions"}],"predecessor-version":[{"id":954,"href":"https:\/\/nfcjuices.com\/sk\/wp-json\/wp\/v2\/pages\/3\/revisions\/954"}],"wp:attachment":[{"href":"https:\/\/nfcjuices.com\/sk\/wp-json\/wp\/v2\/media?parent=3"}],"curies":[{"name":"pracovn\u00fd list","href":"https:\/\/api.w.org\/{rel}","templated":true}]}}