{"id":194,"date":"2025-03-12T15:13:29","date_gmt":"2025-03-12T14:13:29","guid":{"rendered":"https:\/\/nfcjuices.com\/?page_id=194"},"modified":"2025-04-15T10:18:10","modified_gmt":"2025-04-15T08:18:10","slug":"o-nas","status":"publish","type":"page","link":"https:\/\/nfcjuices.com\/sk\/o-nas\/","title":{"rendered":"O n\u00e1s"},"content":{"rendered":"<h2 class=\"wp-block-heading has-text-align-center\" id=\"nasza-tlocznia-soki-z-serca-polskiego-sadownictwa\">NA\u0160A TLA\u010c \u2013 \u0160\u0164AVY ZO SRDCA PO\u013dSK\u00ddCH SADOV.<\/h2>\n\n\n\n<div class=\"wp-block-columns is-layout-flex wp-container-core-columns-is-layout-28f84493 wp-block-columns-is-layout-flex\">\n<div class=\"wp-block-column is-layout-flow wp-block-column-is-layout-flow\">\n<p>Na\u0161a tla\u010d vznikla z rodinnej ovocnej farmy.&nbsp;<strong>Jablone pestujeme u\u017e cel\u00e9 gener\u00e1cie,<\/strong>&nbsp;a oblasti, ktor\u00e9 ob\u00fdvame, s\u00fa srdcom po\u013esk\u00e9ho ovocin\u00e1rstva. Pr\u00e1ve tu, v Konaroch, boli pred viac ako 400 rokmi pestovan\u00e9 niektor\u00e9 z prv\u00fdch jablon\u00ed. Ovocie, ktor\u00e9 nazbierame, spracov\u00e1vame na&nbsp;<strong>\u010derstv\u00e9 a zdrav\u00e9 produkty<\/strong>. Za\u010dali sme v malom \u2013 s jednotliv\u00fdmi poh\u00e1rmi d\u017e\u00fasu. Ke\u010f bol proces lisovania zdokonalen\u00fd a boli sme si ist\u00ed, \u017ee na\u0161im z\u00e1kazn\u00edkom budeme m\u00f4c\u0165 pon\u00faknu\u0165 to najlep\u0161ie, vznikla spolo\u010dnos\u0165 Nasza T\u0142ocznia. Na\u0161a v\u00fdroba nie je hromadn\u00e1, tak\u017ee \u0161\u0165avy a ovocie, ktor\u00e9 pripravujeme s v\u00e1\u0161\u0148ou, s\u00fa plne rafinovan\u00e9 a vybran\u00e9.<\/p>\n<\/div>\n\n\n\n<div class=\"wp-block-column is-layout-flow wp-block-column-is-layout-flow\">\n<p><strong>Kvalitu kladieme na prv\u00e9 miesto. Hovor\u00edme \u201enie\u201c cukrom, konzerva\u010dn\u00fdm l\u00e1tkam a umel\u00fdm vitam\u00ednom.<\/strong>&nbsp;Pou\u017e\u00edvame tradi\u010dn\u00e9 met\u00f3dy, \u010do znamen\u00e1, \u017ee na\u0161e \u0161\u0165avy po\u010das v\u00fdrobn\u00e9ho procesu nestr\u00e1caj\u00fa svoju cenn\u00fa nutri\u010dn\u00fa hodnotu. Od pestovania jablon\u00ed, cez zber ovocia zo stromov a\u017e po lisovanie, db\u00e1me na to, aby sme na trh dod\u00e1vali vysokokvalitn\u00e9 produkty.<\/p>\n\n\n\n<p>Cie\u013e Nasza T\u0142ocznia je jeden a je obsiahnut\u00fd vo f\u013ea\u0161i d\u017e\u00fasu: chceme v\u00e1m da\u0165 to najcennej\u0161ie \u2013&nbsp;<strong>zdravie v prirodzenej forme<\/strong>. Ver\u00edme, \u017ee v\u00fdberom produktov Nasza T\u0142ocznia sa budete c\u00edti\u0165 lep\u0161ie. Je to jednoduch\u00e9!<\/p>\n<\/div>\n<\/div>\n\n\n\n<p class=\"has-text-align-center adv-box\"><\/p>\n\n\n\n<figure class=\"wp-block-gallery has-nested-images columns-4 is-cropped wp-block-gallery-1 is-layout-flex wp-block-gallery-is-layout-flex\">\n<figure class=\"wp-block-image size-large\"><a href=\"https:\/\/naszatlocznia.pl\/wp-content\/uploads\/2022\/01\/IMG_2581.jpeg\"><img decoding=\"async\" data-id=\"1035\" src=\"https:\/\/naszatlocznia.pl\/wp-content\/uploads\/2022\/01\/IMG_2581-768x1024.jpeg\" alt=\"\" class=\"wp-image-1035\"\/><\/a><\/figure>\n\n\n\n<figure class=\"wp-block-image size-large\"><a href=\"https:\/\/naszatlocznia.pl\/wp-content\/uploads\/2022\/01\/IMG_6047.jpeg\"><img decoding=\"async\" data-id=\"1036\" src=\"https:\/\/naszatlocznia.pl\/wp-content\/uploads\/2022\/01\/IMG_6047-768x1024.jpeg\" alt=\"\" class=\"wp-image-1036\"\/><\/a><\/figure>\n\n\n\n<figure class=\"wp-block-image size-large\"><a href=\"https:\/\/naszatlocznia.pl\/wp-content\/uploads\/2022\/01\/8E0492CE-10E4-4849-BBC1-15329065E955.jpeg\"><img decoding=\"async\" data-id=\"1040\" src=\"https:\/\/naszatlocznia.pl\/wp-content\/uploads\/2022\/01\/8E0492CE-10E4-4849-BBC1-15329065E955-1024x1024.jpeg\" alt=\"\" class=\"wp-image-1040\"\/><\/a><\/figure>\n\n\n\n<figure class=\"wp-block-image size-large\"><a href=\"https:\/\/naszatlocznia.pl\/wp-content\/uploads\/2022\/01\/CRZE9528.jpg\"><img decoding=\"async\" data-id=\"1041\" src=\"https:\/\/naszatlocznia.pl\/wp-content\/uploads\/2022\/01\/CRZE9528-1024x683.jpg\" alt=\"\" class=\"wp-image-1041\"\/><\/a><\/figure>\n\n\n\n<figure class=\"wp-block-image size-large\"><a href=\"https:\/\/naszatlocznia.pl\/wp-content\/uploads\/2022\/01\/B6CBED35-B32A-4F72-BB60-9985391C99AC.jpeg\"><img decoding=\"async\" data-id=\"1044\" src=\"https:\/\/naszatlocznia.pl\/wp-content\/uploads\/2022\/01\/B6CBED35-B32A-4F72-BB60-9985391C99AC-1024x1024.jpeg\" alt=\"\" class=\"wp-image-1044\"\/><\/a><\/figure>\n\n\n\n<figure class=\"wp-block-image size-large\"><a href=\"https:\/\/naszatlocznia.pl\/wp-content\/uploads\/2022\/01\/IMG_3539.jpeg\"><img decoding=\"async\" data-id=\"1046\" src=\"https:\/\/naszatlocznia.pl\/wp-content\/uploads\/2022\/01\/IMG_3539.jpeg\" alt=\"\" class=\"wp-image-1046\"\/><\/a><\/figure>\n\n\n\n<figure class=\"wp-block-image size-large\"><a href=\"https:\/\/naszatlocznia.pl\/wp-content\/uploads\/2022\/01\/IMG_7387.jpeg\"><img decoding=\"async\" data-id=\"1052\" src=\"https:\/\/naszatlocznia.pl\/wp-content\/uploads\/2022\/01\/IMG_7387.jpeg\" alt=\"\" class=\"wp-image-1052\"\/><\/a><\/figure>\n<\/figure>\n\n\n\n<p><\/p>\n\n\n\n<h2 class=\"wp-block-heading has-text-align-center has-normal-font-size\">Bu\u010fte s nami EKO!<\/h2>\n\n\n\n<div class=\"wp-block-columns is-layout-flex wp-container-core-columns-is-layout-28f84493 wp-block-columns-is-layout-flex\">\n<div class=\"wp-block-column is-layout-flow wp-block-column-is-layout-flow\" style=\"flex-basis:100%\">\n<p class=\"has-normal-font-size\"><\/p>\n\n\n\n<div class=\"wp-block-columns is-layout-flex wp-container-core-columns-is-layout-28f84493 wp-block-columns-is-layout-flex\">\n<div class=\"wp-block-column is-layout-flow wp-block-column-is-layout-flow\">\n<p>V na\u0161ej tla\u010di kladieme ve\u013ek\u00fd d\u00f4raz na konanie <strong>v harm\u00f3nii s pr\u00edrodou<\/strong>. Pri na\u0161ej v\u00fdrobe nepou\u017e\u00edvame chemik\u00e1lie ani \u0161kodliv\u00e9 pr\u00edpravky na ochranu rastl\u00edn, o \u010dom sved\u010dia aj ekologick\u00e9 certifik\u00e1ty, ktor\u00e9 sme z\u00edskali na v\u00fdrobu ovocia aj \u0161tiav. Na\u0161a lisov\u0148a je pod doh\u013eadom certifika\u010dn\u00e9ho org\u00e1nu PL-EKO Biocert Ma\u0142opolska.<\/p>\n<\/div>\n\n\n\n<div class=\"wp-block-column is-layout-flow wp-block-column-is-layout-flow\">\n<p class=\"has-normal-font-size\"><strong>Ekol\u00f3gia <\/strong>je pre n\u00e1s ve\u013emi d\u00f4le\u017eit\u00e9 v ka\u017edom aspekte na\u0161ej pr\u00e1ce \u2013 nielen pri v\u00fdrobe ovocia a \u0161tiav, ale aj pri balen\u00ed a pr\u00edprave va\u0161ich objedn\u00e1vok. Na\u0161e z\u00e1sielky s\u00fa balen\u00e9 v kart\u00f3ne 100% s pou\u017eit\u00edm ekologick\u00fdch v\u00fdpln\u00ed a obalov. <strong>Nepou\u017e\u00edvame f\u00f3liu ani plast<\/strong>, alebo odpadky, ktor\u00fdmi by sme naplnili na\u0161e bal\u00edky. Dokazujeme, \u017ee aj ch\u00falostiv\u00e9 produkty, ako s\u00fa d\u017e\u00fasy, je mo\u017en\u00e9 chr\u00e1ni\u0165 iba ekologick\u00fdmi rie\u0161eniami. Papier, ktor\u00fd pou\u017e\u00edvame, m\u00e1 certifik\u00e1t Blue Angel \u2013 najstar\u0161\u00ed a najzn\u00e1mej\u0161\u00ed na svete, ktor\u00fd ude\u013euje mimoriadne kvalitn\u00e9 produkty. <strong>\u0161etrn\u00e9 k \u017eivotn\u00e9mu prostrediu<\/strong>.  <\/p>\n<\/div>\n<\/div>\n<\/div>\n<\/div>\n\n\n\n<p class=\"has-text-align-center has-normal-font-size\">Starajte sa o pr\u00edrodu s nami! <\/p>\n\n\n\n<div class=\"wp-block-columns is-layout-flex wp-container-core-columns-is-layout-28f84493 wp-block-columns-is-layout-flex\">\n<div class=\"wp-block-column is-layout-flow wp-block-column-is-layout-flow\" style=\"flex-basis:100%\">\n<div class=\"wp-block-columns is-layout-flex wp-container-core-columns-is-layout-28f84493 wp-block-columns-is-layout-flex\">\n<div class=\"wp-block-column is-layout-flow wp-block-column-is-layout-flow\" style=\"flex-basis:100%\">\n<div class=\"wp-block-group\"><div class=\"wp-block-group__inner-container is-layout-constrained wp-block-group-is-layout-constrained\">\n<div class=\"wp-block-columns is-layout-flex wp-container-core-columns-is-layout-28f84493 wp-block-columns-is-layout-flex\">\n<div class=\"wp-block-column is-layout-flow wp-block-column-is-layout-flow\" style=\"flex-basis:100%\">\n<div class=\"wp-block-columns is-layout-flex wp-container-core-columns-is-layout-28f84493 wp-block-columns-is-layout-flex\">\n<div class=\"wp-block-column is-layout-flow wp-block-column-is-layout-flow\" style=\"flex-basis:100%\">\n<div class=\"wp-block-group alignfull\"><div class=\"wp-block-group__inner-container is-layout-constrained wp-block-group-is-layout-constrained\">\n<div class=\"wp-block-columns is-layout-flex wp-container-core-columns-is-layout-28f84493 wp-block-columns-is-layout-flex\">\n<div class=\"wp-block-column is-layout-flow wp-block-column-is-layout-flow\">\n<div data-wp-interactive=\"core\/file\" class=\"wp-block-file\"><object data-wp-bind--hidden=\"!state.hasPdfPreview\" hidden class=\"wp-block-file__embed\" data=\"https:\/\/naszatlocznia.pl\/wp-content\/uploads\/2023\/02\/10412_U-1.pdf\" type=\"application\/pdf\" style=\"width:100%;height:600px\" aria-label=\"Vlo\u017ei\u0165 10412_U-1.\"><\/object><a id=\"wp-block-file--media-6611c9e2-7649-4c37-8789-be3d92c41496\" href=\"https:\/\/naszatlocznia.pl\/wp-content\/uploads\/2023\/02\/10412_U-1.pdf\">10412_U-1<\/a><a href=\"https:\/\/naszatlocznia.pl\/wp-content\/uploads\/2023\/02\/10412_U-1.pdf\" class=\"wp-block-file__button wp-element-button\" download aria-describedby=\"wp-block-file--media-6611c9e2-7649-4c37-8789-be3d92c41496\">Stiahnu\u0165<\/a><\/div>\n<\/div>\n\n\n\n<div class=\"wp-block-column is-layout-flow wp-block-column-is-layout-flow\">\n<div data-wp-interactive=\"core\/file\" class=\"wp-block-file\"><object data-wp-bind--hidden=\"!state.hasPdfPreview\" hidden class=\"wp-block-file__embed\" data=\"https:\/\/naszatlocznia.pl\/wp-content\/uploads\/2023\/02\/C_5998-P-22-1.pdf\" type=\"application\/pdf\" style=\"width:100%;height:600px\" aria-label=\"Vlo\u017ei\u0165 C_5998-P-22-1.\"><\/object><a id=\"wp-block-file--media-f3b85fbb-f55f-4cf4-b87e-349945c4e592\" href=\"https:\/\/naszatlocznia.pl\/wp-content\/uploads\/2023\/02\/C_5998-P-22-1.pdf\">C_5998-P-22-1<\/a><a href=\"https:\/\/naszatlocznia.pl\/wp-content\/uploads\/2023\/02\/C_5998-P-22-1.pdf\" class=\"wp-block-file__button wp-element-button\" download aria-describedby=\"wp-block-file--media-f3b85fbb-f55f-4cf4-b87e-349945c4e592\">Stiahnu\u0165<\/a><\/div>\n<\/div>\n\n\n\n<div class=\"wp-block-column is-layout-flow wp-block-column-is-layout-flow\">\n<div data-wp-interactive=\"core\/file\" class=\"wp-block-file\"><object data-wp-bind--hidden=\"!state.hasPdfPreview\" hidden class=\"wp-block-file__embed\" data=\"https:\/\/naszatlocznia.pl\/wp-content\/uploads\/2023\/02\/Blue_Angel.pdf\" type=\"application\/pdf\" style=\"width:100%;height:600px\" aria-label=\"Vlo\u017ei\u0165 Blue_Angel.\"><\/object><a id=\"wp-block-file--media-20fd3c80-eb14-40e3-9223-eb38740e0bf1\" href=\"https:\/\/naszatlocznia.pl\/wp-content\/uploads\/2023\/02\/Blue_Angel.pdf\">Modr\u00fd anjel<\/a><a href=\"https:\/\/naszatlocznia.pl\/wp-content\/uploads\/2023\/02\/Blue_Angel.pdf\" class=\"wp-block-file__button wp-element-button\" download aria-describedby=\"wp-block-file--media-20fd3c80-eb14-40e3-9223-eb38740e0bf1\">Stiahnu\u0165<\/a><\/div>\n<\/div>\n<\/div>\n<\/div><\/div>\n<\/div>\n<\/div>\n<\/div>\n<\/div>\n<\/div><\/div>\n<\/div>\n<\/div>\n<\/div>\n<\/div>","protected":false},"excerpt":{"rendered":"<p>NASZA T\u0141OCZNIA \u2013 SOKI Z SERCA POLSKIEGO SADOWNICTWA. Nasza T\u0142ocznia narodzi\u0142a si\u0119 z&nbsp;rodzinnego gospodarstwa sadowniczego.&nbsp;Od pokole\u0144 zajmujemy si\u0119 upraw\u0105 jab\u0142oni,&nbsp;a&nbsp;tereny, kt\u00f3re zamieszkujemy to serce polskiego sadownictwa. W\u0142a\u015bnie u&nbsp;nas, w&nbsp;Konarach, jedne z&nbsp;pierwszych jab\u0142oni uprawiano ju\u017c ponad 400 lat temu. Zbierane przez nas owoce przetwarzamy na&nbsp;\u015bwie\u017ce i&nbsp;zdrowe produkty. Zaczynali\u015bmy ma\u0142ymi krokami \u2013 od pojedynczych szklanek soku. Kiedy [&hellip;]<\/p>\n","protected":false},"author":1,"featured_media":0,"parent":0,"menu_order":0,"comment_status":"closed","ping_status":"closed","template":"","meta":{"footnotes":""},"class_list":["post-194","page","type-page","status-publish","hentry"],"yoast_head":"<!-- This site is optimized with the Yoast SEO plugin v24.9 - https:\/\/yoast.com\/wordpress\/plugins\/seo\/ -->\n<title>O nas - nfc-juices<\/title>\n<meta name=\"robots\" content=\"index, follow, max-snippet:-1, max-image-preview:large, max-video-preview:-1\" \/>\n<link rel=\"canonical\" href=\"https:\/\/nfcjuices.com\/sk\/o-nas\/\" \/>\n<meta property=\"og:locale\" content=\"sk_SK\" \/>\n<meta property=\"og:type\" content=\"article\" \/>\n<meta property=\"og:title\" content=\"O nas - nfc-juices\" \/>\n<meta property=\"og:description\" content=\"NASZA T\u0141OCZNIA \u2013 SOKI Z SERCA POLSKIEGO SADOWNICTWA. Nasza T\u0142ocznia narodzi\u0142a si\u0119 z&nbsp;rodzinnego gospodarstwa sadowniczego.&nbsp;Od pokole\u0144 zajmujemy si\u0119 upraw\u0105 jab\u0142oni,&nbsp;a&nbsp;tereny, kt\u00f3re zamieszkujemy to serce polskiego sadownictwa. W\u0142a\u015bnie u&nbsp;nas, w&nbsp;Konarach, jedne z&nbsp;pierwszych jab\u0142oni uprawiano ju\u017c ponad 400 lat temu. Zbierane przez nas owoce przetwarzamy na&nbsp;\u015bwie\u017ce i&nbsp;zdrowe produkty. Zaczynali\u015bmy ma\u0142ymi krokami \u2013 od pojedynczych szklanek soku. Kiedy [&hellip;]\" \/>\n<meta property=\"og:url\" content=\"https:\/\/nfcjuices.com\/sk\/o-nas\/\" \/>\n<meta property=\"og:site_name\" content=\"nfc-juices\" \/>\n<meta property=\"article:modified_time\" content=\"2025-04-15T08:18:10+00:00\" \/>\n<meta property=\"og:image\" content=\"https:\/\/naszatlocznia.pl\/wp-content\/uploads\/2022\/01\/IMG_2581-768x1024.jpeg\" \/>\n<meta name=\"twitter:card\" content=\"summary_large_image\" \/>\n<meta name=\"twitter:label1\" content=\"Predpokladan\u00fd \u010das \u010d\u00edtania\" \/>\n\t<meta name=\"twitter:data1\" content=\"4 min\u00faty\" \/>\n<script type=\"application\/ld+json\" class=\"yoast-schema-graph\">{\"@context\":\"https:\/\/schema.org\",\"@graph\":[{\"@type\":\"WebPage\",\"@id\":\"https:\/\/nfcjuices.com\/o-nas\/\",\"url\":\"https:\/\/nfcjuices.com\/o-nas\/\",\"name\":\"O nas - nfc-juices\",\"isPartOf\":{\"@id\":\"https:\/\/nfcjuices.com\/#website\"},\"primaryImageOfPage\":{\"@id\":\"https:\/\/nfcjuices.com\/o-nas\/#primaryimage\"},\"image\":{\"@id\":\"https:\/\/nfcjuices.com\/o-nas\/#primaryimage\"},\"thumbnailUrl\":\"https:\/\/naszatlocznia.pl\/wp-content\/uploads\/2022\/01\/IMG_2581-768x1024.jpeg\",\"datePublished\":\"2025-03-12T14:13:29+00:00\",\"dateModified\":\"2025-04-15T08:18:10+00:00\",\"breadcrumb\":{\"@id\":\"https:\/\/nfcjuices.com\/o-nas\/#breadcrumb\"},\"inLanguage\":\"sk-SK\",\"potentialAction\":[{\"@type\":\"ReadAction\",\"target\":[\"https:\/\/nfcjuices.com\/o-nas\/\"]}]},{\"@type\":\"ImageObject\",\"inLanguage\":\"sk-SK\",\"@id\":\"https:\/\/nfcjuices.com\/o-nas\/#primaryimage\",\"url\":\"https:\/\/naszatlocznia.pl\/wp-content\/uploads\/2022\/01\/IMG_2581-768x1024.jpeg\",\"contentUrl\":\"https:\/\/naszatlocznia.pl\/wp-content\/uploads\/2022\/01\/IMG_2581-768x1024.jpeg\"},{\"@type\":\"BreadcrumbList\",\"@id\":\"https:\/\/nfcjuices.com\/o-nas\/#breadcrumb\",\"itemListElement\":[{\"@type\":\"ListItem\",\"position\":1,\"name\":\"Strona g\u0142\u00f3wna\",\"item\":\"https:\/\/nfcjuices.com\/\"},{\"@type\":\"ListItem\",\"position\":2,\"name\":\"O nas\"}]},{\"@type\":\"WebSite\",\"@id\":\"https:\/\/nfcjuices.com\/#website\",\"url\":\"https:\/\/nfcjuices.com\/\",\"name\":\"nfc-juices\",\"description\":\"Soki, przeciery, musy NFC w beczkach\",\"publisher\":{\"@id\":\"https:\/\/nfcjuices.com\/#organization\"},\"potentialAction\":[{\"@type\":\"SearchAction\",\"target\":{\"@type\":\"EntryPoint\",\"urlTemplate\":\"https:\/\/nfcjuices.com\/?s={search_term_string}\"},\"query-input\":{\"@type\":\"PropertyValueSpecification\",\"valueRequired\":true,\"valueName\":\"search_term_string\"}}],\"inLanguage\":\"sk-SK\"},{\"@type\":\"Organization\",\"@id\":\"https:\/\/nfcjuices.com\/#organization\",\"name\":\"Nasza T\u0142ocznia\",\"url\":\"https:\/\/nfcjuices.com\/\",\"logo\":{\"@type\":\"ImageObject\",\"inLanguage\":\"sk-SK\",\"@id\":\"https:\/\/nfcjuices.com\/#\/schema\/logo\/image\/\",\"url\":\"https:\/\/nfcjuices.com\/wp-content\/uploads\/2025\/05\/cropped-B2b-1.png\",\"contentUrl\":\"https:\/\/nfcjuices.com\/wp-content\/uploads\/2025\/05\/cropped-B2b-1.png\",\"width\":1199,\"height\":999,\"caption\":\"Nasza T\u0142ocznia\"},\"image\":{\"@id\":\"https:\/\/nfcjuices.com\/#\/schema\/logo\/image\/\"}}]}<\/script>\n<!-- \/ Yoast SEO plugin. -->","yoast_head_json":{"title":"O n\u00e1s - nfc-juices","robots":{"index":"index","follow":"follow","max-snippet":"max-snippet:-1","max-image-preview":"max-image-preview:large","max-video-preview":"max-video-preview:-1"},"canonical":"https:\/\/nfcjuices.com\/sk\/o-nas\/","og_locale":"sk_SK","og_type":"article","og_title":"O nas - nfc-juices","og_description":"NASZA T\u0141OCZNIA \u2013 SOKI Z SERCA POLSKIEGO SADOWNICTWA. Nasza T\u0142ocznia narodzi\u0142a si\u0119 z&nbsp;rodzinnego gospodarstwa sadowniczego.&nbsp;Od pokole\u0144 zajmujemy si\u0119 upraw\u0105 jab\u0142oni,&nbsp;a&nbsp;tereny, kt\u00f3re zamieszkujemy to serce polskiego sadownictwa. W\u0142a\u015bnie u&nbsp;nas, w&nbsp;Konarach, jedne z&nbsp;pierwszych jab\u0142oni uprawiano ju\u017c ponad 400 lat temu. Zbierane przez nas owoce przetwarzamy na&nbsp;\u015bwie\u017ce i&nbsp;zdrowe produkty. Zaczynali\u015bmy ma\u0142ymi krokami \u2013 od pojedynczych szklanek soku. Kiedy [&hellip;]","og_url":"https:\/\/nfcjuices.com\/sk\/o-nas\/","og_site_name":"nfc-juices","article_modified_time":"2025-04-15T08:18:10+00:00","og_image":[{"url":"https:\/\/naszatlocznia.pl\/wp-content\/uploads\/2022\/01\/IMG_2581-768x1024.jpeg","type":"","width":"","height":""}],"twitter_card":"summary_large_image","twitter_misc":{"Predpokladan\u00fd \u010das \u010d\u00edtania":"4 min\u00faty"},"schema":{"@context":"https:\/\/schema.org","@graph":[{"@type":"WebPage","@id":"https:\/\/nfcjuices.com\/o-nas\/","url":"https:\/\/nfcjuices.com\/o-nas\/","name":"O n\u00e1s - nfc-juices","isPartOf":{"@id":"https:\/\/nfcjuices.com\/#website"},"primaryImageOfPage":{"@id":"https:\/\/nfcjuices.com\/o-nas\/#primaryimage"},"image":{"@id":"https:\/\/nfcjuices.com\/o-nas\/#primaryimage"},"thumbnailUrl":"https:\/\/naszatlocznia.pl\/wp-content\/uploads\/2022\/01\/IMG_2581-768x1024.jpeg","datePublished":"2025-03-12T14:13:29+00:00","dateModified":"2025-04-15T08:18:10+00:00","breadcrumb":{"@id":"https:\/\/nfcjuices.com\/o-nas\/#breadcrumb"},"inLanguage":"sk-SK","potentialAction":[{"@type":"ReadAction","target":["https:\/\/nfcjuices.com\/o-nas\/"]}]},{"@type":"ImageObject","inLanguage":"sk-SK","@id":"https:\/\/nfcjuices.com\/o-nas\/#primaryimage","url":"https:\/\/naszatlocznia.pl\/wp-content\/uploads\/2022\/01\/IMG_2581-768x1024.jpeg","contentUrl":"https:\/\/naszatlocznia.pl\/wp-content\/uploads\/2022\/01\/IMG_2581-768x1024.jpeg"},{"@type":"BreadcrumbList","@id":"https:\/\/nfcjuices.com\/o-nas\/#breadcrumb","itemListElement":[{"@type":"ListItem","position":1,"name":"Strona g\u0142\u00f3wna","item":"https:\/\/nfcjuices.com\/"},{"@type":"ListItem","position":2,"name":"O nas"}]},{"@type":"WebSite","@id":"https:\/\/nfcjuices.com\/#website","url":"https:\/\/nfcjuices.com\/","name":"nfc \u0161\u0165avy","description":"\u0160\u0165avy, pyr\u00e9, NFC peny v sudoch","publisher":{"@id":"https:\/\/nfcjuices.com\/#organization"},"potentialAction":[{"@type":"SearchAction","target":{"@type":"EntryPoint","urlTemplate":"https:\/\/nfcjuices.com\/?s={search_term_string}"},"query-input":{"@type":"PropertyValueSpecification","valueRequired":true,"valueName":"search_term_string"}}],"inLanguage":"sk-SK"},{"@type":"Organization","@id":"https:\/\/nfcjuices.com\/#organization","name":"Na\u0161a lisov\u0148a","url":"https:\/\/nfcjuices.com\/","logo":{"@type":"ImageObject","inLanguage":"sk-SK","@id":"https:\/\/nfcjuices.com\/#\/schema\/logo\/image\/","url":"https:\/\/nfcjuices.com\/wp-content\/uploads\/2025\/05\/cropped-B2b-1.png","contentUrl":"https:\/\/nfcjuices.com\/wp-content\/uploads\/2025\/05\/cropped-B2b-1.png","width":1199,"height":999,"caption":"Nasza T\u0142ocznia"},"image":{"@id":"https:\/\/nfcjuices.com\/#\/schema\/logo\/image\/"}}]}},"_links":{"self":[{"href":"https:\/\/nfcjuices.com\/sk\/wp-json\/wp\/v2\/pages\/194","targetHints":{"allow":["GET"]}}],"collection":[{"href":"https:\/\/nfcjuices.com\/sk\/wp-json\/wp\/v2\/pages"}],"about":[{"href":"https:\/\/nfcjuices.com\/sk\/wp-json\/wp\/v2\/types\/page"}],"author":[{"embeddable":true,"href":"https:\/\/nfcjuices.com\/sk\/wp-json\/wp\/v2\/users\/1"}],"replies":[{"embeddable":true,"href":"https:\/\/nfcjuices.com\/sk\/wp-json\/wp\/v2\/comments?post=194"}],"version-history":[{"count":2,"href":"https:\/\/nfcjuices.com\/sk\/wp-json\/wp\/v2\/pages\/194\/revisions"}],"predecessor-version":[{"id":945,"href":"https:\/\/nfcjuices.com\/sk\/wp-json\/wp\/v2\/pages\/194\/revisions\/945"}],"wp:attachment":[{"href":"https:\/\/nfcjuices.com\/sk\/wp-json\/wp\/v2\/media?parent=194"}],"curies":[{"name":"pracovn\u00fd list","href":"https:\/\/api.w.org\/{rel}","templated":true}]}}