{"id":98,"date":"2025-03-10T12:48:35","date_gmt":"2025-03-10T11:48:35","guid":{"rendered":"https:\/\/nfcjuices.com\/?post_type=product&#038;p=98"},"modified":"2026-04-16T10:23:43","modified_gmt":"2026-04-16T08:23:43","slug":"okologisk-eple-med-rodt-fruktkjott-200-kg","status":"publish","type":"product","link":"https:\/\/nfcjuices.com\/nb\/produkt\/eko-jablko-odmiany-czerwono-miazszowe-200kg\/","title":{"rendered":"Juice 100% EKO eple (r\u00f8dfruktede varianter) 200 kg"},"content":{"rendered":"<p><strong>Produkttype:<\/strong> juice <\/p>\n<p> <strong>Brix: <\/strong>11<br \/><strong>Tekniske spesifikasjoner tilgjengelig p\u00e5 foresp\u00f8rsel.<\/strong><\/p>\n<p><strong>N\u00e6ringsinnhold:<\/strong><br \/> Energiverdi: 40,36 kcal <\/p>\n<p>  Fett: 0,04 g <\/p>\n<p>  Karbohydrater: 10,09 g                  \t <\/p>\n<p>  -inkludert sukkerarter: 8,95 g                                               <\/p>\n<p>  Protein: 0,1 g    <\/p>","protected":false},"excerpt":{"rendered":"<p>Rodzaj produktu: sok Brix: 11Specyfikacja techniczna dost\u0119pna na \u017cyczenie klienta. Warto\u015bci od\u017cywcze: Warto\u015b\u0107 en.: 40,36kcal T\u0142uszcz: 0,04g W\u0119glowodany: 10,09g -w tym cukry: 8,95g Bia\u0142ko: 0,1g<\/p>","protected":false},"featured_media":1275,"comment_status":"open","ping_status":"closed","template":"","meta":[],"product_brand":[],"product_cat":[47,26],"product_tag":[34],"class_list":{"0":"post-98","1":"product","2":"type-product","3":"status-publish","4":"has-post-thumbnail","6":"product_cat-soki-nfc","7":"product_cat-soki-tloczone-nfc","8":"product_tag-beczka","9":"pa_pojemnosc-200kg","11":"first","12":"instock","13":"taxable","14":"shipping-taxable","15":"purchasable","16":"product-type-simple"},"yoast_head":"<!-- This site is optimized with the Yoast SEO plugin v24.9 - https:\/\/yoast.com\/wordpress\/plugins\/seo\/ -->\n<title>Sok z jab\u0142ka EKO Czerwono-mi\u0105\u017cszowego NFC - beczka 200 kg<\/title>\n<meta name=\"description\" content=\"EKO sok 100% z jab\u0142ek czerwono-mi\u0105\u017cszowych NFC, beczka 200 kg. Pasteryzowany, bez cukru. Do napoj\u00f3w i deser\u00f3w BIO. Dostawa paletowa i dost\u0119pna specyfikacja\" \/>\n<meta name=\"robots\" content=\"index, follow, max-snippet:-1, max-image-preview:large, max-video-preview:-1\" \/>\n<link rel=\"canonical\" href=\"https:\/\/nfcjuices.com\/nb\/produkt\/okologisk-eple-med-rodt-fruktkjott-200-kg\/\" \/>\n<meta property=\"og:locale\" content=\"nb_NO\" \/>\n<meta property=\"og:type\" content=\"article\" \/>\n<meta property=\"og:title\" content=\"Sok z jab\u0142ka EKO Czerwono-mi\u0105\u017cszowego NFC - beczka 200 kg\" \/>\n<meta property=\"og:description\" content=\"EKO sok 100% z jab\u0142ek czerwono-mi\u0105\u017cszowych NFC, beczka 200 kg. Pasteryzowany, bez cukru. Do napoj\u00f3w i deser\u00f3w BIO. Dostawa paletowa i dost\u0119pna specyfikacja\" \/>\n<meta property=\"og:url\" content=\"https:\/\/nfcjuices.com\/nb\/produkt\/okologisk-eple-med-rodt-fruktkjott-200-kg\/\" \/>\n<meta property=\"og:site_name\" content=\"nfc-juices\" \/>\n<meta property=\"article:modified_time\" content=\"2026-04-16T08:23:43+00:00\" \/>\n<meta property=\"og:image\" content=\"https:\/\/nfcjuices.com\/wp-content\/uploads\/2025\/03\/PL-EKO-05.png\" \/>\n\t<meta property=\"og:image:width\" content=\"750\" \/>\n\t<meta property=\"og:image:height\" content=\"750\" \/>\n\t<meta property=\"og:image:type\" content=\"image\/png\" \/>\n<meta name=\"twitter:card\" content=\"summary_large_image\" \/>\n<meta name=\"twitter:label1\" content=\"Ansl. lesetid\" \/>\n\t<meta name=\"twitter:data1\" content=\"2 minutter\" \/>\n<script type=\"application\/ld+json\" class=\"yoast-schema-graph\">{\"@context\":\"https:\/\/schema.org\",\"@graph\":[{\"@type\":\"WebPage\",\"@id\":\"https:\/\/nfcjuices.com\/produkt\/eko-jablko-odmiany-czerwono-miazszowe-200kg\/\",\"url\":\"https:\/\/nfcjuices.com\/produkt\/eko-jablko-odmiany-czerwono-miazszowe-200kg\/\",\"name\":\"Sok z jab\u0142ka EKO Czerwono-mi\u0105\u017cszowego NFC - beczka 200 kg\",\"isPartOf\":{\"@id\":\"https:\/\/nfcjuices.com\/#website\"},\"primaryImageOfPage\":{\"@id\":\"https:\/\/nfcjuices.com\/produkt\/eko-jablko-odmiany-czerwono-miazszowe-200kg\/#primaryimage\"},\"image\":{\"@id\":\"https:\/\/nfcjuices.com\/produkt\/eko-jablko-odmiany-czerwono-miazszowe-200kg\/#primaryimage\"},\"thumbnailUrl\":\"https:\/\/nfcjuices.com\/wp-content\/uploads\/2025\/03\/PL-EKO-05.png\",\"datePublished\":\"2025-03-10T11:48:35+00:00\",\"dateModified\":\"2026-04-16T08:23:43+00:00\",\"description\":\"EKO sok 100% z jab\u0142ek czerwono-mi\u0105\u017cszowych NFC, beczka 200 kg. Pasteryzowany, bez cukru. Do napoj\u00f3w i deser\u00f3w BIO. Dostawa paletowa i dost\u0119pna specyfikacja\",\"breadcrumb\":{\"@id\":\"https:\/\/nfcjuices.com\/produkt\/eko-jablko-odmiany-czerwono-miazszowe-200kg\/#breadcrumb\"},\"inLanguage\":\"nb-NO\",\"potentialAction\":[{\"@type\":\"ReadAction\",\"target\":[\"https:\/\/nfcjuices.com\/produkt\/eko-jablko-odmiany-czerwono-miazszowe-200kg\/\"]}]},{\"@type\":\"ImageObject\",\"inLanguage\":\"nb-NO\",\"@id\":\"https:\/\/nfcjuices.com\/produkt\/eko-jablko-odmiany-czerwono-miazszowe-200kg\/#primaryimage\",\"url\":\"https:\/\/nfcjuices.com\/wp-content\/uploads\/2025\/03\/PL-EKO-05.png\",\"contentUrl\":\"https:\/\/nfcjuices.com\/wp-content\/uploads\/2025\/03\/PL-EKO-05.png\",\"width\":750,\"height\":750,\"caption\":\"PL-EKO-05\"},{\"@type\":\"BreadcrumbList\",\"@id\":\"https:\/\/nfcjuices.com\/produkt\/eko-jablko-odmiany-czerwono-miazszowe-200kg\/#breadcrumb\",\"itemListElement\":[{\"@type\":\"ListItem\",\"position\":1,\"name\":\"Strona g\u0142\u00f3wna\",\"item\":\"https:\/\/nfcjuices.com\/\"},{\"@type\":\"ListItem\",\"position\":2,\"name\":\"Nasze produkty\",\"item\":\"https:\/\/nfcjuices.com\/sv\/vara-produkter\/\"},{\"@type\":\"ListItem\",\"position\":3,\"name\":\"Sok 100% EKO jab\u0142ko (odmiany czerwono mi\u0105\u017cszowe) 200kg\"}]},{\"@type\":\"WebSite\",\"@id\":\"https:\/\/nfcjuices.com\/#website\",\"url\":\"https:\/\/nfcjuices.com\/\",\"name\":\"nfc-juices\",\"description\":\"Soki, przeciery, musy NFC w beczkach\",\"publisher\":{\"@id\":\"https:\/\/nfcjuices.com\/#organization\"},\"potentialAction\":[{\"@type\":\"SearchAction\",\"target\":{\"@type\":\"EntryPoint\",\"urlTemplate\":\"https:\/\/nfcjuices.com\/?s={search_term_string}\"},\"query-input\":{\"@type\":\"PropertyValueSpecification\",\"valueRequired\":true,\"valueName\":\"search_term_string\"}}],\"inLanguage\":\"nb-NO\"},{\"@type\":\"Organization\",\"@id\":\"https:\/\/nfcjuices.com\/#organization\",\"name\":\"Nasza T\u0142ocznia\",\"url\":\"https:\/\/nfcjuices.com\/\",\"logo\":{\"@type\":\"ImageObject\",\"inLanguage\":\"nb-NO\",\"@id\":\"https:\/\/nfcjuices.com\/#\/schema\/logo\/image\/\",\"url\":\"https:\/\/nfcjuices.com\/wp-content\/uploads\/2025\/05\/cropped-B2b-1.png\",\"contentUrl\":\"https:\/\/nfcjuices.com\/wp-content\/uploads\/2025\/05\/cropped-B2b-1.png\",\"width\":1199,\"height\":999,\"caption\":\"Nasza T\u0142ocznia\"},\"image\":{\"@id\":\"https:\/\/nfcjuices.com\/#\/schema\/logo\/image\/\"}}]}<\/script>\n<!-- \/ Yoast SEO plugin. -->","yoast_head_json":{"title":"\u00d8kologisk r\u00f8dfruktet eplejuice NFC - 200 kg fat","description":"\u00d8kologisk 100% juice fra r\u00f8dfruktede NFC-epler, 200 kg fat. Pasteurisert, sukkerfri. For \u00f8kologiske drikker og desserter. Pallelevering og spesifikasjoner tilgjengelig.","robots":{"index":"index","follow":"follow","max-snippet":"max-snippet:-1","max-image-preview":"max-image-preview:large","max-video-preview":"max-video-preview:-1"},"canonical":"https:\/\/nfcjuices.com\/nb\/produkt\/okologisk-eple-med-rodt-fruktkjott-200-kg\/","og_locale":"nb_NO","og_type":"article","og_title":"Sok z jab\u0142ka EKO Czerwono-mi\u0105\u017cszowego NFC - beczka 200 kg","og_description":"EKO sok 100% z jab\u0142ek czerwono-mi\u0105\u017cszowych NFC, beczka 200 kg. Pasteryzowany, bez cukru. Do napoj\u00f3w i deser\u00f3w BIO. Dostawa paletowa i dost\u0119pna specyfikacja","og_url":"https:\/\/nfcjuices.com\/nb\/produkt\/okologisk-eple-med-rodt-fruktkjott-200-kg\/","og_site_name":"nfc-juices","article_modified_time":"2026-04-16T08:23:43+00:00","og_image":[{"width":750,"height":750,"url":"https:\/\/nfcjuices.com\/wp-content\/uploads\/2025\/03\/PL-EKO-05.png","type":"image\/png"}],"twitter_card":"summary_large_image","twitter_misc":{"Ansl. lesetid":"2 minutter"},"schema":{"@context":"https:\/\/schema.org","@graph":[{"@type":"WebPage","@id":"https:\/\/nfcjuices.com\/produkt\/eko-jablko-odmiany-czerwono-miazszowe-200kg\/","url":"https:\/\/nfcjuices.com\/produkt\/eko-jablko-odmiany-czerwono-miazszowe-200kg\/","name":"\u00d8kologisk r\u00f8dfruktet eplejuice NFC - 200 kg fat","isPartOf":{"@id":"https:\/\/nfcjuices.com\/#website"},"primaryImageOfPage":{"@id":"https:\/\/nfcjuices.com\/produkt\/eko-jablko-odmiany-czerwono-miazszowe-200kg\/#primaryimage"},"image":{"@id":"https:\/\/nfcjuices.com\/produkt\/eko-jablko-odmiany-czerwono-miazszowe-200kg\/#primaryimage"},"thumbnailUrl":"https:\/\/nfcjuices.com\/wp-content\/uploads\/2025\/03\/PL-EKO-05.png","datePublished":"2025-03-10T11:48:35+00:00","dateModified":"2026-04-16T08:23:43+00:00","description":"\u00d8kologisk 100% juice fra r\u00f8dfruktede NFC-epler, 200 kg fat. Pasteurisert, sukkerfri. For \u00f8kologiske drikker og desserter. Pallelevering og spesifikasjoner tilgjengelig.","breadcrumb":{"@id":"https:\/\/nfcjuices.com\/produkt\/eko-jablko-odmiany-czerwono-miazszowe-200kg\/#breadcrumb"},"inLanguage":"nb-NO","potentialAction":[{"@type":"ReadAction","target":["https:\/\/nfcjuices.com\/produkt\/eko-jablko-odmiany-czerwono-miazszowe-200kg\/"]}]},{"@type":"ImageObject","inLanguage":"nb-NO","@id":"https:\/\/nfcjuices.com\/produkt\/eko-jablko-odmiany-czerwono-miazszowe-200kg\/#primaryimage","url":"https:\/\/nfcjuices.com\/wp-content\/uploads\/2025\/03\/PL-EKO-05.png","contentUrl":"https:\/\/nfcjuices.com\/wp-content\/uploads\/2025\/03\/PL-EKO-05.png","width":750,"height":750,"caption":"PL-EKO-05"},{"@type":"BreadcrumbList","@id":"https:\/\/nfcjuices.com\/produkt\/eko-jablko-odmiany-czerwono-miazszowe-200kg\/#breadcrumb","itemListElement":[{"@type":"ListItem","position":1,"name":"Strona g\u0142\u00f3wna","item":"https:\/\/nfcjuices.com\/"},{"@type":"ListItem","position":2,"name":"Nasze produkty","item":"https:\/\/nfcjuices.com\/sv\/vara-produkter\/"},{"@type":"ListItem","position":3,"name":"Sok 100% EKO jab\u0142ko (odmiany czerwono mi\u0105\u017cszowe) 200kg"}]},{"@type":"WebSite","@id":"https:\/\/nfcjuices.com\/#website","url":"https:\/\/nfcjuices.com\/","name":"nfc juice","description":"Juice, pur\u00e9er, NFC-mousser p\u00e5 fat","publisher":{"@id":"https:\/\/nfcjuices.com\/#organization"},"potentialAction":[{"@type":"SearchAction","target":{"@type":"EntryPoint","urlTemplate":"https:\/\/nfcjuices.com\/?s={search_term_string}"},"query-input":{"@type":"PropertyValueSpecification","valueRequired":true,"valueName":"search_term_string"}}],"inLanguage":"nb-NO"},{"@type":"Organization","@id":"https:\/\/nfcjuices.com\/#organization","name":"Presseanlegget v\u00e5rt","url":"https:\/\/nfcjuices.com\/","logo":{"@type":"ImageObject","inLanguage":"nb-NO","@id":"https:\/\/nfcjuices.com\/#\/schema\/logo\/image\/","url":"https:\/\/nfcjuices.com\/wp-content\/uploads\/2025\/05\/cropped-B2b-1.png","contentUrl":"https:\/\/nfcjuices.com\/wp-content\/uploads\/2025\/05\/cropped-B2b-1.png","width":1199,"height":999,"caption":"Nasza T\u0142ocznia"},"image":{"@id":"https:\/\/nfcjuices.com\/#\/schema\/logo\/image\/"}}]}},"_links":{"self":[{"href":"https:\/\/nfcjuices.com\/nb\/wp-json\/wp\/v2\/product\/98","targetHints":{"allow":["GET"]}}],"collection":[{"href":"https:\/\/nfcjuices.com\/nb\/wp-json\/wp\/v2\/product"}],"about":[{"href":"https:\/\/nfcjuices.com\/nb\/wp-json\/wp\/v2\/types\/product"}],"replies":[{"embeddable":true,"href":"https:\/\/nfcjuices.com\/nb\/wp-json\/wp\/v2\/comments?post=98"}],"wp:featuredmedia":[{"embeddable":true,"href":"https:\/\/nfcjuices.com\/nb\/wp-json\/wp\/v2\/media\/1275"}],"wp:attachment":[{"href":"https:\/\/nfcjuices.com\/nb\/wp-json\/wp\/v2\/media?parent=98"}],"wp:term":[{"taxonomy":"product_brand","embeddable":true,"href":"https:\/\/nfcjuices.com\/nb\/wp-json\/wp\/v2\/product_brand?post=98"},{"taxonomy":"product_cat","embeddable":true,"href":"https:\/\/nfcjuices.com\/nb\/wp-json\/wp\/v2\/product_cat?post=98"},{"taxonomy":"product_tag","embeddable":true,"href":"https:\/\/nfcjuices.com\/nb\/wp-json\/wp\/v2\/product_tag?post=98"}],"curies":[{"name":"wp","href":"https:\/\/api.w.org\/{rel}","templated":true}]}}