{"id":401,"date":"2025-03-31T11:54:19","date_gmt":"2025-03-31T09:54:19","guid":{"rendered":"https:\/\/nfcjuices.com\/?post_type=product&#038;p=401"},"modified":"2026-04-14T11:36:26","modified_gmt":"2026-04-14T09:36:26","slug":"karneolsk-kirsebaerpure-3-kg","status":"publish","type":"product","link":"https:\/\/nfcjuices.com\/nb\/produkt\/przecier-z-derenia-3kg\/","title":{"rendered":"Kornellpur\u00e9 3 kg"},"content":{"rendered":"<h2>Dogwoodpur\u00e9 3 kg \u2013 naturlig og aromatisk<\/h2>\n<p>V\u00e5r karneolpur\u00e9 er essensen av smak og sunnhet, pakket i en praktisk 3 kg BiB-pakke. Laget p\u00e5 fabrikken v\u00e5r av n\u00f8ye utvalgte karneolkirseb\u00e6r, uten tilsetningsstoffer eller konserveringsmidler, beholder den sin fulle n\u00e6ringsverdi og intense, litt syrlige smak. Det er et ideelt valg for elskere av naturlige produkter.<\/p>\n<h2>Hvorfor velge v\u00e5r kornellpur\u00e9?<\/h2>\n<p><\/p>\n<ul>\n<li>100% naturlig \u2013 ingen kunstige tilsetningsstoffer, sukker eller konserveringsmidler.<\/li>\n<li>Rik p\u00e5 antioksidanter, vitamin C og A, og mikroelementer som st\u00f8tter immunforsvaret.<\/li>\n<li>Produsert i v\u00e5r presse \u2013 vi kontrollerer hele prosessen, fra frukt til ferdig produkt.<\/li>\n<li>Pakket i praktisk BiB-emballasje for friskhet og enkel dosering.<\/li>\n<\/ul>\n<h2>Hvordan bruke kornellpur\u00e9?<\/h2>\n<p><\/p>\n<ul>\n<li>Som base for juice, drinker og cocktailer.<\/li>\n<li>Et perfekt tillegg til desserter, syltet\u00f8y og mousser.<\/li>\n<li>Perfekt til kj\u00f8ttsauser, marinader og hjemmelaget syltet\u00f8y.<\/li>\n<li>Det fungerer utmerket i vegansk og tradisjonell mat.<\/li>\n<\/ul>\n<h2>Hvorfor er det verdt \u00e5 velge v\u00e5rt presseanlegg?<\/h2>\n<p>Vi er et familieeid presseri som har spesialisert seg p\u00e5 produksjon av naturlige fruktmarmelade i \u00e5revis. Vi bruker frukt av h\u00f8yeste kvalitet, noe som sikrer at hvert produkt er fullt av smak og n\u00e6ringsverdi. Takket v\u00e6re innovative pressing- og pasteuriseringsmetoder garanterer vi den h\u00f8yeste kvaliteten p\u00e5 produktene v\u00e5re.<\/p>\n<p>Bestill i dag! Velg 3 kg karneolkirseb\u00e6rpur\u00e9 og nyt den naturlige smaken og helsefordelene til denne unike frukten. Legg i handlekurven og opplev forskjellen som ekte kvalitet utgj\u00f8r!<\/p>","protected":false},"excerpt":{"rendered":"<h2>Hvorfor velge v\u00e5r kornellpur\u00e9?<\/h2>\n<p><\/p>\n<ul>\n<li>100% naturlig \u2013 ingen kunstige tilsetningsstoffer, sukker eller konserveringsmidler.<\/li>\n<li>Rik p\u00e5 antioksidanter, vitamin C og A, og mikroelementer som st\u00f8tter immunforsvaret.<\/li>\n<li>Produsert i v\u00e5r presse \u2013 vi kontrollerer hele prosessen, fra frukt til ferdig produkt.<\/li>\n<li>Pakket i en praktisk BiB-pose for friskhet og enkel dosering.<\/li>\n<\/ul>","protected":false},"featured_media":423,"comment_status":"open","ping_status":"closed","template":"","meta":[],"product_brand":[],"product_cat":[56],"product_tag":[],"class_list":{"0":"post-401","1":"product","2":"type-product","3":"status-publish","4":"has-post-thumbnail","6":"product_cat-przeciery","7":"pa_pojemnosc-3kg","9":"first","10":"instock","11":"taxable","12":"shipping-taxable","13":"purchasable","14":"product-type-simple"},"yoast_head":"<!-- This site is optimized with the Yoast SEO plugin v24.9 - https:\/\/yoast.com\/wordpress\/plugins\/seo\/ -->\n<title>Przecier z derenia 3kg - nfc-juices<\/title>\n<meta name=\"robots\" content=\"index, follow, max-snippet:-1, max-image-preview:large, max-video-preview:-1\" \/>\n<link rel=\"canonical\" href=\"https:\/\/nfcjuices.com\/nb\/produkt\/karneolsk-kirsebaerpure-3-kg\/\" \/>\n<meta property=\"og:locale\" content=\"nb_NO\" \/>\n<meta property=\"og:type\" content=\"article\" \/>\n<meta property=\"og:title\" content=\"Przecier z derenia 3kg - nfc-juices\" \/>\n<meta property=\"og:description\" content=\"Dlaczego warto wybra\u0107 nasz przecier z derenia? 100% naturalny \u2013 bez sztucznych dodatk\u00f3w, cukru i konserwant\u00f3w. Bogaty w antyoksydanty, witaminy C i A oraz mikroelementy wspieraj\u0105ce odporno\u015b\u0107. Wyprodukowany w Naszej T\u0142oczni \u2013 kontrolujemy ca\u0142y proces, od owocu po gotowy produkt. Pakowany w wygodny worek BiB, zapewniaj\u0105cy \u015bwie\u017co\u015b\u0107 i \u0142atwe dozowanie.\" \/>\n<meta property=\"og:url\" content=\"https:\/\/nfcjuices.com\/nb\/produkt\/karneolsk-kirsebaerpure-3-kg\/\" \/>\n<meta property=\"og:site_name\" content=\"nfc-juices\" \/>\n<meta property=\"article:modified_time\" content=\"2026-04-14T09:36:26+00:00\" \/>\n<meta property=\"og:image\" content=\"https:\/\/nfcjuices.com\/wp-content\/uploads\/2025\/03\/a3a2166a54c8cefa81c9eb64e45834c4.png\" \/>\n\t<meta property=\"og:image:width\" content=\"750\" \/>\n\t<meta property=\"og:image:height\" content=\"750\" \/>\n\t<meta property=\"og:image:type\" content=\"image\/png\" \/>\n<meta name=\"twitter:card\" content=\"summary_large_image\" \/>\n<meta name=\"twitter:label1\" content=\"Ansl. lesetid\" \/>\n\t<meta name=\"twitter:data1\" content=\"1 minutt\" \/>\n<script type=\"application\/ld+json\" class=\"yoast-schema-graph\">{\"@context\":\"https:\/\/schema.org\",\"@graph\":[{\"@type\":\"WebPage\",\"@id\":\"https:\/\/nfcjuices.com\/produkt\/przecier-z-derenia-3kg\/\",\"url\":\"https:\/\/nfcjuices.com\/produkt\/przecier-z-derenia-3kg\/\",\"name\":\"Przecier z derenia 3kg - nfc-juices\",\"isPartOf\":{\"@id\":\"https:\/\/nfcjuices.com\/#website\"},\"primaryImageOfPage\":{\"@id\":\"https:\/\/nfcjuices.com\/produkt\/przecier-z-derenia-3kg\/#primaryimage\"},\"image\":{\"@id\":\"https:\/\/nfcjuices.com\/produkt\/przecier-z-derenia-3kg\/#primaryimage\"},\"thumbnailUrl\":\"https:\/\/nfcjuices.com\/wp-content\/uploads\/2025\/03\/a3a2166a54c8cefa81c9eb64e45834c4.png\",\"datePublished\":\"2025-03-31T09:54:19+00:00\",\"dateModified\":\"2026-04-14T09:36:26+00:00\",\"breadcrumb\":{\"@id\":\"https:\/\/nfcjuices.com\/produkt\/przecier-z-derenia-3kg\/#breadcrumb\"},\"inLanguage\":\"nb-NO\",\"potentialAction\":[{\"@type\":\"ReadAction\",\"target\":[\"https:\/\/nfcjuices.com\/produkt\/przecier-z-derenia-3kg\/\"]}]},{\"@type\":\"ImageObject\",\"inLanguage\":\"nb-NO\",\"@id\":\"https:\/\/nfcjuices.com\/produkt\/przecier-z-derenia-3kg\/#primaryimage\",\"url\":\"https:\/\/nfcjuices.com\/wp-content\/uploads\/2025\/03\/a3a2166a54c8cefa81c9eb64e45834c4.png\",\"contentUrl\":\"https:\/\/nfcjuices.com\/wp-content\/uploads\/2025\/03\/a3a2166a54c8cefa81c9eb64e45834c4.png\",\"width\":750,\"height\":750},{\"@type\":\"BreadcrumbList\",\"@id\":\"https:\/\/nfcjuices.com\/produkt\/przecier-z-derenia-3kg\/#breadcrumb\",\"itemListElement\":[{\"@type\":\"ListItem\",\"position\":1,\"name\":\"Strona g\u0142\u00f3wna\",\"item\":\"https:\/\/nfcjuices.com\/\"},{\"@type\":\"ListItem\",\"position\":2,\"name\":\"Nasze produkty\",\"item\":\"https:\/\/nfcjuices.com\/sv\/vara-produkter\/\"},{\"@type\":\"ListItem\",\"position\":3,\"name\":\"Przecier z derenia 3kg\"}]},{\"@type\":\"WebSite\",\"@id\":\"https:\/\/nfcjuices.com\/#website\",\"url\":\"https:\/\/nfcjuices.com\/\",\"name\":\"nfc-juices\",\"description\":\"Soki, przeciery, musy NFC w beczkach\",\"publisher\":{\"@id\":\"https:\/\/nfcjuices.com\/#organization\"},\"potentialAction\":[{\"@type\":\"SearchAction\",\"target\":{\"@type\":\"EntryPoint\",\"urlTemplate\":\"https:\/\/nfcjuices.com\/?s={search_term_string}\"},\"query-input\":{\"@type\":\"PropertyValueSpecification\",\"valueRequired\":true,\"valueName\":\"search_term_string\"}}],\"inLanguage\":\"nb-NO\"},{\"@type\":\"Organization\",\"@id\":\"https:\/\/nfcjuices.com\/#organization\",\"name\":\"Nasza T\u0142ocznia\",\"url\":\"https:\/\/nfcjuices.com\/\",\"logo\":{\"@type\":\"ImageObject\",\"inLanguage\":\"nb-NO\",\"@id\":\"https:\/\/nfcjuices.com\/#\/schema\/logo\/image\/\",\"url\":\"https:\/\/nfcjuices.com\/wp-content\/uploads\/2025\/05\/cropped-B2b-1.png\",\"contentUrl\":\"https:\/\/nfcjuices.com\/wp-content\/uploads\/2025\/05\/cropped-B2b-1.png\",\"width\":1199,\"height\":999,\"caption\":\"Nasza T\u0142ocznia\"},\"image\":{\"@id\":\"https:\/\/nfcjuices.com\/#\/schema\/logo\/image\/\"}}]}<\/script>\n<!-- \/ Yoast SEO plugin. -->","yoast_head_json":{"title":"Kornellpur\u00e9 3 kg - nfc-juices","robots":{"index":"index","follow":"follow","max-snippet":"max-snippet:-1","max-image-preview":"max-image-preview:large","max-video-preview":"max-video-preview:-1"},"canonical":"https:\/\/nfcjuices.com\/nb\/produkt\/karneolsk-kirsebaerpure-3-kg\/","og_locale":"nb_NO","og_type":"article","og_title":"Przecier z derenia 3kg - nfc-juices","og_description":"Dlaczego warto wybra\u0107 nasz przecier z derenia? 100% naturalny \u2013 bez sztucznych dodatk\u00f3w, cukru i konserwant\u00f3w. Bogaty w antyoksydanty, witaminy C i A oraz mikroelementy wspieraj\u0105ce odporno\u015b\u0107. Wyprodukowany w Naszej T\u0142oczni \u2013 kontrolujemy ca\u0142y proces, od owocu po gotowy produkt. Pakowany w wygodny worek BiB, zapewniaj\u0105cy \u015bwie\u017co\u015b\u0107 i \u0142atwe dozowanie.","og_url":"https:\/\/nfcjuices.com\/nb\/produkt\/karneolsk-kirsebaerpure-3-kg\/","og_site_name":"nfc-juices","article_modified_time":"2026-04-14T09:36:26+00:00","og_image":[{"width":750,"height":750,"url":"https:\/\/nfcjuices.com\/wp-content\/uploads\/2025\/03\/a3a2166a54c8cefa81c9eb64e45834c4.png","type":"image\/png"}],"twitter_card":"summary_large_image","twitter_misc":{"Ansl. lesetid":"1 minutt"},"schema":{"@context":"https:\/\/schema.org","@graph":[{"@type":"WebPage","@id":"https:\/\/nfcjuices.com\/produkt\/przecier-z-derenia-3kg\/","url":"https:\/\/nfcjuices.com\/produkt\/przecier-z-derenia-3kg\/","name":"Kornellpur\u00e9 3 kg - nfc-juices","isPartOf":{"@id":"https:\/\/nfcjuices.com\/#website"},"primaryImageOfPage":{"@id":"https:\/\/nfcjuices.com\/produkt\/przecier-z-derenia-3kg\/#primaryimage"},"image":{"@id":"https:\/\/nfcjuices.com\/produkt\/przecier-z-derenia-3kg\/#primaryimage"},"thumbnailUrl":"https:\/\/nfcjuices.com\/wp-content\/uploads\/2025\/03\/a3a2166a54c8cefa81c9eb64e45834c4.png","datePublished":"2025-03-31T09:54:19+00:00","dateModified":"2026-04-14T09:36:26+00:00","breadcrumb":{"@id":"https:\/\/nfcjuices.com\/produkt\/przecier-z-derenia-3kg\/#breadcrumb"},"inLanguage":"nb-NO","potentialAction":[{"@type":"ReadAction","target":["https:\/\/nfcjuices.com\/produkt\/przecier-z-derenia-3kg\/"]}]},{"@type":"ImageObject","inLanguage":"nb-NO","@id":"https:\/\/nfcjuices.com\/produkt\/przecier-z-derenia-3kg\/#primaryimage","url":"https:\/\/nfcjuices.com\/wp-content\/uploads\/2025\/03\/a3a2166a54c8cefa81c9eb64e45834c4.png","contentUrl":"https:\/\/nfcjuices.com\/wp-content\/uploads\/2025\/03\/a3a2166a54c8cefa81c9eb64e45834c4.png","width":750,"height":750},{"@type":"BreadcrumbList","@id":"https:\/\/nfcjuices.com\/produkt\/przecier-z-derenia-3kg\/#breadcrumb","itemListElement":[{"@type":"ListItem","position":1,"name":"Strona g\u0142\u00f3wna","item":"https:\/\/nfcjuices.com\/"},{"@type":"ListItem","position":2,"name":"Nasze produkty","item":"https:\/\/nfcjuices.com\/sv\/vara-produkter\/"},{"@type":"ListItem","position":3,"name":"Przecier z derenia 3kg"}]},{"@type":"WebSite","@id":"https:\/\/nfcjuices.com\/#website","url":"https:\/\/nfcjuices.com\/","name":"nfc juice","description":"Juice, pur\u00e9er, NFC-mousser p\u00e5 fat","publisher":{"@id":"https:\/\/nfcjuices.com\/#organization"},"potentialAction":[{"@type":"SearchAction","target":{"@type":"EntryPoint","urlTemplate":"https:\/\/nfcjuices.com\/?s={search_term_string}"},"query-input":{"@type":"PropertyValueSpecification","valueRequired":true,"valueName":"search_term_string"}}],"inLanguage":"nb-NO"},{"@type":"Organization","@id":"https:\/\/nfcjuices.com\/#organization","name":"Presseanlegget v\u00e5rt","url":"https:\/\/nfcjuices.com\/","logo":{"@type":"ImageObject","inLanguage":"nb-NO","@id":"https:\/\/nfcjuices.com\/#\/schema\/logo\/image\/","url":"https:\/\/nfcjuices.com\/wp-content\/uploads\/2025\/05\/cropped-B2b-1.png","contentUrl":"https:\/\/nfcjuices.com\/wp-content\/uploads\/2025\/05\/cropped-B2b-1.png","width":1199,"height":999,"caption":"Nasza T\u0142ocznia"},"image":{"@id":"https:\/\/nfcjuices.com\/#\/schema\/logo\/image\/"}}]}},"_links":{"self":[{"href":"https:\/\/nfcjuices.com\/nb\/wp-json\/wp\/v2\/product\/401","targetHints":{"allow":["GET"]}}],"collection":[{"href":"https:\/\/nfcjuices.com\/nb\/wp-json\/wp\/v2\/product"}],"about":[{"href":"https:\/\/nfcjuices.com\/nb\/wp-json\/wp\/v2\/types\/product"}],"replies":[{"embeddable":true,"href":"https:\/\/nfcjuices.com\/nb\/wp-json\/wp\/v2\/comments?post=401"}],"wp:featuredmedia":[{"embeddable":true,"href":"https:\/\/nfcjuices.com\/nb\/wp-json\/wp\/v2\/media\/423"}],"wp:attachment":[{"href":"https:\/\/nfcjuices.com\/nb\/wp-json\/wp\/v2\/media?parent=401"}],"wp:term":[{"taxonomy":"product_brand","embeddable":true,"href":"https:\/\/nfcjuices.com\/nb\/wp-json\/wp\/v2\/product_brand?post=401"},{"taxonomy":"product_cat","embeddable":true,"href":"https:\/\/nfcjuices.com\/nb\/wp-json\/wp\/v2\/product_cat?post=401"},{"taxonomy":"product_tag","embeddable":true,"href":"https:\/\/nfcjuices.com\/nb\/wp-json\/wp\/v2\/product_tag?post=401"}],"curies":[{"name":"wp","href":"https:\/\/api.w.org\/{rel}","templated":true}]}}