{"id":348,"date":"2025-03-13T15:02:26","date_gmt":"2025-03-13T14:02:26","guid":{"rendered":"https:\/\/nfcjuices.com\/produkt\/przecier-premium-100-dynia-tylko-1983-zl-kg-3kg\/"},"modified":"2026-04-15T11:55:36","modified_gmt":"2026-04-15T09:55:36","slug":"premium-100-g-gresskarpure-3-kg","status":"publish","type":"product","link":"https:\/\/nfcjuices.com\/nb\/produkt\/przecier-premium-100-dynia-3kg\/","title":{"rendered":"Premium pur\u00e9 100% Gresskar 3 kg"},"content":{"rendered":"<h2><b>100% Gresskarpur\u00e9<\/b><\/h2>\n<p><span style=\"font-weight: 400;\">Gresskarpur\u00e9 100%, pasteurisert. Jevn, glatt konsistens og naturlig farge. Tilgjengelighet \u00e5ret rundt, konsistent smaksprofil, f\u00f8rsteklasses r\u00e5varer, h\u00e5ndplukket.<\/span><\/p>\n<h3><span style=\"font-weight: 400;\">Parametere<\/span><\/h3>\n<ul>\n<li style=\"font-weight: 400;\" aria-level=\"1\"><span style=\"font-weight: 400;\">\u00b0Brix: min. 7<\/span><\/li>\n<li style=\"font-weight: 400;\" aria-level=\"1\"><span style=\"font-weight: 400;\">N\u00e6ringsinnhold per 100 g:<\/span>\n<ul>\n<li style=\"font-weight: 400;\" aria-level=\"2\"><span style=\"font-weight: 400;\">energiverdi: 26 kcal<\/span><\/li>\n<li style=\"font-weight: 400;\" aria-level=\"2\"><span style=\"font-weight: 400;\">fett: 0,1 g<\/span><\/li>\n<li style=\"font-weight: 400;\" aria-level=\"2\"><span style=\"font-weight: 400;\">inkludert mettede fettsyrer: 0 g<\/span><\/li>\n<li style=\"font-weight: 400;\" aria-level=\"2\"><span style=\"font-weight: 400;\">karbohydrater: 7 g<\/span><\/li>\n<li style=\"font-weight: 400;\" aria-level=\"2\"><span style=\"font-weight: 400;\">inkludert sukkerarter: 2,8 g<\/span><\/li>\n<li style=\"font-weight: 400;\" aria-level=\"2\"><span style=\"font-weight: 400;\">protein: 1 g<\/span><\/li>\n<li style=\"font-weight: 400;\" aria-level=\"2\"><span style=\"font-weight: 400;\">salt: 0,5 g<\/span><\/li>\n<\/ul>\n<\/li>\n<li style=\"font-weight: 400;\" aria-level=\"1\"><span style=\"font-weight: 400;\">MPT: 12 m\u00e5neder fra produksjonsdato under anbefalte forhold.<\/span><\/li>\n<li style=\"font-weight: 400;\" aria-level=\"1\"><span style=\"font-weight: 400;\">Best f\u00f8r-dato 6 m\u00e5neder.<\/span><\/li>\n<li style=\"font-weight: 400;\" aria-level=\"1\"><span style=\"font-weight: 400;\">Oppbevaringsforhold: Oppbevar produktet i et lukket, t\u00f8rt, rent og luftig lager, fritt for fremmed lukt. Oppbevaringstemperatur: 0\u20136 \u00b0C. Bruk hele innholdet etter \u00e5pning.<\/span><\/li>\n<\/ul>\n<h2><span style=\"font-weight: 400;\">Bruken av gresskarpur\u00e9 i bearbeiding<\/span><\/h2>\n<ul>\n<li style=\"font-weight: 400;\" aria-level=\"1\"><span style=\"font-weight: 400;\">kremsupper og gr\u00f8nnsakssauser<\/span><\/li>\n<li style=\"font-weight: 400;\" aria-level=\"1\"><span style=\"font-weight: 400;\">iskrem, desserter, mousser, konfektfyll<\/span><\/li>\n<li style=\"font-weight: 400;\" aria-level=\"1\"><span style=\"font-weight: 400;\">sesongbaserte drikker, gresskarlatte, smoothie<\/span><\/li>\n<li style=\"font-weight: 400;\" aria-level=\"1\"><span style=\"font-weight: 400;\">salte retter, glasurer, kj\u00f8tttilbeh\u00f8r<\/span><\/li>\n<li style=\"font-weight: 400;\" aria-level=\"1\"><span style=\"font-weight: 400;\">FoU-serier som krever stabil farge og konsistens<\/span><\/li>\n<\/ul>\n<p><span style=\"font-weight: 400;\">Legg i handlekurven og bestill p\u00e5 nett med en mva-faktura eller be om et pristilbud for regelmessige leveranser.<\/span><span style=\"font-weight: 400;\"><br \/>\n<\/span><span style=\"font-weight: 400;\">B2B-kontakt: sales@naszatlocznia.pl, 600 100 478.<\/span><\/p>","protected":false},"excerpt":{"rendered":"<p>N\u00e6ringsinnhold:<\/p>\n<p>Energiverdi: 26 kcal<\/p>\n<p>Fett: 0,1 g<\/p>\n<p>Karbohydrater: 7 g<\/p>\n<p>-hvorav sukkerarter: 2,8 g<\/p>\n<p>Protein: 1 g<\/p>\n<p>Salt: 0,5 g<\/p>","protected":false},"featured_media":417,"comment_status":"open","ping_status":"closed","template":"","meta":[],"product_brand":[],"product_cat":[56],"product_tag":[],"class_list":{"0":"post-348","1":"product","2":"type-product","3":"status-publish","4":"has-post-thumbnail","6":"product_cat-przeciery","7":"pa_pojemnosc-3kg","9":"first","10":"instock","11":"taxable","12":"shipping-taxable","13":"purchasable","14":"product-type-simple"},"yoast_head":"<!-- This site is optimized with the Yoast SEO plugin v24.9 - https:\/\/yoast.com\/wordpress\/plugins\/seo\/ -->\n<title>Pulpa z Dyni 100% 3L | NFC Juices<\/title>\n<meta name=\"description\" content=\"Naturalny przecier z dyni, pasteryzowany, bez dodatk\u00f3w. Do zup, krem\u00f3w, sos\u00f3w, deser\u00f3w i wsad\u00f3w\" \/>\n<meta name=\"robots\" content=\"index, follow, max-snippet:-1, max-image-preview:large, max-video-preview:-1\" \/>\n<link rel=\"canonical\" href=\"https:\/\/nfcjuices.com\/nb\/produkt\/premium-100-g-gresskarpure-3-kg\/\" \/>\n<meta property=\"og:locale\" content=\"nb_NO\" \/>\n<meta property=\"og:type\" content=\"article\" \/>\n<meta property=\"og:title\" content=\"Pulpa z Dyni 100% 3L | NFC Juices\" \/>\n<meta property=\"og:description\" content=\"Naturalny przecier z dyni, pasteryzowany, bez dodatk\u00f3w. Do zup, krem\u00f3w, sos\u00f3w, deser\u00f3w i wsad\u00f3w\" \/>\n<meta property=\"og:url\" content=\"https:\/\/nfcjuices.com\/nb\/produkt\/premium-100-g-gresskarpure-3-kg\/\" \/>\n<meta property=\"og:site_name\" content=\"nfc-juices\" \/>\n<meta property=\"article:modified_time\" content=\"2026-04-15T09:55:36+00:00\" \/>\n<meta property=\"og:image\" content=\"https:\/\/nfcjuices.com\/wp-content\/uploads\/2025\/03\/Strona-Nowy-Karton-Dynia-przecier-5.webp\" \/>\n\t<meta property=\"og:image:width\" content=\"750\" \/>\n\t<meta property=\"og:image:height\" content=\"750\" \/>\n\t<meta property=\"og:image:type\" content=\"image\/webp\" \/>\n<meta name=\"twitter:card\" content=\"summary_large_image\" \/>\n<meta name=\"twitter:label1\" content=\"Ansl. lesetid\" \/>\n\t<meta name=\"twitter:data1\" content=\"2 minutter\" \/>\n<script type=\"application\/ld+json\" class=\"yoast-schema-graph\">{\"@context\":\"https:\/\/schema.org\",\"@graph\":[{\"@type\":\"WebPage\",\"@id\":\"https:\/\/nfcjuices.com\/produkt\/przecier-premium-100-dynia-3kg\/\",\"url\":\"https:\/\/nfcjuices.com\/produkt\/przecier-premium-100-dynia-3kg\/\",\"name\":\"Pulpa z Dyni 100% 3L | NFC Juices\",\"isPartOf\":{\"@id\":\"https:\/\/nfcjuices.com\/#website\"},\"primaryImageOfPage\":{\"@id\":\"https:\/\/nfcjuices.com\/produkt\/przecier-premium-100-dynia-3kg\/#primaryimage\"},\"image\":{\"@id\":\"https:\/\/nfcjuices.com\/produkt\/przecier-premium-100-dynia-3kg\/#primaryimage\"},\"thumbnailUrl\":\"https:\/\/nfcjuices.com\/wp-content\/uploads\/2025\/03\/Strona-Nowy-Karton-Dynia-przecier-5.webp\",\"datePublished\":\"2025-03-13T14:02:26+00:00\",\"dateModified\":\"2026-04-15T09:55:36+00:00\",\"description\":\"Naturalny przecier z dyni, pasteryzowany, bez dodatk\u00f3w. Do zup, krem\u00f3w, sos\u00f3w, deser\u00f3w i wsad\u00f3w\",\"breadcrumb\":{\"@id\":\"https:\/\/nfcjuices.com\/produkt\/przecier-premium-100-dynia-3kg\/#breadcrumb\"},\"inLanguage\":\"nb-NO\",\"potentialAction\":[{\"@type\":\"ReadAction\",\"target\":[\"https:\/\/nfcjuices.com\/produkt\/przecier-premium-100-dynia-3kg\/\"]}]},{\"@type\":\"ImageObject\",\"inLanguage\":\"nb-NO\",\"@id\":\"https:\/\/nfcjuices.com\/produkt\/przecier-premium-100-dynia-3kg\/#primaryimage\",\"url\":\"https:\/\/nfcjuices.com\/wp-content\/uploads\/2025\/03\/Strona-Nowy-Karton-Dynia-przecier-5.webp\",\"contentUrl\":\"https:\/\/nfcjuices.com\/wp-content\/uploads\/2025\/03\/Strona-Nowy-Karton-Dynia-przecier-5.webp\",\"width\":750,\"height\":750},{\"@type\":\"BreadcrumbList\",\"@id\":\"https:\/\/nfcjuices.com\/produkt\/przecier-premium-100-dynia-3kg\/#breadcrumb\",\"itemListElement\":[{\"@type\":\"ListItem\",\"position\":1,\"name\":\"Strona g\u0142\u00f3wna\",\"item\":\"https:\/\/nfcjuices.com\/\"},{\"@type\":\"ListItem\",\"position\":2,\"name\":\"Nasze produkty\",\"item\":\"https:\/\/nfcjuices.com\/sv\/vara-produkter\/\"},{\"@type\":\"ListItem\",\"position\":3,\"name\":\"Przecier premium 100% Dynia 3kg\"}]},{\"@type\":\"WebSite\",\"@id\":\"https:\/\/nfcjuices.com\/#website\",\"url\":\"https:\/\/nfcjuices.com\/\",\"name\":\"nfc-juices\",\"description\":\"Soki, przeciery, musy NFC w beczkach\",\"publisher\":{\"@id\":\"https:\/\/nfcjuices.com\/#organization\"},\"potentialAction\":[{\"@type\":\"SearchAction\",\"target\":{\"@type\":\"EntryPoint\",\"urlTemplate\":\"https:\/\/nfcjuices.com\/?s={search_term_string}\"},\"query-input\":{\"@type\":\"PropertyValueSpecification\",\"valueRequired\":true,\"valueName\":\"search_term_string\"}}],\"inLanguage\":\"nb-NO\"},{\"@type\":\"Organization\",\"@id\":\"https:\/\/nfcjuices.com\/#organization\",\"name\":\"Nasza T\u0142ocznia\",\"url\":\"https:\/\/nfcjuices.com\/\",\"logo\":{\"@type\":\"ImageObject\",\"inLanguage\":\"nb-NO\",\"@id\":\"https:\/\/nfcjuices.com\/#\/schema\/logo\/image\/\",\"url\":\"https:\/\/nfcjuices.com\/wp-content\/uploads\/2025\/05\/cropped-B2b-1.png\",\"contentUrl\":\"https:\/\/nfcjuices.com\/wp-content\/uploads\/2025\/05\/cropped-B2b-1.png\",\"width\":1199,\"height\":999,\"caption\":\"Nasza T\u0142ocznia\"},\"image\":{\"@id\":\"https:\/\/nfcjuices.com\/#\/schema\/logo\/image\/\"}}]}<\/script>\n<!-- \/ Yoast SEO plugin. -->","yoast_head_json":{"title":"Gresskarmasse 100% 3L | NFC Juices","description":"Naturlig gresskarpur\u00e9, pasteurisert, uten tilsetningsstoffer. Til supper, kremer, sauser, desserter og wokretter.","robots":{"index":"index","follow":"follow","max-snippet":"max-snippet:-1","max-image-preview":"max-image-preview:large","max-video-preview":"max-video-preview:-1"},"canonical":"https:\/\/nfcjuices.com\/nb\/produkt\/premium-100-g-gresskarpure-3-kg\/","og_locale":"nb_NO","og_type":"article","og_title":"Pulpa z Dyni 100% 3L | NFC Juices","og_description":"Naturalny przecier z dyni, pasteryzowany, bez dodatk\u00f3w. Do zup, krem\u00f3w, sos\u00f3w, deser\u00f3w i wsad\u00f3w","og_url":"https:\/\/nfcjuices.com\/nb\/produkt\/premium-100-g-gresskarpure-3-kg\/","og_site_name":"nfc-juices","article_modified_time":"2026-04-15T09:55:36+00:00","og_image":[{"width":750,"height":750,"url":"https:\/\/nfcjuices.com\/wp-content\/uploads\/2025\/03\/Strona-Nowy-Karton-Dynia-przecier-5.webp","type":"image\/webp"}],"twitter_card":"summary_large_image","twitter_misc":{"Ansl. lesetid":"2 minutter"},"schema":{"@context":"https:\/\/schema.org","@graph":[{"@type":"WebPage","@id":"https:\/\/nfcjuices.com\/produkt\/przecier-premium-100-dynia-3kg\/","url":"https:\/\/nfcjuices.com\/produkt\/przecier-premium-100-dynia-3kg\/","name":"Gresskarmasse 100% 3L | NFC Juices","isPartOf":{"@id":"https:\/\/nfcjuices.com\/#website"},"primaryImageOfPage":{"@id":"https:\/\/nfcjuices.com\/produkt\/przecier-premium-100-dynia-3kg\/#primaryimage"},"image":{"@id":"https:\/\/nfcjuices.com\/produkt\/przecier-premium-100-dynia-3kg\/#primaryimage"},"thumbnailUrl":"https:\/\/nfcjuices.com\/wp-content\/uploads\/2025\/03\/Strona-Nowy-Karton-Dynia-przecier-5.webp","datePublished":"2025-03-13T14:02:26+00:00","dateModified":"2026-04-15T09:55:36+00:00","description":"Naturlig gresskarpur\u00e9, pasteurisert, uten tilsetningsstoffer. Til supper, kremer, sauser, desserter og wokretter.","breadcrumb":{"@id":"https:\/\/nfcjuices.com\/produkt\/przecier-premium-100-dynia-3kg\/#breadcrumb"},"inLanguage":"nb-NO","potentialAction":[{"@type":"ReadAction","target":["https:\/\/nfcjuices.com\/produkt\/przecier-premium-100-dynia-3kg\/"]}]},{"@type":"ImageObject","inLanguage":"nb-NO","@id":"https:\/\/nfcjuices.com\/produkt\/przecier-premium-100-dynia-3kg\/#primaryimage","url":"https:\/\/nfcjuices.com\/wp-content\/uploads\/2025\/03\/Strona-Nowy-Karton-Dynia-przecier-5.webp","contentUrl":"https:\/\/nfcjuices.com\/wp-content\/uploads\/2025\/03\/Strona-Nowy-Karton-Dynia-przecier-5.webp","width":750,"height":750},{"@type":"BreadcrumbList","@id":"https:\/\/nfcjuices.com\/produkt\/przecier-premium-100-dynia-3kg\/#breadcrumb","itemListElement":[{"@type":"ListItem","position":1,"name":"Strona g\u0142\u00f3wna","item":"https:\/\/nfcjuices.com\/"},{"@type":"ListItem","position":2,"name":"Nasze produkty","item":"https:\/\/nfcjuices.com\/sv\/vara-produkter\/"},{"@type":"ListItem","position":3,"name":"Przecier premium 100% Dynia 3kg"}]},{"@type":"WebSite","@id":"https:\/\/nfcjuices.com\/#website","url":"https:\/\/nfcjuices.com\/","name":"nfc juice","description":"Juice, pur\u00e9er, NFC-mousser p\u00e5 fat","publisher":{"@id":"https:\/\/nfcjuices.com\/#organization"},"potentialAction":[{"@type":"SearchAction","target":{"@type":"EntryPoint","urlTemplate":"https:\/\/nfcjuices.com\/?s={search_term_string}"},"query-input":{"@type":"PropertyValueSpecification","valueRequired":true,"valueName":"search_term_string"}}],"inLanguage":"nb-NO"},{"@type":"Organization","@id":"https:\/\/nfcjuices.com\/#organization","name":"Presseanlegget v\u00e5rt","url":"https:\/\/nfcjuices.com\/","logo":{"@type":"ImageObject","inLanguage":"nb-NO","@id":"https:\/\/nfcjuices.com\/#\/schema\/logo\/image\/","url":"https:\/\/nfcjuices.com\/wp-content\/uploads\/2025\/05\/cropped-B2b-1.png","contentUrl":"https:\/\/nfcjuices.com\/wp-content\/uploads\/2025\/05\/cropped-B2b-1.png","width":1199,"height":999,"caption":"Nasza T\u0142ocznia"},"image":{"@id":"https:\/\/nfcjuices.com\/#\/schema\/logo\/image\/"}}]}},"_links":{"self":[{"href":"https:\/\/nfcjuices.com\/nb\/wp-json\/wp\/v2\/product\/348","targetHints":{"allow":["GET"]}}],"collection":[{"href":"https:\/\/nfcjuices.com\/nb\/wp-json\/wp\/v2\/product"}],"about":[{"href":"https:\/\/nfcjuices.com\/nb\/wp-json\/wp\/v2\/types\/product"}],"replies":[{"embeddable":true,"href":"https:\/\/nfcjuices.com\/nb\/wp-json\/wp\/v2\/comments?post=348"}],"wp:featuredmedia":[{"embeddable":true,"href":"https:\/\/nfcjuices.com\/nb\/wp-json\/wp\/v2\/media\/417"}],"wp:attachment":[{"href":"https:\/\/nfcjuices.com\/nb\/wp-json\/wp\/v2\/media?parent=348"}],"wp:term":[{"taxonomy":"product_brand","embeddable":true,"href":"https:\/\/nfcjuices.com\/nb\/wp-json\/wp\/v2\/product_brand?post=348"},{"taxonomy":"product_cat","embeddable":true,"href":"https:\/\/nfcjuices.com\/nb\/wp-json\/wp\/v2\/product_cat?post=348"},{"taxonomy":"product_tag","embeddable":true,"href":"https:\/\/nfcjuices.com\/nb\/wp-json\/wp\/v2\/product_tag?post=348"}],"curies":[{"name":"wp","href":"https:\/\/api.w.org\/{rel}","templated":true}]}}