{"id":308,"date":"2025-03-13T10:10:23","date_gmt":"2025-03-13T09:10:23","guid":{"rendered":"https:\/\/nfcjuices.com\/produkt\/syrop-z-mlodych-pedow-sosny\/"},"modified":"2026-03-26T11:42:46","modified_gmt":"2026-03-26T10:42:46","slug":"sirup-fra-unge-furuskudd","status":"publish","type":"product","link":"https:\/\/nfcjuices.com\/nb\/produkt\/syrop-z-mlodych-pedow-sosny\/","title":{"rendered":"Sirup fra unge furuskudd 230 kg"},"content":{"rendered":"<p>Sirup fra unge furuskudd<\/p>","protected":false},"excerpt":{"rendered":"<p>Sirup fra unge furuskudd<\/p>","protected":false},"featured_media":175,"comment_status":"open","ping_status":"closed","template":"","meta":[],"product_brand":[],"product_cat":[36],"product_tag":[55],"class_list":{"0":"post-308","1":"product","2":"type-product","3":"status-publish","4":"has-post-thumbnail","6":"product_cat-syropy","7":"product_tag-230kg","8":"pa_pojemnosc-230kg","10":"first","11":"instock","12":"taxable","13":"shipping-taxable","14":"purchasable","15":"product-type-simple"},"yoast_head":"<!-- This site is optimized with the Yoast SEO plugin v24.9 - https:\/\/yoast.com\/wordpress\/plugins\/seo\/ -->\n<title>Syrop z M\u0142odych P\u0119d\u00f3w Sosny \u2013 230 kg | Do Przetw\u00f3rstwa<\/title>\n<meta name=\"description\" content=\"Syrop z p\u0119d\u00f3w sosny (syrop sosnowy) w beczce 230 kg. Niskos\u0142odzony. Syrop z p\u0119d\u00f3w sosny do przetw\u00f3rstwa: lemoniady, herbaty mro\u017cone, cukiernictwo\" \/>\n<meta name=\"robots\" content=\"index, follow, max-snippet:-1, max-image-preview:large, max-video-preview:-1\" \/>\n<link rel=\"canonical\" href=\"https:\/\/nfcjuices.com\/nb\/produkt\/sirup-fra-unge-furuskudd\/\" \/>\n<meta property=\"og:locale\" content=\"nb_NO\" \/>\n<meta property=\"og:type\" content=\"article\" \/>\n<meta property=\"og:title\" content=\"Syrop z M\u0142odych P\u0119d\u00f3w Sosny \u2013 230 kg | Do Przetw\u00f3rstwa\" \/>\n<meta property=\"og:description\" content=\"Syrop z p\u0119d\u00f3w sosny (syrop sosnowy) w beczce 230 kg. Niskos\u0142odzony. Syrop z p\u0119d\u00f3w sosny do przetw\u00f3rstwa: lemoniady, herbaty mro\u017cone, cukiernictwo\" \/>\n<meta property=\"og:url\" content=\"https:\/\/nfcjuices.com\/nb\/produkt\/sirup-fra-unge-furuskudd\/\" \/>\n<meta property=\"og:site_name\" content=\"nfc-juices\" \/>\n<meta property=\"article:modified_time\" content=\"2026-03-26T10:42:46+00:00\" \/>\n<meta property=\"og:image\" content=\"https:\/\/nfcjuices.com\/wp-content\/uploads\/2025\/03\/Czerwona-beczka-1-1024x1024.png\" \/>\n\t<meta property=\"og:image:width\" content=\"1024\" \/>\n\t<meta property=\"og:image:height\" content=\"1024\" \/>\n\t<meta property=\"og:image:type\" content=\"image\/png\" \/>\n<meta name=\"twitter:card\" content=\"summary_large_image\" \/>\n<meta name=\"twitter:label1\" content=\"Ansl. lesetid\" \/>\n\t<meta name=\"twitter:data1\" content=\"2 minutter\" \/>\n<script type=\"application\/ld+json\" class=\"yoast-schema-graph\">{\"@context\":\"https:\/\/schema.org\",\"@graph\":[{\"@type\":\"WebPage\",\"@id\":\"https:\/\/nfcjuices.com\/produkt\/syrop-z-mlodych-pedow-sosny\/\",\"url\":\"https:\/\/nfcjuices.com\/produkt\/syrop-z-mlodych-pedow-sosny\/\",\"name\":\"Syrop z M\u0142odych P\u0119d\u00f3w Sosny \u2013 230 kg | Do Przetw\u00f3rstwa\",\"isPartOf\":{\"@id\":\"https:\/\/nfcjuices.com\/#website\"},\"primaryImageOfPage\":{\"@id\":\"https:\/\/nfcjuices.com\/produkt\/syrop-z-mlodych-pedow-sosny\/#primaryimage\"},\"image\":{\"@id\":\"https:\/\/nfcjuices.com\/produkt\/syrop-z-mlodych-pedow-sosny\/#primaryimage\"},\"thumbnailUrl\":\"https:\/\/nfcjuices.com\/wp-content\/uploads\/2025\/03\/Czerwona-beczka-1.png\",\"datePublished\":\"2025-03-13T09:10:23+00:00\",\"dateModified\":\"2026-03-26T10:42:46+00:00\",\"description\":\"Syrop z p\u0119d\u00f3w sosny (syrop sosnowy) w beczce 230 kg. Niskos\u0142odzony. Syrop z p\u0119d\u00f3w sosny do przetw\u00f3rstwa: lemoniady, herbaty mro\u017cone, cukiernictwo\",\"breadcrumb\":{\"@id\":\"https:\/\/nfcjuices.com\/produkt\/syrop-z-mlodych-pedow-sosny\/#breadcrumb\"},\"inLanguage\":\"nb-NO\",\"potentialAction\":[{\"@type\":\"ReadAction\",\"target\":[\"https:\/\/nfcjuices.com\/produkt\/syrop-z-mlodych-pedow-sosny\/\"]}]},{\"@type\":\"ImageObject\",\"inLanguage\":\"nb-NO\",\"@id\":\"https:\/\/nfcjuices.com\/produkt\/syrop-z-mlodych-pedow-sosny\/#primaryimage\",\"url\":\"https:\/\/nfcjuices.com\/wp-content\/uploads\/2025\/03\/Czerwona-beczka-1.png\",\"contentUrl\":\"https:\/\/nfcjuices.com\/wp-content\/uploads\/2025\/03\/Czerwona-beczka-1.png\",\"width\":1980,\"height\":1980},{\"@type\":\"BreadcrumbList\",\"@id\":\"https:\/\/nfcjuices.com\/produkt\/syrop-z-mlodych-pedow-sosny\/#breadcrumb\",\"itemListElement\":[{\"@type\":\"ListItem\",\"position\":1,\"name\":\"Strona g\u0142\u00f3wna\",\"item\":\"https:\/\/nfcjuices.com\/\"},{\"@type\":\"ListItem\",\"position\":2,\"name\":\"Nasze produkty\",\"item\":\"https:\/\/nfcjuices.com\/sv\/vara-produkter\/\"},{\"@type\":\"ListItem\",\"position\":3,\"name\":\"Syrop z m\u0142odych p\u0119d\u00f3w sosny 230 kg\"}]},{\"@type\":\"WebSite\",\"@id\":\"https:\/\/nfcjuices.com\/#website\",\"url\":\"https:\/\/nfcjuices.com\/\",\"name\":\"nfc-juices\",\"description\":\"Soki, przeciery, musy NFC w beczkach\",\"publisher\":{\"@id\":\"https:\/\/nfcjuices.com\/#organization\"},\"potentialAction\":[{\"@type\":\"SearchAction\",\"target\":{\"@type\":\"EntryPoint\",\"urlTemplate\":\"https:\/\/nfcjuices.com\/?s={search_term_string}\"},\"query-input\":{\"@type\":\"PropertyValueSpecification\",\"valueRequired\":true,\"valueName\":\"search_term_string\"}}],\"inLanguage\":\"nb-NO\"},{\"@type\":\"Organization\",\"@id\":\"https:\/\/nfcjuices.com\/#organization\",\"name\":\"Nasza T\u0142ocznia\",\"url\":\"https:\/\/nfcjuices.com\/\",\"logo\":{\"@type\":\"ImageObject\",\"inLanguage\":\"nb-NO\",\"@id\":\"https:\/\/nfcjuices.com\/#\/schema\/logo\/image\/\",\"url\":\"https:\/\/nfcjuices.com\/wp-content\/uploads\/2025\/05\/cropped-B2b-1.png\",\"contentUrl\":\"https:\/\/nfcjuices.com\/wp-content\/uploads\/2025\/05\/cropped-B2b-1.png\",\"width\":1199,\"height\":999,\"caption\":\"Nasza T\u0142ocznia\"},\"image\":{\"@id\":\"https:\/\/nfcjuices.com\/#\/schema\/logo\/image\/\"}}]}<\/script>\n<!-- \/ Yoast SEO plugin. -->","yoast_head_json":{"title":"Sirup av unge furuskudd \u2013 230 kg | Til bearbeiding","description":"Furuskuddsirup i en 230 kg t\u00f8nne. Lavt sukkerinnhold. Furuskuddsirup for bearbeiding: limonader, iste, konfekt.","robots":{"index":"index","follow":"follow","max-snippet":"max-snippet:-1","max-image-preview":"max-image-preview:large","max-video-preview":"max-video-preview:-1"},"canonical":"https:\/\/nfcjuices.com\/nb\/produkt\/sirup-fra-unge-furuskudd\/","og_locale":"nb_NO","og_type":"article","og_title":"Syrop z M\u0142odych P\u0119d\u00f3w Sosny \u2013 230 kg | Do Przetw\u00f3rstwa","og_description":"Syrop z p\u0119d\u00f3w sosny (syrop sosnowy) w beczce 230 kg. Niskos\u0142odzony. Syrop z p\u0119d\u00f3w sosny do przetw\u00f3rstwa: lemoniady, herbaty mro\u017cone, cukiernictwo","og_url":"https:\/\/nfcjuices.com\/nb\/produkt\/sirup-fra-unge-furuskudd\/","og_site_name":"nfc-juices","article_modified_time":"2026-03-26T10:42:46+00:00","og_image":[{"width":1024,"height":1024,"url":"https:\/\/nfcjuices.com\/wp-content\/uploads\/2025\/03\/Czerwona-beczka-1-1024x1024.png","type":"image\/png"}],"twitter_card":"summary_large_image","twitter_misc":{"Ansl. lesetid":"2 minutter"},"schema":{"@context":"https:\/\/schema.org","@graph":[{"@type":"WebPage","@id":"https:\/\/nfcjuices.com\/produkt\/syrop-z-mlodych-pedow-sosny\/","url":"https:\/\/nfcjuices.com\/produkt\/syrop-z-mlodych-pedow-sosny\/","name":"Sirup av unge furuskudd \u2013 230 kg | Til bearbeiding","isPartOf":{"@id":"https:\/\/nfcjuices.com\/#website"},"primaryImageOfPage":{"@id":"https:\/\/nfcjuices.com\/produkt\/syrop-z-mlodych-pedow-sosny\/#primaryimage"},"image":{"@id":"https:\/\/nfcjuices.com\/produkt\/syrop-z-mlodych-pedow-sosny\/#primaryimage"},"thumbnailUrl":"https:\/\/nfcjuices.com\/wp-content\/uploads\/2025\/03\/Czerwona-beczka-1.png","datePublished":"2025-03-13T09:10:23+00:00","dateModified":"2026-03-26T10:42:46+00:00","description":"Furuskuddsirup i en 230 kg t\u00f8nne. Lavt sukkerinnhold. Furuskuddsirup for bearbeiding: limonader, iste, konfekt.","breadcrumb":{"@id":"https:\/\/nfcjuices.com\/produkt\/syrop-z-mlodych-pedow-sosny\/#breadcrumb"},"inLanguage":"nb-NO","potentialAction":[{"@type":"ReadAction","target":["https:\/\/nfcjuices.com\/produkt\/syrop-z-mlodych-pedow-sosny\/"]}]},{"@type":"ImageObject","inLanguage":"nb-NO","@id":"https:\/\/nfcjuices.com\/produkt\/syrop-z-mlodych-pedow-sosny\/#primaryimage","url":"https:\/\/nfcjuices.com\/wp-content\/uploads\/2025\/03\/Czerwona-beczka-1.png","contentUrl":"https:\/\/nfcjuices.com\/wp-content\/uploads\/2025\/03\/Czerwona-beczka-1.png","width":1980,"height":1980},{"@type":"BreadcrumbList","@id":"https:\/\/nfcjuices.com\/produkt\/syrop-z-mlodych-pedow-sosny\/#breadcrumb","itemListElement":[{"@type":"ListItem","position":1,"name":"Strona g\u0142\u00f3wna","item":"https:\/\/nfcjuices.com\/"},{"@type":"ListItem","position":2,"name":"Nasze produkty","item":"https:\/\/nfcjuices.com\/sv\/vara-produkter\/"},{"@type":"ListItem","position":3,"name":"Syrop z m\u0142odych p\u0119d\u00f3w sosny 230 kg"}]},{"@type":"WebSite","@id":"https:\/\/nfcjuices.com\/#website","url":"https:\/\/nfcjuices.com\/","name":"nfc juice","description":"Juice, pur\u00e9er, NFC-mousser p\u00e5 fat","publisher":{"@id":"https:\/\/nfcjuices.com\/#organization"},"potentialAction":[{"@type":"SearchAction","target":{"@type":"EntryPoint","urlTemplate":"https:\/\/nfcjuices.com\/?s={search_term_string}"},"query-input":{"@type":"PropertyValueSpecification","valueRequired":true,"valueName":"search_term_string"}}],"inLanguage":"nb-NO"},{"@type":"Organization","@id":"https:\/\/nfcjuices.com\/#organization","name":"Presseanlegget v\u00e5rt","url":"https:\/\/nfcjuices.com\/","logo":{"@type":"ImageObject","inLanguage":"nb-NO","@id":"https:\/\/nfcjuices.com\/#\/schema\/logo\/image\/","url":"https:\/\/nfcjuices.com\/wp-content\/uploads\/2025\/05\/cropped-B2b-1.png","contentUrl":"https:\/\/nfcjuices.com\/wp-content\/uploads\/2025\/05\/cropped-B2b-1.png","width":1199,"height":999,"caption":"Nasza T\u0142ocznia"},"image":{"@id":"https:\/\/nfcjuices.com\/#\/schema\/logo\/image\/"}}]}},"_links":{"self":[{"href":"https:\/\/nfcjuices.com\/nb\/wp-json\/wp\/v2\/product\/308","targetHints":{"allow":["GET"]}}],"collection":[{"href":"https:\/\/nfcjuices.com\/nb\/wp-json\/wp\/v2\/product"}],"about":[{"href":"https:\/\/nfcjuices.com\/nb\/wp-json\/wp\/v2\/types\/product"}],"replies":[{"embeddable":true,"href":"https:\/\/nfcjuices.com\/nb\/wp-json\/wp\/v2\/comments?post=308"}],"wp:featuredmedia":[{"embeddable":true,"href":"https:\/\/nfcjuices.com\/nb\/wp-json\/wp\/v2\/media\/175"}],"wp:attachment":[{"href":"https:\/\/nfcjuices.com\/nb\/wp-json\/wp\/v2\/media?parent=308"}],"wp:term":[{"taxonomy":"product_brand","embeddable":true,"href":"https:\/\/nfcjuices.com\/nb\/wp-json\/wp\/v2\/product_brand?post=308"},{"taxonomy":"product_cat","embeddable":true,"href":"https:\/\/nfcjuices.com\/nb\/wp-json\/wp\/v2\/product_cat?post=308"},{"taxonomy":"product_tag","embeddable":true,"href":"https:\/\/nfcjuices.com\/nb\/wp-json\/wp\/v2\/product_tag?post=308"}],"curies":[{"name":"wp","href":"https:\/\/api.w.org\/{rel}","templated":true}]}}