{"id":289,"date":"2025-03-13T09:59:57","date_gmt":"2025-03-13T08:59:57","guid":{"rendered":"https:\/\/nfcjuices.com\/produkt\/mango-mix-odmian\/"},"modified":"2026-04-13T12:09:32","modified_gmt":"2026-04-13T10:09:32","slug":"mangoblandingsvarianter","status":"publish","type":"product","link":"https:\/\/nfcjuices.com\/nb\/produkt\/mango-mix-odmian\/","title":{"rendered":"Mangopur\u00e9blanding av forskjellige varianter 200 kg"},"content":{"rendered":"<p><strong>Produkttype:<\/strong> pur\u00e9<\/p>\n<p><strong>Brix: 15<\/strong><br \/>\n<strong>Tekniske spesifikasjoner tilgjengelig p\u00e5 foresp\u00f8rsel.<\/strong><\/p>\n<p><strong>N\u00e6ringsinnhold:<\/strong><br \/>\nENERGIVERDI 26 kcal<br \/>\nEnergiverdi: 120 kcal<br \/>\nFett: 0 g<br \/>\nKarbohydrater: 28 g<br \/>\n-inkludert sukkerarter: 23 g<br \/>\nFiber: 0,5 g<br \/>\nSalt: 0 g<\/p>","protected":false},"excerpt":{"rendered":"<p>Produkttype: pur\u00e9 Brix: 15 Teknisk spesifikasjon tilgjengelig p\u00e5 foresp\u00f8rsel. N\u00e6ringsinnhold: ENERGI 26 kcal Energiverdi: 120 kcal Fett: 0 g Karbohydrater: 28 g - inkludert sukkerarter: 23 g Fiber: 0,5 g Salt: 0 g<\/p>","protected":false},"featured_media":175,"comment_status":"open","ping_status":"closed","template":"","meta":[],"product_brand":[],"product_cat":[56],"product_tag":[],"class_list":{"0":"post-289","1":"product","2":"type-product","3":"status-publish","4":"has-post-thumbnail","6":"product_cat-przeciery","7":"pa_pojemnosc-200kg","9":"first","10":"outofstock","11":"taxable","12":"shipping-taxable","13":"purchasable","14":"product-type-simple"},"yoast_head":"<!-- This site is optimized with the Yoast SEO plugin v24.9 - https:\/\/yoast.com\/wordpress\/plugins\/seo\/ -->\n<title>Przecier Mango mix odmian 200 kg - nfc-juices<\/title>\n<meta name=\"robots\" content=\"index, follow, max-snippet:-1, max-image-preview:large, max-video-preview:-1\" \/>\n<link rel=\"canonical\" href=\"https:\/\/nfcjuices.com\/nb\/produkt\/mangoblandingsvarianter\/\" \/>\n<meta property=\"og:locale\" content=\"nb_NO\" \/>\n<meta property=\"og:type\" content=\"article\" \/>\n<meta property=\"og:title\" content=\"Przecier Mango mix odmian 200 kg - nfc-juices\" \/>\n<meta property=\"og:description\" content=\"Rodzaj produktu: przecier Brix: 15 Specyfikacja techniczna dost\u0119pna na \u017cyczenie klienta. Warto\u015bci od\u017cywcze: WARTO\u015a\u0106 ENERGETYCZNA 26 kcal Warto\u015b\u0107 en.: 120kcal T\u0142uszcz: 0g W\u0119glowodany: 28g -w tym cukry: 23g B\u0142onnik: 0,5g S\u00f3l: 0g\" \/>\n<meta property=\"og:url\" content=\"https:\/\/nfcjuices.com\/nb\/produkt\/mangoblandingsvarianter\/\" \/>\n<meta property=\"og:site_name\" content=\"nfc-juices\" \/>\n<meta property=\"article:modified_time\" content=\"2026-04-13T10:09:32+00:00\" \/>\n<meta property=\"og:image\" content=\"https:\/\/nfcjuices.com\/wp-content\/uploads\/2025\/03\/Czerwona-beczka-1-1024x1024.png\" \/>\n\t<meta property=\"og:image:width\" content=\"1024\" \/>\n\t<meta property=\"og:image:height\" content=\"1024\" \/>\n\t<meta property=\"og:image:type\" content=\"image\/png\" \/>\n<meta name=\"twitter:card\" content=\"summary_large_image\" \/>\n<meta name=\"twitter:label1\" content=\"Ansl. lesetid\" \/>\n\t<meta name=\"twitter:data1\" content=\"1 minutt\" \/>\n<script type=\"application\/ld+json\" class=\"yoast-schema-graph\">{\"@context\":\"https:\/\/schema.org\",\"@graph\":[{\"@type\":\"WebPage\",\"@id\":\"https:\/\/nfcjuices.com\/produkt\/mango-mix-odmian\/\",\"url\":\"https:\/\/nfcjuices.com\/produkt\/mango-mix-odmian\/\",\"name\":\"Przecier Mango mix odmian 200 kg - nfc-juices\",\"isPartOf\":{\"@id\":\"https:\/\/nfcjuices.com\/#website\"},\"primaryImageOfPage\":{\"@id\":\"https:\/\/nfcjuices.com\/produkt\/mango-mix-odmian\/#primaryimage\"},\"image\":{\"@id\":\"https:\/\/nfcjuices.com\/produkt\/mango-mix-odmian\/#primaryimage\"},\"thumbnailUrl\":\"https:\/\/nfcjuices.com\/wp-content\/uploads\/2025\/03\/Czerwona-beczka-1.png\",\"datePublished\":\"2025-03-13T08:59:57+00:00\",\"dateModified\":\"2026-04-13T10:09:32+00:00\",\"breadcrumb\":{\"@id\":\"https:\/\/nfcjuices.com\/produkt\/mango-mix-odmian\/#breadcrumb\"},\"inLanguage\":\"nb-NO\",\"potentialAction\":[{\"@type\":\"ReadAction\",\"target\":[\"https:\/\/nfcjuices.com\/produkt\/mango-mix-odmian\/\"]}]},{\"@type\":\"ImageObject\",\"inLanguage\":\"nb-NO\",\"@id\":\"https:\/\/nfcjuices.com\/produkt\/mango-mix-odmian\/#primaryimage\",\"url\":\"https:\/\/nfcjuices.com\/wp-content\/uploads\/2025\/03\/Czerwona-beczka-1.png\",\"contentUrl\":\"https:\/\/nfcjuices.com\/wp-content\/uploads\/2025\/03\/Czerwona-beczka-1.png\",\"width\":1980,\"height\":1980},{\"@type\":\"BreadcrumbList\",\"@id\":\"https:\/\/nfcjuices.com\/produkt\/mango-mix-odmian\/#breadcrumb\",\"itemListElement\":[{\"@type\":\"ListItem\",\"position\":1,\"name\":\"Strona g\u0142\u00f3wna\",\"item\":\"https:\/\/nfcjuices.com\/\"},{\"@type\":\"ListItem\",\"position\":2,\"name\":\"Nasze produkty\",\"item\":\"https:\/\/nfcjuices.com\/sv\/vara-produkter\/\"},{\"@type\":\"ListItem\",\"position\":3,\"name\":\"Przecier Mango mix odmian 200 kg\"}]},{\"@type\":\"WebSite\",\"@id\":\"https:\/\/nfcjuices.com\/#website\",\"url\":\"https:\/\/nfcjuices.com\/\",\"name\":\"nfc-juices\",\"description\":\"Soki, przeciery, musy NFC w beczkach\",\"publisher\":{\"@id\":\"https:\/\/nfcjuices.com\/#organization\"},\"potentialAction\":[{\"@type\":\"SearchAction\",\"target\":{\"@type\":\"EntryPoint\",\"urlTemplate\":\"https:\/\/nfcjuices.com\/?s={search_term_string}\"},\"query-input\":{\"@type\":\"PropertyValueSpecification\",\"valueRequired\":true,\"valueName\":\"search_term_string\"}}],\"inLanguage\":\"nb-NO\"},{\"@type\":\"Organization\",\"@id\":\"https:\/\/nfcjuices.com\/#organization\",\"name\":\"Nasza T\u0142ocznia\",\"url\":\"https:\/\/nfcjuices.com\/\",\"logo\":{\"@type\":\"ImageObject\",\"inLanguage\":\"nb-NO\",\"@id\":\"https:\/\/nfcjuices.com\/#\/schema\/logo\/image\/\",\"url\":\"https:\/\/nfcjuices.com\/wp-content\/uploads\/2025\/05\/cropped-B2b-1.png\",\"contentUrl\":\"https:\/\/nfcjuices.com\/wp-content\/uploads\/2025\/05\/cropped-B2b-1.png\",\"width\":1199,\"height\":999,\"caption\":\"Nasza T\u0142ocznia\"},\"image\":{\"@id\":\"https:\/\/nfcjuices.com\/#\/schema\/logo\/image\/\"}}]}<\/script>\n<!-- \/ Yoast SEO plugin. -->","yoast_head_json":{"title":"Mangopur\u00e9blanding av forskjellige varianter 200 kg - nfc-juices","robots":{"index":"index","follow":"follow","max-snippet":"max-snippet:-1","max-image-preview":"max-image-preview:large","max-video-preview":"max-video-preview:-1"},"canonical":"https:\/\/nfcjuices.com\/nb\/produkt\/mangoblandingsvarianter\/","og_locale":"nb_NO","og_type":"article","og_title":"Przecier Mango mix odmian 200 kg - nfc-juices","og_description":"Rodzaj produktu: przecier Brix: 15 Specyfikacja techniczna dost\u0119pna na \u017cyczenie klienta. Warto\u015bci od\u017cywcze: WARTO\u015a\u0106 ENERGETYCZNA 26 kcal Warto\u015b\u0107 en.: 120kcal T\u0142uszcz: 0g W\u0119glowodany: 28g -w tym cukry: 23g B\u0142onnik: 0,5g S\u00f3l: 0g","og_url":"https:\/\/nfcjuices.com\/nb\/produkt\/mangoblandingsvarianter\/","og_site_name":"nfc-juices","article_modified_time":"2026-04-13T10:09:32+00:00","og_image":[{"width":1024,"height":1024,"url":"https:\/\/nfcjuices.com\/wp-content\/uploads\/2025\/03\/Czerwona-beczka-1-1024x1024.png","type":"image\/png"}],"twitter_card":"summary_large_image","twitter_misc":{"Ansl. lesetid":"1 minutt"},"schema":{"@context":"https:\/\/schema.org","@graph":[{"@type":"WebPage","@id":"https:\/\/nfcjuices.com\/produkt\/mango-mix-odmian\/","url":"https:\/\/nfcjuices.com\/produkt\/mango-mix-odmian\/","name":"Mangopur\u00e9blanding av forskjellige varianter 200 kg - nfc-juices","isPartOf":{"@id":"https:\/\/nfcjuices.com\/#website"},"primaryImageOfPage":{"@id":"https:\/\/nfcjuices.com\/produkt\/mango-mix-odmian\/#primaryimage"},"image":{"@id":"https:\/\/nfcjuices.com\/produkt\/mango-mix-odmian\/#primaryimage"},"thumbnailUrl":"https:\/\/nfcjuices.com\/wp-content\/uploads\/2025\/03\/Czerwona-beczka-1.png","datePublished":"2025-03-13T08:59:57+00:00","dateModified":"2026-04-13T10:09:32+00:00","breadcrumb":{"@id":"https:\/\/nfcjuices.com\/produkt\/mango-mix-odmian\/#breadcrumb"},"inLanguage":"nb-NO","potentialAction":[{"@type":"ReadAction","target":["https:\/\/nfcjuices.com\/produkt\/mango-mix-odmian\/"]}]},{"@type":"ImageObject","inLanguage":"nb-NO","@id":"https:\/\/nfcjuices.com\/produkt\/mango-mix-odmian\/#primaryimage","url":"https:\/\/nfcjuices.com\/wp-content\/uploads\/2025\/03\/Czerwona-beczka-1.png","contentUrl":"https:\/\/nfcjuices.com\/wp-content\/uploads\/2025\/03\/Czerwona-beczka-1.png","width":1980,"height":1980},{"@type":"BreadcrumbList","@id":"https:\/\/nfcjuices.com\/produkt\/mango-mix-odmian\/#breadcrumb","itemListElement":[{"@type":"ListItem","position":1,"name":"Strona g\u0142\u00f3wna","item":"https:\/\/nfcjuices.com\/"},{"@type":"ListItem","position":2,"name":"Nasze produkty","item":"https:\/\/nfcjuices.com\/sv\/vara-produkter\/"},{"@type":"ListItem","position":3,"name":"Przecier Mango mix odmian 200 kg"}]},{"@type":"WebSite","@id":"https:\/\/nfcjuices.com\/#website","url":"https:\/\/nfcjuices.com\/","name":"nfc juice","description":"Juice, pur\u00e9er, NFC-mousser p\u00e5 fat","publisher":{"@id":"https:\/\/nfcjuices.com\/#organization"},"potentialAction":[{"@type":"SearchAction","target":{"@type":"EntryPoint","urlTemplate":"https:\/\/nfcjuices.com\/?s={search_term_string}"},"query-input":{"@type":"PropertyValueSpecification","valueRequired":true,"valueName":"search_term_string"}}],"inLanguage":"nb-NO"},{"@type":"Organization","@id":"https:\/\/nfcjuices.com\/#organization","name":"Presseanlegget v\u00e5rt","url":"https:\/\/nfcjuices.com\/","logo":{"@type":"ImageObject","inLanguage":"nb-NO","@id":"https:\/\/nfcjuices.com\/#\/schema\/logo\/image\/","url":"https:\/\/nfcjuices.com\/wp-content\/uploads\/2025\/05\/cropped-B2b-1.png","contentUrl":"https:\/\/nfcjuices.com\/wp-content\/uploads\/2025\/05\/cropped-B2b-1.png","width":1199,"height":999,"caption":"Nasza T\u0142ocznia"},"image":{"@id":"https:\/\/nfcjuices.com\/#\/schema\/logo\/image\/"}}]}},"_links":{"self":[{"href":"https:\/\/nfcjuices.com\/nb\/wp-json\/wp\/v2\/product\/289","targetHints":{"allow":["GET"]}}],"collection":[{"href":"https:\/\/nfcjuices.com\/nb\/wp-json\/wp\/v2\/product"}],"about":[{"href":"https:\/\/nfcjuices.com\/nb\/wp-json\/wp\/v2\/types\/product"}],"replies":[{"embeddable":true,"href":"https:\/\/nfcjuices.com\/nb\/wp-json\/wp\/v2\/comments?post=289"}],"wp:featuredmedia":[{"embeddable":true,"href":"https:\/\/nfcjuices.com\/nb\/wp-json\/wp\/v2\/media\/175"}],"wp:attachment":[{"href":"https:\/\/nfcjuices.com\/nb\/wp-json\/wp\/v2\/media?parent=289"}],"wp:term":[{"taxonomy":"product_brand","embeddable":true,"href":"https:\/\/nfcjuices.com\/nb\/wp-json\/wp\/v2\/product_brand?post=289"},{"taxonomy":"product_cat","embeddable":true,"href":"https:\/\/nfcjuices.com\/nb\/wp-json\/wp\/v2\/product_cat?post=289"},{"taxonomy":"product_tag","embeddable":true,"href":"https:\/\/nfcjuices.com\/nb\/wp-json\/wp\/v2\/product_tag?post=289"}],"curies":[{"name":"wp","href":"https:\/\/api.w.org\/{rel}","templated":true}]}}