{"id":280,"date":"2025-03-13T09:59:56","date_gmt":"2025-03-13T08:59:56","guid":{"rendered":"https:\/\/nfcjuices.com\/produkt\/dynia\/"},"modified":"2026-04-13T12:09:32","modified_gmt":"2026-04-13T10:09:32","slug":"gresskar","status":"publish","type":"product","link":"https:\/\/nfcjuices.com\/nb\/produkt\/dynia\/","title":{"rendered":"Gresskarpur\u00e9 200 kg"},"content":{"rendered":"<p><strong>Ytre emballasje:<\/strong> metallfat<br \/>\n<strong>Indre emballasje:<\/strong> Metallisert aseptisk pose med ventil til engangsbruk.<\/p>\n<p><strong>Produkttype:<\/strong> pur\u00e9<\/p>\n<p><strong>Brix: Min. 7<\/strong><br \/>\n<strong>Tekniske spesifikasjoner tilgjengelig p\u00e5 foresp\u00f8rsel.<\/strong><\/p>\n<p><strong>N\u00e6ringsinnhold:<\/strong><br \/>\nENERGIVERDI 26 kcal<br \/>\nFETT 0,1 g<br \/>\nINKLUDERT METTET FETTSYRER 0 g<br \/>\nKARBOHYDRATER 7g<br \/>\nINKLUDERT SUKKER 2,8 g<br \/>\nPROTEIN 1g<br \/>\nSALT 0,5 g<\/p>\n<p><strong>Forsendelse:<\/strong><br \/>\n1\u20132 fat \u2013 sendes p\u00e5 europaller<br \/>\n2\u20134 fat \u2013 frakt p\u00e5 en pall som m\u00e5ler 120 x 120 cm. Fra 4 fat levering innen Polen \u2013 <strong>gratis!<\/strong><\/p>\n<p><strong>Tilleggsinformasjon:<\/strong> sales@naszatlocznia.pl eller 600 100 478<\/p>\n<p><span><br \/>\nAnsvarsfraskrivelser: Dataene ovenfor ble utarbeidet samvittighetsfullt og med st\u00f8rste omhu p\u00e5 utgivelsesdatoen. P\u00e5 grunn av endringer i forskrifter og individuelle produktkriterier, samt naturlige svingninger i r\u00e5materialet, garanterer ikke produsenten for kontinuiteten i avlesningene.<br \/>\n<\/span><\/p>","protected":false},"excerpt":{"rendered":"<p>Opakowanie zewn\u0119trzne: beczka metalowa Opakowanie wewn\u0119trzne: worek aseptyczny metalizowany z zaworem do jednorazowego u\u017cycia. Rodzaj produktu: przecier Brix: Min. 7 Specyfikacja techniczna dost\u0119pna na \u017cyczenie klienta. Warto\u015bci od\u017cywcze: WARTO\u015a\u0106 ENERGETYCZNA 26 kcal T\u0141USZCZ 0,1g W TYM KWASY T\u0141USZCZOWE NASYCONE 0g W\u0118GLOWODANY 7g W TYM CUKRY 2,8g BIA\u0141KO 1g S\u00d3L 0,5g Wysy\u0142ka: 1-2 beczki &#8211; wysy\u0142ka [&hellip;]<\/p>\n","protected":false},"featured_media":344,"comment_status":"open","ping_status":"closed","template":"","meta":[],"product_brand":[49],"product_cat":[56],"product_tag":[],"class_list":{"0":"post-280","1":"product","2":"type-product","3":"status-publish","4":"has-post-thumbnail","6":"product_brand-nasza-tlocznia","7":"product_cat-przeciery","8":"pa_pojemnosc-200kg","10":"first","11":"instock","12":"taxable","13":"shipping-taxable","14":"purchasable","15":"product-type-simple"},"yoast_head":"<!-- This site is optimized with the Yoast SEO plugin v24.9 - https:\/\/yoast.com\/wordpress\/plugins\/seo\/ -->\n<title>Przecier z Dyni 100% w beczce 200 kg | do przetw\u00f3rstwa B2B<\/title>\n<meta name=\"description\" content=\"Naturalny przecier z dyni 100% w beczce 200 kg. Pasteryzowany, bez dodatk\u00f3w. Do zup, sos\u00f3w, deser\u00f3w i wsad\u00f3w. Dostawa paletowa, dost\u0119pna specyfikacja\" \/>\n<meta name=\"robots\" content=\"index, follow, max-snippet:-1, max-image-preview:large, max-video-preview:-1\" \/>\n<link rel=\"canonical\" href=\"https:\/\/nfcjuices.com\/nb\/produkt\/gresskar\/\" \/>\n<meta property=\"og:locale\" content=\"nb_NO\" \/>\n<meta property=\"og:type\" content=\"article\" \/>\n<meta property=\"og:title\" content=\"Przecier z Dyni 100% w beczce 200 kg | do przetw\u00f3rstwa B2B\" \/>\n<meta property=\"og:description\" content=\"Naturalny przecier z dyni 100% w beczce 200 kg. Pasteryzowany, bez dodatk\u00f3w. Do zup, sos\u00f3w, deser\u00f3w i wsad\u00f3w. Dostawa paletowa, dost\u0119pna specyfikacja\" \/>\n<meta property=\"og:url\" content=\"https:\/\/nfcjuices.com\/nb\/produkt\/gresskar\/\" \/>\n<meta property=\"og:site_name\" content=\"nfc-juices\" \/>\n<meta property=\"article:modified_time\" content=\"2026-04-13T10:09:32+00:00\" \/>\n<meta property=\"og:image\" content=\"https:\/\/nfcjuices.com\/wp-content\/uploads\/2025\/03\/Czerwona-beczka-1-1.webp\" \/>\n\t<meta property=\"og:image:width\" content=\"1920\" \/>\n\t<meta property=\"og:image:height\" content=\"1920\" \/>\n\t<meta property=\"og:image:type\" content=\"image\/webp\" \/>\n<meta name=\"twitter:card\" content=\"summary_large_image\" \/>\n<meta name=\"twitter:label1\" content=\"Ansl. lesetid\" \/>\n\t<meta name=\"twitter:data1\" content=\"2 minutter\" \/>\n<script type=\"application\/ld+json\" class=\"yoast-schema-graph\">{\"@context\":\"https:\/\/schema.org\",\"@graph\":[{\"@type\":\"WebPage\",\"@id\":\"https:\/\/nfcjuices.com\/produkt\/dynia\/\",\"url\":\"https:\/\/nfcjuices.com\/produkt\/dynia\/\",\"name\":\"Przecier z Dyni 100% w beczce 200 kg | do przetw\u00f3rstwa B2B\",\"isPartOf\":{\"@id\":\"https:\/\/nfcjuices.com\/#website\"},\"primaryImageOfPage\":{\"@id\":\"https:\/\/nfcjuices.com\/produkt\/dynia\/#primaryimage\"},\"image\":{\"@id\":\"https:\/\/nfcjuices.com\/produkt\/dynia\/#primaryimage\"},\"thumbnailUrl\":\"https:\/\/nfcjuices.com\/wp-content\/uploads\/2025\/03\/Czerwona-beczka-1-1.webp\",\"datePublished\":\"2025-03-13T08:59:56+00:00\",\"dateModified\":\"2026-04-13T10:09:32+00:00\",\"description\":\"Naturalny przecier z dyni 100% w beczce 200 kg. Pasteryzowany, bez dodatk\u00f3w. Do zup, sos\u00f3w, deser\u00f3w i wsad\u00f3w. Dostawa paletowa, dost\u0119pna specyfikacja\",\"breadcrumb\":{\"@id\":\"https:\/\/nfcjuices.com\/produkt\/dynia\/#breadcrumb\"},\"inLanguage\":\"nb-NO\",\"potentialAction\":[{\"@type\":\"ReadAction\",\"target\":[\"https:\/\/nfcjuices.com\/produkt\/dynia\/\"]}]},{\"@type\":\"ImageObject\",\"inLanguage\":\"nb-NO\",\"@id\":\"https:\/\/nfcjuices.com\/produkt\/dynia\/#primaryimage\",\"url\":\"https:\/\/nfcjuices.com\/wp-content\/uploads\/2025\/03\/Czerwona-beczka-1-1.webp\",\"contentUrl\":\"https:\/\/nfcjuices.com\/wp-content\/uploads\/2025\/03\/Czerwona-beczka-1-1.webp\",\"width\":1920,\"height\":1920},{\"@type\":\"BreadcrumbList\",\"@id\":\"https:\/\/nfcjuices.com\/produkt\/dynia\/#breadcrumb\",\"itemListElement\":[{\"@type\":\"ListItem\",\"position\":1,\"name\":\"Strona g\u0142\u00f3wna\",\"item\":\"https:\/\/nfcjuices.com\/\"},{\"@type\":\"ListItem\",\"position\":2,\"name\":\"Nasze produkty\",\"item\":\"https:\/\/nfcjuices.com\/sv\/vara-produkter\/\"},{\"@type\":\"ListItem\",\"position\":3,\"name\":\"Przecier Dynia 200 kg\"}]},{\"@type\":\"WebSite\",\"@id\":\"https:\/\/nfcjuices.com\/#website\",\"url\":\"https:\/\/nfcjuices.com\/\",\"name\":\"nfc-juices\",\"description\":\"Soki, przeciery, musy NFC w beczkach\",\"publisher\":{\"@id\":\"https:\/\/nfcjuices.com\/#organization\"},\"potentialAction\":[{\"@type\":\"SearchAction\",\"target\":{\"@type\":\"EntryPoint\",\"urlTemplate\":\"https:\/\/nfcjuices.com\/?s={search_term_string}\"},\"query-input\":{\"@type\":\"PropertyValueSpecification\",\"valueRequired\":true,\"valueName\":\"search_term_string\"}}],\"inLanguage\":\"nb-NO\"},{\"@type\":\"Organization\",\"@id\":\"https:\/\/nfcjuices.com\/#organization\",\"name\":\"Nasza T\u0142ocznia\",\"url\":\"https:\/\/nfcjuices.com\/\",\"logo\":{\"@type\":\"ImageObject\",\"inLanguage\":\"nb-NO\",\"@id\":\"https:\/\/nfcjuices.com\/#\/schema\/logo\/image\/\",\"url\":\"https:\/\/nfcjuices.com\/wp-content\/uploads\/2025\/05\/cropped-B2b-1.png\",\"contentUrl\":\"https:\/\/nfcjuices.com\/wp-content\/uploads\/2025\/05\/cropped-B2b-1.png\",\"width\":1199,\"height\":999,\"caption\":\"Nasza T\u0142ocznia\"},\"image\":{\"@id\":\"https:\/\/nfcjuices.com\/#\/schema\/logo\/image\/\"}}]}<\/script>\n<!-- \/ Yoast SEO plugin. -->","yoast_head_json":{"title":"Gresskarpur\u00e9 100% i en 200 kg t\u00f8nne | for B2B-prosessering","description":"Naturlig gresskarpur\u00e9 100% i en 200 kg t\u00f8nne. Pasteurisert, uten tilsetningsstoffer. Passer til supper, sauser, desserter og wokretter. Pallelevering, spesifikasjoner tilgjengelig.","robots":{"index":"index","follow":"follow","max-snippet":"max-snippet:-1","max-image-preview":"max-image-preview:large","max-video-preview":"max-video-preview:-1"},"canonical":"https:\/\/nfcjuices.com\/nb\/produkt\/gresskar\/","og_locale":"nb_NO","og_type":"article","og_title":"Przecier z Dyni 100% w beczce 200 kg | do przetw\u00f3rstwa B2B","og_description":"Naturalny przecier z dyni 100% w beczce 200 kg. Pasteryzowany, bez dodatk\u00f3w. Do zup, sos\u00f3w, deser\u00f3w i wsad\u00f3w. Dostawa paletowa, dost\u0119pna specyfikacja","og_url":"https:\/\/nfcjuices.com\/nb\/produkt\/gresskar\/","og_site_name":"nfc-juices","article_modified_time":"2026-04-13T10:09:32+00:00","og_image":[{"width":1920,"height":1920,"url":"https:\/\/nfcjuices.com\/wp-content\/uploads\/2025\/03\/Czerwona-beczka-1-1.webp","type":"image\/webp"}],"twitter_card":"summary_large_image","twitter_misc":{"Ansl. lesetid":"2 minutter"},"schema":{"@context":"https:\/\/schema.org","@graph":[{"@type":"WebPage","@id":"https:\/\/nfcjuices.com\/produkt\/dynia\/","url":"https:\/\/nfcjuices.com\/produkt\/dynia\/","name":"Gresskarpur\u00e9 100% i en 200 kg t\u00f8nne | for B2B-prosessering","isPartOf":{"@id":"https:\/\/nfcjuices.com\/#website"},"primaryImageOfPage":{"@id":"https:\/\/nfcjuices.com\/produkt\/dynia\/#primaryimage"},"image":{"@id":"https:\/\/nfcjuices.com\/produkt\/dynia\/#primaryimage"},"thumbnailUrl":"https:\/\/nfcjuices.com\/wp-content\/uploads\/2025\/03\/Czerwona-beczka-1-1.webp","datePublished":"2025-03-13T08:59:56+00:00","dateModified":"2026-04-13T10:09:32+00:00","description":"Naturlig gresskarpur\u00e9 100% i en 200 kg t\u00f8nne. Pasteurisert, uten tilsetningsstoffer. Passer til supper, sauser, desserter og wokretter. Pallelevering, spesifikasjoner tilgjengelig.","breadcrumb":{"@id":"https:\/\/nfcjuices.com\/produkt\/dynia\/#breadcrumb"},"inLanguage":"nb-NO","potentialAction":[{"@type":"ReadAction","target":["https:\/\/nfcjuices.com\/produkt\/dynia\/"]}]},{"@type":"ImageObject","inLanguage":"nb-NO","@id":"https:\/\/nfcjuices.com\/produkt\/dynia\/#primaryimage","url":"https:\/\/nfcjuices.com\/wp-content\/uploads\/2025\/03\/Czerwona-beczka-1-1.webp","contentUrl":"https:\/\/nfcjuices.com\/wp-content\/uploads\/2025\/03\/Czerwona-beczka-1-1.webp","width":1920,"height":1920},{"@type":"BreadcrumbList","@id":"https:\/\/nfcjuices.com\/produkt\/dynia\/#breadcrumb","itemListElement":[{"@type":"ListItem","position":1,"name":"Strona g\u0142\u00f3wna","item":"https:\/\/nfcjuices.com\/"},{"@type":"ListItem","position":2,"name":"Nasze produkty","item":"https:\/\/nfcjuices.com\/sv\/vara-produkter\/"},{"@type":"ListItem","position":3,"name":"Przecier Dynia 200 kg"}]},{"@type":"WebSite","@id":"https:\/\/nfcjuices.com\/#website","url":"https:\/\/nfcjuices.com\/","name":"nfc juice","description":"Juice, pur\u00e9er, NFC-mousser p\u00e5 fat","publisher":{"@id":"https:\/\/nfcjuices.com\/#organization"},"potentialAction":[{"@type":"SearchAction","target":{"@type":"EntryPoint","urlTemplate":"https:\/\/nfcjuices.com\/?s={search_term_string}"},"query-input":{"@type":"PropertyValueSpecification","valueRequired":true,"valueName":"search_term_string"}}],"inLanguage":"nb-NO"},{"@type":"Organization","@id":"https:\/\/nfcjuices.com\/#organization","name":"Presseanlegget v\u00e5rt","url":"https:\/\/nfcjuices.com\/","logo":{"@type":"ImageObject","inLanguage":"nb-NO","@id":"https:\/\/nfcjuices.com\/#\/schema\/logo\/image\/","url":"https:\/\/nfcjuices.com\/wp-content\/uploads\/2025\/05\/cropped-B2b-1.png","contentUrl":"https:\/\/nfcjuices.com\/wp-content\/uploads\/2025\/05\/cropped-B2b-1.png","width":1199,"height":999,"caption":"Nasza T\u0142ocznia"},"image":{"@id":"https:\/\/nfcjuices.com\/#\/schema\/logo\/image\/"}}]}},"_links":{"self":[{"href":"https:\/\/nfcjuices.com\/nb\/wp-json\/wp\/v2\/product\/280","targetHints":{"allow":["GET"]}}],"collection":[{"href":"https:\/\/nfcjuices.com\/nb\/wp-json\/wp\/v2\/product"}],"about":[{"href":"https:\/\/nfcjuices.com\/nb\/wp-json\/wp\/v2\/types\/product"}],"replies":[{"embeddable":true,"href":"https:\/\/nfcjuices.com\/nb\/wp-json\/wp\/v2\/comments?post=280"}],"wp:featuredmedia":[{"embeddable":true,"href":"https:\/\/nfcjuices.com\/nb\/wp-json\/wp\/v2\/media\/344"}],"wp:attachment":[{"href":"https:\/\/nfcjuices.com\/nb\/wp-json\/wp\/v2\/media?parent=280"}],"wp:term":[{"taxonomy":"product_brand","embeddable":true,"href":"https:\/\/nfcjuices.com\/nb\/wp-json\/wp\/v2\/product_brand?post=280"},{"taxonomy":"product_cat","embeddable":true,"href":"https:\/\/nfcjuices.com\/nb\/wp-json\/wp\/v2\/product_cat?post=280"},{"taxonomy":"product_tag","embeddable":true,"href":"https:\/\/nfcjuices.com\/nb\/wp-json\/wp\/v2\/product_tag?post=280"}],"curies":[{"name":"wp","href":"https:\/\/api.w.org\/{rel}","templated":true}]}}