{"id":216,"date":"2025-03-12T15:58:26","date_gmt":"2025-03-12T14:58:26","guid":{"rendered":"https:\/\/nfcjuices.com\/produkt\/czarna-rzepa\/"},"modified":"2026-03-26T11:42:30","modified_gmt":"2026-03-26T10:42:30","slug":"svart-kalrot","status":"publish","type":"product","link":"https:\/\/nfcjuices.com\/nb\/produkt\/czarna-rzepa\/","title":{"rendered":"Juice 100% Svart reddik 200 kg"},"content":{"rendered":"<p><strong>Produkttype:<\/strong> juice <\/p>\n<p> <strong>Brix: <\/strong>5,5<br \/><strong>Tekniske spesifikasjoner tilgjengelig p\u00e5 foresp\u00f8rsel.<\/strong><\/p>\n<p><strong>N\u00e6ringsinnhold:<\/strong><\/p>\n<p>ENERGIVERDI: 40 kcal <\/p>\n<p>FETT: 0,3 g <\/p>\n<p>KARBOHYDRATER: 8,12 g <\/p>\n<p>-INKLUDERT SUKKER: 4,1 g <\/p>\n<p>PROTEIN: 1 g <\/p>\n<p>KOST: &lt;0,5 g <\/p>\n<p>SALT: 0 g <\/p>","protected":false},"excerpt":{"rendered":"<p>Rodzaj produktu: sok Brix: 5,5Specyfikacja techniczna dost\u0119pna na \u017cyczenie klienta. Warto\u015bci od\u017cywcze: WARTO\u015a\u0106 ENERGETYCZNA: 40 kcal T\u0141USZCZ: 0,3g W\u0118GLOWODANY: 8,12g -W TYM CUKRY: 4,1g BIA\u0141KO: 1g B\u0141ONNIK POKARMOWY: &lt;0,5g S\u00d3L: 0g<\/p>","protected":false},"featured_media":175,"comment_status":"open","ping_status":"closed","template":"","meta":[],"product_brand":[],"product_cat":[47,26],"product_tag":[34],"class_list":{"0":"post-216","1":"product","2":"type-product","3":"status-publish","4":"has-post-thumbnail","6":"product_cat-soki-nfc","7":"product_cat-soki-tloczone-nfc","8":"product_tag-beczka","9":"pa_pojemnosc-200kg","11":"first","12":"instock","13":"taxable","14":"shipping-taxable","15":"purchasable","16":"product-type-simple"},"yoast_head":"<!-- This site is optimized with the Yoast SEO plugin v24.9 - https:\/\/yoast.com\/wordpress\/plugins\/seo\/ -->\n<title>Sok 100% Czarna rzepa 200kg - nfc-juices<\/title>\n<meta name=\"robots\" content=\"index, follow, max-snippet:-1, max-image-preview:large, max-video-preview:-1\" \/>\n<link rel=\"canonical\" href=\"https:\/\/nfcjuices.com\/nb\/produkt\/svart-kalrot\/\" \/>\n<meta property=\"og:locale\" content=\"nb_NO\" \/>\n<meta property=\"og:type\" content=\"article\" \/>\n<meta property=\"og:title\" content=\"Sok 100% Czarna rzepa 200kg - nfc-juices\" \/>\n<meta property=\"og:description\" content=\"Rodzaj produktu: sok Brix: 5,5Specyfikacja techniczna dost\u0119pna na \u017cyczenie klienta. Warto\u015bci od\u017cywcze: WARTO\u015a\u0106 ENERGETYCZNA: 40 kcal T\u0141USZCZ: 0,3g W\u0118GLOWODANY: 8,12g -W TYM CUKRY: 4,1g BIA\u0141KO: 1g B\u0141ONNIK POKARMOWY: &lt;0,5g S\u00d3L: 0g\" \/>\n<meta property=\"og:url\" content=\"https:\/\/nfcjuices.com\/nb\/produkt\/svart-kalrot\/\" \/>\n<meta property=\"og:site_name\" content=\"nfc-juices\" \/>\n<meta property=\"article:modified_time\" content=\"2026-03-26T10:42:30+00:00\" \/>\n<meta property=\"og:image\" content=\"https:\/\/nfcjuices.com\/wp-content\/uploads\/2025\/03\/Czerwona-beczka-1-1024x1024.png\" \/>\n\t<meta property=\"og:image:width\" content=\"1024\" \/>\n\t<meta property=\"og:image:height\" content=\"1024\" \/>\n\t<meta property=\"og:image:type\" content=\"image\/png\" \/>\n<meta name=\"twitter:card\" content=\"summary_large_image\" \/>\n<script type=\"application\/ld+json\" class=\"yoast-schema-graph\">{\"@context\":\"https:\/\/schema.org\",\"@graph\":[{\"@type\":\"WebPage\",\"@id\":\"https:\/\/nfcjuices.com\/produkt\/czarna-rzepa\/\",\"url\":\"https:\/\/nfcjuices.com\/produkt\/czarna-rzepa\/\",\"name\":\"Sok 100% Czarna rzepa 200kg - nfc-juices\",\"isPartOf\":{\"@id\":\"https:\/\/nfcjuices.com\/#website\"},\"primaryImageOfPage\":{\"@id\":\"https:\/\/nfcjuices.com\/produkt\/czarna-rzepa\/#primaryimage\"},\"image\":{\"@id\":\"https:\/\/nfcjuices.com\/produkt\/czarna-rzepa\/#primaryimage\"},\"thumbnailUrl\":\"https:\/\/nfcjuices.com\/wp-content\/uploads\/2025\/03\/Czerwona-beczka-1.png\",\"datePublished\":\"2025-03-12T14:58:26+00:00\",\"dateModified\":\"2026-03-26T10:42:30+00:00\",\"breadcrumb\":{\"@id\":\"https:\/\/nfcjuices.com\/produkt\/czarna-rzepa\/#breadcrumb\"},\"inLanguage\":\"nb-NO\",\"potentialAction\":[{\"@type\":\"ReadAction\",\"target\":[\"https:\/\/nfcjuices.com\/produkt\/czarna-rzepa\/\"]}]},{\"@type\":\"ImageObject\",\"inLanguage\":\"nb-NO\",\"@id\":\"https:\/\/nfcjuices.com\/produkt\/czarna-rzepa\/#primaryimage\",\"url\":\"https:\/\/nfcjuices.com\/wp-content\/uploads\/2025\/03\/Czerwona-beczka-1.png\",\"contentUrl\":\"https:\/\/nfcjuices.com\/wp-content\/uploads\/2025\/03\/Czerwona-beczka-1.png\",\"width\":1980,\"height\":1980},{\"@type\":\"BreadcrumbList\",\"@id\":\"https:\/\/nfcjuices.com\/produkt\/czarna-rzepa\/#breadcrumb\",\"itemListElement\":[{\"@type\":\"ListItem\",\"position\":1,\"name\":\"Strona g\u0142\u00f3wna\",\"item\":\"https:\/\/nfcjuices.com\/\"},{\"@type\":\"ListItem\",\"position\":2,\"name\":\"Nasze produkty\",\"item\":\"https:\/\/nfcjuices.com\/sv\/vara-produkter\/\"},{\"@type\":\"ListItem\",\"position\":3,\"name\":\"Sok 100% Czarna rzepa 200kg\"}]},{\"@type\":\"WebSite\",\"@id\":\"https:\/\/nfcjuices.com\/#website\",\"url\":\"https:\/\/nfcjuices.com\/\",\"name\":\"nfc-juices\",\"description\":\"Soki, przeciery, musy NFC w beczkach\",\"publisher\":{\"@id\":\"https:\/\/nfcjuices.com\/#organization\"},\"potentialAction\":[{\"@type\":\"SearchAction\",\"target\":{\"@type\":\"EntryPoint\",\"urlTemplate\":\"https:\/\/nfcjuices.com\/?s={search_term_string}\"},\"query-input\":{\"@type\":\"PropertyValueSpecification\",\"valueRequired\":true,\"valueName\":\"search_term_string\"}}],\"inLanguage\":\"nb-NO\"},{\"@type\":\"Organization\",\"@id\":\"https:\/\/nfcjuices.com\/#organization\",\"name\":\"Nasza T\u0142ocznia\",\"url\":\"https:\/\/nfcjuices.com\/\",\"logo\":{\"@type\":\"ImageObject\",\"inLanguage\":\"nb-NO\",\"@id\":\"https:\/\/nfcjuices.com\/#\/schema\/logo\/image\/\",\"url\":\"https:\/\/nfcjuices.com\/wp-content\/uploads\/2025\/05\/cropped-B2b-1.png\",\"contentUrl\":\"https:\/\/nfcjuices.com\/wp-content\/uploads\/2025\/05\/cropped-B2b-1.png\",\"width\":1199,\"height\":999,\"caption\":\"Nasza T\u0142ocznia\"},\"image\":{\"@id\":\"https:\/\/nfcjuices.com\/#\/schema\/logo\/image\/\"}}]}<\/script>\n<!-- \/ Yoast SEO plugin. -->","yoast_head_json":{"title":"Juice 100% Svart reddik 200kg - nfc-juicer","robots":{"index":"index","follow":"follow","max-snippet":"max-snippet:-1","max-image-preview":"max-image-preview:large","max-video-preview":"max-video-preview:-1"},"canonical":"https:\/\/nfcjuices.com\/nb\/produkt\/svart-kalrot\/","og_locale":"nb_NO","og_type":"article","og_title":"Sok 100% Czarna rzepa 200kg - nfc-juices","og_description":"Rodzaj produktu: sok Brix: 5,5Specyfikacja techniczna dost\u0119pna na \u017cyczenie klienta. Warto\u015bci od\u017cywcze: WARTO\u015a\u0106 ENERGETYCZNA: 40 kcal T\u0141USZCZ: 0,3g W\u0118GLOWODANY: 8,12g -W TYM CUKRY: 4,1g BIA\u0141KO: 1g B\u0141ONNIK POKARMOWY: &lt;0,5g S\u00d3L: 0g","og_url":"https:\/\/nfcjuices.com\/nb\/produkt\/svart-kalrot\/","og_site_name":"nfc-juices","article_modified_time":"2026-03-26T10:42:30+00:00","og_image":[{"width":1024,"height":1024,"url":"https:\/\/nfcjuices.com\/wp-content\/uploads\/2025\/03\/Czerwona-beczka-1-1024x1024.png","type":"image\/png"}],"twitter_card":"summary_large_image","schema":{"@context":"https:\/\/schema.org","@graph":[{"@type":"WebPage","@id":"https:\/\/nfcjuices.com\/produkt\/czarna-rzepa\/","url":"https:\/\/nfcjuices.com\/produkt\/czarna-rzepa\/","name":"Juice 100% Svart reddik 200kg - nfc-juicer","isPartOf":{"@id":"https:\/\/nfcjuices.com\/#website"},"primaryImageOfPage":{"@id":"https:\/\/nfcjuices.com\/produkt\/czarna-rzepa\/#primaryimage"},"image":{"@id":"https:\/\/nfcjuices.com\/produkt\/czarna-rzepa\/#primaryimage"},"thumbnailUrl":"https:\/\/nfcjuices.com\/wp-content\/uploads\/2025\/03\/Czerwona-beczka-1.png","datePublished":"2025-03-12T14:58:26+00:00","dateModified":"2026-03-26T10:42:30+00:00","breadcrumb":{"@id":"https:\/\/nfcjuices.com\/produkt\/czarna-rzepa\/#breadcrumb"},"inLanguage":"nb-NO","potentialAction":[{"@type":"ReadAction","target":["https:\/\/nfcjuices.com\/produkt\/czarna-rzepa\/"]}]},{"@type":"ImageObject","inLanguage":"nb-NO","@id":"https:\/\/nfcjuices.com\/produkt\/czarna-rzepa\/#primaryimage","url":"https:\/\/nfcjuices.com\/wp-content\/uploads\/2025\/03\/Czerwona-beczka-1.png","contentUrl":"https:\/\/nfcjuices.com\/wp-content\/uploads\/2025\/03\/Czerwona-beczka-1.png","width":1980,"height":1980},{"@type":"BreadcrumbList","@id":"https:\/\/nfcjuices.com\/produkt\/czarna-rzepa\/#breadcrumb","itemListElement":[{"@type":"ListItem","position":1,"name":"Strona g\u0142\u00f3wna","item":"https:\/\/nfcjuices.com\/"},{"@type":"ListItem","position":2,"name":"Nasze produkty","item":"https:\/\/nfcjuices.com\/sv\/vara-produkter\/"},{"@type":"ListItem","position":3,"name":"Sok 100% Czarna rzepa 200kg"}]},{"@type":"WebSite","@id":"https:\/\/nfcjuices.com\/#website","url":"https:\/\/nfcjuices.com\/","name":"nfc juice","description":"Juice, pur\u00e9er, NFC-mousser p\u00e5 fat","publisher":{"@id":"https:\/\/nfcjuices.com\/#organization"},"potentialAction":[{"@type":"SearchAction","target":{"@type":"EntryPoint","urlTemplate":"https:\/\/nfcjuices.com\/?s={search_term_string}"},"query-input":{"@type":"PropertyValueSpecification","valueRequired":true,"valueName":"search_term_string"}}],"inLanguage":"nb-NO"},{"@type":"Organization","@id":"https:\/\/nfcjuices.com\/#organization","name":"Presseanlegget v\u00e5rt","url":"https:\/\/nfcjuices.com\/","logo":{"@type":"ImageObject","inLanguage":"nb-NO","@id":"https:\/\/nfcjuices.com\/#\/schema\/logo\/image\/","url":"https:\/\/nfcjuices.com\/wp-content\/uploads\/2025\/05\/cropped-B2b-1.png","contentUrl":"https:\/\/nfcjuices.com\/wp-content\/uploads\/2025\/05\/cropped-B2b-1.png","width":1199,"height":999,"caption":"Nasza T\u0142ocznia"},"image":{"@id":"https:\/\/nfcjuices.com\/#\/schema\/logo\/image\/"}}]}},"_links":{"self":[{"href":"https:\/\/nfcjuices.com\/nb\/wp-json\/wp\/v2\/product\/216","targetHints":{"allow":["GET"]}}],"collection":[{"href":"https:\/\/nfcjuices.com\/nb\/wp-json\/wp\/v2\/product"}],"about":[{"href":"https:\/\/nfcjuices.com\/nb\/wp-json\/wp\/v2\/types\/product"}],"replies":[{"embeddable":true,"href":"https:\/\/nfcjuices.com\/nb\/wp-json\/wp\/v2\/comments?post=216"}],"wp:featuredmedia":[{"embeddable":true,"href":"https:\/\/nfcjuices.com\/nb\/wp-json\/wp\/v2\/media\/175"}],"wp:attachment":[{"href":"https:\/\/nfcjuices.com\/nb\/wp-json\/wp\/v2\/media?parent=216"}],"wp:term":[{"taxonomy":"product_brand","embeddable":true,"href":"https:\/\/nfcjuices.com\/nb\/wp-json\/wp\/v2\/product_brand?post=216"},{"taxonomy":"product_cat","embeddable":true,"href":"https:\/\/nfcjuices.com\/nb\/wp-json\/wp\/v2\/product_cat?post=216"},{"taxonomy":"product_tag","embeddable":true,"href":"https:\/\/nfcjuices.com\/nb\/wp-json\/wp\/v2\/product_tag?post=216"}],"curies":[{"name":"wp","href":"https:\/\/api.w.org\/{rel}","templated":true}]}}