{"id":958,"date":"2025-04-15T11:42:59","date_gmt":"2025-04-15T09:42:59","guid":{"rendered":"https:\/\/nfcjuices.com\/?page_id=958"},"modified":"2025-06-06T14:40:54","modified_gmt":"2025-06-06T12:40:54","slug":"betaling-og-levering","status":"publish","type":"page","link":"https:\/\/nfcjuices.com\/nb\/platnosci-i-dostawa\/","title":{"rendered":"Betaling og levering"},"content":{"rendered":"<h2 class=\"wp-block-heading\" id=\"metody-platnosci\">Betalingsmetoder<\/h2>\n\n\n\n<p><\/p>\n\n\n\n<ul class=\"wp-block-list\">\n<li>imoje betalingsgateway<\/li>\n\n\n\n<li>Bankoverf\u00f8ring<\/li>\n\n\n\n<li>PayPal<\/li>\n<\/ul>\n\n\n\n<h2 class=\"wp-block-heading\" id=\"metody-i-koszty-dostawy\">Fraktmetoder og kostnader<\/h2>\n\n\n\n<ul class=\"wp-block-list\">\n<li>Palleforsendelse - PLN 195 (For innenlandske bestillinger)<\/li>\n\n\n\n<ul class=\"wp-block-list\">\n<li>Pallefrakt - pris oppgis ved valg av leveringsland \/ eller tilbud<\/li>\n\n\n\n<li>Personlig samling<\/li>\n\n\n\n<li>Gratis levering fra 4 fat (For innenlandske bestillinger)<\/li>\n<\/ul>","protected":false},"excerpt":{"rendered":"<p>Betalingsmetoder Fraktmetoder og kostnader<\/p>","protected":false},"author":1,"featured_media":0,"parent":0,"menu_order":0,"comment_status":"closed","ping_status":"closed","template":"","meta":{"footnotes":""},"class_list":["post-958","page","type-page","status-publish","hentry"],"yoast_head":"<!-- This site is optimized with the Yoast SEO plugin v24.9 - https:\/\/yoast.com\/wordpress\/plugins\/seo\/ -->\n<title>P\u0142atno\u015bci i dostawa - nfc-juices<\/title>\n<meta name=\"robots\" content=\"index, follow, max-snippet:-1, max-image-preview:large, max-video-preview:-1\" \/>\n<link rel=\"canonical\" href=\"https:\/\/nfcjuices.com\/nb\/betaling-og-levering\/\" \/>\n<meta property=\"og:locale\" content=\"nb_NO\" \/>\n<meta property=\"og:type\" content=\"article\" \/>\n<meta property=\"og:title\" content=\"P\u0142atno\u015bci i dostawa - nfc-juices\" \/>\n<meta property=\"og:description\" content=\"Metody p\u0142atno\u015bci Metody i koszty dostawy\" \/>\n<meta property=\"og:url\" content=\"https:\/\/nfcjuices.com\/nb\/betaling-og-levering\/\" \/>\n<meta property=\"og:site_name\" content=\"nfc-juices\" \/>\n<meta property=\"article:modified_time\" content=\"2025-06-06T12:40:54+00:00\" \/>\n<meta name=\"twitter:card\" content=\"summary_large_image\" \/>\n<meta name=\"twitter:label1\" content=\"Ansl. lesetid\" \/>\n\t<meta name=\"twitter:data1\" content=\"1 minutt\" \/>\n<script type=\"application\/ld+json\" class=\"yoast-schema-graph\">{\"@context\":\"https:\/\/schema.org\",\"@graph\":[{\"@type\":\"WebPage\",\"@id\":\"https:\/\/nfcjuices.com\/platnosci-i-dostawa\/\",\"url\":\"https:\/\/nfcjuices.com\/platnosci-i-dostawa\/\",\"name\":\"P\u0142atno\u015bci i dostawa - nfc-juices\",\"isPartOf\":{\"@id\":\"https:\/\/nfcjuices.com\/#website\"},\"datePublished\":\"2025-04-15T09:42:59+00:00\",\"dateModified\":\"2025-06-06T12:40:54+00:00\",\"breadcrumb\":{\"@id\":\"https:\/\/nfcjuices.com\/platnosci-i-dostawa\/#breadcrumb\"},\"inLanguage\":\"nb-NO\",\"potentialAction\":[{\"@type\":\"ReadAction\",\"target\":[\"https:\/\/nfcjuices.com\/platnosci-i-dostawa\/\"]}]},{\"@type\":\"BreadcrumbList\",\"@id\":\"https:\/\/nfcjuices.com\/platnosci-i-dostawa\/#breadcrumb\",\"itemListElement\":[{\"@type\":\"ListItem\",\"position\":1,\"name\":\"Strona g\u0142\u00f3wna\",\"item\":\"https:\/\/nfcjuices.com\/\"},{\"@type\":\"ListItem\",\"position\":2,\"name\":\"P\u0142atno\u015bci i dostawa\"}]},{\"@type\":\"WebSite\",\"@id\":\"https:\/\/nfcjuices.com\/#website\",\"url\":\"https:\/\/nfcjuices.com\/\",\"name\":\"nfc-juices\",\"description\":\"Soki, przeciery, musy NFC w beczkach\",\"publisher\":{\"@id\":\"https:\/\/nfcjuices.com\/#organization\"},\"potentialAction\":[{\"@type\":\"SearchAction\",\"target\":{\"@type\":\"EntryPoint\",\"urlTemplate\":\"https:\/\/nfcjuices.com\/?s={search_term_string}\"},\"query-input\":{\"@type\":\"PropertyValueSpecification\",\"valueRequired\":true,\"valueName\":\"search_term_string\"}}],\"inLanguage\":\"nb-NO\"},{\"@type\":\"Organization\",\"@id\":\"https:\/\/nfcjuices.com\/#organization\",\"name\":\"Nasza T\u0142ocznia\",\"url\":\"https:\/\/nfcjuices.com\/\",\"logo\":{\"@type\":\"ImageObject\",\"inLanguage\":\"nb-NO\",\"@id\":\"https:\/\/nfcjuices.com\/#\/schema\/logo\/image\/\",\"url\":\"https:\/\/nfcjuices.com\/wp-content\/uploads\/2025\/05\/cropped-B2b-1.png\",\"contentUrl\":\"https:\/\/nfcjuices.com\/wp-content\/uploads\/2025\/05\/cropped-B2b-1.png\",\"width\":1199,\"height\":999,\"caption\":\"Nasza T\u0142ocznia\"},\"image\":{\"@id\":\"https:\/\/nfcjuices.com\/#\/schema\/logo\/image\/\"}}]}<\/script>\n<!-- \/ Yoast SEO plugin. -->","yoast_head_json":{"title":"Betaling og frakt - nfc-juices","robots":{"index":"index","follow":"follow","max-snippet":"max-snippet:-1","max-image-preview":"max-image-preview:large","max-video-preview":"max-video-preview:-1"},"canonical":"https:\/\/nfcjuices.com\/nb\/betaling-og-levering\/","og_locale":"nb_NO","og_type":"article","og_title":"P\u0142atno\u015bci i dostawa - nfc-juices","og_description":"Metody p\u0142atno\u015bci Metody i koszty dostawy","og_url":"https:\/\/nfcjuices.com\/nb\/betaling-og-levering\/","og_site_name":"nfc-juices","article_modified_time":"2025-06-06T12:40:54+00:00","twitter_card":"summary_large_image","twitter_misc":{"Ansl. lesetid":"1 minutt"},"schema":{"@context":"https:\/\/schema.org","@graph":[{"@type":"WebPage","@id":"https:\/\/nfcjuices.com\/platnosci-i-dostawa\/","url":"https:\/\/nfcjuices.com\/platnosci-i-dostawa\/","name":"Betaling og frakt - nfc-juices","isPartOf":{"@id":"https:\/\/nfcjuices.com\/#website"},"datePublished":"2025-04-15T09:42:59+00:00","dateModified":"2025-06-06T12:40:54+00:00","breadcrumb":{"@id":"https:\/\/nfcjuices.com\/platnosci-i-dostawa\/#breadcrumb"},"inLanguage":"nb-NO","potentialAction":[{"@type":"ReadAction","target":["https:\/\/nfcjuices.com\/platnosci-i-dostawa\/"]}]},{"@type":"BreadcrumbList","@id":"https:\/\/nfcjuices.com\/platnosci-i-dostawa\/#breadcrumb","itemListElement":[{"@type":"ListItem","position":1,"name":"Strona g\u0142\u00f3wna","item":"https:\/\/nfcjuices.com\/"},{"@type":"ListItem","position":2,"name":"P\u0142atno\u015bci i dostawa"}]},{"@type":"WebSite","@id":"https:\/\/nfcjuices.com\/#website","url":"https:\/\/nfcjuices.com\/","name":"nfc juice","description":"Juice, pur\u00e9er, NFC-mousser p\u00e5 fat","publisher":{"@id":"https:\/\/nfcjuices.com\/#organization"},"potentialAction":[{"@type":"SearchAction","target":{"@type":"EntryPoint","urlTemplate":"https:\/\/nfcjuices.com\/?s={search_term_string}"},"query-input":{"@type":"PropertyValueSpecification","valueRequired":true,"valueName":"search_term_string"}}],"inLanguage":"nb-NO"},{"@type":"Organization","@id":"https:\/\/nfcjuices.com\/#organization","name":"Presseanlegget v\u00e5rt","url":"https:\/\/nfcjuices.com\/","logo":{"@type":"ImageObject","inLanguage":"nb-NO","@id":"https:\/\/nfcjuices.com\/#\/schema\/logo\/image\/","url":"https:\/\/nfcjuices.com\/wp-content\/uploads\/2025\/05\/cropped-B2b-1.png","contentUrl":"https:\/\/nfcjuices.com\/wp-content\/uploads\/2025\/05\/cropped-B2b-1.png","width":1199,"height":999,"caption":"Nasza T\u0142ocznia"},"image":{"@id":"https:\/\/nfcjuices.com\/#\/schema\/logo\/image\/"}}]}},"_links":{"self":[{"href":"https:\/\/nfcjuices.com\/nb\/wp-json\/wp\/v2\/pages\/958","targetHints":{"allow":["GET"]}}],"collection":[{"href":"https:\/\/nfcjuices.com\/nb\/wp-json\/wp\/v2\/pages"}],"about":[{"href":"https:\/\/nfcjuices.com\/nb\/wp-json\/wp\/v2\/types\/page"}],"author":[{"embeddable":true,"href":"https:\/\/nfcjuices.com\/nb\/wp-json\/wp\/v2\/users\/1"}],"replies":[{"embeddable":true,"href":"https:\/\/nfcjuices.com\/nb\/wp-json\/wp\/v2\/comments?post=958"}],"version-history":[{"count":3,"href":"https:\/\/nfcjuices.com\/nb\/wp-json\/wp\/v2\/pages\/958\/revisions"}],"predecessor-version":[{"id":1226,"href":"https:\/\/nfcjuices.com\/nb\/wp-json\/wp\/v2\/pages\/958\/revisions\/1226"}],"wp:attachment":[{"href":"https:\/\/nfcjuices.com\/nb\/wp-json\/wp\/v2\/media?parent=958"}],"curies":[{"name":"wp","href":"https:\/\/api.w.org\/{rel}","templated":true}]}}