{"id":33,"date":"2025-04-15T11:38:29","date_gmt":"2025-04-15T09:38:29","guid":{"rendered":"https:\/\/nfcjuices.com\/?page_id=33"},"modified":"2025-04-15T11:38:30","modified_gmt":"2025-04-15T09:38:30","slug":"returer","status":"publish","type":"page","link":"https:\/\/nfcjuices.com\/nb\/zwroty\/","title":{"rendered":"Returer, klager"},"content":{"rendered":"<p>Mine damer og herrer,<\/p>\n\n\n\n<p>Hvis et produkt kj\u00f8pt i Nasza T\u0142ocznia nettbutikk ikke oppfyller forventningene dine, eller det er grunnlag for \u00e5 klage, er det mulig \u00e5 returnere eller klage p\u00e5 produktet innen en angitt periode. Reglene for retur, som samtidig er en tilbaketrekning fra den inng\u00e5tte avtalen og reklamasjon, er regulert og spesifisert i nettbutikkens forskrifter - paragraf 10 og 11.<\/p>\n\n\n\n<p><strong>\u00a710&nbsp;<\/strong>Rett til \u00e5 trekke seg fra avtalen<\/p>\n\n\n\n<ol class=\"wp-block-list\">\n<li>Kunden (forbruker og n\u00e6ringsdrivende med forbrukerrettigheter) kan trekke seg fra avtalen innen 14 dager uten \u00e5 oppgi noen grunn.<\/li>\n\n\n\n<li>Perioden angitt i punkt 1 starter fra datoen for levering av produktet til kunden.<\/li>\n\n\n\n<li>Ved en kontrakt som omfatter flere produkter som leveres separat, i partier eller deler, skal perioden angitt i punkt 1 l\u00f8pe fra leveringen av den siste varen, partiet eller delen.<\/li>\n\n\n\n<li>Kunden kan g\u00e5 fra avtalen ved \u00e5 sende inn en utfylt og signert erkl\u00e6ring om angrerett fra avtalen til selgeren (last ned returskjemaet nedenfor). For \u00e5 overholde fristen for \u00e5 angre fra avtalen, er det tilstrekkelig at Forbrukeren sender en erkl\u00e6ring f\u00f8r fristen utl\u00f8per.<\/li>\n\n\n\n<li>Erkl\u00e6ringen kan sendes med vanlig post eller elektronisk. Den skal inneholde kundens data, ordrenummer, salgsdokumentnummer, angivelse av produktet som returneres og eventuelt \u00e5rsaken til returen.<\/li>\n\n\n\n<li>Det returnerte produktet m\u00e5 v\u00e6re selgeren i hende&nbsp;<strong>i perfekt stand<\/strong>, viser ingen tegn til bruk&nbsp;<strong>sammen med kj\u00f8psbekreftelsen<\/strong>&nbsp;\u2013 en kvittering eller MVA-faktura, utfylt og signert&nbsp;<strong>returskjema<\/strong>. Returer uten salgsdokument eller returskjema vil ikke bli behandlet.<\/li>\n\n\n\n<li>Kostnadene ved \u00e5 levere det returnerte produktet til selgeren dekkes av kunden.<\/li>\n\n\n\n<li>Pakker som sendes i postoppkrav vil ikke bli akseptert.<\/li>\n\n\n\n<li>Selgeren vil refundere betalingen med de samme betalingsmetodene som ble brukt av Kunden i den opprinnelige transaksjonen, med mindre Kunden uttrykkelig har samtykket til en annen l\u00f8sning som ikke vil medf\u00f8re noen kostnader for ham.<\/li>\n\n\n\n<li>Selgeren refunderer betalingen innen 14 dager fra det \u00f8yeblikket returen er bekreftet, dvs. at produktet ikke b\u00e6rer noen spor av bruk og returen inneholder alle n\u00f8dvendige dokumenter spesifisert i punkt 6 i dette avsnittet.<\/li>\n<\/ol>\n\n\n\n<p><strong>\u00a711&nbsp;<\/strong>Klage<\/p>\n\n\n\n<ol class=\"wp-block-list\">\n<li>Selgeren er ansvarlig for riktig kvalitet p\u00e5 de solgte produktene.<\/li>\n\n\n\n<li>Eventuelle klager kan sendes inn innen maksimalt 14 dager fra det \u00f8yeblikket Kunden oppdager eventuelle uregelmessigheter knyttet til Bestillingen eller Produktet.<\/li>\n\n\n\n<li>Kunden (forbruker og gr\u00fcnder med forbrukerrettigheter) kan sende inn en klage ved \u00e5 sende inn en klageerkl\u00e6ring (produktklageskjema tilgjengelig for nedlasting nedenfor).<\/li>\n\n\n\n<li>Klagen kan sendes inn via vanlig post eller elektronisk.<\/li>\n\n\n\n<li>Produktet det klages over skal leveres sammen med kj\u00f8psbekreftelse og et utfylt og signert klageskjema. <\/li>\n\n\n\n<li>Kostnadene ved \u00e5 returnere det klagede produktet dekkes av Selgeren ved \u00e5 sende en fraktetikett til Kunden.<\/li>\n\n\n\n<li>Pakker som sendes i postoppkrav vil ikke bli akseptert.<\/li>\n\n\n\n<li>Klager vil bli behandlet av selger innen 14 dager etter mottak av produktet.<\/li>\n<\/ol>\n\n\n\n<div data-wp-interactive=\"core\/file\" class=\"wp-block-file\"><object data-wp-bind--hidden=\"!state.hasPdfPreview\" hidden class=\"wp-block-file__embed\" data=\"https:\/\/naszatlocznia.pl\/wp-content\/uploads\/2023\/01\/Nasza-Tlocznia-Formularz-zwrotu-towaru-1.pdf\" type=\"application\/pdf\" style=\"width:100%;height:600px\" aria-label=\"Innbygging av Nasza-Tlocznia-Formularz-zwrotu-towaru-1\"><\/object><a id=\"wp-block-file--media-3de63507-db4c-4865-9d84-4e3c7b0a9994\" href=\"https:\/\/naszatlocznia.pl\/wp-content\/uploads\/2023\/01\/Nasza-Tlocznia-Formularz-zwrotu-towaru-1.pdf\">V\u00e5rt-P\u0142ocznia-Retur-av-varer-skjema-1<\/a><a href=\"https:\/\/naszatlocznia.pl\/wp-content\/uploads\/2023\/01\/Nasza-Tlocznia-Formularz-zwrotu-towaru-1.pdf\" class=\"wp-block-file__button wp-element-button\" download aria-describedby=\"wp-block-file--media-3de63507-db4c-4865-9d84-4e3c7b0a9994\">Last ned<\/a><\/div>\n\n\n\n<div data-wp-interactive=\"core\/file\" class=\"wp-block-file\"><object data-wp-bind--hidden=\"!state.hasPdfPreview\" hidden class=\"wp-block-file__embed\" data=\"https:\/\/naszatlocznia.pl\/wp-content\/uploads\/2023\/01\/Nasza-Tlocznia-Formularz-reklamacji-towaru-1.pdf\" type=\"application\/pdf\" style=\"width:100%;height:600px\" aria-label=\"Innbygging av Nasza-Tlocznia-Formularz-reklamacji-towaru-1\"><\/object><a id=\"wp-block-file--media-609b336b-8a62-4671-a006-68f4eca3a8cf\" href=\"https:\/\/naszatlocznia.pl\/wp-content\/uploads\/2023\/01\/Nasza-Tlocznia-Formularz-reklamacji-towaru-1.pdf\">Nasza-P\u0142ocznia-Produktklageskjema-1<\/a><a href=\"https:\/\/naszatlocznia.pl\/wp-content\/uploads\/2023\/01\/Nasza-Tlocznia-Formularz-reklamacji-towaru-1.pdf\" class=\"wp-block-file__button wp-element-button\" download aria-describedby=\"wp-block-file--media-609b336b-8a62-4671-a006-68f4eca3a8cf\">Last ned<\/a><\/div>","protected":false},"excerpt":{"rendered":"<p>Szanowni Pa\u0144stwo, Je\u015bli Produkt zakupiony w&nbsp;Sklepie internetowym Nasza T\u0142ocznia nie spe\u0142nia Pa\u0144stwa oczekiwa\u0144 lub wyst\u0119puj\u0105 podstawy do jego reklamacji, mo\u017cliwy jest zwrot lub reklamacja Produktu w&nbsp;okre\u015blonym terminie. Zasady dokonywania zwrot\u00f3w, b\u0119d\u0105cych jednocze\u015bnie odst\u0105pieniem od zawartej Umowy oraz reklamacji, reguluje i&nbsp;okre\u015bla Regulamin Sklepu internetowego \u2013 paragrafy 10 i&nbsp;11. \u00a710&nbsp;Prawo odst\u0105pienia od Umowy \u00a711&nbsp;Reklamacja<\/p>","protected":false},"author":1,"featured_media":0,"parent":0,"menu_order":0,"comment_status":"closed","ping_status":"closed","template":"","meta":{"footnotes":""},"class_list":["post-33","page","type-page","status-publish","hentry"],"yoast_head":"<!-- This site is optimized with the Yoast SEO plugin v24.9 - https:\/\/yoast.com\/wordpress\/plugins\/seo\/ -->\n<title>Zwroty, reklamacje - nfc-juices<\/title>\n<meta name=\"robots\" content=\"index, follow, max-snippet:-1, max-image-preview:large, max-video-preview:-1\" \/>\n<link rel=\"canonical\" href=\"https:\/\/nfcjuices.com\/nb\/returer\/\" \/>\n<meta property=\"og:locale\" content=\"nb_NO\" \/>\n<meta property=\"og:type\" content=\"article\" \/>\n<meta property=\"og:title\" content=\"Zwroty, reklamacje - nfc-juices\" \/>\n<meta property=\"og:description\" content=\"Szanowni Pa\u0144stwo, Je\u015bli Produkt zakupiony w&nbsp;Sklepie internetowym Nasza T\u0142ocznia nie spe\u0142nia Pa\u0144stwa oczekiwa\u0144 lub wyst\u0119puj\u0105 podstawy do jego reklamacji, mo\u017cliwy jest zwrot lub reklamacja Produktu w&nbsp;okre\u015blonym terminie. Zasady dokonywania zwrot\u00f3w, b\u0119d\u0105cych jednocze\u015bnie odst\u0105pieniem od zawartej Umowy oraz reklamacji, reguluje i&nbsp;okre\u015bla Regulamin Sklepu internetowego \u2013 paragrafy 10 i&nbsp;11. \u00a710&nbsp;Prawo odst\u0105pienia od Umowy \u00a711&nbsp;Reklamacja\" \/>\n<meta property=\"og:url\" content=\"https:\/\/nfcjuices.com\/nb\/returer\/\" \/>\n<meta property=\"og:site_name\" content=\"nfc-juices\" \/>\n<meta property=\"article:modified_time\" content=\"2025-04-15T09:38:30+00:00\" \/>\n<meta name=\"twitter:card\" content=\"summary_large_image\" \/>\n<meta name=\"twitter:label1\" content=\"Ansl. lesetid\" \/>\n\t<meta name=\"twitter:data1\" content=\"3 minutter\" \/>\n<script type=\"application\/ld+json\" class=\"yoast-schema-graph\">{\"@context\":\"https:\/\/schema.org\",\"@graph\":[{\"@type\":\"WebPage\",\"@id\":\"https:\/\/nfcjuices.com\/zwroty\/\",\"url\":\"https:\/\/nfcjuices.com\/zwroty\/\",\"name\":\"Zwroty, reklamacje - nfc-juices\",\"isPartOf\":{\"@id\":\"https:\/\/nfcjuices.com\/#website\"},\"datePublished\":\"2025-04-15T09:38:29+00:00\",\"dateModified\":\"2025-04-15T09:38:30+00:00\",\"breadcrumb\":{\"@id\":\"https:\/\/nfcjuices.com\/zwroty\/#breadcrumb\"},\"inLanguage\":\"nb-NO\",\"potentialAction\":[{\"@type\":\"ReadAction\",\"target\":[\"https:\/\/nfcjuices.com\/zwroty\/\"]}]},{\"@type\":\"BreadcrumbList\",\"@id\":\"https:\/\/nfcjuices.com\/zwroty\/#breadcrumb\",\"itemListElement\":[{\"@type\":\"ListItem\",\"position\":1,\"name\":\"Strona g\u0142\u00f3wna\",\"item\":\"https:\/\/nfcjuices.com\/\"},{\"@type\":\"ListItem\",\"position\":2,\"name\":\"Zwroty, reklamacje\"}]},{\"@type\":\"WebSite\",\"@id\":\"https:\/\/nfcjuices.com\/#website\",\"url\":\"https:\/\/nfcjuices.com\/\",\"name\":\"nfc-juices\",\"description\":\"Soki, przeciery, musy NFC w beczkach\",\"publisher\":{\"@id\":\"https:\/\/nfcjuices.com\/#organization\"},\"potentialAction\":[{\"@type\":\"SearchAction\",\"target\":{\"@type\":\"EntryPoint\",\"urlTemplate\":\"https:\/\/nfcjuices.com\/?s={search_term_string}\"},\"query-input\":{\"@type\":\"PropertyValueSpecification\",\"valueRequired\":true,\"valueName\":\"search_term_string\"}}],\"inLanguage\":\"nb-NO\"},{\"@type\":\"Organization\",\"@id\":\"https:\/\/nfcjuices.com\/#organization\",\"name\":\"Nasza T\u0142ocznia\",\"url\":\"https:\/\/nfcjuices.com\/\",\"logo\":{\"@type\":\"ImageObject\",\"inLanguage\":\"nb-NO\",\"@id\":\"https:\/\/nfcjuices.com\/#\/schema\/logo\/image\/\",\"url\":\"https:\/\/nfcjuices.com\/wp-content\/uploads\/2025\/05\/cropped-B2b-1.png\",\"contentUrl\":\"https:\/\/nfcjuices.com\/wp-content\/uploads\/2025\/05\/cropped-B2b-1.png\",\"width\":1199,\"height\":999,\"caption\":\"Nasza T\u0142ocznia\"},\"image\":{\"@id\":\"https:\/\/nfcjuices.com\/#\/schema\/logo\/image\/\"}}]}<\/script>\n<!-- \/ Yoast SEO plugin. -->","yoast_head_json":{"title":"Returer, klager - nfc-juices","robots":{"index":"index","follow":"follow","max-snippet":"max-snippet:-1","max-image-preview":"max-image-preview:large","max-video-preview":"max-video-preview:-1"},"canonical":"https:\/\/nfcjuices.com\/nb\/returer\/","og_locale":"nb_NO","og_type":"article","og_title":"Zwroty, reklamacje - nfc-juices","og_description":"Szanowni Pa\u0144stwo, Je\u015bli Produkt zakupiony w&nbsp;Sklepie internetowym Nasza T\u0142ocznia nie spe\u0142nia Pa\u0144stwa oczekiwa\u0144 lub wyst\u0119puj\u0105 podstawy do jego reklamacji, mo\u017cliwy jest zwrot lub reklamacja Produktu w&nbsp;okre\u015blonym terminie. Zasady dokonywania zwrot\u00f3w, b\u0119d\u0105cych jednocze\u015bnie odst\u0105pieniem od zawartej Umowy oraz reklamacji, reguluje i&nbsp;okre\u015bla Regulamin Sklepu internetowego \u2013 paragrafy 10 i&nbsp;11. \u00a710&nbsp;Prawo odst\u0105pienia od Umowy \u00a711&nbsp;Reklamacja","og_url":"https:\/\/nfcjuices.com\/nb\/returer\/","og_site_name":"nfc-juices","article_modified_time":"2025-04-15T09:38:30+00:00","twitter_card":"summary_large_image","twitter_misc":{"Ansl. lesetid":"3 minutter"},"schema":{"@context":"https:\/\/schema.org","@graph":[{"@type":"WebPage","@id":"https:\/\/nfcjuices.com\/zwroty\/","url":"https:\/\/nfcjuices.com\/zwroty\/","name":"Returer, klager - nfc-juices","isPartOf":{"@id":"https:\/\/nfcjuices.com\/#website"},"datePublished":"2025-04-15T09:38:29+00:00","dateModified":"2025-04-15T09:38:30+00:00","breadcrumb":{"@id":"https:\/\/nfcjuices.com\/zwroty\/#breadcrumb"},"inLanguage":"nb-NO","potentialAction":[{"@type":"ReadAction","target":["https:\/\/nfcjuices.com\/zwroty\/"]}]},{"@type":"BreadcrumbList","@id":"https:\/\/nfcjuices.com\/zwroty\/#breadcrumb","itemListElement":[{"@type":"ListItem","position":1,"name":"Strona g\u0142\u00f3wna","item":"https:\/\/nfcjuices.com\/"},{"@type":"ListItem","position":2,"name":"Zwroty, reklamacje"}]},{"@type":"WebSite","@id":"https:\/\/nfcjuices.com\/#website","url":"https:\/\/nfcjuices.com\/","name":"nfc juice","description":"Juice, pur\u00e9er, NFC-mousser p\u00e5 fat","publisher":{"@id":"https:\/\/nfcjuices.com\/#organization"},"potentialAction":[{"@type":"SearchAction","target":{"@type":"EntryPoint","urlTemplate":"https:\/\/nfcjuices.com\/?s={search_term_string}"},"query-input":{"@type":"PropertyValueSpecification","valueRequired":true,"valueName":"search_term_string"}}],"inLanguage":"nb-NO"},{"@type":"Organization","@id":"https:\/\/nfcjuices.com\/#organization","name":"Presseanlegget v\u00e5rt","url":"https:\/\/nfcjuices.com\/","logo":{"@type":"ImageObject","inLanguage":"nb-NO","@id":"https:\/\/nfcjuices.com\/#\/schema\/logo\/image\/","url":"https:\/\/nfcjuices.com\/wp-content\/uploads\/2025\/05\/cropped-B2b-1.png","contentUrl":"https:\/\/nfcjuices.com\/wp-content\/uploads\/2025\/05\/cropped-B2b-1.png","width":1199,"height":999,"caption":"Nasza T\u0142ocznia"},"image":{"@id":"https:\/\/nfcjuices.com\/#\/schema\/logo\/image\/"}}]}},"_links":{"self":[{"href":"https:\/\/nfcjuices.com\/nb\/wp-json\/wp\/v2\/pages\/33","targetHints":{"allow":["GET"]}}],"collection":[{"href":"https:\/\/nfcjuices.com\/nb\/wp-json\/wp\/v2\/pages"}],"about":[{"href":"https:\/\/nfcjuices.com\/nb\/wp-json\/wp\/v2\/types\/page"}],"author":[{"embeddable":true,"href":"https:\/\/nfcjuices.com\/nb\/wp-json\/wp\/v2\/users\/1"}],"replies":[{"embeddable":true,"href":"https:\/\/nfcjuices.com\/nb\/wp-json\/wp\/v2\/comments?post=33"}],"version-history":[{"count":1,"href":"https:\/\/nfcjuices.com\/nb\/wp-json\/wp\/v2\/pages\/33\/revisions"}],"predecessor-version":[{"id":957,"href":"https:\/\/nfcjuices.com\/nb\/wp-json\/wp\/v2\/pages\/33\/revisions\/957"}],"wp:attachment":[{"href":"https:\/\/nfcjuices.com\/nb\/wp-json\/wp\/v2\/media?parent=33"}],"curies":[{"name":"wp","href":"https:\/\/api.w.org\/{rel}","templated":true}]}}