{"id":3,"date":"2025-03-05T12:57:31","date_gmt":"2025-03-05T11:57:31","guid":{"rendered":"https:\/\/nfcjuices.com\/?page_id=3"},"modified":"2025-04-15T11:36:21","modified_gmt":"2025-04-15T09:36:21","slug":"personvernerklaering","status":"publish","type":"page","link":"https:\/\/nfcjuices.com\/nb\/polityka-prywatnosci\/","title":{"rendered":"Personvernerkl\u00e6ring"},"content":{"rendered":"<p><strong>\u00a71 Generelle bestemmelser<\/strong><\/p>\n\n\n\n<p>1. Behandlingsansvarlig er Gospodarstwo Sadownicze Zbigniew Pietrzycki, med registrert kontoradresse i 05-660 Warka, Konary 92, registrert i det sentrale registeret og informasjon om n\u00e6ringsvirksomhet, NIP: 797-127-18-11, REGON 672798121. Databeskyttelse utf\u00f8res i samsvar med kravene i allmenngyldige lover, og de lagres p\u00e5 sikre servere.<\/p>\n\n\n\n<p>2. For tolkning av begreper brukes ordlisten i forskriften eller den som er beskrevet i personvernerkl\u00e6ringen (hvis den er et direkte resultat av beskrivelsen).<\/p>\n\n\n\n<p>3. For \u00e5 sikre datasikkerhet og personvern bruker vi blant annet: sikker kommunikasjonskrypteringsprotokoll (SSL).<\/p>\n\n\n\n<p>4. Alle kunders personopplysninger behandles konfidensielt og er ikke synlige for uvedkommende.<\/p>\n\n\n\n<p>5. Personvernerkl\u00e6ringen er i samsvar med personvernforordningen (GDPR) og tr\u00e5dte i kraft fra 05.07.2018.<\/p>\n\n\n\n<p><strong>\u00a72 Form\u00e5l og omfang av datainnsamling<\/strong><\/p>\n\n\n\n<p>1. Selgeren er administrator for kundenes personopplysninger.<\/p>\n\n\n\n<p>2. Kunders personopplysninger samles inn og behandles med det form\u00e5l \u00e5 oppfylle bestillinger som legges inn i nettbutikken, eller, dersom kunden samtykker, ogs\u00e5 for markedsf\u00f8ringsform\u00e5l.<\/p>\n\n\n\n<p>3. Kundenes personopplysninger behandles:<\/p>\n\n\n\n<p>en. i samsvar med bestemmelsene om vern av personopplysninger,<\/p>\n\n\n\n<p>b. i samsvar med den implementerte personvernerkl\u00e6ringen,<\/p>\n\n\n\n<p>c. i den grad og for det form\u00e5l som er n\u00f8dvendig for \u00e5 etablere og forme innholdet i avtalen, endre eller si opp den og implementere tjenestene som leveres elektronisk p\u00e5 riktig m\u00e5te,<\/p>\n\n\n\n<p>d. i den grad og for det form\u00e5l som er n\u00f8dvendig for \u00e5 oppfylle legitime interesser, og behandlingen ikke krenker den registrertes rettigheter og friheter,<\/p>\n\n\n\n<p>e. i den grad og for det form\u00e5l som er i samsvar med klientens vilje.<\/p>\n\n\n\n<p>4. Administratoren samler inn og behandler f\u00f8lgende personopplysninger fra brukere som oppgis under registreringsprosessen p\u00e5 nettstedet via nettstedet og andre kommunikasjonsformer:<br><br>en. navn og etternavn<br>b. adresse<br>c. telefonnummer<br>e-postadresse<br>e. firmanavn<br>f. NIP<\/p>\n\n\n\n<p>5. Klienten har rett til \u00e5 f\u00e5 tilgang til dataene, rette, slette eller begrense behandlingen, rett til \u00e5 protestere, rett til \u00e5 klage til tilsynsmyndigheten, som er presidenten for personvernkontoret.<\/p>\n\n\n\n<p>6. Kontakt med personen som f\u00f8rer tilsyn med behandlingen av personopplysninger er mulig via e-post p\u00e5 f\u00f8lgende adresse: biuro@naszatlocznia.pl<\/p>\n\n\n\n<p>7. Administratoren har rett til \u00e5 behandle Kunders personopplysninger etter opph\u00f8r av Avtalen eller tilbaketrekking av samtykke kun med det form\u00e5l \u00e5 forf\u00f8lge mulige krav i retten, eller dersom nasjonal, EU- eller internasjonal lov krever oppbevaring av data.<\/p>\n\n\n\n<p>8. Administratoren har rett til \u00e5 utlevere klientens personopplysninger og andre data til enheter som er autorisert i henhold til gjeldende lov, f.eks. rettsh\u00e5ndhevende myndigheter.<\/p>\n\n\n\n<p>9. Administratoren utleverer ikke kundenes personopplysninger til andre enheter, med unntak av de som er autorisert i henhold til gjeldende lov.<\/p>\n\n\n\n<p>10. Personopplysninger vil bli lagret s\u00e5 lenge kontrakten varer og i en periode som er i samsvar med gjeldende regelverk, under hensyntagen til foreldelsesfristen for krav og skatteforpliktelser. Personopplysninger du har samtykket til vil bli lagret inntil du trekker tilbake samtykket.<\/p>\n\n\n\n<p>11. Personopplysninger kan bli slettet som f\u00f8lge av at samtykket trekkes tilbake eller det fremsettes en lovlig innsigelse mot behandlingen av personopplysninger. Du kan sende inn foresp\u00f8rsler ang\u00e5ende behandling av personopplysninger via e-post til adressen til personopplysningsansvarlig: biuro@naszatlocznia.pl<\/p>\n\n\n\n<p><strong>\u00a73 Informasjon om profilering og virkningen av profilering av personopplysninger<\/strong><\/p>\n\n\n\n<p>Administratoren analyserer personopplysninger p\u00e5 en automatisert m\u00e5te ved hjelp av verkt\u00f8y levert av programvareleverand\u00f8rer (f.eks. statistikk, historikk). Form\u00e5let med automatisert databehandling er \u00e5 l\u00e6re brukerpreferanser.<\/p>\n\n\n\n<p><strong>\u00a74 Informasjonskapsler<\/strong><\/p>\n\n\n\n<p>1. Nettstedet www.naszatlocznia.pl bruker informasjonskapsler. Dette er sm\u00e5 tekstfiler som sendes av en webserver og lagres av datamaskinens nettleserprogramvare. N\u00e5r nettleseren kobler seg til nettstedet p\u00e5 nytt, gjenkjenner nettstedet hvilken type enhet brukeren kobler seg til fra. Parametere tillater at informasjonen i dem bare kan leses av serveren som opprettet dem. Informasjonskapsler gj\u00f8r det derfor enklere \u00e5 bruke tidligere bes\u00f8kte nettsteder. Informasjonen som samles inn inkluderer IP-adresse, nettlesertype, spr\u00e5k, operativsystemtype, internettleverand\u00f8r, informasjon om klokkeslett og dato, plassering og informasjon sendt til nettstedet via kontaktskjemaet.<\/p>\n\n\n\n<p>2. Selgerens nettsted bruker f\u00f8lgende informasjonskapsler:<\/p>\n\n\n\n<p>en. \u00abessensielle\u00bb informasjonskapsler, som muliggj\u00f8r bruk av tjenester som er tilgjengelige p\u00e5 nettstedet, f.eks. autentiseringskapsler som brukes for tjenester som krever autentisering p\u00e5 nettstedet,<\/p>\n\n\n\n<p>b. informasjonskapsler som brukes for \u00e5 sikre sikkerhet, f.eks. brukes til \u00e5 oppdage misbruk innenfor autentiseringsomr\u00e5det i tjenesten,<\/p>\n\n\n\n<p>c. \u00abytelses\u00bb-informasjonskapsler, som muliggj\u00f8r innsamling av informasjon om hvordan nettsidene brukes,<\/p>\n\n\n\n<p>d. \u00abfunksjonelle\u00bb informasjonskapsler, som gj\u00f8r det mulig \u00e5 \u00abhuske\u00bb innstillingene som er valgt av brukeren og tilpasse brukergrensesnittet, f.eks. med tanke p\u00e5 det valgte spr\u00e5ket eller regionen brukeren kommer fra, skriftst\u00f8rrelse, nettstedets utseende,<\/p>\n\n\n\n<p>e. \u00abreklame\u00bb-informasjonskapsler, som muliggj\u00f8r levering av reklameinnhold til brukere som er bedre skreddersydd for deres interesser.<\/p>\n\n\n\n<p>3. Kunden kan n\u00e5r som helst deaktivere eller gjenopprette muligheten for \u00e5 samle inn informasjonskapsler ved \u00e5 endre innstillingene i nettleseren sin.<\/p>\n\n\n\n<p>4. Ytterligere personopplysninger, som e-postadresse, samles kun inn av administratoren p\u00e5 steder der brukeren uttrykkelig har samtykket til dette ved \u00e5 fylle ut skjemaet.<\/p>","protected":false},"excerpt":{"rendered":"<p>\u00a71 Postanowienia og\u00f3lne 1. Administratorem danych jest Gospodarstwo Sadownicze Zbigniew Pietrzycki, z&nbsp;siedzib\u0105 w&nbsp;05-660 Warka, Konary 92, wpisane do Centralnej Ewidencji i&nbsp;Informacji o&nbsp;Dzia\u0142alno\u015bci Gospodarczej, NIP: 797-127-18-11, REGON 672798121. Ochrona danych odbywa si\u0119 zgodnie z&nbsp;wymogami powszechnie obowi\u0105zuj\u0105cych przepis\u00f3w prawa, a&nbsp;ich przechowywanie ma miejsce na zabezpieczonych serwerach. 2. Dla interpretacji termin\u00f3w stosuje si\u0119 s\u0142owniczek Regulaminu lub tak jak [&hellip;]<\/p>\n","protected":false},"author":1,"featured_media":0,"parent":0,"menu_order":0,"comment_status":"closed","ping_status":"open","template":"","meta":{"footnotes":""},"class_list":["post-3","page","type-page","status-publish","hentry"],"yoast_head":"<!-- This site is optimized with the Yoast SEO plugin v24.9 - https:\/\/yoast.com\/wordpress\/plugins\/seo\/ -->\n<title>Polityka prywatno\u015bci - nfc-juices<\/title>\n<meta name=\"robots\" content=\"index, follow, max-snippet:-1, max-image-preview:large, max-video-preview:-1\" \/>\n<link rel=\"canonical\" href=\"https:\/\/nfcjuices.com\/nb\/personvernerklaering\/\" \/>\n<meta property=\"og:locale\" content=\"nb_NO\" \/>\n<meta property=\"og:type\" content=\"article\" \/>\n<meta property=\"og:title\" content=\"Polityka prywatno\u015bci - nfc-juices\" \/>\n<meta property=\"og:description\" content=\"\u00a71 Postanowienia og\u00f3lne 1. Administratorem danych jest Gospodarstwo Sadownicze Zbigniew Pietrzycki, z&nbsp;siedzib\u0105 w&nbsp;05-660 Warka, Konary 92, wpisane do Centralnej Ewidencji i&nbsp;Informacji o&nbsp;Dzia\u0142alno\u015bci Gospodarczej, NIP: 797-127-18-11, REGON 672798121. Ochrona danych odbywa si\u0119 zgodnie z&nbsp;wymogami powszechnie obowi\u0105zuj\u0105cych przepis\u00f3w prawa, a&nbsp;ich przechowywanie ma miejsce na zabezpieczonych serwerach. 2. Dla interpretacji termin\u00f3w stosuje si\u0119 s\u0142owniczek Regulaminu lub tak jak [&hellip;]\" \/>\n<meta property=\"og:url\" content=\"https:\/\/nfcjuices.com\/nb\/personvernerklaering\/\" \/>\n<meta property=\"og:site_name\" content=\"nfc-juices\" \/>\n<meta property=\"article:modified_time\" content=\"2025-04-15T09:36:21+00:00\" \/>\n<meta name=\"twitter:card\" content=\"summary_large_image\" \/>\n<meta name=\"twitter:label1\" content=\"Ansl. lesetid\" \/>\n\t<meta name=\"twitter:data1\" content=\"5 minutter\" \/>\n<script type=\"application\/ld+json\" class=\"yoast-schema-graph\">{\"@context\":\"https:\/\/schema.org\",\"@graph\":[{\"@type\":\"WebPage\",\"@id\":\"https:\/\/nfcjuices.com\/polityka-prywatnosci\/\",\"url\":\"https:\/\/nfcjuices.com\/polityka-prywatnosci\/\",\"name\":\"Polityka prywatno\u015bci - nfc-juices\",\"isPartOf\":{\"@id\":\"https:\/\/nfcjuices.com\/#website\"},\"datePublished\":\"2025-03-05T11:57:31+00:00\",\"dateModified\":\"2025-04-15T09:36:21+00:00\",\"breadcrumb\":{\"@id\":\"https:\/\/nfcjuices.com\/polityka-prywatnosci\/#breadcrumb\"},\"inLanguage\":\"nb-NO\",\"potentialAction\":[{\"@type\":\"ReadAction\",\"target\":[\"https:\/\/nfcjuices.com\/polityka-prywatnosci\/\"]}]},{\"@type\":\"BreadcrumbList\",\"@id\":\"https:\/\/nfcjuices.com\/polityka-prywatnosci\/#breadcrumb\",\"itemListElement\":[{\"@type\":\"ListItem\",\"position\":1,\"name\":\"Strona g\u0142\u00f3wna\",\"item\":\"https:\/\/nfcjuices.com\/\"},{\"@type\":\"ListItem\",\"position\":2,\"name\":\"Polityka prywatno\u015bci\"}]},{\"@type\":\"WebSite\",\"@id\":\"https:\/\/nfcjuices.com\/#website\",\"url\":\"https:\/\/nfcjuices.com\/\",\"name\":\"nfc-juices\",\"description\":\"Soki, przeciery, musy NFC w beczkach\",\"publisher\":{\"@id\":\"https:\/\/nfcjuices.com\/#organization\"},\"potentialAction\":[{\"@type\":\"SearchAction\",\"target\":{\"@type\":\"EntryPoint\",\"urlTemplate\":\"https:\/\/nfcjuices.com\/?s={search_term_string}\"},\"query-input\":{\"@type\":\"PropertyValueSpecification\",\"valueRequired\":true,\"valueName\":\"search_term_string\"}}],\"inLanguage\":\"nb-NO\"},{\"@type\":\"Organization\",\"@id\":\"https:\/\/nfcjuices.com\/#organization\",\"name\":\"Nasza T\u0142ocznia\",\"url\":\"https:\/\/nfcjuices.com\/\",\"logo\":{\"@type\":\"ImageObject\",\"inLanguage\":\"nb-NO\",\"@id\":\"https:\/\/nfcjuices.com\/#\/schema\/logo\/image\/\",\"url\":\"https:\/\/nfcjuices.com\/wp-content\/uploads\/2025\/05\/cropped-B2b-1.png\",\"contentUrl\":\"https:\/\/nfcjuices.com\/wp-content\/uploads\/2025\/05\/cropped-B2b-1.png\",\"width\":1199,\"height\":999,\"caption\":\"Nasza T\u0142ocznia\"},\"image\":{\"@id\":\"https:\/\/nfcjuices.com\/#\/schema\/logo\/image\/\"}}]}<\/script>\n<!-- \/ Yoast SEO plugin. -->","yoast_head_json":{"title":"Personvernerkl\u00e6ring - nfc-juicer","robots":{"index":"index","follow":"follow","max-snippet":"max-snippet:-1","max-image-preview":"max-image-preview:large","max-video-preview":"max-video-preview:-1"},"canonical":"https:\/\/nfcjuices.com\/nb\/personvernerklaering\/","og_locale":"nb_NO","og_type":"article","og_title":"Polityka prywatno\u015bci - nfc-juices","og_description":"\u00a71 Postanowienia og\u00f3lne 1. Administratorem danych jest Gospodarstwo Sadownicze Zbigniew Pietrzycki, z&nbsp;siedzib\u0105 w&nbsp;05-660 Warka, Konary 92, wpisane do Centralnej Ewidencji i&nbsp;Informacji o&nbsp;Dzia\u0142alno\u015bci Gospodarczej, NIP: 797-127-18-11, REGON 672798121. Ochrona danych odbywa si\u0119 zgodnie z&nbsp;wymogami powszechnie obowi\u0105zuj\u0105cych przepis\u00f3w prawa, a&nbsp;ich przechowywanie ma miejsce na zabezpieczonych serwerach. 2. Dla interpretacji termin\u00f3w stosuje si\u0119 s\u0142owniczek Regulaminu lub tak jak [&hellip;]","og_url":"https:\/\/nfcjuices.com\/nb\/personvernerklaering\/","og_site_name":"nfc-juices","article_modified_time":"2025-04-15T09:36:21+00:00","twitter_card":"summary_large_image","twitter_misc":{"Ansl. lesetid":"5 minutter"},"schema":{"@context":"https:\/\/schema.org","@graph":[{"@type":"WebPage","@id":"https:\/\/nfcjuices.com\/polityka-prywatnosci\/","url":"https:\/\/nfcjuices.com\/polityka-prywatnosci\/","name":"Personvernerkl\u00e6ring - nfc-juicer","isPartOf":{"@id":"https:\/\/nfcjuices.com\/#website"},"datePublished":"2025-03-05T11:57:31+00:00","dateModified":"2025-04-15T09:36:21+00:00","breadcrumb":{"@id":"https:\/\/nfcjuices.com\/polityka-prywatnosci\/#breadcrumb"},"inLanguage":"nb-NO","potentialAction":[{"@type":"ReadAction","target":["https:\/\/nfcjuices.com\/polityka-prywatnosci\/"]}]},{"@type":"BreadcrumbList","@id":"https:\/\/nfcjuices.com\/polityka-prywatnosci\/#breadcrumb","itemListElement":[{"@type":"ListItem","position":1,"name":"Strona g\u0142\u00f3wna","item":"https:\/\/nfcjuices.com\/"},{"@type":"ListItem","position":2,"name":"Polityka prywatno\u015bci"}]},{"@type":"WebSite","@id":"https:\/\/nfcjuices.com\/#website","url":"https:\/\/nfcjuices.com\/","name":"nfc juice","description":"Juice, pur\u00e9er, NFC-mousser p\u00e5 fat","publisher":{"@id":"https:\/\/nfcjuices.com\/#organization"},"potentialAction":[{"@type":"SearchAction","target":{"@type":"EntryPoint","urlTemplate":"https:\/\/nfcjuices.com\/?s={search_term_string}"},"query-input":{"@type":"PropertyValueSpecification","valueRequired":true,"valueName":"search_term_string"}}],"inLanguage":"nb-NO"},{"@type":"Organization","@id":"https:\/\/nfcjuices.com\/#organization","name":"Presseanlegget v\u00e5rt","url":"https:\/\/nfcjuices.com\/","logo":{"@type":"ImageObject","inLanguage":"nb-NO","@id":"https:\/\/nfcjuices.com\/#\/schema\/logo\/image\/","url":"https:\/\/nfcjuices.com\/wp-content\/uploads\/2025\/05\/cropped-B2b-1.png","contentUrl":"https:\/\/nfcjuices.com\/wp-content\/uploads\/2025\/05\/cropped-B2b-1.png","width":1199,"height":999,"caption":"Nasza T\u0142ocznia"},"image":{"@id":"https:\/\/nfcjuices.com\/#\/schema\/logo\/image\/"}}]}},"_links":{"self":[{"href":"https:\/\/nfcjuices.com\/nb\/wp-json\/wp\/v2\/pages\/3","targetHints":{"allow":["GET"]}}],"collection":[{"href":"https:\/\/nfcjuices.com\/nb\/wp-json\/wp\/v2\/pages"}],"about":[{"href":"https:\/\/nfcjuices.com\/nb\/wp-json\/wp\/v2\/types\/page"}],"author":[{"embeddable":true,"href":"https:\/\/nfcjuices.com\/nb\/wp-json\/wp\/v2\/users\/1"}],"replies":[{"embeddable":true,"href":"https:\/\/nfcjuices.com\/nb\/wp-json\/wp\/v2\/comments?post=3"}],"version-history":[{"count":1,"href":"https:\/\/nfcjuices.com\/nb\/wp-json\/wp\/v2\/pages\/3\/revisions"}],"predecessor-version":[{"id":954,"href":"https:\/\/nfcjuices.com\/nb\/wp-json\/wp\/v2\/pages\/3\/revisions\/954"}],"wp:attachment":[{"href":"https:\/\/nfcjuices.com\/nb\/wp-json\/wp\/v2\/media?parent=3"}],"curies":[{"name":"wp","href":"https:\/\/api.w.org\/{rel}","templated":true}]}}