{"id":194,"date":"2025-03-12T15:13:29","date_gmt":"2025-03-12T14:13:29","guid":{"rendered":"https:\/\/nfcjuices.com\/?page_id=194"},"modified":"2025-04-15T10:18:10","modified_gmt":"2025-04-15T08:18:10","slug":"om-oss","status":"publish","type":"page","link":"https:\/\/nfcjuices.com\/nb\/o-nas\/","title":{"rendered":"Om oss"},"content":{"rendered":"<h2 class=\"wp-block-heading has-text-align-center\" id=\"nasza-tlocznia-soki-z-serca-polskiego-sadownictwa\">V\u00c5R PRESSE \u2013 JUICE FRA HJERTET AV POLSK FRUKTHAGDYRKING.<\/h2>\n\n\n\n<div class=\"wp-block-columns is-layout-flex wp-container-core-columns-is-layout-28f84493 wp-block-columns-is-layout-flex\">\n<div class=\"wp-block-column is-layout-flow wp-block-column-is-layout-flow\">\n<p>V\u00e5rt trykkeri ble f\u00f8dt fra en familiefruktg\u00e5rd.&nbsp;<strong>Vi har dyrket epletr\u00e6r i generasjoner,<\/strong>&nbsp;og omr\u00e5dene vi bor i er hjertet i polsk fruktdyrking. Det var her, i Konary, at noen av de f\u00f8rste epletr\u00e6rne ble dyrket for over 400 \u00e5r siden. Vi bearbeider fruktene vi samler til&nbsp;<strong>ferske og sunne produkter<\/strong>. Vi startet i det sm\u00e5 \u2013 med ett glass juice. Da presseprosessen var perfeksjonert og vi var sikre p\u00e5 at vi ville kunne tilby kundene v\u00e5re det beste, ble Nasza T\u0142ocznia etablert. Produksjonen v\u00e5r er ikke masseproduksjon, s\u00e5 juicene og fruktene som vi tilbereder med lidenskap er fullstendig raffinert og utvalgt.<\/p>\n<\/div>\n\n\n\n<div class=\"wp-block-column is-layout-flow wp-block-column-is-layout-flow\">\n<p><strong>Vi setter kvalitet f\u00f8rst. Vi sier \u00abnei\u00bb til sukker, konserveringsmidler og kunstige vitaminer.<\/strong>&nbsp;Vi bruker tradisjonelle metoder, noe som betyr at juicene v\u00e5re ikke mister sin verdifulle n\u00e6ringsverdi under produksjonsprosessen. Fra dyrking av epletr\u00e6r, gjennom plukking av frukten fra tr\u00e6rne til pressing, s\u00f8rger vi for \u00e5 levere produkter av h\u00f8y kvalitet til markedet.<\/p>\n\n\n\n<p>M\u00e5let til Nasza T\u0142ocznia er ett, og det finnes i en flaske juice: vi \u00f8nsker \u00e5 gi deg det som er mest verdifullt \u2013&nbsp;<strong>helse i en naturlig form<\/strong>. Vi tror at du vil f\u00f8le deg bedre ved \u00e5 velge Nasza T\u0142ocznia-produkter. Det er enkelt!<\/p>\n<\/div>\n<\/div>\n\n\n\n<p class=\"has-text-align-center adv-box\"><\/p>\n\n\n\n<figure class=\"wp-block-gallery has-nested-images columns-4 is-cropped wp-block-gallery-1 is-layout-flex wp-block-gallery-is-layout-flex\">\n<figure class=\"wp-block-image size-large\"><a href=\"https:\/\/naszatlocznia.pl\/wp-content\/uploads\/2022\/01\/IMG_2581.jpeg\"><img decoding=\"async\" data-id=\"1035\" src=\"https:\/\/naszatlocznia.pl\/wp-content\/uploads\/2022\/01\/IMG_2581-768x1024.jpeg\" alt=\"\" class=\"wp-image-1035\"\/><\/a><\/figure>\n\n\n\n<figure class=\"wp-block-image size-large\"><a href=\"https:\/\/naszatlocznia.pl\/wp-content\/uploads\/2022\/01\/IMG_6047.jpeg\"><img decoding=\"async\" data-id=\"1036\" src=\"https:\/\/naszatlocznia.pl\/wp-content\/uploads\/2022\/01\/IMG_6047-768x1024.jpeg\" alt=\"\" class=\"wp-image-1036\"\/><\/a><\/figure>\n\n\n\n<figure class=\"wp-block-image size-large\"><a href=\"https:\/\/naszatlocznia.pl\/wp-content\/uploads\/2022\/01\/8E0492CE-10E4-4849-BBC1-15329065E955.jpeg\"><img decoding=\"async\" data-id=\"1040\" src=\"https:\/\/naszatlocznia.pl\/wp-content\/uploads\/2022\/01\/8E0492CE-10E4-4849-BBC1-15329065E955-1024x1024.jpeg\" alt=\"\" class=\"wp-image-1040\"\/><\/a><\/figure>\n\n\n\n<figure class=\"wp-block-image size-large\"><a href=\"https:\/\/naszatlocznia.pl\/wp-content\/uploads\/2022\/01\/CRZE9528.jpg\"><img decoding=\"async\" data-id=\"1041\" src=\"https:\/\/naszatlocznia.pl\/wp-content\/uploads\/2022\/01\/CRZE9528-1024x683.jpg\" alt=\"\" class=\"wp-image-1041\"\/><\/a><\/figure>\n\n\n\n<figure class=\"wp-block-image size-large\"><a href=\"https:\/\/naszatlocznia.pl\/wp-content\/uploads\/2022\/01\/B6CBED35-B32A-4F72-BB60-9985391C99AC.jpeg\"><img decoding=\"async\" data-id=\"1044\" src=\"https:\/\/naszatlocznia.pl\/wp-content\/uploads\/2022\/01\/B6CBED35-B32A-4F72-BB60-9985391C99AC-1024x1024.jpeg\" alt=\"\" class=\"wp-image-1044\"\/><\/a><\/figure>\n\n\n\n<figure class=\"wp-block-image size-large\"><a href=\"https:\/\/naszatlocznia.pl\/wp-content\/uploads\/2022\/01\/IMG_3539.jpeg\"><img decoding=\"async\" data-id=\"1046\" src=\"https:\/\/naszatlocznia.pl\/wp-content\/uploads\/2022\/01\/IMG_3539.jpeg\" alt=\"\" class=\"wp-image-1046\"\/><\/a><\/figure>\n\n\n\n<figure class=\"wp-block-image size-large\"><a href=\"https:\/\/naszatlocznia.pl\/wp-content\/uploads\/2022\/01\/IMG_7387.jpeg\"><img decoding=\"async\" data-id=\"1052\" src=\"https:\/\/naszatlocznia.pl\/wp-content\/uploads\/2022\/01\/IMG_7387.jpeg\" alt=\"\" class=\"wp-image-1052\"\/><\/a><\/figure>\n<\/figure>\n\n\n\n<p><\/p>\n\n\n\n<h2 class=\"wp-block-heading has-text-align-center has-normal-font-size\">Bli \u00d8KO med oss!<\/h2>\n\n\n\n<div class=\"wp-block-columns is-layout-flex wp-container-core-columns-is-layout-28f84493 wp-block-columns-is-layout-flex\">\n<div class=\"wp-block-column is-layout-flow wp-block-column-is-layout-flow\" style=\"flex-basis:100%\">\n<p class=\"has-normal-font-size\"><\/p>\n\n\n\n<div class=\"wp-block-columns is-layout-flex wp-container-core-columns-is-layout-28f84493 wp-block-columns-is-layout-flex\">\n<div class=\"wp-block-column is-layout-flow wp-block-column-is-layout-flow\">\n<p>I v\u00e5r presse legger vi stor vekt p\u00e5 \u00e5 handle <strong>i harmoni med naturen<\/strong>. I produksjonen v\u00e5r bruker vi ikke kjemikalier eller skadelige plantevernmidler, noe som fremg\u00e5r av de \u00f8kologiske sertifikatene vi har blitt tildelt for b\u00e5de frukt- og juiceproduksjon. Presseanlegget v\u00e5rt er under tilsyn av sertifiseringsorganet PL-EKO Biocert Ma\u0142opolska.<\/p>\n<\/div>\n\n\n\n<div class=\"wp-block-column is-layout-flow wp-block-column-is-layout-flow\">\n<p class=\"has-normal-font-size\"><strong>\u00d8kologi <\/strong>er sv\u00e6rt viktig for oss i alle aspekter av arbeidet v\u00e5rt \u2013 ikke bare i produksjonen av frukt og juice, men ogs\u00e5 i pakkingen og tilberedningen av bestillingene dine. Forsendelsene v\u00e5re pakkes i 100% med milj\u00f8vennlig fyllstoff og emballasje. <strong>Vi bruker ikke folie eller plast<\/strong>, eller s\u00f8ppel for \u00e5 fylle pakkene v\u00e5re. Vi beviser at selv delikate produkter som juice kan beskyttes kun ved hjelp av \u00f8kologiske l\u00f8sninger. Papiret vi bruker har Bl\u00e5 Engel-sertifikatet \u2013 det eldste og mest ber\u00f8mte i verden, som tildeler produkter som er spesielt <strong>milj\u00f8vennlig<\/strong>.  <\/p>\n<\/div>\n<\/div>\n<\/div>\n<\/div>\n\n\n\n<p class=\"has-text-align-center has-normal-font-size\">Ta vare p\u00e5 naturen sammen med oss! <\/p>\n\n\n\n<div class=\"wp-block-columns is-layout-flex wp-container-core-columns-is-layout-28f84493 wp-block-columns-is-layout-flex\">\n<div class=\"wp-block-column is-layout-flow wp-block-column-is-layout-flow\" style=\"flex-basis:100%\">\n<div class=\"wp-block-columns is-layout-flex wp-container-core-columns-is-layout-28f84493 wp-block-columns-is-layout-flex\">\n<div class=\"wp-block-column is-layout-flow wp-block-column-is-layout-flow\" style=\"flex-basis:100%\">\n<div class=\"wp-block-group\"><div class=\"wp-block-group__inner-container is-layout-constrained wp-block-group-is-layout-constrained\">\n<div class=\"wp-block-columns is-layout-flex wp-container-core-columns-is-layout-28f84493 wp-block-columns-is-layout-flex\">\n<div class=\"wp-block-column is-layout-flow wp-block-column-is-layout-flow\" style=\"flex-basis:100%\">\n<div class=\"wp-block-columns is-layout-flex wp-container-core-columns-is-layout-28f84493 wp-block-columns-is-layout-flex\">\n<div class=\"wp-block-column is-layout-flow wp-block-column-is-layout-flow\" style=\"flex-basis:100%\">\n<div class=\"wp-block-group alignfull\"><div class=\"wp-block-group__inner-container is-layout-constrained wp-block-group-is-layout-constrained\">\n<div class=\"wp-block-columns is-layout-flex wp-container-core-columns-is-layout-28f84493 wp-block-columns-is-layout-flex\">\n<div class=\"wp-block-column is-layout-flow wp-block-column-is-layout-flow\">\n<div data-wp-interactive=\"core\/file\" class=\"wp-block-file\"><object data-wp-bind--hidden=\"!state.hasPdfPreview\" hidden class=\"wp-block-file__embed\" data=\"https:\/\/naszatlocznia.pl\/wp-content\/uploads\/2023\/02\/10412_U-1.pdf\" type=\"application\/pdf\" style=\"width:100%;height:600px\" aria-label=\"Innbygging av 10412_U-1\"><\/object><a id=\"wp-block-file--media-6611c9e2-7649-4c37-8789-be3d92c41496\" href=\"https:\/\/naszatlocznia.pl\/wp-content\/uploads\/2023\/02\/10412_U-1.pdf\">10412_U-1<\/a><a href=\"https:\/\/naszatlocznia.pl\/wp-content\/uploads\/2023\/02\/10412_U-1.pdf\" class=\"wp-block-file__button wp-element-button\" download aria-describedby=\"wp-block-file--media-6611c9e2-7649-4c37-8789-be3d92c41496\">Last ned<\/a><\/div>\n<\/div>\n\n\n\n<div class=\"wp-block-column is-layout-flow wp-block-column-is-layout-flow\">\n<div data-wp-interactive=\"core\/file\" class=\"wp-block-file\"><object data-wp-bind--hidden=\"!state.hasPdfPreview\" hidden class=\"wp-block-file__embed\" data=\"https:\/\/naszatlocznia.pl\/wp-content\/uploads\/2023\/02\/C_5998-P-22-1.pdf\" type=\"application\/pdf\" style=\"width:100%;height:600px\" aria-label=\"Innbygging av C_5998-P-22-1\"><\/object><a id=\"wp-block-file--media-f3b85fbb-f55f-4cf4-b87e-349945c4e592\" href=\"https:\/\/naszatlocznia.pl\/wp-content\/uploads\/2023\/02\/C_5998-P-22-1.pdf\">C_5998-P-22-1<\/a><a href=\"https:\/\/naszatlocznia.pl\/wp-content\/uploads\/2023\/02\/C_5998-P-22-1.pdf\" class=\"wp-block-file__button wp-element-button\" download aria-describedby=\"wp-block-file--media-f3b85fbb-f55f-4cf4-b87e-349945c4e592\">Last ned<\/a><\/div>\n<\/div>\n\n\n\n<div class=\"wp-block-column is-layout-flow wp-block-column-is-layout-flow\">\n<div data-wp-interactive=\"core\/file\" class=\"wp-block-file\"><object data-wp-bind--hidden=\"!state.hasPdfPreview\" hidden class=\"wp-block-file__embed\" data=\"https:\/\/naszatlocznia.pl\/wp-content\/uploads\/2023\/02\/Blue_Angel.pdf\" type=\"application\/pdf\" style=\"width:100%;height:600px\" aria-label=\"Innbygging av Blue_Angel\"><\/object><a id=\"wp-block-file--media-20fd3c80-eb14-40e3-9223-eb38740e0bf1\" href=\"https:\/\/naszatlocznia.pl\/wp-content\/uploads\/2023\/02\/Blue_Angel.pdf\">Bl\u00e5_engel<\/a><a href=\"https:\/\/naszatlocznia.pl\/wp-content\/uploads\/2023\/02\/Blue_Angel.pdf\" class=\"wp-block-file__button wp-element-button\" download aria-describedby=\"wp-block-file--media-20fd3c80-eb14-40e3-9223-eb38740e0bf1\">Last ned<\/a><\/div>\n<\/div>\n<\/div>\n<\/div><\/div>\n<\/div>\n<\/div>\n<\/div>\n<\/div>\n<\/div><\/div>\n<\/div>\n<\/div>\n<\/div>\n<\/div>","protected":false},"excerpt":{"rendered":"<p>NASZA T\u0141OCZNIA \u2013 SOKI Z SERCA POLSKIEGO SADOWNICTWA. Nasza T\u0142ocznia narodzi\u0142a si\u0119 z&nbsp;rodzinnego gospodarstwa sadowniczego.&nbsp;Od pokole\u0144 zajmujemy si\u0119 upraw\u0105 jab\u0142oni,&nbsp;a&nbsp;tereny, kt\u00f3re zamieszkujemy to serce polskiego sadownictwa. W\u0142a\u015bnie u&nbsp;nas, w&nbsp;Konarach, jedne z&nbsp;pierwszych jab\u0142oni uprawiano ju\u017c ponad 400 lat temu. Zbierane przez nas owoce przetwarzamy na&nbsp;\u015bwie\u017ce i&nbsp;zdrowe produkty. Zaczynali\u015bmy ma\u0142ymi krokami \u2013 od pojedynczych szklanek soku. Kiedy [&hellip;]<\/p>\n","protected":false},"author":1,"featured_media":0,"parent":0,"menu_order":0,"comment_status":"closed","ping_status":"closed","template":"","meta":{"footnotes":""},"class_list":["post-194","page","type-page","status-publish","hentry"],"yoast_head":"<!-- This site is optimized with the Yoast SEO plugin v24.9 - https:\/\/yoast.com\/wordpress\/plugins\/seo\/ -->\n<title>O nas - nfc-juices<\/title>\n<meta name=\"robots\" content=\"index, follow, max-snippet:-1, max-image-preview:large, max-video-preview:-1\" \/>\n<link rel=\"canonical\" href=\"https:\/\/nfcjuices.com\/nb\/om-oss\/\" \/>\n<meta property=\"og:locale\" content=\"nb_NO\" \/>\n<meta property=\"og:type\" content=\"article\" \/>\n<meta property=\"og:title\" content=\"O nas - nfc-juices\" \/>\n<meta property=\"og:description\" content=\"NASZA T\u0141OCZNIA \u2013 SOKI Z SERCA POLSKIEGO SADOWNICTWA. Nasza T\u0142ocznia narodzi\u0142a si\u0119 z&nbsp;rodzinnego gospodarstwa sadowniczego.&nbsp;Od pokole\u0144 zajmujemy si\u0119 upraw\u0105 jab\u0142oni,&nbsp;a&nbsp;tereny, kt\u00f3re zamieszkujemy to serce polskiego sadownictwa. W\u0142a\u015bnie u&nbsp;nas, w&nbsp;Konarach, jedne z&nbsp;pierwszych jab\u0142oni uprawiano ju\u017c ponad 400 lat temu. Zbierane przez nas owoce przetwarzamy na&nbsp;\u015bwie\u017ce i&nbsp;zdrowe produkty. Zaczynali\u015bmy ma\u0142ymi krokami \u2013 od pojedynczych szklanek soku. Kiedy [&hellip;]\" \/>\n<meta property=\"og:url\" content=\"https:\/\/nfcjuices.com\/nb\/om-oss\/\" \/>\n<meta property=\"og:site_name\" content=\"nfc-juices\" \/>\n<meta property=\"article:modified_time\" content=\"2025-04-15T08:18:10+00:00\" \/>\n<meta property=\"og:image\" content=\"https:\/\/naszatlocznia.pl\/wp-content\/uploads\/2022\/01\/IMG_2581-768x1024.jpeg\" \/>\n<meta name=\"twitter:card\" content=\"summary_large_image\" \/>\n<meta name=\"twitter:label1\" content=\"Ansl. lesetid\" \/>\n\t<meta name=\"twitter:data1\" content=\"4 minutter\" \/>\n<script type=\"application\/ld+json\" class=\"yoast-schema-graph\">{\"@context\":\"https:\/\/schema.org\",\"@graph\":[{\"@type\":\"WebPage\",\"@id\":\"https:\/\/nfcjuices.com\/o-nas\/\",\"url\":\"https:\/\/nfcjuices.com\/o-nas\/\",\"name\":\"O nas - nfc-juices\",\"isPartOf\":{\"@id\":\"https:\/\/nfcjuices.com\/#website\"},\"primaryImageOfPage\":{\"@id\":\"https:\/\/nfcjuices.com\/o-nas\/#primaryimage\"},\"image\":{\"@id\":\"https:\/\/nfcjuices.com\/o-nas\/#primaryimage\"},\"thumbnailUrl\":\"https:\/\/naszatlocznia.pl\/wp-content\/uploads\/2022\/01\/IMG_2581-768x1024.jpeg\",\"datePublished\":\"2025-03-12T14:13:29+00:00\",\"dateModified\":\"2025-04-15T08:18:10+00:00\",\"breadcrumb\":{\"@id\":\"https:\/\/nfcjuices.com\/o-nas\/#breadcrumb\"},\"inLanguage\":\"nb-NO\",\"potentialAction\":[{\"@type\":\"ReadAction\",\"target\":[\"https:\/\/nfcjuices.com\/o-nas\/\"]}]},{\"@type\":\"ImageObject\",\"inLanguage\":\"nb-NO\",\"@id\":\"https:\/\/nfcjuices.com\/o-nas\/#primaryimage\",\"url\":\"https:\/\/naszatlocznia.pl\/wp-content\/uploads\/2022\/01\/IMG_2581-768x1024.jpeg\",\"contentUrl\":\"https:\/\/naszatlocznia.pl\/wp-content\/uploads\/2022\/01\/IMG_2581-768x1024.jpeg\"},{\"@type\":\"BreadcrumbList\",\"@id\":\"https:\/\/nfcjuices.com\/o-nas\/#breadcrumb\",\"itemListElement\":[{\"@type\":\"ListItem\",\"position\":1,\"name\":\"Strona g\u0142\u00f3wna\",\"item\":\"https:\/\/nfcjuices.com\/\"},{\"@type\":\"ListItem\",\"position\":2,\"name\":\"O nas\"}]},{\"@type\":\"WebSite\",\"@id\":\"https:\/\/nfcjuices.com\/#website\",\"url\":\"https:\/\/nfcjuices.com\/\",\"name\":\"nfc-juices\",\"description\":\"Soki, przeciery, musy NFC w beczkach\",\"publisher\":{\"@id\":\"https:\/\/nfcjuices.com\/#organization\"},\"potentialAction\":[{\"@type\":\"SearchAction\",\"target\":{\"@type\":\"EntryPoint\",\"urlTemplate\":\"https:\/\/nfcjuices.com\/?s={search_term_string}\"},\"query-input\":{\"@type\":\"PropertyValueSpecification\",\"valueRequired\":true,\"valueName\":\"search_term_string\"}}],\"inLanguage\":\"nb-NO\"},{\"@type\":\"Organization\",\"@id\":\"https:\/\/nfcjuices.com\/#organization\",\"name\":\"Nasza T\u0142ocznia\",\"url\":\"https:\/\/nfcjuices.com\/\",\"logo\":{\"@type\":\"ImageObject\",\"inLanguage\":\"nb-NO\",\"@id\":\"https:\/\/nfcjuices.com\/#\/schema\/logo\/image\/\",\"url\":\"https:\/\/nfcjuices.com\/wp-content\/uploads\/2025\/05\/cropped-B2b-1.png\",\"contentUrl\":\"https:\/\/nfcjuices.com\/wp-content\/uploads\/2025\/05\/cropped-B2b-1.png\",\"width\":1199,\"height\":999,\"caption\":\"Nasza T\u0142ocznia\"},\"image\":{\"@id\":\"https:\/\/nfcjuices.com\/#\/schema\/logo\/image\/\"}}]}<\/script>\n<!-- \/ Yoast SEO plugin. -->","yoast_head_json":{"title":"Om oss - nfc-juicer","robots":{"index":"index","follow":"follow","max-snippet":"max-snippet:-1","max-image-preview":"max-image-preview:large","max-video-preview":"max-video-preview:-1"},"canonical":"https:\/\/nfcjuices.com\/nb\/om-oss\/","og_locale":"nb_NO","og_type":"article","og_title":"O nas - nfc-juices","og_description":"NASZA T\u0141OCZNIA \u2013 SOKI Z SERCA POLSKIEGO SADOWNICTWA. Nasza T\u0142ocznia narodzi\u0142a si\u0119 z&nbsp;rodzinnego gospodarstwa sadowniczego.&nbsp;Od pokole\u0144 zajmujemy si\u0119 upraw\u0105 jab\u0142oni,&nbsp;a&nbsp;tereny, kt\u00f3re zamieszkujemy to serce polskiego sadownictwa. W\u0142a\u015bnie u&nbsp;nas, w&nbsp;Konarach, jedne z&nbsp;pierwszych jab\u0142oni uprawiano ju\u017c ponad 400 lat temu. Zbierane przez nas owoce przetwarzamy na&nbsp;\u015bwie\u017ce i&nbsp;zdrowe produkty. Zaczynali\u015bmy ma\u0142ymi krokami \u2013 od pojedynczych szklanek soku. Kiedy [&hellip;]","og_url":"https:\/\/nfcjuices.com\/nb\/om-oss\/","og_site_name":"nfc-juices","article_modified_time":"2025-04-15T08:18:10+00:00","og_image":[{"url":"https:\/\/naszatlocznia.pl\/wp-content\/uploads\/2022\/01\/IMG_2581-768x1024.jpeg","type":"","width":"","height":""}],"twitter_card":"summary_large_image","twitter_misc":{"Ansl. lesetid":"4 minutter"},"schema":{"@context":"https:\/\/schema.org","@graph":[{"@type":"WebPage","@id":"https:\/\/nfcjuices.com\/o-nas\/","url":"https:\/\/nfcjuices.com\/o-nas\/","name":"Om oss - nfc-juicer","isPartOf":{"@id":"https:\/\/nfcjuices.com\/#website"},"primaryImageOfPage":{"@id":"https:\/\/nfcjuices.com\/o-nas\/#primaryimage"},"image":{"@id":"https:\/\/nfcjuices.com\/o-nas\/#primaryimage"},"thumbnailUrl":"https:\/\/naszatlocznia.pl\/wp-content\/uploads\/2022\/01\/IMG_2581-768x1024.jpeg","datePublished":"2025-03-12T14:13:29+00:00","dateModified":"2025-04-15T08:18:10+00:00","breadcrumb":{"@id":"https:\/\/nfcjuices.com\/o-nas\/#breadcrumb"},"inLanguage":"nb-NO","potentialAction":[{"@type":"ReadAction","target":["https:\/\/nfcjuices.com\/o-nas\/"]}]},{"@type":"ImageObject","inLanguage":"nb-NO","@id":"https:\/\/nfcjuices.com\/o-nas\/#primaryimage","url":"https:\/\/naszatlocznia.pl\/wp-content\/uploads\/2022\/01\/IMG_2581-768x1024.jpeg","contentUrl":"https:\/\/naszatlocznia.pl\/wp-content\/uploads\/2022\/01\/IMG_2581-768x1024.jpeg"},{"@type":"BreadcrumbList","@id":"https:\/\/nfcjuices.com\/o-nas\/#breadcrumb","itemListElement":[{"@type":"ListItem","position":1,"name":"Strona g\u0142\u00f3wna","item":"https:\/\/nfcjuices.com\/"},{"@type":"ListItem","position":2,"name":"O nas"}]},{"@type":"WebSite","@id":"https:\/\/nfcjuices.com\/#website","url":"https:\/\/nfcjuices.com\/","name":"nfc juice","description":"Juice, pur\u00e9er, NFC-mousser p\u00e5 fat","publisher":{"@id":"https:\/\/nfcjuices.com\/#organization"},"potentialAction":[{"@type":"SearchAction","target":{"@type":"EntryPoint","urlTemplate":"https:\/\/nfcjuices.com\/?s={search_term_string}"},"query-input":{"@type":"PropertyValueSpecification","valueRequired":true,"valueName":"search_term_string"}}],"inLanguage":"nb-NO"},{"@type":"Organization","@id":"https:\/\/nfcjuices.com\/#organization","name":"Presseanlegget v\u00e5rt","url":"https:\/\/nfcjuices.com\/","logo":{"@type":"ImageObject","inLanguage":"nb-NO","@id":"https:\/\/nfcjuices.com\/#\/schema\/logo\/image\/","url":"https:\/\/nfcjuices.com\/wp-content\/uploads\/2025\/05\/cropped-B2b-1.png","contentUrl":"https:\/\/nfcjuices.com\/wp-content\/uploads\/2025\/05\/cropped-B2b-1.png","width":1199,"height":999,"caption":"Nasza T\u0142ocznia"},"image":{"@id":"https:\/\/nfcjuices.com\/#\/schema\/logo\/image\/"}}]}},"_links":{"self":[{"href":"https:\/\/nfcjuices.com\/nb\/wp-json\/wp\/v2\/pages\/194","targetHints":{"allow":["GET"]}}],"collection":[{"href":"https:\/\/nfcjuices.com\/nb\/wp-json\/wp\/v2\/pages"}],"about":[{"href":"https:\/\/nfcjuices.com\/nb\/wp-json\/wp\/v2\/types\/page"}],"author":[{"embeddable":true,"href":"https:\/\/nfcjuices.com\/nb\/wp-json\/wp\/v2\/users\/1"}],"replies":[{"embeddable":true,"href":"https:\/\/nfcjuices.com\/nb\/wp-json\/wp\/v2\/comments?post=194"}],"version-history":[{"count":2,"href":"https:\/\/nfcjuices.com\/nb\/wp-json\/wp\/v2\/pages\/194\/revisions"}],"predecessor-version":[{"id":945,"href":"https:\/\/nfcjuices.com\/nb\/wp-json\/wp\/v2\/pages\/194\/revisions\/945"}],"wp:attachment":[{"href":"https:\/\/nfcjuices.com\/nb\/wp-json\/wp\/v2\/media?parent=194"}],"curies":[{"name":"wp","href":"https:\/\/api.w.org\/{rel}","templated":true}]}}