{"id":653,"date":"2025-04-04T16:11:04","date_gmt":"2025-04-04T14:11:04","guid":{"rendered":"https:\/\/nfcjuices.com\/produkt\/sok-tloczony-nfc-100-jablko-5l-slodkie-odmiany\/"},"modified":"2026-04-17T14:06:28","modified_gmt":"2026-04-17T12:06:28","slug":"succo-spremuto-nfc-100-mela-5l-varieta-dolci","status":"publish","type":"product","link":"https:\/\/nfcjuices.com\/it\/produkt\/sok-tloczony-nfc-100-jablko-5l-slodkie-odmiany\/","title":{"rendered":"NFC 100% Succo di mela spremuto 5L (variet\u00e0 dolci)"},"content":{"rendered":"<p><strong>Tipo di prodotto:<\/strong>\u00a0succo<\/p>\n<p><strong>Brix:\u00a0<\/strong>Almeno 11<br \/>\n<strong>Specifiche tecniche disponibili su richiesta.<\/strong><\/p>\n<p><strong>Valori nutrizionali:<\/strong><br \/>\nVALORE ENERGETICO: 53 kcal<\/p>\n<p>GRASSI: 0 g<\/p>\n<p>COMPRESI ACIDI GRASSI SATURI: 0 g<\/p>\n<p>CARBOIDRATI: 13 g<\/p>\n<p>DI CUI ZUCCHERI: 13 g<\/p>\n<p>PROTEINE: &lt;0,3 g<\/p>\n<p>SALE: &lt;0,01 g<\/p>","protected":false},"excerpt":{"rendered":"<p><img fetchpriority=\"high\" decoding=\"async\" class=\"alignnone size-large wp-image-392\" src=\"https:\/\/naszatlocznia.pl\/wp-content\/uploads\/2021\/05\/wartosci-odzywcze-PRINCE-874x1024.jpg\" alt=\"\" width=\"874\" height=\"1024\" \/><\/p>","protected":false},"featured_media":648,"comment_status":"open","ping_status":"closed","template":"","meta":[],"product_brand":[],"product_cat":[26],"product_tag":[],"class_list":{"0":"post-653","1":"product","2":"type-product","3":"status-publish","4":"has-post-thumbnail","6":"product_cat-soki-tloczone-nfc","7":"pa_pojemnosc-5l","9":"first","10":"instock","11":"taxable","12":"shipping-taxable","13":"purchasable","14":"product-type-simple"},"yoast_head":"<!-- This site is optimized with the Yoast SEO plugin v24.9 - https:\/\/yoast.com\/wordpress\/plugins\/seo\/ -->\n<title>Sok T\u0142oczony NFC 100% Jab\u0142ko 5L (s\u0142odkie odmiany) - nfc-juices<\/title>\n<meta name=\"robots\" content=\"index, follow, max-snippet:-1, max-image-preview:large, max-video-preview:-1\" \/>\n<link rel=\"canonical\" href=\"https:\/\/nfcjuices.com\/it\/prodotto\/succo-spremuto-nfc-100-mela-5l-varieta-dolci\/\" \/>\n<meta property=\"og:locale\" content=\"it_IT\" \/>\n<meta property=\"og:type\" content=\"article\" \/>\n<meta property=\"og:title\" content=\"Sok T\u0142oczony NFC 100% Jab\u0142ko 5L (s\u0142odkie odmiany) - nfc-juices\" \/>\n<meta property=\"og:url\" content=\"https:\/\/nfcjuices.com\/it\/prodotto\/succo-spremuto-nfc-100-mela-5l-varieta-dolci\/\" \/>\n<meta property=\"og:site_name\" content=\"nfc-juices\" \/>\n<meta property=\"article:modified_time\" content=\"2026-04-17T12:06:28+00:00\" \/>\n<meta property=\"og:image\" content=\"https:\/\/nfcjuices.com\/wp-content\/uploads\/2025\/04\/Szklanka-Slodkie1.png\" \/>\n\t<meta property=\"og:image:width\" content=\"750\" \/>\n\t<meta property=\"og:image:height\" content=\"750\" \/>\n\t<meta property=\"og:image:type\" content=\"image\/png\" \/>\n<meta name=\"twitter:card\" content=\"summary_large_image\" \/>\n<meta name=\"twitter:label1\" content=\"Tempo di lettura stimato\" \/>\n\t<meta name=\"twitter:data1\" content=\"1 minuto\" \/>\n<script type=\"application\/ld+json\" class=\"yoast-schema-graph\">{\"@context\":\"https:\/\/schema.org\",\"@graph\":[{\"@type\":\"WebPage\",\"@id\":\"https:\/\/nfcjuices.com\/produkt\/sok-tloczony-nfc-100-jablko-5l-slodkie-odmiany\/\",\"url\":\"https:\/\/nfcjuices.com\/produkt\/sok-tloczony-nfc-100-jablko-5l-slodkie-odmiany\/\",\"name\":\"Sok T\u0142oczony NFC 100% Jab\u0142ko 5L (s\u0142odkie odmiany) - nfc-juices\",\"isPartOf\":{\"@id\":\"https:\/\/nfcjuices.com\/#website\"},\"primaryImageOfPage\":{\"@id\":\"https:\/\/nfcjuices.com\/produkt\/sok-tloczony-nfc-100-jablko-5l-slodkie-odmiany\/#primaryimage\"},\"image\":{\"@id\":\"https:\/\/nfcjuices.com\/produkt\/sok-tloczony-nfc-100-jablko-5l-slodkie-odmiany\/#primaryimage\"},\"thumbnailUrl\":\"https:\/\/nfcjuices.com\/wp-content\/uploads\/2025\/04\/Szklanka-Slodkie1.png\",\"datePublished\":\"2025-04-04T14:11:04+00:00\",\"dateModified\":\"2026-04-17T12:06:28+00:00\",\"breadcrumb\":{\"@id\":\"https:\/\/nfcjuices.com\/produkt\/sok-tloczony-nfc-100-jablko-5l-slodkie-odmiany\/#breadcrumb\"},\"inLanguage\":\"it-IT\",\"potentialAction\":[{\"@type\":\"ReadAction\",\"target\":[\"https:\/\/nfcjuices.com\/produkt\/sok-tloczony-nfc-100-jablko-5l-slodkie-odmiany\/\"]}]},{\"@type\":\"ImageObject\",\"inLanguage\":\"it-IT\",\"@id\":\"https:\/\/nfcjuices.com\/produkt\/sok-tloczony-nfc-100-jablko-5l-slodkie-odmiany\/#primaryimage\",\"url\":\"https:\/\/nfcjuices.com\/wp-content\/uploads\/2025\/04\/Szklanka-Slodkie1.png\",\"contentUrl\":\"https:\/\/nfcjuices.com\/wp-content\/uploads\/2025\/04\/Szklanka-Slodkie1.png\",\"width\":750,\"height\":750},{\"@type\":\"BreadcrumbList\",\"@id\":\"https:\/\/nfcjuices.com\/produkt\/sok-tloczony-nfc-100-jablko-5l-slodkie-odmiany\/#breadcrumb\",\"itemListElement\":[{\"@type\":\"ListItem\",\"position\":1,\"name\":\"Strona g\u0142\u00f3wna\",\"item\":\"https:\/\/nfcjuices.com\/\"},{\"@type\":\"ListItem\",\"position\":2,\"name\":\"Nasze produkty\",\"item\":\"https:\/\/nfcjuices.com\/sv\/vara-produkter\/\"},{\"@type\":\"ListItem\",\"position\":3,\"name\":\"Sok T\u0142oczony NFC 100% Jab\u0142ko 5L (s\u0142odkie odmiany)\"}]},{\"@type\":\"WebSite\",\"@id\":\"https:\/\/nfcjuices.com\/#website\",\"url\":\"https:\/\/nfcjuices.com\/\",\"name\":\"nfc-juices\",\"description\":\"Soki, przeciery, musy NFC w beczkach\",\"publisher\":{\"@id\":\"https:\/\/nfcjuices.com\/#organization\"},\"potentialAction\":[{\"@type\":\"SearchAction\",\"target\":{\"@type\":\"EntryPoint\",\"urlTemplate\":\"https:\/\/nfcjuices.com\/?s={search_term_string}\"},\"query-input\":{\"@type\":\"PropertyValueSpecification\",\"valueRequired\":true,\"valueName\":\"search_term_string\"}}],\"inLanguage\":\"it-IT\"},{\"@type\":\"Organization\",\"@id\":\"https:\/\/nfcjuices.com\/#organization\",\"name\":\"Nasza T\u0142ocznia\",\"url\":\"https:\/\/nfcjuices.com\/\",\"logo\":{\"@type\":\"ImageObject\",\"inLanguage\":\"it-IT\",\"@id\":\"https:\/\/nfcjuices.com\/#\/schema\/logo\/image\/\",\"url\":\"https:\/\/nfcjuices.com\/wp-content\/uploads\/2025\/05\/cropped-B2b-1.png\",\"contentUrl\":\"https:\/\/nfcjuices.com\/wp-content\/uploads\/2025\/05\/cropped-B2b-1.png\",\"width\":1199,\"height\":999,\"caption\":\"Nasza T\u0142ocznia\"},\"image\":{\"@id\":\"https:\/\/nfcjuices.com\/#\/schema\/logo\/image\/\"}}]}<\/script>\n<!-- \/ Yoast SEO plugin. -->","yoast_head_json":{"title":"NFC 100% Succo di mela spremuto 5L (variet\u00e0 dolci) - nfc-juices","robots":{"index":"index","follow":"follow","max-snippet":"max-snippet:-1","max-image-preview":"max-image-preview:large","max-video-preview":"max-video-preview:-1"},"canonical":"https:\/\/nfcjuices.com\/it\/prodotto\/succo-spremuto-nfc-100-mela-5l-varieta-dolci\/","og_locale":"it_IT","og_type":"article","og_title":"Sok T\u0142oczony NFC 100% Jab\u0142ko 5L (s\u0142odkie odmiany) - nfc-juices","og_url":"https:\/\/nfcjuices.com\/it\/prodotto\/succo-spremuto-nfc-100-mela-5l-varieta-dolci\/","og_site_name":"nfc-juices","article_modified_time":"2026-04-17T12:06:28+00:00","og_image":[{"width":750,"height":750,"url":"https:\/\/nfcjuices.com\/wp-content\/uploads\/2025\/04\/Szklanka-Slodkie1.png","type":"image\/png"}],"twitter_card":"summary_large_image","twitter_misc":{"Tempo di lettura stimato":"1 minuto"},"schema":{"@context":"https:\/\/schema.org","@graph":[{"@type":"WebPage","@id":"https:\/\/nfcjuices.com\/produkt\/sok-tloczony-nfc-100-jablko-5l-slodkie-odmiany\/","url":"https:\/\/nfcjuices.com\/produkt\/sok-tloczony-nfc-100-jablko-5l-slodkie-odmiany\/","name":"NFC 100% Succo di mela spremuto 5L (variet\u00e0 dolci) - nfc-juices","isPartOf":{"@id":"https:\/\/nfcjuices.com\/#website"},"primaryImageOfPage":{"@id":"https:\/\/nfcjuices.com\/produkt\/sok-tloczony-nfc-100-jablko-5l-slodkie-odmiany\/#primaryimage"},"image":{"@id":"https:\/\/nfcjuices.com\/produkt\/sok-tloczony-nfc-100-jablko-5l-slodkie-odmiany\/#primaryimage"},"thumbnailUrl":"https:\/\/nfcjuices.com\/wp-content\/uploads\/2025\/04\/Szklanka-Slodkie1.png","datePublished":"2025-04-04T14:11:04+00:00","dateModified":"2026-04-17T12:06:28+00:00","breadcrumb":{"@id":"https:\/\/nfcjuices.com\/produkt\/sok-tloczony-nfc-100-jablko-5l-slodkie-odmiany\/#breadcrumb"},"inLanguage":"it-IT","potentialAction":[{"@type":"ReadAction","target":["https:\/\/nfcjuices.com\/produkt\/sok-tloczony-nfc-100-jablko-5l-slodkie-odmiany\/"]}]},{"@type":"ImageObject","inLanguage":"it-IT","@id":"https:\/\/nfcjuices.com\/produkt\/sok-tloczony-nfc-100-jablko-5l-slodkie-odmiany\/#primaryimage","url":"https:\/\/nfcjuices.com\/wp-content\/uploads\/2025\/04\/Szklanka-Slodkie1.png","contentUrl":"https:\/\/nfcjuices.com\/wp-content\/uploads\/2025\/04\/Szklanka-Slodkie1.png","width":750,"height":750},{"@type":"BreadcrumbList","@id":"https:\/\/nfcjuices.com\/produkt\/sok-tloczony-nfc-100-jablko-5l-slodkie-odmiany\/#breadcrumb","itemListElement":[{"@type":"ListItem","position":1,"name":"Strona g\u0142\u00f3wna","item":"https:\/\/nfcjuices.com\/"},{"@type":"ListItem","position":2,"name":"Nasze produkty","item":"https:\/\/nfcjuices.com\/sv\/vara-produkter\/"},{"@type":"ListItem","position":3,"name":"Sok T\u0142oczony NFC 100% Jab\u0142ko 5L (s\u0142odkie odmiany)"}]},{"@type":"WebSite","@id":"https:\/\/nfcjuices.com\/#website","url":"https:\/\/nfcjuices.com\/","name":"succhi NFC","description":"Succhi, puree, mousse NFC in barili","publisher":{"@id":"https:\/\/nfcjuices.com\/#organization"},"potentialAction":[{"@type":"SearchAction","target":{"@type":"EntryPoint","urlTemplate":"https:\/\/nfcjuices.com\/?s={search_term_string}"},"query-input":{"@type":"PropertyValueSpecification","valueRequired":true,"valueName":"search_term_string"}}],"inLanguage":"it-IT"},{"@type":"Organization","@id":"https:\/\/nfcjuices.com\/#organization","name":"Il nostro impianto di pressatura","url":"https:\/\/nfcjuices.com\/","logo":{"@type":"ImageObject","inLanguage":"it-IT","@id":"https:\/\/nfcjuices.com\/#\/schema\/logo\/image\/","url":"https:\/\/nfcjuices.com\/wp-content\/uploads\/2025\/05\/cropped-B2b-1.png","contentUrl":"https:\/\/nfcjuices.com\/wp-content\/uploads\/2025\/05\/cropped-B2b-1.png","width":1199,"height":999,"caption":"Nasza T\u0142ocznia"},"image":{"@id":"https:\/\/nfcjuices.com\/#\/schema\/logo\/image\/"}}]}},"_links":{"self":[{"href":"https:\/\/nfcjuices.com\/it\/wp-json\/wp\/v2\/product\/653","targetHints":{"allow":["GET"]}}],"collection":[{"href":"https:\/\/nfcjuices.com\/it\/wp-json\/wp\/v2\/product"}],"about":[{"href":"https:\/\/nfcjuices.com\/it\/wp-json\/wp\/v2\/types\/product"}],"replies":[{"embeddable":true,"href":"https:\/\/nfcjuices.com\/it\/wp-json\/wp\/v2\/comments?post=653"}],"wp:featuredmedia":[{"embeddable":true,"href":"https:\/\/nfcjuices.com\/it\/wp-json\/wp\/v2\/media\/648"}],"wp:attachment":[{"href":"https:\/\/nfcjuices.com\/it\/wp-json\/wp\/v2\/media?parent=653"}],"wp:term":[{"taxonomy":"product_brand","embeddable":true,"href":"https:\/\/nfcjuices.com\/it\/wp-json\/wp\/v2\/product_brand?post=653"},{"taxonomy":"product_cat","embeddable":true,"href":"https:\/\/nfcjuices.com\/it\/wp-json\/wp\/v2\/product_cat?post=653"},{"taxonomy":"product_tag","embeddable":true,"href":"https:\/\/nfcjuices.com\/it\/wp-json\/wp\/v2\/product_tag?post=653"}],"curies":[{"name":"parola chiave","href":"https:\/\/api.w.org\/{rel}","templated":true}]}}