{"id":554,"date":"2025-04-04T15:44:49","date_gmt":"2025-04-04T13:44:49","guid":{"rendered":"https:\/\/nfcjuices.com\/produkt\/sok-100-tloczony-kiwi-zlote-kiwi-gold-3l\/"},"modified":"2026-01-19T10:49:18","modified_gmt":"2026-01-19T09:49:18","slug":"100-succo-di-kiwi-dorato-spremuto-kiwi-gold-3l","status":"publish","type":"product","link":"https:\/\/nfcjuices.com\/it\/produkt\/sok-100-tloczony-kiwi-zlote-kiwi-gold-3l\/","title":{"rendered":"Succo 100% Kiwi Gold spremuto (kiwi gold) 3L"},"content":{"rendered":"<p>\u201e&quot;\u201e<\/p>\n<p><strong>Tipo di prodotto:<\/strong> succo <\/p>\n<p>N<\/p>\n<p> <strong>Brix: <\/strong>Almeno 11<br \/><strong>Specifiche tecniche disponibili su richiesta.<\/strong><\/p>\n<p>N<\/p>\n<p><strong>Valori nutrizionali:<\/strong><br \/>Valore energetico: 68 kcal <\/p>\n<p>N<\/p>\n<p>  Grassi: 0,4 g <\/p>\n<p>N<\/p>\n<p>  Carboidrati: 15,3 g\t <\/p>\n<p>N<\/p>\n<p>  Proteine: 1 g <\/p>\n<p>N&quot;<\/p>","protected":false},"excerpt":{"rendered":"<h4><strong>Valori nutrizionali per 100 ml di prodotto:<\/strong><\/h4>\n<h4>Valori energetici: 68 kcal<\/h4>\n<h4>Grassi: 0,4 g<\/h4>\n<h4>Carboidrati: 15,3 g<\/h4>\n<h4>Proteine: 1 g<\/h4>","protected":false},"featured_media":552,"comment_status":"open","ping_status":"closed","template":"","meta":[],"product_brand":[],"product_cat":[26],"product_tag":[],"class_list":{"0":"post-554","1":"product","2":"type-product","3":"status-publish","4":"has-post-thumbnail","6":"product_cat-soki-tloczone-nfc","7":"pa_pojemnosc-3l","9":"first","10":"outofstock","11":"taxable","12":"shipping-taxable","13":"purchasable","14":"product-type-simple"},"yoast_head":"<!-- This site is optimized with the Yoast SEO plugin v24.9 - https:\/\/yoast.com\/wordpress\/plugins\/seo\/ -->\n<title>Sok 100% t\u0142oczony Kiwi Z\u0142ote (kiwi gold) 3L - nfc-juices<\/title>\n<meta name=\"robots\" content=\"index, follow, max-snippet:-1, max-image-preview:large, max-video-preview:-1\" \/>\n<link rel=\"canonical\" href=\"https:\/\/nfcjuices.com\/it\/prodotto\/100-succo-di-kiwi-dorato-spremuto-kiwi-gold-3l\/\" \/>\n<meta property=\"og:locale\" content=\"it_IT\" \/>\n<meta property=\"og:type\" content=\"article\" \/>\n<meta property=\"og:title\" content=\"Sok 100% t\u0142oczony Kiwi Z\u0142ote (kiwi gold) 3L - nfc-juices\" \/>\n<meta property=\"og:description\" content=\"Warto\u015bci od\u017cywcze w 100ml produktu: Warto\u015bci energetyczne: 68 kcal T\u0142uszcz: 0,4g W\u0119glowodany: 15,3g Bia\u0142ko: 1g\" \/>\n<meta property=\"og:url\" content=\"https:\/\/nfcjuices.com\/it\/prodotto\/100-succo-di-kiwi-dorato-spremuto-kiwi-gold-3l\/\" \/>\n<meta property=\"og:site_name\" content=\"nfc-juices\" \/>\n<meta property=\"article:modified_time\" content=\"2026-01-19T09:49:18+00:00\" \/>\n<meta property=\"og:image\" content=\"https:\/\/nfcjuices.com\/wp-content\/uploads\/2025\/04\/Strona-Nowy-Karton-Gold-kiwi-1.png\" \/>\n\t<meta property=\"og:image:width\" content=\"750\" \/>\n\t<meta property=\"og:image:height\" content=\"750\" \/>\n\t<meta property=\"og:image:type\" content=\"image\/png\" \/>\n<meta name=\"twitter:card\" content=\"summary_large_image\" \/>\n<script type=\"application\/ld+json\" class=\"yoast-schema-graph\">{\"@context\":\"https:\/\/schema.org\",\"@graph\":[{\"@type\":\"WebPage\",\"@id\":\"https:\/\/nfcjuices.com\/produkt\/sok-100-tloczony-kiwi-zlote-kiwi-gold-3l\/\",\"url\":\"https:\/\/nfcjuices.com\/produkt\/sok-100-tloczony-kiwi-zlote-kiwi-gold-3l\/\",\"name\":\"Sok 100% t\u0142oczony Kiwi Z\u0142ote (kiwi gold) 3L - nfc-juices\",\"isPartOf\":{\"@id\":\"https:\/\/nfcjuices.com\/#website\"},\"primaryImageOfPage\":{\"@id\":\"https:\/\/nfcjuices.com\/produkt\/sok-100-tloczony-kiwi-zlote-kiwi-gold-3l\/#primaryimage\"},\"image\":{\"@id\":\"https:\/\/nfcjuices.com\/produkt\/sok-100-tloczony-kiwi-zlote-kiwi-gold-3l\/#primaryimage\"},\"thumbnailUrl\":\"https:\/\/nfcjuices.com\/wp-content\/uploads\/2025\/04\/Strona-Nowy-Karton-Gold-kiwi-1.png\",\"datePublished\":\"2025-04-04T13:44:49+00:00\",\"dateModified\":\"2026-01-19T09:49:18+00:00\",\"breadcrumb\":{\"@id\":\"https:\/\/nfcjuices.com\/produkt\/sok-100-tloczony-kiwi-zlote-kiwi-gold-3l\/#breadcrumb\"},\"inLanguage\":\"it-IT\",\"potentialAction\":[{\"@type\":\"ReadAction\",\"target\":[\"https:\/\/nfcjuices.com\/produkt\/sok-100-tloczony-kiwi-zlote-kiwi-gold-3l\/\"]}]},{\"@type\":\"ImageObject\",\"inLanguage\":\"it-IT\",\"@id\":\"https:\/\/nfcjuices.com\/produkt\/sok-100-tloczony-kiwi-zlote-kiwi-gold-3l\/#primaryimage\",\"url\":\"https:\/\/nfcjuices.com\/wp-content\/uploads\/2025\/04\/Strona-Nowy-Karton-Gold-kiwi-1.png\",\"contentUrl\":\"https:\/\/nfcjuices.com\/wp-content\/uploads\/2025\/04\/Strona-Nowy-Karton-Gold-kiwi-1.png\",\"width\":750,\"height\":750},{\"@type\":\"BreadcrumbList\",\"@id\":\"https:\/\/nfcjuices.com\/produkt\/sok-100-tloczony-kiwi-zlote-kiwi-gold-3l\/#breadcrumb\",\"itemListElement\":[{\"@type\":\"ListItem\",\"position\":1,\"name\":\"Strona g\u0142\u00f3wna\",\"item\":\"https:\/\/nfcjuices.com\/\"},{\"@type\":\"ListItem\",\"position\":2,\"name\":\"Nasze produkty\",\"item\":\"https:\/\/nfcjuices.com\/sv\/vara-produkter\/\"},{\"@type\":\"ListItem\",\"position\":3,\"name\":\"Sok 100% t\u0142oczony Kiwi Z\u0142ote (kiwi gold) 3L\"}]},{\"@type\":\"WebSite\",\"@id\":\"https:\/\/nfcjuices.com\/#website\",\"url\":\"https:\/\/nfcjuices.com\/\",\"name\":\"nfc-juices\",\"description\":\"Soki, przeciery, musy NFC w beczkach\",\"publisher\":{\"@id\":\"https:\/\/nfcjuices.com\/#organization\"},\"potentialAction\":[{\"@type\":\"SearchAction\",\"target\":{\"@type\":\"EntryPoint\",\"urlTemplate\":\"https:\/\/nfcjuices.com\/?s={search_term_string}\"},\"query-input\":{\"@type\":\"PropertyValueSpecification\",\"valueRequired\":true,\"valueName\":\"search_term_string\"}}],\"inLanguage\":\"it-IT\"},{\"@type\":\"Organization\",\"@id\":\"https:\/\/nfcjuices.com\/#organization\",\"name\":\"Nasza T\u0142ocznia\",\"url\":\"https:\/\/nfcjuices.com\/\",\"logo\":{\"@type\":\"ImageObject\",\"inLanguage\":\"it-IT\",\"@id\":\"https:\/\/nfcjuices.com\/#\/schema\/logo\/image\/\",\"url\":\"https:\/\/nfcjuices.com\/wp-content\/uploads\/2025\/05\/cropped-B2b-1.png\",\"contentUrl\":\"https:\/\/nfcjuices.com\/wp-content\/uploads\/2025\/05\/cropped-B2b-1.png\",\"width\":1199,\"height\":999,\"caption\":\"Nasza T\u0142ocznia\"},\"image\":{\"@id\":\"https:\/\/nfcjuices.com\/#\/schema\/logo\/image\/\"}}]}<\/script>\n<!-- \/ Yoast SEO plugin. -->","yoast_head_json":{"title":"Succo 100% Kiwi Gold spremuto (kiwi gold) 3L - nfc-juices","robots":{"index":"index","follow":"follow","max-snippet":"max-snippet:-1","max-image-preview":"max-image-preview:large","max-video-preview":"max-video-preview:-1"},"canonical":"https:\/\/nfcjuices.com\/it\/prodotto\/100-succo-di-kiwi-dorato-spremuto-kiwi-gold-3l\/","og_locale":"it_IT","og_type":"article","og_title":"Sok 100% t\u0142oczony Kiwi Z\u0142ote (kiwi gold) 3L - nfc-juices","og_description":"Warto\u015bci od\u017cywcze w 100ml produktu: Warto\u015bci energetyczne: 68 kcal T\u0142uszcz: 0,4g W\u0119glowodany: 15,3g Bia\u0142ko: 1g","og_url":"https:\/\/nfcjuices.com\/it\/prodotto\/100-succo-di-kiwi-dorato-spremuto-kiwi-gold-3l\/","og_site_name":"nfc-juices","article_modified_time":"2026-01-19T09:49:18+00:00","og_image":[{"width":750,"height":750,"url":"https:\/\/nfcjuices.com\/wp-content\/uploads\/2025\/04\/Strona-Nowy-Karton-Gold-kiwi-1.png","type":"image\/png"}],"twitter_card":"summary_large_image","schema":{"@context":"https:\/\/schema.org","@graph":[{"@type":"WebPage","@id":"https:\/\/nfcjuices.com\/produkt\/sok-100-tloczony-kiwi-zlote-kiwi-gold-3l\/","url":"https:\/\/nfcjuices.com\/produkt\/sok-100-tloczony-kiwi-zlote-kiwi-gold-3l\/","name":"Succo 100% Kiwi Gold spremuto (kiwi gold) 3L - nfc-juices","isPartOf":{"@id":"https:\/\/nfcjuices.com\/#website"},"primaryImageOfPage":{"@id":"https:\/\/nfcjuices.com\/produkt\/sok-100-tloczony-kiwi-zlote-kiwi-gold-3l\/#primaryimage"},"image":{"@id":"https:\/\/nfcjuices.com\/produkt\/sok-100-tloczony-kiwi-zlote-kiwi-gold-3l\/#primaryimage"},"thumbnailUrl":"https:\/\/nfcjuices.com\/wp-content\/uploads\/2025\/04\/Strona-Nowy-Karton-Gold-kiwi-1.png","datePublished":"2025-04-04T13:44:49+00:00","dateModified":"2026-01-19T09:49:18+00:00","breadcrumb":{"@id":"https:\/\/nfcjuices.com\/produkt\/sok-100-tloczony-kiwi-zlote-kiwi-gold-3l\/#breadcrumb"},"inLanguage":"it-IT","potentialAction":[{"@type":"ReadAction","target":["https:\/\/nfcjuices.com\/produkt\/sok-100-tloczony-kiwi-zlote-kiwi-gold-3l\/"]}]},{"@type":"ImageObject","inLanguage":"it-IT","@id":"https:\/\/nfcjuices.com\/produkt\/sok-100-tloczony-kiwi-zlote-kiwi-gold-3l\/#primaryimage","url":"https:\/\/nfcjuices.com\/wp-content\/uploads\/2025\/04\/Strona-Nowy-Karton-Gold-kiwi-1.png","contentUrl":"https:\/\/nfcjuices.com\/wp-content\/uploads\/2025\/04\/Strona-Nowy-Karton-Gold-kiwi-1.png","width":750,"height":750},{"@type":"BreadcrumbList","@id":"https:\/\/nfcjuices.com\/produkt\/sok-100-tloczony-kiwi-zlote-kiwi-gold-3l\/#breadcrumb","itemListElement":[{"@type":"ListItem","position":1,"name":"Strona g\u0142\u00f3wna","item":"https:\/\/nfcjuices.com\/"},{"@type":"ListItem","position":2,"name":"Nasze produkty","item":"https:\/\/nfcjuices.com\/sv\/vara-produkter\/"},{"@type":"ListItem","position":3,"name":"Sok 100% t\u0142oczony Kiwi Z\u0142ote (kiwi gold) 3L"}]},{"@type":"WebSite","@id":"https:\/\/nfcjuices.com\/#website","url":"https:\/\/nfcjuices.com\/","name":"succhi NFC","description":"Succhi, puree, mousse NFC in barili","publisher":{"@id":"https:\/\/nfcjuices.com\/#organization"},"potentialAction":[{"@type":"SearchAction","target":{"@type":"EntryPoint","urlTemplate":"https:\/\/nfcjuices.com\/?s={search_term_string}"},"query-input":{"@type":"PropertyValueSpecification","valueRequired":true,"valueName":"search_term_string"}}],"inLanguage":"it-IT"},{"@type":"Organization","@id":"https:\/\/nfcjuices.com\/#organization","name":"Il nostro impianto di pressatura","url":"https:\/\/nfcjuices.com\/","logo":{"@type":"ImageObject","inLanguage":"it-IT","@id":"https:\/\/nfcjuices.com\/#\/schema\/logo\/image\/","url":"https:\/\/nfcjuices.com\/wp-content\/uploads\/2025\/05\/cropped-B2b-1.png","contentUrl":"https:\/\/nfcjuices.com\/wp-content\/uploads\/2025\/05\/cropped-B2b-1.png","width":1199,"height":999,"caption":"Nasza T\u0142ocznia"},"image":{"@id":"https:\/\/nfcjuices.com\/#\/schema\/logo\/image\/"}}]}},"_links":{"self":[{"href":"https:\/\/nfcjuices.com\/it\/wp-json\/wp\/v2\/product\/554","targetHints":{"allow":["GET"]}}],"collection":[{"href":"https:\/\/nfcjuices.com\/it\/wp-json\/wp\/v2\/product"}],"about":[{"href":"https:\/\/nfcjuices.com\/it\/wp-json\/wp\/v2\/types\/product"}],"replies":[{"embeddable":true,"href":"https:\/\/nfcjuices.com\/it\/wp-json\/wp\/v2\/comments?post=554"}],"wp:featuredmedia":[{"embeddable":true,"href":"https:\/\/nfcjuices.com\/it\/wp-json\/wp\/v2\/media\/552"}],"wp:attachment":[{"href":"https:\/\/nfcjuices.com\/it\/wp-json\/wp\/v2\/media?parent=554"}],"wp:term":[{"taxonomy":"product_brand","embeddable":true,"href":"https:\/\/nfcjuices.com\/it\/wp-json\/wp\/v2\/product_brand?post=554"},{"taxonomy":"product_cat","embeddable":true,"href":"https:\/\/nfcjuices.com\/it\/wp-json\/wp\/v2\/product_cat?post=554"},{"taxonomy":"product_tag","embeddable":true,"href":"https:\/\/nfcjuices.com\/it\/wp-json\/wp\/v2\/product_tag?post=554"}],"curies":[{"name":"parola chiave","href":"https:\/\/api.w.org\/{rel}","templated":true}]}}