{"id":545,"date":"2025-04-04T15:41:22","date_gmt":"2025-04-04T13:41:22","guid":{"rendered":"https:\/\/nfcjuices.com\/produkt\/sok-tloczony-jablkowy-korzenny-bezalkoholowy-grzaniec-5l\/"},"modified":"2026-04-16T16:55:41","modified_gmt":"2026-04-16T14:55:41","slug":"succo-di-mela-spremuto-speziato-analcolico-vin-brule-5l","status":"publish","type":"product","link":"https:\/\/nfcjuices.com\/it\/produkt\/sok-tloczony-jablkowy-korzenny-bezalkoholowy-grzaniec-5l\/","title":{"rendered":"Succo di mela piccante spremuto, analcolico, vin brul\u00e9, 5L"},"content":{"rendered":"<p><img fetchpriority=\"high\" decoding=\"async\" class=\"size-large wp-image-2959 aligncenter\" src=\"https:\/\/naszatlocznia.pl\/wp-content\/uploads\/2022\/05\/baner-Allegro-nowy-03.2022-1024x436.png\" alt=\"\" width=\"980\" height=\"417\" \/><\/p>\n<p>\u00a0<\/p>\n<h4 style=\"text-align: center\"><strong>Delizioso vin brul\u00e9 analcolico<\/strong><\/h4>\n<h4 style=\"text-align: center\">Ti offriamo\u00a0<b>100% succo di mela naturale con spezie <\/b>NFC \u2013 NON DA CONCENTRATO, senza additivi. Frutta direttamente dalla nostra fattoria!<br \/>\nPerfetto per le serate autunnali e invernali, \u00e8 ottimo se servito caldo. \u00c8 un ottimo sostituto del vin brul\u00e9!<\/h4>\n<h4 style=\"text-align: center\">I nostri succhi sono spremuti a freddo.\u00a0<b>Pastorizzazione delicata<\/b>\u00a0a temperatura controllata fino a 78 gradi ci permette di garantire\u00a0<b>freschezza del succo<\/b>\u00a0pi\u00f9 a lungo, mantenendo al contempo un valore\u00a0<b>valori nutrizionali e vitamine<\/b>\u00a0contenuti nella frutta e nella verdura.<\/h4>\n<h4 style=\"text-align: center\"><strong>Noi diciamo<\/strong>\u00a0<b>NO!<\/b>\u00a0Conservanti, zuccheri, vitamine artificiali e coloranti. Dimostriamo che \u00e8 possibile estrarre succhi sani e deliziosi SOLO da ci\u00f2 che la natura ci ha donato.<\/h4>\n<p>\u00a0<\/p>\n<p><img decoding=\"async\" class=\"size-full wp-image-18671 aligncenter\" src=\"https:\/\/naszatlocznia.pl\/wp-content\/uploads\/2021\/06\/Strona-Nowy-Karton-Jablko-Korzenne-1.png\" alt=\"\" width=\"750\" height=\"750\" \/><\/p>\n<p>\u00a0<\/p>\n<h4><strong>Confezione:<\/strong> confezione bag in box: una busta con rubinetto in una comoda scatola di cartone per versare facilmente il prodotto.<br \/>\n<b>Composizione:<\/b> 100% Succo di mela NFC con spezie (cannella, chiodi di garofano, zenzero, noce moscata).<\/h4>\n<h4><b>Magazzinaggio:<\/b>\u00a0Proprio come le conserve fatte in casa, i succhi vanno conservati in un luogo fresco e ombreggiato.<\/h4>\n<h4><b>Versamento:<\/b> Il succo deve essere versato con il rubinetto rivolto verso il basso, assicurandosi che sia sempre coperto di succo. Prima di ogni versamento, agitare il contenitore per mescolare il contenuto.<\/h4>\n<h4><b>Garanzia di freschezza:<\/b>\u00a0Versando correttamente si evita che entri aria nella confezione, mantenendo cos\u00ec il succo fresco.<\/h4>\n<h4><b>Dopo l&#039;apertura:<\/b> Il succo deve essere conservato in frigorifero e consumato entro 30 giorni, a condizione che venga versato in posizione verticale, evitando che entri aria nella confezione.<\/h4>\n<h4><strong>Data di scadenza:<\/strong> minimo 3 mesi dalla data di acquisto.<\/h4>\n<h4><\/h4>\n<h4 style=\"text-align: center\"><b>Scopritelo voi stessi, ordinate subito!<\/b><\/h4>\n<p>\u00a0<\/p>","protected":false},"excerpt":{"rendered":"<p><img decoding=\"async\" class=\"alignnone size-large wp-image-492\" src=\"https:\/\/naszatlocznia.pl\/wp-content\/uploads\/2021\/06\/wartosci-odzywcze-JABLKO-KORZENNE-912x1024.jpg\" alt=\"\" width=\"912\" height=\"1024\" \/><\/p>","protected":false},"featured_media":542,"comment_status":"open","ping_status":"closed","template":"","meta":[],"product_brand":[],"product_cat":[26],"product_tag":[],"class_list":{"0":"post-545","1":"product","2":"type-product","3":"status-publish","4":"has-post-thumbnail","6":"product_cat-soki-tloczone-nfc","7":"pa_pojemnosc-5l","9":"first","10":"instock","11":"taxable","12":"shipping-taxable","13":"purchasable","14":"product-type-simple"},"yoast_head":"<!-- This site is optimized with the Yoast SEO plugin v24.9 - https:\/\/yoast.com\/wordpress\/plugins\/seo\/ -->\n<title>Sok t\u0142oczony Jab\u0142kowy Korzenny Bezalkoholowy Grzaniec 5L - nfc-juices<\/title>\n<meta name=\"robots\" content=\"index, follow, max-snippet:-1, max-image-preview:large, max-video-preview:-1\" \/>\n<link rel=\"canonical\" href=\"https:\/\/nfcjuices.com\/it\/prodotto\/succo-di-mela-spremuto-speziato-analcolico-vin-brule-5l\/\" \/>\n<meta property=\"og:locale\" content=\"it_IT\" \/>\n<meta property=\"og:type\" content=\"article\" \/>\n<meta property=\"og:title\" content=\"Sok t\u0142oczony Jab\u0142kowy Korzenny Bezalkoholowy Grzaniec 5L - nfc-juices\" \/>\n<meta property=\"og:url\" content=\"https:\/\/nfcjuices.com\/it\/prodotto\/succo-di-mela-spremuto-speziato-analcolico-vin-brule-5l\/\" \/>\n<meta property=\"og:site_name\" content=\"nfc-juices\" \/>\n<meta property=\"article:modified_time\" content=\"2026-04-16T14:55:41+00:00\" \/>\n<meta property=\"og:image\" content=\"https:\/\/nfcjuices.com\/wp-content\/uploads\/2025\/04\/Strona-Nowy-Karton-Jablko-Korzenne-1.png\" \/>\n\t<meta property=\"og:image:width\" content=\"750\" \/>\n\t<meta property=\"og:image:height\" content=\"750\" \/>\n\t<meta property=\"og:image:type\" content=\"image\/png\" \/>\n<meta name=\"twitter:card\" content=\"summary_large_image\" \/>\n<meta name=\"twitter:label1\" content=\"Tempo di lettura stimato\" \/>\n\t<meta name=\"twitter:data1\" content=\"1 minuto\" \/>\n<script type=\"application\/ld+json\" class=\"yoast-schema-graph\">{\"@context\":\"https:\/\/schema.org\",\"@graph\":[{\"@type\":\"WebPage\",\"@id\":\"https:\/\/nfcjuices.com\/produkt\/sok-tloczony-jablkowy-korzenny-bezalkoholowy-grzaniec-5l\/\",\"url\":\"https:\/\/nfcjuices.com\/produkt\/sok-tloczony-jablkowy-korzenny-bezalkoholowy-grzaniec-5l\/\",\"name\":\"Sok t\u0142oczony Jab\u0142kowy Korzenny Bezalkoholowy Grzaniec 5L - nfc-juices\",\"isPartOf\":{\"@id\":\"https:\/\/nfcjuices.com\/#website\"},\"primaryImageOfPage\":{\"@id\":\"https:\/\/nfcjuices.com\/produkt\/sok-tloczony-jablkowy-korzenny-bezalkoholowy-grzaniec-5l\/#primaryimage\"},\"image\":{\"@id\":\"https:\/\/nfcjuices.com\/produkt\/sok-tloczony-jablkowy-korzenny-bezalkoholowy-grzaniec-5l\/#primaryimage\"},\"thumbnailUrl\":\"https:\/\/nfcjuices.com\/wp-content\/uploads\/2025\/04\/Strona-Nowy-Karton-Jablko-Korzenne-1.png\",\"datePublished\":\"2025-04-04T13:41:22+00:00\",\"dateModified\":\"2026-04-16T14:55:41+00:00\",\"breadcrumb\":{\"@id\":\"https:\/\/nfcjuices.com\/produkt\/sok-tloczony-jablkowy-korzenny-bezalkoholowy-grzaniec-5l\/#breadcrumb\"},\"inLanguage\":\"it-IT\",\"potentialAction\":[{\"@type\":\"ReadAction\",\"target\":[\"https:\/\/nfcjuices.com\/produkt\/sok-tloczony-jablkowy-korzenny-bezalkoholowy-grzaniec-5l\/\"]}]},{\"@type\":\"ImageObject\",\"inLanguage\":\"it-IT\",\"@id\":\"https:\/\/nfcjuices.com\/produkt\/sok-tloczony-jablkowy-korzenny-bezalkoholowy-grzaniec-5l\/#primaryimage\",\"url\":\"https:\/\/nfcjuices.com\/wp-content\/uploads\/2025\/04\/Strona-Nowy-Karton-Jablko-Korzenne-1.png\",\"contentUrl\":\"https:\/\/nfcjuices.com\/wp-content\/uploads\/2025\/04\/Strona-Nowy-Karton-Jablko-Korzenne-1.png\",\"width\":750,\"height\":750},{\"@type\":\"BreadcrumbList\",\"@id\":\"https:\/\/nfcjuices.com\/produkt\/sok-tloczony-jablkowy-korzenny-bezalkoholowy-grzaniec-5l\/#breadcrumb\",\"itemListElement\":[{\"@type\":\"ListItem\",\"position\":1,\"name\":\"Strona g\u0142\u00f3wna\",\"item\":\"https:\/\/nfcjuices.com\/\"},{\"@type\":\"ListItem\",\"position\":2,\"name\":\"Nasze produkty\",\"item\":\"https:\/\/nfcjuices.com\/sv\/vara-produkter\/\"},{\"@type\":\"ListItem\",\"position\":3,\"name\":\"Sok t\u0142oczony Jab\u0142kowy Korzenny Bezalkoholowy Grzaniec 5L\"}]},{\"@type\":\"WebSite\",\"@id\":\"https:\/\/nfcjuices.com\/#website\",\"url\":\"https:\/\/nfcjuices.com\/\",\"name\":\"nfc-juices\",\"description\":\"Soki, przeciery, musy NFC w beczkach\",\"publisher\":{\"@id\":\"https:\/\/nfcjuices.com\/#organization\"},\"potentialAction\":[{\"@type\":\"SearchAction\",\"target\":{\"@type\":\"EntryPoint\",\"urlTemplate\":\"https:\/\/nfcjuices.com\/?s={search_term_string}\"},\"query-input\":{\"@type\":\"PropertyValueSpecification\",\"valueRequired\":true,\"valueName\":\"search_term_string\"}}],\"inLanguage\":\"it-IT\"},{\"@type\":\"Organization\",\"@id\":\"https:\/\/nfcjuices.com\/#organization\",\"name\":\"Nasza T\u0142ocznia\",\"url\":\"https:\/\/nfcjuices.com\/\",\"logo\":{\"@type\":\"ImageObject\",\"inLanguage\":\"it-IT\",\"@id\":\"https:\/\/nfcjuices.com\/#\/schema\/logo\/image\/\",\"url\":\"https:\/\/nfcjuices.com\/wp-content\/uploads\/2025\/05\/cropped-B2b-1.png\",\"contentUrl\":\"https:\/\/nfcjuices.com\/wp-content\/uploads\/2025\/05\/cropped-B2b-1.png\",\"width\":1199,\"height\":999,\"caption\":\"Nasza T\u0142ocznia\"},\"image\":{\"@id\":\"https:\/\/nfcjuices.com\/#\/schema\/logo\/image\/\"}}]}<\/script>\n<!-- \/ Yoast SEO plugin. -->","yoast_head_json":{"title":"Succo di mela speziato analcolico mulled pressato 5L - nfc-juices","robots":{"index":"index","follow":"follow","max-snippet":"max-snippet:-1","max-image-preview":"max-image-preview:large","max-video-preview":"max-video-preview:-1"},"canonical":"https:\/\/nfcjuices.com\/it\/prodotto\/succo-di-mela-spremuto-speziato-analcolico-vin-brule-5l\/","og_locale":"it_IT","og_type":"article","og_title":"Sok t\u0142oczony Jab\u0142kowy Korzenny Bezalkoholowy Grzaniec 5L - nfc-juices","og_url":"https:\/\/nfcjuices.com\/it\/prodotto\/succo-di-mela-spremuto-speziato-analcolico-vin-brule-5l\/","og_site_name":"nfc-juices","article_modified_time":"2026-04-16T14:55:41+00:00","og_image":[{"width":750,"height":750,"url":"https:\/\/nfcjuices.com\/wp-content\/uploads\/2025\/04\/Strona-Nowy-Karton-Jablko-Korzenne-1.png","type":"image\/png"}],"twitter_card":"summary_large_image","twitter_misc":{"Tempo di lettura stimato":"1 minuto"},"schema":{"@context":"https:\/\/schema.org","@graph":[{"@type":"WebPage","@id":"https:\/\/nfcjuices.com\/produkt\/sok-tloczony-jablkowy-korzenny-bezalkoholowy-grzaniec-5l\/","url":"https:\/\/nfcjuices.com\/produkt\/sok-tloczony-jablkowy-korzenny-bezalkoholowy-grzaniec-5l\/","name":"Succo di mela speziato analcolico mulled pressato 5L - nfc-juices","isPartOf":{"@id":"https:\/\/nfcjuices.com\/#website"},"primaryImageOfPage":{"@id":"https:\/\/nfcjuices.com\/produkt\/sok-tloczony-jablkowy-korzenny-bezalkoholowy-grzaniec-5l\/#primaryimage"},"image":{"@id":"https:\/\/nfcjuices.com\/produkt\/sok-tloczony-jablkowy-korzenny-bezalkoholowy-grzaniec-5l\/#primaryimage"},"thumbnailUrl":"https:\/\/nfcjuices.com\/wp-content\/uploads\/2025\/04\/Strona-Nowy-Karton-Jablko-Korzenne-1.png","datePublished":"2025-04-04T13:41:22+00:00","dateModified":"2026-04-16T14:55:41+00:00","breadcrumb":{"@id":"https:\/\/nfcjuices.com\/produkt\/sok-tloczony-jablkowy-korzenny-bezalkoholowy-grzaniec-5l\/#breadcrumb"},"inLanguage":"it-IT","potentialAction":[{"@type":"ReadAction","target":["https:\/\/nfcjuices.com\/produkt\/sok-tloczony-jablkowy-korzenny-bezalkoholowy-grzaniec-5l\/"]}]},{"@type":"ImageObject","inLanguage":"it-IT","@id":"https:\/\/nfcjuices.com\/produkt\/sok-tloczony-jablkowy-korzenny-bezalkoholowy-grzaniec-5l\/#primaryimage","url":"https:\/\/nfcjuices.com\/wp-content\/uploads\/2025\/04\/Strona-Nowy-Karton-Jablko-Korzenne-1.png","contentUrl":"https:\/\/nfcjuices.com\/wp-content\/uploads\/2025\/04\/Strona-Nowy-Karton-Jablko-Korzenne-1.png","width":750,"height":750},{"@type":"BreadcrumbList","@id":"https:\/\/nfcjuices.com\/produkt\/sok-tloczony-jablkowy-korzenny-bezalkoholowy-grzaniec-5l\/#breadcrumb","itemListElement":[{"@type":"ListItem","position":1,"name":"Strona g\u0142\u00f3wna","item":"https:\/\/nfcjuices.com\/"},{"@type":"ListItem","position":2,"name":"Nasze produkty","item":"https:\/\/nfcjuices.com\/sv\/vara-produkter\/"},{"@type":"ListItem","position":3,"name":"Sok t\u0142oczony Jab\u0142kowy Korzenny Bezalkoholowy Grzaniec 5L"}]},{"@type":"WebSite","@id":"https:\/\/nfcjuices.com\/#website","url":"https:\/\/nfcjuices.com\/","name":"succhi NFC","description":"Succhi, puree, mousse NFC in barili","publisher":{"@id":"https:\/\/nfcjuices.com\/#organization"},"potentialAction":[{"@type":"SearchAction","target":{"@type":"EntryPoint","urlTemplate":"https:\/\/nfcjuices.com\/?s={search_term_string}"},"query-input":{"@type":"PropertyValueSpecification","valueRequired":true,"valueName":"search_term_string"}}],"inLanguage":"it-IT"},{"@type":"Organization","@id":"https:\/\/nfcjuices.com\/#organization","name":"Il nostro impianto di pressatura","url":"https:\/\/nfcjuices.com\/","logo":{"@type":"ImageObject","inLanguage":"it-IT","@id":"https:\/\/nfcjuices.com\/#\/schema\/logo\/image\/","url":"https:\/\/nfcjuices.com\/wp-content\/uploads\/2025\/05\/cropped-B2b-1.png","contentUrl":"https:\/\/nfcjuices.com\/wp-content\/uploads\/2025\/05\/cropped-B2b-1.png","width":1199,"height":999,"caption":"Nasza T\u0142ocznia"},"image":{"@id":"https:\/\/nfcjuices.com\/#\/schema\/logo\/image\/"}}]}},"_links":{"self":[{"href":"https:\/\/nfcjuices.com\/it\/wp-json\/wp\/v2\/product\/545","targetHints":{"allow":["GET"]}}],"collection":[{"href":"https:\/\/nfcjuices.com\/it\/wp-json\/wp\/v2\/product"}],"about":[{"href":"https:\/\/nfcjuices.com\/it\/wp-json\/wp\/v2\/types\/product"}],"replies":[{"embeddable":true,"href":"https:\/\/nfcjuices.com\/it\/wp-json\/wp\/v2\/comments?post=545"}],"wp:featuredmedia":[{"embeddable":true,"href":"https:\/\/nfcjuices.com\/it\/wp-json\/wp\/v2\/media\/542"}],"wp:attachment":[{"href":"https:\/\/nfcjuices.com\/it\/wp-json\/wp\/v2\/media?parent=545"}],"wp:term":[{"taxonomy":"product_brand","embeddable":true,"href":"https:\/\/nfcjuices.com\/it\/wp-json\/wp\/v2\/product_brand?post=545"},{"taxonomy":"product_cat","embeddable":true,"href":"https:\/\/nfcjuices.com\/it\/wp-json\/wp\/v2\/product_cat?post=545"},{"taxonomy":"product_tag","embeddable":true,"href":"https:\/\/nfcjuices.com\/it\/wp-json\/wp\/v2\/product_tag?post=545"}],"curies":[{"name":"parola chiave","href":"https:\/\/api.w.org\/{rel}","templated":true}]}}