{"id":401,"date":"2025-03-31T11:54:19","date_gmt":"2025-03-31T09:54:19","guid":{"rendered":"https:\/\/nfcjuices.com\/?post_type=product&#038;p=401"},"modified":"2026-04-14T11:36:26","modified_gmt":"2026-04-14T09:36:26","slug":"purea-di-corniolo-3-kg","status":"publish","type":"product","link":"https:\/\/nfcjuices.com\/it\/produkt\/przecier-z-derenia-3kg\/","title":{"rendered":"Purea di corniolo 3 kg"},"content":{"rendered":"<h2>Purea di Corniolo 3kg \u2013 Naturale e Aromatica<\/h2>\n<p>La nostra purea di corniolo \u00e8 l&#039;essenza del gusto e della salute, confezionata nella pratica confezione BiB da 3 kg. Prodotta nel nostro stabilimento con corniolo accuratamente selezionato, senza additivi n\u00e9 conservanti, conserva tutto il suo valore nutrizionale e il suo sapore intenso e leggermente acidulo. \u00c8 la scelta ideale per gli amanti dei prodotti naturali.<\/p>\n<h2>Perch\u00e9 scegliere la nostra purea di corniolo?<\/h2>\n<p><\/p>\n<ul>\n<li>100% naturale: senza additivi artificiali, zuccheri o conservanti.<\/li>\n<li>Ricco di antiossidanti, vitamine C e A e microelementi che supportano il sistema immunitario.<\/li>\n<li>Prodotto nel nostro frantoio: controlliamo l&#039;intero processo, dal frutto al prodotto finito.<\/li>\n<li>Confezionato nella pratica confezione BiB per garantire freschezza e facilit\u00e0 di dosaggio.<\/li>\n<\/ul>\n<h2>Come utilizzare la purea di corniolo?<\/h2>\n<p><\/p>\n<ul>\n<li>Come base per succhi, drink e cocktail.<\/li>\n<li>Un&#039;aggiunta perfetta a dessert, marmellate e mousse.<\/li>\n<li>Perfetto per sughi di carne, marinate e conserve fatte in casa.<\/li>\n<li>Funziona benissimo sia nella cucina vegana che in quella tradizionale.<\/li>\n<\/ul>\n<h2>Perch\u00e9 vale la pena scegliere il nostro impianto di pressatura?<\/h2>\n<p>Siamo un&#039;azienda a conduzione familiare specializzata da anni nella produzione di conserve di frutta naturali. Utilizziamo frutta di altissima qualit\u00e0, garantendo che ogni prodotto sia ricco di sapore e valore nutrizionale. Grazie a innovativi metodi di spremitura e pastorizzazione, garantiamo la massima qualit\u00e0 dei nostri prodotti.<\/p>\n<p>Ordina oggi stesso! Scegli 3 kg di purea di corniolo e goditi il sapore naturale e i benefici per la salute di questo frutto unico. Aggiungi al carrello e scopri la differenza che fa la vera qualit\u00e0!<\/p>","protected":false},"excerpt":{"rendered":"<h2>Perch\u00e9 scegliere la nostra purea di corniolo?<\/h2>\n<p><\/p>\n<ul>\n<li>100% naturale: senza additivi artificiali, zuccheri o conservanti.<\/li>\n<li>Ricco di antiossidanti, vitamine C e A e microelementi che supportano il sistema immunitario.<\/li>\n<li>Prodotto nel nostro frantoio: controlliamo l&#039;intero processo, dal frutto al prodotto finito.<\/li>\n<li>Confezionato in una comoda busta BiB per garantire freschezza e facilit\u00e0 di dosaggio.<\/li>\n<\/ul>","protected":false},"featured_media":423,"comment_status":"open","ping_status":"closed","template":"","meta":[],"product_brand":[],"product_cat":[56],"product_tag":[],"class_list":{"0":"post-401","1":"product","2":"type-product","3":"status-publish","4":"has-post-thumbnail","6":"product_cat-przeciery","7":"pa_pojemnosc-3kg","9":"first","10":"instock","11":"taxable","12":"shipping-taxable","13":"purchasable","14":"product-type-simple"},"yoast_head":"<!-- This site is optimized with the Yoast SEO plugin v24.9 - https:\/\/yoast.com\/wordpress\/plugins\/seo\/ -->\n<title>Przecier z derenia 3kg - nfc-juices<\/title>\n<meta name=\"robots\" content=\"index, follow, max-snippet:-1, max-image-preview:large, max-video-preview:-1\" \/>\n<link rel=\"canonical\" href=\"https:\/\/nfcjuices.com\/it\/prodotto\/purea-di-corniolo-3-kg\/\" \/>\n<meta property=\"og:locale\" content=\"it_IT\" \/>\n<meta property=\"og:type\" content=\"article\" \/>\n<meta property=\"og:title\" content=\"Przecier z derenia 3kg - nfc-juices\" \/>\n<meta property=\"og:description\" content=\"Dlaczego warto wybra\u0107 nasz przecier z derenia? 100% naturalny \u2013 bez sztucznych dodatk\u00f3w, cukru i konserwant\u00f3w. Bogaty w antyoksydanty, witaminy C i A oraz mikroelementy wspieraj\u0105ce odporno\u015b\u0107. Wyprodukowany w Naszej T\u0142oczni \u2013 kontrolujemy ca\u0142y proces, od owocu po gotowy produkt. Pakowany w wygodny worek BiB, zapewniaj\u0105cy \u015bwie\u017co\u015b\u0107 i \u0142atwe dozowanie.\" \/>\n<meta property=\"og:url\" content=\"https:\/\/nfcjuices.com\/it\/prodotto\/purea-di-corniolo-3-kg\/\" \/>\n<meta property=\"og:site_name\" content=\"nfc-juices\" \/>\n<meta property=\"article:modified_time\" content=\"2026-04-14T09:36:26+00:00\" \/>\n<meta property=\"og:image\" content=\"https:\/\/nfcjuices.com\/wp-content\/uploads\/2025\/03\/a3a2166a54c8cefa81c9eb64e45834c4.png\" \/>\n\t<meta property=\"og:image:width\" content=\"750\" \/>\n\t<meta property=\"og:image:height\" content=\"750\" \/>\n\t<meta property=\"og:image:type\" content=\"image\/png\" \/>\n<meta name=\"twitter:card\" content=\"summary_large_image\" \/>\n<meta name=\"twitter:label1\" content=\"Tempo di lettura stimato\" \/>\n\t<meta name=\"twitter:data1\" content=\"1 minuto\" \/>\n<script type=\"application\/ld+json\" class=\"yoast-schema-graph\">{\"@context\":\"https:\/\/schema.org\",\"@graph\":[{\"@type\":\"WebPage\",\"@id\":\"https:\/\/nfcjuices.com\/produkt\/przecier-z-derenia-3kg\/\",\"url\":\"https:\/\/nfcjuices.com\/produkt\/przecier-z-derenia-3kg\/\",\"name\":\"Przecier z derenia 3kg - nfc-juices\",\"isPartOf\":{\"@id\":\"https:\/\/nfcjuices.com\/#website\"},\"primaryImageOfPage\":{\"@id\":\"https:\/\/nfcjuices.com\/produkt\/przecier-z-derenia-3kg\/#primaryimage\"},\"image\":{\"@id\":\"https:\/\/nfcjuices.com\/produkt\/przecier-z-derenia-3kg\/#primaryimage\"},\"thumbnailUrl\":\"https:\/\/nfcjuices.com\/wp-content\/uploads\/2025\/03\/a3a2166a54c8cefa81c9eb64e45834c4.png\",\"datePublished\":\"2025-03-31T09:54:19+00:00\",\"dateModified\":\"2026-04-14T09:36:26+00:00\",\"breadcrumb\":{\"@id\":\"https:\/\/nfcjuices.com\/produkt\/przecier-z-derenia-3kg\/#breadcrumb\"},\"inLanguage\":\"it-IT\",\"potentialAction\":[{\"@type\":\"ReadAction\",\"target\":[\"https:\/\/nfcjuices.com\/produkt\/przecier-z-derenia-3kg\/\"]}]},{\"@type\":\"ImageObject\",\"inLanguage\":\"it-IT\",\"@id\":\"https:\/\/nfcjuices.com\/produkt\/przecier-z-derenia-3kg\/#primaryimage\",\"url\":\"https:\/\/nfcjuices.com\/wp-content\/uploads\/2025\/03\/a3a2166a54c8cefa81c9eb64e45834c4.png\",\"contentUrl\":\"https:\/\/nfcjuices.com\/wp-content\/uploads\/2025\/03\/a3a2166a54c8cefa81c9eb64e45834c4.png\",\"width\":750,\"height\":750},{\"@type\":\"BreadcrumbList\",\"@id\":\"https:\/\/nfcjuices.com\/produkt\/przecier-z-derenia-3kg\/#breadcrumb\",\"itemListElement\":[{\"@type\":\"ListItem\",\"position\":1,\"name\":\"Strona g\u0142\u00f3wna\",\"item\":\"https:\/\/nfcjuices.com\/\"},{\"@type\":\"ListItem\",\"position\":2,\"name\":\"Nasze produkty\",\"item\":\"https:\/\/nfcjuices.com\/sv\/vara-produkter\/\"},{\"@type\":\"ListItem\",\"position\":3,\"name\":\"Przecier z derenia 3kg\"}]},{\"@type\":\"WebSite\",\"@id\":\"https:\/\/nfcjuices.com\/#website\",\"url\":\"https:\/\/nfcjuices.com\/\",\"name\":\"nfc-juices\",\"description\":\"Soki, przeciery, musy NFC w beczkach\",\"publisher\":{\"@id\":\"https:\/\/nfcjuices.com\/#organization\"},\"potentialAction\":[{\"@type\":\"SearchAction\",\"target\":{\"@type\":\"EntryPoint\",\"urlTemplate\":\"https:\/\/nfcjuices.com\/?s={search_term_string}\"},\"query-input\":{\"@type\":\"PropertyValueSpecification\",\"valueRequired\":true,\"valueName\":\"search_term_string\"}}],\"inLanguage\":\"it-IT\"},{\"@type\":\"Organization\",\"@id\":\"https:\/\/nfcjuices.com\/#organization\",\"name\":\"Nasza T\u0142ocznia\",\"url\":\"https:\/\/nfcjuices.com\/\",\"logo\":{\"@type\":\"ImageObject\",\"inLanguage\":\"it-IT\",\"@id\":\"https:\/\/nfcjuices.com\/#\/schema\/logo\/image\/\",\"url\":\"https:\/\/nfcjuices.com\/wp-content\/uploads\/2025\/05\/cropped-B2b-1.png\",\"contentUrl\":\"https:\/\/nfcjuices.com\/wp-content\/uploads\/2025\/05\/cropped-B2b-1.png\",\"width\":1199,\"height\":999,\"caption\":\"Nasza T\u0142ocznia\"},\"image\":{\"@id\":\"https:\/\/nfcjuices.com\/#\/schema\/logo\/image\/\"}}]}<\/script>\n<!-- \/ Yoast SEO plugin. -->","yoast_head_json":{"title":"Purea di corniolo 3 kg - nfc-juices","robots":{"index":"index","follow":"follow","max-snippet":"max-snippet:-1","max-image-preview":"max-image-preview:large","max-video-preview":"max-video-preview:-1"},"canonical":"https:\/\/nfcjuices.com\/it\/prodotto\/purea-di-corniolo-3-kg\/","og_locale":"it_IT","og_type":"article","og_title":"Przecier z derenia 3kg - nfc-juices","og_description":"Dlaczego warto wybra\u0107 nasz przecier z derenia? 100% naturalny \u2013 bez sztucznych dodatk\u00f3w, cukru i konserwant\u00f3w. Bogaty w antyoksydanty, witaminy C i A oraz mikroelementy wspieraj\u0105ce odporno\u015b\u0107. Wyprodukowany w Naszej T\u0142oczni \u2013 kontrolujemy ca\u0142y proces, od owocu po gotowy produkt. Pakowany w wygodny worek BiB, zapewniaj\u0105cy \u015bwie\u017co\u015b\u0107 i \u0142atwe dozowanie.","og_url":"https:\/\/nfcjuices.com\/it\/prodotto\/purea-di-corniolo-3-kg\/","og_site_name":"nfc-juices","article_modified_time":"2026-04-14T09:36:26+00:00","og_image":[{"width":750,"height":750,"url":"https:\/\/nfcjuices.com\/wp-content\/uploads\/2025\/03\/a3a2166a54c8cefa81c9eb64e45834c4.png","type":"image\/png"}],"twitter_card":"summary_large_image","twitter_misc":{"Tempo di lettura stimato":"1 minuto"},"schema":{"@context":"https:\/\/schema.org","@graph":[{"@type":"WebPage","@id":"https:\/\/nfcjuices.com\/produkt\/przecier-z-derenia-3kg\/","url":"https:\/\/nfcjuices.com\/produkt\/przecier-z-derenia-3kg\/","name":"Purea di corniolo 3 kg - nfc-juices","isPartOf":{"@id":"https:\/\/nfcjuices.com\/#website"},"primaryImageOfPage":{"@id":"https:\/\/nfcjuices.com\/produkt\/przecier-z-derenia-3kg\/#primaryimage"},"image":{"@id":"https:\/\/nfcjuices.com\/produkt\/przecier-z-derenia-3kg\/#primaryimage"},"thumbnailUrl":"https:\/\/nfcjuices.com\/wp-content\/uploads\/2025\/03\/a3a2166a54c8cefa81c9eb64e45834c4.png","datePublished":"2025-03-31T09:54:19+00:00","dateModified":"2026-04-14T09:36:26+00:00","breadcrumb":{"@id":"https:\/\/nfcjuices.com\/produkt\/przecier-z-derenia-3kg\/#breadcrumb"},"inLanguage":"it-IT","potentialAction":[{"@type":"ReadAction","target":["https:\/\/nfcjuices.com\/produkt\/przecier-z-derenia-3kg\/"]}]},{"@type":"ImageObject","inLanguage":"it-IT","@id":"https:\/\/nfcjuices.com\/produkt\/przecier-z-derenia-3kg\/#primaryimage","url":"https:\/\/nfcjuices.com\/wp-content\/uploads\/2025\/03\/a3a2166a54c8cefa81c9eb64e45834c4.png","contentUrl":"https:\/\/nfcjuices.com\/wp-content\/uploads\/2025\/03\/a3a2166a54c8cefa81c9eb64e45834c4.png","width":750,"height":750},{"@type":"BreadcrumbList","@id":"https:\/\/nfcjuices.com\/produkt\/przecier-z-derenia-3kg\/#breadcrumb","itemListElement":[{"@type":"ListItem","position":1,"name":"Strona g\u0142\u00f3wna","item":"https:\/\/nfcjuices.com\/"},{"@type":"ListItem","position":2,"name":"Nasze produkty","item":"https:\/\/nfcjuices.com\/sv\/vara-produkter\/"},{"@type":"ListItem","position":3,"name":"Przecier z derenia 3kg"}]},{"@type":"WebSite","@id":"https:\/\/nfcjuices.com\/#website","url":"https:\/\/nfcjuices.com\/","name":"succhi NFC","description":"Succhi, puree, mousse NFC in barili","publisher":{"@id":"https:\/\/nfcjuices.com\/#organization"},"potentialAction":[{"@type":"SearchAction","target":{"@type":"EntryPoint","urlTemplate":"https:\/\/nfcjuices.com\/?s={search_term_string}"},"query-input":{"@type":"PropertyValueSpecification","valueRequired":true,"valueName":"search_term_string"}}],"inLanguage":"it-IT"},{"@type":"Organization","@id":"https:\/\/nfcjuices.com\/#organization","name":"Il nostro impianto di pressatura","url":"https:\/\/nfcjuices.com\/","logo":{"@type":"ImageObject","inLanguage":"it-IT","@id":"https:\/\/nfcjuices.com\/#\/schema\/logo\/image\/","url":"https:\/\/nfcjuices.com\/wp-content\/uploads\/2025\/05\/cropped-B2b-1.png","contentUrl":"https:\/\/nfcjuices.com\/wp-content\/uploads\/2025\/05\/cropped-B2b-1.png","width":1199,"height":999,"caption":"Nasza T\u0142ocznia"},"image":{"@id":"https:\/\/nfcjuices.com\/#\/schema\/logo\/image\/"}}]}},"_links":{"self":[{"href":"https:\/\/nfcjuices.com\/it\/wp-json\/wp\/v2\/product\/401","targetHints":{"allow":["GET"]}}],"collection":[{"href":"https:\/\/nfcjuices.com\/it\/wp-json\/wp\/v2\/product"}],"about":[{"href":"https:\/\/nfcjuices.com\/it\/wp-json\/wp\/v2\/types\/product"}],"replies":[{"embeddable":true,"href":"https:\/\/nfcjuices.com\/it\/wp-json\/wp\/v2\/comments?post=401"}],"wp:featuredmedia":[{"embeddable":true,"href":"https:\/\/nfcjuices.com\/it\/wp-json\/wp\/v2\/media\/423"}],"wp:attachment":[{"href":"https:\/\/nfcjuices.com\/it\/wp-json\/wp\/v2\/media?parent=401"}],"wp:term":[{"taxonomy":"product_brand","embeddable":true,"href":"https:\/\/nfcjuices.com\/it\/wp-json\/wp\/v2\/product_brand?post=401"},{"taxonomy":"product_cat","embeddable":true,"href":"https:\/\/nfcjuices.com\/it\/wp-json\/wp\/v2\/product_cat?post=401"},{"taxonomy":"product_tag","embeddable":true,"href":"https:\/\/nfcjuices.com\/it\/wp-json\/wp\/v2\/product_tag?post=401"}],"curies":[{"name":"parola chiave","href":"https:\/\/api.w.org\/{rel}","templated":true}]}}