{"id":256,"date":"2025-03-12T15:58:32","date_gmt":"2025-03-12T14:58:32","guid":{"rendered":"https:\/\/nfcjuices.com\/produkt\/wisnia\/"},"modified":"2026-04-08T14:28:48","modified_gmt":"2026-04-08T12:28:48","slug":"ciliegia","status":"publish","type":"product","link":"https:\/\/nfcjuices.com\/it\/produkt\/wisnia\/","title":{"rendered":"Succo 100% Ciliegia 200kg"},"content":{"rendered":"<p><strong>Tipo di prodotto:<\/strong> succo <\/p>\n<p> <strong>Brix: <\/strong>Almeno 9<br \/><strong>Specifiche tecniche disponibili su richiesta.<\/strong><\/p>\n<p><strong>Valori nutrizionali:<\/strong><br \/>Valore energetico: 43 kcal <\/p>\n<p>  Grassi: 0 g <\/p>\n<p>  Carboidrati: 10,8 g\t <\/p>\n<p>  -di cui zuccheri: 10,8 g <\/p>\n<p>  Proteine: &lt;0,1 g <\/p>\n<p>  Sale: &lt;0,01 g<\/p>","protected":false},"excerpt":{"rendered":"<p>Rodzaj produktu: sok Brix: Min. 9Specyfikacja techniczna dost\u0119pna na \u017cyczenie klienta. Warto\u015bci od\u017cywcze:Warto\u015b\u0107 energetyczna: 43 kcal T\u0142uszcz: 0g W\u0119glowodany: 10,8g -w tym cukry: 10,8g Bia\u0142ko: &lt;0,1g S\u00f3l: &lt;0,01g<\/p>","protected":false},"featured_media":175,"comment_status":"open","ping_status":"closed","template":"","meta":[],"product_brand":[],"product_cat":[47,26],"product_tag":[34],"class_list":{"0":"post-256","1":"product","2":"type-product","3":"status-publish","4":"has-post-thumbnail","6":"product_cat-soki-nfc","7":"product_cat-soki-tloczone-nfc","8":"product_tag-beczka","9":"pa_pojemnosc-200kg","11":"first","12":"instock","13":"taxable","14":"shipping-taxable","15":"purchasable","16":"product-type-simple"},"yoast_head":"<!-- This site is optimized with the Yoast SEO plugin v24.9 - https:\/\/yoast.com\/wordpress\/plugins\/seo\/ -->\n<title>Sok Wi\u015bnia 100% NFC 200 kg - beczka do przetw\u00f3rstwa<\/title>\n<meta name=\"description\" content=\"Sok z wi\u015bni NFC 100% w beczce 200 kg. Pasteryzowany, bez dodatk\u00f3w. Do lemoniad, wsad\u00f3w, nabia\u0142u, deser\u00f3w, piw i nalewek. Dostawa na palecie\" \/>\n<meta name=\"robots\" content=\"index, follow, max-snippet:-1, max-image-preview:large, max-video-preview:-1\" \/>\n<link rel=\"canonical\" href=\"https:\/\/nfcjuices.com\/it\/prodotto\/ciliegia\/\" \/>\n<meta property=\"og:locale\" content=\"it_IT\" \/>\n<meta property=\"og:type\" content=\"article\" \/>\n<meta property=\"og:title\" content=\"Sok Wi\u015bnia 100% NFC 200 kg - beczka do przetw\u00f3rstwa\" \/>\n<meta property=\"og:description\" content=\"Sok z wi\u015bni NFC 100% w beczce 200 kg. Pasteryzowany, bez dodatk\u00f3w. Do lemoniad, wsad\u00f3w, nabia\u0142u, deser\u00f3w, piw i nalewek. Dostawa na palecie\" \/>\n<meta property=\"og:url\" content=\"https:\/\/nfcjuices.com\/it\/prodotto\/ciliegia\/\" \/>\n<meta property=\"og:site_name\" content=\"nfc-juices\" \/>\n<meta property=\"article:modified_time\" content=\"2026-04-08T12:28:48+00:00\" \/>\n<meta property=\"og:image\" content=\"https:\/\/nfcjuices.com\/wp-content\/uploads\/2025\/03\/Czerwona-beczka-1-1024x1024.png\" \/>\n\t<meta property=\"og:image:width\" content=\"1024\" \/>\n\t<meta property=\"og:image:height\" content=\"1024\" \/>\n\t<meta property=\"og:image:type\" content=\"image\/png\" \/>\n<meta name=\"twitter:card\" content=\"summary_large_image\" \/>\n<meta name=\"twitter:label1\" content=\"Tempo di lettura stimato\" \/>\n\t<meta name=\"twitter:data1\" content=\"2 minuti\" \/>\n<script type=\"application\/ld+json\" class=\"yoast-schema-graph\">{\"@context\":\"https:\/\/schema.org\",\"@graph\":[{\"@type\":\"WebPage\",\"@id\":\"https:\/\/nfcjuices.com\/produkt\/wisnia\/\",\"url\":\"https:\/\/nfcjuices.com\/produkt\/wisnia\/\",\"name\":\"Sok Wi\u015bnia 100% NFC 200 kg - beczka do przetw\u00f3rstwa\",\"isPartOf\":{\"@id\":\"https:\/\/nfcjuices.com\/#website\"},\"primaryImageOfPage\":{\"@id\":\"https:\/\/nfcjuices.com\/produkt\/wisnia\/#primaryimage\"},\"image\":{\"@id\":\"https:\/\/nfcjuices.com\/produkt\/wisnia\/#primaryimage\"},\"thumbnailUrl\":\"https:\/\/nfcjuices.com\/wp-content\/uploads\/2025\/03\/Czerwona-beczka-1.png\",\"datePublished\":\"2025-03-12T14:58:32+00:00\",\"dateModified\":\"2026-04-08T12:28:48+00:00\",\"description\":\"Sok z wi\u015bni NFC 100% w beczce 200 kg. Pasteryzowany, bez dodatk\u00f3w. Do lemoniad, wsad\u00f3w, nabia\u0142u, deser\u00f3w, piw i nalewek. Dostawa na palecie\",\"breadcrumb\":{\"@id\":\"https:\/\/nfcjuices.com\/produkt\/wisnia\/#breadcrumb\"},\"inLanguage\":\"it-IT\",\"potentialAction\":[{\"@type\":\"ReadAction\",\"target\":[\"https:\/\/nfcjuices.com\/produkt\/wisnia\/\"]}]},{\"@type\":\"ImageObject\",\"inLanguage\":\"it-IT\",\"@id\":\"https:\/\/nfcjuices.com\/produkt\/wisnia\/#primaryimage\",\"url\":\"https:\/\/nfcjuices.com\/wp-content\/uploads\/2025\/03\/Czerwona-beczka-1.png\",\"contentUrl\":\"https:\/\/nfcjuices.com\/wp-content\/uploads\/2025\/03\/Czerwona-beczka-1.png\",\"width\":1980,\"height\":1980},{\"@type\":\"BreadcrumbList\",\"@id\":\"https:\/\/nfcjuices.com\/produkt\/wisnia\/#breadcrumb\",\"itemListElement\":[{\"@type\":\"ListItem\",\"position\":1,\"name\":\"Strona g\u0142\u00f3wna\",\"item\":\"https:\/\/nfcjuices.com\/\"},{\"@type\":\"ListItem\",\"position\":2,\"name\":\"Nasze produkty\",\"item\":\"https:\/\/nfcjuices.com\/sv\/vara-produkter\/\"},{\"@type\":\"ListItem\",\"position\":3,\"name\":\"Sok 100% Wi\u015bnia 200kg\"}]},{\"@type\":\"WebSite\",\"@id\":\"https:\/\/nfcjuices.com\/#website\",\"url\":\"https:\/\/nfcjuices.com\/\",\"name\":\"nfc-juices\",\"description\":\"Soki, przeciery, musy NFC w beczkach\",\"publisher\":{\"@id\":\"https:\/\/nfcjuices.com\/#organization\"},\"potentialAction\":[{\"@type\":\"SearchAction\",\"target\":{\"@type\":\"EntryPoint\",\"urlTemplate\":\"https:\/\/nfcjuices.com\/?s={search_term_string}\"},\"query-input\":{\"@type\":\"PropertyValueSpecification\",\"valueRequired\":true,\"valueName\":\"search_term_string\"}}],\"inLanguage\":\"it-IT\"},{\"@type\":\"Organization\",\"@id\":\"https:\/\/nfcjuices.com\/#organization\",\"name\":\"Nasza T\u0142ocznia\",\"url\":\"https:\/\/nfcjuices.com\/\",\"logo\":{\"@type\":\"ImageObject\",\"inLanguage\":\"it-IT\",\"@id\":\"https:\/\/nfcjuices.com\/#\/schema\/logo\/image\/\",\"url\":\"https:\/\/nfcjuices.com\/wp-content\/uploads\/2025\/05\/cropped-B2b-1.png\",\"contentUrl\":\"https:\/\/nfcjuices.com\/wp-content\/uploads\/2025\/05\/cropped-B2b-1.png\",\"width\":1199,\"height\":999,\"caption\":\"Nasza T\u0142ocznia\"},\"image\":{\"@id\":\"https:\/\/nfcjuices.com\/#\/schema\/logo\/image\/\"}}]}<\/script>\n<!-- \/ Yoast SEO plugin. -->","yoast_head_json":{"title":"Succo di ciliegia 100% NFC 200 kg - barile per lavorazione","description":"Succo di ciliegia NFC 100% in fusto da 200 kg. Pastorizzato, senza additivi. Per limonate, liquori, latticini, dessert, birre e liquori. Consegna su pallet.","robots":{"index":"index","follow":"follow","max-snippet":"max-snippet:-1","max-image-preview":"max-image-preview:large","max-video-preview":"max-video-preview:-1"},"canonical":"https:\/\/nfcjuices.com\/it\/prodotto\/ciliegia\/","og_locale":"it_IT","og_type":"article","og_title":"Sok Wi\u015bnia 100% NFC 200 kg - beczka do przetw\u00f3rstwa","og_description":"Sok z wi\u015bni NFC 100% w beczce 200 kg. Pasteryzowany, bez dodatk\u00f3w. Do lemoniad, wsad\u00f3w, nabia\u0142u, deser\u00f3w, piw i nalewek. Dostawa na palecie","og_url":"https:\/\/nfcjuices.com\/it\/prodotto\/ciliegia\/","og_site_name":"nfc-juices","article_modified_time":"2026-04-08T12:28:48+00:00","og_image":[{"width":1024,"height":1024,"url":"https:\/\/nfcjuices.com\/wp-content\/uploads\/2025\/03\/Czerwona-beczka-1-1024x1024.png","type":"image\/png"}],"twitter_card":"summary_large_image","twitter_misc":{"Tempo di lettura stimato":"2 minuti"},"schema":{"@context":"https:\/\/schema.org","@graph":[{"@type":"WebPage","@id":"https:\/\/nfcjuices.com\/produkt\/wisnia\/","url":"https:\/\/nfcjuices.com\/produkt\/wisnia\/","name":"Succo di ciliegia 100% NFC 200 kg - barile per lavorazione","isPartOf":{"@id":"https:\/\/nfcjuices.com\/#website"},"primaryImageOfPage":{"@id":"https:\/\/nfcjuices.com\/produkt\/wisnia\/#primaryimage"},"image":{"@id":"https:\/\/nfcjuices.com\/produkt\/wisnia\/#primaryimage"},"thumbnailUrl":"https:\/\/nfcjuices.com\/wp-content\/uploads\/2025\/03\/Czerwona-beczka-1.png","datePublished":"2025-03-12T14:58:32+00:00","dateModified":"2026-04-08T12:28:48+00:00","description":"Succo di ciliegia NFC 100% in fusto da 200 kg. Pastorizzato, senza additivi. Per limonate, liquori, latticini, dessert, birre e liquori. Consegna su pallet.","breadcrumb":{"@id":"https:\/\/nfcjuices.com\/produkt\/wisnia\/#breadcrumb"},"inLanguage":"it-IT","potentialAction":[{"@type":"ReadAction","target":["https:\/\/nfcjuices.com\/produkt\/wisnia\/"]}]},{"@type":"ImageObject","inLanguage":"it-IT","@id":"https:\/\/nfcjuices.com\/produkt\/wisnia\/#primaryimage","url":"https:\/\/nfcjuices.com\/wp-content\/uploads\/2025\/03\/Czerwona-beczka-1.png","contentUrl":"https:\/\/nfcjuices.com\/wp-content\/uploads\/2025\/03\/Czerwona-beczka-1.png","width":1980,"height":1980},{"@type":"BreadcrumbList","@id":"https:\/\/nfcjuices.com\/produkt\/wisnia\/#breadcrumb","itemListElement":[{"@type":"ListItem","position":1,"name":"Strona g\u0142\u00f3wna","item":"https:\/\/nfcjuices.com\/"},{"@type":"ListItem","position":2,"name":"Nasze produkty","item":"https:\/\/nfcjuices.com\/sv\/vara-produkter\/"},{"@type":"ListItem","position":3,"name":"Sok 100% Wi\u015bnia 200kg"}]},{"@type":"WebSite","@id":"https:\/\/nfcjuices.com\/#website","url":"https:\/\/nfcjuices.com\/","name":"succhi NFC","description":"Succhi, puree, mousse NFC in barili","publisher":{"@id":"https:\/\/nfcjuices.com\/#organization"},"potentialAction":[{"@type":"SearchAction","target":{"@type":"EntryPoint","urlTemplate":"https:\/\/nfcjuices.com\/?s={search_term_string}"},"query-input":{"@type":"PropertyValueSpecification","valueRequired":true,"valueName":"search_term_string"}}],"inLanguage":"it-IT"},{"@type":"Organization","@id":"https:\/\/nfcjuices.com\/#organization","name":"Il nostro impianto di pressatura","url":"https:\/\/nfcjuices.com\/","logo":{"@type":"ImageObject","inLanguage":"it-IT","@id":"https:\/\/nfcjuices.com\/#\/schema\/logo\/image\/","url":"https:\/\/nfcjuices.com\/wp-content\/uploads\/2025\/05\/cropped-B2b-1.png","contentUrl":"https:\/\/nfcjuices.com\/wp-content\/uploads\/2025\/05\/cropped-B2b-1.png","width":1199,"height":999,"caption":"Nasza T\u0142ocznia"},"image":{"@id":"https:\/\/nfcjuices.com\/#\/schema\/logo\/image\/"}}]}},"_links":{"self":[{"href":"https:\/\/nfcjuices.com\/it\/wp-json\/wp\/v2\/product\/256","targetHints":{"allow":["GET"]}}],"collection":[{"href":"https:\/\/nfcjuices.com\/it\/wp-json\/wp\/v2\/product"}],"about":[{"href":"https:\/\/nfcjuices.com\/it\/wp-json\/wp\/v2\/types\/product"}],"replies":[{"embeddable":true,"href":"https:\/\/nfcjuices.com\/it\/wp-json\/wp\/v2\/comments?post=256"}],"wp:featuredmedia":[{"embeddable":true,"href":"https:\/\/nfcjuices.com\/it\/wp-json\/wp\/v2\/media\/175"}],"wp:attachment":[{"href":"https:\/\/nfcjuices.com\/it\/wp-json\/wp\/v2\/media?parent=256"}],"wp:term":[{"taxonomy":"product_brand","embeddable":true,"href":"https:\/\/nfcjuices.com\/it\/wp-json\/wp\/v2\/product_brand?post=256"},{"taxonomy":"product_cat","embeddable":true,"href":"https:\/\/nfcjuices.com\/it\/wp-json\/wp\/v2\/product_cat?post=256"},{"taxonomy":"product_tag","embeddable":true,"href":"https:\/\/nfcjuices.com\/it\/wp-json\/wp\/v2\/product_tag?post=256"}],"curies":[{"name":"parola chiave","href":"https:\/\/api.w.org\/{rel}","templated":true}]}}