{"id":243,"date":"2025-03-12T15:58:30","date_gmt":"2025-03-12T14:58:30","guid":{"rendered":"https:\/\/nfcjuices.com\/produkt\/pigwowiec-japonski\/"},"modified":"2026-03-26T11:43:44","modified_gmt":"2026-03-26T10:43:44","slug":"mela-cotogna-giapponese","status":"publish","type":"product","link":"https:\/\/nfcjuices.com\/it\/produkt\/pigwowiec-japonski\/","title":{"rendered":"Succo 100% Mela cotogna giapponese 200 kg"},"content":{"rendered":"<p><strong>Tipo di prodotto:<\/strong> succo <\/p>\n<p> <strong>Brix: <\/strong>7<br \/><strong>Specifiche tecniche disponibili su richiesta.<\/strong><\/p>\n<p><strong>Valori nutrizionali:<\/strong><br \/>Valore energetico: 29 kcal <\/p>\n<p>  Grassi: 0 g <\/p>\n<p>  Carboidrati: 7 g\t <\/p>\n<p>  -compresi gli zuccheri: 1,9 g <\/p>\n<p>  Proteine: 0 g <\/p>\n<p>  Sale: 0 g <\/p>","protected":false},"excerpt":{"rendered":"<p>Rodzaj produktu: sok Brix: 7Specyfikacja techniczna dost\u0119pna na \u017cyczenie klienta. Warto\u015bci od\u017cywcze:Warto\u015b\u0107 en.: 29 kcal T\u0142uszcz: 0g W\u0119glowodany: 7g -w tym cukry: 1,9g Bia\u0142ko: 0g S\u00f3l: 0g<\/p>","protected":false},"featured_media":175,"comment_status":"open","ping_status":"closed","template":"","meta":[],"product_brand":[],"product_cat":[47,26],"product_tag":[34],"class_list":{"0":"post-243","1":"product","2":"type-product","3":"status-publish","4":"has-post-thumbnail","6":"product_cat-soki-nfc","7":"product_cat-soki-tloczone-nfc","8":"product_tag-beczka","9":"pa_pojemnosc-200kg","11":"first","12":"instock","13":"taxable","14":"shipping-taxable","15":"purchasable","16":"product-type-simple"},"yoast_head":"<!-- This site is optimized with the Yoast SEO plugin v24.9 - https:\/\/yoast.com\/wordpress\/plugins\/seo\/ -->\n<title>Sok Pigwowiec japo\u0144ski 100% NFC | Beczka 200 kg | NFC Juices<\/title>\n<meta name=\"description\" content=\"Sok pigwowiec japo\u0144ski NFC, beczka 200 kg. Pasteryzowany, bez dodatk\u00f3w. Do lemoniad, kombuchy, piw sour i cydr\u00f3w. Specyfikacja dost\u0119pna\" \/>\n<meta name=\"robots\" content=\"index, follow, max-snippet:-1, max-image-preview:large, max-video-preview:-1\" \/>\n<link rel=\"canonical\" href=\"https:\/\/nfcjuices.com\/it\/prodotto\/mela-cotogna-giapponese\/\" \/>\n<meta property=\"og:locale\" content=\"it_IT\" \/>\n<meta property=\"og:type\" content=\"article\" \/>\n<meta property=\"og:title\" content=\"Sok Pigwowiec japo\u0144ski 100% NFC | Beczka 200 kg | NFC Juices\" \/>\n<meta property=\"og:description\" content=\"Sok pigwowiec japo\u0144ski NFC, beczka 200 kg. Pasteryzowany, bez dodatk\u00f3w. Do lemoniad, kombuchy, piw sour i cydr\u00f3w. Specyfikacja dost\u0119pna\" \/>\n<meta property=\"og:url\" content=\"https:\/\/nfcjuices.com\/it\/prodotto\/mela-cotogna-giapponese\/\" \/>\n<meta property=\"og:site_name\" content=\"nfc-juices\" \/>\n<meta property=\"article:modified_time\" content=\"2026-03-26T10:43:44+00:00\" \/>\n<meta property=\"og:image\" content=\"https:\/\/nfcjuices.com\/wp-content\/uploads\/2025\/03\/Czerwona-beczka-1-1024x1024.png\" \/>\n\t<meta property=\"og:image:width\" content=\"1024\" \/>\n\t<meta property=\"og:image:height\" content=\"1024\" \/>\n\t<meta property=\"og:image:type\" content=\"image\/png\" \/>\n<meta name=\"twitter:card\" content=\"summary_large_image\" \/>\n<meta name=\"twitter:label1\" content=\"Tempo di lettura stimato\" \/>\n\t<meta name=\"twitter:data1\" content=\"2 minuti\" \/>\n<script type=\"application\/ld+json\" class=\"yoast-schema-graph\">{\"@context\":\"https:\/\/schema.org\",\"@graph\":[{\"@type\":\"WebPage\",\"@id\":\"https:\/\/nfcjuices.com\/produkt\/pigwowiec-japonski\/\",\"url\":\"https:\/\/nfcjuices.com\/produkt\/pigwowiec-japonski\/\",\"name\":\"Sok Pigwowiec japo\u0144ski 100% NFC | Beczka 200 kg | NFC Juices\",\"isPartOf\":{\"@id\":\"https:\/\/nfcjuices.com\/#website\"},\"primaryImageOfPage\":{\"@id\":\"https:\/\/nfcjuices.com\/produkt\/pigwowiec-japonski\/#primaryimage\"},\"image\":{\"@id\":\"https:\/\/nfcjuices.com\/produkt\/pigwowiec-japonski\/#primaryimage\"},\"thumbnailUrl\":\"https:\/\/nfcjuices.com\/wp-content\/uploads\/2025\/03\/Czerwona-beczka-1.png\",\"datePublished\":\"2025-03-12T14:58:30+00:00\",\"dateModified\":\"2026-03-26T10:43:44+00:00\",\"description\":\"Sok pigwowiec japo\u0144ski NFC, beczka 200 kg. Pasteryzowany, bez dodatk\u00f3w. Do lemoniad, kombuchy, piw sour i cydr\u00f3w. Specyfikacja dost\u0119pna\",\"breadcrumb\":{\"@id\":\"https:\/\/nfcjuices.com\/produkt\/pigwowiec-japonski\/#breadcrumb\"},\"inLanguage\":\"it-IT\",\"potentialAction\":[{\"@type\":\"ReadAction\",\"target\":[\"https:\/\/nfcjuices.com\/produkt\/pigwowiec-japonski\/\"]}]},{\"@type\":\"ImageObject\",\"inLanguage\":\"it-IT\",\"@id\":\"https:\/\/nfcjuices.com\/produkt\/pigwowiec-japonski\/#primaryimage\",\"url\":\"https:\/\/nfcjuices.com\/wp-content\/uploads\/2025\/03\/Czerwona-beczka-1.png\",\"contentUrl\":\"https:\/\/nfcjuices.com\/wp-content\/uploads\/2025\/03\/Czerwona-beczka-1.png\",\"width\":1980,\"height\":1980},{\"@type\":\"BreadcrumbList\",\"@id\":\"https:\/\/nfcjuices.com\/produkt\/pigwowiec-japonski\/#breadcrumb\",\"itemListElement\":[{\"@type\":\"ListItem\",\"position\":1,\"name\":\"Strona g\u0142\u00f3wna\",\"item\":\"https:\/\/nfcjuices.com\/\"},{\"@type\":\"ListItem\",\"position\":2,\"name\":\"Nasze produkty\",\"item\":\"https:\/\/nfcjuices.com\/sv\/vara-produkter\/\"},{\"@type\":\"ListItem\",\"position\":3,\"name\":\"Sok 100% Pigwowiec japo\u0144ski 200kg\"}]},{\"@type\":\"WebSite\",\"@id\":\"https:\/\/nfcjuices.com\/#website\",\"url\":\"https:\/\/nfcjuices.com\/\",\"name\":\"nfc-juices\",\"description\":\"Soki, przeciery, musy NFC w beczkach\",\"publisher\":{\"@id\":\"https:\/\/nfcjuices.com\/#organization\"},\"potentialAction\":[{\"@type\":\"SearchAction\",\"target\":{\"@type\":\"EntryPoint\",\"urlTemplate\":\"https:\/\/nfcjuices.com\/?s={search_term_string}\"},\"query-input\":{\"@type\":\"PropertyValueSpecification\",\"valueRequired\":true,\"valueName\":\"search_term_string\"}}],\"inLanguage\":\"it-IT\"},{\"@type\":\"Organization\",\"@id\":\"https:\/\/nfcjuices.com\/#organization\",\"name\":\"Nasza T\u0142ocznia\",\"url\":\"https:\/\/nfcjuices.com\/\",\"logo\":{\"@type\":\"ImageObject\",\"inLanguage\":\"it-IT\",\"@id\":\"https:\/\/nfcjuices.com\/#\/schema\/logo\/image\/\",\"url\":\"https:\/\/nfcjuices.com\/wp-content\/uploads\/2025\/05\/cropped-B2b-1.png\",\"contentUrl\":\"https:\/\/nfcjuices.com\/wp-content\/uploads\/2025\/05\/cropped-B2b-1.png\",\"width\":1199,\"height\":999,\"caption\":\"Nasza T\u0142ocznia\"},\"image\":{\"@id\":\"https:\/\/nfcjuices.com\/#\/schema\/logo\/image\/\"}}]}<\/script>\n<!-- \/ Yoast SEO plugin. -->","yoast_head_json":{"title":"Succo di mela cotogna giapponese 100% NFC | Barile da 200 kg | Succhi NFC","description":"Succo di mela cotogna giapponese NFC, barile da 200 kg. Pastorizzato, senza additivi. Per limonate, kombucha, birre acide e sidri. Specifiche disponibili.","robots":{"index":"index","follow":"follow","max-snippet":"max-snippet:-1","max-image-preview":"max-image-preview:large","max-video-preview":"max-video-preview:-1"},"canonical":"https:\/\/nfcjuices.com\/it\/prodotto\/mela-cotogna-giapponese\/","og_locale":"it_IT","og_type":"article","og_title":"Sok Pigwowiec japo\u0144ski 100% NFC | Beczka 200 kg | NFC Juices","og_description":"Sok pigwowiec japo\u0144ski NFC, beczka 200 kg. Pasteryzowany, bez dodatk\u00f3w. Do lemoniad, kombuchy, piw sour i cydr\u00f3w. Specyfikacja dost\u0119pna","og_url":"https:\/\/nfcjuices.com\/it\/prodotto\/mela-cotogna-giapponese\/","og_site_name":"nfc-juices","article_modified_time":"2026-03-26T10:43:44+00:00","og_image":[{"width":1024,"height":1024,"url":"https:\/\/nfcjuices.com\/wp-content\/uploads\/2025\/03\/Czerwona-beczka-1-1024x1024.png","type":"image\/png"}],"twitter_card":"summary_large_image","twitter_misc":{"Tempo di lettura stimato":"2 minuti"},"schema":{"@context":"https:\/\/schema.org","@graph":[{"@type":"WebPage","@id":"https:\/\/nfcjuices.com\/produkt\/pigwowiec-japonski\/","url":"https:\/\/nfcjuices.com\/produkt\/pigwowiec-japonski\/","name":"Succo di mela cotogna giapponese 100% NFC | Barile da 200 kg | Succhi NFC","isPartOf":{"@id":"https:\/\/nfcjuices.com\/#website"},"primaryImageOfPage":{"@id":"https:\/\/nfcjuices.com\/produkt\/pigwowiec-japonski\/#primaryimage"},"image":{"@id":"https:\/\/nfcjuices.com\/produkt\/pigwowiec-japonski\/#primaryimage"},"thumbnailUrl":"https:\/\/nfcjuices.com\/wp-content\/uploads\/2025\/03\/Czerwona-beczka-1.png","datePublished":"2025-03-12T14:58:30+00:00","dateModified":"2026-03-26T10:43:44+00:00","description":"Succo di mela cotogna giapponese NFC, barile da 200 kg. Pastorizzato, senza additivi. Per limonate, kombucha, birre acide e sidri. Specifiche disponibili.","breadcrumb":{"@id":"https:\/\/nfcjuices.com\/produkt\/pigwowiec-japonski\/#breadcrumb"},"inLanguage":"it-IT","potentialAction":[{"@type":"ReadAction","target":["https:\/\/nfcjuices.com\/produkt\/pigwowiec-japonski\/"]}]},{"@type":"ImageObject","inLanguage":"it-IT","@id":"https:\/\/nfcjuices.com\/produkt\/pigwowiec-japonski\/#primaryimage","url":"https:\/\/nfcjuices.com\/wp-content\/uploads\/2025\/03\/Czerwona-beczka-1.png","contentUrl":"https:\/\/nfcjuices.com\/wp-content\/uploads\/2025\/03\/Czerwona-beczka-1.png","width":1980,"height":1980},{"@type":"BreadcrumbList","@id":"https:\/\/nfcjuices.com\/produkt\/pigwowiec-japonski\/#breadcrumb","itemListElement":[{"@type":"ListItem","position":1,"name":"Strona g\u0142\u00f3wna","item":"https:\/\/nfcjuices.com\/"},{"@type":"ListItem","position":2,"name":"Nasze produkty","item":"https:\/\/nfcjuices.com\/sv\/vara-produkter\/"},{"@type":"ListItem","position":3,"name":"Sok 100% Pigwowiec japo\u0144ski 200kg"}]},{"@type":"WebSite","@id":"https:\/\/nfcjuices.com\/#website","url":"https:\/\/nfcjuices.com\/","name":"succhi NFC","description":"Succhi, puree, mousse NFC in barili","publisher":{"@id":"https:\/\/nfcjuices.com\/#organization"},"potentialAction":[{"@type":"SearchAction","target":{"@type":"EntryPoint","urlTemplate":"https:\/\/nfcjuices.com\/?s={search_term_string}"},"query-input":{"@type":"PropertyValueSpecification","valueRequired":true,"valueName":"search_term_string"}}],"inLanguage":"it-IT"},{"@type":"Organization","@id":"https:\/\/nfcjuices.com\/#organization","name":"Il nostro impianto di pressatura","url":"https:\/\/nfcjuices.com\/","logo":{"@type":"ImageObject","inLanguage":"it-IT","@id":"https:\/\/nfcjuices.com\/#\/schema\/logo\/image\/","url":"https:\/\/nfcjuices.com\/wp-content\/uploads\/2025\/05\/cropped-B2b-1.png","contentUrl":"https:\/\/nfcjuices.com\/wp-content\/uploads\/2025\/05\/cropped-B2b-1.png","width":1199,"height":999,"caption":"Nasza T\u0142ocznia"},"image":{"@id":"https:\/\/nfcjuices.com\/#\/schema\/logo\/image\/"}}]}},"_links":{"self":[{"href":"https:\/\/nfcjuices.com\/it\/wp-json\/wp\/v2\/product\/243","targetHints":{"allow":["GET"]}}],"collection":[{"href":"https:\/\/nfcjuices.com\/it\/wp-json\/wp\/v2\/product"}],"about":[{"href":"https:\/\/nfcjuices.com\/it\/wp-json\/wp\/v2\/types\/product"}],"replies":[{"embeddable":true,"href":"https:\/\/nfcjuices.com\/it\/wp-json\/wp\/v2\/comments?post=243"}],"wp:featuredmedia":[{"embeddable":true,"href":"https:\/\/nfcjuices.com\/it\/wp-json\/wp\/v2\/media\/175"}],"wp:attachment":[{"href":"https:\/\/nfcjuices.com\/it\/wp-json\/wp\/v2\/media?parent=243"}],"wp:term":[{"taxonomy":"product_brand","embeddable":true,"href":"https:\/\/nfcjuices.com\/it\/wp-json\/wp\/v2\/product_brand?post=243"},{"taxonomy":"product_cat","embeddable":true,"href":"https:\/\/nfcjuices.com\/it\/wp-json\/wp\/v2\/product_cat?post=243"},{"taxonomy":"product_tag","embeddable":true,"href":"https:\/\/nfcjuices.com\/it\/wp-json\/wp\/v2\/product_tag?post=243"}],"curies":[{"name":"parola chiave","href":"https:\/\/api.w.org\/{rel}","templated":true}]}}