{"id":1268,"date":"2025-09-29T09:35:25","date_gmt":"2025-09-29T07:35:25","guid":{"rendered":"https:\/\/nfcjuices.com\/produkt\/sok-100-biala-porzeczka-200kg\/"},"modified":"2026-03-26T11:45:19","modified_gmt":"2026-03-26T10:45:19","slug":"succo-100-ribes-bianco-200kg","status":"publish","type":"product","link":"https:\/\/nfcjuices.com\/it\/produkt\/sok-100-biala-porzeczka-200kg\/","title":{"rendered":"Succo 100% Ribes bianco 200kg"},"content":{"rendered":"<h2><b>100% Succo di ribes bianco \u2013 barile da 200 kg (NFC)<\/b><\/h2>\n<p><span style=\"font-weight: 400;\">Succo di ribes bianco NFC 100%. Pastorizzato, confezionato in un fusto metallico da 200 kg con sacco asettico metallizzato e valvola monouso. La presenza di sedimenti naturali \u00e8 tipica e non costituisce un difetto del prodotto. Disponibilit\u00e0 tutto l&#039;anno, profilo aromatico costante; materie prime di prima qualit\u00e0, selezionate a mano.<\/span><\/p>\n<h3><span style=\"font-weight: 400;\">Parametri<\/span><\/h3>\n<ul>\n<li style=\"font-weight: 400;\" aria-level=\"1\"><span style=\"font-weight: 400;\">Brix: minimo 11,2\u00b0<\/span><\/li>\n<li style=\"font-weight: 400;\" aria-level=\"1\"><span style=\"font-weight: 400;\">Valori nutrizionali per 100 g:<\/span>\n<ul>\n<li style=\"font-weight: 400;\" aria-level=\"2\"><span style=\"font-weight: 400;\">energia: 45 kcal<\/span><\/li>\n<li style=\"font-weight: 400;\" aria-level=\"2\"><span style=\"font-weight: 400;\">grassi: &lt;0,1 g<\/span><\/li>\n<li style=\"font-weight: 400;\" aria-level=\"2\"><span style=\"font-weight: 400;\">carboidrati: 10,8 g<\/span> <span style=\"font-weight: 400;\"> (di cui zuccheri 7 g)<\/span><\/li>\n<li style=\"font-weight: 400;\" aria-level=\"2\"><span style=\"font-weight: 400;\">proteine: &lt;0,2 g<\/span><\/li>\n<li style=\"font-weight: 400;\" aria-level=\"2\"><span style=\"font-weight: 400;\">sale: 0 g<\/span><\/li>\n<\/ul>\n<\/li>\n<li style=\"font-weight: 400;\" aria-level=\"1\"><span style=\"font-weight: 400;\">MPT: 12 mesi dalla data di produzione (nelle condizioni raccomandate)<\/span><\/li>\n<li style=\"font-weight: 400;\" aria-level=\"1\"><span style=\"font-weight: 400;\">Da consumarsi preferibilmente entro: 6 mesi<\/span><\/li>\n<li style=\"font-weight: 400;\" aria-level=\"1\"><span style=\"font-weight: 400;\">Condizioni di conservazione: magazzino chiuso, asciutto, pulito e ventilato, privo di odori estranei; 0\u20136 \u00b0C. Dopo l&#039;apertura, utilizzare l&#039;intero contenuto<\/span><\/li>\n<\/ul>\n<h2><span style=\"font-weight: 400;\">L&#039;uso del succo di ribes bianco nella lavorazione<\/span><\/h2>\n<ul>\n<li style=\"font-weight: 400;\" aria-level=\"1\"><span style=\"font-weight: 400;\">bevande e limonate premium<\/span><\/li>\n<li style=\"font-weight: 400;\" aria-level=\"1\"><span style=\"font-weight: 400;\">frullati e cocktail funzionali<\/span><\/li>\n<li style=\"font-weight: 400;\" aria-level=\"1\"><span style=\"font-weight: 400;\">gelati, sorbetti, prodotti dolciari<\/span><\/li>\n<li style=\"font-weight: 400;\" aria-level=\"1\"><span style=\"font-weight: 400;\">salse e glasse per piatti salati<\/span><\/li>\n<li style=\"font-weight: 400;\" aria-level=\"1\"><span style=\"font-weight: 400;\">Birre artigianali, birre alla frutta e acide; profilo delicato e acido<\/span><\/li>\n<\/ul>","protected":false},"excerpt":{"rendered":"<p>Sok 100% Bia\u0142a Porzeczka \u2013 beczka 200 kg (NFC) Sok z bia\u0142ej porzeczki NFC 100%. Produkt pasteryzowany, pakowany w beczk\u0119 metalow\u0105 200 kg z workiem aseptycznym metalizowanym i zaworem do jednorazowego u\u017cycia. Naturalny osad jest zjawiskiem typowym i nie stanowi wady produktu. Dost\u0119pno\u015b\u0107 ca\u0142oroczna, powtarzalny profil smakowy; surowiec pierwszej klasy, r\u0119czna selekcja. Parametry Brix: min. [&hellip;]<\/p>\n","protected":false},"featured_media":1281,"comment_status":"open","ping_status":"closed","template":"","meta":[],"product_brand":[49],"product_cat":[47,26],"product_tag":[],"class_list":{"0":"post-1268","1":"product","2":"type-product","3":"status-publish","4":"has-post-thumbnail","6":"product_brand-nasza-tlocznia","7":"product_cat-soki-nfc","8":"product_cat-soki-tloczone-nfc","9":"pa_pojemnosc-200kg","11":"first","12":"instock","13":"taxable","14":"shipping-taxable","15":"purchasable","16":"product-type-simple"},"yoast_head":"<!-- This site is optimized with the Yoast SEO plugin v24.9 - https:\/\/yoast.com\/wordpress\/plugins\/seo\/ -->\n<title>Sok z bia\u0142ej porzeczki NFC - Beczka 200 kg | Do przetw\u00f3rstwa B2B<\/title>\n<meta name=\"description\" content=\"Sok 100% z bia\u0142ej porzeczki NFC w beczce 200 kg. Pasteryzowany, bez cukru. Do napoj\u00f3w, deser\u00f3w i piw rzemie\u015blniczych. Dostawa paletowa\" \/>\n<meta name=\"robots\" content=\"index, follow, max-snippet:-1, max-image-preview:large, max-video-preview:-1\" \/>\n<link rel=\"canonical\" href=\"https:\/\/nfcjuices.com\/it\/prodotto\/succo-100-ribes-bianco-200kg\/\" \/>\n<meta property=\"og:locale\" content=\"it_IT\" \/>\n<meta property=\"og:type\" content=\"article\" \/>\n<meta property=\"og:title\" content=\"Sok z bia\u0142ej porzeczki NFC - Beczka 200 kg | Do przetw\u00f3rstwa B2B\" \/>\n<meta property=\"og:description\" content=\"Sok 100% z bia\u0142ej porzeczki NFC w beczce 200 kg. Pasteryzowany, bez cukru. Do napoj\u00f3w, deser\u00f3w i piw rzemie\u015blniczych. Dostawa paletowa\" \/>\n<meta property=\"og:url\" content=\"https:\/\/nfcjuices.com\/it\/prodotto\/succo-100-ribes-bianco-200kg\/\" \/>\n<meta property=\"og:site_name\" content=\"nfc-juices\" \/>\n<meta property=\"article:modified_time\" content=\"2026-03-26T10:45:19+00:00\" \/>\n<meta property=\"og:image\" content=\"https:\/\/nfcjuices.com\/wp-content\/uploads\/2025\/10\/Czerwona-beczka-1-1024x1024.png\" \/>\n\t<meta property=\"og:image:width\" content=\"1024\" \/>\n\t<meta property=\"og:image:height\" content=\"1024\" \/>\n\t<meta property=\"og:image:type\" content=\"image\/png\" \/>\n<meta name=\"twitter:card\" content=\"summary_large_image\" \/>\n<meta name=\"twitter:label1\" content=\"Tempo di lettura stimato\" \/>\n\t<meta name=\"twitter:data1\" content=\"2 minuti\" \/>\n<script type=\"application\/ld+json\" class=\"yoast-schema-graph\">{\"@context\":\"https:\/\/schema.org\",\"@graph\":[{\"@type\":\"WebPage\",\"@id\":\"https:\/\/nfcjuices.com\/produkt\/sok-100-biala-porzeczka-200kg\/\",\"url\":\"https:\/\/nfcjuices.com\/produkt\/sok-100-biala-porzeczka-200kg\/\",\"name\":\"Sok z bia\u0142ej porzeczki NFC - Beczka 200 kg | Do przetw\u00f3rstwa B2B\",\"isPartOf\":{\"@id\":\"https:\/\/nfcjuices.com\/#website\"},\"primaryImageOfPage\":{\"@id\":\"https:\/\/nfcjuices.com\/produkt\/sok-100-biala-porzeczka-200kg\/#primaryimage\"},\"image\":{\"@id\":\"https:\/\/nfcjuices.com\/produkt\/sok-100-biala-porzeczka-200kg\/#primaryimage\"},\"thumbnailUrl\":\"https:\/\/nfcjuices.com\/wp-content\/uploads\/2025\/10\/Czerwona-beczka-1.png\",\"datePublished\":\"2025-09-29T07:35:25+00:00\",\"dateModified\":\"2026-03-26T10:45:19+00:00\",\"description\":\"Sok 100% z bia\u0142ej porzeczki NFC w beczce 200 kg. Pasteryzowany, bez cukru. Do napoj\u00f3w, deser\u00f3w i piw rzemie\u015blniczych. Dostawa paletowa\",\"breadcrumb\":{\"@id\":\"https:\/\/nfcjuices.com\/produkt\/sok-100-biala-porzeczka-200kg\/#breadcrumb\"},\"inLanguage\":\"it-IT\",\"potentialAction\":[{\"@type\":\"ReadAction\",\"target\":[\"https:\/\/nfcjuices.com\/produkt\/sok-100-biala-porzeczka-200kg\/\"]}]},{\"@type\":\"ImageObject\",\"inLanguage\":\"it-IT\",\"@id\":\"https:\/\/nfcjuices.com\/produkt\/sok-100-biala-porzeczka-200kg\/#primaryimage\",\"url\":\"https:\/\/nfcjuices.com\/wp-content\/uploads\/2025\/10\/Czerwona-beczka-1.png\",\"contentUrl\":\"https:\/\/nfcjuices.com\/wp-content\/uploads\/2025\/10\/Czerwona-beczka-1.png\",\"width\":1980,\"height\":1980},{\"@type\":\"BreadcrumbList\",\"@id\":\"https:\/\/nfcjuices.com\/produkt\/sok-100-biala-porzeczka-200kg\/#breadcrumb\",\"itemListElement\":[{\"@type\":\"ListItem\",\"position\":1,\"name\":\"Strona g\u0142\u00f3wna\",\"item\":\"https:\/\/nfcjuices.com\/\"},{\"@type\":\"ListItem\",\"position\":2,\"name\":\"Nasze produkty\",\"item\":\"https:\/\/nfcjuices.com\/sv\/vara-produkter\/\"},{\"@type\":\"ListItem\",\"position\":3,\"name\":\"Sok 100% Bia\u0142a Porzeczka 200kg\"}]},{\"@type\":\"WebSite\",\"@id\":\"https:\/\/nfcjuices.com\/#website\",\"url\":\"https:\/\/nfcjuices.com\/\",\"name\":\"nfc-juices\",\"description\":\"Soki, przeciery, musy NFC w beczkach\",\"publisher\":{\"@id\":\"https:\/\/nfcjuices.com\/#organization\"},\"potentialAction\":[{\"@type\":\"SearchAction\",\"target\":{\"@type\":\"EntryPoint\",\"urlTemplate\":\"https:\/\/nfcjuices.com\/?s={search_term_string}\"},\"query-input\":{\"@type\":\"PropertyValueSpecification\",\"valueRequired\":true,\"valueName\":\"search_term_string\"}}],\"inLanguage\":\"it-IT\"},{\"@type\":\"Organization\",\"@id\":\"https:\/\/nfcjuices.com\/#organization\",\"name\":\"Nasza T\u0142ocznia\",\"url\":\"https:\/\/nfcjuices.com\/\",\"logo\":{\"@type\":\"ImageObject\",\"inLanguage\":\"it-IT\",\"@id\":\"https:\/\/nfcjuices.com\/#\/schema\/logo\/image\/\",\"url\":\"https:\/\/nfcjuices.com\/wp-content\/uploads\/2025\/05\/cropped-B2b-1.png\",\"contentUrl\":\"https:\/\/nfcjuices.com\/wp-content\/uploads\/2025\/05\/cropped-B2b-1.png\",\"width\":1199,\"height\":999,\"caption\":\"Nasza T\u0142ocznia\"},\"image\":{\"@id\":\"https:\/\/nfcjuices.com\/#\/schema\/logo\/image\/\"}}]}<\/script>\n<!-- \/ Yoast SEO plugin. -->","yoast_head_json":{"title":"Succo di ribes bianco NFC - Barile da 200 kg | Per elaborazione B2B","description":"Succo di ribes bianco 100% NFC in fusto da 200 kg. Pastorizzato, senza zucchero. Adatto per bevande, dessert e birre artigianali. Consegna su pallet.","robots":{"index":"index","follow":"follow","max-snippet":"max-snippet:-1","max-image-preview":"max-image-preview:large","max-video-preview":"max-video-preview:-1"},"canonical":"https:\/\/nfcjuices.com\/it\/prodotto\/succo-100-ribes-bianco-200kg\/","og_locale":"it_IT","og_type":"article","og_title":"Sok z bia\u0142ej porzeczki NFC - Beczka 200 kg | Do przetw\u00f3rstwa B2B","og_description":"Sok 100% z bia\u0142ej porzeczki NFC w beczce 200 kg. Pasteryzowany, bez cukru. Do napoj\u00f3w, deser\u00f3w i piw rzemie\u015blniczych. Dostawa paletowa","og_url":"https:\/\/nfcjuices.com\/it\/prodotto\/succo-100-ribes-bianco-200kg\/","og_site_name":"nfc-juices","article_modified_time":"2026-03-26T10:45:19+00:00","og_image":[{"width":1024,"height":1024,"url":"https:\/\/nfcjuices.com\/wp-content\/uploads\/2025\/10\/Czerwona-beczka-1-1024x1024.png","type":"image\/png"}],"twitter_card":"summary_large_image","twitter_misc":{"Tempo di lettura stimato":"2 minuti"},"schema":{"@context":"https:\/\/schema.org","@graph":[{"@type":"WebPage","@id":"https:\/\/nfcjuices.com\/produkt\/sok-100-biala-porzeczka-200kg\/","url":"https:\/\/nfcjuices.com\/produkt\/sok-100-biala-porzeczka-200kg\/","name":"Succo di ribes bianco NFC - Barile da 200 kg | Per elaborazione B2B","isPartOf":{"@id":"https:\/\/nfcjuices.com\/#website"},"primaryImageOfPage":{"@id":"https:\/\/nfcjuices.com\/produkt\/sok-100-biala-porzeczka-200kg\/#primaryimage"},"image":{"@id":"https:\/\/nfcjuices.com\/produkt\/sok-100-biala-porzeczka-200kg\/#primaryimage"},"thumbnailUrl":"https:\/\/nfcjuices.com\/wp-content\/uploads\/2025\/10\/Czerwona-beczka-1.png","datePublished":"2025-09-29T07:35:25+00:00","dateModified":"2026-03-26T10:45:19+00:00","description":"Succo di ribes bianco 100% NFC in fusto da 200 kg. Pastorizzato, senza zucchero. Adatto per bevande, dessert e birre artigianali. Consegna su pallet.","breadcrumb":{"@id":"https:\/\/nfcjuices.com\/produkt\/sok-100-biala-porzeczka-200kg\/#breadcrumb"},"inLanguage":"it-IT","potentialAction":[{"@type":"ReadAction","target":["https:\/\/nfcjuices.com\/produkt\/sok-100-biala-porzeczka-200kg\/"]}]},{"@type":"ImageObject","inLanguage":"it-IT","@id":"https:\/\/nfcjuices.com\/produkt\/sok-100-biala-porzeczka-200kg\/#primaryimage","url":"https:\/\/nfcjuices.com\/wp-content\/uploads\/2025\/10\/Czerwona-beczka-1.png","contentUrl":"https:\/\/nfcjuices.com\/wp-content\/uploads\/2025\/10\/Czerwona-beczka-1.png","width":1980,"height":1980},{"@type":"BreadcrumbList","@id":"https:\/\/nfcjuices.com\/produkt\/sok-100-biala-porzeczka-200kg\/#breadcrumb","itemListElement":[{"@type":"ListItem","position":1,"name":"Strona g\u0142\u00f3wna","item":"https:\/\/nfcjuices.com\/"},{"@type":"ListItem","position":2,"name":"Nasze produkty","item":"https:\/\/nfcjuices.com\/sv\/vara-produkter\/"},{"@type":"ListItem","position":3,"name":"Sok 100% Bia\u0142a Porzeczka 200kg"}]},{"@type":"WebSite","@id":"https:\/\/nfcjuices.com\/#website","url":"https:\/\/nfcjuices.com\/","name":"succhi NFC","description":"Succhi, puree, mousse NFC in barili","publisher":{"@id":"https:\/\/nfcjuices.com\/#organization"},"potentialAction":[{"@type":"SearchAction","target":{"@type":"EntryPoint","urlTemplate":"https:\/\/nfcjuices.com\/?s={search_term_string}"},"query-input":{"@type":"PropertyValueSpecification","valueRequired":true,"valueName":"search_term_string"}}],"inLanguage":"it-IT"},{"@type":"Organization","@id":"https:\/\/nfcjuices.com\/#organization","name":"Il nostro impianto di pressatura","url":"https:\/\/nfcjuices.com\/","logo":{"@type":"ImageObject","inLanguage":"it-IT","@id":"https:\/\/nfcjuices.com\/#\/schema\/logo\/image\/","url":"https:\/\/nfcjuices.com\/wp-content\/uploads\/2025\/05\/cropped-B2b-1.png","contentUrl":"https:\/\/nfcjuices.com\/wp-content\/uploads\/2025\/05\/cropped-B2b-1.png","width":1199,"height":999,"caption":"Nasza T\u0142ocznia"},"image":{"@id":"https:\/\/nfcjuices.com\/#\/schema\/logo\/image\/"}}]}},"_links":{"self":[{"href":"https:\/\/nfcjuices.com\/it\/wp-json\/wp\/v2\/product\/1268","targetHints":{"allow":["GET"]}}],"collection":[{"href":"https:\/\/nfcjuices.com\/it\/wp-json\/wp\/v2\/product"}],"about":[{"href":"https:\/\/nfcjuices.com\/it\/wp-json\/wp\/v2\/types\/product"}],"replies":[{"embeddable":true,"href":"https:\/\/nfcjuices.com\/it\/wp-json\/wp\/v2\/comments?post=1268"}],"wp:featuredmedia":[{"embeddable":true,"href":"https:\/\/nfcjuices.com\/it\/wp-json\/wp\/v2\/media\/1281"}],"wp:attachment":[{"href":"https:\/\/nfcjuices.com\/it\/wp-json\/wp\/v2\/media?parent=1268"}],"wp:term":[{"taxonomy":"product_brand","embeddable":true,"href":"https:\/\/nfcjuices.com\/it\/wp-json\/wp\/v2\/product_brand?post=1268"},{"taxonomy":"product_cat","embeddable":true,"href":"https:\/\/nfcjuices.com\/it\/wp-json\/wp\/v2\/product_cat?post=1268"},{"taxonomy":"product_tag","embeddable":true,"href":"https:\/\/nfcjuices.com\/it\/wp-json\/wp\/v2\/product_tag?post=1268"}],"curies":[{"name":"parola chiave","href":"https:\/\/api.w.org\/{rel}","templated":true}]}}