{"id":33,"date":"2025-04-15T11:38:29","date_gmt":"2025-04-15T09:38:29","guid":{"rendered":"https:\/\/nfcjuices.com\/?page_id=33"},"modified":"2025-04-15T11:38:30","modified_gmt":"2025-04-15T09:38:30","slug":"resi","status":"publish","type":"page","link":"https:\/\/nfcjuices.com\/it\/zwroty\/","title":{"rendered":"Resi, reclami"},"content":{"rendered":"<p>Signore e signori,<\/p>\n\n\n\n<p>Se un Prodotto acquistato nel Negozio Online Nasza T\u0142ocznia non soddisfa le tue aspettative o sussistono motivi per un reclamo, \u00e8 possibile restituire il Prodotto o presentare un reclamo entro un periodo di tempo specificato. Le regole per effettuare resi, che costituiscono allo stesso tempo recesso dal Contratto concluso e reclami, sono regolamentate e specificate nel Regolamento del Negozio Online - paragrafi 10 e 11.<\/p>\n\n\n\n<p><strong>\u00a710&nbsp;<\/strong>Diritto di recesso dal Contratto<\/p>\n\n\n\n<ol class=\"wp-block-list\">\n<li>Il Cliente (Consumatore e Imprenditore con diritti di consumatore) pu\u00f2 recedere dal Contratto entro 14 giorni senza indicarne le ragioni.<\/li>\n\n\n\n<li>Il termine di cui al punto 1 decorre dalla data di consegna del Prodotto al Cliente.<\/li>\n\n\n\n<li>Nel caso di un Contratto che riguarda pi\u00f9 Prodotti consegnati separatamente, in lotti o in parti, il termine indicato al punto 1 decorre dalla consegna dell&#039;ultimo articolo, lotto o parte.<\/li>\n\n\n\n<li>Il Cliente pu\u00f2 recedere dal Contratto inviando al Venditore una dichiarazione di recesso dal Contratto compilata e firmata (Scarica il Modulo di Reso Merce qui sotto). Per rispettare il termine di recesso dal Contratto \u00e8 sufficiente che il Consumatore invii una dichiarazione prima della scadenza di tale termine.<\/li>\n\n\n\n<li>La dichiarazione pu\u00f2 essere inviata tramite posta tradizionale o elettronicamente. Dovrebbe contenere i dati del Cliente, il numero dell&#039;ordine, il numero del documento di vendita, l&#039;indicazione del Prodotto restituito e, facoltativamente, il motivo del reso.<\/li>\n\n\n\n<li>Il prodotto restituito deve pervenire al Venditore&nbsp;<strong>in condizioni incontaminate<\/strong>, senza segni di utilizzo&nbsp;<strong>insieme alla conferma dell&#039;acquisto<\/strong>&nbsp;\u2013 una ricevuta o fattura IVA, compilata e firmata&nbsp;<strong>modulo di reso<\/strong>. I resi privi del documento di vendita o del modulo di reso non verranno elaborati.<\/li>\n\n\n\n<li>Le spese di spedizione del Prodotto restituito al Venditore sono a carico del Cliente.<\/li>\n\n\n\n<li>Non saranno accettati pacchi in contrassegno.<\/li>\n\n\n\n<li>Il Venditore rimborser\u00e0 il pagamento utilizzando gli stessi metodi di pagamento utilizzati dal Cliente nella transazione originale, salvo che il Cliente non abbia espressamente concordato una soluzione diversa che non comporti alcun costo per lui.<\/li>\n\n\n\n<li>Il Venditore rimborser\u00e0 il pagamento entro 14 giorni dal momento in cui verr\u00e0 confermato il reso, ovvero il prodotto non recher\u00e0 alcuna traccia di utilizzo e il reso conterr\u00e0 tutta la documentazione richiesta specificata al punto 6 del presente paragrafo.<\/li>\n<\/ol>\n\n\n\n<p><strong>\u00a711&nbsp;<\/strong>Rimostranza<\/p>\n\n\n\n<ol class=\"wp-block-list\">\n<li>Il Venditore \u00e8 responsabile della corretta qualit\u00e0 dei Prodotti venduti.<\/li>\n\n\n\n<li>Eventuali reclami potranno essere presentati entro un massimo di 14 giorni dal momento in cui il Cliente constata eventuali irregolarit\u00e0 relative all&#039;Ordine o al Prodotto.<\/li>\n\n\n\n<li>Il Cliente (Consumatore e Imprenditore con Diritti del Consumatore) pu\u00f2 presentare un reclamo inviando una dichiarazione di reclamo (Modulo di reclamo sul prodotto scaricabile di seguito).<\/li>\n\n\n\n<li>Il reclamo pu\u00f2 essere presentato tramite posta tradizionale o elettronicamente.<\/li>\n\n\n\n<li>Il prodotto oggetto del reclamo dovr\u00e0 essere consegnato unitamente alla conferma d&#039;acquisto e al modulo di reclamo compilato e firmato. <\/li>\n\n\n\n<li>Le spese di restituzione del Prodotto contestato sono a carico del Venditore mediante l&#039;invio di un&#039;etichetta di spedizione al Cliente.<\/li>\n\n\n\n<li>Non saranno accettati pacchi in contrassegno.<\/li>\n\n\n\n<li>I reclami saranno presi in considerazione dal Venditore entro 14 giorni dal ricevimento del prodotto.<\/li>\n<\/ol>\n\n\n\n<div data-wp-interactive=\"core\/file\" class=\"wp-block-file\"><object data-wp-bind--hidden=\"!state.hasPdfPreview\" hidden class=\"wp-block-file__embed\" data=\"https:\/\/naszatlocznia.pl\/wp-content\/uploads\/2023\/01\/Nasza-Tlocznia-Formularz-zwrotu-towaru-1.pdf\" type=\"application\/pdf\" style=\"width:100%;height:600px\" aria-label=\"Incorporamento di Nasza-Tlocznia-Formularz-zwrotu-towaru-1.\"><\/object><a id=\"wp-block-file--media-3de63507-db4c-4865-9d84-4e3c7b0a9994\" href=\"https:\/\/naszatlocznia.pl\/wp-content\/uploads\/2023\/01\/Nasza-Tlocznia-Formularz-zwrotu-towaru-1.pdf\">Modulo di reso della merce Our-P\u0142ocznia-1<\/a><a href=\"https:\/\/naszatlocznia.pl\/wp-content\/uploads\/2023\/01\/Nasza-Tlocznia-Formularz-zwrotu-towaru-1.pdf\" class=\"wp-block-file__button wp-element-button\" download aria-describedby=\"wp-block-file--media-3de63507-db4c-4865-9d84-4e3c7b0a9994\">Scaricamento<\/a><\/div>\n\n\n\n<div data-wp-interactive=\"core\/file\" class=\"wp-block-file\"><object data-wp-bind--hidden=\"!state.hasPdfPreview\" hidden class=\"wp-block-file__embed\" data=\"https:\/\/naszatlocznia.pl\/wp-content\/uploads\/2023\/01\/Nasza-Tlocznia-Formularz-reklamacji-towaru-1.pdf\" type=\"application\/pdf\" style=\"width:100%;height:600px\" aria-label=\"Incorporamento di Nasza-Tlocznia-Formularz-reklamacji-towaru-1.\"><\/object><a id=\"wp-block-file--media-609b336b-8a62-4671-a006-68f4eca3a8cf\" href=\"https:\/\/naszatlocznia.pl\/wp-content\/uploads\/2023\/01\/Nasza-Tlocznia-Formularz-reklamacji-towaru-1.pdf\">Nasza-P\u0142ocznia-Modulo-reclamo-prodotto-1<\/a><a href=\"https:\/\/naszatlocznia.pl\/wp-content\/uploads\/2023\/01\/Nasza-Tlocznia-Formularz-reklamacji-towaru-1.pdf\" class=\"wp-block-file__button wp-element-button\" download aria-describedby=\"wp-block-file--media-609b336b-8a62-4671-a006-68f4eca3a8cf\">Scaricamento<\/a><\/div>","protected":false},"excerpt":{"rendered":"<p>Szanowni Pa\u0144stwo, Je\u015bli Produkt zakupiony w&nbsp;Sklepie internetowym Nasza T\u0142ocznia nie spe\u0142nia Pa\u0144stwa oczekiwa\u0144 lub wyst\u0119puj\u0105 podstawy do jego reklamacji, mo\u017cliwy jest zwrot lub reklamacja Produktu w&nbsp;okre\u015blonym terminie. Zasady dokonywania zwrot\u00f3w, b\u0119d\u0105cych jednocze\u015bnie odst\u0105pieniem od zawartej Umowy oraz reklamacji, reguluje i&nbsp;okre\u015bla Regulamin Sklepu internetowego \u2013 paragrafy 10 i&nbsp;11. \u00a710&nbsp;Prawo odst\u0105pienia od Umowy \u00a711&nbsp;Reklamacja<\/p>","protected":false},"author":1,"featured_media":0,"parent":0,"menu_order":0,"comment_status":"closed","ping_status":"closed","template":"","meta":{"footnotes":""},"class_list":["post-33","page","type-page","status-publish","hentry"],"yoast_head":"<!-- This site is optimized with the Yoast SEO plugin v24.9 - https:\/\/yoast.com\/wordpress\/plugins\/seo\/ -->\n<title>Zwroty, reklamacje - nfc-juices<\/title>\n<meta name=\"robots\" content=\"index, follow, max-snippet:-1, max-image-preview:large, max-video-preview:-1\" \/>\n<link rel=\"canonical\" href=\"https:\/\/nfcjuices.com\/it\/resi\/\" \/>\n<meta property=\"og:locale\" content=\"it_IT\" \/>\n<meta property=\"og:type\" content=\"article\" \/>\n<meta property=\"og:title\" content=\"Zwroty, reklamacje - nfc-juices\" \/>\n<meta property=\"og:description\" content=\"Szanowni Pa\u0144stwo, Je\u015bli Produkt zakupiony w&nbsp;Sklepie internetowym Nasza T\u0142ocznia nie spe\u0142nia Pa\u0144stwa oczekiwa\u0144 lub wyst\u0119puj\u0105 podstawy do jego reklamacji, mo\u017cliwy jest zwrot lub reklamacja Produktu w&nbsp;okre\u015blonym terminie. Zasady dokonywania zwrot\u00f3w, b\u0119d\u0105cych jednocze\u015bnie odst\u0105pieniem od zawartej Umowy oraz reklamacji, reguluje i&nbsp;okre\u015bla Regulamin Sklepu internetowego \u2013 paragrafy 10 i&nbsp;11. \u00a710&nbsp;Prawo odst\u0105pienia od Umowy \u00a711&nbsp;Reklamacja\" \/>\n<meta property=\"og:url\" content=\"https:\/\/nfcjuices.com\/it\/resi\/\" \/>\n<meta property=\"og:site_name\" content=\"nfc-juices\" \/>\n<meta property=\"article:modified_time\" content=\"2025-04-15T09:38:30+00:00\" \/>\n<meta name=\"twitter:card\" content=\"summary_large_image\" \/>\n<meta name=\"twitter:label1\" content=\"Tempo di lettura stimato\" \/>\n\t<meta name=\"twitter:data1\" content=\"3 minuti\" \/>\n<script type=\"application\/ld+json\" class=\"yoast-schema-graph\">{\"@context\":\"https:\/\/schema.org\",\"@graph\":[{\"@type\":\"WebPage\",\"@id\":\"https:\/\/nfcjuices.com\/zwroty\/\",\"url\":\"https:\/\/nfcjuices.com\/zwroty\/\",\"name\":\"Zwroty, reklamacje - nfc-juices\",\"isPartOf\":{\"@id\":\"https:\/\/nfcjuices.com\/#website\"},\"datePublished\":\"2025-04-15T09:38:29+00:00\",\"dateModified\":\"2025-04-15T09:38:30+00:00\",\"breadcrumb\":{\"@id\":\"https:\/\/nfcjuices.com\/zwroty\/#breadcrumb\"},\"inLanguage\":\"it-IT\",\"potentialAction\":[{\"@type\":\"ReadAction\",\"target\":[\"https:\/\/nfcjuices.com\/zwroty\/\"]}]},{\"@type\":\"BreadcrumbList\",\"@id\":\"https:\/\/nfcjuices.com\/zwroty\/#breadcrumb\",\"itemListElement\":[{\"@type\":\"ListItem\",\"position\":1,\"name\":\"Strona g\u0142\u00f3wna\",\"item\":\"https:\/\/nfcjuices.com\/\"},{\"@type\":\"ListItem\",\"position\":2,\"name\":\"Zwroty, reklamacje\"}]},{\"@type\":\"WebSite\",\"@id\":\"https:\/\/nfcjuices.com\/#website\",\"url\":\"https:\/\/nfcjuices.com\/\",\"name\":\"nfc-juices\",\"description\":\"Soki, przeciery, musy NFC w beczkach\",\"publisher\":{\"@id\":\"https:\/\/nfcjuices.com\/#organization\"},\"potentialAction\":[{\"@type\":\"SearchAction\",\"target\":{\"@type\":\"EntryPoint\",\"urlTemplate\":\"https:\/\/nfcjuices.com\/?s={search_term_string}\"},\"query-input\":{\"@type\":\"PropertyValueSpecification\",\"valueRequired\":true,\"valueName\":\"search_term_string\"}}],\"inLanguage\":\"it-IT\"},{\"@type\":\"Organization\",\"@id\":\"https:\/\/nfcjuices.com\/#organization\",\"name\":\"Nasza T\u0142ocznia\",\"url\":\"https:\/\/nfcjuices.com\/\",\"logo\":{\"@type\":\"ImageObject\",\"inLanguage\":\"it-IT\",\"@id\":\"https:\/\/nfcjuices.com\/#\/schema\/logo\/image\/\",\"url\":\"https:\/\/nfcjuices.com\/wp-content\/uploads\/2025\/05\/cropped-B2b-1.png\",\"contentUrl\":\"https:\/\/nfcjuices.com\/wp-content\/uploads\/2025\/05\/cropped-B2b-1.png\",\"width\":1199,\"height\":999,\"caption\":\"Nasza T\u0142ocznia\"},\"image\":{\"@id\":\"https:\/\/nfcjuices.com\/#\/schema\/logo\/image\/\"}}]}<\/script>\n<!-- \/ Yoast SEO plugin. -->","yoast_head_json":{"title":"Resi, reclami - nfc-juices","robots":{"index":"index","follow":"follow","max-snippet":"max-snippet:-1","max-image-preview":"max-image-preview:large","max-video-preview":"max-video-preview:-1"},"canonical":"https:\/\/nfcjuices.com\/it\/resi\/","og_locale":"it_IT","og_type":"article","og_title":"Zwroty, reklamacje - nfc-juices","og_description":"Szanowni Pa\u0144stwo, Je\u015bli Produkt zakupiony w&nbsp;Sklepie internetowym Nasza T\u0142ocznia nie spe\u0142nia Pa\u0144stwa oczekiwa\u0144 lub wyst\u0119puj\u0105 podstawy do jego reklamacji, mo\u017cliwy jest zwrot lub reklamacja Produktu w&nbsp;okre\u015blonym terminie. Zasady dokonywania zwrot\u00f3w, b\u0119d\u0105cych jednocze\u015bnie odst\u0105pieniem od zawartej Umowy oraz reklamacji, reguluje i&nbsp;okre\u015bla Regulamin Sklepu internetowego \u2013 paragrafy 10 i&nbsp;11. \u00a710&nbsp;Prawo odst\u0105pienia od Umowy \u00a711&nbsp;Reklamacja","og_url":"https:\/\/nfcjuices.com\/it\/resi\/","og_site_name":"nfc-juices","article_modified_time":"2025-04-15T09:38:30+00:00","twitter_card":"summary_large_image","twitter_misc":{"Tempo di lettura stimato":"3 minuti"},"schema":{"@context":"https:\/\/schema.org","@graph":[{"@type":"WebPage","@id":"https:\/\/nfcjuices.com\/zwroty\/","url":"https:\/\/nfcjuices.com\/zwroty\/","name":"Resi, reclami - nfc-juices","isPartOf":{"@id":"https:\/\/nfcjuices.com\/#website"},"datePublished":"2025-04-15T09:38:29+00:00","dateModified":"2025-04-15T09:38:30+00:00","breadcrumb":{"@id":"https:\/\/nfcjuices.com\/zwroty\/#breadcrumb"},"inLanguage":"it-IT","potentialAction":[{"@type":"ReadAction","target":["https:\/\/nfcjuices.com\/zwroty\/"]}]},{"@type":"BreadcrumbList","@id":"https:\/\/nfcjuices.com\/zwroty\/#breadcrumb","itemListElement":[{"@type":"ListItem","position":1,"name":"Strona g\u0142\u00f3wna","item":"https:\/\/nfcjuices.com\/"},{"@type":"ListItem","position":2,"name":"Zwroty, reklamacje"}]},{"@type":"WebSite","@id":"https:\/\/nfcjuices.com\/#website","url":"https:\/\/nfcjuices.com\/","name":"succhi NFC","description":"Succhi, puree, mousse NFC in barili","publisher":{"@id":"https:\/\/nfcjuices.com\/#organization"},"potentialAction":[{"@type":"SearchAction","target":{"@type":"EntryPoint","urlTemplate":"https:\/\/nfcjuices.com\/?s={search_term_string}"},"query-input":{"@type":"PropertyValueSpecification","valueRequired":true,"valueName":"search_term_string"}}],"inLanguage":"it-IT"},{"@type":"Organization","@id":"https:\/\/nfcjuices.com\/#organization","name":"Il nostro impianto di pressatura","url":"https:\/\/nfcjuices.com\/","logo":{"@type":"ImageObject","inLanguage":"it-IT","@id":"https:\/\/nfcjuices.com\/#\/schema\/logo\/image\/","url":"https:\/\/nfcjuices.com\/wp-content\/uploads\/2025\/05\/cropped-B2b-1.png","contentUrl":"https:\/\/nfcjuices.com\/wp-content\/uploads\/2025\/05\/cropped-B2b-1.png","width":1199,"height":999,"caption":"Nasza T\u0142ocznia"},"image":{"@id":"https:\/\/nfcjuices.com\/#\/schema\/logo\/image\/"}}]}},"_links":{"self":[{"href":"https:\/\/nfcjuices.com\/it\/wp-json\/wp\/v2\/pages\/33","targetHints":{"allow":["GET"]}}],"collection":[{"href":"https:\/\/nfcjuices.com\/it\/wp-json\/wp\/v2\/pages"}],"about":[{"href":"https:\/\/nfcjuices.com\/it\/wp-json\/wp\/v2\/types\/page"}],"author":[{"embeddable":true,"href":"https:\/\/nfcjuices.com\/it\/wp-json\/wp\/v2\/users\/1"}],"replies":[{"embeddable":true,"href":"https:\/\/nfcjuices.com\/it\/wp-json\/wp\/v2\/comments?post=33"}],"version-history":[{"count":1,"href":"https:\/\/nfcjuices.com\/it\/wp-json\/wp\/v2\/pages\/33\/revisions"}],"predecessor-version":[{"id":957,"href":"https:\/\/nfcjuices.com\/it\/wp-json\/wp\/v2\/pages\/33\/revisions\/957"}],"wp:attachment":[{"href":"https:\/\/nfcjuices.com\/it\/wp-json\/wp\/v2\/media?parent=33"}],"curies":[{"name":"parola chiave","href":"https:\/\/api.w.org\/{rel}","templated":true}]}}