{"id":3,"date":"2025-03-05T12:57:31","date_gmt":"2025-03-05T11:57:31","guid":{"rendered":"https:\/\/nfcjuices.com\/?page_id=3"},"modified":"2025-04-15T11:36:21","modified_gmt":"2025-04-15T09:36:21","slug":"politica-sulla-riservatezza","status":"publish","type":"page","link":"https:\/\/nfcjuices.com\/it\/polityka-prywatnosci\/","title":{"rendered":"politica sulla riservatezza"},"content":{"rendered":"<p><strong>\u00a71 Disposizioni generali<\/strong><\/p>\n\n\n\n<p>1. Il titolare del trattamento dei dati \u00e8 Gospodarstwo Sadownicze Zbigniew Pietrzycki, con sede legale in 05-660 Warka, Konary 92, iscritta al Registro Centrale e alle Informazioni sull&#039;Attivit\u00e0 Economica, NIP: 797-127-18-11, REGON 672798121. La protezione dei dati \u00e8 effettuata in conformit\u00e0 con i requisiti delle leggi generalmente applicabili e i dati sono conservati su server protetti.<\/p>\n\n\n\n<p>2. Per l&#039;interpretazione dei termini si fa riferimento al glossario del Regolamento o a quanto descritto nell&#039;Informativa sulla Privacy (se risulta direttamente dalla descrizione).<\/p>\n\n\n\n<p>3. Per garantire la riservatezza e la sicurezza dei dati, utilizziamo, tra gli altri: protocollo di crittografia delle comunicazioni sicure (SSL).<\/p>\n\n\n\n<p>4. Tutti i dati personali dei Clienti sono trattati con riservatezza e non sono visibili a persone non autorizzate.<\/p>\n\n\n\n<p>5. L&#039;informativa sulla privacy \u00e8 conforme al Regolamento generale sulla protezione dei dati (GDPR) ed \u00e8 in vigore dal 05\/07\/2018.<\/p>\n\n\n\n<p><strong>\u00a72 Finalit\u00e0 e ambito della raccolta dei dati<\/strong><\/p>\n\n\n\n<p>1. Il Venditore \u00e8 l\u2019amministratore dei dati personali dei Clienti.<\/p>\n\n\n\n<p>2. I dati personali dei Clienti vengono raccolti e trattati al fine di evadere gli ordini effettuati nel Negozio Online o, se il Cliente acconsente, anche per finalit\u00e0 di marketing.<\/p>\n\n\n\n<p>3. I dati personali dei clienti vengono trattati:<\/p>\n\n\n\n<p>UN. nel rispetto delle disposizioni in materia di protezione dei dati personali,<\/p>\n\n\n\n<p>B. in conformit\u00e0 con l&#039;Informativa sulla privacy implementata,<\/p>\n\n\n\n<p>C. nella misura e per lo scopo necessario a stabilire e modellare il contenuto del Contratto, modificarlo o risolverlo e implementare correttamente i Servizi forniti elettronicamente,<\/p>\n\n\n\n<p>D. nella misura e per le finalit\u00e0 necessarie al perseguimento di interessi legittimi e il trattamento non viola i diritti e le libert\u00e0 dell&#039;interessato,<\/p>\n\n\n\n<p>e. nella misura e per le finalit\u00e0 coerenti con la volont\u00e0 espressa dal Cliente.<\/p>\n\n\n\n<p>4. L&#039;Amministratore, tramite il Sito Web e altre forme di comunicazione, raccoglie e tratta i seguenti dati personali degli Utenti forniti durante la procedura di registrazione sul Sito Web:<br><br>UN. nome e cognome<br>B. indirizzo<br>C. numero di telefono<br>d.indirizzo e-mail<br>e. nome dell&#039;azienda<br>F. PIN<\/p>\n\n\n\n<p>5. Il Cliente ha diritto di accesso ai dati, di rettifica, di cancellazione o di limitazione del trattamento, diritto di opposizione, diritto di proporre reclamo all&#039;autorit\u00e0 di controllo, che \u00e8 il Presidente dell&#039;Ufficio per la protezione dei dati personali.<\/p>\n\n\n\n<p>6. Il contatto con il responsabile del trattamento dei dati personali \u00e8 possibile tramite e-mail al seguente indirizzo: biuro@naszatlocznia.pl<\/p>\n\n\n\n<p>7. L&#039;Amministratore ha il diritto di trattare i dati personali dei Clienti dopo la risoluzione del Contratto o la revoca del consenso solo allo scopo di perseguire eventuali rivendicazioni in tribunale o se il diritto nazionale, dell&#039;UE o internazionale impone la conservazione dei dati.<\/p>\n\n\n\n<p>8. L&#039;Amministratore ha il diritto di divulgare i dati personali del Cliente e altri dati a entit\u00e0 autorizzate ai sensi della legge applicabile, ad esempio autorit\u00e0 preposte all&#039;applicazione della legge.<\/p>\n\n\n\n<p>9. L\u2019Amministratore non divulga i dati personali dei Clienti ad altre entit\u00e0, ad eccezione di quelle autorizzate dalla legge applicabile.<\/p>\n\n\n\n<p>10. I dati personali saranno conservati per tutta la durata del contratto e per un periodo coerente con la normativa applicabile, tenendo conto dei termini di prescrizione dei crediti e delle obbligazioni fiscali. I dati personali per i quali hai prestato il consenso saranno conservati fino alla revoca del consenso stesso.<\/p>\n\n\n\n<p>11. I dati personali possono essere cancellati a seguito della revoca del consenso o della presentazione di un&#039;opposizione legalmente ammissibile al trattamento dei dati personali. \u00c8 possibile inviare richieste relative al trattamento dei dati personali via e-mail all&#039;indirizzo del responsabile dei dati personali: biuro@naszatlocznia.pl<\/p>\n\n\n\n<p><strong>\u00a73 Informazioni sulla profilazione e sugli effetti della profilazione dei dati personali<\/strong><\/p>\n\n\n\n<p>L&#039;amministratore analizza i dati personali in modo automatizzato utilizzando strumenti forniti dai fornitori di software (ad esempio statistiche, cronologia). Lo scopo dell&#039;elaborazione automatizzata dei dati \u00e8 apprendere le preferenze dell&#039;Utente.<\/p>\n\n\n\n<p><strong>\u00a74 Biscotti<\/strong><\/p>\n\n\n\n<p>1. Il sito web www.naszatlocznia.pl utilizza i cookie. Si tratta di piccoli file di testo inviati da un server web e memorizzati dal browser del tuo computer. Quando il browser si riconnette al sito, il sito riconosce il tipo di dispositivo da cui l&#039;utente si sta connettendo. I parametri consentono che le informazioni in essi contenute possano essere lette solo dal server che li ha creati. I cookie facilitano quindi l&#039;utilizzo dei siti web visitati in precedenza. Le informazioni raccolte includono indirizzo IP, tipo di browser, lingua, tipo di sistema operativo, provider di servizi Internet, informazioni su data e ora, posizione e informazioni inviate al sito web tramite il modulo di contatto.<\/p>\n\n\n\n<p>2. Il sito web del Venditore utilizza i seguenti cookie:<\/p>\n\n\n\n<p>UN. cookie &quot;essenziali&quot;, che consentono l&#039;utilizzo dei servizi disponibili sul sito web, ad esempio cookie di autenticazione utilizzati per i servizi che richiedono l&#039;autenticazione sul sito web,<\/p>\n\n\n\n<p>B. cookie utilizzati per garantire la sicurezza, ad esempio utilizzato per rilevare abusi nell&#039;ambito dell&#039;autenticazione all&#039;interno del servizio,<\/p>\n\n\n\n<p>C. cookie &quot;di performance&quot;, che consentono di raccogliere informazioni su come vengono utilizzate le pagine del sito web,<\/p>\n\n\n\n<p>D. cookie &quot;funzionali&quot;, che consentono di &quot;ricordare&quot; le impostazioni selezionate dall&#039;utente e di personalizzare l&#039;interfaccia utente, ad esempio in termini di lingua selezionata o regione di provenienza dell&#039;utente, dimensione del carattere, aspetto del sito web,<\/p>\n\n\n\n<p>e. cookie &quot;pubblicitari&quot;, che consentono di fornire agli utenti contenuti pubblicitari pi\u00f9 mirati ai loro interessi.<\/p>\n\n\n\n<p>3. Il cliente pu\u00f2 in qualsiasi momento disattivare o ripristinare l&#039;opzione di raccolta dei cookie modificando le impostazioni del proprio browser web.<\/p>\n\n\n\n<p>4. Ulteriori dati personali, come l&#039;indirizzo e-mail, vengono raccolti dall&#039;Amministratore solo nei casi in cui l&#039;utente abbia espressamente acconsentito compilando il modulo.<\/p>","protected":false},"excerpt":{"rendered":"<p>\u00a71 Postanowienia og\u00f3lne 1. Administratorem danych jest Gospodarstwo Sadownicze Zbigniew Pietrzycki, z&nbsp;siedzib\u0105 w&nbsp;05-660 Warka, Konary 92, wpisane do Centralnej Ewidencji i&nbsp;Informacji o&nbsp;Dzia\u0142alno\u015bci Gospodarczej, NIP: 797-127-18-11, REGON 672798121. Ochrona danych odbywa si\u0119 zgodnie z&nbsp;wymogami powszechnie obowi\u0105zuj\u0105cych przepis\u00f3w prawa, a&nbsp;ich przechowywanie ma miejsce na zabezpieczonych serwerach. 2. Dla interpretacji termin\u00f3w stosuje si\u0119 s\u0142owniczek Regulaminu lub tak jak [&hellip;]<\/p>\n","protected":false},"author":1,"featured_media":0,"parent":0,"menu_order":0,"comment_status":"closed","ping_status":"open","template":"","meta":{"footnotes":""},"class_list":["post-3","page","type-page","status-publish","hentry"],"yoast_head":"<!-- This site is optimized with the Yoast SEO plugin v24.9 - https:\/\/yoast.com\/wordpress\/plugins\/seo\/ -->\n<title>Polityka prywatno\u015bci - nfc-juices<\/title>\n<meta name=\"robots\" content=\"index, follow, max-snippet:-1, max-image-preview:large, max-video-preview:-1\" \/>\n<link rel=\"canonical\" href=\"https:\/\/nfcjuices.com\/it\/politica-sulla-riservatezza\/\" \/>\n<meta property=\"og:locale\" content=\"it_IT\" \/>\n<meta property=\"og:type\" content=\"article\" \/>\n<meta property=\"og:title\" content=\"Polityka prywatno\u015bci - nfc-juices\" \/>\n<meta property=\"og:description\" content=\"\u00a71 Postanowienia og\u00f3lne 1. Administratorem danych jest Gospodarstwo Sadownicze Zbigniew Pietrzycki, z&nbsp;siedzib\u0105 w&nbsp;05-660 Warka, Konary 92, wpisane do Centralnej Ewidencji i&nbsp;Informacji o&nbsp;Dzia\u0142alno\u015bci Gospodarczej, NIP: 797-127-18-11, REGON 672798121. Ochrona danych odbywa si\u0119 zgodnie z&nbsp;wymogami powszechnie obowi\u0105zuj\u0105cych przepis\u00f3w prawa, a&nbsp;ich przechowywanie ma miejsce na zabezpieczonych serwerach. 2. Dla interpretacji termin\u00f3w stosuje si\u0119 s\u0142owniczek Regulaminu lub tak jak [&hellip;]\" \/>\n<meta property=\"og:url\" content=\"https:\/\/nfcjuices.com\/it\/politica-sulla-riservatezza\/\" \/>\n<meta property=\"og:site_name\" content=\"nfc-juices\" \/>\n<meta property=\"article:modified_time\" content=\"2025-04-15T09:36:21+00:00\" \/>\n<meta name=\"twitter:card\" content=\"summary_large_image\" \/>\n<meta name=\"twitter:label1\" content=\"Tempo di lettura stimato\" \/>\n\t<meta name=\"twitter:data1\" content=\"5 minuti\" \/>\n<script type=\"application\/ld+json\" class=\"yoast-schema-graph\">{\"@context\":\"https:\/\/schema.org\",\"@graph\":[{\"@type\":\"WebPage\",\"@id\":\"https:\/\/nfcjuices.com\/polityka-prywatnosci\/\",\"url\":\"https:\/\/nfcjuices.com\/polityka-prywatnosci\/\",\"name\":\"Polityka prywatno\u015bci - nfc-juices\",\"isPartOf\":{\"@id\":\"https:\/\/nfcjuices.com\/#website\"},\"datePublished\":\"2025-03-05T11:57:31+00:00\",\"dateModified\":\"2025-04-15T09:36:21+00:00\",\"breadcrumb\":{\"@id\":\"https:\/\/nfcjuices.com\/polityka-prywatnosci\/#breadcrumb\"},\"inLanguage\":\"it-IT\",\"potentialAction\":[{\"@type\":\"ReadAction\",\"target\":[\"https:\/\/nfcjuices.com\/polityka-prywatnosci\/\"]}]},{\"@type\":\"BreadcrumbList\",\"@id\":\"https:\/\/nfcjuices.com\/polityka-prywatnosci\/#breadcrumb\",\"itemListElement\":[{\"@type\":\"ListItem\",\"position\":1,\"name\":\"Strona g\u0142\u00f3wna\",\"item\":\"https:\/\/nfcjuices.com\/\"},{\"@type\":\"ListItem\",\"position\":2,\"name\":\"Polityka prywatno\u015bci\"}]},{\"@type\":\"WebSite\",\"@id\":\"https:\/\/nfcjuices.com\/#website\",\"url\":\"https:\/\/nfcjuices.com\/\",\"name\":\"nfc-juices\",\"description\":\"Soki, przeciery, musy NFC w beczkach\",\"publisher\":{\"@id\":\"https:\/\/nfcjuices.com\/#organization\"},\"potentialAction\":[{\"@type\":\"SearchAction\",\"target\":{\"@type\":\"EntryPoint\",\"urlTemplate\":\"https:\/\/nfcjuices.com\/?s={search_term_string}\"},\"query-input\":{\"@type\":\"PropertyValueSpecification\",\"valueRequired\":true,\"valueName\":\"search_term_string\"}}],\"inLanguage\":\"it-IT\"},{\"@type\":\"Organization\",\"@id\":\"https:\/\/nfcjuices.com\/#organization\",\"name\":\"Nasza T\u0142ocznia\",\"url\":\"https:\/\/nfcjuices.com\/\",\"logo\":{\"@type\":\"ImageObject\",\"inLanguage\":\"it-IT\",\"@id\":\"https:\/\/nfcjuices.com\/#\/schema\/logo\/image\/\",\"url\":\"https:\/\/nfcjuices.com\/wp-content\/uploads\/2025\/05\/cropped-B2b-1.png\",\"contentUrl\":\"https:\/\/nfcjuices.com\/wp-content\/uploads\/2025\/05\/cropped-B2b-1.png\",\"width\":1199,\"height\":999,\"caption\":\"Nasza T\u0142ocznia\"},\"image\":{\"@id\":\"https:\/\/nfcjuices.com\/#\/schema\/logo\/image\/\"}}]}<\/script>\n<!-- \/ Yoast SEO plugin. -->","yoast_head_json":{"title":"Informativa sulla privacy - nfc-juices","robots":{"index":"index","follow":"follow","max-snippet":"max-snippet:-1","max-image-preview":"max-image-preview:large","max-video-preview":"max-video-preview:-1"},"canonical":"https:\/\/nfcjuices.com\/it\/politica-sulla-riservatezza\/","og_locale":"it_IT","og_type":"article","og_title":"Polityka prywatno\u015bci - nfc-juices","og_description":"\u00a71 Postanowienia og\u00f3lne 1. Administratorem danych jest Gospodarstwo Sadownicze Zbigniew Pietrzycki, z&nbsp;siedzib\u0105 w&nbsp;05-660 Warka, Konary 92, wpisane do Centralnej Ewidencji i&nbsp;Informacji o&nbsp;Dzia\u0142alno\u015bci Gospodarczej, NIP: 797-127-18-11, REGON 672798121. Ochrona danych odbywa si\u0119 zgodnie z&nbsp;wymogami powszechnie obowi\u0105zuj\u0105cych przepis\u00f3w prawa, a&nbsp;ich przechowywanie ma miejsce na zabezpieczonych serwerach. 2. Dla interpretacji termin\u00f3w stosuje si\u0119 s\u0142owniczek Regulaminu lub tak jak [&hellip;]","og_url":"https:\/\/nfcjuices.com\/it\/politica-sulla-riservatezza\/","og_site_name":"nfc-juices","article_modified_time":"2025-04-15T09:36:21+00:00","twitter_card":"summary_large_image","twitter_misc":{"Tempo di lettura stimato":"5 minuti"},"schema":{"@context":"https:\/\/schema.org","@graph":[{"@type":"WebPage","@id":"https:\/\/nfcjuices.com\/polityka-prywatnosci\/","url":"https:\/\/nfcjuices.com\/polityka-prywatnosci\/","name":"Informativa sulla privacy - nfc-juices","isPartOf":{"@id":"https:\/\/nfcjuices.com\/#website"},"datePublished":"2025-03-05T11:57:31+00:00","dateModified":"2025-04-15T09:36:21+00:00","breadcrumb":{"@id":"https:\/\/nfcjuices.com\/polityka-prywatnosci\/#breadcrumb"},"inLanguage":"it-IT","potentialAction":[{"@type":"ReadAction","target":["https:\/\/nfcjuices.com\/polityka-prywatnosci\/"]}]},{"@type":"BreadcrumbList","@id":"https:\/\/nfcjuices.com\/polityka-prywatnosci\/#breadcrumb","itemListElement":[{"@type":"ListItem","position":1,"name":"Strona g\u0142\u00f3wna","item":"https:\/\/nfcjuices.com\/"},{"@type":"ListItem","position":2,"name":"Polityka prywatno\u015bci"}]},{"@type":"WebSite","@id":"https:\/\/nfcjuices.com\/#website","url":"https:\/\/nfcjuices.com\/","name":"succhi NFC","description":"Succhi, puree, mousse NFC in barili","publisher":{"@id":"https:\/\/nfcjuices.com\/#organization"},"potentialAction":[{"@type":"SearchAction","target":{"@type":"EntryPoint","urlTemplate":"https:\/\/nfcjuices.com\/?s={search_term_string}"},"query-input":{"@type":"PropertyValueSpecification","valueRequired":true,"valueName":"search_term_string"}}],"inLanguage":"it-IT"},{"@type":"Organization","@id":"https:\/\/nfcjuices.com\/#organization","name":"Il nostro impianto di pressatura","url":"https:\/\/nfcjuices.com\/","logo":{"@type":"ImageObject","inLanguage":"it-IT","@id":"https:\/\/nfcjuices.com\/#\/schema\/logo\/image\/","url":"https:\/\/nfcjuices.com\/wp-content\/uploads\/2025\/05\/cropped-B2b-1.png","contentUrl":"https:\/\/nfcjuices.com\/wp-content\/uploads\/2025\/05\/cropped-B2b-1.png","width":1199,"height":999,"caption":"Nasza T\u0142ocznia"},"image":{"@id":"https:\/\/nfcjuices.com\/#\/schema\/logo\/image\/"}}]}},"_links":{"self":[{"href":"https:\/\/nfcjuices.com\/it\/wp-json\/wp\/v2\/pages\/3","targetHints":{"allow":["GET"]}}],"collection":[{"href":"https:\/\/nfcjuices.com\/it\/wp-json\/wp\/v2\/pages"}],"about":[{"href":"https:\/\/nfcjuices.com\/it\/wp-json\/wp\/v2\/types\/page"}],"author":[{"embeddable":true,"href":"https:\/\/nfcjuices.com\/it\/wp-json\/wp\/v2\/users\/1"}],"replies":[{"embeddable":true,"href":"https:\/\/nfcjuices.com\/it\/wp-json\/wp\/v2\/comments?post=3"}],"version-history":[{"count":1,"href":"https:\/\/nfcjuices.com\/it\/wp-json\/wp\/v2\/pages\/3\/revisions"}],"predecessor-version":[{"id":954,"href":"https:\/\/nfcjuices.com\/it\/wp-json\/wp\/v2\/pages\/3\/revisions\/954"}],"wp:attachment":[{"href":"https:\/\/nfcjuices.com\/it\/wp-json\/wp\/v2\/media?parent=3"}],"curies":[{"name":"parola chiave","href":"https:\/\/api.w.org\/{rel}","templated":true}]}}