{"id":192,"date":"2025-03-12T15:12:13","date_gmt":"2025-03-12T14:12:13","guid":{"rendered":"https:\/\/nfcjuices.com\/?page_id=192"},"modified":"2025-04-17T11:41:07","modified_gmt":"2025-04-17T09:41:07","slug":"come-vengono-realizzati-i-nostri-prodotti","status":"publish","type":"page","link":"https:\/\/nfcjuices.com\/it\/jak-powstaja-nasze-produkty\/","title":{"rendered":"Come vengono realizzati i nostri prodotti?"},"content":{"rendered":"<p><\/p>\n\n\n\n<p class=\"has-text-align-center has-medium-font-size\">Da Nasza T\u0142ocznia trattiamo ogni frutto e ogni verdura individualmente, proprio come meritano! In cambio ci ricompensano con succhi della massima qualit\u00e0. Succhi di limone, pompelmo o arancia <strong>noi stringiamo <\/strong>dalle met\u00e0 utilizzando uno spremiagrumi speciale. La frutta e la verdura rimanenti vengono trasformate in succo mediante una pressa a nastro, sulla quale vengono pressate. <strong>in rilievo <\/strong>dalla polpa. <\/p>\n\n\n\n<p class=\"has-text-align-center has-medium-font-size\"><br>Scopri tu stesso come lo facciamo nel nostro stile migliore! <\/p>\n\n\n\n<p class=\"has-text-align-center has-medium-font-size\">Provate i nostri prodotti e constatate personalmente come il metodo di lavorazione scelto correttamente influisca sul gusto e sulla qualit\u00e0! <\/p>\n\n\n\n<div class=\"wp-block-group\"><div class=\"wp-block-group__inner-container is-layout-constrained wp-block-group-is-layout-constrained\">\n<div class=\"wp-block-columns is-layout-flex wp-container-core-columns-is-layout-28f84493 wp-block-columns-is-layout-flex\">\n<div class=\"wp-block-column is-layout-flow wp-block-column-is-layout-flow\" style=\"flex-basis:100%\">\n<div class=\"wp-block-group\"><div class=\"wp-block-group__inner-container is-layout-constrained wp-block-group-is-layout-constrained\">\n<div class=\"wp-block-columns is-layout-flex wp-container-core-columns-is-layout-28f84493 wp-block-columns-is-layout-flex\">\n<div class=\"wp-block-column is-layout-flow wp-block-column-is-layout-flow\"><\/div>\n<\/div>\n<\/div><\/div>\n<\/div>\n<\/div>\n<\/div><\/div>\n\n\n\n<div class=\"wp-block-columns is-layout-flex wp-container-core-columns-is-layout-28f84493 wp-block-columns-is-layout-flex\">\n<div class=\"wp-block-column is-layout-flow wp-block-column-is-layout-flow\">\n<figure class=\"wp-block-embed is-type-video is-provider-youtube wp-block-embed-youtube wp-embed-aspect-16-9 wp-has-aspect-ratio\"><div class=\"wp-block-embed__wrapper\">\n<iframe title=\"Come ottenere il miglior succo dalle arance? Lo spremiagrumi pi\u00f9 grande della Polonia!\" width=\"980\" height=\"551\" src=\"https:\/\/www.youtube.com\/embed\/LSkcpBcZLzg?feature=oembed\" frameborder=\"0\" allow=\"accelerometer; autoplay; clipboard-write; encrypted-media; gyroscope; picture-in-picture; web-share\" referrerpolicy=\"strict-origin-when-cross-origin\" allowfullscreen><\/iframe>\n<\/div><\/figure>\n<\/div>\n\n\n\n<div class=\"wp-block-column is-layout-flow wp-block-column-is-layout-flow\">\n<figure class=\"wp-block-embed is-type-video is-provider-youtube wp-block-embed-youtube wp-embed-aspect-16-9 wp-has-aspect-ratio\"><div class=\"wp-block-embed__wrapper\">\n<iframe title=\"Come prepariamo il succo di limone per ogni ragazza FIT? Oppure come spremere il succo super-aspro dai limoni!\" width=\"980\" height=\"551\" src=\"https:\/\/www.youtube.com\/embed\/bip1UtTx4Ck?feature=oembed\" frameborder=\"0\" allow=\"accelerometer; autoplay; clipboard-write; encrypted-media; gyroscope; picture-in-picture; web-share\" referrerpolicy=\"strict-origin-when-cross-origin\" allowfullscreen><\/iframe>\n<\/div><\/figure>\n<\/div>\n\n\n\n<div class=\"wp-block-column is-layout-flow wp-block-column-is-layout-flow\">\n<figure class=\"wp-block-embed is-type-video is-provider-youtube wp-block-embed-youtube wp-embed-aspect-16-9 wp-has-aspect-ratio\"><div class=\"wp-block-embed__wrapper\">\n<iframe title=\"Come trasformiamo frutta e verdura in succhi? Vale a dire, la spremitura del succo NFC naturale tramite una pressa a nastro.\" width=\"980\" height=\"551\" src=\"https:\/\/www.youtube.com\/embed\/k4IkACVboec?feature=oembed\" frameborder=\"0\" allow=\"accelerometer; autoplay; clipboard-write; encrypted-media; gyroscope; picture-in-picture; web-share\" referrerpolicy=\"strict-origin-when-cross-origin\" allowfullscreen><\/iframe>\n<\/div><\/figure>\n<\/div>\n<\/div>\n\n\n\n<h2 class=\"wp-block-heading has-text-align-center\" id=\"nasza-oferta-jest-bardzo-szeroka-w-asortymencie-naszej-tloczni-oprocz-sokow-tloczonych-i-wyciskanych-znajdziecie-rowniez-inne-produkty-zakwasy-przeciery-syropy-czy-lemoniady-sprawdz-jak-powstaja\">La nostra offerta \u00e8 molto ampia. Nell&#039;assortimento di Nasza T\u0142ocznia, oltre ai succhi spremuti e spremuti, troverete anche altri prodotti: pasta madre, puree, sciroppi e limonate. Scopri come sono fatti!<\/h2>\n\n\n\n<p class=\"has-text-align-center\">Il lievito di barbabietola o di lampone e pomodoro di Nasza T\u0142ocznia ha un sapore e una consistenza unici. Dopo essere state messe sott&#039;aceto, le verdure vengono pressate in una pressa e poi versate in contenitori bag-in-box da 3 litri. Grazie a questo procedimento otteniamo un succo aromatico dalle verdure sott&#039;aceto e non solo l&#039;acqua di sgocciolatura derivante dal processo di marinatura. Il lievito madre non \u00e8 pastorizzato.<\/p>\n\n\n\n<p class=\"has-text-align-center\">Le puree di frutta e verdura sono ampiamente utilizzate dai clienti di Nasza T\u0142ocznia (soprattutto nel settore HoReCa). Vengono realizzati utilizzando una macchina speciale che macina le materie prime a una velocit\u00e0 adatta alla loro tipologia e forma. Dopo la grattugia, la frutta o la verdura vengono delicatamente pastorizzate a una temperatura massima di 78 gradi Celsius e poi versate in confezioni da 3 kg. Grazie alla loro consistenza, vendiamo le puree in chilogrammi.<\/p>\n\n\n\n<p class=\"has-text-align-center\">Gli sciroppi e le limonate a basso contenuto di zucchero di Nasza T\u0142ocznia sono prodotti a base di succhi naturali spremuti e pressati direttamente dal nostro stabilimento di produzione. La giusta combinazione di sapori e una piccola quantit\u00e0 di zucchero rendono 100% un prodotto naturale, sano e ricco di valore nutrizionale. Leggermente pastorizzato e versato in confezioni da 285 ml, 3 kg e 5 l.<\/p>","protected":false},"excerpt":{"rendered":"<p>W Naszej T\u0142oczni ka\u017cdy owoc, czy warzywo traktujemy indywidualnie &#8211; tak, jak na to zas\u0142uguj\u0105! Za to odwdzi\u0119czaj\u0105 nam si\u0119 najwy\u017csz\u0105 jako\u015bci\u0105 otrzymanego soku. Soki z cytryn, grejpfrut\u00f3w, czy pomara\u0144czy wyciskamy z po\u0142\u00f3wek przy pomocy specjalnej maszyny do wyciskania cytrus\u00f3w. Pozosta\u0142e owoce i warzywa zamieniamy w sok za pomoc\u0105 prasy ta\u015bmowej, na kt\u00f3rej s\u0105 one [&hellip;]<\/p>\n","protected":false},"author":1,"featured_media":0,"parent":0,"menu_order":0,"comment_status":"closed","ping_status":"closed","template":"","meta":{"footnotes":""},"class_list":["post-192","page","type-page","status-publish","hentry"],"yoast_head":"<!-- This site is optimized with the Yoast SEO plugin v24.9 - https:\/\/yoast.com\/wordpress\/plugins\/seo\/ -->\n<title>Jak powstaj\u0105 nasze produkty? - nfc-juices<\/title>\n<meta name=\"robots\" content=\"index, follow, max-snippet:-1, max-image-preview:large, max-video-preview:-1\" \/>\n<link rel=\"canonical\" href=\"https:\/\/nfcjuices.com\/it\/come-vengono-realizzati-i-nostri-prodotti\/\" \/>\n<meta property=\"og:locale\" content=\"it_IT\" \/>\n<meta property=\"og:type\" content=\"article\" \/>\n<meta property=\"og:title\" content=\"Jak powstaj\u0105 nasze produkty? - nfc-juices\" \/>\n<meta property=\"og:description\" content=\"W Naszej T\u0142oczni ka\u017cdy owoc, czy warzywo traktujemy indywidualnie &#8211; tak, jak na to zas\u0142uguj\u0105! Za to odwdzi\u0119czaj\u0105 nam si\u0119 najwy\u017csz\u0105 jako\u015bci\u0105 otrzymanego soku. Soki z cytryn, grejpfrut\u00f3w, czy pomara\u0144czy wyciskamy z po\u0142\u00f3wek przy pomocy specjalnej maszyny do wyciskania cytrus\u00f3w. Pozosta\u0142e owoce i warzywa zamieniamy w sok za pomoc\u0105 prasy ta\u015bmowej, na kt\u00f3rej s\u0105 one [&hellip;]\" \/>\n<meta property=\"og:url\" content=\"https:\/\/nfcjuices.com\/it\/come-vengono-realizzati-i-nostri-prodotti\/\" \/>\n<meta property=\"og:site_name\" content=\"nfc-juices\" \/>\n<meta property=\"article:modified_time\" content=\"2025-04-17T09:41:07+00:00\" \/>\n<meta name=\"twitter:card\" content=\"summary_large_image\" \/>\n<meta name=\"twitter:label1\" content=\"Tempo di lettura stimato\" \/>\n\t<meta name=\"twitter:data1\" content=\"2 minuti\" \/>\n<script type=\"application\/ld+json\" class=\"yoast-schema-graph\">{\"@context\":\"https:\/\/schema.org\",\"@graph\":[{\"@type\":\"WebPage\",\"@id\":\"https:\/\/nfcjuices.com\/jak-powstaja-nasze-produkty\/\",\"url\":\"https:\/\/nfcjuices.com\/jak-powstaja-nasze-produkty\/\",\"name\":\"Jak powstaj\u0105 nasze produkty? - nfc-juices\",\"isPartOf\":{\"@id\":\"https:\/\/nfcjuices.com\/#website\"},\"datePublished\":\"2025-03-12T14:12:13+00:00\",\"dateModified\":\"2025-04-17T09:41:07+00:00\",\"breadcrumb\":{\"@id\":\"https:\/\/nfcjuices.com\/jak-powstaja-nasze-produkty\/#breadcrumb\"},\"inLanguage\":\"it-IT\",\"potentialAction\":[{\"@type\":\"ReadAction\",\"target\":[\"https:\/\/nfcjuices.com\/jak-powstaja-nasze-produkty\/\"]}]},{\"@type\":\"BreadcrumbList\",\"@id\":\"https:\/\/nfcjuices.com\/jak-powstaja-nasze-produkty\/#breadcrumb\",\"itemListElement\":[{\"@type\":\"ListItem\",\"position\":1,\"name\":\"Strona g\u0142\u00f3wna\",\"item\":\"https:\/\/nfcjuices.com\/\"},{\"@type\":\"ListItem\",\"position\":2,\"name\":\"Jak powstaj\u0105 nasze produkty?\"}]},{\"@type\":\"WebSite\",\"@id\":\"https:\/\/nfcjuices.com\/#website\",\"url\":\"https:\/\/nfcjuices.com\/\",\"name\":\"nfc-juices\",\"description\":\"Soki, przeciery, musy NFC w beczkach\",\"publisher\":{\"@id\":\"https:\/\/nfcjuices.com\/#organization\"},\"potentialAction\":[{\"@type\":\"SearchAction\",\"target\":{\"@type\":\"EntryPoint\",\"urlTemplate\":\"https:\/\/nfcjuices.com\/?s={search_term_string}\"},\"query-input\":{\"@type\":\"PropertyValueSpecification\",\"valueRequired\":true,\"valueName\":\"search_term_string\"}}],\"inLanguage\":\"it-IT\"},{\"@type\":\"Organization\",\"@id\":\"https:\/\/nfcjuices.com\/#organization\",\"name\":\"Nasza T\u0142ocznia\",\"url\":\"https:\/\/nfcjuices.com\/\",\"logo\":{\"@type\":\"ImageObject\",\"inLanguage\":\"it-IT\",\"@id\":\"https:\/\/nfcjuices.com\/#\/schema\/logo\/image\/\",\"url\":\"https:\/\/nfcjuices.com\/wp-content\/uploads\/2025\/05\/cropped-B2b-1.png\",\"contentUrl\":\"https:\/\/nfcjuices.com\/wp-content\/uploads\/2025\/05\/cropped-B2b-1.png\",\"width\":1199,\"height\":999,\"caption\":\"Nasza T\u0142ocznia\"},\"image\":{\"@id\":\"https:\/\/nfcjuices.com\/#\/schema\/logo\/image\/\"}}]}<\/script>\n<!-- \/ Yoast SEO plugin. -->","yoast_head_json":{"title":"Come vengono realizzati i nostri prodotti? - succhi nfc","robots":{"index":"index","follow":"follow","max-snippet":"max-snippet:-1","max-image-preview":"max-image-preview:large","max-video-preview":"max-video-preview:-1"},"canonical":"https:\/\/nfcjuices.com\/it\/come-vengono-realizzati-i-nostri-prodotti\/","og_locale":"it_IT","og_type":"article","og_title":"Jak powstaj\u0105 nasze produkty? - nfc-juices","og_description":"W Naszej T\u0142oczni ka\u017cdy owoc, czy warzywo traktujemy indywidualnie &#8211; tak, jak na to zas\u0142uguj\u0105! Za to odwdzi\u0119czaj\u0105 nam si\u0119 najwy\u017csz\u0105 jako\u015bci\u0105 otrzymanego soku. Soki z cytryn, grejpfrut\u00f3w, czy pomara\u0144czy wyciskamy z po\u0142\u00f3wek przy pomocy specjalnej maszyny do wyciskania cytrus\u00f3w. Pozosta\u0142e owoce i warzywa zamieniamy w sok za pomoc\u0105 prasy ta\u015bmowej, na kt\u00f3rej s\u0105 one [&hellip;]","og_url":"https:\/\/nfcjuices.com\/it\/come-vengono-realizzati-i-nostri-prodotti\/","og_site_name":"nfc-juices","article_modified_time":"2025-04-17T09:41:07+00:00","twitter_card":"summary_large_image","twitter_misc":{"Tempo di lettura stimato":"2 minuti"},"schema":{"@context":"https:\/\/schema.org","@graph":[{"@type":"WebPage","@id":"https:\/\/nfcjuices.com\/jak-powstaja-nasze-produkty\/","url":"https:\/\/nfcjuices.com\/jak-powstaja-nasze-produkty\/","name":"Come vengono realizzati i nostri prodotti? - succhi nfc","isPartOf":{"@id":"https:\/\/nfcjuices.com\/#website"},"datePublished":"2025-03-12T14:12:13+00:00","dateModified":"2025-04-17T09:41:07+00:00","breadcrumb":{"@id":"https:\/\/nfcjuices.com\/jak-powstaja-nasze-produkty\/#breadcrumb"},"inLanguage":"it-IT","potentialAction":[{"@type":"ReadAction","target":["https:\/\/nfcjuices.com\/jak-powstaja-nasze-produkty\/"]}]},{"@type":"BreadcrumbList","@id":"https:\/\/nfcjuices.com\/jak-powstaja-nasze-produkty\/#breadcrumb","itemListElement":[{"@type":"ListItem","position":1,"name":"Strona g\u0142\u00f3wna","item":"https:\/\/nfcjuices.com\/"},{"@type":"ListItem","position":2,"name":"Jak powstaj\u0105 nasze produkty?"}]},{"@type":"WebSite","@id":"https:\/\/nfcjuices.com\/#website","url":"https:\/\/nfcjuices.com\/","name":"succhi NFC","description":"Succhi, puree, mousse NFC in barili","publisher":{"@id":"https:\/\/nfcjuices.com\/#organization"},"potentialAction":[{"@type":"SearchAction","target":{"@type":"EntryPoint","urlTemplate":"https:\/\/nfcjuices.com\/?s={search_term_string}"},"query-input":{"@type":"PropertyValueSpecification","valueRequired":true,"valueName":"search_term_string"}}],"inLanguage":"it-IT"},{"@type":"Organization","@id":"https:\/\/nfcjuices.com\/#organization","name":"Il nostro impianto di pressatura","url":"https:\/\/nfcjuices.com\/","logo":{"@type":"ImageObject","inLanguage":"it-IT","@id":"https:\/\/nfcjuices.com\/#\/schema\/logo\/image\/","url":"https:\/\/nfcjuices.com\/wp-content\/uploads\/2025\/05\/cropped-B2b-1.png","contentUrl":"https:\/\/nfcjuices.com\/wp-content\/uploads\/2025\/05\/cropped-B2b-1.png","width":1199,"height":999,"caption":"Nasza T\u0142ocznia"},"image":{"@id":"https:\/\/nfcjuices.com\/#\/schema\/logo\/image\/"}}]}},"_links":{"self":[{"href":"https:\/\/nfcjuices.com\/it\/wp-json\/wp\/v2\/pages\/192","targetHints":{"allow":["GET"]}}],"collection":[{"href":"https:\/\/nfcjuices.com\/it\/wp-json\/wp\/v2\/pages"}],"about":[{"href":"https:\/\/nfcjuices.com\/it\/wp-json\/wp\/v2\/types\/page"}],"author":[{"embeddable":true,"href":"https:\/\/nfcjuices.com\/it\/wp-json\/wp\/v2\/users\/1"}],"replies":[{"embeddable":true,"href":"https:\/\/nfcjuices.com\/it\/wp-json\/wp\/v2\/comments?post=192"}],"version-history":[{"count":3,"href":"https:\/\/nfcjuices.com\/it\/wp-json\/wp\/v2\/pages\/192\/revisions"}],"predecessor-version":[{"id":996,"href":"https:\/\/nfcjuices.com\/it\/wp-json\/wp\/v2\/pages\/192\/revisions\/996"}],"wp:attachment":[{"href":"https:\/\/nfcjuices.com\/it\/wp-json\/wp\/v2\/media?parent=192"}],"curies":[{"name":"parola chiave","href":"https:\/\/api.w.org\/{rel}","templated":true}]}}