{"id":755,"date":"2025-04-04T16:13:12","date_gmt":"2025-04-04T14:13:12","guid":{"rendered":"https:\/\/nfcjuices.com\/produkt\/sok-100-wyciskana-czerwona-pomarancza-3l\/"},"modified":"2026-04-15T11:36:24","modified_gmt":"2026-04-15T09:36:24","slug":"mehu-100-puristettua-punaista-appelsiinimehua-3-l","status":"publish","type":"product","link":"https:\/\/nfcjuices.com\/fi\/produkt\/sok-100-wyciskana-czerwona-pomarancza-3l\/","title":{"rendered":"Mehu 100% Puristettu Punainen Appelsiini 3L"},"content":{"rendered":"<p><strong>Tuotetyyppi:<\/strong>\u00a0mehu<\/p>\n<p>&nbsp;<\/p>\n<p><strong>Brix-arvo:\u00a0<\/strong>Ainakin 14<br \/>\n<strong>Tekniset tiedot saatavilla pyynn\u00f6st\u00e4.<\/strong><\/p>\n<p>&nbsp;<\/p>\n<p><strong>Ravintoarvot:<\/strong><br \/>\nEnergia-arvo: 40 kcal<\/p>\n<p>Rasvaa: 0 g<\/p>\n<p>Hiilihydraatit: 10 g<\/p>\n<p>-sokerit mukaan lukien: 8 g<\/p>\n<p>Proteiinia: 0,5 g<\/p>\n<p>Suola: 0 g<\/p>","protected":false},"excerpt":{"rendered":"<p><strong>Ravintosis\u00e4lt\u00f6 per 100 ml:\u00a0<\/strong><\/p>\n<p><span data-contrast=\"auto\">Energia-arvo: 40 kcal<\/span><span data-ccp-props=\"{\">\u00a0<\/span><\/p>\n<p><span data-contrast=\"auto\">\u00a0Rasvaa: 0 g<\/span><span data-ccp-props=\"{\">\u00a0<\/span><\/p>\n<p><span data-contrast=\"auto\">\u00a0Hiilihydraatit: 10 g<\/span> <span data-ccp-props=\"{\">\u00a0<\/span><\/p>\n<p><span data-contrast=\"auto\">\u00a0 -sokerit mukaan lukien: 8 g<\/span><span data-ccp-props=\"{\">\u00a0<\/span><\/p>\n<p><span data-contrast=\"auto\">\u00a0Proteiini: 0,5<\/span><\/p>\n<p>Suola: 0 g<\/p>","protected":false},"featured_media":754,"comment_status":"open","ping_status":"closed","template":"","meta":[],"product_brand":[],"product_cat":[30],"product_tag":[],"class_list":{"0":"post-755","1":"product","2":"type-product","3":"status-publish","4":"has-post-thumbnail","6":"product_cat-soki-wyciskane-nfc","7":"pa_pojemnosc-3l","9":"first","10":"instock","11":"taxable","12":"shipping-taxable","13":"purchasable","14":"product-type-simple"},"yoast_head":"<!-- This site is optimized with the Yoast SEO plugin v24.9 - https:\/\/yoast.com\/wordpress\/plugins\/seo\/ -->\n<title>Sok 100% WYCISKANA Czerwona Pomara\u0144cza 3L - nfc-juices<\/title>\n<meta name=\"robots\" content=\"index, follow, max-snippet:-1, max-image-preview:large, max-video-preview:-1\" \/>\n<link rel=\"canonical\" href=\"https:\/\/nfcjuices.com\/fi\/tuote\/mehu-100-puristettua-punaista-appelsiinimehua-3-l\/\" \/>\n<meta property=\"og:locale\" content=\"fi_FI\" \/>\n<meta property=\"og:type\" content=\"article\" \/>\n<meta property=\"og:title\" content=\"Sok 100% WYCISKANA Czerwona Pomara\u0144cza 3L - nfc-juices\" \/>\n<meta property=\"og:description\" content=\"Warto\u015bci od\u017cywcze w 100ml:\u00a0  Warto\u015b\u0107 en.: 40 kcal\u00a0  \u00a0T\u0142uszcz: 0g\u00a0  \u00a0W\u0119glowodany: 10g \u00a0  \u00a0 -w tym cukry: 8g\u00a0  \u00a0Bia\u0142ko: 0,5  S\u00f3l: 0g\" \/>\n<meta property=\"og:url\" content=\"https:\/\/nfcjuices.com\/fi\/tuote\/mehu-100-puristettua-punaista-appelsiinimehua-3-l\/\" \/>\n<meta property=\"og:site_name\" content=\"nfc-juices\" \/>\n<meta property=\"article:modified_time\" content=\"2026-04-15T09:36:24+00:00\" \/>\n<meta property=\"og:image\" content=\"https:\/\/nfcjuices.com\/wp-content\/uploads\/2025\/04\/Strona-Nowy-Karton-Pomarancza-Moro-2-1.png\" \/>\n\t<meta property=\"og:image:width\" content=\"750\" \/>\n\t<meta property=\"og:image:height\" content=\"750\" \/>\n\t<meta property=\"og:image:type\" content=\"image\/png\" \/>\n<meta name=\"twitter:card\" content=\"summary_large_image\" \/>\n<meta name=\"twitter:label1\" content=\"Arvioitu lukuaika\" \/>\n\t<meta name=\"twitter:data1\" content=\"3 minuuttia\" \/>\n<script type=\"application\/ld+json\" class=\"yoast-schema-graph\">{\"@context\":\"https:\/\/schema.org\",\"@graph\":[{\"@type\":\"WebPage\",\"@id\":\"https:\/\/nfcjuices.com\/produkt\/sok-100-wyciskana-czerwona-pomarancza-3l\/\",\"url\":\"https:\/\/nfcjuices.com\/produkt\/sok-100-wyciskana-czerwona-pomarancza-3l\/\",\"name\":\"Sok 100% WYCISKANA Czerwona Pomara\u0144cza 3L - nfc-juices\",\"isPartOf\":{\"@id\":\"https:\/\/nfcjuices.com\/#website\"},\"primaryImageOfPage\":{\"@id\":\"https:\/\/nfcjuices.com\/produkt\/sok-100-wyciskana-czerwona-pomarancza-3l\/#primaryimage\"},\"image\":{\"@id\":\"https:\/\/nfcjuices.com\/produkt\/sok-100-wyciskana-czerwona-pomarancza-3l\/#primaryimage\"},\"thumbnailUrl\":\"https:\/\/nfcjuices.com\/wp-content\/uploads\/2025\/04\/Strona-Nowy-Karton-Pomarancza-Moro-2-1.png\",\"datePublished\":\"2025-04-04T14:13:12+00:00\",\"dateModified\":\"2026-04-15T09:36:24+00:00\",\"breadcrumb\":{\"@id\":\"https:\/\/nfcjuices.com\/produkt\/sok-100-wyciskana-czerwona-pomarancza-3l\/#breadcrumb\"},\"inLanguage\":\"fi\",\"potentialAction\":[{\"@type\":\"ReadAction\",\"target\":[\"https:\/\/nfcjuices.com\/produkt\/sok-100-wyciskana-czerwona-pomarancza-3l\/\"]}]},{\"@type\":\"ImageObject\",\"inLanguage\":\"fi\",\"@id\":\"https:\/\/nfcjuices.com\/produkt\/sok-100-wyciskana-czerwona-pomarancza-3l\/#primaryimage\",\"url\":\"https:\/\/nfcjuices.com\/wp-content\/uploads\/2025\/04\/Strona-Nowy-Karton-Pomarancza-Moro-2-1.png\",\"contentUrl\":\"https:\/\/nfcjuices.com\/wp-content\/uploads\/2025\/04\/Strona-Nowy-Karton-Pomarancza-Moro-2-1.png\",\"width\":750,\"height\":750},{\"@type\":\"BreadcrumbList\",\"@id\":\"https:\/\/nfcjuices.com\/produkt\/sok-100-wyciskana-czerwona-pomarancza-3l\/#breadcrumb\",\"itemListElement\":[{\"@type\":\"ListItem\",\"position\":1,\"name\":\"Strona g\u0142\u00f3wna\",\"item\":\"https:\/\/nfcjuices.com\/\"},{\"@type\":\"ListItem\",\"position\":2,\"name\":\"Nasze produkty\",\"item\":\"https:\/\/nfcjuices.com\/sv\/vara-produkter\/\"},{\"@type\":\"ListItem\",\"position\":3,\"name\":\"Sok 100% WYCISKANA Czerwona Pomara\u0144cza 3L\"}]},{\"@type\":\"WebSite\",\"@id\":\"https:\/\/nfcjuices.com\/#website\",\"url\":\"https:\/\/nfcjuices.com\/\",\"name\":\"nfc-juices\",\"description\":\"Soki, przeciery, musy NFC w beczkach\",\"publisher\":{\"@id\":\"https:\/\/nfcjuices.com\/#organization\"},\"potentialAction\":[{\"@type\":\"SearchAction\",\"target\":{\"@type\":\"EntryPoint\",\"urlTemplate\":\"https:\/\/nfcjuices.com\/?s={search_term_string}\"},\"query-input\":{\"@type\":\"PropertyValueSpecification\",\"valueRequired\":true,\"valueName\":\"search_term_string\"}}],\"inLanguage\":\"fi\"},{\"@type\":\"Organization\",\"@id\":\"https:\/\/nfcjuices.com\/#organization\",\"name\":\"Nasza T\u0142ocznia\",\"url\":\"https:\/\/nfcjuices.com\/\",\"logo\":{\"@type\":\"ImageObject\",\"inLanguage\":\"fi\",\"@id\":\"https:\/\/nfcjuices.com\/#\/schema\/logo\/image\/\",\"url\":\"https:\/\/nfcjuices.com\/wp-content\/uploads\/2025\/05\/cropped-B2b-1.png\",\"contentUrl\":\"https:\/\/nfcjuices.com\/wp-content\/uploads\/2025\/05\/cropped-B2b-1.png\",\"width\":1199,\"height\":999,\"caption\":\"Nasza T\u0142ocznia\"},\"image\":{\"@id\":\"https:\/\/nfcjuices.com\/#\/schema\/logo\/image\/\"}}]}<\/script>\n<!-- \/ Yoast SEO plugin. -->","yoast_head_json":{"title":"Mehu 100% Puristettu Punainen Appelsiini 3L - nfc-juices","robots":{"index":"index","follow":"follow","max-snippet":"max-snippet:-1","max-image-preview":"max-image-preview:large","max-video-preview":"max-video-preview:-1"},"canonical":"https:\/\/nfcjuices.com\/fi\/tuote\/mehu-100-puristettua-punaista-appelsiinimehua-3-l\/","og_locale":"fi_FI","og_type":"article","og_title":"Sok 100% WYCISKANA Czerwona Pomara\u0144cza 3L - nfc-juices","og_description":"Warto\u015bci od\u017cywcze w 100ml:\u00a0  Warto\u015b\u0107 en.: 40 kcal\u00a0  \u00a0T\u0142uszcz: 0g\u00a0  \u00a0W\u0119glowodany: 10g \u00a0  \u00a0 -w tym cukry: 8g\u00a0  \u00a0Bia\u0142ko: 0,5  S\u00f3l: 0g","og_url":"https:\/\/nfcjuices.com\/fi\/tuote\/mehu-100-puristettua-punaista-appelsiinimehua-3-l\/","og_site_name":"nfc-juices","article_modified_time":"2026-04-15T09:36:24+00:00","og_image":[{"width":750,"height":750,"url":"https:\/\/nfcjuices.com\/wp-content\/uploads\/2025\/04\/Strona-Nowy-Karton-Pomarancza-Moro-2-1.png","type":"image\/png"}],"twitter_card":"summary_large_image","twitter_misc":{"Arvioitu lukuaika":"3 minuuttia"},"schema":{"@context":"https:\/\/schema.org","@graph":[{"@type":"WebPage","@id":"https:\/\/nfcjuices.com\/produkt\/sok-100-wyciskana-czerwona-pomarancza-3l\/","url":"https:\/\/nfcjuices.com\/produkt\/sok-100-wyciskana-czerwona-pomarancza-3l\/","name":"Mehu 100% Puristettu Punainen Appelsiini 3L - nfc-juices","isPartOf":{"@id":"https:\/\/nfcjuices.com\/#website"},"primaryImageOfPage":{"@id":"https:\/\/nfcjuices.com\/produkt\/sok-100-wyciskana-czerwona-pomarancza-3l\/#primaryimage"},"image":{"@id":"https:\/\/nfcjuices.com\/produkt\/sok-100-wyciskana-czerwona-pomarancza-3l\/#primaryimage"},"thumbnailUrl":"https:\/\/nfcjuices.com\/wp-content\/uploads\/2025\/04\/Strona-Nowy-Karton-Pomarancza-Moro-2-1.png","datePublished":"2025-04-04T14:13:12+00:00","dateModified":"2026-04-15T09:36:24+00:00","breadcrumb":{"@id":"https:\/\/nfcjuices.com\/produkt\/sok-100-wyciskana-czerwona-pomarancza-3l\/#breadcrumb"},"inLanguage":"fi","potentialAction":[{"@type":"ReadAction","target":["https:\/\/nfcjuices.com\/produkt\/sok-100-wyciskana-czerwona-pomarancza-3l\/"]}]},{"@type":"ImageObject","inLanguage":"fi","@id":"https:\/\/nfcjuices.com\/produkt\/sok-100-wyciskana-czerwona-pomarancza-3l\/#primaryimage","url":"https:\/\/nfcjuices.com\/wp-content\/uploads\/2025\/04\/Strona-Nowy-Karton-Pomarancza-Moro-2-1.png","contentUrl":"https:\/\/nfcjuices.com\/wp-content\/uploads\/2025\/04\/Strona-Nowy-Karton-Pomarancza-Moro-2-1.png","width":750,"height":750},{"@type":"BreadcrumbList","@id":"https:\/\/nfcjuices.com\/produkt\/sok-100-wyciskana-czerwona-pomarancza-3l\/#breadcrumb","itemListElement":[{"@type":"ListItem","position":1,"name":"Strona g\u0142\u00f3wna","item":"https:\/\/nfcjuices.com\/"},{"@type":"ListItem","position":2,"name":"Nasze produkty","item":"https:\/\/nfcjuices.com\/sv\/vara-produkter\/"},{"@type":"ListItem","position":3,"name":"Sok 100% WYCISKANA Czerwona Pomara\u0144cza 3L"}]},{"@type":"WebSite","@id":"https:\/\/nfcjuices.com\/#website","url":"https:\/\/nfcjuices.com\/","name":"nfc-mehut","description":"Mehut, soseet, NFC-vaahdot tynnyreiss\u00e4","publisher":{"@id":"https:\/\/nfcjuices.com\/#organization"},"potentialAction":[{"@type":"SearchAction","target":{"@type":"EntryPoint","urlTemplate":"https:\/\/nfcjuices.com\/?s={search_term_string}"},"query-input":{"@type":"PropertyValueSpecification","valueRequired":true,"valueName":"search_term_string"}}],"inLanguage":"fi"},{"@type":"Organization","@id":"https:\/\/nfcjuices.com\/#organization","name":"Puristuslaitoksemme","url":"https:\/\/nfcjuices.com\/","logo":{"@type":"ImageObject","inLanguage":"fi","@id":"https:\/\/nfcjuices.com\/#\/schema\/logo\/image\/","url":"https:\/\/nfcjuices.com\/wp-content\/uploads\/2025\/05\/cropped-B2b-1.png","contentUrl":"https:\/\/nfcjuices.com\/wp-content\/uploads\/2025\/05\/cropped-B2b-1.png","width":1199,"height":999,"caption":"Nasza T\u0142ocznia"},"image":{"@id":"https:\/\/nfcjuices.com\/#\/schema\/logo\/image\/"}}]}},"_links":{"self":[{"href":"https:\/\/nfcjuices.com\/fi\/wp-json\/wp\/v2\/product\/755","targetHints":{"allow":["GET"]}}],"collection":[{"href":"https:\/\/nfcjuices.com\/fi\/wp-json\/wp\/v2\/product"}],"about":[{"href":"https:\/\/nfcjuices.com\/fi\/wp-json\/wp\/v2\/types\/product"}],"replies":[{"embeddable":true,"href":"https:\/\/nfcjuices.com\/fi\/wp-json\/wp\/v2\/comments?post=755"}],"wp:featuredmedia":[{"embeddable":true,"href":"https:\/\/nfcjuices.com\/fi\/wp-json\/wp\/v2\/media\/754"}],"wp:attachment":[{"href":"https:\/\/nfcjuices.com\/fi\/wp-json\/wp\/v2\/media?parent=755"}],"wp:term":[{"taxonomy":"product_brand","embeddable":true,"href":"https:\/\/nfcjuices.com\/fi\/wp-json\/wp\/v2\/product_brand?post=755"},{"taxonomy":"product_cat","embeddable":true,"href":"https:\/\/nfcjuices.com\/fi\/wp-json\/wp\/v2\/product_cat?post=755"},{"taxonomy":"product_tag","embeddable":true,"href":"https:\/\/nfcjuices.com\/fi\/wp-json\/wp\/v2\/product_tag?post=755"}],"curies":[{"name":"wp","href":"https:\/\/api.w.org\/{rel}","templated":true}]}}