{"id":625,"date":"2025-04-04T16:10:49","date_gmt":"2025-04-04T14:10:49","guid":{"rendered":"https:\/\/nfcjuices.com\/produkt\/sok-100-tloczony-wisnia-dna-moczanowa-sport-3l\/"},"modified":"2026-04-19T11:19:09","modified_gmt":"2026-04-19T09:19:09","slug":"100-puristettua-kirsikkamehua-kihtiurheiluun-3-l","status":"publish","type":"product","link":"https:\/\/nfcjuices.com\/fi\/produkt\/sok-100-tloczony-wisnia-dna-moczanowa-sport-3l\/","title":{"rendered":"Mehu 100% puristettu kirsikka kihti sport 3L"},"content":{"rendered":"<h4><img fetchpriority=\"high\" decoding=\"async\" class=\"size-large wp-image-2490 aligncenter\" src=\"https:\/\/naszatlocznia.pl\/wp-content\/uploads\/2022\/04\/baner-Allegro-nowy-03.2022-1-1024x436.png\" alt=\"\" width=\"980\" height=\"417\" \/><\/h4>\n<p>\u00a0<\/p>\n<h4 style=\"text-align: center\">Terveytt\u00e4 puolalaisen hedelm\u00e4nviljelyn syd\u00e4mest\u00e4 \u2013 n\u00e4it\u00e4 ovat Nasza T\u0142ocznian mehut.<\/h4>\n<h4 style=\"text-align: center\"><strong>Luonnollinen 100% kylm\u00e4puristettu kirsikkamehu. Hapan \u2013 ei lis\u00e4tty\u00e4 sokeria tai s\u00e4il\u00f6nt\u00e4aineita. <\/strong><\/h4>\n<h4 style=\"text-align: center\">Korkea polyfenolipitoisuus <strong>on tulehdusta est\u00e4vi\u00e4 ominaisuuksia<\/strong>, v\u00e4hent\u00e4\u00e4 lihasvaurioita ja s\u00e4\u00e4telee kiputasoja. Kirsikkamehun t\u00e4rkein vaikutus urheilijoihin on <strong>regeneraation kiihtyminen liikunnan j\u00e4lkeen<\/strong>sek\u00e4 kest\u00e4vyys- ett\u00e4 voimalajeissa. T\u00e4m\u00e4 tekee harjoittelusta tehokkaampaa.<\/h4>\n<h4 style=\"text-align: center\"><strong> Se tukee my\u00f6s sellaisten sairauksien kuin kihdin hoitoa.\u00a0<\/strong><\/h4>\n<p>\u00a0<\/p>\n<p><img decoding=\"async\" class=\"wp-image-6680 aligncenter\" src=\"https:\/\/naszatlocznia.pl\/wp-content\/uploads\/2022\/01\/Strona-Nowy-Karton-Wisnia.png\" alt=\"\" width=\"530\" height=\"530\" \/><\/p>\n<h4><\/h4>\n<h4><strong>Pakkaus:<\/strong> bag in box -pakkaus \u2013 k\u00e4tev\u00e4ss\u00e4 pahvilaatikossa oleva hanalla varustettu pussi helppoa kaatamista varten.<\/h4>\n<h4><b>Koostumus<\/b>100% NFC-kirsikanmehu (ei tiivisteest\u00e4!).<\/h4>\n<h4><strong>S\u00e4ilytys:<\/strong>\u00a0Aivan kuten kotitekoiset hillot, mehut tulee s\u00e4ilytt\u00e4\u00e4 varjoisassa ja viile\u00e4ss\u00e4 paikassa.<br \/>\n<strong>Kaataminen:<\/strong> Mehu tulee kaataa hana alasp\u00e4in varmistaen, ett\u00e4 se on aina mehun peitossa. Ravista astiaa ennen jokaista kaatamista sis\u00e4ll\u00f6n sekoittamiseksi.<br \/>\n<strong>Tuoreustakuu:<\/strong>\u00a0Oikea kaataminen varmistaa, ettei pakkauksen sis\u00e4\u00e4n p\u00e4\u00e4se ilmaa, mik\u00e4 pit\u00e4\u00e4 mehun tuoreena.<br \/>\n<strong>Avaamisen j\u00e4lkeen:<\/strong> Mehu tulee s\u00e4ilytt\u00e4\u00e4 j\u00e4\u00e4kaapissa ja k\u00e4ytt\u00e4\u00e4 30 p\u00e4iv\u00e4n kuluessa, edellytt\u00e4en ett\u00e4 se kaadetaan pystyasennossa eik\u00e4 pakkauksen sis\u00e4\u00e4n p\u00e4\u00e4se ilmaa.<\/h4>\n<h4><strong>Annostus:<\/strong> 200 ml p\u00e4iv\u00e4ss\u00e4.<\/h4>\n<h4><strong>Voimassaolop\u00e4iv\u00e4:<\/strong> v\u00e4hint\u00e4\u00e4n 3 kuukautta ostop\u00e4iv\u00e4st\u00e4.<\/h4>\n<h4><\/h4>\n<h4 style=\"text-align: center\"><strong>Tutustu itse, tilaa nyt!<\/strong><\/h4>","protected":false},"excerpt":{"rendered":"<p><img decoding=\"async\" class=\"alignnone size-large wp-image-446\" src=\"https:\/\/naszatlocznia.pl\/wp-content\/uploads\/2021\/06\/wartosci-odzywcze-WISNIA-914x1024.jpg\" alt=\"\" width=\"914\" height=\"1024\" \/><\/p>","protected":false},"featured_media":624,"comment_status":"open","ping_status":"closed","template":"","meta":[],"product_brand":[],"product_cat":[26],"product_tag":[],"class_list":{"0":"post-625","1":"product","2":"type-product","3":"status-publish","4":"has-post-thumbnail","6":"product_cat-soki-tloczone-nfc","7":"pa_pojemnosc-3l","9":"first","10":"instock","11":"taxable","12":"shipping-taxable","13":"purchasable","14":"product-type-simple"},"yoast_head":"<!-- This site is optimized with the Yoast SEO plugin v24.9 - https:\/\/yoast.com\/wordpress\/plugins\/seo\/ -->\n<title>Sok 100% t\u0142oczony Wi\u015bnia dna moczanowa sport 3L - nfc-juices<\/title>\n<meta name=\"robots\" content=\"index, follow, max-snippet:-1, max-image-preview:large, max-video-preview:-1\" \/>\n<link rel=\"canonical\" href=\"https:\/\/nfcjuices.com\/fi\/tuote\/100-puristettua-kirsikkamehua-kihtiurheiluun-3-l\/\" \/>\n<meta property=\"og:locale\" content=\"fi_FI\" \/>\n<meta property=\"og:type\" content=\"article\" \/>\n<meta property=\"og:title\" content=\"Sok 100% t\u0142oczony Wi\u015bnia dna moczanowa sport 3L - nfc-juices\" \/>\n<meta property=\"og:url\" content=\"https:\/\/nfcjuices.com\/fi\/tuote\/100-puristettua-kirsikkamehua-kihtiurheiluun-3-l\/\" \/>\n<meta property=\"og:site_name\" content=\"nfc-juices\" \/>\n<meta property=\"article:modified_time\" content=\"2026-04-19T09:19:09+00:00\" \/>\n<meta property=\"og:image\" content=\"https:\/\/nfcjuices.com\/wp-content\/uploads\/2025\/04\/Strona-Nowy-Karton-Wisnia.png\" \/>\n\t<meta property=\"og:image:width\" content=\"750\" \/>\n\t<meta property=\"og:image:height\" content=\"750\" \/>\n\t<meta property=\"og:image:type\" content=\"image\/png\" \/>\n<meta name=\"twitter:card\" content=\"summary_large_image\" \/>\n<meta name=\"twitter:label1\" content=\"Arvioitu lukuaika\" \/>\n\t<meta name=\"twitter:data1\" content=\"1 minuutti\" \/>\n<script type=\"application\/ld+json\" class=\"yoast-schema-graph\">{\"@context\":\"https:\/\/schema.org\",\"@graph\":[{\"@type\":\"WebPage\",\"@id\":\"https:\/\/nfcjuices.com\/produkt\/sok-100-tloczony-wisnia-dna-moczanowa-sport-3l\/\",\"url\":\"https:\/\/nfcjuices.com\/produkt\/sok-100-tloczony-wisnia-dna-moczanowa-sport-3l\/\",\"name\":\"Sok 100% t\u0142oczony Wi\u015bnia dna moczanowa sport 3L - nfc-juices\",\"isPartOf\":{\"@id\":\"https:\/\/nfcjuices.com\/#website\"},\"primaryImageOfPage\":{\"@id\":\"https:\/\/nfcjuices.com\/produkt\/sok-100-tloczony-wisnia-dna-moczanowa-sport-3l\/#primaryimage\"},\"image\":{\"@id\":\"https:\/\/nfcjuices.com\/produkt\/sok-100-tloczony-wisnia-dna-moczanowa-sport-3l\/#primaryimage\"},\"thumbnailUrl\":\"https:\/\/nfcjuices.com\/wp-content\/uploads\/2025\/04\/Strona-Nowy-Karton-Wisnia.png\",\"datePublished\":\"2025-04-04T14:10:49+00:00\",\"dateModified\":\"2026-04-19T09:19:09+00:00\",\"breadcrumb\":{\"@id\":\"https:\/\/nfcjuices.com\/produkt\/sok-100-tloczony-wisnia-dna-moczanowa-sport-3l\/#breadcrumb\"},\"inLanguage\":\"fi\",\"potentialAction\":[{\"@type\":\"ReadAction\",\"target\":[\"https:\/\/nfcjuices.com\/produkt\/sok-100-tloczony-wisnia-dna-moczanowa-sport-3l\/\"]}]},{\"@type\":\"ImageObject\",\"inLanguage\":\"fi\",\"@id\":\"https:\/\/nfcjuices.com\/produkt\/sok-100-tloczony-wisnia-dna-moczanowa-sport-3l\/#primaryimage\",\"url\":\"https:\/\/nfcjuices.com\/wp-content\/uploads\/2025\/04\/Strona-Nowy-Karton-Wisnia.png\",\"contentUrl\":\"https:\/\/nfcjuices.com\/wp-content\/uploads\/2025\/04\/Strona-Nowy-Karton-Wisnia.png\",\"width\":750,\"height\":750},{\"@type\":\"BreadcrumbList\",\"@id\":\"https:\/\/nfcjuices.com\/produkt\/sok-100-tloczony-wisnia-dna-moczanowa-sport-3l\/#breadcrumb\",\"itemListElement\":[{\"@type\":\"ListItem\",\"position\":1,\"name\":\"Strona g\u0142\u00f3wna\",\"item\":\"https:\/\/nfcjuices.com\/\"},{\"@type\":\"ListItem\",\"position\":2,\"name\":\"Nasze produkty\",\"item\":\"https:\/\/nfcjuices.com\/sv\/vara-produkter\/\"},{\"@type\":\"ListItem\",\"position\":3,\"name\":\"Sok 100% t\u0142oczony Wi\u015bnia dna moczanowa sport 3L\"}]},{\"@type\":\"WebSite\",\"@id\":\"https:\/\/nfcjuices.com\/#website\",\"url\":\"https:\/\/nfcjuices.com\/\",\"name\":\"nfc-juices\",\"description\":\"Soki, przeciery, musy NFC w beczkach\",\"publisher\":{\"@id\":\"https:\/\/nfcjuices.com\/#organization\"},\"potentialAction\":[{\"@type\":\"SearchAction\",\"target\":{\"@type\":\"EntryPoint\",\"urlTemplate\":\"https:\/\/nfcjuices.com\/?s={search_term_string}\"},\"query-input\":{\"@type\":\"PropertyValueSpecification\",\"valueRequired\":true,\"valueName\":\"search_term_string\"}}],\"inLanguage\":\"fi\"},{\"@type\":\"Organization\",\"@id\":\"https:\/\/nfcjuices.com\/#organization\",\"name\":\"Nasza T\u0142ocznia\",\"url\":\"https:\/\/nfcjuices.com\/\",\"logo\":{\"@type\":\"ImageObject\",\"inLanguage\":\"fi\",\"@id\":\"https:\/\/nfcjuices.com\/#\/schema\/logo\/image\/\",\"url\":\"https:\/\/nfcjuices.com\/wp-content\/uploads\/2025\/05\/cropped-B2b-1.png\",\"contentUrl\":\"https:\/\/nfcjuices.com\/wp-content\/uploads\/2025\/05\/cropped-B2b-1.png\",\"width\":1199,\"height\":999,\"caption\":\"Nasza T\u0142ocznia\"},\"image\":{\"@id\":\"https:\/\/nfcjuices.com\/#\/schema\/logo\/image\/\"}}]}<\/script>\n<!-- \/ Yoast SEO plugin. -->","yoast_head_json":{"title":"Mehu 100% puristettu kirsikka kihti sport 3L - nfc-mehut","robots":{"index":"index","follow":"follow","max-snippet":"max-snippet:-1","max-image-preview":"max-image-preview:large","max-video-preview":"max-video-preview:-1"},"canonical":"https:\/\/nfcjuices.com\/fi\/tuote\/100-puristettua-kirsikkamehua-kihtiurheiluun-3-l\/","og_locale":"fi_FI","og_type":"article","og_title":"Sok 100% t\u0142oczony Wi\u015bnia dna moczanowa sport 3L - nfc-juices","og_url":"https:\/\/nfcjuices.com\/fi\/tuote\/100-puristettua-kirsikkamehua-kihtiurheiluun-3-l\/","og_site_name":"nfc-juices","article_modified_time":"2026-04-19T09:19:09+00:00","og_image":[{"width":750,"height":750,"url":"https:\/\/nfcjuices.com\/wp-content\/uploads\/2025\/04\/Strona-Nowy-Karton-Wisnia.png","type":"image\/png"}],"twitter_card":"summary_large_image","twitter_misc":{"Arvioitu lukuaika":"1 minuutti"},"schema":{"@context":"https:\/\/schema.org","@graph":[{"@type":"WebPage","@id":"https:\/\/nfcjuices.com\/produkt\/sok-100-tloczony-wisnia-dna-moczanowa-sport-3l\/","url":"https:\/\/nfcjuices.com\/produkt\/sok-100-tloczony-wisnia-dna-moczanowa-sport-3l\/","name":"Mehu 100% puristettu kirsikka kihti sport 3L - nfc-mehut","isPartOf":{"@id":"https:\/\/nfcjuices.com\/#website"},"primaryImageOfPage":{"@id":"https:\/\/nfcjuices.com\/produkt\/sok-100-tloczony-wisnia-dna-moczanowa-sport-3l\/#primaryimage"},"image":{"@id":"https:\/\/nfcjuices.com\/produkt\/sok-100-tloczony-wisnia-dna-moczanowa-sport-3l\/#primaryimage"},"thumbnailUrl":"https:\/\/nfcjuices.com\/wp-content\/uploads\/2025\/04\/Strona-Nowy-Karton-Wisnia.png","datePublished":"2025-04-04T14:10:49+00:00","dateModified":"2026-04-19T09:19:09+00:00","breadcrumb":{"@id":"https:\/\/nfcjuices.com\/produkt\/sok-100-tloczony-wisnia-dna-moczanowa-sport-3l\/#breadcrumb"},"inLanguage":"fi","potentialAction":[{"@type":"ReadAction","target":["https:\/\/nfcjuices.com\/produkt\/sok-100-tloczony-wisnia-dna-moczanowa-sport-3l\/"]}]},{"@type":"ImageObject","inLanguage":"fi","@id":"https:\/\/nfcjuices.com\/produkt\/sok-100-tloczony-wisnia-dna-moczanowa-sport-3l\/#primaryimage","url":"https:\/\/nfcjuices.com\/wp-content\/uploads\/2025\/04\/Strona-Nowy-Karton-Wisnia.png","contentUrl":"https:\/\/nfcjuices.com\/wp-content\/uploads\/2025\/04\/Strona-Nowy-Karton-Wisnia.png","width":750,"height":750},{"@type":"BreadcrumbList","@id":"https:\/\/nfcjuices.com\/produkt\/sok-100-tloczony-wisnia-dna-moczanowa-sport-3l\/#breadcrumb","itemListElement":[{"@type":"ListItem","position":1,"name":"Strona g\u0142\u00f3wna","item":"https:\/\/nfcjuices.com\/"},{"@type":"ListItem","position":2,"name":"Nasze produkty","item":"https:\/\/nfcjuices.com\/sv\/vara-produkter\/"},{"@type":"ListItem","position":3,"name":"Sok 100% t\u0142oczony Wi\u015bnia dna moczanowa sport 3L"}]},{"@type":"WebSite","@id":"https:\/\/nfcjuices.com\/#website","url":"https:\/\/nfcjuices.com\/","name":"nfc-mehut","description":"Mehut, soseet, NFC-vaahdot tynnyreiss\u00e4","publisher":{"@id":"https:\/\/nfcjuices.com\/#organization"},"potentialAction":[{"@type":"SearchAction","target":{"@type":"EntryPoint","urlTemplate":"https:\/\/nfcjuices.com\/?s={search_term_string}"},"query-input":{"@type":"PropertyValueSpecification","valueRequired":true,"valueName":"search_term_string"}}],"inLanguage":"fi"},{"@type":"Organization","@id":"https:\/\/nfcjuices.com\/#organization","name":"Puristuslaitoksemme","url":"https:\/\/nfcjuices.com\/","logo":{"@type":"ImageObject","inLanguage":"fi","@id":"https:\/\/nfcjuices.com\/#\/schema\/logo\/image\/","url":"https:\/\/nfcjuices.com\/wp-content\/uploads\/2025\/05\/cropped-B2b-1.png","contentUrl":"https:\/\/nfcjuices.com\/wp-content\/uploads\/2025\/05\/cropped-B2b-1.png","width":1199,"height":999,"caption":"Nasza T\u0142ocznia"},"image":{"@id":"https:\/\/nfcjuices.com\/#\/schema\/logo\/image\/"}}]}},"_links":{"self":[{"href":"https:\/\/nfcjuices.com\/fi\/wp-json\/wp\/v2\/product\/625","targetHints":{"allow":["GET"]}}],"collection":[{"href":"https:\/\/nfcjuices.com\/fi\/wp-json\/wp\/v2\/product"}],"about":[{"href":"https:\/\/nfcjuices.com\/fi\/wp-json\/wp\/v2\/types\/product"}],"replies":[{"embeddable":true,"href":"https:\/\/nfcjuices.com\/fi\/wp-json\/wp\/v2\/comments?post=625"}],"wp:featuredmedia":[{"embeddable":true,"href":"https:\/\/nfcjuices.com\/fi\/wp-json\/wp\/v2\/media\/624"}],"wp:attachment":[{"href":"https:\/\/nfcjuices.com\/fi\/wp-json\/wp\/v2\/media?parent=625"}],"wp:term":[{"taxonomy":"product_brand","embeddable":true,"href":"https:\/\/nfcjuices.com\/fi\/wp-json\/wp\/v2\/product_brand?post=625"},{"taxonomy":"product_cat","embeddable":true,"href":"https:\/\/nfcjuices.com\/fi\/wp-json\/wp\/v2\/product_cat?post=625"},{"taxonomy":"product_tag","embeddable":true,"href":"https:\/\/nfcjuices.com\/fi\/wp-json\/wp\/v2\/product_tag?post=625"}],"curies":[{"name":"wp","href":"https:\/\/api.w.org\/{rel}","templated":true}]}}