{"id":610,"date":"2025-04-04T16:10:38","date_gmt":"2025-04-04T14:10:38","guid":{"rendered":"https:\/\/nfcjuices.com\/produkt\/sok-100-tloczony-czerwona-porzeczka-3l\/"},"modified":"2026-04-15T11:54:44","modified_gmt":"2026-04-15T09:54:44","slug":"100-puristettua-punaherukkamehua-3-l","status":"publish","type":"product","link":"https:\/\/nfcjuices.com\/fi\/produkt\/sok-100-tloczony-czerwona-porzeczka-3l\/","title":{"rendered":"Mehu 100% puristettu punaherukka 3L"},"content":{"rendered":"<p style=\"margin-bottom: 1.41575em; font-size: 18px; font-weight: 400;\"><span style=\"font-weight: 600;\">Tuotetyyppi:<\/span>\u00a0mehu<\/p>\n<p style=\"margin-bottom: 1.41575em; font-size: 18px; font-weight: 400;\"><span style=\"font-weight: 600;\">Brix-arvo:\u00a0<\/span>9<br \/>\n<span style=\"font-weight: 600;\">Tekniset tiedot saatavilla pyynn\u00f6st\u00e4.<\/span><\/p>\n<p style=\"margin-bottom: 1.41575em; font-size: 18px; font-weight: 400;\"><span style=\"font-weight: 600;\">Ravintoarvot:<\/span><br \/>\nEnergia-arvo: 45 kcal<\/p>\n<p style=\"margin-bottom: 1.41575em; font-size: 18px; font-weight: 400;\">Rasvaa: &lt;0,1 g<\/p>\n<p style=\"margin-bottom: 1.41575em; font-size: 18px; font-weight: 400;\">Hiilihydraatit: 10,8 g<\/p>\n<p style=\"margin-bottom: 1.41575em; font-size: 18px; font-weight: 400;\">-sokerit mukaan lukien: 7 g<\/p>\n<p style=\"margin-bottom: 1.41575em; font-size: 18px; font-weight: 400;\">Proteiini: &lt;0,2 g<\/p>\n<p style=\"margin-bottom: 1.41575em; font-size: 18px; font-weight: 400;\">Suola: 0 g<\/p>","protected":false},"excerpt":{"rendered":"<p>Miksi valita punaherukkamehumme?<\/p>\n<p>100% luonnollinen \u2013 ei sokeria, s\u00e4il\u00f6nt\u00e4aineita tai keinotekoisia lis\u00e4aineita.<br \/>\nVoimakkaan hapan ja kirpe\u00e4 \u2013 t\u00e4ydellinen jatkojalostukseen.<br \/>\nPuristettu tuoreista, kypsist\u00e4 hedelmist\u00e4 omassa puristimessamme.<br \/>\nK\u00e4yt\u00e4nn\u00f6llinen BiB 3L -pakkaus varmistaa k\u00e4tev\u00e4n s\u00e4ilytyksen ja annostelun.<\/p>","protected":false},"featured_media":609,"comment_status":"open","ping_status":"closed","template":"","meta":[],"product_brand":[],"product_cat":[47,26],"product_tag":[],"class_list":{"0":"post-610","1":"product","2":"type-product","3":"status-publish","4":"has-post-thumbnail","6":"product_cat-soki-nfc","7":"product_cat-soki-tloczone-nfc","8":"pa_pojemnosc-3l","10":"first","11":"outofstock","12":"taxable","13":"shipping-taxable","14":"purchasable","15":"product-type-simple"},"yoast_head":"<!-- This site is optimized with the Yoast SEO plugin v24.9 - https:\/\/yoast.com\/wordpress\/plugins\/seo\/ -->\n<title>Sok 100% t\u0142oczony Czerwona Porzeczka 3L - nfc-juices<\/title>\n<meta name=\"robots\" content=\"index, follow, max-snippet:-1, max-image-preview:large, max-video-preview:-1\" \/>\n<link rel=\"canonical\" href=\"https:\/\/nfcjuices.com\/fi\/tuote\/100-puristettua-punaherukkamehua-3-l\/\" \/>\n<meta property=\"og:locale\" content=\"fi_FI\" \/>\n<meta property=\"og:type\" content=\"article\" \/>\n<meta property=\"og:title\" content=\"Sok 100% t\u0142oczony Czerwona Porzeczka 3L - nfc-juices\" \/>\n<meta property=\"og:description\" content=\"Dlaczego warto wybra\u0107 nasz sok z czerwonej porzeczki?  100% naturalny \u2013 bez cukru, konserwant\u00f3w i sztucznych dodatk\u00f3w. Intensywnie kwa\u015bny i cierpki \u2013 idealny do dalszego przetwarzania. Wyt\u0142oczony ze \u015bwie\u017cych, dojrza\u0142ych owoc\u00f3w w Naszej T\u0142oczni. Praktyczne opakowanie BiB 3L zapewnia wygodne przechowywanie i dozowanie.\" \/>\n<meta property=\"og:url\" content=\"https:\/\/nfcjuices.com\/fi\/tuote\/100-puristettua-punaherukkamehua-3-l\/\" \/>\n<meta property=\"og:site_name\" content=\"nfc-juices\" \/>\n<meta property=\"article:modified_time\" content=\"2026-04-15T09:54:44+00:00\" \/>\n<meta property=\"og:image\" content=\"https:\/\/nfcjuices.com\/wp-content\/uploads\/2025\/04\/Strona-Nowy-Karton-Czerwona-porzeczka.png\" \/>\n\t<meta property=\"og:image:width\" content=\"750\" \/>\n\t<meta property=\"og:image:height\" content=\"750\" \/>\n\t<meta property=\"og:image:type\" content=\"image\/png\" \/>\n<meta name=\"twitter:card\" content=\"summary_large_image\" \/>\n<meta name=\"twitter:label1\" content=\"Arvioitu lukuaika\" \/>\n\t<meta name=\"twitter:data1\" content=\"1 minuutti\" \/>\n<script type=\"application\/ld+json\" class=\"yoast-schema-graph\">{\"@context\":\"https:\/\/schema.org\",\"@graph\":[{\"@type\":\"WebPage\",\"@id\":\"https:\/\/nfcjuices.com\/produkt\/sok-100-tloczony-czerwona-porzeczka-3l\/\",\"url\":\"https:\/\/nfcjuices.com\/produkt\/sok-100-tloczony-czerwona-porzeczka-3l\/\",\"name\":\"Sok 100% t\u0142oczony Czerwona Porzeczka 3L - nfc-juices\",\"isPartOf\":{\"@id\":\"https:\/\/nfcjuices.com\/#website\"},\"primaryImageOfPage\":{\"@id\":\"https:\/\/nfcjuices.com\/produkt\/sok-100-tloczony-czerwona-porzeczka-3l\/#primaryimage\"},\"image\":{\"@id\":\"https:\/\/nfcjuices.com\/produkt\/sok-100-tloczony-czerwona-porzeczka-3l\/#primaryimage\"},\"thumbnailUrl\":\"https:\/\/nfcjuices.com\/wp-content\/uploads\/2025\/04\/Strona-Nowy-Karton-Czerwona-porzeczka.png\",\"datePublished\":\"2025-04-04T14:10:38+00:00\",\"dateModified\":\"2026-04-15T09:54:44+00:00\",\"breadcrumb\":{\"@id\":\"https:\/\/nfcjuices.com\/produkt\/sok-100-tloczony-czerwona-porzeczka-3l\/#breadcrumb\"},\"inLanguage\":\"fi\",\"potentialAction\":[{\"@type\":\"ReadAction\",\"target\":[\"https:\/\/nfcjuices.com\/produkt\/sok-100-tloczony-czerwona-porzeczka-3l\/\"]}]},{\"@type\":\"ImageObject\",\"inLanguage\":\"fi\",\"@id\":\"https:\/\/nfcjuices.com\/produkt\/sok-100-tloczony-czerwona-porzeczka-3l\/#primaryimage\",\"url\":\"https:\/\/nfcjuices.com\/wp-content\/uploads\/2025\/04\/Strona-Nowy-Karton-Czerwona-porzeczka.png\",\"contentUrl\":\"https:\/\/nfcjuices.com\/wp-content\/uploads\/2025\/04\/Strona-Nowy-Karton-Czerwona-porzeczka.png\",\"width\":750,\"height\":750},{\"@type\":\"BreadcrumbList\",\"@id\":\"https:\/\/nfcjuices.com\/produkt\/sok-100-tloczony-czerwona-porzeczka-3l\/#breadcrumb\",\"itemListElement\":[{\"@type\":\"ListItem\",\"position\":1,\"name\":\"Strona g\u0142\u00f3wna\",\"item\":\"https:\/\/nfcjuices.com\/\"},{\"@type\":\"ListItem\",\"position\":2,\"name\":\"Nasze produkty\",\"item\":\"https:\/\/nfcjuices.com\/sv\/vara-produkter\/\"},{\"@type\":\"ListItem\",\"position\":3,\"name\":\"Sok 100% t\u0142oczony Czerwona Porzeczka 3L\"}]},{\"@type\":\"WebSite\",\"@id\":\"https:\/\/nfcjuices.com\/#website\",\"url\":\"https:\/\/nfcjuices.com\/\",\"name\":\"nfc-juices\",\"description\":\"Soki, przeciery, musy NFC w beczkach\",\"publisher\":{\"@id\":\"https:\/\/nfcjuices.com\/#organization\"},\"potentialAction\":[{\"@type\":\"SearchAction\",\"target\":{\"@type\":\"EntryPoint\",\"urlTemplate\":\"https:\/\/nfcjuices.com\/?s={search_term_string}\"},\"query-input\":{\"@type\":\"PropertyValueSpecification\",\"valueRequired\":true,\"valueName\":\"search_term_string\"}}],\"inLanguage\":\"fi\"},{\"@type\":\"Organization\",\"@id\":\"https:\/\/nfcjuices.com\/#organization\",\"name\":\"Nasza T\u0142ocznia\",\"url\":\"https:\/\/nfcjuices.com\/\",\"logo\":{\"@type\":\"ImageObject\",\"inLanguage\":\"fi\",\"@id\":\"https:\/\/nfcjuices.com\/#\/schema\/logo\/image\/\",\"url\":\"https:\/\/nfcjuices.com\/wp-content\/uploads\/2025\/05\/cropped-B2b-1.png\",\"contentUrl\":\"https:\/\/nfcjuices.com\/wp-content\/uploads\/2025\/05\/cropped-B2b-1.png\",\"width\":1199,\"height\":999,\"caption\":\"Nasza T\u0142ocznia\"},\"image\":{\"@id\":\"https:\/\/nfcjuices.com\/#\/schema\/logo\/image\/\"}}]}<\/script>\n<!-- \/ Yoast SEO plugin. -->","yoast_head_json":{"title":"100% Puristettu punaherukkamehu 3L - nfc-juices","robots":{"index":"index","follow":"follow","max-snippet":"max-snippet:-1","max-image-preview":"max-image-preview:large","max-video-preview":"max-video-preview:-1"},"canonical":"https:\/\/nfcjuices.com\/fi\/tuote\/100-puristettua-punaherukkamehua-3-l\/","og_locale":"fi_FI","og_type":"article","og_title":"Sok 100% t\u0142oczony Czerwona Porzeczka 3L - nfc-juices","og_description":"Dlaczego warto wybra\u0107 nasz sok z czerwonej porzeczki?  100% naturalny \u2013 bez cukru, konserwant\u00f3w i sztucznych dodatk\u00f3w. Intensywnie kwa\u015bny i cierpki \u2013 idealny do dalszego przetwarzania. Wyt\u0142oczony ze \u015bwie\u017cych, dojrza\u0142ych owoc\u00f3w w Naszej T\u0142oczni. Praktyczne opakowanie BiB 3L zapewnia wygodne przechowywanie i dozowanie.","og_url":"https:\/\/nfcjuices.com\/fi\/tuote\/100-puristettua-punaherukkamehua-3-l\/","og_site_name":"nfc-juices","article_modified_time":"2026-04-15T09:54:44+00:00","og_image":[{"width":750,"height":750,"url":"https:\/\/nfcjuices.com\/wp-content\/uploads\/2025\/04\/Strona-Nowy-Karton-Czerwona-porzeczka.png","type":"image\/png"}],"twitter_card":"summary_large_image","twitter_misc":{"Arvioitu lukuaika":"1 minuutti"},"schema":{"@context":"https:\/\/schema.org","@graph":[{"@type":"WebPage","@id":"https:\/\/nfcjuices.com\/produkt\/sok-100-tloczony-czerwona-porzeczka-3l\/","url":"https:\/\/nfcjuices.com\/produkt\/sok-100-tloczony-czerwona-porzeczka-3l\/","name":"100% Puristettu punaherukkamehu 3L - nfc-juices","isPartOf":{"@id":"https:\/\/nfcjuices.com\/#website"},"primaryImageOfPage":{"@id":"https:\/\/nfcjuices.com\/produkt\/sok-100-tloczony-czerwona-porzeczka-3l\/#primaryimage"},"image":{"@id":"https:\/\/nfcjuices.com\/produkt\/sok-100-tloczony-czerwona-porzeczka-3l\/#primaryimage"},"thumbnailUrl":"https:\/\/nfcjuices.com\/wp-content\/uploads\/2025\/04\/Strona-Nowy-Karton-Czerwona-porzeczka.png","datePublished":"2025-04-04T14:10:38+00:00","dateModified":"2026-04-15T09:54:44+00:00","breadcrumb":{"@id":"https:\/\/nfcjuices.com\/produkt\/sok-100-tloczony-czerwona-porzeczka-3l\/#breadcrumb"},"inLanguage":"fi","potentialAction":[{"@type":"ReadAction","target":["https:\/\/nfcjuices.com\/produkt\/sok-100-tloczony-czerwona-porzeczka-3l\/"]}]},{"@type":"ImageObject","inLanguage":"fi","@id":"https:\/\/nfcjuices.com\/produkt\/sok-100-tloczony-czerwona-porzeczka-3l\/#primaryimage","url":"https:\/\/nfcjuices.com\/wp-content\/uploads\/2025\/04\/Strona-Nowy-Karton-Czerwona-porzeczka.png","contentUrl":"https:\/\/nfcjuices.com\/wp-content\/uploads\/2025\/04\/Strona-Nowy-Karton-Czerwona-porzeczka.png","width":750,"height":750},{"@type":"BreadcrumbList","@id":"https:\/\/nfcjuices.com\/produkt\/sok-100-tloczony-czerwona-porzeczka-3l\/#breadcrumb","itemListElement":[{"@type":"ListItem","position":1,"name":"Strona g\u0142\u00f3wna","item":"https:\/\/nfcjuices.com\/"},{"@type":"ListItem","position":2,"name":"Nasze produkty","item":"https:\/\/nfcjuices.com\/sv\/vara-produkter\/"},{"@type":"ListItem","position":3,"name":"Sok 100% t\u0142oczony Czerwona Porzeczka 3L"}]},{"@type":"WebSite","@id":"https:\/\/nfcjuices.com\/#website","url":"https:\/\/nfcjuices.com\/","name":"nfc-mehut","description":"Mehut, soseet, NFC-vaahdot tynnyreiss\u00e4","publisher":{"@id":"https:\/\/nfcjuices.com\/#organization"},"potentialAction":[{"@type":"SearchAction","target":{"@type":"EntryPoint","urlTemplate":"https:\/\/nfcjuices.com\/?s={search_term_string}"},"query-input":{"@type":"PropertyValueSpecification","valueRequired":true,"valueName":"search_term_string"}}],"inLanguage":"fi"},{"@type":"Organization","@id":"https:\/\/nfcjuices.com\/#organization","name":"Puristuslaitoksemme","url":"https:\/\/nfcjuices.com\/","logo":{"@type":"ImageObject","inLanguage":"fi","@id":"https:\/\/nfcjuices.com\/#\/schema\/logo\/image\/","url":"https:\/\/nfcjuices.com\/wp-content\/uploads\/2025\/05\/cropped-B2b-1.png","contentUrl":"https:\/\/nfcjuices.com\/wp-content\/uploads\/2025\/05\/cropped-B2b-1.png","width":1199,"height":999,"caption":"Nasza T\u0142ocznia"},"image":{"@id":"https:\/\/nfcjuices.com\/#\/schema\/logo\/image\/"}}]}},"_links":{"self":[{"href":"https:\/\/nfcjuices.com\/fi\/wp-json\/wp\/v2\/product\/610","targetHints":{"allow":["GET"]}}],"collection":[{"href":"https:\/\/nfcjuices.com\/fi\/wp-json\/wp\/v2\/product"}],"about":[{"href":"https:\/\/nfcjuices.com\/fi\/wp-json\/wp\/v2\/types\/product"}],"replies":[{"embeddable":true,"href":"https:\/\/nfcjuices.com\/fi\/wp-json\/wp\/v2\/comments?post=610"}],"wp:featuredmedia":[{"embeddable":true,"href":"https:\/\/nfcjuices.com\/fi\/wp-json\/wp\/v2\/media\/609"}],"wp:attachment":[{"href":"https:\/\/nfcjuices.com\/fi\/wp-json\/wp\/v2\/media?parent=610"}],"wp:term":[{"taxonomy":"product_brand","embeddable":true,"href":"https:\/\/nfcjuices.com\/fi\/wp-json\/wp\/v2\/product_brand?post=610"},{"taxonomy":"product_cat","embeddable":true,"href":"https:\/\/nfcjuices.com\/fi\/wp-json\/wp\/v2\/product_cat?post=610"},{"taxonomy":"product_tag","embeddable":true,"href":"https:\/\/nfcjuices.com\/fi\/wp-json\/wp\/v2\/product_tag?post=610"}],"curies":[{"name":"wp","href":"https:\/\/api.w.org\/{rel}","templated":true}]}}