{"id":545,"date":"2025-04-04T15:41:22","date_gmt":"2025-04-04T13:41:22","guid":{"rendered":"https:\/\/nfcjuices.com\/produkt\/sok-tloczony-jablkowy-korzenny-bezalkoholowy-grzaniec-5l\/"},"modified":"2026-04-16T16:55:41","modified_gmt":"2026-04-16T14:55:41","slug":"puristettu-omenamehu-mausteinen-alkoholiton-glogi-5l","status":"publish","type":"product","link":"https:\/\/nfcjuices.com\/fi\/produkt\/sok-tloczony-jablkowy-korzenny-bezalkoholowy-grzaniec-5l\/","title":{"rendered":"Omenatulinen puristettu mehu, alkoholiton, gl\u00f6gi, 5L"},"content":{"rendered":"<p><img fetchpriority=\"high\" decoding=\"async\" class=\"size-large wp-image-2959 aligncenter\" src=\"https:\/\/naszatlocznia.pl\/wp-content\/uploads\/2022\/05\/baner-Allegro-nowy-03.2022-1024x436.png\" alt=\"\" width=\"980\" height=\"417\" \/><\/p>\n<p>\u00a0<\/p>\n<h4 style=\"text-align: center\"><strong>Herkullinen alkoholiton gl\u00f6gi<\/strong><\/h4>\n<h4 style=\"text-align: center\">Tarjoamme sinulle\u00a0<b>100% luonnonmukainen omenamehu mausteilla <\/b>NFC \u2013 EI TIIVISTEEST\u00c4, ei lis\u00e4aineita. Hedelm\u00e4\u00e4 suoraan tilaltamme!<br \/>\nT\u00e4ydellinen syys- ja talvi-iltoihin, maistuu parhaimmalta l\u00e4mpim\u00e4n\u00e4. Se on loistava korvike gl\u00f6gille!<\/h4>\n<h4 style=\"text-align: center\">Mehumme ovat kylm\u00e4puristettuja.\u00a0<b>Hell\u00e4varainen past\u00f6rointi<\/b>\u00a0jopa 78 asteen kontrolloidussa l\u00e4mp\u00f6tilassa voimme varmistaa\u00a0<b>mehun tuoreus<\/b>\u00a0pidemp\u00e4\u00e4n s\u00e4ilytt\u00e4en samalla arvokkaat\u00a0<b>ravintoarvot ja vitamiinit<\/b>\u00a0hedelmiss\u00e4 ja vihanneksissa.<\/h4>\n<h4 style=\"text-align: center\"><strong>Me sanomme<\/strong>\u00a0<b>EI!<\/b>\u00a0s\u00e4il\u00f6nt\u00e4aineita, sokereita, keinotekoisia vitamiineja ja v\u00e4riaineita. Todistamme, ett\u00e4 voit uuttaa terveellist\u00e4 ja herkullista mehua VAIN siit\u00e4, mit\u00e4 luonto on meille antanut.<\/h4>\n<p>\u00a0<\/p>\n<p><img decoding=\"async\" class=\"size-full wp-image-18671 aligncenter\" src=\"https:\/\/naszatlocznia.pl\/wp-content\/uploads\/2021\/06\/Strona-Nowy-Karton-Jablko-Korzenne-1.png\" alt=\"\" width=\"750\" height=\"750\" \/><\/p>\n<p>\u00a0<\/p>\n<h4><strong>Pakkaus:<\/strong> bag in box -pakkaus \u2013 k\u00e4tev\u00e4ss\u00e4 pahvilaatikossa oleva hanalla varustettu pussi helppoa kaatamista varten.<br \/>\n<b>Koostumus:<\/b> 100% NFC-omenamehu mausteilla (kaneli, neilikka, inkiv\u00e4\u00e4ri, muskottip\u00e4hkin\u00e4).<\/h4>\n<h4><b>S\u00e4ilytys:<\/b>\u00a0Aivan kuten kotitekoiset hillot, mehut tulee s\u00e4ilytt\u00e4\u00e4 varjoisassa ja viile\u00e4ss\u00e4 paikassa.<\/h4>\n<h4><b>Kaataminen:<\/b> Mehu tulee kaataa hana alasp\u00e4in varmistaen, ett\u00e4 se on aina mehun peitossa. Ravista astiaa ennen jokaista kaatamista sis\u00e4ll\u00f6n sekoittamiseksi.<\/h4>\n<h4><b>Tuoreustakuu:<\/b>\u00a0Oikea kaataminen varmistaa, ettei pakkauksen sis\u00e4\u00e4n p\u00e4\u00e4se ilmaa, mik\u00e4 pit\u00e4\u00e4 mehun tuoreena.<\/h4>\n<h4><b>Avaamisen j\u00e4lkeen:<\/b> Mehu tulee s\u00e4ilytt\u00e4\u00e4 j\u00e4\u00e4kaapissa ja k\u00e4ytt\u00e4\u00e4 30 p\u00e4iv\u00e4n kuluessa, edellytt\u00e4en ett\u00e4 se kaadetaan pystyasennossa eik\u00e4 pakkauksen sis\u00e4\u00e4n p\u00e4\u00e4se ilmaa.<\/h4>\n<h4><strong>Voimassaolop\u00e4iv\u00e4:<\/strong> v\u00e4hint\u00e4\u00e4n 3 kuukautta ostop\u00e4iv\u00e4st\u00e4.<\/h4>\n<h4><\/h4>\n<h4 style=\"text-align: center\"><b>Tutustu itse, tilaa nyt!<\/b><\/h4>\n<p>\u00a0<\/p>","protected":false},"excerpt":{"rendered":"<p><img decoding=\"async\" class=\"alignnone size-large wp-image-492\" src=\"https:\/\/naszatlocznia.pl\/wp-content\/uploads\/2021\/06\/wartosci-odzywcze-JABLKO-KORZENNE-912x1024.jpg\" alt=\"\" width=\"912\" height=\"1024\" \/><\/p>","protected":false},"featured_media":542,"comment_status":"open","ping_status":"closed","template":"","meta":[],"product_brand":[],"product_cat":[26],"product_tag":[],"class_list":{"0":"post-545","1":"product","2":"type-product","3":"status-publish","4":"has-post-thumbnail","6":"product_cat-soki-tloczone-nfc","7":"pa_pojemnosc-5l","9":"first","10":"instock","11":"taxable","12":"shipping-taxable","13":"purchasable","14":"product-type-simple"},"yoast_head":"<!-- This site is optimized with the Yoast SEO plugin v24.9 - https:\/\/yoast.com\/wordpress\/plugins\/seo\/ -->\n<title>Sok t\u0142oczony Jab\u0142kowy Korzenny Bezalkoholowy Grzaniec 5L - nfc-juices<\/title>\n<meta name=\"robots\" content=\"index, follow, max-snippet:-1, max-image-preview:large, max-video-preview:-1\" \/>\n<link rel=\"canonical\" href=\"https:\/\/nfcjuices.com\/fi\/tuote\/puristettu-omenamehu-mausteinen-alkoholiton-glogi-5l\/\" \/>\n<meta property=\"og:locale\" content=\"fi_FI\" \/>\n<meta property=\"og:type\" content=\"article\" \/>\n<meta property=\"og:title\" content=\"Sok t\u0142oczony Jab\u0142kowy Korzenny Bezalkoholowy Grzaniec 5L - nfc-juices\" \/>\n<meta property=\"og:url\" content=\"https:\/\/nfcjuices.com\/fi\/tuote\/puristettu-omenamehu-mausteinen-alkoholiton-glogi-5l\/\" \/>\n<meta property=\"og:site_name\" content=\"nfc-juices\" \/>\n<meta property=\"article:modified_time\" content=\"2026-04-16T14:55:41+00:00\" \/>\n<meta property=\"og:image\" content=\"https:\/\/nfcjuices.com\/wp-content\/uploads\/2025\/04\/Strona-Nowy-Karton-Jablko-Korzenne-1.png\" \/>\n\t<meta property=\"og:image:width\" content=\"750\" \/>\n\t<meta property=\"og:image:height\" content=\"750\" \/>\n\t<meta property=\"og:image:type\" content=\"image\/png\" \/>\n<meta name=\"twitter:card\" content=\"summary_large_image\" \/>\n<meta name=\"twitter:label1\" content=\"Arvioitu lukuaika\" \/>\n\t<meta name=\"twitter:data1\" content=\"1 minuutti\" \/>\n<script type=\"application\/ld+json\" class=\"yoast-schema-graph\">{\"@context\":\"https:\/\/schema.org\",\"@graph\":[{\"@type\":\"WebPage\",\"@id\":\"https:\/\/nfcjuices.com\/produkt\/sok-tloczony-jablkowy-korzenny-bezalkoholowy-grzaniec-5l\/\",\"url\":\"https:\/\/nfcjuices.com\/produkt\/sok-tloczony-jablkowy-korzenny-bezalkoholowy-grzaniec-5l\/\",\"name\":\"Sok t\u0142oczony Jab\u0142kowy Korzenny Bezalkoholowy Grzaniec 5L - nfc-juices\",\"isPartOf\":{\"@id\":\"https:\/\/nfcjuices.com\/#website\"},\"primaryImageOfPage\":{\"@id\":\"https:\/\/nfcjuices.com\/produkt\/sok-tloczony-jablkowy-korzenny-bezalkoholowy-grzaniec-5l\/#primaryimage\"},\"image\":{\"@id\":\"https:\/\/nfcjuices.com\/produkt\/sok-tloczony-jablkowy-korzenny-bezalkoholowy-grzaniec-5l\/#primaryimage\"},\"thumbnailUrl\":\"https:\/\/nfcjuices.com\/wp-content\/uploads\/2025\/04\/Strona-Nowy-Karton-Jablko-Korzenne-1.png\",\"datePublished\":\"2025-04-04T13:41:22+00:00\",\"dateModified\":\"2026-04-16T14:55:41+00:00\",\"breadcrumb\":{\"@id\":\"https:\/\/nfcjuices.com\/produkt\/sok-tloczony-jablkowy-korzenny-bezalkoholowy-grzaniec-5l\/#breadcrumb\"},\"inLanguage\":\"fi\",\"potentialAction\":[{\"@type\":\"ReadAction\",\"target\":[\"https:\/\/nfcjuices.com\/produkt\/sok-tloczony-jablkowy-korzenny-bezalkoholowy-grzaniec-5l\/\"]}]},{\"@type\":\"ImageObject\",\"inLanguage\":\"fi\",\"@id\":\"https:\/\/nfcjuices.com\/produkt\/sok-tloczony-jablkowy-korzenny-bezalkoholowy-grzaniec-5l\/#primaryimage\",\"url\":\"https:\/\/nfcjuices.com\/wp-content\/uploads\/2025\/04\/Strona-Nowy-Karton-Jablko-Korzenne-1.png\",\"contentUrl\":\"https:\/\/nfcjuices.com\/wp-content\/uploads\/2025\/04\/Strona-Nowy-Karton-Jablko-Korzenne-1.png\",\"width\":750,\"height\":750},{\"@type\":\"BreadcrumbList\",\"@id\":\"https:\/\/nfcjuices.com\/produkt\/sok-tloczony-jablkowy-korzenny-bezalkoholowy-grzaniec-5l\/#breadcrumb\",\"itemListElement\":[{\"@type\":\"ListItem\",\"position\":1,\"name\":\"Strona g\u0142\u00f3wna\",\"item\":\"https:\/\/nfcjuices.com\/\"},{\"@type\":\"ListItem\",\"position\":2,\"name\":\"Nasze produkty\",\"item\":\"https:\/\/nfcjuices.com\/sv\/vara-produkter\/\"},{\"@type\":\"ListItem\",\"position\":3,\"name\":\"Sok t\u0142oczony Jab\u0142kowy Korzenny Bezalkoholowy Grzaniec 5L\"}]},{\"@type\":\"WebSite\",\"@id\":\"https:\/\/nfcjuices.com\/#website\",\"url\":\"https:\/\/nfcjuices.com\/\",\"name\":\"nfc-juices\",\"description\":\"Soki, przeciery, musy NFC w beczkach\",\"publisher\":{\"@id\":\"https:\/\/nfcjuices.com\/#organization\"},\"potentialAction\":[{\"@type\":\"SearchAction\",\"target\":{\"@type\":\"EntryPoint\",\"urlTemplate\":\"https:\/\/nfcjuices.com\/?s={search_term_string}\"},\"query-input\":{\"@type\":\"PropertyValueSpecification\",\"valueRequired\":true,\"valueName\":\"search_term_string\"}}],\"inLanguage\":\"fi\"},{\"@type\":\"Organization\",\"@id\":\"https:\/\/nfcjuices.com\/#organization\",\"name\":\"Nasza T\u0142ocznia\",\"url\":\"https:\/\/nfcjuices.com\/\",\"logo\":{\"@type\":\"ImageObject\",\"inLanguage\":\"fi\",\"@id\":\"https:\/\/nfcjuices.com\/#\/schema\/logo\/image\/\",\"url\":\"https:\/\/nfcjuices.com\/wp-content\/uploads\/2025\/05\/cropped-B2b-1.png\",\"contentUrl\":\"https:\/\/nfcjuices.com\/wp-content\/uploads\/2025\/05\/cropped-B2b-1.png\",\"width\":1199,\"height\":999,\"caption\":\"Nasza T\u0142ocznia\"},\"image\":{\"@id\":\"https:\/\/nfcjuices.com\/#\/schema\/logo\/image\/\"}}]}<\/script>\n<!-- \/ Yoast SEO plugin. -->","yoast_head_json":{"title":"Omenatulinen alkoholiton gl\u00f6gipuristettu mehu 5L - nfc-juices","robots":{"index":"index","follow":"follow","max-snippet":"max-snippet:-1","max-image-preview":"max-image-preview:large","max-video-preview":"max-video-preview:-1"},"canonical":"https:\/\/nfcjuices.com\/fi\/tuote\/puristettu-omenamehu-mausteinen-alkoholiton-glogi-5l\/","og_locale":"fi_FI","og_type":"article","og_title":"Sok t\u0142oczony Jab\u0142kowy Korzenny Bezalkoholowy Grzaniec 5L - nfc-juices","og_url":"https:\/\/nfcjuices.com\/fi\/tuote\/puristettu-omenamehu-mausteinen-alkoholiton-glogi-5l\/","og_site_name":"nfc-juices","article_modified_time":"2026-04-16T14:55:41+00:00","og_image":[{"width":750,"height":750,"url":"https:\/\/nfcjuices.com\/wp-content\/uploads\/2025\/04\/Strona-Nowy-Karton-Jablko-Korzenne-1.png","type":"image\/png"}],"twitter_card":"summary_large_image","twitter_misc":{"Arvioitu lukuaika":"1 minuutti"},"schema":{"@context":"https:\/\/schema.org","@graph":[{"@type":"WebPage","@id":"https:\/\/nfcjuices.com\/produkt\/sok-tloczony-jablkowy-korzenny-bezalkoholowy-grzaniec-5l\/","url":"https:\/\/nfcjuices.com\/produkt\/sok-tloczony-jablkowy-korzenny-bezalkoholowy-grzaniec-5l\/","name":"Omenatulinen alkoholiton gl\u00f6gipuristettu mehu 5L - nfc-juices","isPartOf":{"@id":"https:\/\/nfcjuices.com\/#website"},"primaryImageOfPage":{"@id":"https:\/\/nfcjuices.com\/produkt\/sok-tloczony-jablkowy-korzenny-bezalkoholowy-grzaniec-5l\/#primaryimage"},"image":{"@id":"https:\/\/nfcjuices.com\/produkt\/sok-tloczony-jablkowy-korzenny-bezalkoholowy-grzaniec-5l\/#primaryimage"},"thumbnailUrl":"https:\/\/nfcjuices.com\/wp-content\/uploads\/2025\/04\/Strona-Nowy-Karton-Jablko-Korzenne-1.png","datePublished":"2025-04-04T13:41:22+00:00","dateModified":"2026-04-16T14:55:41+00:00","breadcrumb":{"@id":"https:\/\/nfcjuices.com\/produkt\/sok-tloczony-jablkowy-korzenny-bezalkoholowy-grzaniec-5l\/#breadcrumb"},"inLanguage":"fi","potentialAction":[{"@type":"ReadAction","target":["https:\/\/nfcjuices.com\/produkt\/sok-tloczony-jablkowy-korzenny-bezalkoholowy-grzaniec-5l\/"]}]},{"@type":"ImageObject","inLanguage":"fi","@id":"https:\/\/nfcjuices.com\/produkt\/sok-tloczony-jablkowy-korzenny-bezalkoholowy-grzaniec-5l\/#primaryimage","url":"https:\/\/nfcjuices.com\/wp-content\/uploads\/2025\/04\/Strona-Nowy-Karton-Jablko-Korzenne-1.png","contentUrl":"https:\/\/nfcjuices.com\/wp-content\/uploads\/2025\/04\/Strona-Nowy-Karton-Jablko-Korzenne-1.png","width":750,"height":750},{"@type":"BreadcrumbList","@id":"https:\/\/nfcjuices.com\/produkt\/sok-tloczony-jablkowy-korzenny-bezalkoholowy-grzaniec-5l\/#breadcrumb","itemListElement":[{"@type":"ListItem","position":1,"name":"Strona g\u0142\u00f3wna","item":"https:\/\/nfcjuices.com\/"},{"@type":"ListItem","position":2,"name":"Nasze produkty","item":"https:\/\/nfcjuices.com\/sv\/vara-produkter\/"},{"@type":"ListItem","position":3,"name":"Sok t\u0142oczony Jab\u0142kowy Korzenny Bezalkoholowy Grzaniec 5L"}]},{"@type":"WebSite","@id":"https:\/\/nfcjuices.com\/#website","url":"https:\/\/nfcjuices.com\/","name":"nfc-mehut","description":"Mehut, soseet, NFC-vaahdot tynnyreiss\u00e4","publisher":{"@id":"https:\/\/nfcjuices.com\/#organization"},"potentialAction":[{"@type":"SearchAction","target":{"@type":"EntryPoint","urlTemplate":"https:\/\/nfcjuices.com\/?s={search_term_string}"},"query-input":{"@type":"PropertyValueSpecification","valueRequired":true,"valueName":"search_term_string"}}],"inLanguage":"fi"},{"@type":"Organization","@id":"https:\/\/nfcjuices.com\/#organization","name":"Puristuslaitoksemme","url":"https:\/\/nfcjuices.com\/","logo":{"@type":"ImageObject","inLanguage":"fi","@id":"https:\/\/nfcjuices.com\/#\/schema\/logo\/image\/","url":"https:\/\/nfcjuices.com\/wp-content\/uploads\/2025\/05\/cropped-B2b-1.png","contentUrl":"https:\/\/nfcjuices.com\/wp-content\/uploads\/2025\/05\/cropped-B2b-1.png","width":1199,"height":999,"caption":"Nasza T\u0142ocznia"},"image":{"@id":"https:\/\/nfcjuices.com\/#\/schema\/logo\/image\/"}}]}},"_links":{"self":[{"href":"https:\/\/nfcjuices.com\/fi\/wp-json\/wp\/v2\/product\/545","targetHints":{"allow":["GET"]}}],"collection":[{"href":"https:\/\/nfcjuices.com\/fi\/wp-json\/wp\/v2\/product"}],"about":[{"href":"https:\/\/nfcjuices.com\/fi\/wp-json\/wp\/v2\/types\/product"}],"replies":[{"embeddable":true,"href":"https:\/\/nfcjuices.com\/fi\/wp-json\/wp\/v2\/comments?post=545"}],"wp:featuredmedia":[{"embeddable":true,"href":"https:\/\/nfcjuices.com\/fi\/wp-json\/wp\/v2\/media\/542"}],"wp:attachment":[{"href":"https:\/\/nfcjuices.com\/fi\/wp-json\/wp\/v2\/media?parent=545"}],"wp:term":[{"taxonomy":"product_brand","embeddable":true,"href":"https:\/\/nfcjuices.com\/fi\/wp-json\/wp\/v2\/product_brand?post=545"},{"taxonomy":"product_cat","embeddable":true,"href":"https:\/\/nfcjuices.com\/fi\/wp-json\/wp\/v2\/product_cat?post=545"},{"taxonomy":"product_tag","embeddable":true,"href":"https:\/\/nfcjuices.com\/fi\/wp-json\/wp\/v2\/product_tag?post=545"}],"curies":[{"name":"wp","href":"https:\/\/api.w.org\/{rel}","templated":true}]}}