{"id":401,"date":"2025-03-31T11:54:19","date_gmt":"2025-03-31T09:54:19","guid":{"rendered":"https:\/\/nfcjuices.com\/?post_type=product&#038;p=401"},"modified":"2026-04-14T11:36:26","modified_gmt":"2026-04-14T09:36:26","slug":"cornelian-kirsikkasose-3-kg","status":"publish","type":"product","link":"https:\/\/nfcjuices.com\/fi\/produkt\/przecier-z-derenia-3kg\/","title":{"rendered":"Koiranpuusose 3kg"},"content":{"rendered":"<h2>Koiranpuusose 3 kg \u2013 Luonnollinen ja aromaattinen<\/h2>\n<p>Karneoli-kirsikkasoseemme on maun ja terveyden ydin, pakattuna k\u00e4yt\u00e4nn\u00f6lliseen 3 kg:n BiB-pakkaukseen. Se on valmistettu tehtaassamme huolella valituista karneoli-kirsikoista ilman lis\u00e4aineita tai s\u00e4il\u00f6nt\u00e4aineita, s\u00e4ilytt\u00e4en t\u00e4yden ravintoarvonsa ja intensiivisen, hieman happaman maun. Se on ihanteellinen valinta luonnontuotteiden yst\u00e4ville.<\/p>\n<h2>Miksi valita koiranpuusoseemme?<\/h2>\n<p><\/p>\n<ul>\n<li>100% luonnollinen \u2013 ei keinotekoisia lis\u00e4aineita, sokeria tai s\u00e4il\u00f6nt\u00e4aineita.<\/li>\n<li>Runsaasti antioksidantteja, C- ja A-vitamiineja sek\u00e4 vastustuskyky\u00e4 tukevia mikroelementtej\u00e4.<\/li>\n<li>Tuotettu omassa puristimessamme \u2013 hallitsemme koko prosessia hedelmist\u00e4 valmiiksi tuotteeksi.<\/li>\n<li>Pakattu k\u00e4tev\u00e4\u00e4n BiB-pakkaukseen tuoreuden ja helpon annostelun takaamiseksi.<\/li>\n<\/ul>\n<h2>Miten koiranpuusosetta k\u00e4ytet\u00e4\u00e4n?<\/h2>\n<p><\/p>\n<ul>\n<li>Mehujen, juomien ja cocktailien pohjana.<\/li>\n<li>T\u00e4ydellinen lis\u00e4 j\u00e4lkiruokiin, hilloihin ja mousseihin.<\/li>\n<li>T\u00e4ydellinen lihakastikkeisiin, marinadeihin ja kotitekoisiin s\u00e4ilykkeisiin.<\/li>\n<li>Se toimii loistavasti vegaanisessa ja perinteisess\u00e4 ruoanlaitossa.<\/li>\n<\/ul>\n<h2>Miksi kannattaa valita puristamomme?<\/h2>\n<p>Olemme perheomisteinen puristamo, joka on erikoistunut luonnonmukaisten hedelm\u00e4s\u00e4ilykkeiden tuotantoon jo vuosia. K\u00e4yt\u00e4mme korkealaatuisia hedelmi\u00e4 varmistaaksemme, ett\u00e4 jokainen tuote on t\u00e4ynn\u00e4 makua ja ravintoarvoja. Innovatiivisten puristus- ja past\u00f6rointimenetelmien ansiosta takaamme tuotteidemme korkeimman laadun.<\/p>\n<p>Tilaa jo t\u00e4n\u00e4\u00e4n! Valitse 3 kg karneolikirsikkasosetta ja nauti t\u00e4m\u00e4n ainutlaatuisen hedelm\u00e4n luonnollisesta mausta ja terveyshy\u00f6dyist\u00e4. Lis\u00e4\u00e4 ostoskoriin ja koe ero, jonka todellinen laatu tekee!<\/p>","protected":false},"excerpt":{"rendered":"<h2>Miksi valita koiranpuusoseemme?<\/h2>\n<p><\/p>\n<ul>\n<li>100% luonnollinen \u2013 ei keinotekoisia lis\u00e4aineita, sokeria tai s\u00e4il\u00f6nt\u00e4aineita.<\/li>\n<li>Runsaasti antioksidantteja, C- ja A-vitamiineja sek\u00e4 vastustuskyky\u00e4 tukevia mikroelementtej\u00e4.<\/li>\n<li>Tuotettu omassa puristimessamme \u2013 hallitsemme koko prosessia hedelmist\u00e4 valmiiksi tuotteeksi.<\/li>\n<li>Pakattu k\u00e4tev\u00e4\u00e4n BiB-pussiin tuoreuden ja helpon annostelun takaamiseksi.<\/li>\n<\/ul>","protected":false},"featured_media":423,"comment_status":"open","ping_status":"closed","template":"","meta":[],"product_brand":[],"product_cat":[56],"product_tag":[],"class_list":{"0":"post-401","1":"product","2":"type-product","3":"status-publish","4":"has-post-thumbnail","6":"product_cat-przeciery","7":"pa_pojemnosc-3kg","9":"first","10":"instock","11":"taxable","12":"shipping-taxable","13":"purchasable","14":"product-type-simple"},"yoast_head":"<!-- This site is optimized with the Yoast SEO plugin v24.9 - https:\/\/yoast.com\/wordpress\/plugins\/seo\/ -->\n<title>Przecier z derenia 3kg - nfc-juices<\/title>\n<meta name=\"robots\" content=\"index, follow, max-snippet:-1, max-image-preview:large, max-video-preview:-1\" \/>\n<link rel=\"canonical\" href=\"https:\/\/nfcjuices.com\/fi\/tuote\/cornelian-kirsikkasose-3-kg\/\" \/>\n<meta property=\"og:locale\" content=\"fi_FI\" \/>\n<meta property=\"og:type\" content=\"article\" \/>\n<meta property=\"og:title\" content=\"Przecier z derenia 3kg - nfc-juices\" \/>\n<meta property=\"og:description\" content=\"Dlaczego warto wybra\u0107 nasz przecier z derenia? 100% naturalny \u2013 bez sztucznych dodatk\u00f3w, cukru i konserwant\u00f3w. Bogaty w antyoksydanty, witaminy C i A oraz mikroelementy wspieraj\u0105ce odporno\u015b\u0107. Wyprodukowany w Naszej T\u0142oczni \u2013 kontrolujemy ca\u0142y proces, od owocu po gotowy produkt. Pakowany w wygodny worek BiB, zapewniaj\u0105cy \u015bwie\u017co\u015b\u0107 i \u0142atwe dozowanie.\" \/>\n<meta property=\"og:url\" content=\"https:\/\/nfcjuices.com\/fi\/tuote\/cornelian-kirsikkasose-3-kg\/\" \/>\n<meta property=\"og:site_name\" content=\"nfc-juices\" \/>\n<meta property=\"article:modified_time\" content=\"2026-04-14T09:36:26+00:00\" \/>\n<meta property=\"og:image\" content=\"https:\/\/nfcjuices.com\/wp-content\/uploads\/2025\/03\/a3a2166a54c8cefa81c9eb64e45834c4.png\" \/>\n\t<meta property=\"og:image:width\" content=\"750\" \/>\n\t<meta property=\"og:image:height\" content=\"750\" \/>\n\t<meta property=\"og:image:type\" content=\"image\/png\" \/>\n<meta name=\"twitter:card\" content=\"summary_large_image\" \/>\n<meta name=\"twitter:label1\" content=\"Arvioitu lukuaika\" \/>\n\t<meta name=\"twitter:data1\" content=\"1 minuutti\" \/>\n<script type=\"application\/ld+json\" class=\"yoast-schema-graph\">{\"@context\":\"https:\/\/schema.org\",\"@graph\":[{\"@type\":\"WebPage\",\"@id\":\"https:\/\/nfcjuices.com\/produkt\/przecier-z-derenia-3kg\/\",\"url\":\"https:\/\/nfcjuices.com\/produkt\/przecier-z-derenia-3kg\/\",\"name\":\"Przecier z derenia 3kg - nfc-juices\",\"isPartOf\":{\"@id\":\"https:\/\/nfcjuices.com\/#website\"},\"primaryImageOfPage\":{\"@id\":\"https:\/\/nfcjuices.com\/produkt\/przecier-z-derenia-3kg\/#primaryimage\"},\"image\":{\"@id\":\"https:\/\/nfcjuices.com\/produkt\/przecier-z-derenia-3kg\/#primaryimage\"},\"thumbnailUrl\":\"https:\/\/nfcjuices.com\/wp-content\/uploads\/2025\/03\/a3a2166a54c8cefa81c9eb64e45834c4.png\",\"datePublished\":\"2025-03-31T09:54:19+00:00\",\"dateModified\":\"2026-04-14T09:36:26+00:00\",\"breadcrumb\":{\"@id\":\"https:\/\/nfcjuices.com\/produkt\/przecier-z-derenia-3kg\/#breadcrumb\"},\"inLanguage\":\"fi\",\"potentialAction\":[{\"@type\":\"ReadAction\",\"target\":[\"https:\/\/nfcjuices.com\/produkt\/przecier-z-derenia-3kg\/\"]}]},{\"@type\":\"ImageObject\",\"inLanguage\":\"fi\",\"@id\":\"https:\/\/nfcjuices.com\/produkt\/przecier-z-derenia-3kg\/#primaryimage\",\"url\":\"https:\/\/nfcjuices.com\/wp-content\/uploads\/2025\/03\/a3a2166a54c8cefa81c9eb64e45834c4.png\",\"contentUrl\":\"https:\/\/nfcjuices.com\/wp-content\/uploads\/2025\/03\/a3a2166a54c8cefa81c9eb64e45834c4.png\",\"width\":750,\"height\":750},{\"@type\":\"BreadcrumbList\",\"@id\":\"https:\/\/nfcjuices.com\/produkt\/przecier-z-derenia-3kg\/#breadcrumb\",\"itemListElement\":[{\"@type\":\"ListItem\",\"position\":1,\"name\":\"Strona g\u0142\u00f3wna\",\"item\":\"https:\/\/nfcjuices.com\/\"},{\"@type\":\"ListItem\",\"position\":2,\"name\":\"Nasze produkty\",\"item\":\"https:\/\/nfcjuices.com\/sv\/vara-produkter\/\"},{\"@type\":\"ListItem\",\"position\":3,\"name\":\"Przecier z derenia 3kg\"}]},{\"@type\":\"WebSite\",\"@id\":\"https:\/\/nfcjuices.com\/#website\",\"url\":\"https:\/\/nfcjuices.com\/\",\"name\":\"nfc-juices\",\"description\":\"Soki, przeciery, musy NFC w beczkach\",\"publisher\":{\"@id\":\"https:\/\/nfcjuices.com\/#organization\"},\"potentialAction\":[{\"@type\":\"SearchAction\",\"target\":{\"@type\":\"EntryPoint\",\"urlTemplate\":\"https:\/\/nfcjuices.com\/?s={search_term_string}\"},\"query-input\":{\"@type\":\"PropertyValueSpecification\",\"valueRequired\":true,\"valueName\":\"search_term_string\"}}],\"inLanguage\":\"fi\"},{\"@type\":\"Organization\",\"@id\":\"https:\/\/nfcjuices.com\/#organization\",\"name\":\"Nasza T\u0142ocznia\",\"url\":\"https:\/\/nfcjuices.com\/\",\"logo\":{\"@type\":\"ImageObject\",\"inLanguage\":\"fi\",\"@id\":\"https:\/\/nfcjuices.com\/#\/schema\/logo\/image\/\",\"url\":\"https:\/\/nfcjuices.com\/wp-content\/uploads\/2025\/05\/cropped-B2b-1.png\",\"contentUrl\":\"https:\/\/nfcjuices.com\/wp-content\/uploads\/2025\/05\/cropped-B2b-1.png\",\"width\":1199,\"height\":999,\"caption\":\"Nasza T\u0142ocznia\"},\"image\":{\"@id\":\"https:\/\/nfcjuices.com\/#\/schema\/logo\/image\/\"}}]}<\/script>\n<!-- \/ Yoast SEO plugin. -->","yoast_head_json":{"title":"Koiransose 3kg - nfc-mehut","robots":{"index":"index","follow":"follow","max-snippet":"max-snippet:-1","max-image-preview":"max-image-preview:large","max-video-preview":"max-video-preview:-1"},"canonical":"https:\/\/nfcjuices.com\/fi\/tuote\/cornelian-kirsikkasose-3-kg\/","og_locale":"fi_FI","og_type":"article","og_title":"Przecier z derenia 3kg - nfc-juices","og_description":"Dlaczego warto wybra\u0107 nasz przecier z derenia? 100% naturalny \u2013 bez sztucznych dodatk\u00f3w, cukru i konserwant\u00f3w. Bogaty w antyoksydanty, witaminy C i A oraz mikroelementy wspieraj\u0105ce odporno\u015b\u0107. Wyprodukowany w Naszej T\u0142oczni \u2013 kontrolujemy ca\u0142y proces, od owocu po gotowy produkt. Pakowany w wygodny worek BiB, zapewniaj\u0105cy \u015bwie\u017co\u015b\u0107 i \u0142atwe dozowanie.","og_url":"https:\/\/nfcjuices.com\/fi\/tuote\/cornelian-kirsikkasose-3-kg\/","og_site_name":"nfc-juices","article_modified_time":"2026-04-14T09:36:26+00:00","og_image":[{"width":750,"height":750,"url":"https:\/\/nfcjuices.com\/wp-content\/uploads\/2025\/03\/a3a2166a54c8cefa81c9eb64e45834c4.png","type":"image\/png"}],"twitter_card":"summary_large_image","twitter_misc":{"Arvioitu lukuaika":"1 minuutti"},"schema":{"@context":"https:\/\/schema.org","@graph":[{"@type":"WebPage","@id":"https:\/\/nfcjuices.com\/produkt\/przecier-z-derenia-3kg\/","url":"https:\/\/nfcjuices.com\/produkt\/przecier-z-derenia-3kg\/","name":"Koiransose 3kg - nfc-mehut","isPartOf":{"@id":"https:\/\/nfcjuices.com\/#website"},"primaryImageOfPage":{"@id":"https:\/\/nfcjuices.com\/produkt\/przecier-z-derenia-3kg\/#primaryimage"},"image":{"@id":"https:\/\/nfcjuices.com\/produkt\/przecier-z-derenia-3kg\/#primaryimage"},"thumbnailUrl":"https:\/\/nfcjuices.com\/wp-content\/uploads\/2025\/03\/a3a2166a54c8cefa81c9eb64e45834c4.png","datePublished":"2025-03-31T09:54:19+00:00","dateModified":"2026-04-14T09:36:26+00:00","breadcrumb":{"@id":"https:\/\/nfcjuices.com\/produkt\/przecier-z-derenia-3kg\/#breadcrumb"},"inLanguage":"fi","potentialAction":[{"@type":"ReadAction","target":["https:\/\/nfcjuices.com\/produkt\/przecier-z-derenia-3kg\/"]}]},{"@type":"ImageObject","inLanguage":"fi","@id":"https:\/\/nfcjuices.com\/produkt\/przecier-z-derenia-3kg\/#primaryimage","url":"https:\/\/nfcjuices.com\/wp-content\/uploads\/2025\/03\/a3a2166a54c8cefa81c9eb64e45834c4.png","contentUrl":"https:\/\/nfcjuices.com\/wp-content\/uploads\/2025\/03\/a3a2166a54c8cefa81c9eb64e45834c4.png","width":750,"height":750},{"@type":"BreadcrumbList","@id":"https:\/\/nfcjuices.com\/produkt\/przecier-z-derenia-3kg\/#breadcrumb","itemListElement":[{"@type":"ListItem","position":1,"name":"Strona g\u0142\u00f3wna","item":"https:\/\/nfcjuices.com\/"},{"@type":"ListItem","position":2,"name":"Nasze produkty","item":"https:\/\/nfcjuices.com\/sv\/vara-produkter\/"},{"@type":"ListItem","position":3,"name":"Przecier z derenia 3kg"}]},{"@type":"WebSite","@id":"https:\/\/nfcjuices.com\/#website","url":"https:\/\/nfcjuices.com\/","name":"nfc-mehut","description":"Mehut, soseet, NFC-vaahdot tynnyreiss\u00e4","publisher":{"@id":"https:\/\/nfcjuices.com\/#organization"},"potentialAction":[{"@type":"SearchAction","target":{"@type":"EntryPoint","urlTemplate":"https:\/\/nfcjuices.com\/?s={search_term_string}"},"query-input":{"@type":"PropertyValueSpecification","valueRequired":true,"valueName":"search_term_string"}}],"inLanguage":"fi"},{"@type":"Organization","@id":"https:\/\/nfcjuices.com\/#organization","name":"Puristuslaitoksemme","url":"https:\/\/nfcjuices.com\/","logo":{"@type":"ImageObject","inLanguage":"fi","@id":"https:\/\/nfcjuices.com\/#\/schema\/logo\/image\/","url":"https:\/\/nfcjuices.com\/wp-content\/uploads\/2025\/05\/cropped-B2b-1.png","contentUrl":"https:\/\/nfcjuices.com\/wp-content\/uploads\/2025\/05\/cropped-B2b-1.png","width":1199,"height":999,"caption":"Nasza T\u0142ocznia"},"image":{"@id":"https:\/\/nfcjuices.com\/#\/schema\/logo\/image\/"}}]}},"_links":{"self":[{"href":"https:\/\/nfcjuices.com\/fi\/wp-json\/wp\/v2\/product\/401","targetHints":{"allow":["GET"]}}],"collection":[{"href":"https:\/\/nfcjuices.com\/fi\/wp-json\/wp\/v2\/product"}],"about":[{"href":"https:\/\/nfcjuices.com\/fi\/wp-json\/wp\/v2\/types\/product"}],"replies":[{"embeddable":true,"href":"https:\/\/nfcjuices.com\/fi\/wp-json\/wp\/v2\/comments?post=401"}],"wp:featuredmedia":[{"embeddable":true,"href":"https:\/\/nfcjuices.com\/fi\/wp-json\/wp\/v2\/media\/423"}],"wp:attachment":[{"href":"https:\/\/nfcjuices.com\/fi\/wp-json\/wp\/v2\/media?parent=401"}],"wp:term":[{"taxonomy":"product_brand","embeddable":true,"href":"https:\/\/nfcjuices.com\/fi\/wp-json\/wp\/v2\/product_brand?post=401"},{"taxonomy":"product_cat","embeddable":true,"href":"https:\/\/nfcjuices.com\/fi\/wp-json\/wp\/v2\/product_cat?post=401"},{"taxonomy":"product_tag","embeddable":true,"href":"https:\/\/nfcjuices.com\/fi\/wp-json\/wp\/v2\/product_tag?post=401"}],"curies":[{"name":"wp","href":"https:\/\/api.w.org\/{rel}","templated":true}]}}