{"id":301,"date":"2025-03-13T10:08:26","date_gmt":"2025-03-13T09:08:26","guid":{"rendered":"https:\/\/nfcjuices.com\/produkt\/zakwas-z-kiszonego-ogorka\/"},"modified":"2026-03-26T11:43:15","modified_gmt":"2026-03-26T10:43:15","slug":"hapanjuurileipaa-suolakurkusta","status":"publish","type":"product","link":"https:\/\/nfcjuices.com\/fi\/produkt\/zakwas-z-kiszonego-ogorka\/","title":{"rendered":"Marinoitujen kurkkujen hapate 200 kg"},"content":{"rendered":"<p><strong>Tuotetyyppi:<\/strong> hapanjuurileip\u00e4 <\/p>\n<p> <strong>Brix-arvo: <\/strong>5,5<br \/><strong>Tekniset tiedot saatavilla pyynn\u00f6st\u00e4.<\/strong><\/p>\n<p><strong>Ravintoarvot:<\/strong><br \/>Energia-arvo: 20 kcal <\/p>\n<p>  Rasvaa: 0 g <\/p>\n<p>  Hiilihydraatit: 2 g\t <\/p>\n<p>  -sis\u00e4lt\u00e4\u00e4 sokereita: 1 g <\/p>\n<p>  Proteiini: &lt;2 g <\/p>\n<p>Nasza T\u0142ocznia logo.jpg Suola: &lt;1g<\/p>","protected":false},"excerpt":{"rendered":"<p>Rodzaj produktu: zakwas Brix: 5,5Specyfikacja techniczna dost\u0119pna na \u017cyczenie klienta. Warto\u015bci od\u017cywcze:Warto\u015b\u0107 energetyczna: 20 kcal T\u0142uszcz: 0g W\u0119glowodany: 2g -w tym cukry: 1g Bia\u0142ko: &lt;2g Nasza T\u0142ocznia logo.jpg S\u00f3l: &lt;1g<\/p>","protected":false},"featured_media":1426,"comment_status":"open","ping_status":"closed","template":"","meta":[],"product_brand":[],"product_cat":[32],"product_tag":[],"class_list":{"0":"post-301","1":"product","2":"type-product","3":"status-publish","4":"has-post-thumbnail","6":"product_cat-zakwasy-tloczone","7":"pa_pojemnosc-200kg","9":"first","10":"instock","11":"taxable","12":"shipping-taxable","13":"purchasable","14":"product-type-simple"},"yoast_head":"<!-- This site is optimized with the Yoast SEO plugin v24.9 - https:\/\/yoast.com\/wordpress\/plugins\/seo\/ -->\n<title>Zakwas z kiszonego og\u00f3rka 200kg - nfc-juices<\/title>\n<meta name=\"robots\" content=\"index, follow, max-snippet:-1, max-image-preview:large, max-video-preview:-1\" \/>\n<link rel=\"canonical\" href=\"https:\/\/nfcjuices.com\/fi\/tuote\/hapanjuurileipaa-suolakurkusta\/\" \/>\n<meta property=\"og:locale\" content=\"fi_FI\" \/>\n<meta property=\"og:type\" content=\"article\" \/>\n<meta property=\"og:title\" content=\"Zakwas z kiszonego og\u00f3rka 200kg - nfc-juices\" \/>\n<meta property=\"og:description\" content=\"Rodzaj produktu: zakwas Brix: 5,5Specyfikacja techniczna dost\u0119pna na \u017cyczenie klienta. Warto\u015bci od\u017cywcze:Warto\u015b\u0107 energetyczna: 20 kcal T\u0142uszcz: 0g W\u0119glowodany: 2g -w tym cukry: 1g Bia\u0142ko: &lt;2g Nasza T\u0142ocznia logo.jpg S\u00f3l: &lt;1g\" \/>\n<meta property=\"og:url\" content=\"https:\/\/nfcjuices.com\/fi\/tuote\/hapanjuurileipaa-suolakurkusta\/\" \/>\n<meta property=\"og:site_name\" content=\"nfc-juices\" \/>\n<meta property=\"article:modified_time\" content=\"2026-03-26T10:43:15+00:00\" \/>\n<meta property=\"og:image\" content=\"https:\/\/nfcjuices.com\/wp-content\/uploads\/2026\/03\/Czerwona-beczka-1-2-1024x1024.png\" \/>\n\t<meta property=\"og:image:width\" content=\"1024\" \/>\n\t<meta property=\"og:image:height\" content=\"1024\" \/>\n\t<meta property=\"og:image:type\" content=\"image\/png\" \/>\n<meta name=\"twitter:card\" content=\"summary_large_image\" \/>\n<script type=\"application\/ld+json\" class=\"yoast-schema-graph\">{\"@context\":\"https:\/\/schema.org\",\"@graph\":[{\"@type\":\"WebPage\",\"@id\":\"https:\/\/nfcjuices.com\/produkt\/zakwas-z-kiszonego-ogorka\/\",\"url\":\"https:\/\/nfcjuices.com\/produkt\/zakwas-z-kiszonego-ogorka\/\",\"name\":\"Zakwas z kiszonego og\u00f3rka 200kg - nfc-juices\",\"isPartOf\":{\"@id\":\"https:\/\/nfcjuices.com\/#website\"},\"primaryImageOfPage\":{\"@id\":\"https:\/\/nfcjuices.com\/produkt\/zakwas-z-kiszonego-ogorka\/#primaryimage\"},\"image\":{\"@id\":\"https:\/\/nfcjuices.com\/produkt\/zakwas-z-kiszonego-ogorka\/#primaryimage\"},\"thumbnailUrl\":\"https:\/\/nfcjuices.com\/wp-content\/uploads\/2026\/03\/Czerwona-beczka-1-2.png\",\"datePublished\":\"2025-03-13T09:08:26+00:00\",\"dateModified\":\"2026-03-26T10:43:15+00:00\",\"breadcrumb\":{\"@id\":\"https:\/\/nfcjuices.com\/produkt\/zakwas-z-kiszonego-ogorka\/#breadcrumb\"},\"inLanguage\":\"fi\",\"potentialAction\":[{\"@type\":\"ReadAction\",\"target\":[\"https:\/\/nfcjuices.com\/produkt\/zakwas-z-kiszonego-ogorka\/\"]}]},{\"@type\":\"ImageObject\",\"inLanguage\":\"fi\",\"@id\":\"https:\/\/nfcjuices.com\/produkt\/zakwas-z-kiszonego-ogorka\/#primaryimage\",\"url\":\"https:\/\/nfcjuices.com\/wp-content\/uploads\/2026\/03\/Czerwona-beczka-1-2.png\",\"contentUrl\":\"https:\/\/nfcjuices.com\/wp-content\/uploads\/2026\/03\/Czerwona-beczka-1-2.png\",\"width\":1980,\"height\":1980,\"caption\":\"ce5afa6b1332e065ef581f87b9df927f\"},{\"@type\":\"BreadcrumbList\",\"@id\":\"https:\/\/nfcjuices.com\/produkt\/zakwas-z-kiszonego-ogorka\/#breadcrumb\",\"itemListElement\":[{\"@type\":\"ListItem\",\"position\":1,\"name\":\"Strona g\u0142\u00f3wna\",\"item\":\"https:\/\/nfcjuices.com\/\"},{\"@type\":\"ListItem\",\"position\":2,\"name\":\"Nasze produkty\",\"item\":\"https:\/\/nfcjuices.com\/sv\/vara-produkter\/\"},{\"@type\":\"ListItem\",\"position\":3,\"name\":\"Zakwas z kiszonego og\u00f3rka 200kg\"}]},{\"@type\":\"WebSite\",\"@id\":\"https:\/\/nfcjuices.com\/#website\",\"url\":\"https:\/\/nfcjuices.com\/\",\"name\":\"nfc-juices\",\"description\":\"Soki, przeciery, musy NFC w beczkach\",\"publisher\":{\"@id\":\"https:\/\/nfcjuices.com\/#organization\"},\"potentialAction\":[{\"@type\":\"SearchAction\",\"target\":{\"@type\":\"EntryPoint\",\"urlTemplate\":\"https:\/\/nfcjuices.com\/?s={search_term_string}\"},\"query-input\":{\"@type\":\"PropertyValueSpecification\",\"valueRequired\":true,\"valueName\":\"search_term_string\"}}],\"inLanguage\":\"fi\"},{\"@type\":\"Organization\",\"@id\":\"https:\/\/nfcjuices.com\/#organization\",\"name\":\"Nasza T\u0142ocznia\",\"url\":\"https:\/\/nfcjuices.com\/\",\"logo\":{\"@type\":\"ImageObject\",\"inLanguage\":\"fi\",\"@id\":\"https:\/\/nfcjuices.com\/#\/schema\/logo\/image\/\",\"url\":\"https:\/\/nfcjuices.com\/wp-content\/uploads\/2025\/05\/cropped-B2b-1.png\",\"contentUrl\":\"https:\/\/nfcjuices.com\/wp-content\/uploads\/2025\/05\/cropped-B2b-1.png\",\"width\":1199,\"height\":999,\"caption\":\"Nasza T\u0142ocznia\"},\"image\":{\"@id\":\"https:\/\/nfcjuices.com\/#\/schema\/logo\/image\/\"}}]}<\/script>\n<!-- \/ Yoast SEO plugin. -->","yoast_head_json":{"title":"Hapanjuurileip\u00e4 200 kg - nfc-mehut","robots":{"index":"index","follow":"follow","max-snippet":"max-snippet:-1","max-image-preview":"max-image-preview:large","max-video-preview":"max-video-preview:-1"},"canonical":"https:\/\/nfcjuices.com\/fi\/tuote\/hapanjuurileipaa-suolakurkusta\/","og_locale":"fi_FI","og_type":"article","og_title":"Zakwas z kiszonego og\u00f3rka 200kg - nfc-juices","og_description":"Rodzaj produktu: zakwas Brix: 5,5Specyfikacja techniczna dost\u0119pna na \u017cyczenie klienta. Warto\u015bci od\u017cywcze:Warto\u015b\u0107 energetyczna: 20 kcal T\u0142uszcz: 0g W\u0119glowodany: 2g -w tym cukry: 1g Bia\u0142ko: &lt;2g Nasza T\u0142ocznia logo.jpg S\u00f3l: &lt;1g","og_url":"https:\/\/nfcjuices.com\/fi\/tuote\/hapanjuurileipaa-suolakurkusta\/","og_site_name":"nfc-juices","article_modified_time":"2026-03-26T10:43:15+00:00","og_image":[{"width":1024,"height":1024,"url":"https:\/\/nfcjuices.com\/wp-content\/uploads\/2026\/03\/Czerwona-beczka-1-2-1024x1024.png","type":"image\/png"}],"twitter_card":"summary_large_image","schema":{"@context":"https:\/\/schema.org","@graph":[{"@type":"WebPage","@id":"https:\/\/nfcjuices.com\/produkt\/zakwas-z-kiszonego-ogorka\/","url":"https:\/\/nfcjuices.com\/produkt\/zakwas-z-kiszonego-ogorka\/","name":"Hapanjuurileip\u00e4 200 kg - nfc-mehut","isPartOf":{"@id":"https:\/\/nfcjuices.com\/#website"},"primaryImageOfPage":{"@id":"https:\/\/nfcjuices.com\/produkt\/zakwas-z-kiszonego-ogorka\/#primaryimage"},"image":{"@id":"https:\/\/nfcjuices.com\/produkt\/zakwas-z-kiszonego-ogorka\/#primaryimage"},"thumbnailUrl":"https:\/\/nfcjuices.com\/wp-content\/uploads\/2026\/03\/Czerwona-beczka-1-2.png","datePublished":"2025-03-13T09:08:26+00:00","dateModified":"2026-03-26T10:43:15+00:00","breadcrumb":{"@id":"https:\/\/nfcjuices.com\/produkt\/zakwas-z-kiszonego-ogorka\/#breadcrumb"},"inLanguage":"fi","potentialAction":[{"@type":"ReadAction","target":["https:\/\/nfcjuices.com\/produkt\/zakwas-z-kiszonego-ogorka\/"]}]},{"@type":"ImageObject","inLanguage":"fi","@id":"https:\/\/nfcjuices.com\/produkt\/zakwas-z-kiszonego-ogorka\/#primaryimage","url":"https:\/\/nfcjuices.com\/wp-content\/uploads\/2026\/03\/Czerwona-beczka-1-2.png","contentUrl":"https:\/\/nfcjuices.com\/wp-content\/uploads\/2026\/03\/Czerwona-beczka-1-2.png","width":1980,"height":1980,"caption":"ce5afa6b1332e065ef581f87b9df927f"},{"@type":"BreadcrumbList","@id":"https:\/\/nfcjuices.com\/produkt\/zakwas-z-kiszonego-ogorka\/#breadcrumb","itemListElement":[{"@type":"ListItem","position":1,"name":"Strona g\u0142\u00f3wna","item":"https:\/\/nfcjuices.com\/"},{"@type":"ListItem","position":2,"name":"Nasze produkty","item":"https:\/\/nfcjuices.com\/sv\/vara-produkter\/"},{"@type":"ListItem","position":3,"name":"Zakwas z kiszonego og\u00f3rka 200kg"}]},{"@type":"WebSite","@id":"https:\/\/nfcjuices.com\/#website","url":"https:\/\/nfcjuices.com\/","name":"nfc-mehut","description":"Mehut, soseet, NFC-vaahdot tynnyreiss\u00e4","publisher":{"@id":"https:\/\/nfcjuices.com\/#organization"},"potentialAction":[{"@type":"SearchAction","target":{"@type":"EntryPoint","urlTemplate":"https:\/\/nfcjuices.com\/?s={search_term_string}"},"query-input":{"@type":"PropertyValueSpecification","valueRequired":true,"valueName":"search_term_string"}}],"inLanguage":"fi"},{"@type":"Organization","@id":"https:\/\/nfcjuices.com\/#organization","name":"Puristuslaitoksemme","url":"https:\/\/nfcjuices.com\/","logo":{"@type":"ImageObject","inLanguage":"fi","@id":"https:\/\/nfcjuices.com\/#\/schema\/logo\/image\/","url":"https:\/\/nfcjuices.com\/wp-content\/uploads\/2025\/05\/cropped-B2b-1.png","contentUrl":"https:\/\/nfcjuices.com\/wp-content\/uploads\/2025\/05\/cropped-B2b-1.png","width":1199,"height":999,"caption":"Nasza T\u0142ocznia"},"image":{"@id":"https:\/\/nfcjuices.com\/#\/schema\/logo\/image\/"}}]}},"_links":{"self":[{"href":"https:\/\/nfcjuices.com\/fi\/wp-json\/wp\/v2\/product\/301","targetHints":{"allow":["GET"]}}],"collection":[{"href":"https:\/\/nfcjuices.com\/fi\/wp-json\/wp\/v2\/product"}],"about":[{"href":"https:\/\/nfcjuices.com\/fi\/wp-json\/wp\/v2\/types\/product"}],"replies":[{"embeddable":true,"href":"https:\/\/nfcjuices.com\/fi\/wp-json\/wp\/v2\/comments?post=301"}],"wp:featuredmedia":[{"embeddable":true,"href":"https:\/\/nfcjuices.com\/fi\/wp-json\/wp\/v2\/media\/1426"}],"wp:attachment":[{"href":"https:\/\/nfcjuices.com\/fi\/wp-json\/wp\/v2\/media?parent=301"}],"wp:term":[{"taxonomy":"product_brand","embeddable":true,"href":"https:\/\/nfcjuices.com\/fi\/wp-json\/wp\/v2\/product_brand?post=301"},{"taxonomy":"product_cat","embeddable":true,"href":"https:\/\/nfcjuices.com\/fi\/wp-json\/wp\/v2\/product_cat?post=301"},{"taxonomy":"product_tag","embeddable":true,"href":"https:\/\/nfcjuices.com\/fi\/wp-json\/wp\/v2\/product_tag?post=301"}],"curies":[{"name":"wp","href":"https:\/\/api.w.org\/{rel}","templated":true}]}}