{"id":265,"date":"2025-03-12T16:05:21","date_gmt":"2025-03-12T15:05:21","guid":{"rendered":"https:\/\/nfcjuices.com\/produkt\/pomarancza\/"},"modified":"2026-04-03T13:06:25","modified_gmt":"2026-04-03T11:06:25","slug":"oranssi","status":"publish","type":"product","link":"https:\/\/nfcjuices.com\/fi\/produkt\/pomarancza\/","title":{"rendered":"Mehu 100% Appelsiini 200kg"},"content":{"rendered":"<p><strong>Tuotetyyppi:<\/strong> mehu <\/p>\n<p> <strong>Brix-arvo: <\/strong>Ainakin 9<br \/><strong>Tekniset tiedot saatavilla pyynn\u00f6st\u00e4.<\/strong><\/p>\n<p><strong>Ravintoarvot:<\/strong><br \/>Energia-arvo: 46 kcal <\/p>\n<p>  Rasvaa: 0,10 g <\/p>\n<p>  Hiilihydraatit: 11 g\t <\/p>\n<p>  -sokereita mukaan lukien: 10,2 g <\/p>\n<p>  Proteiinia: 0,60 g\t <\/p>\n<p>  Suola: 0,40 g <\/p>","protected":false},"excerpt":{"rendered":"<p>Rodzaj produktu: sok Brix: Min. 9Specyfikacja techniczna dost\u0119pna na \u017cyczenie klienta. Warto\u015bci od\u017cywcze:Warto\u015b\u0107 en.: 46 kcal T\u0142uszcz: 0,10g W\u0119glowodany: 11g -w tym cukry: 10,2g Bia\u0142ko: 0,60g S\u00f3l: 0,40g<\/p>","protected":false},"featured_media":175,"comment_status":"open","ping_status":"closed","template":"","meta":[],"product_brand":[],"product_cat":[47,30],"product_tag":[34],"class_list":{"0":"post-265","1":"product","2":"type-product","3":"status-publish","4":"has-post-thumbnail","6":"product_cat-soki-nfc","7":"product_cat-soki-wyciskane-nfc","8":"product_tag-beczka","9":"pa_pojemnosc-200kg","11":"first","12":"instock","13":"taxable","14":"shipping-taxable","15":"purchasable","16":"product-type-simple"},"yoast_head":"<!-- This site is optimized with the Yoast SEO plugin v24.9 - https:\/\/yoast.com\/wordpress\/plugins\/seo\/ -->\n<title>Sok Pomara\u0144cza 100% NFC 200 kg - beczka do przetw\u00f3rstwa<\/title>\n<meta name=\"description\" content=\"Sok wyciskany z pomara\u0144czy NFC w beczce 200 kg. Pasteryzowany, bez dodatk\u00f3w. Do lemoniad, nabia\u0142u, deser\u00f3w, piw i izotonik\u00f3w. Dostawa paletowa\" \/>\n<meta name=\"robots\" content=\"index, follow, max-snippet:-1, max-image-preview:large, max-video-preview:-1\" \/>\n<link rel=\"canonical\" href=\"https:\/\/nfcjuices.com\/fi\/tuote\/oranssi\/\" \/>\n<meta property=\"og:locale\" content=\"fi_FI\" \/>\n<meta property=\"og:type\" content=\"article\" \/>\n<meta property=\"og:title\" content=\"Sok Pomara\u0144cza 100% NFC 200 kg - beczka do przetw\u00f3rstwa\" \/>\n<meta property=\"og:description\" content=\"Sok wyciskany z pomara\u0144czy NFC w beczce 200 kg. Pasteryzowany, bez dodatk\u00f3w. Do lemoniad, nabia\u0142u, deser\u00f3w, piw i izotonik\u00f3w. Dostawa paletowa\" \/>\n<meta property=\"og:url\" content=\"https:\/\/nfcjuices.com\/fi\/tuote\/oranssi\/\" \/>\n<meta property=\"og:site_name\" content=\"nfc-juices\" \/>\n<meta property=\"article:modified_time\" content=\"2026-04-03T11:06:25+00:00\" \/>\n<meta property=\"og:image\" content=\"https:\/\/nfcjuices.com\/wp-content\/uploads\/2025\/03\/Czerwona-beczka-1-1024x1024.png\" \/>\n\t<meta property=\"og:image:width\" content=\"1024\" \/>\n\t<meta property=\"og:image:height\" content=\"1024\" \/>\n\t<meta property=\"og:image:type\" content=\"image\/png\" \/>\n<meta name=\"twitter:card\" content=\"summary_large_image\" \/>\n<meta name=\"twitter:label1\" content=\"Arvioitu lukuaika\" \/>\n\t<meta name=\"twitter:data1\" content=\"2 minuuttia\" \/>\n<script type=\"application\/ld+json\" class=\"yoast-schema-graph\">{\"@context\":\"https:\/\/schema.org\",\"@graph\":[{\"@type\":\"WebPage\",\"@id\":\"https:\/\/nfcjuices.com\/produkt\/pomarancza\/\",\"url\":\"https:\/\/nfcjuices.com\/produkt\/pomarancza\/\",\"name\":\"Sok Pomara\u0144cza 100% NFC 200 kg - beczka do przetw\u00f3rstwa\",\"isPartOf\":{\"@id\":\"https:\/\/nfcjuices.com\/#website\"},\"primaryImageOfPage\":{\"@id\":\"https:\/\/nfcjuices.com\/produkt\/pomarancza\/#primaryimage\"},\"image\":{\"@id\":\"https:\/\/nfcjuices.com\/produkt\/pomarancza\/#primaryimage\"},\"thumbnailUrl\":\"https:\/\/nfcjuices.com\/wp-content\/uploads\/2025\/03\/Czerwona-beczka-1.png\",\"datePublished\":\"2025-03-12T15:05:21+00:00\",\"dateModified\":\"2026-04-03T11:06:25+00:00\",\"description\":\"Sok wyciskany z pomara\u0144czy NFC w beczce 200 kg. Pasteryzowany, bez dodatk\u00f3w. Do lemoniad, nabia\u0142u, deser\u00f3w, piw i izotonik\u00f3w. Dostawa paletowa\",\"breadcrumb\":{\"@id\":\"https:\/\/nfcjuices.com\/produkt\/pomarancza\/#breadcrumb\"},\"inLanguage\":\"fi\",\"potentialAction\":[{\"@type\":\"ReadAction\",\"target\":[\"https:\/\/nfcjuices.com\/produkt\/pomarancza\/\"]}]},{\"@type\":\"ImageObject\",\"inLanguage\":\"fi\",\"@id\":\"https:\/\/nfcjuices.com\/produkt\/pomarancza\/#primaryimage\",\"url\":\"https:\/\/nfcjuices.com\/wp-content\/uploads\/2025\/03\/Czerwona-beczka-1.png\",\"contentUrl\":\"https:\/\/nfcjuices.com\/wp-content\/uploads\/2025\/03\/Czerwona-beczka-1.png\",\"width\":1980,\"height\":1980},{\"@type\":\"BreadcrumbList\",\"@id\":\"https:\/\/nfcjuices.com\/produkt\/pomarancza\/#breadcrumb\",\"itemListElement\":[{\"@type\":\"ListItem\",\"position\":1,\"name\":\"Strona g\u0142\u00f3wna\",\"item\":\"https:\/\/nfcjuices.com\/\"},{\"@type\":\"ListItem\",\"position\":2,\"name\":\"Nasze produkty\",\"item\":\"https:\/\/nfcjuices.com\/sv\/vara-produkter\/\"},{\"@type\":\"ListItem\",\"position\":3,\"name\":\"Sok 100% Pomara\u0144cza 200kg\"}]},{\"@type\":\"WebSite\",\"@id\":\"https:\/\/nfcjuices.com\/#website\",\"url\":\"https:\/\/nfcjuices.com\/\",\"name\":\"nfc-juices\",\"description\":\"Soki, przeciery, musy NFC w beczkach\",\"publisher\":{\"@id\":\"https:\/\/nfcjuices.com\/#organization\"},\"potentialAction\":[{\"@type\":\"SearchAction\",\"target\":{\"@type\":\"EntryPoint\",\"urlTemplate\":\"https:\/\/nfcjuices.com\/?s={search_term_string}\"},\"query-input\":{\"@type\":\"PropertyValueSpecification\",\"valueRequired\":true,\"valueName\":\"search_term_string\"}}],\"inLanguage\":\"fi\"},{\"@type\":\"Organization\",\"@id\":\"https:\/\/nfcjuices.com\/#organization\",\"name\":\"Nasza T\u0142ocznia\",\"url\":\"https:\/\/nfcjuices.com\/\",\"logo\":{\"@type\":\"ImageObject\",\"inLanguage\":\"fi\",\"@id\":\"https:\/\/nfcjuices.com\/#\/schema\/logo\/image\/\",\"url\":\"https:\/\/nfcjuices.com\/wp-content\/uploads\/2025\/05\/cropped-B2b-1.png\",\"contentUrl\":\"https:\/\/nfcjuices.com\/wp-content\/uploads\/2025\/05\/cropped-B2b-1.png\",\"width\":1199,\"height\":999,\"caption\":\"Nasza T\u0142ocznia\"},\"image\":{\"@id\":\"https:\/\/nfcjuices.com\/#\/schema\/logo\/image\/\"}}]}<\/script>\n<!-- \/ Yoast SEO plugin. -->","yoast_head_json":{"title":"Appelsiinimehu 100% NFC 200 kg - tynnyri jalostukseen","description":"NFC-vastapuristettua appelsiinimehua 200 kg:n tynnyriss\u00e4. Past\u00f6roitu, ei lis\u00e4aineita. Sopii limonadeihin, maitotuotteisiin, j\u00e4lkiruokiin, oluisiin ja isotonisiin juomiin. Toimitus kuormalavoille.","robots":{"index":"index","follow":"follow","max-snippet":"max-snippet:-1","max-image-preview":"max-image-preview:large","max-video-preview":"max-video-preview:-1"},"canonical":"https:\/\/nfcjuices.com\/fi\/tuote\/oranssi\/","og_locale":"fi_FI","og_type":"article","og_title":"Sok Pomara\u0144cza 100% NFC 200 kg - beczka do przetw\u00f3rstwa","og_description":"Sok wyciskany z pomara\u0144czy NFC w beczce 200 kg. Pasteryzowany, bez dodatk\u00f3w. Do lemoniad, nabia\u0142u, deser\u00f3w, piw i izotonik\u00f3w. Dostawa paletowa","og_url":"https:\/\/nfcjuices.com\/fi\/tuote\/oranssi\/","og_site_name":"nfc-juices","article_modified_time":"2026-04-03T11:06:25+00:00","og_image":[{"width":1024,"height":1024,"url":"https:\/\/nfcjuices.com\/wp-content\/uploads\/2025\/03\/Czerwona-beczka-1-1024x1024.png","type":"image\/png"}],"twitter_card":"summary_large_image","twitter_misc":{"Arvioitu lukuaika":"2 minuuttia"},"schema":{"@context":"https:\/\/schema.org","@graph":[{"@type":"WebPage","@id":"https:\/\/nfcjuices.com\/produkt\/pomarancza\/","url":"https:\/\/nfcjuices.com\/produkt\/pomarancza\/","name":"Appelsiinimehu 100% NFC 200 kg - tynnyri jalostukseen","isPartOf":{"@id":"https:\/\/nfcjuices.com\/#website"},"primaryImageOfPage":{"@id":"https:\/\/nfcjuices.com\/produkt\/pomarancza\/#primaryimage"},"image":{"@id":"https:\/\/nfcjuices.com\/produkt\/pomarancza\/#primaryimage"},"thumbnailUrl":"https:\/\/nfcjuices.com\/wp-content\/uploads\/2025\/03\/Czerwona-beczka-1.png","datePublished":"2025-03-12T15:05:21+00:00","dateModified":"2026-04-03T11:06:25+00:00","description":"NFC-vastapuristettua appelsiinimehua 200 kg:n tynnyriss\u00e4. Past\u00f6roitu, ei lis\u00e4aineita. Sopii limonadeihin, maitotuotteisiin, j\u00e4lkiruokiin, oluisiin ja isotonisiin juomiin. Toimitus kuormalavoille.","breadcrumb":{"@id":"https:\/\/nfcjuices.com\/produkt\/pomarancza\/#breadcrumb"},"inLanguage":"fi","potentialAction":[{"@type":"ReadAction","target":["https:\/\/nfcjuices.com\/produkt\/pomarancza\/"]}]},{"@type":"ImageObject","inLanguage":"fi","@id":"https:\/\/nfcjuices.com\/produkt\/pomarancza\/#primaryimage","url":"https:\/\/nfcjuices.com\/wp-content\/uploads\/2025\/03\/Czerwona-beczka-1.png","contentUrl":"https:\/\/nfcjuices.com\/wp-content\/uploads\/2025\/03\/Czerwona-beczka-1.png","width":1980,"height":1980},{"@type":"BreadcrumbList","@id":"https:\/\/nfcjuices.com\/produkt\/pomarancza\/#breadcrumb","itemListElement":[{"@type":"ListItem","position":1,"name":"Strona g\u0142\u00f3wna","item":"https:\/\/nfcjuices.com\/"},{"@type":"ListItem","position":2,"name":"Nasze produkty","item":"https:\/\/nfcjuices.com\/sv\/vara-produkter\/"},{"@type":"ListItem","position":3,"name":"Sok 100% Pomara\u0144cza 200kg"}]},{"@type":"WebSite","@id":"https:\/\/nfcjuices.com\/#website","url":"https:\/\/nfcjuices.com\/","name":"nfc-mehut","description":"Mehut, soseet, NFC-vaahdot tynnyreiss\u00e4","publisher":{"@id":"https:\/\/nfcjuices.com\/#organization"},"potentialAction":[{"@type":"SearchAction","target":{"@type":"EntryPoint","urlTemplate":"https:\/\/nfcjuices.com\/?s={search_term_string}"},"query-input":{"@type":"PropertyValueSpecification","valueRequired":true,"valueName":"search_term_string"}}],"inLanguage":"fi"},{"@type":"Organization","@id":"https:\/\/nfcjuices.com\/#organization","name":"Puristuslaitoksemme","url":"https:\/\/nfcjuices.com\/","logo":{"@type":"ImageObject","inLanguage":"fi","@id":"https:\/\/nfcjuices.com\/#\/schema\/logo\/image\/","url":"https:\/\/nfcjuices.com\/wp-content\/uploads\/2025\/05\/cropped-B2b-1.png","contentUrl":"https:\/\/nfcjuices.com\/wp-content\/uploads\/2025\/05\/cropped-B2b-1.png","width":1199,"height":999,"caption":"Nasza T\u0142ocznia"},"image":{"@id":"https:\/\/nfcjuices.com\/#\/schema\/logo\/image\/"}}]}},"_links":{"self":[{"href":"https:\/\/nfcjuices.com\/fi\/wp-json\/wp\/v2\/product\/265","targetHints":{"allow":["GET"]}}],"collection":[{"href":"https:\/\/nfcjuices.com\/fi\/wp-json\/wp\/v2\/product"}],"about":[{"href":"https:\/\/nfcjuices.com\/fi\/wp-json\/wp\/v2\/types\/product"}],"replies":[{"embeddable":true,"href":"https:\/\/nfcjuices.com\/fi\/wp-json\/wp\/v2\/comments?post=265"}],"wp:featuredmedia":[{"embeddable":true,"href":"https:\/\/nfcjuices.com\/fi\/wp-json\/wp\/v2\/media\/175"}],"wp:attachment":[{"href":"https:\/\/nfcjuices.com\/fi\/wp-json\/wp\/v2\/media?parent=265"}],"wp:term":[{"taxonomy":"product_brand","embeddable":true,"href":"https:\/\/nfcjuices.com\/fi\/wp-json\/wp\/v2\/product_brand?post=265"},{"taxonomy":"product_cat","embeddable":true,"href":"https:\/\/nfcjuices.com\/fi\/wp-json\/wp\/v2\/product_cat?post=265"},{"taxonomy":"product_tag","embeddable":true,"href":"https:\/\/nfcjuices.com\/fi\/wp-json\/wp\/v2\/product_tag?post=265"}],"curies":[{"name":"wp","href":"https:\/\/api.w.org\/{rel}","templated":true}]}}