{"id":1487,"date":"2026-04-14T14:16:31","date_gmt":"2026-04-14T12:16:31","guid":{"rendered":"https:\/\/nfcjuices.com\/?post_type=product&#038;p=1487"},"modified":"2026-04-14T14:22:49","modified_gmt":"2026-04-14T12:22:49","slug":"kirsikkasose-200-kg-2","status":"publish","type":"product","link":"https:\/\/nfcjuices.com\/fi\/produkt\/przecier-czeresnia-200kg\/","title":{"rendered":"Kirsikkasose 200kg"},"content":{"rendered":"<p><strong>Tekniset tiedot saatavilla pyynn\u00f6st\u00e4.<\/strong><\/p>\n<p>Energia-arvo: 43 kcal<br \/>\nRasvaa: 0 g<br \/>\nHiilihydraatit: 10,8 g<br \/>\n-sokereita mukaan lukien: 10,8 g<br \/>\nProteiini: &lt;0,1 g<br \/>\nSuola: &lt;0,01 g<\/p>","protected":false},"excerpt":{"rendered":"<p>Specyfikacja techniczna dost\u0119pna na \u017cyczenie klienta. Warto\u015b\u0107 energetyczna: 43 kcal T\u0142uszcz: 0g W\u0119glowodany: 10,8g -w tym cukry: 10,8g Bia\u0142ko: &lt;0,1g S\u00f3l: &lt;0,01g<\/p>","protected":false},"featured_media":1231,"comment_status":"open","ping_status":"closed","template":"","meta":[],"product_brand":[49],"product_cat":[56],"product_tag":[],"class_list":{"0":"post-1487","1":"product","2":"type-product","3":"status-publish","4":"has-post-thumbnail","6":"product_brand-nasza-tlocznia","7":"product_cat-przeciery","8":"pa_pojemnosc-200kg","10":"first","11":"instock","12":"taxable","13":"shipping-taxable","14":"purchasable","15":"product-type-simple"},"yoast_head":"<!-- This site is optimized with the Yoast SEO plugin v24.9 - https:\/\/yoast.com\/wordpress\/plugins\/seo\/ -->\n<title>Przecier z czere\u015bni 100% - beczka 200 kg | do przetw\u00f3rstwa B2B<\/title>\n<meta name=\"description\" content=\"Naturalny przecier z czere\u015bni 100% w beczce 200 kg. Pasteryzowany, bez dodatk\u00f3w. Do napoj\u00f3w, deser\u00f3w, lod\u00f3w i wsad\u00f3w. Dostawa paletowa ze specyfikacj\u0105\" \/>\n<meta name=\"robots\" content=\"index, follow, max-snippet:-1, max-image-preview:large, max-video-preview:-1\" \/>\n<link rel=\"canonical\" href=\"https:\/\/nfcjuices.com\/fi\/tuote\/kirsikkasose-200-kg-2\/\" \/>\n<meta property=\"og:locale\" content=\"fi_FI\" \/>\n<meta property=\"og:type\" content=\"article\" \/>\n<meta property=\"og:title\" content=\"Przecier z czere\u015bni 100% - beczka 200 kg | do przetw\u00f3rstwa B2B\" \/>\n<meta property=\"og:description\" content=\"Naturalny przecier z czere\u015bni 100% w beczce 200 kg. Pasteryzowany, bez dodatk\u00f3w. Do napoj\u00f3w, deser\u00f3w, lod\u00f3w i wsad\u00f3w. Dostawa paletowa ze specyfikacj\u0105\" \/>\n<meta property=\"og:url\" content=\"https:\/\/nfcjuices.com\/fi\/tuote\/kirsikkasose-200-kg-2\/\" \/>\n<meta property=\"og:site_name\" content=\"nfc-juices\" \/>\n<meta property=\"article:modified_time\" content=\"2026-04-14T12:22:49+00:00\" \/>\n<meta property=\"og:image\" content=\"https:\/\/nfcjuices.com\/wp-content\/uploads\/2025\/07\/Czerwona-beczka-1-1.webp\" \/>\n\t<meta property=\"og:image:width\" content=\"1920\" \/>\n\t<meta property=\"og:image:height\" content=\"1920\" \/>\n\t<meta property=\"og:image:type\" content=\"image\/webp\" \/>\n<meta name=\"twitter:card\" content=\"summary_large_image\" \/>\n<meta name=\"twitter:label1\" content=\"Arvioitu lukuaika\" \/>\n\t<meta name=\"twitter:data1\" content=\"1 minuutti\" \/>\n<script type=\"application\/ld+json\" class=\"yoast-schema-graph\">{\"@context\":\"https:\/\/schema.org\",\"@graph\":[{\"@type\":\"WebPage\",\"@id\":\"https:\/\/nfcjuices.com\/produkt\/przecier-czeresnia-200kg\/\",\"url\":\"https:\/\/nfcjuices.com\/produkt\/przecier-czeresnia-200kg\/\",\"name\":\"Przecier z czere\u015bni 100% - beczka 200 kg | do przetw\u00f3rstwa B2B\",\"isPartOf\":{\"@id\":\"https:\/\/nfcjuices.com\/#website\"},\"primaryImageOfPage\":{\"@id\":\"https:\/\/nfcjuices.com\/produkt\/przecier-czeresnia-200kg\/#primaryimage\"},\"image\":{\"@id\":\"https:\/\/nfcjuices.com\/produkt\/przecier-czeresnia-200kg\/#primaryimage\"},\"thumbnailUrl\":\"https:\/\/nfcjuices.com\/wp-content\/uploads\/2025\/07\/Czerwona-beczka-1-1.webp\",\"datePublished\":\"2026-04-14T12:16:31+00:00\",\"dateModified\":\"2026-04-14T12:22:49+00:00\",\"description\":\"Naturalny przecier z czere\u015bni 100% w beczce 200 kg. Pasteryzowany, bez dodatk\u00f3w. Do napoj\u00f3w, deser\u00f3w, lod\u00f3w i wsad\u00f3w. Dostawa paletowa ze specyfikacj\u0105\",\"breadcrumb\":{\"@id\":\"https:\/\/nfcjuices.com\/produkt\/przecier-czeresnia-200kg\/#breadcrumb\"},\"inLanguage\":\"fi\",\"potentialAction\":[{\"@type\":\"ReadAction\",\"target\":[\"https:\/\/nfcjuices.com\/produkt\/przecier-czeresnia-200kg\/\"]}]},{\"@type\":\"ImageObject\",\"inLanguage\":\"fi\",\"@id\":\"https:\/\/nfcjuices.com\/produkt\/przecier-czeresnia-200kg\/#primaryimage\",\"url\":\"https:\/\/nfcjuices.com\/wp-content\/uploads\/2025\/07\/Czerwona-beczka-1-1.webp\",\"contentUrl\":\"https:\/\/nfcjuices.com\/wp-content\/uploads\/2025\/07\/Czerwona-beczka-1-1.webp\",\"width\":1980,\"height\":1980},{\"@type\":\"BreadcrumbList\",\"@id\":\"https:\/\/nfcjuices.com\/produkt\/przecier-czeresnia-200kg\/#breadcrumb\",\"itemListElement\":[{\"@type\":\"ListItem\",\"position\":1,\"name\":\"Strona g\u0142\u00f3wna\",\"item\":\"https:\/\/nfcjuices.com\/\"},{\"@type\":\"ListItem\",\"position\":2,\"name\":\"Nasze produkty\",\"item\":\"https:\/\/nfcjuices.com\/sv\/vara-produkter\/\"},{\"@type\":\"ListItem\",\"position\":3,\"name\":\"Przecier Czere\u015bnia 200kg\"}]},{\"@type\":\"WebSite\",\"@id\":\"https:\/\/nfcjuices.com\/#website\",\"url\":\"https:\/\/nfcjuices.com\/\",\"name\":\"nfc-juices\",\"description\":\"Soki, przeciery, musy NFC w beczkach\",\"publisher\":{\"@id\":\"https:\/\/nfcjuices.com\/#organization\"},\"potentialAction\":[{\"@type\":\"SearchAction\",\"target\":{\"@type\":\"EntryPoint\",\"urlTemplate\":\"https:\/\/nfcjuices.com\/?s={search_term_string}\"},\"query-input\":{\"@type\":\"PropertyValueSpecification\",\"valueRequired\":true,\"valueName\":\"search_term_string\"}}],\"inLanguage\":\"fi\"},{\"@type\":\"Organization\",\"@id\":\"https:\/\/nfcjuices.com\/#organization\",\"name\":\"Nasza T\u0142ocznia\",\"url\":\"https:\/\/nfcjuices.com\/\",\"logo\":{\"@type\":\"ImageObject\",\"inLanguage\":\"fi\",\"@id\":\"https:\/\/nfcjuices.com\/#\/schema\/logo\/image\/\",\"url\":\"https:\/\/nfcjuices.com\/wp-content\/uploads\/2025\/05\/cropped-B2b-1.png\",\"contentUrl\":\"https:\/\/nfcjuices.com\/wp-content\/uploads\/2025\/05\/cropped-B2b-1.png\",\"width\":1199,\"height\":999,\"caption\":\"Nasza T\u0142ocznia\"},\"image\":{\"@id\":\"https:\/\/nfcjuices.com\/#\/schema\/logo\/image\/\"}}]}<\/script>\n<!-- \/ Yoast SEO plugin. -->","yoast_head_json":{"title":"Kirsikkasose 100% - 200 kg tynnyri | B2B-jalostukseen","description":"Luonnollinen kirsikkasose 100% 200 kg tynnyriss\u00e4. Past\u00f6roitu, ei lis\u00e4aineita. Sopii juomiin, j\u00e4lkiruokiin, j\u00e4\u00e4tel\u00f6\u00f6n ja sekoituksiin. Toimitus kuormalavoille eritelmien kera.","robots":{"index":"index","follow":"follow","max-snippet":"max-snippet:-1","max-image-preview":"max-image-preview:large","max-video-preview":"max-video-preview:-1"},"canonical":"https:\/\/nfcjuices.com\/fi\/tuote\/kirsikkasose-200-kg-2\/","og_locale":"fi_FI","og_type":"article","og_title":"Przecier z czere\u015bni 100% - beczka 200 kg | do przetw\u00f3rstwa B2B","og_description":"Naturalny przecier z czere\u015bni 100% w beczce 200 kg. Pasteryzowany, bez dodatk\u00f3w. Do napoj\u00f3w, deser\u00f3w, lod\u00f3w i wsad\u00f3w. Dostawa paletowa ze specyfikacj\u0105","og_url":"https:\/\/nfcjuices.com\/fi\/tuote\/kirsikkasose-200-kg-2\/","og_site_name":"nfc-juices","article_modified_time":"2026-04-14T12:22:49+00:00","og_image":[{"width":1920,"height":1920,"url":"https:\/\/nfcjuices.com\/wp-content\/uploads\/2025\/07\/Czerwona-beczka-1-1.webp","type":"image\/webp"}],"twitter_card":"summary_large_image","twitter_misc":{"Arvioitu lukuaika":"1 minuutti"},"schema":{"@context":"https:\/\/schema.org","@graph":[{"@type":"WebPage","@id":"https:\/\/nfcjuices.com\/produkt\/przecier-czeresnia-200kg\/","url":"https:\/\/nfcjuices.com\/produkt\/przecier-czeresnia-200kg\/","name":"Kirsikkasose 100% - 200 kg tynnyri | B2B-jalostukseen","isPartOf":{"@id":"https:\/\/nfcjuices.com\/#website"},"primaryImageOfPage":{"@id":"https:\/\/nfcjuices.com\/produkt\/przecier-czeresnia-200kg\/#primaryimage"},"image":{"@id":"https:\/\/nfcjuices.com\/produkt\/przecier-czeresnia-200kg\/#primaryimage"},"thumbnailUrl":"https:\/\/nfcjuices.com\/wp-content\/uploads\/2025\/07\/Czerwona-beczka-1-1.webp","datePublished":"2026-04-14T12:16:31+00:00","dateModified":"2026-04-14T12:22:49+00:00","description":"Luonnollinen kirsikkasose 100% 200 kg tynnyriss\u00e4. Past\u00f6roitu, ei lis\u00e4aineita. Sopii juomiin, j\u00e4lkiruokiin, j\u00e4\u00e4tel\u00f6\u00f6n ja sekoituksiin. Toimitus kuormalavoille eritelmien kera.","breadcrumb":{"@id":"https:\/\/nfcjuices.com\/produkt\/przecier-czeresnia-200kg\/#breadcrumb"},"inLanguage":"fi","potentialAction":[{"@type":"ReadAction","target":["https:\/\/nfcjuices.com\/produkt\/przecier-czeresnia-200kg\/"]}]},{"@type":"ImageObject","inLanguage":"fi","@id":"https:\/\/nfcjuices.com\/produkt\/przecier-czeresnia-200kg\/#primaryimage","url":"https:\/\/nfcjuices.com\/wp-content\/uploads\/2025\/07\/Czerwona-beczka-1-1.webp","contentUrl":"https:\/\/nfcjuices.com\/wp-content\/uploads\/2025\/07\/Czerwona-beczka-1-1.webp","width":1980,"height":1980},{"@type":"BreadcrumbList","@id":"https:\/\/nfcjuices.com\/produkt\/przecier-czeresnia-200kg\/#breadcrumb","itemListElement":[{"@type":"ListItem","position":1,"name":"Strona g\u0142\u00f3wna","item":"https:\/\/nfcjuices.com\/"},{"@type":"ListItem","position":2,"name":"Nasze produkty","item":"https:\/\/nfcjuices.com\/sv\/vara-produkter\/"},{"@type":"ListItem","position":3,"name":"Przecier Czere\u015bnia 200kg"}]},{"@type":"WebSite","@id":"https:\/\/nfcjuices.com\/#website","url":"https:\/\/nfcjuices.com\/","name":"nfc-mehut","description":"Mehut, soseet, NFC-vaahdot tynnyreiss\u00e4","publisher":{"@id":"https:\/\/nfcjuices.com\/#organization"},"potentialAction":[{"@type":"SearchAction","target":{"@type":"EntryPoint","urlTemplate":"https:\/\/nfcjuices.com\/?s={search_term_string}"},"query-input":{"@type":"PropertyValueSpecification","valueRequired":true,"valueName":"search_term_string"}}],"inLanguage":"fi"},{"@type":"Organization","@id":"https:\/\/nfcjuices.com\/#organization","name":"Puristuslaitoksemme","url":"https:\/\/nfcjuices.com\/","logo":{"@type":"ImageObject","inLanguage":"fi","@id":"https:\/\/nfcjuices.com\/#\/schema\/logo\/image\/","url":"https:\/\/nfcjuices.com\/wp-content\/uploads\/2025\/05\/cropped-B2b-1.png","contentUrl":"https:\/\/nfcjuices.com\/wp-content\/uploads\/2025\/05\/cropped-B2b-1.png","width":1199,"height":999,"caption":"Nasza T\u0142ocznia"},"image":{"@id":"https:\/\/nfcjuices.com\/#\/schema\/logo\/image\/"}}]}},"_links":{"self":[{"href":"https:\/\/nfcjuices.com\/fi\/wp-json\/wp\/v2\/product\/1487","targetHints":{"allow":["GET"]}}],"collection":[{"href":"https:\/\/nfcjuices.com\/fi\/wp-json\/wp\/v2\/product"}],"about":[{"href":"https:\/\/nfcjuices.com\/fi\/wp-json\/wp\/v2\/types\/product"}],"replies":[{"embeddable":true,"href":"https:\/\/nfcjuices.com\/fi\/wp-json\/wp\/v2\/comments?post=1487"}],"wp:featuredmedia":[{"embeddable":true,"href":"https:\/\/nfcjuices.com\/fi\/wp-json\/wp\/v2\/media\/1231"}],"wp:attachment":[{"href":"https:\/\/nfcjuices.com\/fi\/wp-json\/wp\/v2\/media?parent=1487"}],"wp:term":[{"taxonomy":"product_brand","embeddable":true,"href":"https:\/\/nfcjuices.com\/fi\/wp-json\/wp\/v2\/product_brand?post=1487"},{"taxonomy":"product_cat","embeddable":true,"href":"https:\/\/nfcjuices.com\/fi\/wp-json\/wp\/v2\/product_cat?post=1487"},{"taxonomy":"product_tag","embeddable":true,"href":"https:\/\/nfcjuices.com\/fi\/wp-json\/wp\/v2\/product_tag?post=1487"}],"curies":[{"name":"wp","href":"https:\/\/api.w.org\/{rel}","templated":true}]}}