{"id":33,"date":"2025-04-15T11:38:29","date_gmt":"2025-04-15T09:38:29","guid":{"rendered":"https:\/\/nfcjuices.com\/?page_id=33"},"modified":"2025-04-15T11:38:30","modified_gmt":"2025-04-15T09:38:30","slug":"palautukset","status":"publish","type":"page","link":"https:\/\/nfcjuices.com\/fi\/zwroty\/","title":{"rendered":"Palautukset, valitukset"},"content":{"rendered":"<p>Hyv\u00e4t naiset ja herrat,<\/p>\n\n\n\n<p>Jos Nasza T\u0142ocznia -verkkokaupasta ostettu tuote ei vastaa odotuksiasi tai on olemassa perusteita valitukselle, voit palauttaa tuotteen tai tehd\u00e4 siit\u00e4 valituksen m\u00e4\u00e4r\u00e4ajan kuluessa. Palautusten tekemisen s\u00e4\u00e4nn\u00f6t, jotka ovat samalla vet\u00e4ytyminen tehdyst\u00e4 sopimuksesta ja valituksia, on s\u00e4\u00e4nnelty ja m\u00e4\u00e4ritelty verkkokaupan k\u00e4ytt\u00f6ehdoissa - kohdissa 10 ja 11.<\/p>\n\n\n\n<p><strong>\u00a710&nbsp;<\/strong>Oikeus peruuttaa sopimus<\/p>\n\n\n\n<ol class=\"wp-block-list\">\n<li>Asiakas (kuluttaja ja yritt\u00e4j\u00e4, jolla on kuluttajan oikeudet) voi peruuttaa sopimuksen 14 p\u00e4iv\u00e4n kuluessa antamatta syyt\u00e4.<\/li>\n\n\n\n<li>Kohdassa 1 m\u00e4\u00e4ritelty ajanjakso alkaa tuotteen toimitusp\u00e4iv\u00e4st\u00e4 asiakkaalle.<\/li>\n\n\n\n<li>Jos sopimus kattaa useita Tuotteita, jotka toimitetaan erikseen, eriss\u00e4 tai osina, kohdassa 1 mainittu ajanjakso alkaa kulua viimeisen tuotteen, er\u00e4n tai osan toimituksesta.<\/li>\n\n\n\n<li>Asiakas voi peruuttaa sopimuksen toimittamalla myyj\u00e4lle t\u00e4ytetyn ja allekirjoitetun peruutusilmoituksen sopimuksesta (lataa palautuslomake alta). Sopimuksen peruuttamisen m\u00e4\u00e4r\u00e4ajan noudattamiseksi riitt\u00e4\u00e4, ett\u00e4 kuluttaja l\u00e4hett\u00e4\u00e4 ilmoituksen ennen m\u00e4\u00e4r\u00e4ajan p\u00e4\u00e4ttymist\u00e4.<\/li>\n\n\n\n<li>Ilmoituksen voi l\u00e4hett\u00e4\u00e4 perinteisell\u00e4 postilla tai s\u00e4hk\u00f6isesti. Sen tulee sis\u00e4lt\u00e4\u00e4 Asiakkaan tiedot, tilausnumero, myyntitositteen numero, maininta palautettavasta tuotteesta ja halutessaan palautuksen syy.<\/li>\n\n\n\n<li>Palautetun tuotteen on oltava myyj\u00e4n luona&nbsp;<strong>moitteettomassa kunnossa<\/strong>, ei k\u00e4yt\u00f6n j\u00e4lki\u00e4&nbsp;<strong>yhdess\u00e4 ostovahvistuksen kanssa<\/strong>&nbsp;\u2013 t\u00e4ytetty ja allekirjoitettu kuitti tai ALV-lasku&nbsp;<strong>palautuslomake<\/strong>. Palautuksia ilman myyntitositetta tai palautuslomaketta ei k\u00e4sitell\u00e4.<\/li>\n\n\n\n<li>Palautetun tuotteen toimituskulut myyj\u00e4lle ovat asiakkaan vastuulla.<\/li>\n\n\n\n<li>Postiennakolla l\u00e4hetettyj\u00e4 paketteja ei vastaanoteta.<\/li>\n\n\n\n<li>Myyj\u00e4 palauttaa maksun samoilla maksutavoilla, joita Asiakas k\u00e4ytti alkuper\u00e4isess\u00e4 maksutapahtumassa, ellei Asiakas ole nimenomaisesti suostunut toiseen ratkaisuun, josta ei aiheudu h\u00e4nelle kustannuksia.<\/li>\n\n\n\n<li>Myyj\u00e4 palauttaa maksun 14 p\u00e4iv\u00e4n kuluessa palautuksen vahvistamisesta eli siit\u00e4, ett\u00e4 tuotteessa ei ole k\u00e4yt\u00f6n j\u00e4lki\u00e4 ja palautukseen on liitetty kaikki t\u00e4m\u00e4n kappaleen 6. kohdassa mainitut vaaditut asiakirjat.<\/li>\n<\/ol>\n\n\n\n<p><strong>\u00a711&nbsp;<\/strong>Valitus<\/p>\n\n\n\n<ol class=\"wp-block-list\">\n<li>Myyj\u00e4 on vastuussa myymiens\u00e4 Tuotteiden asianmukaisesta laadusta.<\/li>\n\n\n\n<li>Valitukset voidaan tehd\u00e4 viimeist\u00e4\u00e4n 14 p\u00e4iv\u00e4n kuluessa siit\u00e4, kun Asiakas huomaa Tilaukseen tai Tuotteeseen liittyvi\u00e4 poikkeamia.<\/li>\n\n\n\n<li>Asiakas (kuluttaja ja yritt\u00e4j\u00e4, jolla on kuluttajan oikeudet) voi tehd\u00e4 valituksen l\u00e4hett\u00e4m\u00e4ll\u00e4 valituslausunnon (tuotevalituslomake on ladattavissa alta).<\/li>\n\n\n\n<li>Kannekirjelm\u00e4n voi l\u00e4hett\u00e4\u00e4 perinteisell\u00e4 kirjeell\u00e4 tai s\u00e4hk\u00f6isesti.<\/li>\n\n\n\n<li>Reklamaation kohteena oleva tuote tulee toimittaa yhdess\u00e4 ostovahvistuksen ja t\u00e4ytetyn sek\u00e4 allekirjoitetun reklamaatiolomakkeen kanssa. <\/li>\n\n\n\n<li>Reklamaation kohteena olevan tuotteen palautuskulut maksaa Myyj\u00e4 l\u00e4hett\u00e4m\u00e4ll\u00e4 asiakkaalle palautusosoitteen.<\/li>\n\n\n\n<li>Postiennakolla l\u00e4hetettyj\u00e4 paketteja ei vastaanoteta.<\/li>\n\n\n\n<li>Myyj\u00e4 k\u00e4sittelee reklamaatiot 14 p\u00e4iv\u00e4n kuluessa tuotteen vastaanottamisesta.<\/li>\n<\/ol>\n\n\n\n<div data-wp-interactive=\"core\/file\" class=\"wp-block-file\"><object data-wp-bind--hidden=\"!state.hasPdfPreview\" hidden class=\"wp-block-file__embed\" data=\"https:\/\/naszatlocznia.pl\/wp-content\/uploads\/2023\/01\/Nasza-Tlocznia-Formularz-zwrotu-towaru-1.pdf\" type=\"application\/pdf\" style=\"width:100%;height:600px\" aria-label=\"Tiedoston Nasza-Tlocznia-Formularz-zwrotu-towaru-1 upotus.\"><\/object><a id=\"wp-block-file--media-3de63507-db4c-4865-9d84-4e3c7b0a9994\" href=\"https:\/\/naszatlocznia.pl\/wp-content\/uploads\/2023\/01\/Nasza-Tlocznia-Formularz-zwrotu-towaru-1.pdf\">Palautuslomake 1<\/a><a href=\"https:\/\/naszatlocznia.pl\/wp-content\/uploads\/2023\/01\/Nasza-Tlocznia-Formularz-zwrotu-towaru-1.pdf\" class=\"wp-block-file__button wp-element-button\" download aria-describedby=\"wp-block-file--media-3de63507-db4c-4865-9d84-4e3c7b0a9994\">Lataa<\/a><\/div>\n\n\n\n<div data-wp-interactive=\"core\/file\" class=\"wp-block-file\"><object data-wp-bind--hidden=\"!state.hasPdfPreview\" hidden class=\"wp-block-file__embed\" data=\"https:\/\/naszatlocznia.pl\/wp-content\/uploads\/2023\/01\/Nasza-Tlocznia-Formularz-reklamacji-towaru-1.pdf\" type=\"application\/pdf\" style=\"width:100%;height:600px\" aria-label=\"Tiedoston Nasza-Tlocznia-Formularz-reklamacji-towaru-1 upotus.\"><\/object><a id=\"wp-block-file--media-609b336b-8a62-4671-a006-68f4eca3a8cf\" href=\"https:\/\/naszatlocznia.pl\/wp-content\/uploads\/2023\/01\/Nasza-Tlocznia-Formularz-reklamacji-towaru-1.pdf\">Nasza-P\u0142ocznia-Tuotevalituslomake-1<\/a><a href=\"https:\/\/naszatlocznia.pl\/wp-content\/uploads\/2023\/01\/Nasza-Tlocznia-Formularz-reklamacji-towaru-1.pdf\" class=\"wp-block-file__button wp-element-button\" download aria-describedby=\"wp-block-file--media-609b336b-8a62-4671-a006-68f4eca3a8cf\">Lataa<\/a><\/div>","protected":false},"excerpt":{"rendered":"<p>Szanowni Pa\u0144stwo, Je\u015bli Produkt zakupiony w&nbsp;Sklepie internetowym Nasza T\u0142ocznia nie spe\u0142nia Pa\u0144stwa oczekiwa\u0144 lub wyst\u0119puj\u0105 podstawy do jego reklamacji, mo\u017cliwy jest zwrot lub reklamacja Produktu w&nbsp;okre\u015blonym terminie. Zasady dokonywania zwrot\u00f3w, b\u0119d\u0105cych jednocze\u015bnie odst\u0105pieniem od zawartej Umowy oraz reklamacji, reguluje i&nbsp;okre\u015bla Regulamin Sklepu internetowego \u2013 paragrafy 10 i&nbsp;11. \u00a710&nbsp;Prawo odst\u0105pienia od Umowy \u00a711&nbsp;Reklamacja<\/p>","protected":false},"author":1,"featured_media":0,"parent":0,"menu_order":0,"comment_status":"closed","ping_status":"closed","template":"","meta":{"footnotes":""},"class_list":["post-33","page","type-page","status-publish","hentry"],"yoast_head":"<!-- This site is optimized with the Yoast SEO plugin v24.9 - https:\/\/yoast.com\/wordpress\/plugins\/seo\/ -->\n<title>Zwroty, reklamacje - nfc-juices<\/title>\n<meta name=\"robots\" content=\"index, follow, max-snippet:-1, max-image-preview:large, max-video-preview:-1\" \/>\n<link rel=\"canonical\" href=\"https:\/\/nfcjuices.com\/fi\/palautukset\/\" \/>\n<meta property=\"og:locale\" content=\"fi_FI\" \/>\n<meta property=\"og:type\" content=\"article\" \/>\n<meta property=\"og:title\" content=\"Zwroty, reklamacje - nfc-juices\" \/>\n<meta property=\"og:description\" content=\"Szanowni Pa\u0144stwo, Je\u015bli Produkt zakupiony w&nbsp;Sklepie internetowym Nasza T\u0142ocznia nie spe\u0142nia Pa\u0144stwa oczekiwa\u0144 lub wyst\u0119puj\u0105 podstawy do jego reklamacji, mo\u017cliwy jest zwrot lub reklamacja Produktu w&nbsp;okre\u015blonym terminie. Zasady dokonywania zwrot\u00f3w, b\u0119d\u0105cych jednocze\u015bnie odst\u0105pieniem od zawartej Umowy oraz reklamacji, reguluje i&nbsp;okre\u015bla Regulamin Sklepu internetowego \u2013 paragrafy 10 i&nbsp;11. \u00a710&nbsp;Prawo odst\u0105pienia od Umowy \u00a711&nbsp;Reklamacja\" \/>\n<meta property=\"og:url\" content=\"https:\/\/nfcjuices.com\/fi\/palautukset\/\" \/>\n<meta property=\"og:site_name\" content=\"nfc-juices\" \/>\n<meta property=\"article:modified_time\" content=\"2025-04-15T09:38:30+00:00\" \/>\n<meta name=\"twitter:card\" content=\"summary_large_image\" \/>\n<meta name=\"twitter:label1\" content=\"Arvioitu lukuaika\" \/>\n\t<meta name=\"twitter:data1\" content=\"3 minuuttia\" \/>\n<script type=\"application\/ld+json\" class=\"yoast-schema-graph\">{\"@context\":\"https:\/\/schema.org\",\"@graph\":[{\"@type\":\"WebPage\",\"@id\":\"https:\/\/nfcjuices.com\/zwroty\/\",\"url\":\"https:\/\/nfcjuices.com\/zwroty\/\",\"name\":\"Zwroty, reklamacje - nfc-juices\",\"isPartOf\":{\"@id\":\"https:\/\/nfcjuices.com\/#website\"},\"datePublished\":\"2025-04-15T09:38:29+00:00\",\"dateModified\":\"2025-04-15T09:38:30+00:00\",\"breadcrumb\":{\"@id\":\"https:\/\/nfcjuices.com\/zwroty\/#breadcrumb\"},\"inLanguage\":\"fi\",\"potentialAction\":[{\"@type\":\"ReadAction\",\"target\":[\"https:\/\/nfcjuices.com\/zwroty\/\"]}]},{\"@type\":\"BreadcrumbList\",\"@id\":\"https:\/\/nfcjuices.com\/zwroty\/#breadcrumb\",\"itemListElement\":[{\"@type\":\"ListItem\",\"position\":1,\"name\":\"Strona g\u0142\u00f3wna\",\"item\":\"https:\/\/nfcjuices.com\/\"},{\"@type\":\"ListItem\",\"position\":2,\"name\":\"Zwroty, reklamacje\"}]},{\"@type\":\"WebSite\",\"@id\":\"https:\/\/nfcjuices.com\/#website\",\"url\":\"https:\/\/nfcjuices.com\/\",\"name\":\"nfc-juices\",\"description\":\"Soki, przeciery, musy NFC w beczkach\",\"publisher\":{\"@id\":\"https:\/\/nfcjuices.com\/#organization\"},\"potentialAction\":[{\"@type\":\"SearchAction\",\"target\":{\"@type\":\"EntryPoint\",\"urlTemplate\":\"https:\/\/nfcjuices.com\/?s={search_term_string}\"},\"query-input\":{\"@type\":\"PropertyValueSpecification\",\"valueRequired\":true,\"valueName\":\"search_term_string\"}}],\"inLanguage\":\"fi\"},{\"@type\":\"Organization\",\"@id\":\"https:\/\/nfcjuices.com\/#organization\",\"name\":\"Nasza T\u0142ocznia\",\"url\":\"https:\/\/nfcjuices.com\/\",\"logo\":{\"@type\":\"ImageObject\",\"inLanguage\":\"fi\",\"@id\":\"https:\/\/nfcjuices.com\/#\/schema\/logo\/image\/\",\"url\":\"https:\/\/nfcjuices.com\/wp-content\/uploads\/2025\/05\/cropped-B2b-1.png\",\"contentUrl\":\"https:\/\/nfcjuices.com\/wp-content\/uploads\/2025\/05\/cropped-B2b-1.png\",\"width\":1199,\"height\":999,\"caption\":\"Nasza T\u0142ocznia\"},\"image\":{\"@id\":\"https:\/\/nfcjuices.com\/#\/schema\/logo\/image\/\"}}]}<\/script>\n<!-- \/ Yoast SEO plugin. -->","yoast_head_json":{"title":"Palautukset, valitukset - nfc-juices","robots":{"index":"index","follow":"follow","max-snippet":"max-snippet:-1","max-image-preview":"max-image-preview:large","max-video-preview":"max-video-preview:-1"},"canonical":"https:\/\/nfcjuices.com\/fi\/palautukset\/","og_locale":"fi_FI","og_type":"article","og_title":"Zwroty, reklamacje - nfc-juices","og_description":"Szanowni Pa\u0144stwo, Je\u015bli Produkt zakupiony w&nbsp;Sklepie internetowym Nasza T\u0142ocznia nie spe\u0142nia Pa\u0144stwa oczekiwa\u0144 lub wyst\u0119puj\u0105 podstawy do jego reklamacji, mo\u017cliwy jest zwrot lub reklamacja Produktu w&nbsp;okre\u015blonym terminie. Zasady dokonywania zwrot\u00f3w, b\u0119d\u0105cych jednocze\u015bnie odst\u0105pieniem od zawartej Umowy oraz reklamacji, reguluje i&nbsp;okre\u015bla Regulamin Sklepu internetowego \u2013 paragrafy 10 i&nbsp;11. \u00a710&nbsp;Prawo odst\u0105pienia od Umowy \u00a711&nbsp;Reklamacja","og_url":"https:\/\/nfcjuices.com\/fi\/palautukset\/","og_site_name":"nfc-juices","article_modified_time":"2025-04-15T09:38:30+00:00","twitter_card":"summary_large_image","twitter_misc":{"Arvioitu lukuaika":"3 minuuttia"},"schema":{"@context":"https:\/\/schema.org","@graph":[{"@type":"WebPage","@id":"https:\/\/nfcjuices.com\/zwroty\/","url":"https:\/\/nfcjuices.com\/zwroty\/","name":"Palautukset, valitukset - nfc-juices","isPartOf":{"@id":"https:\/\/nfcjuices.com\/#website"},"datePublished":"2025-04-15T09:38:29+00:00","dateModified":"2025-04-15T09:38:30+00:00","breadcrumb":{"@id":"https:\/\/nfcjuices.com\/zwroty\/#breadcrumb"},"inLanguage":"fi","potentialAction":[{"@type":"ReadAction","target":["https:\/\/nfcjuices.com\/zwroty\/"]}]},{"@type":"BreadcrumbList","@id":"https:\/\/nfcjuices.com\/zwroty\/#breadcrumb","itemListElement":[{"@type":"ListItem","position":1,"name":"Strona g\u0142\u00f3wna","item":"https:\/\/nfcjuices.com\/"},{"@type":"ListItem","position":2,"name":"Zwroty, reklamacje"}]},{"@type":"WebSite","@id":"https:\/\/nfcjuices.com\/#website","url":"https:\/\/nfcjuices.com\/","name":"nfc-mehut","description":"Mehut, soseet, NFC-vaahdot tynnyreiss\u00e4","publisher":{"@id":"https:\/\/nfcjuices.com\/#organization"},"potentialAction":[{"@type":"SearchAction","target":{"@type":"EntryPoint","urlTemplate":"https:\/\/nfcjuices.com\/?s={search_term_string}"},"query-input":{"@type":"PropertyValueSpecification","valueRequired":true,"valueName":"search_term_string"}}],"inLanguage":"fi"},{"@type":"Organization","@id":"https:\/\/nfcjuices.com\/#organization","name":"Puristuslaitoksemme","url":"https:\/\/nfcjuices.com\/","logo":{"@type":"ImageObject","inLanguage":"fi","@id":"https:\/\/nfcjuices.com\/#\/schema\/logo\/image\/","url":"https:\/\/nfcjuices.com\/wp-content\/uploads\/2025\/05\/cropped-B2b-1.png","contentUrl":"https:\/\/nfcjuices.com\/wp-content\/uploads\/2025\/05\/cropped-B2b-1.png","width":1199,"height":999,"caption":"Nasza T\u0142ocznia"},"image":{"@id":"https:\/\/nfcjuices.com\/#\/schema\/logo\/image\/"}}]}},"_links":{"self":[{"href":"https:\/\/nfcjuices.com\/fi\/wp-json\/wp\/v2\/pages\/33","targetHints":{"allow":["GET"]}}],"collection":[{"href":"https:\/\/nfcjuices.com\/fi\/wp-json\/wp\/v2\/pages"}],"about":[{"href":"https:\/\/nfcjuices.com\/fi\/wp-json\/wp\/v2\/types\/page"}],"author":[{"embeddable":true,"href":"https:\/\/nfcjuices.com\/fi\/wp-json\/wp\/v2\/users\/1"}],"replies":[{"embeddable":true,"href":"https:\/\/nfcjuices.com\/fi\/wp-json\/wp\/v2\/comments?post=33"}],"version-history":[{"count":1,"href":"https:\/\/nfcjuices.com\/fi\/wp-json\/wp\/v2\/pages\/33\/revisions"}],"predecessor-version":[{"id":957,"href":"https:\/\/nfcjuices.com\/fi\/wp-json\/wp\/v2\/pages\/33\/revisions\/957"}],"wp:attachment":[{"href":"https:\/\/nfcjuices.com\/fi\/wp-json\/wp\/v2\/media?parent=33"}],"curies":[{"name":"wp","href":"https:\/\/api.w.org\/{rel}","templated":true}]}}